{"id":317510,"date":"2018-09-05T13:44:55","date_gmt":"2018-09-05T10:44:55","guid":{"rendered":"https:\/\/sharks.ee\/vunder_2019\/lv\/product\/forma-no-lateksa-rayher\/"},"modified":"2018-09-05T13:44:55","modified_gmt":"2018-09-05T10:44:55","slug":"forma-no-lateksa-rayher","status":"publish","type":"product","link":"https:\/\/hobstop.ee\/lv\/produkts\/forma-no-lateksa-rayher\/","title":{"rendered":"Forma no lateksa Rayher"},"content":{"rendered":"<p>Iztir\u012bg\u0101 Rayher lateksa formai ar 3D efektu izmanto\u0161anai ar rado\u0161o cementu un \u0123ip\u0161a masu. T\u0101 k\u0101 t\u0101 ir izgatavota no lateksa, to var izmantot atk\u0101rtoti.<br \/>\nIzmanto\u0161ana: Piestipriniet formu atbilsto\u0161a izm\u0113ra tur\u0113t\u0101ja atver\u0113 vai stikla tvertn\u0113.  Piepildiet ar v\u0113lamo materi\u0101lu, nedaudz sakratiet l\u012bdz uz virsmas par\u0101d\u0101s gaisa burbu\u013ci un p\u0113c tam paz\u016bd. Pirms izme\u0161anas \u013caujiet lie\u0161anas materi\u0101lam no\u017e\u016bt un saciet\u0113t. Pirms kr\u0101so\u0161anas un dekor\u0113\u0161anas \u013caujiet piln\u012bb\u0101 no\u017e\u016bt.<\/p>\n","protected":false},"excerpt":{"rendered":"<p>Iztir\u012bg\u0101 Rayher lateksa formai ar 3D efektu izmanto\u0161anai ar rado\u0161o cementu un \u0123ip\u0161a masu. T\u0101 k\u0101 t\u0101 ir izgatavota no lateksa, to var izmantot atk\u0101rtoti. Izmanto\u0161ana: Piestipriniet formu atbilsto\u0161a izm\u0113ra tur\u0113t\u0101ja atver\u0113 vai stikla tvertn\u0113. Piepildiet ar v\u0113lamo materi\u0101lu, nedaudz sakratiet l\u012bdz uz virsmas par\u0101d\u0101s gaisa burbu\u013ci un p\u0113c tam paz\u016bd. Pirms izme\u0161anas \u013caujiet lie\u0161anas materi\u0101lam no\u017e\u016bt un saciet\u0113t. Pirms kr\u0101so\u0161anas un dekor\u0113\u0161anas \u013caujiet piln\u012bb\u0101 no\u017e\u016bt.<\/p>\n","protected":false},"featured_media":317803,"comment_status":"closed","ping_status":"closed","template":"","meta":{"_acf_changed":false,"ep_exclude_from_search":false},"product_cat":[20092,17918,20086],"product_tag":[],"class_list":{"0":"post-317510","1":"product","2":"type-product","3":"status-publish","4":"has-post-thumbnail","6":"product_cat-darbariki-5","7":"product_cat-preces-hobijiem","8":"product_cat-veidosanas-masas-un-piederumi-2","10":"first","11":"instock","12":"taxable","13":"shipping-taxable","14":"product-type-simple"},"acf":[],"yoast_head":"<!-- This site is optimized with the Yoast SEO plugin v24.1 - https:\/\/yoast.com\/wordpress\/plugins\/seo\/ -->\n<title>Forma no lateksa Rayher &#8211; Skizze<\/title>\n<meta name=\"robots\" content=\"noindex, follow, max-snippet:-1, max-image-preview:large, max-video-preview:-1\" \/>\n<meta property=\"og:locale\" content=\"lv_LV\" \/>\n<meta property=\"og:type\" content=\"article\" \/>\n<meta property=\"og:title\" content=\"Forma no lateksa Rayher &#8211; Skizze\" \/>\n<meta property=\"og:description\" content=\"Iztir\u012bg\u0101 Rayher lateksa formai ar 3D efektu izmanto\u0161anai ar rado\u0161o cementu un \u0123ip\u0161a masu. T\u0101 k\u0101 t\u0101 ir izgatavota no lateksa, to var izmantot atk\u0101rtoti. Izmanto\u0161ana: Piestipriniet formu atbilsto\u0161a izm\u0113ra tur\u0113t\u0101ja atver\u0113 vai stikla tvertn\u0113. Piepildiet ar v\u0113lamo materi\u0101lu, nedaudz sakratiet l\u012bdz uz virsmas par\u0101d\u0101s gaisa burbu\u013ci un p\u0113c tam paz\u016bd. Pirms izme\u0161anas \u013caujiet lie\u0161anas materi\u0101lam no\u017e\u016bt un saciet\u0113t. Pirms kr\u0101so\u0161anas un dekor\u0113\u0161anas \u013caujiet piln\u012bb\u0101 no\u017e\u016bt.\" \/>\n<meta property=\"og:url\" content=\"https:\/\/hobstop.ee\/lv\/produkts\/forma-no-lateksa-rayher\/\" \/>\n<meta property=\"og:site_name\" content=\"Skizze\" \/>\n<meta property=\"article:publisher\" content=\"http:\/\/www.facebook.com\/VunderSkizze\" \/>\n<meta property=\"og:image\" content=\"https:\/\/hobstop.ee\/media\/4926.jpg\" \/>\n\t<meta property=\"og:image:width\" content=\"1024\" \/>\n\t<meta property=\"og:image:height\" content=\"768\" \/>\n\t<meta property=\"og:image:type\" content=\"image\/jpeg\" \/>\n<meta name=\"twitter:card\" content=\"summary_large_image\" \/>\n<script type=\"application\/ld+json\" class=\"yoast-schema-graph\">{\"@context\":\"https:\/\/schema.org\",\"@graph\":[{\"@type\":\"WebPage\",\"@id\":\"https:\/\/hobstop.ee\/lv\/produkts\/forma-no-lateksa-rayher\/\",\"url\":\"https:\/\/hobstop.ee\/lv\/produkts\/forma-no-lateksa-rayher\/\",\"name\":\"Forma no lateksa Rayher &#8211; Skizze\",\"isPartOf\":{\"@id\":\"https:\/\/www.hobstop.ee\/lv\/#website\"},\"primaryImageOfPage\":{\"@id\":\"https:\/\/hobstop.ee\/lv\/produkts\/forma-no-lateksa-rayher\/#primaryimage\"},\"image\":{\"@id\":\"https:\/\/hobstop.ee\/lv\/produkts\/forma-no-lateksa-rayher\/#primaryimage\"},\"thumbnailUrl\":\"https:\/\/hobstop.ee\/media\/4926.jpg\",\"datePublished\":\"2018-09-05T10:44:55+00:00\",\"dateModified\":\"2018-09-05T10:44:55+00:00\",\"breadcrumb\":{\"@id\":\"https:\/\/hobstop.ee\/lv\/produkts\/forma-no-lateksa-rayher\/#breadcrumb\"},\"inLanguage\":\"lv-LV\",\"potentialAction\":[{\"@type\":\"ReadAction\",\"target\":[\"https:\/\/hobstop.ee\/lv\/produkts\/forma-no-lateksa-rayher\/\"]}]},{\"@type\":\"ImageObject\",\"inLanguage\":\"lv-LV\",\"@id\":\"https:\/\/hobstop.ee\/lv\/produkts\/forma-no-lateksa-rayher\/#primaryimage\",\"url\":\"https:\/\/hobstop.ee\/media\/4926.jpg\",\"contentUrl\":\"https:\/\/hobstop.ee\/media\/4926.jpg\",\"width\":1024,\"height\":768},{\"@type\":\"BreadcrumbList\",\"@id\":\"https:\/\/hobstop.ee\/lv\/produkts\/forma-no-lateksa-rayher\/#breadcrumb\",\"itemListElement\":[{\"@type\":\"ListItem\",\"position\":1,\"name\":\"Avaleht\",\"item\":\"https:\/\/www.hobstop.ee\/lv\/\"},{\"@type\":\"ListItem\",\"position\":2,\"name\":\"Veikals\",\"item\":\"https:\/\/www.hobstop.ee\/lv\/veikals\/\"},{\"@type\":\"ListItem\",\"position\":3,\"name\":\"Forma no lateksa Rayher\"}]},{\"@type\":\"WebSite\",\"@id\":\"https:\/\/www.hobstop.ee\/lv\/#website\",\"url\":\"https:\/\/www.hobstop.ee\/lv\/\",\"name\":\"Skizze\",\"description\":\"M\u0101kslas, hobiju un skolas preces\",\"publisher\":{\"@id\":\"https:\/\/www.hobstop.ee\/lv\/#organization\"},\"potentialAction\":[{\"@type\":\"SearchAction\",\"target\":{\"@type\":\"EntryPoint\",\"urlTemplate\":\"https:\/\/www.hobstop.ee\/lv\/?s={search_term_string}\"},\"query-input\":{\"@type\":\"PropertyValueSpecification\",\"valueRequired\":true,\"valueName\":\"search_term_string\"}}],\"inLanguage\":\"lv-LV\"},{\"@type\":\"Organization\",\"@id\":\"https:\/\/www.hobstop.ee\/lv\/#organization\",\"name\":\"Vunder AS\",\"url\":\"https:\/\/www.hobstop.ee\/lv\/\",\"logo\":{\"@type\":\"ImageObject\",\"inLanguage\":\"lv-LV\",\"@id\":\"https:\/\/www.hobstop.ee\/lv\/#\/schema\/logo\/image\/\",\"url\":\"https:\/\/hobstop.ee\/media\/vunder-logo.png\",\"contentUrl\":\"https:\/\/hobstop.ee\/media\/vunder-logo.png\",\"width\":127,\"height\":55,\"caption\":\"Vunder AS\"},\"image\":{\"@id\":\"https:\/\/www.hobstop.ee\/lv\/#\/schema\/logo\/image\/\"},\"sameAs\":[\"http:\/\/www.facebook.com\/VunderSkizze\"]}]}<\/script>\n<!-- \/ Yoast SEO plugin. -->","yoast_head_json":{"title":"Forma no lateksa Rayher &#8211; Skizze","robots":{"index":"noindex","follow":"follow","max-snippet":"max-snippet:-1","max-image-preview":"max-image-preview:large","max-video-preview":"max-video-preview:-1"},"og_locale":"lv_LV","og_type":"article","og_title":"Forma no lateksa Rayher &#8211; Skizze","og_description":"Iztir\u012bg\u0101 Rayher lateksa formai ar 3D efektu izmanto\u0161anai ar rado\u0161o cementu un \u0123ip\u0161a masu. T\u0101 k\u0101 t\u0101 ir izgatavota no lateksa, to var izmantot atk\u0101rtoti. Izmanto\u0161ana: Piestipriniet formu atbilsto\u0161a izm\u0113ra tur\u0113t\u0101ja atver\u0113 vai stikla tvertn\u0113. Piepildiet ar v\u0113lamo materi\u0101lu, nedaudz sakratiet l\u012bdz uz virsmas par\u0101d\u0101s gaisa burbu\u013ci un p\u0113c tam paz\u016bd. Pirms izme\u0161anas \u013caujiet lie\u0161anas materi\u0101lam no\u017e\u016bt un saciet\u0113t. Pirms kr\u0101so\u0161anas un dekor\u0113\u0161anas \u013caujiet piln\u012bb\u0101 no\u017e\u016bt.","og_url":"https:\/\/hobstop.ee\/lv\/produkts\/forma-no-lateksa-rayher\/","og_site_name":"Skizze","article_publisher":"http:\/\/www.facebook.com\/VunderSkizze","og_image":[{"width":1024,"height":768,"url":"https:\/\/hobstop.ee\/media\/4926.jpg","type":"image\/jpeg"}],"twitter_card":"summary_large_image","schema":{"@context":"https:\/\/schema.org","@graph":[{"@type":"WebPage","@id":"https:\/\/hobstop.ee\/lv\/produkts\/forma-no-lateksa-rayher\/","url":"https:\/\/hobstop.ee\/lv\/produkts\/forma-no-lateksa-rayher\/","name":"Forma no lateksa Rayher &#8211; Skizze","isPartOf":{"@id":"https:\/\/www.hobstop.ee\/lv\/#website"},"primaryImageOfPage":{"@id":"https:\/\/hobstop.ee\/lv\/produkts\/forma-no-lateksa-rayher\/#primaryimage"},"image":{"@id":"https:\/\/hobstop.ee\/lv\/produkts\/forma-no-lateksa-rayher\/#primaryimage"},"thumbnailUrl":"https:\/\/hobstop.ee\/media\/4926.jpg","datePublished":"2018-09-05T10:44:55+00:00","dateModified":"2018-09-05T10:44:55+00:00","breadcrumb":{"@id":"https:\/\/hobstop.ee\/lv\/produkts\/forma-no-lateksa-rayher\/#breadcrumb"},"inLanguage":"lv-LV","potentialAction":[{"@type":"ReadAction","target":["https:\/\/hobstop.ee\/lv\/produkts\/forma-no-lateksa-rayher\/"]}]},{"@type":"ImageObject","inLanguage":"lv-LV","@id":"https:\/\/hobstop.ee\/lv\/produkts\/forma-no-lateksa-rayher\/#primaryimage","url":"https:\/\/hobstop.ee\/media\/4926.jpg","contentUrl":"https:\/\/hobstop.ee\/media\/4926.jpg","width":1024,"height":768},{"@type":"BreadcrumbList","@id":"https:\/\/hobstop.ee\/lv\/produkts\/forma-no-lateksa-rayher\/#breadcrumb","itemListElement":[{"@type":"ListItem","position":1,"name":"Avaleht","item":"https:\/\/www.hobstop.ee\/lv\/"},{"@type":"ListItem","position":2,"name":"Veikals","item":"https:\/\/www.hobstop.ee\/lv\/veikals\/"},{"@type":"ListItem","position":3,"name":"Forma no lateksa Rayher"}]},{"@type":"WebSite","@id":"https:\/\/www.hobstop.ee\/lv\/#website","url":"https:\/\/www.hobstop.ee\/lv\/","name":"Skizze","description":"M\u0101kslas, hobiju un skolas preces","publisher":{"@id":"https:\/\/www.hobstop.ee\/lv\/#organization"},"potentialAction":[{"@type":"SearchAction","target":{"@type":"EntryPoint","urlTemplate":"https:\/\/www.hobstop.ee\/lv\/?s={search_term_string}"},"query-input":{"@type":"PropertyValueSpecification","valueRequired":true,"valueName":"search_term_string"}}],"inLanguage":"lv-LV"},{"@type":"Organization","@id":"https:\/\/www.hobstop.ee\/lv\/#organization","name":"Vunder AS","url":"https:\/\/www.hobstop.ee\/lv\/","logo":{"@type":"ImageObject","inLanguage":"lv-LV","@id":"https:\/\/www.hobstop.ee\/lv\/#\/schema\/logo\/image\/","url":"https:\/\/hobstop.ee\/media\/vunder-logo.png","contentUrl":"https:\/\/hobstop.ee\/media\/vunder-logo.png","width":127,"height":55,"caption":"Vunder AS"},"image":{"@id":"https:\/\/www.hobstop.ee\/lv\/#\/schema\/logo\/image\/"},"sameAs":["http:\/\/www.facebook.com\/VunderSkizze"]}]}},"_links":{"self":[{"href":"https:\/\/hobstop.ee\/lv\/wp-json\/wp\/v2\/product\/317510","targetHints":{"allow":["GET"]}}],"collection":[{"href":"https:\/\/hobstop.ee\/lv\/wp-json\/wp\/v2\/product"}],"about":[{"href":"https:\/\/hobstop.ee\/lv\/wp-json\/wp\/v2\/types\/product"}],"replies":[{"embeddable":true,"href":"https:\/\/hobstop.ee\/lv\/wp-json\/wp\/v2\/comments?post=317510"}],"wp:featuredmedia":[{"embeddable":true,"href":"https:\/\/hobstop.ee\/lv\/wp-json\/wp\/v2\/media\/317803"}],"wp:attachment":[{"href":"https:\/\/hobstop.ee\/lv\/wp-json\/wp\/v2\/media?parent=317510"}],"wp:term":[{"taxonomy":"product_cat","embeddable":true,"href":"https:\/\/hobstop.ee\/lv\/wp-json\/wp\/v2\/product_cat?post=317510"},{"taxonomy":"product_tag","embeddable":true,"href":"https:\/\/hobstop.ee\/lv\/wp-json\/wp\/v2\/product_tag?post=317510"}],"curies":[{"name":"wp","href":"https:\/\/api.w.org\/{rel}","templated":true}]}}