{"id":317514,"date":"2018-09-05T13:44:56","date_gmt":"2018-09-05T10:44:56","guid":{"rendered":"https:\/\/sharks.ee\/vunder_2019\/lv\/product\/plastmamas-kuku-paplate-ar-kaju-rayher-ar-vaku\/"},"modified":"2018-09-05T13:44:56","modified_gmt":"2018-09-05T10:44:56","slug":"plastmamas-kuku-paplate-ar-kaju-rayher-ar-vaku","status":"publish","type":"product","link":"https:\/\/hobstop.ee\/lv\/produkts\/plastmamas-kuku-paplate-ar-kaju-rayher-ar-vaku\/","title":{"rendered":"Plastmamas k\u016bku papl\u0101te ar k\u0101ju Rayher ar v\u0101ku"},"content":{"rendered":"<p>J\u016bs m\u012bl\u0113siet \u0161o burv\u012bgo smalkmaiz\u012b\u0161u papl\u0101ti, kas izgatavota no p\u0101rtikai nekait\u012bgas plastmasas! To var izmantot ne tikai pralin\u0113 vai smalkmaiz\u012bt\u0113m, saglab\u0101jot t\u0101s svaigas svin\u012bbu laik\u0101, bet ar\u012b k\u0101 lielisku dekorat\u012bvo elementu vai delikates\u0113m vai mini ziep\u012bt\u0113m, kas izmantotas k\u0101 d\u0101vanas j\u016bsu viesiem. Izmantojiet nebeidzam\u0101s dekorat\u012bv\u0101s iesp\u0113jas, \u013caujoties savai rado\u0161ai pasaulei izpausties, atkar\u012bb\u0101 no sezonas!<\/p>\n","protected":false},"excerpt":{"rendered":"<p>J\u016bs m\u012bl\u0113siet \u0161o burv\u012bgo smalkmaiz\u012b\u0161u papl\u0101ti, kas izgatavota no p\u0101rtikai nekait\u012bgas plastmasas! To var izmantot ne tikai pralin\u0113 vai smalkmaiz\u012bt\u0113m, saglab\u0101jot t\u0101s svaigas svin\u012bbu laik\u0101, bet ar\u012b k\u0101 lielisku dekorat\u012bvo elementu vai delikates\u0113m vai mini ziep\u012bt\u0113m, kas izmantotas k\u0101 d\u0101vanas j\u016bsu viesiem. Izmantojiet nebeidzam\u0101s dekorat\u012bv\u0101s iesp\u0113jas, \u013caujoties savai rado\u0161ai pasaulei izpausties, atkar\u012bb\u0101 no sezonas!<\/p>\n","protected":false},"featured_media":317807,"comment_status":"closed","ping_status":"closed","template":"","meta":{"_acf_changed":false,"ep_exclude_from_search":false},"product_cat":[17968,18982,17918],"product_tag":[],"class_list":{"0":"post-317514","1":"product","2":"type-product","3":"status-publish","4":"has-post-thumbnail","6":"product_cat-citi-piederumi","7":"product_cat-dazadi-23","8":"product_cat-preces-hobijiem","10":"first","11":"instock","12":"taxable","13":"shipping-taxable","14":"purchasable","15":"product-type-simple"},"acf":[],"yoast_head":"<!-- This site is optimized with the Yoast SEO plugin v24.1 - https:\/\/yoast.com\/wordpress\/plugins\/seo\/ -->\n<title>Plastmamas k\u016bku papl\u0101te ar k\u0101ju Rayher ar v\u0101ku &#8211; Skizze<\/title>\n<meta name=\"robots\" content=\"noindex, follow, max-snippet:-1, max-image-preview:large, max-video-preview:-1\" \/>\n<meta property=\"og:locale\" content=\"lv_LV\" \/>\n<meta property=\"og:type\" content=\"article\" \/>\n<meta property=\"og:title\" content=\"Plastmamas k\u016bku papl\u0101te ar k\u0101ju Rayher ar v\u0101ku &#8211; Skizze\" \/>\n<meta property=\"og:description\" content=\"J\u016bs m\u012bl\u0113siet \u0161o burv\u012bgo smalkmaiz\u012b\u0161u papl\u0101ti, kas izgatavota no p\u0101rtikai nekait\u012bgas plastmasas! To var izmantot ne tikai pralin\u0113 vai smalkmaiz\u012bt\u0113m, saglab\u0101jot t\u0101s svaigas svin\u012bbu laik\u0101, bet ar\u012b k\u0101 lielisku dekorat\u012bvo elementu vai delikates\u0113m vai mini ziep\u012bt\u0113m, kas izmantotas k\u0101 d\u0101vanas j\u016bsu viesiem. Izmantojiet nebeidzam\u0101s dekorat\u012bv\u0101s iesp\u0113jas, \u013caujoties savai rado\u0161ai pasaulei izpausties, atkar\u012bb\u0101 no sezonas!\" \/>\n<meta property=\"og:url\" content=\"https:\/\/hobstop.ee\/lv\/produkts\/plastmamas-kuku-paplate-ar-kaju-rayher-ar-vaku\/\" \/>\n<meta property=\"og:site_name\" content=\"Skizze\" \/>\n<meta property=\"article:publisher\" content=\"http:\/\/www.facebook.com\/VunderSkizze\" \/>\n<meta property=\"og:image\" content=\"https:\/\/hobstop.ee\/media\/4927.jpg\" \/>\n\t<meta property=\"og:image:width\" content=\"1024\" \/>\n\t<meta property=\"og:image:height\" content=\"768\" \/>\n\t<meta property=\"og:image:type\" content=\"image\/jpeg\" \/>\n<meta name=\"twitter:card\" content=\"summary_large_image\" \/>\n<script type=\"application\/ld+json\" class=\"yoast-schema-graph\">{\"@context\":\"https:\/\/schema.org\",\"@graph\":[{\"@type\":\"WebPage\",\"@id\":\"https:\/\/hobstop.ee\/lv\/produkts\/plastmamas-kuku-paplate-ar-kaju-rayher-ar-vaku\/\",\"url\":\"https:\/\/hobstop.ee\/lv\/produkts\/plastmamas-kuku-paplate-ar-kaju-rayher-ar-vaku\/\",\"name\":\"Plastmamas k\u016bku papl\u0101te ar k\u0101ju Rayher ar v\u0101ku &#8211; Skizze\",\"isPartOf\":{\"@id\":\"https:\/\/www.hobstop.ee\/lv\/#website\"},\"primaryImageOfPage\":{\"@id\":\"https:\/\/hobstop.ee\/lv\/produkts\/plastmamas-kuku-paplate-ar-kaju-rayher-ar-vaku\/#primaryimage\"},\"image\":{\"@id\":\"https:\/\/hobstop.ee\/lv\/produkts\/plastmamas-kuku-paplate-ar-kaju-rayher-ar-vaku\/#primaryimage\"},\"thumbnailUrl\":\"https:\/\/hobstop.ee\/media\/4927.jpg\",\"datePublished\":\"2018-09-05T10:44:56+00:00\",\"dateModified\":\"2018-09-05T10:44:56+00:00\",\"breadcrumb\":{\"@id\":\"https:\/\/hobstop.ee\/lv\/produkts\/plastmamas-kuku-paplate-ar-kaju-rayher-ar-vaku\/#breadcrumb\"},\"inLanguage\":\"lv-LV\",\"potentialAction\":[{\"@type\":\"ReadAction\",\"target\":[\"https:\/\/hobstop.ee\/lv\/produkts\/plastmamas-kuku-paplate-ar-kaju-rayher-ar-vaku\/\"]}]},{\"@type\":\"ImageObject\",\"inLanguage\":\"lv-LV\",\"@id\":\"https:\/\/hobstop.ee\/lv\/produkts\/plastmamas-kuku-paplate-ar-kaju-rayher-ar-vaku\/#primaryimage\",\"url\":\"https:\/\/hobstop.ee\/media\/4927.jpg\",\"contentUrl\":\"https:\/\/hobstop.ee\/media\/4927.jpg\",\"width\":1024,\"height\":768},{\"@type\":\"BreadcrumbList\",\"@id\":\"https:\/\/hobstop.ee\/lv\/produkts\/plastmamas-kuku-paplate-ar-kaju-rayher-ar-vaku\/#breadcrumb\",\"itemListElement\":[{\"@type\":\"ListItem\",\"position\":1,\"name\":\"Avaleht\",\"item\":\"https:\/\/www.hobstop.ee\/lv\/\"},{\"@type\":\"ListItem\",\"position\":2,\"name\":\"Veikals\",\"item\":\"https:\/\/www.hobstop.ee\/lv\/veikals\/\"},{\"@type\":\"ListItem\",\"position\":3,\"name\":\"Plastmamas k\u016bku papl\u0101te ar k\u0101ju Rayher ar v\u0101ku\"}]},{\"@type\":\"WebSite\",\"@id\":\"https:\/\/www.hobstop.ee\/lv\/#website\",\"url\":\"https:\/\/www.hobstop.ee\/lv\/\",\"name\":\"Skizze\",\"description\":\"M\u0101kslas, hobiju un skolas preces\",\"publisher\":{\"@id\":\"https:\/\/www.hobstop.ee\/lv\/#organization\"},\"potentialAction\":[{\"@type\":\"SearchAction\",\"target\":{\"@type\":\"EntryPoint\",\"urlTemplate\":\"https:\/\/www.hobstop.ee\/lv\/?s={search_term_string}\"},\"query-input\":{\"@type\":\"PropertyValueSpecification\",\"valueRequired\":true,\"valueName\":\"search_term_string\"}}],\"inLanguage\":\"lv-LV\"},{\"@type\":\"Organization\",\"@id\":\"https:\/\/www.hobstop.ee\/lv\/#organization\",\"name\":\"Vunder AS\",\"url\":\"https:\/\/www.hobstop.ee\/lv\/\",\"logo\":{\"@type\":\"ImageObject\",\"inLanguage\":\"lv-LV\",\"@id\":\"https:\/\/www.hobstop.ee\/lv\/#\/schema\/logo\/image\/\",\"url\":\"https:\/\/hobstop.ee\/media\/vunder-logo.png\",\"contentUrl\":\"https:\/\/hobstop.ee\/media\/vunder-logo.png\",\"width\":127,\"height\":55,\"caption\":\"Vunder AS\"},\"image\":{\"@id\":\"https:\/\/www.hobstop.ee\/lv\/#\/schema\/logo\/image\/\"},\"sameAs\":[\"http:\/\/www.facebook.com\/VunderSkizze\"]}]}<\/script>\n<!-- \/ Yoast SEO plugin. -->","yoast_head_json":{"title":"Plastmamas k\u016bku papl\u0101te ar k\u0101ju Rayher ar v\u0101ku &#8211; Skizze","robots":{"index":"noindex","follow":"follow","max-snippet":"max-snippet:-1","max-image-preview":"max-image-preview:large","max-video-preview":"max-video-preview:-1"},"og_locale":"lv_LV","og_type":"article","og_title":"Plastmamas k\u016bku papl\u0101te ar k\u0101ju Rayher ar v\u0101ku &#8211; Skizze","og_description":"J\u016bs m\u012bl\u0113siet \u0161o burv\u012bgo smalkmaiz\u012b\u0161u papl\u0101ti, kas izgatavota no p\u0101rtikai nekait\u012bgas plastmasas! To var izmantot ne tikai pralin\u0113 vai smalkmaiz\u012bt\u0113m, saglab\u0101jot t\u0101s svaigas svin\u012bbu laik\u0101, bet ar\u012b k\u0101 lielisku dekorat\u012bvo elementu vai delikates\u0113m vai mini ziep\u012bt\u0113m, kas izmantotas k\u0101 d\u0101vanas j\u016bsu viesiem. Izmantojiet nebeidzam\u0101s dekorat\u012bv\u0101s iesp\u0113jas, \u013caujoties savai rado\u0161ai pasaulei izpausties, atkar\u012bb\u0101 no sezonas!","og_url":"https:\/\/hobstop.ee\/lv\/produkts\/plastmamas-kuku-paplate-ar-kaju-rayher-ar-vaku\/","og_site_name":"Skizze","article_publisher":"http:\/\/www.facebook.com\/VunderSkizze","og_image":[{"width":1024,"height":768,"url":"https:\/\/hobstop.ee\/media\/4927.jpg","type":"image\/jpeg"}],"twitter_card":"summary_large_image","schema":{"@context":"https:\/\/schema.org","@graph":[{"@type":"WebPage","@id":"https:\/\/hobstop.ee\/lv\/produkts\/plastmamas-kuku-paplate-ar-kaju-rayher-ar-vaku\/","url":"https:\/\/hobstop.ee\/lv\/produkts\/plastmamas-kuku-paplate-ar-kaju-rayher-ar-vaku\/","name":"Plastmamas k\u016bku papl\u0101te ar k\u0101ju Rayher ar v\u0101ku &#8211; Skizze","isPartOf":{"@id":"https:\/\/www.hobstop.ee\/lv\/#website"},"primaryImageOfPage":{"@id":"https:\/\/hobstop.ee\/lv\/produkts\/plastmamas-kuku-paplate-ar-kaju-rayher-ar-vaku\/#primaryimage"},"image":{"@id":"https:\/\/hobstop.ee\/lv\/produkts\/plastmamas-kuku-paplate-ar-kaju-rayher-ar-vaku\/#primaryimage"},"thumbnailUrl":"https:\/\/hobstop.ee\/media\/4927.jpg","datePublished":"2018-09-05T10:44:56+00:00","dateModified":"2018-09-05T10:44:56+00:00","breadcrumb":{"@id":"https:\/\/hobstop.ee\/lv\/produkts\/plastmamas-kuku-paplate-ar-kaju-rayher-ar-vaku\/#breadcrumb"},"inLanguage":"lv-LV","potentialAction":[{"@type":"ReadAction","target":["https:\/\/hobstop.ee\/lv\/produkts\/plastmamas-kuku-paplate-ar-kaju-rayher-ar-vaku\/"]}]},{"@type":"ImageObject","inLanguage":"lv-LV","@id":"https:\/\/hobstop.ee\/lv\/produkts\/plastmamas-kuku-paplate-ar-kaju-rayher-ar-vaku\/#primaryimage","url":"https:\/\/hobstop.ee\/media\/4927.jpg","contentUrl":"https:\/\/hobstop.ee\/media\/4927.jpg","width":1024,"height":768},{"@type":"BreadcrumbList","@id":"https:\/\/hobstop.ee\/lv\/produkts\/plastmamas-kuku-paplate-ar-kaju-rayher-ar-vaku\/#breadcrumb","itemListElement":[{"@type":"ListItem","position":1,"name":"Avaleht","item":"https:\/\/www.hobstop.ee\/lv\/"},{"@type":"ListItem","position":2,"name":"Veikals","item":"https:\/\/www.hobstop.ee\/lv\/veikals\/"},{"@type":"ListItem","position":3,"name":"Plastmamas k\u016bku papl\u0101te ar k\u0101ju Rayher ar v\u0101ku"}]},{"@type":"WebSite","@id":"https:\/\/www.hobstop.ee\/lv\/#website","url":"https:\/\/www.hobstop.ee\/lv\/","name":"Skizze","description":"M\u0101kslas, hobiju un skolas preces","publisher":{"@id":"https:\/\/www.hobstop.ee\/lv\/#organization"},"potentialAction":[{"@type":"SearchAction","target":{"@type":"EntryPoint","urlTemplate":"https:\/\/www.hobstop.ee\/lv\/?s={search_term_string}"},"query-input":{"@type":"PropertyValueSpecification","valueRequired":true,"valueName":"search_term_string"}}],"inLanguage":"lv-LV"},{"@type":"Organization","@id":"https:\/\/www.hobstop.ee\/lv\/#organization","name":"Vunder AS","url":"https:\/\/www.hobstop.ee\/lv\/","logo":{"@type":"ImageObject","inLanguage":"lv-LV","@id":"https:\/\/www.hobstop.ee\/lv\/#\/schema\/logo\/image\/","url":"https:\/\/hobstop.ee\/media\/vunder-logo.png","contentUrl":"https:\/\/hobstop.ee\/media\/vunder-logo.png","width":127,"height":55,"caption":"Vunder AS"},"image":{"@id":"https:\/\/www.hobstop.ee\/lv\/#\/schema\/logo\/image\/"},"sameAs":["http:\/\/www.facebook.com\/VunderSkizze"]}]}},"_links":{"self":[{"href":"https:\/\/hobstop.ee\/lv\/wp-json\/wp\/v2\/product\/317514","targetHints":{"allow":["GET"]}}],"collection":[{"href":"https:\/\/hobstop.ee\/lv\/wp-json\/wp\/v2\/product"}],"about":[{"href":"https:\/\/hobstop.ee\/lv\/wp-json\/wp\/v2\/types\/product"}],"replies":[{"embeddable":true,"href":"https:\/\/hobstop.ee\/lv\/wp-json\/wp\/v2\/comments?post=317514"}],"wp:featuredmedia":[{"embeddable":true,"href":"https:\/\/hobstop.ee\/lv\/wp-json\/wp\/v2\/media\/317807"}],"wp:attachment":[{"href":"https:\/\/hobstop.ee\/lv\/wp-json\/wp\/v2\/media?parent=317514"}],"wp:term":[{"taxonomy":"product_cat","embeddable":true,"href":"https:\/\/hobstop.ee\/lv\/wp-json\/wp\/v2\/product_cat?post=317514"},{"taxonomy":"product_tag","embeddable":true,"href":"https:\/\/hobstop.ee\/lv\/wp-json\/wp\/v2\/product_tag?post=317514"}],"curies":[{"name":"wp","href":"https:\/\/api.w.org\/{rel}","templated":true}]}}