{"id":317518,"date":"2018-09-05T13:44:57","date_gmt":"2018-09-05T10:44:57","guid":{"rendered":"https:\/\/sharks.ee\/vunder_2019\/lv\/product\/3d-koka-figurina-rayher-gaismas-kaste\/"},"modified":"2018-09-05T13:44:57","modified_gmt":"2018-09-05T10:44:57","slug":"3d-koka-figurina-gaismas-kaste-rayher","status":"publish","type":"product","link":"https:\/\/hobstop.ee\/lv\/produkts\/3d-koka-figurina-gaismas-kaste-rayher\/","title":{"rendered":"3D koka fig\u016bri\u0146a-gaismas kaste Rayher"},"content":{"rendered":"<p>J\u016bsu st\u0101sts &#8211; \u012bpa\u0161\u0101 kast\u0113! Rayher 3D gaismas kaste &#8211; t\u0101 ir lieliska iesp\u0113ja rad\u012bt vizu\u0101los efektus, kas izstaro mieru un harmoniju, k\u0101 ar\u012b rada m\u0101j\u012bgu atmosf\u0113ru tum\u0161aj\u0101 gadalaik\u0101. Var izmantot da\u017e\u0101dos veidos, s\u0101kot no dabiskiem r\u0101mjiem, efektu folij\u0101m, smalku pasaku apgaismojumu, kr\u0101s\u0101m, l\u012bdz pat detaliz\u0113tiem dekorat\u012bviem elementiem un mirdzo\u0161iem rot\u0101jumiem.<\/p>\n","protected":false},"excerpt":{"rendered":"<p>J\u016bsu st\u0101sts &#8211; \u012bpa\u0161\u0101 kast\u0113! Rayher 3D gaismas kaste &#8211; t\u0101 ir lieliska iesp\u0113ja rad\u012bt vizu\u0101los efektus, kas izstaro mieru un harmoniju, k\u0101 ar\u012b rada m\u0101j\u012bgu atmosf\u0113ru tum\u0161aj\u0101 gadalaik\u0101. Var izmantot da\u017e\u0101dos veidos, s\u0101kot no dabiskiem r\u0101mjiem, efektu folij\u0101m, smalku pasaku apgaismojumu, kr\u0101s\u0101m, l\u012bdz pat detaliz\u0113tiem dekorat\u012bviem elementiem un mirdzo\u0161iem rot\u0101jumiem.<\/p>\n","protected":false},"featured_media":317811,"comment_status":"closed","ping_status":"closed","template":"","meta":{"_acf_changed":false,"ep_exclude_from_search":false},"product_cat":[20155,17918,17971],"product_tag":[],"class_list":{"0":"post-317518","1":"product","2":"type-product","3":"status-publish","4":"has-post-thumbnail","6":"product_cat-koka","7":"product_cat-preces-hobijiem","8":"product_cat-sagataves","10":"first","11":"instock","12":"taxable","13":"shipping-taxable","14":"purchasable","15":"product-type-simple"},"acf":[],"yoast_head":"<!-- This site is optimized with the Yoast SEO plugin v24.1 - https:\/\/yoast.com\/wordpress\/plugins\/seo\/ -->\n<title>3D koka fig\u016bri\u0146a-gaismas kaste Rayher &#8211; Skizze<\/title>\n<meta name=\"robots\" content=\"noindex, follow, max-snippet:-1, max-image-preview:large, max-video-preview:-1\" \/>\n<meta property=\"og:locale\" content=\"lv_LV\" \/>\n<meta property=\"og:type\" content=\"article\" \/>\n<meta property=\"og:title\" content=\"3D koka fig\u016bri\u0146a-gaismas kaste Rayher &#8211; Skizze\" \/>\n<meta property=\"og:description\" content=\"J\u016bsu st\u0101sts &#8211; \u012bpa\u0161\u0101 kast\u0113! Rayher 3D gaismas kaste &#8211; t\u0101 ir lieliska iesp\u0113ja rad\u012bt vizu\u0101los efektus, kas izstaro mieru un harmoniju, k\u0101 ar\u012b rada m\u0101j\u012bgu atmosf\u0113ru tum\u0161aj\u0101 gadalaik\u0101. Var izmantot da\u017e\u0101dos veidos, s\u0101kot no dabiskiem r\u0101mjiem, efektu folij\u0101m, smalku pasaku apgaismojumu, kr\u0101s\u0101m, l\u012bdz pat detaliz\u0113tiem dekorat\u012bviem elementiem un mirdzo\u0161iem rot\u0101jumiem.\" \/>\n<meta property=\"og:url\" content=\"https:\/\/hobstop.ee\/lv\/produkts\/3d-koka-figurina-gaismas-kaste-rayher\/\" \/>\n<meta property=\"og:site_name\" content=\"Skizze\" \/>\n<meta property=\"article:publisher\" content=\"http:\/\/www.facebook.com\/VunderSkizze\" \/>\n<meta property=\"og:image\" content=\"https:\/\/www.hobstop.ee\/media\/4932.jpg\" \/>\n\t<meta property=\"og:image:width\" content=\"1024\" \/>\n\t<meta property=\"og:image:height\" content=\"768\" \/>\n\t<meta property=\"og:image:type\" content=\"image\/jpeg\" \/>\n<meta name=\"twitter:card\" content=\"summary_large_image\" \/>\n<script type=\"application\/ld+json\" class=\"yoast-schema-graph\">{\"@context\":\"https:\/\/schema.org\",\"@graph\":[{\"@type\":\"WebPage\",\"@id\":\"https:\/\/hobstop.ee\/lv\/produkts\/3d-koka-figurina-gaismas-kaste-rayher\/\",\"url\":\"https:\/\/hobstop.ee\/lv\/produkts\/3d-koka-figurina-gaismas-kaste-rayher\/\",\"name\":\"3D koka fig\u016bri\u0146a-gaismas kaste Rayher &#8211; Skizze\",\"isPartOf\":{\"@id\":\"https:\/\/hobstop.ee\/lv\/#website\"},\"primaryImageOfPage\":{\"@id\":\"https:\/\/hobstop.ee\/lv\/produkts\/3d-koka-figurina-gaismas-kaste-rayher\/#primaryimage\"},\"image\":{\"@id\":\"https:\/\/hobstop.ee\/lv\/produkts\/3d-koka-figurina-gaismas-kaste-rayher\/#primaryimage\"},\"thumbnailUrl\":\"https:\/\/hobstop.ee\/media\/4932.jpg\",\"datePublished\":\"2018-09-05T10:44:57+00:00\",\"dateModified\":\"2018-09-05T10:44:57+00:00\",\"breadcrumb\":{\"@id\":\"https:\/\/hobstop.ee\/lv\/produkts\/3d-koka-figurina-gaismas-kaste-rayher\/#breadcrumb\"},\"inLanguage\":\"lv-LV\",\"potentialAction\":[{\"@type\":\"ReadAction\",\"target\":[\"https:\/\/hobstop.ee\/lv\/produkts\/3d-koka-figurina-gaismas-kaste-rayher\/\"]}]},{\"@type\":\"ImageObject\",\"inLanguage\":\"lv-LV\",\"@id\":\"https:\/\/hobstop.ee\/lv\/produkts\/3d-koka-figurina-gaismas-kaste-rayher\/#primaryimage\",\"url\":\"https:\/\/hobstop.ee\/media\/4932.jpg\",\"contentUrl\":\"https:\/\/hobstop.ee\/media\/4932.jpg\",\"width\":1024,\"height\":768},{\"@type\":\"BreadcrumbList\",\"@id\":\"https:\/\/hobstop.ee\/lv\/produkts\/3d-koka-figurina-gaismas-kaste-rayher\/#breadcrumb\",\"itemListElement\":[{\"@type\":\"ListItem\",\"position\":1,\"name\":\"Avaleht\",\"item\":\"https:\/\/www.hobstop.ee\/lv\/\"},{\"@type\":\"ListItem\",\"position\":2,\"name\":\"Veikals\",\"item\":\"https:\/\/www.hobstop.ee\/lv\/veikals\/\"},{\"@type\":\"ListItem\",\"position\":3,\"name\":\"3D koka fig\u016bri\u0146a-gaismas kaste Rayher\"}]},{\"@type\":\"WebSite\",\"@id\":\"https:\/\/hobstop.ee\/lv\/#website\",\"url\":\"https:\/\/hobstop.ee\/lv\/\",\"name\":\"Skizze\",\"description\":\"M\u0101kslas, hobiju un skolas preces\",\"publisher\":{\"@id\":\"https:\/\/hobstop.ee\/lv\/#organization\"},\"potentialAction\":[{\"@type\":\"SearchAction\",\"target\":{\"@type\":\"EntryPoint\",\"urlTemplate\":\"https:\/\/hobstop.ee\/lv\/?s={search_term_string}\"},\"query-input\":{\"@type\":\"PropertyValueSpecification\",\"valueRequired\":true,\"valueName\":\"search_term_string\"}}],\"inLanguage\":\"lv-LV\"},{\"@type\":\"Organization\",\"@id\":\"https:\/\/hobstop.ee\/lv\/#organization\",\"name\":\"Vunder AS\",\"url\":\"https:\/\/hobstop.ee\/lv\/\",\"logo\":{\"@type\":\"ImageObject\",\"inLanguage\":\"lv-LV\",\"@id\":\"https:\/\/hobstop.ee\/lv\/#\/schema\/logo\/image\/\",\"url\":\"https:\/\/hobstop.ee\/media\/vunder-logo.png\",\"contentUrl\":\"https:\/\/hobstop.ee\/media\/vunder-logo.png\",\"width\":127,\"height\":55,\"caption\":\"Vunder AS\"},\"image\":{\"@id\":\"https:\/\/hobstop.ee\/lv\/#\/schema\/logo\/image\/\"},\"sameAs\":[\"http:\/\/www.facebook.com\/VunderSkizze\"]}]}<\/script>\n<!-- \/ Yoast SEO plugin. -->","yoast_head_json":{"title":"3D koka fig\u016bri\u0146a-gaismas kaste Rayher &#8211; Skizze","robots":{"index":"noindex","follow":"follow","max-snippet":"max-snippet:-1","max-image-preview":"max-image-preview:large","max-video-preview":"max-video-preview:-1"},"og_locale":"lv_LV","og_type":"article","og_title":"3D koka fig\u016bri\u0146a-gaismas kaste Rayher &#8211; Skizze","og_description":"J\u016bsu st\u0101sts &#8211; \u012bpa\u0161\u0101 kast\u0113! Rayher 3D gaismas kaste &#8211; t\u0101 ir lieliska iesp\u0113ja rad\u012bt vizu\u0101los efektus, kas izstaro mieru un harmoniju, k\u0101 ar\u012b rada m\u0101j\u012bgu atmosf\u0113ru tum\u0161aj\u0101 gadalaik\u0101. Var izmantot da\u017e\u0101dos veidos, s\u0101kot no dabiskiem r\u0101mjiem, efektu folij\u0101m, smalku pasaku apgaismojumu, kr\u0101s\u0101m, l\u012bdz pat detaliz\u0113tiem dekorat\u012bviem elementiem un mirdzo\u0161iem rot\u0101jumiem.","og_url":"https:\/\/hobstop.ee\/lv\/produkts\/3d-koka-figurina-gaismas-kaste-rayher\/","og_site_name":"Skizze","article_publisher":"http:\/\/www.facebook.com\/VunderSkizze","og_image":[{"width":1024,"height":768,"url":"https:\/\/www.hobstop.ee\/media\/4932.jpg","type":"image\/jpeg"}],"twitter_card":"summary_large_image","schema":{"@context":"https:\/\/schema.org","@graph":[{"@type":"WebPage","@id":"https:\/\/hobstop.ee\/lv\/produkts\/3d-koka-figurina-gaismas-kaste-rayher\/","url":"https:\/\/hobstop.ee\/lv\/produkts\/3d-koka-figurina-gaismas-kaste-rayher\/","name":"3D koka fig\u016bri\u0146a-gaismas kaste Rayher &#8211; Skizze","isPartOf":{"@id":"https:\/\/hobstop.ee\/lv\/#website"},"primaryImageOfPage":{"@id":"https:\/\/hobstop.ee\/lv\/produkts\/3d-koka-figurina-gaismas-kaste-rayher\/#primaryimage"},"image":{"@id":"https:\/\/hobstop.ee\/lv\/produkts\/3d-koka-figurina-gaismas-kaste-rayher\/#primaryimage"},"thumbnailUrl":"https:\/\/hobstop.ee\/media\/4932.jpg","datePublished":"2018-09-05T10:44:57+00:00","dateModified":"2018-09-05T10:44:57+00:00","breadcrumb":{"@id":"https:\/\/hobstop.ee\/lv\/produkts\/3d-koka-figurina-gaismas-kaste-rayher\/#breadcrumb"},"inLanguage":"lv-LV","potentialAction":[{"@type":"ReadAction","target":["https:\/\/hobstop.ee\/lv\/produkts\/3d-koka-figurina-gaismas-kaste-rayher\/"]}]},{"@type":"ImageObject","inLanguage":"lv-LV","@id":"https:\/\/hobstop.ee\/lv\/produkts\/3d-koka-figurina-gaismas-kaste-rayher\/#primaryimage","url":"https:\/\/hobstop.ee\/media\/4932.jpg","contentUrl":"https:\/\/hobstop.ee\/media\/4932.jpg","width":1024,"height":768},{"@type":"BreadcrumbList","@id":"https:\/\/hobstop.ee\/lv\/produkts\/3d-koka-figurina-gaismas-kaste-rayher\/#breadcrumb","itemListElement":[{"@type":"ListItem","position":1,"name":"Avaleht","item":"https:\/\/www.hobstop.ee\/lv\/"},{"@type":"ListItem","position":2,"name":"Veikals","item":"https:\/\/www.hobstop.ee\/lv\/veikals\/"},{"@type":"ListItem","position":3,"name":"3D koka fig\u016bri\u0146a-gaismas kaste Rayher"}]},{"@type":"WebSite","@id":"https:\/\/hobstop.ee\/lv\/#website","url":"https:\/\/hobstop.ee\/lv\/","name":"Skizze","description":"M\u0101kslas, hobiju un skolas preces","publisher":{"@id":"https:\/\/hobstop.ee\/lv\/#organization"},"potentialAction":[{"@type":"SearchAction","target":{"@type":"EntryPoint","urlTemplate":"https:\/\/hobstop.ee\/lv\/?s={search_term_string}"},"query-input":{"@type":"PropertyValueSpecification","valueRequired":true,"valueName":"search_term_string"}}],"inLanguage":"lv-LV"},{"@type":"Organization","@id":"https:\/\/hobstop.ee\/lv\/#organization","name":"Vunder AS","url":"https:\/\/hobstop.ee\/lv\/","logo":{"@type":"ImageObject","inLanguage":"lv-LV","@id":"https:\/\/hobstop.ee\/lv\/#\/schema\/logo\/image\/","url":"https:\/\/hobstop.ee\/media\/vunder-logo.png","contentUrl":"https:\/\/hobstop.ee\/media\/vunder-logo.png","width":127,"height":55,"caption":"Vunder AS"},"image":{"@id":"https:\/\/hobstop.ee\/lv\/#\/schema\/logo\/image\/"},"sameAs":["http:\/\/www.facebook.com\/VunderSkizze"]}]}},"_links":{"self":[{"href":"https:\/\/hobstop.ee\/lv\/wp-json\/wp\/v2\/product\/317518","targetHints":{"allow":["GET"]}}],"collection":[{"href":"https:\/\/hobstop.ee\/lv\/wp-json\/wp\/v2\/product"}],"about":[{"href":"https:\/\/hobstop.ee\/lv\/wp-json\/wp\/v2\/types\/product"}],"replies":[{"embeddable":true,"href":"https:\/\/hobstop.ee\/lv\/wp-json\/wp\/v2\/comments?post=317518"}],"wp:featuredmedia":[{"embeddable":true,"href":"https:\/\/hobstop.ee\/lv\/wp-json\/wp\/v2\/media\/317811"}],"wp:attachment":[{"href":"https:\/\/hobstop.ee\/lv\/wp-json\/wp\/v2\/media?parent=317518"}],"wp:term":[{"taxonomy":"product_cat","embeddable":true,"href":"https:\/\/hobstop.ee\/lv\/wp-json\/wp\/v2\/product_cat?post=317518"},{"taxonomy":"product_tag","embeddable":true,"href":"https:\/\/hobstop.ee\/lv\/wp-json\/wp\/v2\/product_tag?post=317518"}],"curies":[{"name":"wp","href":"https:\/\/api.w.org\/{rel}","templated":true}]}}