{"id":317522,"date":"2018-09-05T13:44:58","date_gmt":"2018-09-05T10:44:58","guid":{"rendered":"https:\/\/sharks.ee\/vunder_2019\/lv\/product\/balons-apals-rayher-caurspidiga\/"},"modified":"2018-09-05T13:44:58","modified_gmt":"2018-09-05T10:44:58","slug":"balons-apals-rayher-caurspidiga","status":"publish","type":"product","link":"https:\/\/hobstop.ee\/lv\/produkts\/balons-apals-rayher-caurspidiga\/","title":{"rendered":"Balons apa\u013c\u0161 Rayher caursp\u012bd\u012bga"},"content":{"rendered":"<p>Rayhera burbu\u013ca balons ir \u012bpa\u0161s veids k\u0101 izrot\u0101t ball\u012bti. To var izmantot k\u0101 ball\u012b\u0161u dekor\u0101ciju gan iek\u0161telp\u0101s, gan \u0101rpus t\u0101m! J\u016bs varat pievienot konfeti vai citus dekorat\u012bvus elementus balona iek\u0161pus\u0113 vai vienk\u0101r\u0161i izrot\u0101t to no \u0101rpuses ar mar\u0137ieriem vai kr\u0101s\u0101m. To var piep\u016bst ar gaisu vai h\u0113liju.<\/p>\n","protected":false},"excerpt":{"rendered":"<p>Rayhera burbu\u013ca balons ir \u012bpa\u0161s veids k\u0101 izrot\u0101t ball\u012bti. To var izmantot k\u0101 ball\u012b\u0161u dekor\u0101ciju gan iek\u0161telp\u0101s, gan \u0101rpus t\u0101m! J\u016bs varat pievienot konfeti vai citus dekorat\u012bvus elementus balona iek\u0161pus\u0113 vai vienk\u0101r\u0161i izrot\u0101t to no \u0101rpuses ar mar\u0137ieriem vai kr\u0101s\u0101m. To var piep\u016bst ar gaisu vai h\u0113liju.<\/p>\n","protected":false},"featured_media":0,"comment_status":"closed","ping_status":"closed","template":"","meta":{"_acf_changed":false,"ep_exclude_from_search":false},"product_cat":[19794,19937,19933],"product_tag":[],"class_list":{"0":"post-317522","1":"product","2":"type-product","3":"status-publish","5":"product_cat-cepsanas-un-svetku-piederumi","6":"product_cat-gaisa-baloni","7":"product_cat-svetku-piederumi","9":"first","10":"instock","11":"taxable","12":"shipping-taxable","13":"purchasable","14":"product-type-simple"},"acf":[],"yoast_head":"<!-- This site is optimized with the Yoast SEO plugin v24.1 - https:\/\/yoast.com\/wordpress\/plugins\/seo\/ -->\n<title>Balons apa\u013c\u0161 Rayher caursp\u012bd\u012bga &#8211; Skizze<\/title>\n<meta name=\"robots\" content=\"noindex, follow, max-snippet:-1, max-image-preview:large, max-video-preview:-1\" \/>\n<meta property=\"og:locale\" content=\"lv_LV\" \/>\n<meta property=\"og:type\" content=\"article\" \/>\n<meta property=\"og:title\" content=\"Balons apa\u013c\u0161 Rayher caursp\u012bd\u012bga &#8211; Skizze\" \/>\n<meta property=\"og:description\" content=\"Rayhera burbu\u013ca balons ir \u012bpa\u0161s veids k\u0101 izrot\u0101t ball\u012bti. To var izmantot k\u0101 ball\u012b\u0161u dekor\u0101ciju gan iek\u0161telp\u0101s, gan \u0101rpus t\u0101m! J\u016bs varat pievienot konfeti vai citus dekorat\u012bvus elementus balona iek\u0161pus\u0113 vai vienk\u0101r\u0161i izrot\u0101t to no \u0101rpuses ar mar\u0137ieriem vai kr\u0101s\u0101m. To var piep\u016bst ar gaisu vai h\u0113liju.\" \/>\n<meta property=\"og:url\" content=\"https:\/\/hobstop.ee\/lv\/produkts\/balons-apals-rayher-caurspidiga\/\" \/>\n<meta property=\"og:site_name\" content=\"Skizze\" \/>\n<meta property=\"article:publisher\" content=\"http:\/\/www.facebook.com\/VunderSkizze\" \/>\n<meta name=\"twitter:card\" content=\"summary_large_image\" \/>\n<script type=\"application\/ld+json\" class=\"yoast-schema-graph\">{\"@context\":\"https:\/\/schema.org\",\"@graph\":[{\"@type\":\"WebPage\",\"@id\":\"https:\/\/hobstop.ee\/lv\/produkts\/balons-apals-rayher-caurspidiga\/\",\"url\":\"https:\/\/hobstop.ee\/lv\/produkts\/balons-apals-rayher-caurspidiga\/\",\"name\":\"Balons apa\u013c\u0161 Rayher caursp\u012bd\u012bga &#8211; Skizze\",\"isPartOf\":{\"@id\":\"https:\/\/hobstop.ee\/lv\/#website\"},\"datePublished\":\"2018-09-05T10:44:58+00:00\",\"dateModified\":\"2018-09-05T10:44:58+00:00\",\"breadcrumb\":{\"@id\":\"https:\/\/hobstop.ee\/lv\/produkts\/balons-apals-rayher-caurspidiga\/#breadcrumb\"},\"inLanguage\":\"lv-LV\",\"potentialAction\":[{\"@type\":\"ReadAction\",\"target\":[\"https:\/\/hobstop.ee\/lv\/produkts\/balons-apals-rayher-caurspidiga\/\"]}]},{\"@type\":\"BreadcrumbList\",\"@id\":\"https:\/\/hobstop.ee\/lv\/produkts\/balons-apals-rayher-caurspidiga\/#breadcrumb\",\"itemListElement\":[{\"@type\":\"ListItem\",\"position\":1,\"name\":\"Avaleht\",\"item\":\"https:\/\/hobstop.ee\/lv\/\"},{\"@type\":\"ListItem\",\"position\":2,\"name\":\"Veikals\",\"item\":\"https:\/\/hobstop.ee\/lv\/veikals\/\"},{\"@type\":\"ListItem\",\"position\":3,\"name\":\"Balons apa\u013c\u0161 Rayher caursp\u012bd\u012bga\"}]},{\"@type\":\"WebSite\",\"@id\":\"https:\/\/hobstop.ee\/lv\/#website\",\"url\":\"https:\/\/hobstop.ee\/lv\/\",\"name\":\"Skizze\",\"description\":\"M\u0101kslas, hobiju un skolas preces\",\"publisher\":{\"@id\":\"https:\/\/hobstop.ee\/lv\/#organization\"},\"potentialAction\":[{\"@type\":\"SearchAction\",\"target\":{\"@type\":\"EntryPoint\",\"urlTemplate\":\"https:\/\/hobstop.ee\/lv\/?s={search_term_string}\"},\"query-input\":{\"@type\":\"PropertyValueSpecification\",\"valueRequired\":true,\"valueName\":\"search_term_string\"}}],\"inLanguage\":\"lv-LV\"},{\"@type\":\"Organization\",\"@id\":\"https:\/\/hobstop.ee\/lv\/#organization\",\"name\":\"Vunder AS\",\"url\":\"https:\/\/hobstop.ee\/lv\/\",\"logo\":{\"@type\":\"ImageObject\",\"inLanguage\":\"lv-LV\",\"@id\":\"https:\/\/hobstop.ee\/lv\/#\/schema\/logo\/image\/\",\"url\":\"https:\/\/hobstop.ee\/media\/vunder-logo.png\",\"contentUrl\":\"https:\/\/hobstop.ee\/media\/vunder-logo.png\",\"width\":127,\"height\":55,\"caption\":\"Vunder AS\"},\"image\":{\"@id\":\"https:\/\/hobstop.ee\/lv\/#\/schema\/logo\/image\/\"},\"sameAs\":[\"http:\/\/www.facebook.com\/VunderSkizze\"]}]}<\/script>\n<!-- \/ Yoast SEO plugin. -->","yoast_head_json":{"title":"Balons apa\u013c\u0161 Rayher caursp\u012bd\u012bga &#8211; Skizze","robots":{"index":"noindex","follow":"follow","max-snippet":"max-snippet:-1","max-image-preview":"max-image-preview:large","max-video-preview":"max-video-preview:-1"},"og_locale":"lv_LV","og_type":"article","og_title":"Balons apa\u013c\u0161 Rayher caursp\u012bd\u012bga &#8211; Skizze","og_description":"Rayhera burbu\u013ca balons ir \u012bpa\u0161s veids k\u0101 izrot\u0101t ball\u012bti. To var izmantot k\u0101 ball\u012b\u0161u dekor\u0101ciju gan iek\u0161telp\u0101s, gan \u0101rpus t\u0101m! J\u016bs varat pievienot konfeti vai citus dekorat\u012bvus elementus balona iek\u0161pus\u0113 vai vienk\u0101r\u0161i izrot\u0101t to no \u0101rpuses ar mar\u0137ieriem vai kr\u0101s\u0101m. To var piep\u016bst ar gaisu vai h\u0113liju.","og_url":"https:\/\/hobstop.ee\/lv\/produkts\/balons-apals-rayher-caurspidiga\/","og_site_name":"Skizze","article_publisher":"http:\/\/www.facebook.com\/VunderSkizze","twitter_card":"summary_large_image","schema":{"@context":"https:\/\/schema.org","@graph":[{"@type":"WebPage","@id":"https:\/\/hobstop.ee\/lv\/produkts\/balons-apals-rayher-caurspidiga\/","url":"https:\/\/hobstop.ee\/lv\/produkts\/balons-apals-rayher-caurspidiga\/","name":"Balons apa\u013c\u0161 Rayher caursp\u012bd\u012bga &#8211; Skizze","isPartOf":{"@id":"https:\/\/hobstop.ee\/lv\/#website"},"datePublished":"2018-09-05T10:44:58+00:00","dateModified":"2018-09-05T10:44:58+00:00","breadcrumb":{"@id":"https:\/\/hobstop.ee\/lv\/produkts\/balons-apals-rayher-caurspidiga\/#breadcrumb"},"inLanguage":"lv-LV","potentialAction":[{"@type":"ReadAction","target":["https:\/\/hobstop.ee\/lv\/produkts\/balons-apals-rayher-caurspidiga\/"]}]},{"@type":"BreadcrumbList","@id":"https:\/\/hobstop.ee\/lv\/produkts\/balons-apals-rayher-caurspidiga\/#breadcrumb","itemListElement":[{"@type":"ListItem","position":1,"name":"Avaleht","item":"https:\/\/hobstop.ee\/lv\/"},{"@type":"ListItem","position":2,"name":"Veikals","item":"https:\/\/hobstop.ee\/lv\/veikals\/"},{"@type":"ListItem","position":3,"name":"Balons apa\u013c\u0161 Rayher caursp\u012bd\u012bga"}]},{"@type":"WebSite","@id":"https:\/\/hobstop.ee\/lv\/#website","url":"https:\/\/hobstop.ee\/lv\/","name":"Skizze","description":"M\u0101kslas, hobiju un skolas preces","publisher":{"@id":"https:\/\/hobstop.ee\/lv\/#organization"},"potentialAction":[{"@type":"SearchAction","target":{"@type":"EntryPoint","urlTemplate":"https:\/\/hobstop.ee\/lv\/?s={search_term_string}"},"query-input":{"@type":"PropertyValueSpecification","valueRequired":true,"valueName":"search_term_string"}}],"inLanguage":"lv-LV"},{"@type":"Organization","@id":"https:\/\/hobstop.ee\/lv\/#organization","name":"Vunder AS","url":"https:\/\/hobstop.ee\/lv\/","logo":{"@type":"ImageObject","inLanguage":"lv-LV","@id":"https:\/\/hobstop.ee\/lv\/#\/schema\/logo\/image\/","url":"https:\/\/hobstop.ee\/media\/vunder-logo.png","contentUrl":"https:\/\/hobstop.ee\/media\/vunder-logo.png","width":127,"height":55,"caption":"Vunder AS"},"image":{"@id":"https:\/\/hobstop.ee\/lv\/#\/schema\/logo\/image\/"},"sameAs":["http:\/\/www.facebook.com\/VunderSkizze"]}]}},"_links":{"self":[{"href":"https:\/\/hobstop.ee\/lv\/wp-json\/wp\/v2\/product\/317522","targetHints":{"allow":["GET"]}}],"collection":[{"href":"https:\/\/hobstop.ee\/lv\/wp-json\/wp\/v2\/product"}],"about":[{"href":"https:\/\/hobstop.ee\/lv\/wp-json\/wp\/v2\/types\/product"}],"replies":[{"embeddable":true,"href":"https:\/\/hobstop.ee\/lv\/wp-json\/wp\/v2\/comments?post=317522"}],"wp:attachment":[{"href":"https:\/\/hobstop.ee\/lv\/wp-json\/wp\/v2\/media?parent=317522"}],"wp:term":[{"taxonomy":"product_cat","embeddable":true,"href":"https:\/\/hobstop.ee\/lv\/wp-json\/wp\/v2\/product_cat?post=317522"},{"taxonomy":"product_tag","embeddable":true,"href":"https:\/\/hobstop.ee\/lv\/wp-json\/wp\/v2\/product_tag?post=317522"}],"curies":[{"name":"wp","href":"https:\/\/api.w.org\/{rel}","templated":true}]}}