{"id":317530,"date":"2018-09-05T13:44:59","date_gmt":"2018-09-05T10:44:59","guid":{"rendered":"https:\/\/sharks.ee\/vunder_2019\/lv\/product\/svecu-smiltis-rayher\/"},"modified":"2018-09-05T13:44:59","modified_gmt":"2018-09-05T10:44:59","slug":"svecu-smiltis-rayher","status":"publish","type":"product","link":"https:\/\/hobstop.ee\/lv\/produkts\/svecu-smiltis-rayher\/","title":{"rendered":"Sve\u010du smiltis Rayher"},"content":{"rendered":"<p>Rayheras sveces smiltis ir viegli izmantojams materi\u0101ls efekt\u012bvai un \u0101trai sve\u010du dekor\u0113\u0161anai. Vienk\u0101r\u0161i aizpildiet ugunsdro\u0161u trauku ar smilt\u012bm un ievietojiet degli &#8211; smiltis ir gatavas, lai t\u0101s tiktu iedegtas. Degot, sveces smiltis veido t\u0113jas sveces lieluma (aptuveni 5cm) pamatni. P\u0113c atdzi\u0161anas, atbr\u012bvot izkusu\u0161o vasku bez deg\u013ca k\u0101 organiskos atkritumus. Ievietojiet degli atliku\u0161aj\u0101s sveces smilt\u012bs  un jauna svece ir gatava! Sveces smiltis ir dabisks produkts, kas ir kr\u0101sots ar p\u0101rtikas kr\u0101svielu; t\u0101p\u0113c t\u0101s nav iztur\u012bgas pret UV starojumu un sp\u0113c\u012bg\u0101 saules starojuma ietekm\u0113 var nedaudz at\u0161\u0137irties.<\/p>\n","protected":false},"excerpt":{"rendered":"<p>Rayheras sveces smiltis ir viegli izmantojams materi\u0101ls efekt\u012bvai un \u0101trai sve\u010du dekor\u0113\u0161anai. Vienk\u0101r\u0161i aizpildiet ugunsdro\u0161u trauku ar smilt\u012bm un ievietojiet degli &#8211; smiltis ir gatavas, lai t\u0101s tiktu iedegtas. Degot, sveces smiltis veido t\u0113jas sveces lieluma (aptuveni 5cm) pamatni. P\u0113c atdzi\u0161anas, atbr\u012bvot izkusu\u0161o vasku bez deg\u013ca k\u0101 organiskos atkritumus. Ievietojiet degli atliku\u0161aj\u0101s sveces smilt\u012bs un jauna svece ir gatava! Sveces smiltis ir dabisks produkts, kas ir kr\u0101sots ar p\u0101rtikas kr\u0101svielu; t\u0101p\u0113c t\u0101s nav iztur\u012bgas pret UV starojumu un sp\u0113c\u012bg\u0101 saules starojuma ietekm\u0113 var nedaudz at\u0161\u0137irties.<\/p>\n","protected":false},"featured_media":317823,"comment_status":"closed","ping_status":"closed","template":"","meta":{"_acf_changed":false,"ep_exclude_from_search":false},"product_cat":[17918,17964,18737],"product_tag":[],"class_list":{"0":"post-317530","1":"product","2":"type-product","3":"status-publish","4":"has-post-thumbnail","6":"product_cat-preces-hobijiem","7":"product_cat-svecu-vasks-un-dekoresanas-materiali","8":"product_cat-vasks-3","10":"first","11":"instock","12":"taxable","13":"shipping-taxable","14":"product-type-simple"},"acf":[],"yoast_head":"<!-- This site is optimized with the Yoast SEO plugin v24.1 - https:\/\/yoast.com\/wordpress\/plugins\/seo\/ -->\n<title>Sve\u010du smiltis Rayher &#8211; Skizze<\/title>\n<meta name=\"robots\" content=\"noindex, follow, max-snippet:-1, max-image-preview:large, max-video-preview:-1\" \/>\n<meta property=\"og:locale\" content=\"lv_LV\" \/>\n<meta property=\"og:type\" content=\"article\" \/>\n<meta property=\"og:title\" content=\"Sve\u010du smiltis Rayher &#8211; Skizze\" \/>\n<meta property=\"og:description\" content=\"Rayheras sveces smiltis ir viegli izmantojams materi\u0101ls efekt\u012bvai un \u0101trai sve\u010du dekor\u0113\u0161anai. Vienk\u0101r\u0161i aizpildiet ugunsdro\u0161u trauku ar smilt\u012bm un ievietojiet degli &#8211; smiltis ir gatavas, lai t\u0101s tiktu iedegtas. Degot, sveces smiltis veido t\u0113jas sveces lieluma (aptuveni 5cm) pamatni. P\u0113c atdzi\u0161anas, atbr\u012bvot izkusu\u0161o vasku bez deg\u013ca k\u0101 organiskos atkritumus. Ievietojiet degli atliku\u0161aj\u0101s sveces smilt\u012bs un jauna svece ir gatava! Sveces smiltis ir dabisks produkts, kas ir kr\u0101sots ar p\u0101rtikas kr\u0101svielu; t\u0101p\u0113c t\u0101s nav iztur\u012bgas pret UV starojumu un sp\u0113c\u012bg\u0101 saules starojuma ietekm\u0113 var nedaudz at\u0161\u0137irties.\" \/>\n<meta property=\"og:url\" content=\"https:\/\/hobstop.ee\/lv\/produkts\/svecu-smiltis-rayher\/\" \/>\n<meta property=\"og:site_name\" content=\"Skizze\" \/>\n<meta property=\"article:publisher\" content=\"http:\/\/www.facebook.com\/VunderSkizze\" \/>\n<meta property=\"og:image\" content=\"https:\/\/hobstop.ee\/media\/4939.jpg\" \/>\n\t<meta property=\"og:image:width\" content=\"1024\" \/>\n\t<meta property=\"og:image:height\" content=\"768\" \/>\n\t<meta property=\"og:image:type\" content=\"image\/jpeg\" \/>\n<meta name=\"twitter:card\" content=\"summary_large_image\" \/>\n<meta name=\"twitter:label1\" content=\"Est. reading time\" \/>\n\t<meta name=\"twitter:data1\" content=\"1 min\u016b\u0161u\" \/>\n<script type=\"application\/ld+json\" class=\"yoast-schema-graph\">{\"@context\":\"https:\/\/schema.org\",\"@graph\":[{\"@type\":\"WebPage\",\"@id\":\"https:\/\/hobstop.ee\/lv\/produkts\/svecu-smiltis-rayher\/\",\"url\":\"https:\/\/hobstop.ee\/lv\/produkts\/svecu-smiltis-rayher\/\",\"name\":\"Sve\u010du smiltis Rayher &#8211; Skizze\",\"isPartOf\":{\"@id\":\"https:\/\/hobstop.ee\/lv\/#website\"},\"primaryImageOfPage\":{\"@id\":\"https:\/\/hobstop.ee\/lv\/produkts\/svecu-smiltis-rayher\/#primaryimage\"},\"image\":{\"@id\":\"https:\/\/hobstop.ee\/lv\/produkts\/svecu-smiltis-rayher\/#primaryimage\"},\"thumbnailUrl\":\"https:\/\/hobstop.ee\/media\/4939.jpg\",\"datePublished\":\"2018-09-05T10:44:59+00:00\",\"dateModified\":\"2018-09-05T10:44:59+00:00\",\"breadcrumb\":{\"@id\":\"https:\/\/hobstop.ee\/lv\/produkts\/svecu-smiltis-rayher\/#breadcrumb\"},\"inLanguage\":\"lv-LV\",\"potentialAction\":[{\"@type\":\"ReadAction\",\"target\":[\"https:\/\/hobstop.ee\/lv\/produkts\/svecu-smiltis-rayher\/\"]}]},{\"@type\":\"ImageObject\",\"inLanguage\":\"lv-LV\",\"@id\":\"https:\/\/hobstop.ee\/lv\/produkts\/svecu-smiltis-rayher\/#primaryimage\",\"url\":\"https:\/\/hobstop.ee\/media\/4939.jpg\",\"contentUrl\":\"https:\/\/hobstop.ee\/media\/4939.jpg\",\"width\":1024,\"height\":768},{\"@type\":\"BreadcrumbList\",\"@id\":\"https:\/\/hobstop.ee\/lv\/produkts\/svecu-smiltis-rayher\/#breadcrumb\",\"itemListElement\":[{\"@type\":\"ListItem\",\"position\":1,\"name\":\"Avaleht\",\"item\":\"https:\/\/www.hobstop.ee\/lv\/\"},{\"@type\":\"ListItem\",\"position\":2,\"name\":\"Veikals\",\"item\":\"https:\/\/www.hobstop.ee\/lv\/veikals\/\"},{\"@type\":\"ListItem\",\"position\":3,\"name\":\"Sve\u010du smiltis Rayher\"}]},{\"@type\":\"WebSite\",\"@id\":\"https:\/\/hobstop.ee\/lv\/#website\",\"url\":\"https:\/\/hobstop.ee\/lv\/\",\"name\":\"Skizze\",\"description\":\"M\u0101kslas, hobiju un skolas preces\",\"publisher\":{\"@id\":\"https:\/\/hobstop.ee\/lv\/#organization\"},\"potentialAction\":[{\"@type\":\"SearchAction\",\"target\":{\"@type\":\"EntryPoint\",\"urlTemplate\":\"https:\/\/hobstop.ee\/lv\/?s={search_term_string}\"},\"query-input\":{\"@type\":\"PropertyValueSpecification\",\"valueRequired\":true,\"valueName\":\"search_term_string\"}}],\"inLanguage\":\"lv-LV\"},{\"@type\":\"Organization\",\"@id\":\"https:\/\/hobstop.ee\/lv\/#organization\",\"name\":\"Vunder AS\",\"url\":\"https:\/\/hobstop.ee\/lv\/\",\"logo\":{\"@type\":\"ImageObject\",\"inLanguage\":\"lv-LV\",\"@id\":\"https:\/\/hobstop.ee\/lv\/#\/schema\/logo\/image\/\",\"url\":\"https:\/\/hobstop.ee\/media\/vunder-logo.png\",\"contentUrl\":\"https:\/\/hobstop.ee\/media\/vunder-logo.png\",\"width\":127,\"height\":55,\"caption\":\"Vunder AS\"},\"image\":{\"@id\":\"https:\/\/hobstop.ee\/lv\/#\/schema\/logo\/image\/\"},\"sameAs\":[\"http:\/\/www.facebook.com\/VunderSkizze\"]}]}<\/script>\n<!-- \/ Yoast SEO plugin. -->","yoast_head_json":{"title":"Sve\u010du smiltis Rayher &#8211; Skizze","robots":{"index":"noindex","follow":"follow","max-snippet":"max-snippet:-1","max-image-preview":"max-image-preview:large","max-video-preview":"max-video-preview:-1"},"og_locale":"lv_LV","og_type":"article","og_title":"Sve\u010du smiltis Rayher &#8211; Skizze","og_description":"Rayheras sveces smiltis ir viegli izmantojams materi\u0101ls efekt\u012bvai un \u0101trai sve\u010du dekor\u0113\u0161anai. Vienk\u0101r\u0161i aizpildiet ugunsdro\u0161u trauku ar smilt\u012bm un ievietojiet degli &#8211; smiltis ir gatavas, lai t\u0101s tiktu iedegtas. Degot, sveces smiltis veido t\u0113jas sveces lieluma (aptuveni 5cm) pamatni. P\u0113c atdzi\u0161anas, atbr\u012bvot izkusu\u0161o vasku bez deg\u013ca k\u0101 organiskos atkritumus. Ievietojiet degli atliku\u0161aj\u0101s sveces smilt\u012bs un jauna svece ir gatava! Sveces smiltis ir dabisks produkts, kas ir kr\u0101sots ar p\u0101rtikas kr\u0101svielu; t\u0101p\u0113c t\u0101s nav iztur\u012bgas pret UV starojumu un sp\u0113c\u012bg\u0101 saules starojuma ietekm\u0113 var nedaudz at\u0161\u0137irties.","og_url":"https:\/\/hobstop.ee\/lv\/produkts\/svecu-smiltis-rayher\/","og_site_name":"Skizze","article_publisher":"http:\/\/www.facebook.com\/VunderSkizze","og_image":[{"width":1024,"height":768,"url":"https:\/\/hobstop.ee\/media\/4939.jpg","type":"image\/jpeg"}],"twitter_card":"summary_large_image","twitter_misc":{"Est. reading time":"1 min\u016b\u0161u"},"schema":{"@context":"https:\/\/schema.org","@graph":[{"@type":"WebPage","@id":"https:\/\/hobstop.ee\/lv\/produkts\/svecu-smiltis-rayher\/","url":"https:\/\/hobstop.ee\/lv\/produkts\/svecu-smiltis-rayher\/","name":"Sve\u010du smiltis Rayher &#8211; Skizze","isPartOf":{"@id":"https:\/\/hobstop.ee\/lv\/#website"},"primaryImageOfPage":{"@id":"https:\/\/hobstop.ee\/lv\/produkts\/svecu-smiltis-rayher\/#primaryimage"},"image":{"@id":"https:\/\/hobstop.ee\/lv\/produkts\/svecu-smiltis-rayher\/#primaryimage"},"thumbnailUrl":"https:\/\/hobstop.ee\/media\/4939.jpg","datePublished":"2018-09-05T10:44:59+00:00","dateModified":"2018-09-05T10:44:59+00:00","breadcrumb":{"@id":"https:\/\/hobstop.ee\/lv\/produkts\/svecu-smiltis-rayher\/#breadcrumb"},"inLanguage":"lv-LV","potentialAction":[{"@type":"ReadAction","target":["https:\/\/hobstop.ee\/lv\/produkts\/svecu-smiltis-rayher\/"]}]},{"@type":"ImageObject","inLanguage":"lv-LV","@id":"https:\/\/hobstop.ee\/lv\/produkts\/svecu-smiltis-rayher\/#primaryimage","url":"https:\/\/hobstop.ee\/media\/4939.jpg","contentUrl":"https:\/\/hobstop.ee\/media\/4939.jpg","width":1024,"height":768},{"@type":"BreadcrumbList","@id":"https:\/\/hobstop.ee\/lv\/produkts\/svecu-smiltis-rayher\/#breadcrumb","itemListElement":[{"@type":"ListItem","position":1,"name":"Avaleht","item":"https:\/\/www.hobstop.ee\/lv\/"},{"@type":"ListItem","position":2,"name":"Veikals","item":"https:\/\/www.hobstop.ee\/lv\/veikals\/"},{"@type":"ListItem","position":3,"name":"Sve\u010du smiltis Rayher"}]},{"@type":"WebSite","@id":"https:\/\/hobstop.ee\/lv\/#website","url":"https:\/\/hobstop.ee\/lv\/","name":"Skizze","description":"M\u0101kslas, hobiju un skolas preces","publisher":{"@id":"https:\/\/hobstop.ee\/lv\/#organization"},"potentialAction":[{"@type":"SearchAction","target":{"@type":"EntryPoint","urlTemplate":"https:\/\/hobstop.ee\/lv\/?s={search_term_string}"},"query-input":{"@type":"PropertyValueSpecification","valueRequired":true,"valueName":"search_term_string"}}],"inLanguage":"lv-LV"},{"@type":"Organization","@id":"https:\/\/hobstop.ee\/lv\/#organization","name":"Vunder AS","url":"https:\/\/hobstop.ee\/lv\/","logo":{"@type":"ImageObject","inLanguage":"lv-LV","@id":"https:\/\/hobstop.ee\/lv\/#\/schema\/logo\/image\/","url":"https:\/\/hobstop.ee\/media\/vunder-logo.png","contentUrl":"https:\/\/hobstop.ee\/media\/vunder-logo.png","width":127,"height":55,"caption":"Vunder AS"},"image":{"@id":"https:\/\/hobstop.ee\/lv\/#\/schema\/logo\/image\/"},"sameAs":["http:\/\/www.facebook.com\/VunderSkizze"]}]}},"_links":{"self":[{"href":"https:\/\/hobstop.ee\/lv\/wp-json\/wp\/v2\/product\/317530","targetHints":{"allow":["GET"]}}],"collection":[{"href":"https:\/\/hobstop.ee\/lv\/wp-json\/wp\/v2\/product"}],"about":[{"href":"https:\/\/hobstop.ee\/lv\/wp-json\/wp\/v2\/types\/product"}],"replies":[{"embeddable":true,"href":"https:\/\/hobstop.ee\/lv\/wp-json\/wp\/v2\/comments?post=317530"}],"wp:featuredmedia":[{"embeddable":true,"href":"https:\/\/hobstop.ee\/lv\/wp-json\/wp\/v2\/media\/317823"}],"wp:attachment":[{"href":"https:\/\/hobstop.ee\/lv\/wp-json\/wp\/v2\/media?parent=317530"}],"wp:term":[{"taxonomy":"product_cat","embeddable":true,"href":"https:\/\/hobstop.ee\/lv\/wp-json\/wp\/v2\/product_cat?post=317530"},{"taxonomy":"product_tag","embeddable":true,"href":"https:\/\/hobstop.ee\/lv\/wp-json\/wp\/v2\/product_tag?post=317530"}],"curies":[{"name":"wp","href":"https:\/\/api.w.org\/{rel}","templated":true}]}}