{"id":317538,"date":"2018-09-05T13:45:01","date_gmt":"2018-09-05T10:45:01","guid":{"rendered":"https:\/\/sharks.ee\/vunder_2019\/lv\/product\/putuplasta-lime-rayher\/"},"modified":"2018-09-05T13:45:01","modified_gmt":"2018-09-05T10:45:01","slug":"putuplasta-lime-rayher","status":"publish","type":"product","link":"https:\/\/hobstop.ee\/lv\/produkts\/putuplasta-lime-rayher\/","title":{"rendered":"Putuplasta l\u012bme Rayher"},"content":{"rendered":"<p>Rayher polistirola l\u012bmjava ir caursp\u012bd\u012bga, gatava lieto\u0161anai un \u012bpa\u0161i paredz\u0113ta izmanto\u0161anai ar t\u0101diem materi\u0101liem k\u0101 polistirols, polistir\u0113ns un putas. Viegla izmanto\u0161an\u0101, \u0101tri iz\u017e\u016bst o\u0161a un ar augstu iztur\u012bbu, l\u012bdz ar to polistirola \u012bpa\u0161\u012bbas netiek ietekm\u0113tas. Uzkl\u0101t l\u012bmi pl\u0101n\u0101 k\u0101rti\u0146\u0101 uz ab\u0101m pus\u0113m un \u013caut no\u017e\u016bt. L\u012bme satur \u0161\u0137\u012bdin\u0101t\u0101jus, l\u012bdz ar to kr\u0101sotas vai apgleznotas preces var tikt boj\u0101tas.<\/p>\n","protected":false},"excerpt":{"rendered":"<p>Rayher polistirola l\u012bmjava ir caursp\u012bd\u012bga, gatava lieto\u0161anai un \u012bpa\u0161i paredz\u0113ta izmanto\u0161anai ar t\u0101diem materi\u0101liem k\u0101 polistirols, polistir\u0113ns un putas. Viegla izmanto\u0161an\u0101, \u0101tri iz\u017e\u016bst o\u0161a un ar augstu iztur\u012bbu, l\u012bdz ar to polistirola \u012bpa\u0161\u012bbas netiek ietekm\u0113tas. Uzkl\u0101t l\u012bmi pl\u0101n\u0101 k\u0101rti\u0146\u0101 uz ab\u0101m pus\u0113m un \u013caut no\u017e\u016bt. L\u012bme satur \u0161\u0137\u012bdin\u0101t\u0101jus, l\u012bdz ar to kr\u0101sotas vai apgleznotas preces var tikt boj\u0101tas.<\/p>\n","protected":false},"featured_media":317831,"comment_status":"closed","ping_status":"closed","template":"","meta":{"_acf_changed":false,"ep_exclude_from_search":false},"product_cat":[17918,19846,19855],"product_tag":[],"class_list":{"0":"post-317538","1":"product","2":"type-product","3":"status-publish","4":"has-post-thumbnail","6":"product_cat-preces-hobijiem","7":"product_cat-rokdarbu-limes","8":"product_cat-specialas-limes","10":"first","11":"instock","12":"taxable","13":"shipping-taxable","14":"purchasable","15":"product-type-simple"},"acf":[],"yoast_head":"<!-- This site is optimized with the Yoast SEO plugin v24.1 - https:\/\/yoast.com\/wordpress\/plugins\/seo\/ -->\n<title>Putuplasta l\u012bme Rayher &#8211; Skizze<\/title>\n<meta name=\"robots\" content=\"noindex, follow, max-snippet:-1, max-image-preview:large, max-video-preview:-1\" \/>\n<meta property=\"og:locale\" content=\"lv_LV\" \/>\n<meta property=\"og:type\" content=\"article\" \/>\n<meta property=\"og:title\" content=\"Putuplasta l\u012bme Rayher &#8211; Skizze\" \/>\n<meta property=\"og:description\" content=\"Rayher polistirola l\u012bmjava ir caursp\u012bd\u012bga, gatava lieto\u0161anai un \u012bpa\u0161i paredz\u0113ta izmanto\u0161anai ar t\u0101diem materi\u0101liem k\u0101 polistirols, polistir\u0113ns un putas. Viegla izmanto\u0161an\u0101, \u0101tri iz\u017e\u016bst o\u0161a un ar augstu iztur\u012bbu, l\u012bdz ar to polistirola \u012bpa\u0161\u012bbas netiek ietekm\u0113tas. Uzkl\u0101t l\u012bmi pl\u0101n\u0101 k\u0101rti\u0146\u0101 uz ab\u0101m pus\u0113m un \u013caut no\u017e\u016bt. L\u012bme satur \u0161\u0137\u012bdin\u0101t\u0101jus, l\u012bdz ar to kr\u0101sotas vai apgleznotas preces var tikt boj\u0101tas.\" \/>\n<meta property=\"og:url\" content=\"https:\/\/hobstop.ee\/lv\/produkts\/putuplasta-lime-rayher\/\" \/>\n<meta property=\"og:site_name\" content=\"Skizze\" \/>\n<meta property=\"article:publisher\" content=\"http:\/\/www.facebook.com\/VunderSkizze\" \/>\n<meta property=\"og:image\" content=\"https:\/\/hobstop.ee\/media\/4943.jpg\" \/>\n\t<meta property=\"og:image:width\" content=\"1024\" \/>\n\t<meta property=\"og:image:height\" content=\"768\" \/>\n\t<meta property=\"og:image:type\" content=\"image\/jpeg\" \/>\n<meta name=\"twitter:card\" content=\"summary_large_image\" \/>\n<script type=\"application\/ld+json\" class=\"yoast-schema-graph\">{\"@context\":\"https:\/\/schema.org\",\"@graph\":[{\"@type\":\"WebPage\",\"@id\":\"https:\/\/hobstop.ee\/lv\/produkts\/putuplasta-lime-rayher\/\",\"url\":\"https:\/\/hobstop.ee\/lv\/produkts\/putuplasta-lime-rayher\/\",\"name\":\"Putuplasta l\u012bme Rayher &#8211; Skizze\",\"isPartOf\":{\"@id\":\"https:\/\/hobstop.ee\/lv\/#website\"},\"primaryImageOfPage\":{\"@id\":\"https:\/\/hobstop.ee\/lv\/produkts\/putuplasta-lime-rayher\/#primaryimage\"},\"image\":{\"@id\":\"https:\/\/hobstop.ee\/lv\/produkts\/putuplasta-lime-rayher\/#primaryimage\"},\"thumbnailUrl\":\"https:\/\/hobstop.ee\/media\/4943.jpg\",\"datePublished\":\"2018-09-05T10:45:01+00:00\",\"dateModified\":\"2018-09-05T10:45:01+00:00\",\"breadcrumb\":{\"@id\":\"https:\/\/hobstop.ee\/lv\/produkts\/putuplasta-lime-rayher\/#breadcrumb\"},\"inLanguage\":\"lv-LV\",\"potentialAction\":[{\"@type\":\"ReadAction\",\"target\":[\"https:\/\/hobstop.ee\/lv\/produkts\/putuplasta-lime-rayher\/\"]}]},{\"@type\":\"ImageObject\",\"inLanguage\":\"lv-LV\",\"@id\":\"https:\/\/hobstop.ee\/lv\/produkts\/putuplasta-lime-rayher\/#primaryimage\",\"url\":\"https:\/\/hobstop.ee\/media\/4943.jpg\",\"contentUrl\":\"https:\/\/hobstop.ee\/media\/4943.jpg\",\"width\":1024,\"height\":768},{\"@type\":\"BreadcrumbList\",\"@id\":\"https:\/\/hobstop.ee\/lv\/produkts\/putuplasta-lime-rayher\/#breadcrumb\",\"itemListElement\":[{\"@type\":\"ListItem\",\"position\":1,\"name\":\"Avaleht\",\"item\":\"https:\/\/www.hobstop.ee\/lv\/\"},{\"@type\":\"ListItem\",\"position\":2,\"name\":\"Veikals\",\"item\":\"https:\/\/www.hobstop.ee\/lv\/veikals\/\"},{\"@type\":\"ListItem\",\"position\":3,\"name\":\"Putuplasta l\u012bme Rayher\"}]},{\"@type\":\"WebSite\",\"@id\":\"https:\/\/hobstop.ee\/lv\/#website\",\"url\":\"https:\/\/hobstop.ee\/lv\/\",\"name\":\"Skizze\",\"description\":\"M\u0101kslas, hobiju un skolas preces\",\"publisher\":{\"@id\":\"https:\/\/hobstop.ee\/lv\/#organization\"},\"potentialAction\":[{\"@type\":\"SearchAction\",\"target\":{\"@type\":\"EntryPoint\",\"urlTemplate\":\"https:\/\/hobstop.ee\/lv\/?s={search_term_string}\"},\"query-input\":{\"@type\":\"PropertyValueSpecification\",\"valueRequired\":true,\"valueName\":\"search_term_string\"}}],\"inLanguage\":\"lv-LV\"},{\"@type\":\"Organization\",\"@id\":\"https:\/\/hobstop.ee\/lv\/#organization\",\"name\":\"Vunder AS\",\"url\":\"https:\/\/hobstop.ee\/lv\/\",\"logo\":{\"@type\":\"ImageObject\",\"inLanguage\":\"lv-LV\",\"@id\":\"https:\/\/hobstop.ee\/lv\/#\/schema\/logo\/image\/\",\"url\":\"https:\/\/hobstop.ee\/media\/vunder-logo.png\",\"contentUrl\":\"https:\/\/hobstop.ee\/media\/vunder-logo.png\",\"width\":127,\"height\":55,\"caption\":\"Vunder AS\"},\"image\":{\"@id\":\"https:\/\/hobstop.ee\/lv\/#\/schema\/logo\/image\/\"},\"sameAs\":[\"http:\/\/www.facebook.com\/VunderSkizze\"]}]}<\/script>\n<!-- \/ Yoast SEO plugin. -->","yoast_head_json":{"title":"Putuplasta l\u012bme Rayher &#8211; Skizze","robots":{"index":"noindex","follow":"follow","max-snippet":"max-snippet:-1","max-image-preview":"max-image-preview:large","max-video-preview":"max-video-preview:-1"},"og_locale":"lv_LV","og_type":"article","og_title":"Putuplasta l\u012bme Rayher &#8211; Skizze","og_description":"Rayher polistirola l\u012bmjava ir caursp\u012bd\u012bga, gatava lieto\u0161anai un \u012bpa\u0161i paredz\u0113ta izmanto\u0161anai ar t\u0101diem materi\u0101liem k\u0101 polistirols, polistir\u0113ns un putas. Viegla izmanto\u0161an\u0101, \u0101tri iz\u017e\u016bst o\u0161a un ar augstu iztur\u012bbu, l\u012bdz ar to polistirola \u012bpa\u0161\u012bbas netiek ietekm\u0113tas. Uzkl\u0101t l\u012bmi pl\u0101n\u0101 k\u0101rti\u0146\u0101 uz ab\u0101m pus\u0113m un \u013caut no\u017e\u016bt. L\u012bme satur \u0161\u0137\u012bdin\u0101t\u0101jus, l\u012bdz ar to kr\u0101sotas vai apgleznotas preces var tikt boj\u0101tas.","og_url":"https:\/\/hobstop.ee\/lv\/produkts\/putuplasta-lime-rayher\/","og_site_name":"Skizze","article_publisher":"http:\/\/www.facebook.com\/VunderSkizze","og_image":[{"width":1024,"height":768,"url":"https:\/\/hobstop.ee\/media\/4943.jpg","type":"image\/jpeg"}],"twitter_card":"summary_large_image","schema":{"@context":"https:\/\/schema.org","@graph":[{"@type":"WebPage","@id":"https:\/\/hobstop.ee\/lv\/produkts\/putuplasta-lime-rayher\/","url":"https:\/\/hobstop.ee\/lv\/produkts\/putuplasta-lime-rayher\/","name":"Putuplasta l\u012bme Rayher &#8211; Skizze","isPartOf":{"@id":"https:\/\/hobstop.ee\/lv\/#website"},"primaryImageOfPage":{"@id":"https:\/\/hobstop.ee\/lv\/produkts\/putuplasta-lime-rayher\/#primaryimage"},"image":{"@id":"https:\/\/hobstop.ee\/lv\/produkts\/putuplasta-lime-rayher\/#primaryimage"},"thumbnailUrl":"https:\/\/hobstop.ee\/media\/4943.jpg","datePublished":"2018-09-05T10:45:01+00:00","dateModified":"2018-09-05T10:45:01+00:00","breadcrumb":{"@id":"https:\/\/hobstop.ee\/lv\/produkts\/putuplasta-lime-rayher\/#breadcrumb"},"inLanguage":"lv-LV","potentialAction":[{"@type":"ReadAction","target":["https:\/\/hobstop.ee\/lv\/produkts\/putuplasta-lime-rayher\/"]}]},{"@type":"ImageObject","inLanguage":"lv-LV","@id":"https:\/\/hobstop.ee\/lv\/produkts\/putuplasta-lime-rayher\/#primaryimage","url":"https:\/\/hobstop.ee\/media\/4943.jpg","contentUrl":"https:\/\/hobstop.ee\/media\/4943.jpg","width":1024,"height":768},{"@type":"BreadcrumbList","@id":"https:\/\/hobstop.ee\/lv\/produkts\/putuplasta-lime-rayher\/#breadcrumb","itemListElement":[{"@type":"ListItem","position":1,"name":"Avaleht","item":"https:\/\/www.hobstop.ee\/lv\/"},{"@type":"ListItem","position":2,"name":"Veikals","item":"https:\/\/www.hobstop.ee\/lv\/veikals\/"},{"@type":"ListItem","position":3,"name":"Putuplasta l\u012bme Rayher"}]},{"@type":"WebSite","@id":"https:\/\/hobstop.ee\/lv\/#website","url":"https:\/\/hobstop.ee\/lv\/","name":"Skizze","description":"M\u0101kslas, hobiju un skolas preces","publisher":{"@id":"https:\/\/hobstop.ee\/lv\/#organization"},"potentialAction":[{"@type":"SearchAction","target":{"@type":"EntryPoint","urlTemplate":"https:\/\/hobstop.ee\/lv\/?s={search_term_string}"},"query-input":{"@type":"PropertyValueSpecification","valueRequired":true,"valueName":"search_term_string"}}],"inLanguage":"lv-LV"},{"@type":"Organization","@id":"https:\/\/hobstop.ee\/lv\/#organization","name":"Vunder AS","url":"https:\/\/hobstop.ee\/lv\/","logo":{"@type":"ImageObject","inLanguage":"lv-LV","@id":"https:\/\/hobstop.ee\/lv\/#\/schema\/logo\/image\/","url":"https:\/\/hobstop.ee\/media\/vunder-logo.png","contentUrl":"https:\/\/hobstop.ee\/media\/vunder-logo.png","width":127,"height":55,"caption":"Vunder AS"},"image":{"@id":"https:\/\/hobstop.ee\/lv\/#\/schema\/logo\/image\/"},"sameAs":["http:\/\/www.facebook.com\/VunderSkizze"]}]}},"_links":{"self":[{"href":"https:\/\/hobstop.ee\/lv\/wp-json\/wp\/v2\/product\/317538","targetHints":{"allow":["GET"]}}],"collection":[{"href":"https:\/\/hobstop.ee\/lv\/wp-json\/wp\/v2\/product"}],"about":[{"href":"https:\/\/hobstop.ee\/lv\/wp-json\/wp\/v2\/types\/product"}],"replies":[{"embeddable":true,"href":"https:\/\/hobstop.ee\/lv\/wp-json\/wp\/v2\/comments?post=317538"}],"wp:featuredmedia":[{"embeddable":true,"href":"https:\/\/hobstop.ee\/lv\/wp-json\/wp\/v2\/media\/317831"}],"wp:attachment":[{"href":"https:\/\/hobstop.ee\/lv\/wp-json\/wp\/v2\/media?parent=317538"}],"wp:term":[{"taxonomy":"product_cat","embeddable":true,"href":"https:\/\/hobstop.ee\/lv\/wp-json\/wp\/v2\/product_cat?post=317538"},{"taxonomy":"product_tag","embeddable":true,"href":"https:\/\/hobstop.ee\/lv\/wp-json\/wp\/v2\/product_tag?post=317538"}],"curies":[{"name":"wp","href":"https:\/\/api.w.org\/{rel}","templated":true}]}}