{"id":317542,"date":"2018-09-05T13:45:02","date_gmt":"2018-09-05T10:45:02","guid":{"rendered":"https:\/\/sharks.ee\/vunder_2019\/lv\/product\/auduma-lime-rayher\/"},"modified":"2018-09-05T13:45:02","modified_gmt":"2018-09-05T10:45:02","slug":"auduma-lime-rayher","status":"publish","type":"product","link":"https:\/\/hobstop.ee\/lv\/produkts\/auduma-lime-rayher\/","title":{"rendered":"Auduma l\u012bme Rayher"},"content":{"rendered":"<p>\u0160\u0137idrie diegi &#8211; l\u012bm\u0113\u0161ana, nevis \u0161\u016b\u0161ana! Rayher tekstilmateri\u0101la l\u012bme uz \u016bdens b\u0101zes \u0101tri sal\u012bm\u0113, iz\u017e\u016bstot k\u013c\u016bst caursp\u012bd\u012bga un elast\u012bga. L\u012bmi ver \u0113rti uzkl\u0101t un salabot nepiecie\u0161amos piederumus, piem\u0113ram, uz tekstilizstr\u0101d\u0101jumiem var \u0113rti piel\u012bm\u0113t gan p\u0113rl\u012btes, gan ar\u012b citus materi\u0101lus<br \/>\nPielietojums: uzkl\u0101jiet l\u012bmi uz ab\u0101m pus\u0113m, \u013caujiet tai \u0101tri no\u017e\u016bt un sastipriniet abas puses kop\u0101. \u013baujiet tai k\u0101rt\u012bgi no\u017e\u016bt &#8211; p\u0113c tam var mazg\u0101t l\u012bdz 40\u00b0C.<\/p>\n","protected":false},"excerpt":{"rendered":"<p>\u0160\u0137idrie diegi &#8211; l\u012bm\u0113\u0161ana, nevis \u0161\u016b\u0161ana! Rayher tekstilmateri\u0101la l\u012bme uz \u016bdens b\u0101zes \u0101tri sal\u012bm\u0113, iz\u017e\u016bstot k\u013c\u016bst caursp\u012bd\u012bga un elast\u012bga. L\u012bmi ver \u0113rti uzkl\u0101t un salabot nepiecie\u0161amos piederumus, piem\u0113ram, uz tekstilizstr\u0101d\u0101jumiem var \u0113rti piel\u012bm\u0113t gan p\u0113rl\u012btes, gan ar\u012b citus materi\u0101lus Pielietojums: uzkl\u0101jiet l\u012bmi uz ab\u0101m pus\u0113m, \u013caujiet tai \u0101tri no\u017e\u016bt un sastipriniet abas puses kop\u0101. \u013baujiet tai k\u0101rt\u012bgi no\u017e\u016bt &#8211; p\u0113c tam var mazg\u0101t l\u012bdz 40\u00b0C.<\/p>\n","protected":false},"featured_media":317835,"comment_status":"closed","ping_status":"closed","template":"","meta":{"_acf_changed":false,"ep_exclude_from_search":false},"product_cat":[17918,19846,19852],"product_tag":[],"class_list":{"0":"post-317542","1":"product","2":"type-product","3":"status-publish","4":"has-post-thumbnail","6":"product_cat-preces-hobijiem","7":"product_cat-rokdarbu-limes","8":"product_cat-tekstila-limes","10":"first","11":"outofstock","12":"taxable","13":"shipping-taxable","14":"purchasable","15":"product-type-simple"},"acf":[],"yoast_head":"<!-- This site is optimized with the Yoast SEO plugin v24.1 - https:\/\/yoast.com\/wordpress\/plugins\/seo\/ -->\n<title>Auduma l\u012bme Rayher &#8211; Skizze<\/title>\n<meta name=\"robots\" content=\"noindex, follow, max-snippet:-1, max-image-preview:large, max-video-preview:-1\" \/>\n<meta property=\"og:locale\" content=\"lv_LV\" \/>\n<meta property=\"og:type\" content=\"article\" \/>\n<meta property=\"og:title\" content=\"Auduma l\u012bme Rayher &#8211; Skizze\" \/>\n<meta property=\"og:description\" content=\"\u0160\u0137idrie diegi &#8211; l\u012bm\u0113\u0161ana, nevis \u0161\u016b\u0161ana! Rayher tekstilmateri\u0101la l\u012bme uz \u016bdens b\u0101zes \u0101tri sal\u012bm\u0113, iz\u017e\u016bstot k\u013c\u016bst caursp\u012bd\u012bga un elast\u012bga. L\u012bmi ver \u0113rti uzkl\u0101t un salabot nepiecie\u0161amos piederumus, piem\u0113ram, uz tekstilizstr\u0101d\u0101jumiem var \u0113rti piel\u012bm\u0113t gan p\u0113rl\u012btes, gan ar\u012b citus materi\u0101lus Pielietojums: uzkl\u0101jiet l\u012bmi uz ab\u0101m pus\u0113m, \u013caujiet tai \u0101tri no\u017e\u016bt un sastipriniet abas puses kop\u0101. \u013baujiet tai k\u0101rt\u012bgi no\u017e\u016bt &#8211; p\u0113c tam var mazg\u0101t l\u012bdz 40\u00b0C.\" \/>\n<meta property=\"og:url\" content=\"https:\/\/hobstop.ee\/lv\/produkts\/auduma-lime-rayher\/\" \/>\n<meta property=\"og:site_name\" content=\"Skizze\" \/>\n<meta property=\"article:publisher\" content=\"http:\/\/www.facebook.com\/VunderSkizze\" \/>\n<meta property=\"og:image\" content=\"https:\/\/hobstop.ee\/media\/4944.jpg\" \/>\n\t<meta property=\"og:image:width\" content=\"1024\" \/>\n\t<meta property=\"og:image:height\" content=\"768\" \/>\n\t<meta property=\"og:image:type\" content=\"image\/jpeg\" \/>\n<meta name=\"twitter:card\" content=\"summary_large_image\" \/>\n<script type=\"application\/ld+json\" class=\"yoast-schema-graph\">{\"@context\":\"https:\/\/schema.org\",\"@graph\":[{\"@type\":\"WebPage\",\"@id\":\"https:\/\/hobstop.ee\/lv\/produkts\/auduma-lime-rayher\/\",\"url\":\"https:\/\/hobstop.ee\/lv\/produkts\/auduma-lime-rayher\/\",\"name\":\"Auduma l\u012bme Rayher &#8211; Skizze\",\"isPartOf\":{\"@id\":\"https:\/\/hobstop.ee\/lv\/#website\"},\"primaryImageOfPage\":{\"@id\":\"https:\/\/hobstop.ee\/lv\/produkts\/auduma-lime-rayher\/#primaryimage\"},\"image\":{\"@id\":\"https:\/\/hobstop.ee\/lv\/produkts\/auduma-lime-rayher\/#primaryimage\"},\"thumbnailUrl\":\"https:\/\/hobstop.ee\/media\/4944.jpg\",\"datePublished\":\"2018-09-05T10:45:02+00:00\",\"dateModified\":\"2018-09-05T10:45:02+00:00\",\"breadcrumb\":{\"@id\":\"https:\/\/hobstop.ee\/lv\/produkts\/auduma-lime-rayher\/#breadcrumb\"},\"inLanguage\":\"lv-LV\",\"potentialAction\":[{\"@type\":\"ReadAction\",\"target\":[\"https:\/\/hobstop.ee\/lv\/produkts\/auduma-lime-rayher\/\"]}]},{\"@type\":\"ImageObject\",\"inLanguage\":\"lv-LV\",\"@id\":\"https:\/\/hobstop.ee\/lv\/produkts\/auduma-lime-rayher\/#primaryimage\",\"url\":\"https:\/\/hobstop.ee\/media\/4944.jpg\",\"contentUrl\":\"https:\/\/hobstop.ee\/media\/4944.jpg\",\"width\":1024,\"height\":768},{\"@type\":\"BreadcrumbList\",\"@id\":\"https:\/\/hobstop.ee\/lv\/produkts\/auduma-lime-rayher\/#breadcrumb\",\"itemListElement\":[{\"@type\":\"ListItem\",\"position\":1,\"name\":\"Avaleht\",\"item\":\"https:\/\/hobstop.ee\/lv\/\"},{\"@type\":\"ListItem\",\"position\":2,\"name\":\"Veikals\",\"item\":\"https:\/\/hobstop.ee\/lv\/veikals\/\"},{\"@type\":\"ListItem\",\"position\":3,\"name\":\"Auduma l\u012bme Rayher\"}]},{\"@type\":\"WebSite\",\"@id\":\"https:\/\/hobstop.ee\/lv\/#website\",\"url\":\"https:\/\/hobstop.ee\/lv\/\",\"name\":\"Skizze\",\"description\":\"M\u0101kslas, hobiju un skolas preces\",\"publisher\":{\"@id\":\"https:\/\/hobstop.ee\/lv\/#organization\"},\"potentialAction\":[{\"@type\":\"SearchAction\",\"target\":{\"@type\":\"EntryPoint\",\"urlTemplate\":\"https:\/\/hobstop.ee\/lv\/?s={search_term_string}\"},\"query-input\":{\"@type\":\"PropertyValueSpecification\",\"valueRequired\":true,\"valueName\":\"search_term_string\"}}],\"inLanguage\":\"lv-LV\"},{\"@type\":\"Organization\",\"@id\":\"https:\/\/hobstop.ee\/lv\/#organization\",\"name\":\"Vunder AS\",\"url\":\"https:\/\/hobstop.ee\/lv\/\",\"logo\":{\"@type\":\"ImageObject\",\"inLanguage\":\"lv-LV\",\"@id\":\"https:\/\/hobstop.ee\/lv\/#\/schema\/logo\/image\/\",\"url\":\"https:\/\/hobstop.ee\/media\/vunder-logo.png\",\"contentUrl\":\"https:\/\/hobstop.ee\/media\/vunder-logo.png\",\"width\":127,\"height\":55,\"caption\":\"Vunder AS\"},\"image\":{\"@id\":\"https:\/\/hobstop.ee\/lv\/#\/schema\/logo\/image\/\"},\"sameAs\":[\"http:\/\/www.facebook.com\/VunderSkizze\"]}]}<\/script>\n<!-- \/ Yoast SEO plugin. -->","yoast_head_json":{"title":"Auduma l\u012bme Rayher &#8211; Skizze","robots":{"index":"noindex","follow":"follow","max-snippet":"max-snippet:-1","max-image-preview":"max-image-preview:large","max-video-preview":"max-video-preview:-1"},"og_locale":"lv_LV","og_type":"article","og_title":"Auduma l\u012bme Rayher &#8211; Skizze","og_description":"\u0160\u0137idrie diegi &#8211; l\u012bm\u0113\u0161ana, nevis \u0161\u016b\u0161ana! Rayher tekstilmateri\u0101la l\u012bme uz \u016bdens b\u0101zes \u0101tri sal\u012bm\u0113, iz\u017e\u016bstot k\u013c\u016bst caursp\u012bd\u012bga un elast\u012bga. L\u012bmi ver \u0113rti uzkl\u0101t un salabot nepiecie\u0161amos piederumus, piem\u0113ram, uz tekstilizstr\u0101d\u0101jumiem var \u0113rti piel\u012bm\u0113t gan p\u0113rl\u012btes, gan ar\u012b citus materi\u0101lus Pielietojums: uzkl\u0101jiet l\u012bmi uz ab\u0101m pus\u0113m, \u013caujiet tai \u0101tri no\u017e\u016bt un sastipriniet abas puses kop\u0101. \u013baujiet tai k\u0101rt\u012bgi no\u017e\u016bt &#8211; p\u0113c tam var mazg\u0101t l\u012bdz 40\u00b0C.","og_url":"https:\/\/hobstop.ee\/lv\/produkts\/auduma-lime-rayher\/","og_site_name":"Skizze","article_publisher":"http:\/\/www.facebook.com\/VunderSkizze","og_image":[{"width":1024,"height":768,"url":"https:\/\/hobstop.ee\/media\/4944.jpg","type":"image\/jpeg"}],"twitter_card":"summary_large_image","schema":{"@context":"https:\/\/schema.org","@graph":[{"@type":"WebPage","@id":"https:\/\/hobstop.ee\/lv\/produkts\/auduma-lime-rayher\/","url":"https:\/\/hobstop.ee\/lv\/produkts\/auduma-lime-rayher\/","name":"Auduma l\u012bme Rayher &#8211; Skizze","isPartOf":{"@id":"https:\/\/hobstop.ee\/lv\/#website"},"primaryImageOfPage":{"@id":"https:\/\/hobstop.ee\/lv\/produkts\/auduma-lime-rayher\/#primaryimage"},"image":{"@id":"https:\/\/hobstop.ee\/lv\/produkts\/auduma-lime-rayher\/#primaryimage"},"thumbnailUrl":"https:\/\/hobstop.ee\/media\/4944.jpg","datePublished":"2018-09-05T10:45:02+00:00","dateModified":"2018-09-05T10:45:02+00:00","breadcrumb":{"@id":"https:\/\/hobstop.ee\/lv\/produkts\/auduma-lime-rayher\/#breadcrumb"},"inLanguage":"lv-LV","potentialAction":[{"@type":"ReadAction","target":["https:\/\/hobstop.ee\/lv\/produkts\/auduma-lime-rayher\/"]}]},{"@type":"ImageObject","inLanguage":"lv-LV","@id":"https:\/\/hobstop.ee\/lv\/produkts\/auduma-lime-rayher\/#primaryimage","url":"https:\/\/hobstop.ee\/media\/4944.jpg","contentUrl":"https:\/\/hobstop.ee\/media\/4944.jpg","width":1024,"height":768},{"@type":"BreadcrumbList","@id":"https:\/\/hobstop.ee\/lv\/produkts\/auduma-lime-rayher\/#breadcrumb","itemListElement":[{"@type":"ListItem","position":1,"name":"Avaleht","item":"https:\/\/hobstop.ee\/lv\/"},{"@type":"ListItem","position":2,"name":"Veikals","item":"https:\/\/hobstop.ee\/lv\/veikals\/"},{"@type":"ListItem","position":3,"name":"Auduma l\u012bme Rayher"}]},{"@type":"WebSite","@id":"https:\/\/hobstop.ee\/lv\/#website","url":"https:\/\/hobstop.ee\/lv\/","name":"Skizze","description":"M\u0101kslas, hobiju un skolas preces","publisher":{"@id":"https:\/\/hobstop.ee\/lv\/#organization"},"potentialAction":[{"@type":"SearchAction","target":{"@type":"EntryPoint","urlTemplate":"https:\/\/hobstop.ee\/lv\/?s={search_term_string}"},"query-input":{"@type":"PropertyValueSpecification","valueRequired":true,"valueName":"search_term_string"}}],"inLanguage":"lv-LV"},{"@type":"Organization","@id":"https:\/\/hobstop.ee\/lv\/#organization","name":"Vunder AS","url":"https:\/\/hobstop.ee\/lv\/","logo":{"@type":"ImageObject","inLanguage":"lv-LV","@id":"https:\/\/hobstop.ee\/lv\/#\/schema\/logo\/image\/","url":"https:\/\/hobstop.ee\/media\/vunder-logo.png","contentUrl":"https:\/\/hobstop.ee\/media\/vunder-logo.png","width":127,"height":55,"caption":"Vunder AS"},"image":{"@id":"https:\/\/hobstop.ee\/lv\/#\/schema\/logo\/image\/"},"sameAs":["http:\/\/www.facebook.com\/VunderSkizze"]}]}},"_links":{"self":[{"href":"https:\/\/hobstop.ee\/lv\/wp-json\/wp\/v2\/product\/317542","targetHints":{"allow":["GET"]}}],"collection":[{"href":"https:\/\/hobstop.ee\/lv\/wp-json\/wp\/v2\/product"}],"about":[{"href":"https:\/\/hobstop.ee\/lv\/wp-json\/wp\/v2\/types\/product"}],"replies":[{"embeddable":true,"href":"https:\/\/hobstop.ee\/lv\/wp-json\/wp\/v2\/comments?post=317542"}],"wp:featuredmedia":[{"embeddable":true,"href":"https:\/\/hobstop.ee\/lv\/wp-json\/wp\/v2\/media\/317835"}],"wp:attachment":[{"href":"https:\/\/hobstop.ee\/lv\/wp-json\/wp\/v2\/media?parent=317542"}],"wp:term":[{"taxonomy":"product_cat","embeddable":true,"href":"https:\/\/hobstop.ee\/lv\/wp-json\/wp\/v2\/product_cat?post=317542"},{"taxonomy":"product_tag","embeddable":true,"href":"https:\/\/hobstop.ee\/lv\/wp-json\/wp\/v2\/product_tag?post=317542"}],"curies":[{"name":"wp","href":"https:\/\/api.w.org\/{rel}","templated":true}]}}