{"id":317546,"date":"2018-09-05T13:45:03","date_gmt":"2018-09-05T10:45:03","guid":{"rendered":"https:\/\/sharks.ee\/vunder_2019\/lv\/product\/stearina-pulveris-rayher\/"},"modified":"2018-09-05T13:45:03","modified_gmt":"2018-09-05T10:45:03","slug":"stearina-pulveris-rayher","status":"publish","type":"product","link":"https:\/\/hobstop.ee\/lv\/produkts\/stearina-pulveris-rayher\/","title":{"rendered":"Stear\u012bna pulveris Rayher"},"content":{"rendered":"<p>Stear\u012bna pulveris tiek pievienots paraf\u012bna vasku granul\u0101m, kam\u0113r tiek lieta sveces, lai palielin\u0101tu to kvalit\u0101ti: jo augst\u0101ks ir stear\u012bna saturs, jo lab\u0101k deg\u0161anas kvalit\u0101te un temperat\u016bras stabilit\u0101te. Stear\u012bna pulveris sast\u0101v no augu tauksk\u0101b\u0113m.<br \/>\nMasas veido\u0161anas attiec\u012bba: 1 da\u013ca stear\u012bna uz 10 da\u013c\u0101m paraf\u012bna. Ku\u0161anas temperat\u016bra ir aptuveni 60\u00b0C.<\/p>\n","protected":false},"excerpt":{"rendered":"<p>Stear\u012bna pulveris tiek pievienots paraf\u012bna vasku granul\u0101m, kam\u0113r tiek lieta sveces, lai palielin\u0101tu to kvalit\u0101ti: jo augst\u0101ks ir stear\u012bna saturs, jo lab\u0101k deg\u0161anas kvalit\u0101te un temperat\u016bras stabilit\u0101te. Stear\u012bna pulveris sast\u0101v no augu tauksk\u0101b\u0113m. Masas veido\u0161anas attiec\u012bba: 1 da\u013ca stear\u012bna uz 10 da\u013c\u0101m paraf\u012bna. Ku\u0161anas temperat\u016bra ir aptuveni 60\u00b0C.<\/p>\n","protected":false},"featured_media":317839,"comment_status":"closed","ping_status":"closed","template":"","meta":{"_acf_changed":false,"ep_exclude_from_search":false},"product_cat":[18973,17918,17964],"product_tag":[],"class_list":{"0":"post-317546","1":"product","2":"type-product","3":"status-publish","4":"has-post-thumbnail","6":"product_cat-piedevas-2","7":"product_cat-preces-hobijiem","8":"product_cat-svecu-vasks-un-dekoresanas-materiali","10":"first","11":"outofstock","12":"taxable","13":"shipping-taxable","14":"purchasable","15":"product-type-simple"},"acf":[],"yoast_head":"<!-- This site is optimized with the Yoast SEO plugin v24.1 - https:\/\/yoast.com\/wordpress\/plugins\/seo\/ -->\n<title>Stear\u012bna pulveris Rayher &#8211; Skizze<\/title>\n<meta name=\"robots\" content=\"noindex, follow, max-snippet:-1, max-image-preview:large, max-video-preview:-1\" \/>\n<meta property=\"og:locale\" content=\"lv_LV\" \/>\n<meta property=\"og:type\" content=\"article\" \/>\n<meta property=\"og:title\" content=\"Stear\u012bna pulveris Rayher &#8211; Skizze\" \/>\n<meta property=\"og:description\" content=\"Stear\u012bna pulveris tiek pievienots paraf\u012bna vasku granul\u0101m, kam\u0113r tiek lieta sveces, lai palielin\u0101tu to kvalit\u0101ti: jo augst\u0101ks ir stear\u012bna saturs, jo lab\u0101k deg\u0161anas kvalit\u0101te un temperat\u016bras stabilit\u0101te. Stear\u012bna pulveris sast\u0101v no augu tauksk\u0101b\u0113m. Masas veido\u0161anas attiec\u012bba: 1 da\u013ca stear\u012bna uz 10 da\u013c\u0101m paraf\u012bna. Ku\u0161anas temperat\u016bra ir aptuveni 60\u00b0C.\" \/>\n<meta property=\"og:url\" content=\"https:\/\/hobstop.ee\/lv\/produkts\/stearina-pulveris-rayher\/\" \/>\n<meta property=\"og:site_name\" content=\"Skizze\" \/>\n<meta property=\"article:publisher\" content=\"http:\/\/www.facebook.com\/VunderSkizze\" \/>\n<meta property=\"og:image\" content=\"https:\/\/hobstop.ee\/media\/4945.jpg\" \/>\n\t<meta property=\"og:image:width\" content=\"1024\" \/>\n\t<meta property=\"og:image:height\" content=\"768\" \/>\n\t<meta property=\"og:image:type\" content=\"image\/jpeg\" \/>\n<meta name=\"twitter:card\" content=\"summary_large_image\" \/>\n<script type=\"application\/ld+json\" class=\"yoast-schema-graph\">{\"@context\":\"https:\/\/schema.org\",\"@graph\":[{\"@type\":\"WebPage\",\"@id\":\"https:\/\/hobstop.ee\/lv\/produkts\/stearina-pulveris-rayher\/\",\"url\":\"https:\/\/hobstop.ee\/lv\/produkts\/stearina-pulveris-rayher\/\",\"name\":\"Stear\u012bna pulveris Rayher &#8211; Skizze\",\"isPartOf\":{\"@id\":\"https:\/\/hobstop.ee\/lv\/#website\"},\"primaryImageOfPage\":{\"@id\":\"https:\/\/hobstop.ee\/lv\/produkts\/stearina-pulveris-rayher\/#primaryimage\"},\"image\":{\"@id\":\"https:\/\/hobstop.ee\/lv\/produkts\/stearina-pulveris-rayher\/#primaryimage\"},\"thumbnailUrl\":\"https:\/\/hobstop.ee\/media\/4945.jpg\",\"datePublished\":\"2018-09-05T10:45:03+00:00\",\"dateModified\":\"2018-09-05T10:45:03+00:00\",\"breadcrumb\":{\"@id\":\"https:\/\/hobstop.ee\/lv\/produkts\/stearina-pulveris-rayher\/#breadcrumb\"},\"inLanguage\":\"lv-LV\",\"potentialAction\":[{\"@type\":\"ReadAction\",\"target\":[\"https:\/\/hobstop.ee\/lv\/produkts\/stearina-pulveris-rayher\/\"]}]},{\"@type\":\"ImageObject\",\"inLanguage\":\"lv-LV\",\"@id\":\"https:\/\/hobstop.ee\/lv\/produkts\/stearina-pulveris-rayher\/#primaryimage\",\"url\":\"https:\/\/hobstop.ee\/media\/4945.jpg\",\"contentUrl\":\"https:\/\/hobstop.ee\/media\/4945.jpg\",\"width\":1024,\"height\":768},{\"@type\":\"BreadcrumbList\",\"@id\":\"https:\/\/hobstop.ee\/lv\/produkts\/stearina-pulveris-rayher\/#breadcrumb\",\"itemListElement\":[{\"@type\":\"ListItem\",\"position\":1,\"name\":\"Avaleht\",\"item\":\"https:\/\/www.hobstop.ee\/lv\/\"},{\"@type\":\"ListItem\",\"position\":2,\"name\":\"Veikals\",\"item\":\"https:\/\/www.hobstop.ee\/lv\/veikals\/\"},{\"@type\":\"ListItem\",\"position\":3,\"name\":\"Stear\u012bna pulveris Rayher\"}]},{\"@type\":\"WebSite\",\"@id\":\"https:\/\/hobstop.ee\/lv\/#website\",\"url\":\"https:\/\/hobstop.ee\/lv\/\",\"name\":\"Skizze\",\"description\":\"M\u0101kslas, hobiju un skolas preces\",\"publisher\":{\"@id\":\"https:\/\/hobstop.ee\/lv\/#organization\"},\"potentialAction\":[{\"@type\":\"SearchAction\",\"target\":{\"@type\":\"EntryPoint\",\"urlTemplate\":\"https:\/\/hobstop.ee\/lv\/?s={search_term_string}\"},\"query-input\":{\"@type\":\"PropertyValueSpecification\",\"valueRequired\":true,\"valueName\":\"search_term_string\"}}],\"inLanguage\":\"lv-LV\"},{\"@type\":\"Organization\",\"@id\":\"https:\/\/hobstop.ee\/lv\/#organization\",\"name\":\"Vunder AS\",\"url\":\"https:\/\/hobstop.ee\/lv\/\",\"logo\":{\"@type\":\"ImageObject\",\"inLanguage\":\"lv-LV\",\"@id\":\"https:\/\/hobstop.ee\/lv\/#\/schema\/logo\/image\/\",\"url\":\"https:\/\/hobstop.ee\/media\/vunder-logo.png\",\"contentUrl\":\"https:\/\/hobstop.ee\/media\/vunder-logo.png\",\"width\":127,\"height\":55,\"caption\":\"Vunder AS\"},\"image\":{\"@id\":\"https:\/\/hobstop.ee\/lv\/#\/schema\/logo\/image\/\"},\"sameAs\":[\"http:\/\/www.facebook.com\/VunderSkizze\"]}]}<\/script>\n<!-- \/ Yoast SEO plugin. -->","yoast_head_json":{"title":"Stear\u012bna pulveris Rayher &#8211; Skizze","robots":{"index":"noindex","follow":"follow","max-snippet":"max-snippet:-1","max-image-preview":"max-image-preview:large","max-video-preview":"max-video-preview:-1"},"og_locale":"lv_LV","og_type":"article","og_title":"Stear\u012bna pulveris Rayher &#8211; Skizze","og_description":"Stear\u012bna pulveris tiek pievienots paraf\u012bna vasku granul\u0101m, kam\u0113r tiek lieta sveces, lai palielin\u0101tu to kvalit\u0101ti: jo augst\u0101ks ir stear\u012bna saturs, jo lab\u0101k deg\u0161anas kvalit\u0101te un temperat\u016bras stabilit\u0101te. Stear\u012bna pulveris sast\u0101v no augu tauksk\u0101b\u0113m. Masas veido\u0161anas attiec\u012bba: 1 da\u013ca stear\u012bna uz 10 da\u013c\u0101m paraf\u012bna. Ku\u0161anas temperat\u016bra ir aptuveni 60\u00b0C.","og_url":"https:\/\/hobstop.ee\/lv\/produkts\/stearina-pulveris-rayher\/","og_site_name":"Skizze","article_publisher":"http:\/\/www.facebook.com\/VunderSkizze","og_image":[{"width":1024,"height":768,"url":"https:\/\/hobstop.ee\/media\/4945.jpg","type":"image\/jpeg"}],"twitter_card":"summary_large_image","schema":{"@context":"https:\/\/schema.org","@graph":[{"@type":"WebPage","@id":"https:\/\/hobstop.ee\/lv\/produkts\/stearina-pulveris-rayher\/","url":"https:\/\/hobstop.ee\/lv\/produkts\/stearina-pulveris-rayher\/","name":"Stear\u012bna pulveris Rayher &#8211; Skizze","isPartOf":{"@id":"https:\/\/hobstop.ee\/lv\/#website"},"primaryImageOfPage":{"@id":"https:\/\/hobstop.ee\/lv\/produkts\/stearina-pulveris-rayher\/#primaryimage"},"image":{"@id":"https:\/\/hobstop.ee\/lv\/produkts\/stearina-pulveris-rayher\/#primaryimage"},"thumbnailUrl":"https:\/\/hobstop.ee\/media\/4945.jpg","datePublished":"2018-09-05T10:45:03+00:00","dateModified":"2018-09-05T10:45:03+00:00","breadcrumb":{"@id":"https:\/\/hobstop.ee\/lv\/produkts\/stearina-pulveris-rayher\/#breadcrumb"},"inLanguage":"lv-LV","potentialAction":[{"@type":"ReadAction","target":["https:\/\/hobstop.ee\/lv\/produkts\/stearina-pulveris-rayher\/"]}]},{"@type":"ImageObject","inLanguage":"lv-LV","@id":"https:\/\/hobstop.ee\/lv\/produkts\/stearina-pulveris-rayher\/#primaryimage","url":"https:\/\/hobstop.ee\/media\/4945.jpg","contentUrl":"https:\/\/hobstop.ee\/media\/4945.jpg","width":1024,"height":768},{"@type":"BreadcrumbList","@id":"https:\/\/hobstop.ee\/lv\/produkts\/stearina-pulveris-rayher\/#breadcrumb","itemListElement":[{"@type":"ListItem","position":1,"name":"Avaleht","item":"https:\/\/www.hobstop.ee\/lv\/"},{"@type":"ListItem","position":2,"name":"Veikals","item":"https:\/\/www.hobstop.ee\/lv\/veikals\/"},{"@type":"ListItem","position":3,"name":"Stear\u012bna pulveris Rayher"}]},{"@type":"WebSite","@id":"https:\/\/hobstop.ee\/lv\/#website","url":"https:\/\/hobstop.ee\/lv\/","name":"Skizze","description":"M\u0101kslas, hobiju un skolas preces","publisher":{"@id":"https:\/\/hobstop.ee\/lv\/#organization"},"potentialAction":[{"@type":"SearchAction","target":{"@type":"EntryPoint","urlTemplate":"https:\/\/hobstop.ee\/lv\/?s={search_term_string}"},"query-input":{"@type":"PropertyValueSpecification","valueRequired":true,"valueName":"search_term_string"}}],"inLanguage":"lv-LV"},{"@type":"Organization","@id":"https:\/\/hobstop.ee\/lv\/#organization","name":"Vunder AS","url":"https:\/\/hobstop.ee\/lv\/","logo":{"@type":"ImageObject","inLanguage":"lv-LV","@id":"https:\/\/hobstop.ee\/lv\/#\/schema\/logo\/image\/","url":"https:\/\/hobstop.ee\/media\/vunder-logo.png","contentUrl":"https:\/\/hobstop.ee\/media\/vunder-logo.png","width":127,"height":55,"caption":"Vunder AS"},"image":{"@id":"https:\/\/hobstop.ee\/lv\/#\/schema\/logo\/image\/"},"sameAs":["http:\/\/www.facebook.com\/VunderSkizze"]}]}},"_links":{"self":[{"href":"https:\/\/hobstop.ee\/lv\/wp-json\/wp\/v2\/product\/317546","targetHints":{"allow":["GET"]}}],"collection":[{"href":"https:\/\/hobstop.ee\/lv\/wp-json\/wp\/v2\/product"}],"about":[{"href":"https:\/\/hobstop.ee\/lv\/wp-json\/wp\/v2\/types\/product"}],"replies":[{"embeddable":true,"href":"https:\/\/hobstop.ee\/lv\/wp-json\/wp\/v2\/comments?post=317546"}],"wp:featuredmedia":[{"embeddable":true,"href":"https:\/\/hobstop.ee\/lv\/wp-json\/wp\/v2\/media\/317839"}],"wp:attachment":[{"href":"https:\/\/hobstop.ee\/lv\/wp-json\/wp\/v2\/media?parent=317546"}],"wp:term":[{"taxonomy":"product_cat","embeddable":true,"href":"https:\/\/hobstop.ee\/lv\/wp-json\/wp\/v2\/product_cat?post=317546"},{"taxonomy":"product_tag","embeddable":true,"href":"https:\/\/hobstop.ee\/lv\/wp-json\/wp\/v2\/product_tag?post=317546"}],"curies":[{"name":"wp","href":"https:\/\/api.w.org\/{rel}","templated":true}]}}