{"id":317550,"date":"2018-09-05T13:45:04","date_gmt":"2018-09-05T10:45:04","guid":{"rendered":"https:\/\/sharks.ee\/vunder_2019\/lv\/product\/paliknis-zals-rayher-saliekams\/"},"modified":"2018-09-05T13:45:04","modified_gmt":"2018-09-05T10:45:04","slug":"paliknis-zals-rayher-saliekams","status":"publish","type":"product","link":"https:\/\/hobstop.ee\/lv\/produkts\/paliknis-zals-rayher-saliekams\/","title":{"rendered":"Paliknis za\u013c\u0161 Rayher saliekams"},"content":{"rendered":"<p>Rayher paliktnis ir ide\u0101la virsma, kas piem\u0113rota grie\u0161anai un rokdarbiem. T\u0101 ir augst\u0101k\u0101s kvalit\u0101tes virsma, kuras pamat\u0101 ir daudzsl\u0101\u0146u materi\u0101ls ar lielisk\u0101m aizsardz\u012bbas \u012bpa\u0161\u012bb\u0101m un, ja taj\u0101 tiek iegriezts, griezuma vietas aizveras un k\u013c\u016bst neredzams.  Tas ir salok\u0101ms, l\u012bdz ar to ietaupa vietu un tam ir nesl\u012bdo\u0161a pamatvirsma, kas nodro\u0161ina papildaizsardz\u012bbu.<\/p>\n","protected":false},"excerpt":{"rendered":"<p>Rayher paliktnis ir ide\u0101la virsma, kas piem\u0113rota grie\u0161anai un rokdarbiem. T\u0101 ir augst\u0101k\u0101s kvalit\u0101tes virsma, kuras pamat\u0101 ir daudzsl\u0101\u0146u materi\u0101ls ar lielisk\u0101m aizsardz\u012bbas \u012bpa\u0161\u012bb\u0101m un, ja taj\u0101 tiek iegriezts, griezuma vietas aizveras un k\u013c\u016bst neredzams. Tas ir salok\u0101ms, l\u012bdz ar to ietaupa vietu un tam ir nesl\u012bdo\u0161a pamatvirsma, kas nodro\u0161ina papildaizsardz\u012bbu.<\/p>\n","protected":false},"featured_media":317843,"comment_status":"closed","ping_status":"closed","template":"","meta":{"_acf_changed":false,"ep_exclude_from_search":false},"product_cat":[18268,18646,17918],"product_tag":[],"class_list":{"0":"post-317550","1":"product","2":"type-product","3":"status-publish","4":"has-post-thumbnail","6":"product_cat-griesanas-paklajini","7":"product_cat-griesanas-piederumi","8":"product_cat-preces-hobijiem","10":"first","11":"outofstock","12":"taxable","13":"shipping-taxable","14":"purchasable","15":"product-type-simple"},"acf":[],"yoast_head":"<!-- This site is optimized with the Yoast SEO plugin v24.1 - https:\/\/yoast.com\/wordpress\/plugins\/seo\/ -->\n<title>Paliknis za\u013c\u0161 Rayher saliekams &#8211; Skizze<\/title>\n<meta name=\"robots\" content=\"noindex, follow, max-snippet:-1, max-image-preview:large, max-video-preview:-1\" \/>\n<meta property=\"og:locale\" content=\"lv_LV\" \/>\n<meta property=\"og:type\" content=\"article\" \/>\n<meta property=\"og:title\" content=\"Paliknis za\u013c\u0161 Rayher saliekams &#8211; Skizze\" \/>\n<meta property=\"og:description\" content=\"Rayher paliktnis ir ide\u0101la virsma, kas piem\u0113rota grie\u0161anai un rokdarbiem. T\u0101 ir augst\u0101k\u0101s kvalit\u0101tes virsma, kuras pamat\u0101 ir daudzsl\u0101\u0146u materi\u0101ls ar lielisk\u0101m aizsardz\u012bbas \u012bpa\u0161\u012bb\u0101m un, ja taj\u0101 tiek iegriezts, griezuma vietas aizveras un k\u013c\u016bst neredzams. Tas ir salok\u0101ms, l\u012bdz ar to ietaupa vietu un tam ir nesl\u012bdo\u0161a pamatvirsma, kas nodro\u0161ina papildaizsardz\u012bbu.\" \/>\n<meta property=\"og:url\" content=\"https:\/\/hobstop.ee\/lv\/produkts\/paliknis-zals-rayher-saliekams\/\" \/>\n<meta property=\"og:site_name\" content=\"Skizze\" \/>\n<meta property=\"article:publisher\" content=\"http:\/\/www.facebook.com\/VunderSkizze\" \/>\n<meta property=\"og:image\" content=\"https:\/\/www.hobstop.ee\/media\/4947.jpg\" \/>\n\t<meta property=\"og:image:width\" content=\"1024\" \/>\n\t<meta property=\"og:image:height\" content=\"768\" \/>\n\t<meta property=\"og:image:type\" content=\"image\/jpeg\" \/>\n<meta name=\"twitter:card\" content=\"summary_large_image\" \/>\n<script type=\"application\/ld+json\" class=\"yoast-schema-graph\">{\"@context\":\"https:\/\/schema.org\",\"@graph\":[{\"@type\":\"WebPage\",\"@id\":\"https:\/\/hobstop.ee\/lv\/produkts\/paliknis-zals-rayher-saliekams\/\",\"url\":\"https:\/\/hobstop.ee\/lv\/produkts\/paliknis-zals-rayher-saliekams\/\",\"name\":\"Paliknis za\u013c\u0161 Rayher saliekams &#8211; Skizze\",\"isPartOf\":{\"@id\":\"https:\/\/hobstop.ee\/lv\/#website\"},\"primaryImageOfPage\":{\"@id\":\"https:\/\/hobstop.ee\/lv\/produkts\/paliknis-zals-rayher-saliekams\/#primaryimage\"},\"image\":{\"@id\":\"https:\/\/hobstop.ee\/lv\/produkts\/paliknis-zals-rayher-saliekams\/#primaryimage\"},\"thumbnailUrl\":\"https:\/\/hobstop.ee\/media\/4947.jpg\",\"datePublished\":\"2018-09-05T10:45:04+00:00\",\"dateModified\":\"2018-09-05T10:45:04+00:00\",\"breadcrumb\":{\"@id\":\"https:\/\/hobstop.ee\/lv\/produkts\/paliknis-zals-rayher-saliekams\/#breadcrumb\"},\"inLanguage\":\"lv-LV\",\"potentialAction\":[{\"@type\":\"ReadAction\",\"target\":[\"https:\/\/hobstop.ee\/lv\/produkts\/paliknis-zals-rayher-saliekams\/\"]}]},{\"@type\":\"ImageObject\",\"inLanguage\":\"lv-LV\",\"@id\":\"https:\/\/hobstop.ee\/lv\/produkts\/paliknis-zals-rayher-saliekams\/#primaryimage\",\"url\":\"https:\/\/hobstop.ee\/media\/4947.jpg\",\"contentUrl\":\"https:\/\/hobstop.ee\/media\/4947.jpg\",\"width\":1024,\"height\":768},{\"@type\":\"BreadcrumbList\",\"@id\":\"https:\/\/hobstop.ee\/lv\/produkts\/paliknis-zals-rayher-saliekams\/#breadcrumb\",\"itemListElement\":[{\"@type\":\"ListItem\",\"position\":1,\"name\":\"Avaleht\",\"item\":\"https:\/\/www.hobstop.ee\/lv\/\"},{\"@type\":\"ListItem\",\"position\":2,\"name\":\"Veikals\",\"item\":\"https:\/\/www.hobstop.ee\/lv\/veikals\/\"},{\"@type\":\"ListItem\",\"position\":3,\"name\":\"Paliknis za\u013c\u0161 Rayher saliekams\"}]},{\"@type\":\"WebSite\",\"@id\":\"https:\/\/hobstop.ee\/lv\/#website\",\"url\":\"https:\/\/hobstop.ee\/lv\/\",\"name\":\"Skizze\",\"description\":\"M\u0101kslas, hobiju un skolas preces\",\"publisher\":{\"@id\":\"https:\/\/hobstop.ee\/lv\/#organization\"},\"potentialAction\":[{\"@type\":\"SearchAction\",\"target\":{\"@type\":\"EntryPoint\",\"urlTemplate\":\"https:\/\/hobstop.ee\/lv\/?s={search_term_string}\"},\"query-input\":{\"@type\":\"PropertyValueSpecification\",\"valueRequired\":true,\"valueName\":\"search_term_string\"}}],\"inLanguage\":\"lv-LV\"},{\"@type\":\"Organization\",\"@id\":\"https:\/\/hobstop.ee\/lv\/#organization\",\"name\":\"Vunder AS\",\"url\":\"https:\/\/hobstop.ee\/lv\/\",\"logo\":{\"@type\":\"ImageObject\",\"inLanguage\":\"lv-LV\",\"@id\":\"https:\/\/hobstop.ee\/lv\/#\/schema\/logo\/image\/\",\"url\":\"https:\/\/hobstop.ee\/media\/vunder-logo.png\",\"contentUrl\":\"https:\/\/hobstop.ee\/media\/vunder-logo.png\",\"width\":127,\"height\":55,\"caption\":\"Vunder AS\"},\"image\":{\"@id\":\"https:\/\/hobstop.ee\/lv\/#\/schema\/logo\/image\/\"},\"sameAs\":[\"http:\/\/www.facebook.com\/VunderSkizze\"]}]}<\/script>\n<!-- \/ Yoast SEO plugin. -->","yoast_head_json":{"title":"Paliknis za\u013c\u0161 Rayher saliekams &#8211; Skizze","robots":{"index":"noindex","follow":"follow","max-snippet":"max-snippet:-1","max-image-preview":"max-image-preview:large","max-video-preview":"max-video-preview:-1"},"og_locale":"lv_LV","og_type":"article","og_title":"Paliknis za\u013c\u0161 Rayher saliekams &#8211; Skizze","og_description":"Rayher paliktnis ir ide\u0101la virsma, kas piem\u0113rota grie\u0161anai un rokdarbiem. T\u0101 ir augst\u0101k\u0101s kvalit\u0101tes virsma, kuras pamat\u0101 ir daudzsl\u0101\u0146u materi\u0101ls ar lielisk\u0101m aizsardz\u012bbas \u012bpa\u0161\u012bb\u0101m un, ja taj\u0101 tiek iegriezts, griezuma vietas aizveras un k\u013c\u016bst neredzams. Tas ir salok\u0101ms, l\u012bdz ar to ietaupa vietu un tam ir nesl\u012bdo\u0161a pamatvirsma, kas nodro\u0161ina papildaizsardz\u012bbu.","og_url":"https:\/\/hobstop.ee\/lv\/produkts\/paliknis-zals-rayher-saliekams\/","og_site_name":"Skizze","article_publisher":"http:\/\/www.facebook.com\/VunderSkizze","og_image":[{"width":1024,"height":768,"url":"https:\/\/www.hobstop.ee\/media\/4947.jpg","type":"image\/jpeg"}],"twitter_card":"summary_large_image","schema":{"@context":"https:\/\/schema.org","@graph":[{"@type":"WebPage","@id":"https:\/\/hobstop.ee\/lv\/produkts\/paliknis-zals-rayher-saliekams\/","url":"https:\/\/hobstop.ee\/lv\/produkts\/paliknis-zals-rayher-saliekams\/","name":"Paliknis za\u013c\u0161 Rayher saliekams &#8211; Skizze","isPartOf":{"@id":"https:\/\/hobstop.ee\/lv\/#website"},"primaryImageOfPage":{"@id":"https:\/\/hobstop.ee\/lv\/produkts\/paliknis-zals-rayher-saliekams\/#primaryimage"},"image":{"@id":"https:\/\/hobstop.ee\/lv\/produkts\/paliknis-zals-rayher-saliekams\/#primaryimage"},"thumbnailUrl":"https:\/\/hobstop.ee\/media\/4947.jpg","datePublished":"2018-09-05T10:45:04+00:00","dateModified":"2018-09-05T10:45:04+00:00","breadcrumb":{"@id":"https:\/\/hobstop.ee\/lv\/produkts\/paliknis-zals-rayher-saliekams\/#breadcrumb"},"inLanguage":"lv-LV","potentialAction":[{"@type":"ReadAction","target":["https:\/\/hobstop.ee\/lv\/produkts\/paliknis-zals-rayher-saliekams\/"]}]},{"@type":"ImageObject","inLanguage":"lv-LV","@id":"https:\/\/hobstop.ee\/lv\/produkts\/paliknis-zals-rayher-saliekams\/#primaryimage","url":"https:\/\/hobstop.ee\/media\/4947.jpg","contentUrl":"https:\/\/hobstop.ee\/media\/4947.jpg","width":1024,"height":768},{"@type":"BreadcrumbList","@id":"https:\/\/hobstop.ee\/lv\/produkts\/paliknis-zals-rayher-saliekams\/#breadcrumb","itemListElement":[{"@type":"ListItem","position":1,"name":"Avaleht","item":"https:\/\/www.hobstop.ee\/lv\/"},{"@type":"ListItem","position":2,"name":"Veikals","item":"https:\/\/www.hobstop.ee\/lv\/veikals\/"},{"@type":"ListItem","position":3,"name":"Paliknis za\u013c\u0161 Rayher saliekams"}]},{"@type":"WebSite","@id":"https:\/\/hobstop.ee\/lv\/#website","url":"https:\/\/hobstop.ee\/lv\/","name":"Skizze","description":"M\u0101kslas, hobiju un skolas preces","publisher":{"@id":"https:\/\/hobstop.ee\/lv\/#organization"},"potentialAction":[{"@type":"SearchAction","target":{"@type":"EntryPoint","urlTemplate":"https:\/\/hobstop.ee\/lv\/?s={search_term_string}"},"query-input":{"@type":"PropertyValueSpecification","valueRequired":true,"valueName":"search_term_string"}}],"inLanguage":"lv-LV"},{"@type":"Organization","@id":"https:\/\/hobstop.ee\/lv\/#organization","name":"Vunder AS","url":"https:\/\/hobstop.ee\/lv\/","logo":{"@type":"ImageObject","inLanguage":"lv-LV","@id":"https:\/\/hobstop.ee\/lv\/#\/schema\/logo\/image\/","url":"https:\/\/hobstop.ee\/media\/vunder-logo.png","contentUrl":"https:\/\/hobstop.ee\/media\/vunder-logo.png","width":127,"height":55,"caption":"Vunder AS"},"image":{"@id":"https:\/\/hobstop.ee\/lv\/#\/schema\/logo\/image\/"},"sameAs":["http:\/\/www.facebook.com\/VunderSkizze"]}]}},"_links":{"self":[{"href":"https:\/\/hobstop.ee\/lv\/wp-json\/wp\/v2\/product\/317550","targetHints":{"allow":["GET"]}}],"collection":[{"href":"https:\/\/hobstop.ee\/lv\/wp-json\/wp\/v2\/product"}],"about":[{"href":"https:\/\/hobstop.ee\/lv\/wp-json\/wp\/v2\/types\/product"}],"replies":[{"embeddable":true,"href":"https:\/\/hobstop.ee\/lv\/wp-json\/wp\/v2\/comments?post=317550"}],"wp:featuredmedia":[{"embeddable":true,"href":"https:\/\/hobstop.ee\/lv\/wp-json\/wp\/v2\/media\/317843"}],"wp:attachment":[{"href":"https:\/\/hobstop.ee\/lv\/wp-json\/wp\/v2\/media?parent=317550"}],"wp:term":[{"taxonomy":"product_cat","embeddable":true,"href":"https:\/\/hobstop.ee\/lv\/wp-json\/wp\/v2\/product_cat?post=317550"},{"taxonomy":"product_tag","embeddable":true,"href":"https:\/\/hobstop.ee\/lv\/wp-json\/wp\/v2\/product_tag?post=317550"}],"curies":[{"name":"wp","href":"https:\/\/api.w.org\/{rel}","templated":true}]}}