{"id":318456,"date":"2018-10-01T10:39:10","date_gmt":"2018-10-01T07:39:10","guid":{"rendered":"https:\/\/sharks.ee\/vunder_2019\/lv\/product\/akvarelu-tinte-marabu-graphix-15ml\/"},"modified":"2018-10-01T10:39:10","modified_gmt":"2018-10-01T07:39:10","slug":"akvarelu-tinte-marabu-graphix-15ml","status":"publish","type":"product","link":"https:\/\/hobstop.ee\/lv\/produkts\/akvarelu-tinte-marabu-graphix-15ml\/","title":{"rendered":"Akvare\u013cu tinte Marabu Graphix 15ml"},"content":{"rendered":"<p>Marabu Graphix ir akvare\u013ckr\u0101sas tinte uz \u016bdens b\u0101zes ar izteikti sp\u012bd\u012bgu pigmentu. T\u0101 ir dab\u012bgi caursp\u012bd\u012bga un ar izcilu iztur\u012bbu pret gaismas iedarb\u012bbu. Izm\u0113\u0123iniet iecien\u012bt\u0101k\u0101s akvare\u013ckr\u0101su metodes ar otu vai veiciet izteiktas l\u012bnijas treknrakst\u0101 ar spalvask\u0101tu. Pat p\u0113c no\u017e\u016b\u0161anas, tinti var piln\u012bb\u0101 iz\u0161\u0137\u012bdin\u0101t \u016bden\u012b, padarot rado\u0161\u0101s iesp\u0113jas bezgal\u012bgas. Spilgt\u0101s nokr\u0101sas var sajaukt, t\u0101d\u0113\u013c ir v\u0113rts eksperiment\u0113t! Pirms lieto\u0161anas, ener\u0123iski sakrat\u012bt.<\/p>\n","protected":false},"excerpt":{"rendered":"<p>Marabu Graphix ir akvare\u013ckr\u0101sas tinte uz \u016bdens b\u0101zes ar izteikti sp\u012bd\u012bgu pigmentu. T\u0101 ir dab\u012bgi caursp\u012bd\u012bga un ar izcilu iztur\u012bbu pret gaismas iedarb\u012bbu. Izm\u0113\u0123iniet iecien\u012bt\u0101k\u0101s akvare\u013ckr\u0101su metodes ar otu vai veiciet izteiktas l\u012bnijas treknrakst\u0101 ar spalvask\u0101tu. Pat p\u0113c no\u017e\u016b\u0161anas, tinti var piln\u012bb\u0101 iz\u0161\u0137\u012bdin\u0101t \u016bden\u012b, padarot rado\u0161\u0101s iesp\u0113jas bezgal\u012bgas. Spilgt\u0101s nokr\u0101sas var sajaukt, t\u0101d\u0113\u013c ir v\u0113rts eksperiment\u0113t! Pirms lieto\u0161anas, ener\u0123iski sakrat\u012bt.<\/p>\n","protected":false},"featured_media":320178,"comment_status":"closed","ping_status":"closed","template":"","meta":{"_acf_changed":false,"ep_exclude_from_search":false},"product_cat":[19000,17980,16123],"product_tag":[],"class_list":{"0":"post-318456","1":"product","2":"type-product","3":"status-publish","4":"has-post-thumbnail","6":"product_cat-akvarelkrasas-2","7":"product_cat-krasas-un-gleznosanas-paligmateriali","8":"product_cat-makslas-piederumi-2","10":"first","11":"instock","12":"taxable","13":"shipping-taxable","14":"purchasable","15":"product-type-simple"},"acf":[],"yoast_head":"<!-- This site is optimized with the Yoast SEO plugin v24.1 - https:\/\/yoast.com\/wordpress\/plugins\/seo\/ -->\n<title>Akvare\u013cu tinte Marabu Graphix 15ml &#8211; Skizze<\/title>\n<meta name=\"robots\" content=\"noindex, follow, max-snippet:-1, max-image-preview:large, max-video-preview:-1\" \/>\n<meta property=\"og:locale\" content=\"lv_LV\" \/>\n<meta property=\"og:type\" content=\"article\" \/>\n<meta property=\"og:title\" content=\"Akvare\u013cu tinte Marabu Graphix 15ml &#8211; Skizze\" \/>\n<meta property=\"og:description\" content=\"Marabu Graphix ir akvare\u013ckr\u0101sas tinte uz \u016bdens b\u0101zes ar izteikti sp\u012bd\u012bgu pigmentu. T\u0101 ir dab\u012bgi caursp\u012bd\u012bga un ar izcilu iztur\u012bbu pret gaismas iedarb\u012bbu. Izm\u0113\u0123iniet iecien\u012bt\u0101k\u0101s akvare\u013ckr\u0101su metodes ar otu vai veiciet izteiktas l\u012bnijas treknrakst\u0101 ar spalvask\u0101tu. Pat p\u0113c no\u017e\u016b\u0161anas, tinti var piln\u012bb\u0101 iz\u0161\u0137\u012bdin\u0101t \u016bden\u012b, padarot rado\u0161\u0101s iesp\u0113jas bezgal\u012bgas. Spilgt\u0101s nokr\u0101sas var sajaukt, t\u0101d\u0113\u013c ir v\u0113rts eksperiment\u0113t! Pirms lieto\u0161anas, ener\u0123iski sakrat\u012bt.\" \/>\n<meta property=\"og:url\" content=\"https:\/\/hobstop.ee\/lv\/produkts\/akvarelu-tinte-marabu-graphix-15ml\/\" \/>\n<meta property=\"og:site_name\" content=\"Skizze\" \/>\n<meta property=\"article:publisher\" content=\"http:\/\/www.facebook.com\/VunderSkizze\" \/>\n<meta property=\"og:image\" content=\"https:\/\/hobstop.ee\/media\/4893.jpg\" \/>\n\t<meta property=\"og:image:width\" content=\"1024\" \/>\n\t<meta property=\"og:image:height\" content=\"768\" \/>\n\t<meta property=\"og:image:type\" content=\"image\/jpeg\" \/>\n<meta name=\"twitter:card\" content=\"summary_large_image\" \/>\n<script type=\"application\/ld+json\" class=\"yoast-schema-graph\">{\"@context\":\"https:\/\/schema.org\",\"@graph\":[{\"@type\":\"WebPage\",\"@id\":\"https:\/\/hobstop.ee\/lv\/produkts\/akvarelu-tinte-marabu-graphix-15ml\/\",\"url\":\"https:\/\/hobstop.ee\/lv\/produkts\/akvarelu-tinte-marabu-graphix-15ml\/\",\"name\":\"Akvare\u013cu tinte Marabu Graphix 15ml &#8211; Skizze\",\"isPartOf\":{\"@id\":\"https:\/\/hobstop.ee\/lv\/#website\"},\"primaryImageOfPage\":{\"@id\":\"https:\/\/hobstop.ee\/lv\/produkts\/akvarelu-tinte-marabu-graphix-15ml\/#primaryimage\"},\"image\":{\"@id\":\"https:\/\/hobstop.ee\/lv\/produkts\/akvarelu-tinte-marabu-graphix-15ml\/#primaryimage\"},\"thumbnailUrl\":\"https:\/\/hobstop.ee\/media\/4893.jpg\",\"datePublished\":\"2018-10-01T07:39:10+00:00\",\"dateModified\":\"2018-10-01T07:39:10+00:00\",\"breadcrumb\":{\"@id\":\"https:\/\/hobstop.ee\/lv\/produkts\/akvarelu-tinte-marabu-graphix-15ml\/#breadcrumb\"},\"inLanguage\":\"lv-LV\",\"potentialAction\":[{\"@type\":\"ReadAction\",\"target\":[\"https:\/\/hobstop.ee\/lv\/produkts\/akvarelu-tinte-marabu-graphix-15ml\/\"]}]},{\"@type\":\"ImageObject\",\"inLanguage\":\"lv-LV\",\"@id\":\"https:\/\/hobstop.ee\/lv\/produkts\/akvarelu-tinte-marabu-graphix-15ml\/#primaryimage\",\"url\":\"https:\/\/hobstop.ee\/media\/4893.jpg\",\"contentUrl\":\"https:\/\/hobstop.ee\/media\/4893.jpg\",\"width\":1024,\"height\":768},{\"@type\":\"BreadcrumbList\",\"@id\":\"https:\/\/hobstop.ee\/lv\/produkts\/akvarelu-tinte-marabu-graphix-15ml\/#breadcrumb\",\"itemListElement\":[{\"@type\":\"ListItem\",\"position\":1,\"name\":\"Avaleht\",\"item\":\"https:\/\/hobstop.ee\/lv\/\"},{\"@type\":\"ListItem\",\"position\":2,\"name\":\"Veikals\",\"item\":\"https:\/\/hobstop.ee\/lv\/veikals\/\"},{\"@type\":\"ListItem\",\"position\":3,\"name\":\"Akvare\u013cu tinte Marabu Graphix 15ml\"}]},{\"@type\":\"WebSite\",\"@id\":\"https:\/\/hobstop.ee\/lv\/#website\",\"url\":\"https:\/\/hobstop.ee\/lv\/\",\"name\":\"Skizze\",\"description\":\"M\u0101kslas, hobiju un skolas preces\",\"publisher\":{\"@id\":\"https:\/\/hobstop.ee\/lv\/#organization\"},\"potentialAction\":[{\"@type\":\"SearchAction\",\"target\":{\"@type\":\"EntryPoint\",\"urlTemplate\":\"https:\/\/hobstop.ee\/lv\/?s={search_term_string}\"},\"query-input\":{\"@type\":\"PropertyValueSpecification\",\"valueRequired\":true,\"valueName\":\"search_term_string\"}}],\"inLanguage\":\"lv-LV\"},{\"@type\":\"Organization\",\"@id\":\"https:\/\/hobstop.ee\/lv\/#organization\",\"name\":\"Vunder AS\",\"url\":\"https:\/\/hobstop.ee\/lv\/\",\"logo\":{\"@type\":\"ImageObject\",\"inLanguage\":\"lv-LV\",\"@id\":\"https:\/\/hobstop.ee\/lv\/#\/schema\/logo\/image\/\",\"url\":\"https:\/\/hobstop.ee\/media\/vunder-logo.png\",\"contentUrl\":\"https:\/\/hobstop.ee\/media\/vunder-logo.png\",\"width\":127,\"height\":55,\"caption\":\"Vunder AS\"},\"image\":{\"@id\":\"https:\/\/hobstop.ee\/lv\/#\/schema\/logo\/image\/\"},\"sameAs\":[\"http:\/\/www.facebook.com\/VunderSkizze\"]}]}<\/script>\n<!-- \/ Yoast SEO plugin. -->","yoast_head_json":{"title":"Akvare\u013cu tinte Marabu Graphix 15ml &#8211; Skizze","robots":{"index":"noindex","follow":"follow","max-snippet":"max-snippet:-1","max-image-preview":"max-image-preview:large","max-video-preview":"max-video-preview:-1"},"og_locale":"lv_LV","og_type":"article","og_title":"Akvare\u013cu tinte Marabu Graphix 15ml &#8211; Skizze","og_description":"Marabu Graphix ir akvare\u013ckr\u0101sas tinte uz \u016bdens b\u0101zes ar izteikti sp\u012bd\u012bgu pigmentu. T\u0101 ir dab\u012bgi caursp\u012bd\u012bga un ar izcilu iztur\u012bbu pret gaismas iedarb\u012bbu. Izm\u0113\u0123iniet iecien\u012bt\u0101k\u0101s akvare\u013ckr\u0101su metodes ar otu vai veiciet izteiktas l\u012bnijas treknrakst\u0101 ar spalvask\u0101tu. Pat p\u0113c no\u017e\u016b\u0161anas, tinti var piln\u012bb\u0101 iz\u0161\u0137\u012bdin\u0101t \u016bden\u012b, padarot rado\u0161\u0101s iesp\u0113jas bezgal\u012bgas. Spilgt\u0101s nokr\u0101sas var sajaukt, t\u0101d\u0113\u013c ir v\u0113rts eksperiment\u0113t! Pirms lieto\u0161anas, ener\u0123iski sakrat\u012bt.","og_url":"https:\/\/hobstop.ee\/lv\/produkts\/akvarelu-tinte-marabu-graphix-15ml\/","og_site_name":"Skizze","article_publisher":"http:\/\/www.facebook.com\/VunderSkizze","og_image":[{"width":1024,"height":768,"url":"https:\/\/hobstop.ee\/media\/4893.jpg","type":"image\/jpeg"}],"twitter_card":"summary_large_image","schema":{"@context":"https:\/\/schema.org","@graph":[{"@type":"WebPage","@id":"https:\/\/hobstop.ee\/lv\/produkts\/akvarelu-tinte-marabu-graphix-15ml\/","url":"https:\/\/hobstop.ee\/lv\/produkts\/akvarelu-tinte-marabu-graphix-15ml\/","name":"Akvare\u013cu tinte Marabu Graphix 15ml &#8211; Skizze","isPartOf":{"@id":"https:\/\/hobstop.ee\/lv\/#website"},"primaryImageOfPage":{"@id":"https:\/\/hobstop.ee\/lv\/produkts\/akvarelu-tinte-marabu-graphix-15ml\/#primaryimage"},"image":{"@id":"https:\/\/hobstop.ee\/lv\/produkts\/akvarelu-tinte-marabu-graphix-15ml\/#primaryimage"},"thumbnailUrl":"https:\/\/hobstop.ee\/media\/4893.jpg","datePublished":"2018-10-01T07:39:10+00:00","dateModified":"2018-10-01T07:39:10+00:00","breadcrumb":{"@id":"https:\/\/hobstop.ee\/lv\/produkts\/akvarelu-tinte-marabu-graphix-15ml\/#breadcrumb"},"inLanguage":"lv-LV","potentialAction":[{"@type":"ReadAction","target":["https:\/\/hobstop.ee\/lv\/produkts\/akvarelu-tinte-marabu-graphix-15ml\/"]}]},{"@type":"ImageObject","inLanguage":"lv-LV","@id":"https:\/\/hobstop.ee\/lv\/produkts\/akvarelu-tinte-marabu-graphix-15ml\/#primaryimage","url":"https:\/\/hobstop.ee\/media\/4893.jpg","contentUrl":"https:\/\/hobstop.ee\/media\/4893.jpg","width":1024,"height":768},{"@type":"BreadcrumbList","@id":"https:\/\/hobstop.ee\/lv\/produkts\/akvarelu-tinte-marabu-graphix-15ml\/#breadcrumb","itemListElement":[{"@type":"ListItem","position":1,"name":"Avaleht","item":"https:\/\/hobstop.ee\/lv\/"},{"@type":"ListItem","position":2,"name":"Veikals","item":"https:\/\/hobstop.ee\/lv\/veikals\/"},{"@type":"ListItem","position":3,"name":"Akvare\u013cu tinte Marabu Graphix 15ml"}]},{"@type":"WebSite","@id":"https:\/\/hobstop.ee\/lv\/#website","url":"https:\/\/hobstop.ee\/lv\/","name":"Skizze","description":"M\u0101kslas, hobiju un skolas preces","publisher":{"@id":"https:\/\/hobstop.ee\/lv\/#organization"},"potentialAction":[{"@type":"SearchAction","target":{"@type":"EntryPoint","urlTemplate":"https:\/\/hobstop.ee\/lv\/?s={search_term_string}"},"query-input":{"@type":"PropertyValueSpecification","valueRequired":true,"valueName":"search_term_string"}}],"inLanguage":"lv-LV"},{"@type":"Organization","@id":"https:\/\/hobstop.ee\/lv\/#organization","name":"Vunder AS","url":"https:\/\/hobstop.ee\/lv\/","logo":{"@type":"ImageObject","inLanguage":"lv-LV","@id":"https:\/\/hobstop.ee\/lv\/#\/schema\/logo\/image\/","url":"https:\/\/hobstop.ee\/media\/vunder-logo.png","contentUrl":"https:\/\/hobstop.ee\/media\/vunder-logo.png","width":127,"height":55,"caption":"Vunder AS"},"image":{"@id":"https:\/\/hobstop.ee\/lv\/#\/schema\/logo\/image\/"},"sameAs":["http:\/\/www.facebook.com\/VunderSkizze"]}]}},"_links":{"self":[{"href":"https:\/\/hobstop.ee\/lv\/wp-json\/wp\/v2\/product\/318456","targetHints":{"allow":["GET"]}}],"collection":[{"href":"https:\/\/hobstop.ee\/lv\/wp-json\/wp\/v2\/product"}],"about":[{"href":"https:\/\/hobstop.ee\/lv\/wp-json\/wp\/v2\/types\/product"}],"replies":[{"embeddable":true,"href":"https:\/\/hobstop.ee\/lv\/wp-json\/wp\/v2\/comments?post=318456"}],"wp:featuredmedia":[{"embeddable":true,"href":"https:\/\/hobstop.ee\/lv\/wp-json\/wp\/v2\/media\/320178"}],"wp:attachment":[{"href":"https:\/\/hobstop.ee\/lv\/wp-json\/wp\/v2\/media?parent=318456"}],"wp:term":[{"taxonomy":"product_cat","embeddable":true,"href":"https:\/\/hobstop.ee\/lv\/wp-json\/wp\/v2\/product_cat?post=318456"},{"taxonomy":"product_tag","embeddable":true,"href":"https:\/\/hobstop.ee\/lv\/wp-json\/wp\/v2\/product_tag?post=318456"}],"curies":[{"name":"wp","href":"https:\/\/api.w.org\/{rel}","templated":true}]}}