{"id":318468,"date":"2018-10-01T10:39:14","date_gmt":"2018-10-01T07:39:14","guid":{"rendered":"https:\/\/sharks.ee\/vunder_2019\/lv\/product\/krita-krasa-marabu-chalky-chic-aerosols-400ml\/"},"modified":"2018-10-01T10:39:14","modified_gmt":"2018-10-01T07:39:14","slug":"krita-krasa-marabu-chalky-chic-aerosols-400ml","status":"publish","type":"product","link":"https:\/\/hobstop.ee\/lv\/produkts\/krita-krasa-marabu-chalky-chic-aerosols-400ml\/","title":{"rendered":"Kr\u012bta kr\u0101sa Marabu Chalky-Chic aerosols 400ml"},"content":{"rendered":"<p>Pie\u0161\u0137ir vec\u0101m liet\u0101m smalku izskatu, jaun\u0101m liet\u0101m &#8211; vint\u0101\u017eas pieska\u0146u. Izmanto Chalky-Chic, lai padar\u012btu m\u0113beles un m\u0101jas piederumus \u012bpa\u0161i ori\u0123in\u0101lus. Vec\u0101s m\u0113beles p\u0101rv\u0113r\u0161as par modern\u0101m liet\u0101m ar nostal\u0123isku akcentu, pateicoties pla\u0161ajam Chalky-Chic kr\u012bta kr\u0101su kl\u0101stam. Saviem iecien\u012bt\u0101kajiem ikdienas priek\u0161metiem var pie\u0161\u0137irt vint\u0101\u017eas izskatu. M\u012b\u013c\u0101k\u0101s m\u0113beles ieg\u016bst aktu\u0101li nobru\u017e\u0101ti izsmalcin\u0101tu stilu, un ierasta v\u0101ze p\u0101rv\u0113r\u0161as par neticami modernu v\u0101zi. Izteikti mat\u0113t\u0101s un samtaini m\u012bkst\u0101s Chalky-Chic kr\u0101sas p\u0101rv\u0113r\u0161 ikvienu priek\u0161metu neatk\u0101rtojam\u0101 un unik\u0101l\u0101 m\u0101jok\u013ca akcent\u0101. Chalky-Chic kr\u0101sa ir ztur\u012bga pret nodil\u0161anu un t\u0101 ir \u016bdensdro\u0161a. Chalky-Chic &#8211; t\u0101 ir \u0101tr\u0101ka un daudz efekt\u012bv\u0101ka kr\u0101su uzkl\u0101\u0161ana bez otu triepieniem un ir piem\u0113rota izmanto\u0161anai uz nel\u012bdzen\u0101m virsm\u0101m. Var izmantot uz koka, MDF, stikla, met\u0101la, pap\u012bra, keramikas, porcel\u0101na, m\u0101la, audekla, plastmasas virsm\u0101m.<\/p>\n","protected":false},"excerpt":{"rendered":"<p>Pie\u0161\u0137ir vec\u0101m liet\u0101m smalku izskatu, jaun\u0101m liet\u0101m &#8211; vint\u0101\u017eas pieska\u0146u. Izmanto Chalky-Chic, lai padar\u012btu m\u0113beles un m\u0101jas piederumus \u012bpa\u0161i ori\u0123in\u0101lus. Vec\u0101s m\u0113beles p\u0101rv\u0113r\u0161as par modern\u0101m liet\u0101m ar nostal\u0123isku akcentu, pateicoties pla\u0161ajam Chalky-Chic kr\u012bta kr\u0101su kl\u0101stam. Saviem iecien\u012bt\u0101kajiem ikdienas priek\u0161metiem var pie\u0161\u0137irt vint\u0101\u017eas izskatu. M\u012b\u013c\u0101k\u0101s m\u0113beles ieg\u016bst aktu\u0101li nobru\u017e\u0101ti izsmalcin\u0101tu stilu, un ierasta v\u0101ze p\u0101rv\u0113r\u0161as par neticami modernu v\u0101zi. Izteikti mat\u0113t\u0101s un samtaini m\u012bkst\u0101s Chalky-Chic kr\u0101sas p\u0101rv\u0113r\u0161 ikvienu priek\u0161metu neatk\u0101rtojam\u0101 un unik\u0101l\u0101 m\u0101jok\u013ca akcent\u0101. Chalky-Chic kr\u0101sa ir ztur\u012bga pret nodil\u0161anu un t\u0101 ir \u016bdensdro\u0161a. Chalky-Chic &#8211; t\u0101 ir \u0101tr\u0101ka un daudz efekt\u012bv\u0101ka kr\u0101su uzkl\u0101\u0161ana bez otu triepieniem un ir piem\u0113rota izmanto\u0161anai uz nel\u012bdzen\u0101m virsm\u0101m. Var izmantot uz koka, MDF, stikla, met\u0101la, pap\u012bra, keramikas, porcel\u0101na, m\u0101la, audekla, plastmasas virsm\u0101m.<\/p>\n","protected":false},"featured_media":320190,"comment_status":"closed","ping_status":"closed","template":"","meta":{"_acf_changed":false,"ep_exclude_from_search":false},"product_cat":[18201,17954,17918],"product_tag":[],"class_list":{"0":"post-318468","1":"product","2":"type-product","3":"status-publish","4":"has-post-thumbnail","6":"product_cat-decor-krasas-2","7":"product_cat-decor-krasas-un-lakas","8":"product_cat-preces-hobijiem","10":"first","11":"instock","12":"taxable","13":"shipping-taxable","14":"purchasable","15":"product-type-simple"},"acf":[],"yoast_head":"<!-- This site is optimized with the Yoast SEO plugin v24.1 - https:\/\/yoast.com\/wordpress\/plugins\/seo\/ -->\n<title>Kr\u012bta kr\u0101sa Marabu Chalky-Chic aerosols 400ml &#8211; Skizze<\/title>\n<meta name=\"robots\" content=\"noindex, follow, max-snippet:-1, max-image-preview:large, max-video-preview:-1\" \/>\n<meta property=\"og:locale\" content=\"lv_LV\" \/>\n<meta property=\"og:type\" content=\"article\" \/>\n<meta property=\"og:title\" content=\"Kr\u012bta kr\u0101sa Marabu Chalky-Chic aerosols 400ml &#8211; Skizze\" \/>\n<meta property=\"og:description\" content=\"Pie\u0161\u0137ir vec\u0101m liet\u0101m smalku izskatu, jaun\u0101m liet\u0101m &#8211; vint\u0101\u017eas pieska\u0146u. Izmanto Chalky-Chic, lai padar\u012btu m\u0113beles un m\u0101jas piederumus \u012bpa\u0161i ori\u0123in\u0101lus. Vec\u0101s m\u0113beles p\u0101rv\u0113r\u0161as par modern\u0101m liet\u0101m ar nostal\u0123isku akcentu, pateicoties pla\u0161ajam Chalky-Chic kr\u012bta kr\u0101su kl\u0101stam. Saviem iecien\u012bt\u0101kajiem ikdienas priek\u0161metiem var pie\u0161\u0137irt vint\u0101\u017eas izskatu. M\u012b\u013c\u0101k\u0101s m\u0113beles ieg\u016bst aktu\u0101li nobru\u017e\u0101ti izsmalcin\u0101tu stilu, un ierasta v\u0101ze p\u0101rv\u0113r\u0161as par neticami modernu v\u0101zi. Izteikti mat\u0113t\u0101s un samtaini m\u012bkst\u0101s Chalky-Chic kr\u0101sas p\u0101rv\u0113r\u0161 ikvienu priek\u0161metu neatk\u0101rtojam\u0101 un unik\u0101l\u0101 m\u0101jok\u013ca akcent\u0101. Chalky-Chic kr\u0101sa ir ztur\u012bga pret nodil\u0161anu un t\u0101 ir \u016bdensdro\u0161a. Chalky-Chic &#8211; t\u0101 ir \u0101tr\u0101ka un daudz efekt\u012bv\u0101ka kr\u0101su uzkl\u0101\u0161ana bez otu triepieniem un ir piem\u0113rota izmanto\u0161anai uz nel\u012bdzen\u0101m virsm\u0101m. Var izmantot uz koka, MDF, stikla, met\u0101la, pap\u012bra, keramikas, porcel\u0101na, m\u0101la, audekla, plastmasas virsm\u0101m.\" \/>\n<meta property=\"og:url\" content=\"https:\/\/hobstop.ee\/lv\/produkts\/krita-krasa-marabu-chalky-chic-aerosols-400ml\/\" \/>\n<meta property=\"og:site_name\" content=\"Skizze\" \/>\n<meta property=\"article:publisher\" content=\"http:\/\/www.facebook.com\/VunderSkizze\" \/>\n<meta property=\"og:image\" content=\"https:\/\/hobstop.ee\/media\/4905.jpg\" \/>\n\t<meta property=\"og:image:width\" content=\"1024\" \/>\n\t<meta property=\"og:image:height\" content=\"768\" \/>\n\t<meta property=\"og:image:type\" content=\"image\/jpeg\" \/>\n<meta name=\"twitter:card\" content=\"summary_large_image\" \/>\n<meta name=\"twitter:label1\" content=\"Est. reading time\" \/>\n\t<meta name=\"twitter:data1\" content=\"1 min\u016b\u0161u\" \/>\n<script type=\"application\/ld+json\" class=\"yoast-schema-graph\">{\"@context\":\"https:\/\/schema.org\",\"@graph\":[{\"@type\":\"WebPage\",\"@id\":\"https:\/\/hobstop.ee\/lv\/produkts\/krita-krasa-marabu-chalky-chic-aerosols-400ml\/\",\"url\":\"https:\/\/hobstop.ee\/lv\/produkts\/krita-krasa-marabu-chalky-chic-aerosols-400ml\/\",\"name\":\"Kr\u012bta kr\u0101sa Marabu Chalky-Chic aerosols 400ml &#8211; Skizze\",\"isPartOf\":{\"@id\":\"https:\/\/hobstop.ee\/lv\/#website\"},\"primaryImageOfPage\":{\"@id\":\"https:\/\/hobstop.ee\/lv\/produkts\/krita-krasa-marabu-chalky-chic-aerosols-400ml\/#primaryimage\"},\"image\":{\"@id\":\"https:\/\/hobstop.ee\/lv\/produkts\/krita-krasa-marabu-chalky-chic-aerosols-400ml\/#primaryimage\"},\"thumbnailUrl\":\"https:\/\/hobstop.ee\/media\/4905.jpg\",\"datePublished\":\"2018-10-01T07:39:14+00:00\",\"dateModified\":\"2018-10-01T07:39:14+00:00\",\"breadcrumb\":{\"@id\":\"https:\/\/hobstop.ee\/lv\/produkts\/krita-krasa-marabu-chalky-chic-aerosols-400ml\/#breadcrumb\"},\"inLanguage\":\"lv-LV\",\"potentialAction\":[{\"@type\":\"ReadAction\",\"target\":[\"https:\/\/hobstop.ee\/lv\/produkts\/krita-krasa-marabu-chalky-chic-aerosols-400ml\/\"]}]},{\"@type\":\"ImageObject\",\"inLanguage\":\"lv-LV\",\"@id\":\"https:\/\/hobstop.ee\/lv\/produkts\/krita-krasa-marabu-chalky-chic-aerosols-400ml\/#primaryimage\",\"url\":\"https:\/\/hobstop.ee\/media\/4905.jpg\",\"contentUrl\":\"https:\/\/hobstop.ee\/media\/4905.jpg\",\"width\":1024,\"height\":768},{\"@type\":\"BreadcrumbList\",\"@id\":\"https:\/\/hobstop.ee\/lv\/produkts\/krita-krasa-marabu-chalky-chic-aerosols-400ml\/#breadcrumb\",\"itemListElement\":[{\"@type\":\"ListItem\",\"position\":1,\"name\":\"Avaleht\",\"item\":\"https:\/\/www.hobstop.ee\/lv\/\"},{\"@type\":\"ListItem\",\"position\":2,\"name\":\"Veikals\",\"item\":\"https:\/\/www.hobstop.ee\/lv\/veikals\/\"},{\"@type\":\"ListItem\",\"position\":3,\"name\":\"Kr\u012bta kr\u0101sa Marabu Chalky-Chic aerosols 400ml\"}]},{\"@type\":\"WebSite\",\"@id\":\"https:\/\/hobstop.ee\/lv\/#website\",\"url\":\"https:\/\/hobstop.ee\/lv\/\",\"name\":\"Skizze\",\"description\":\"M\u0101kslas, hobiju un skolas preces\",\"publisher\":{\"@id\":\"https:\/\/hobstop.ee\/lv\/#organization\"},\"potentialAction\":[{\"@type\":\"SearchAction\",\"target\":{\"@type\":\"EntryPoint\",\"urlTemplate\":\"https:\/\/hobstop.ee\/lv\/?s={search_term_string}\"},\"query-input\":{\"@type\":\"PropertyValueSpecification\",\"valueRequired\":true,\"valueName\":\"search_term_string\"}}],\"inLanguage\":\"lv-LV\"},{\"@type\":\"Organization\",\"@id\":\"https:\/\/hobstop.ee\/lv\/#organization\",\"name\":\"Vunder AS\",\"url\":\"https:\/\/hobstop.ee\/lv\/\",\"logo\":{\"@type\":\"ImageObject\",\"inLanguage\":\"lv-LV\",\"@id\":\"https:\/\/hobstop.ee\/lv\/#\/schema\/logo\/image\/\",\"url\":\"https:\/\/hobstop.ee\/media\/vunder-logo.png\",\"contentUrl\":\"https:\/\/hobstop.ee\/media\/vunder-logo.png\",\"width\":127,\"height\":55,\"caption\":\"Vunder AS\"},\"image\":{\"@id\":\"https:\/\/hobstop.ee\/lv\/#\/schema\/logo\/image\/\"},\"sameAs\":[\"http:\/\/www.facebook.com\/VunderSkizze\"]}]}<\/script>\n<!-- \/ Yoast SEO plugin. -->","yoast_head_json":{"title":"Kr\u012bta kr\u0101sa Marabu Chalky-Chic aerosols 400ml &#8211; Skizze","robots":{"index":"noindex","follow":"follow","max-snippet":"max-snippet:-1","max-image-preview":"max-image-preview:large","max-video-preview":"max-video-preview:-1"},"og_locale":"lv_LV","og_type":"article","og_title":"Kr\u012bta kr\u0101sa Marabu Chalky-Chic aerosols 400ml &#8211; Skizze","og_description":"Pie\u0161\u0137ir vec\u0101m liet\u0101m smalku izskatu, jaun\u0101m liet\u0101m &#8211; vint\u0101\u017eas pieska\u0146u. Izmanto Chalky-Chic, lai padar\u012btu m\u0113beles un m\u0101jas piederumus \u012bpa\u0161i ori\u0123in\u0101lus. Vec\u0101s m\u0113beles p\u0101rv\u0113r\u0161as par modern\u0101m liet\u0101m ar nostal\u0123isku akcentu, pateicoties pla\u0161ajam Chalky-Chic kr\u012bta kr\u0101su kl\u0101stam. Saviem iecien\u012bt\u0101kajiem ikdienas priek\u0161metiem var pie\u0161\u0137irt vint\u0101\u017eas izskatu. M\u012b\u013c\u0101k\u0101s m\u0113beles ieg\u016bst aktu\u0101li nobru\u017e\u0101ti izsmalcin\u0101tu stilu, un ierasta v\u0101ze p\u0101rv\u0113r\u0161as par neticami modernu v\u0101zi. Izteikti mat\u0113t\u0101s un samtaini m\u012bkst\u0101s Chalky-Chic kr\u0101sas p\u0101rv\u0113r\u0161 ikvienu priek\u0161metu neatk\u0101rtojam\u0101 un unik\u0101l\u0101 m\u0101jok\u013ca akcent\u0101. Chalky-Chic kr\u0101sa ir ztur\u012bga pret nodil\u0161anu un t\u0101 ir \u016bdensdro\u0161a. Chalky-Chic &#8211; t\u0101 ir \u0101tr\u0101ka un daudz efekt\u012bv\u0101ka kr\u0101su uzkl\u0101\u0161ana bez otu triepieniem un ir piem\u0113rota izmanto\u0161anai uz nel\u012bdzen\u0101m virsm\u0101m. Var izmantot uz koka, MDF, stikla, met\u0101la, pap\u012bra, keramikas, porcel\u0101na, m\u0101la, audekla, plastmasas virsm\u0101m.","og_url":"https:\/\/hobstop.ee\/lv\/produkts\/krita-krasa-marabu-chalky-chic-aerosols-400ml\/","og_site_name":"Skizze","article_publisher":"http:\/\/www.facebook.com\/VunderSkizze","og_image":[{"width":1024,"height":768,"url":"https:\/\/hobstop.ee\/media\/4905.jpg","type":"image\/jpeg"}],"twitter_card":"summary_large_image","twitter_misc":{"Est. reading time":"1 min\u016b\u0161u"},"schema":{"@context":"https:\/\/schema.org","@graph":[{"@type":"WebPage","@id":"https:\/\/hobstop.ee\/lv\/produkts\/krita-krasa-marabu-chalky-chic-aerosols-400ml\/","url":"https:\/\/hobstop.ee\/lv\/produkts\/krita-krasa-marabu-chalky-chic-aerosols-400ml\/","name":"Kr\u012bta kr\u0101sa Marabu Chalky-Chic aerosols 400ml &#8211; Skizze","isPartOf":{"@id":"https:\/\/hobstop.ee\/lv\/#website"},"primaryImageOfPage":{"@id":"https:\/\/hobstop.ee\/lv\/produkts\/krita-krasa-marabu-chalky-chic-aerosols-400ml\/#primaryimage"},"image":{"@id":"https:\/\/hobstop.ee\/lv\/produkts\/krita-krasa-marabu-chalky-chic-aerosols-400ml\/#primaryimage"},"thumbnailUrl":"https:\/\/hobstop.ee\/media\/4905.jpg","datePublished":"2018-10-01T07:39:14+00:00","dateModified":"2018-10-01T07:39:14+00:00","breadcrumb":{"@id":"https:\/\/hobstop.ee\/lv\/produkts\/krita-krasa-marabu-chalky-chic-aerosols-400ml\/#breadcrumb"},"inLanguage":"lv-LV","potentialAction":[{"@type":"ReadAction","target":["https:\/\/hobstop.ee\/lv\/produkts\/krita-krasa-marabu-chalky-chic-aerosols-400ml\/"]}]},{"@type":"ImageObject","inLanguage":"lv-LV","@id":"https:\/\/hobstop.ee\/lv\/produkts\/krita-krasa-marabu-chalky-chic-aerosols-400ml\/#primaryimage","url":"https:\/\/hobstop.ee\/media\/4905.jpg","contentUrl":"https:\/\/hobstop.ee\/media\/4905.jpg","width":1024,"height":768},{"@type":"BreadcrumbList","@id":"https:\/\/hobstop.ee\/lv\/produkts\/krita-krasa-marabu-chalky-chic-aerosols-400ml\/#breadcrumb","itemListElement":[{"@type":"ListItem","position":1,"name":"Avaleht","item":"https:\/\/www.hobstop.ee\/lv\/"},{"@type":"ListItem","position":2,"name":"Veikals","item":"https:\/\/www.hobstop.ee\/lv\/veikals\/"},{"@type":"ListItem","position":3,"name":"Kr\u012bta kr\u0101sa Marabu Chalky-Chic aerosols 400ml"}]},{"@type":"WebSite","@id":"https:\/\/hobstop.ee\/lv\/#website","url":"https:\/\/hobstop.ee\/lv\/","name":"Skizze","description":"M\u0101kslas, hobiju un skolas preces","publisher":{"@id":"https:\/\/hobstop.ee\/lv\/#organization"},"potentialAction":[{"@type":"SearchAction","target":{"@type":"EntryPoint","urlTemplate":"https:\/\/hobstop.ee\/lv\/?s={search_term_string}"},"query-input":{"@type":"PropertyValueSpecification","valueRequired":true,"valueName":"search_term_string"}}],"inLanguage":"lv-LV"},{"@type":"Organization","@id":"https:\/\/hobstop.ee\/lv\/#organization","name":"Vunder AS","url":"https:\/\/hobstop.ee\/lv\/","logo":{"@type":"ImageObject","inLanguage":"lv-LV","@id":"https:\/\/hobstop.ee\/lv\/#\/schema\/logo\/image\/","url":"https:\/\/hobstop.ee\/media\/vunder-logo.png","contentUrl":"https:\/\/hobstop.ee\/media\/vunder-logo.png","width":127,"height":55,"caption":"Vunder AS"},"image":{"@id":"https:\/\/hobstop.ee\/lv\/#\/schema\/logo\/image\/"},"sameAs":["http:\/\/www.facebook.com\/VunderSkizze"]}]}},"_links":{"self":[{"href":"https:\/\/hobstop.ee\/lv\/wp-json\/wp\/v2\/product\/318468","targetHints":{"allow":["GET"]}}],"collection":[{"href":"https:\/\/hobstop.ee\/lv\/wp-json\/wp\/v2\/product"}],"about":[{"href":"https:\/\/hobstop.ee\/lv\/wp-json\/wp\/v2\/types\/product"}],"replies":[{"embeddable":true,"href":"https:\/\/hobstop.ee\/lv\/wp-json\/wp\/v2\/comments?post=318468"}],"wp:featuredmedia":[{"embeddable":true,"href":"https:\/\/hobstop.ee\/lv\/wp-json\/wp\/v2\/media\/320190"}],"wp:attachment":[{"href":"https:\/\/hobstop.ee\/lv\/wp-json\/wp\/v2\/media?parent=318468"}],"wp:term":[{"taxonomy":"product_cat","embeddable":true,"href":"https:\/\/hobstop.ee\/lv\/wp-json\/wp\/v2\/product_cat?post=318468"},{"taxonomy":"product_tag","embeddable":true,"href":"https:\/\/hobstop.ee\/lv\/wp-json\/wp\/v2\/product_tag?post=318468"}],"curies":[{"name":"wp","href":"https:\/\/api.w.org\/{rel}","templated":true}]}}