{"id":318472,"date":"2018-10-01T10:39:15","date_gmt":"2018-10-01T07:39:15","guid":{"rendered":"https:\/\/sharks.ee\/vunder_2019\/lv\/product\/dekorkrasa-marabu-decorlack-50ml\/"},"modified":"2018-10-01T10:39:15","modified_gmt":"2018-10-01T07:39:15","slug":"dekorkrasa-marabu-decorlack-50ml","status":"publish","type":"product","link":"https:\/\/hobstop.ee\/lv\/produkts\/dekorkrasa-marabu-decorlack-50ml\/","title":{"rendered":"Dekorkr\u0101sa Marabu Decorlack 50ml"},"content":{"rendered":"<p>Marabu Decorlack ir \u016bdensiztur\u012bga, izteikti sp\u012bd\u012bga akrila laka uz \u016bdens b\u0101zes &#8211; laka un kr\u0101sa vien\u0101 produkt\u0101! Gan hobijam, gan ar\u012b amatniec\u012bbas darbiem &#8211; t\u0101 ir izcils un ar \u013coti augst\u0101m p\u0101rkl\u0101juma \u012bpa\u0161\u012bb\u0101m. Kr\u0101sa ir iztur\u012bga pret laika apst\u0101k\u013cu ietekmi un gaismas iedarb\u012bbu. Ide\u0101li piem\u0113rota br\u012bvroku glezniec\u012bbai, trafaretu veido\u0161anai un \u0161tanc\u0113\u0161anai, servietes tehnikai, k\u0101 ar\u012b praktiski vis\u0101m amatniec\u012bbas tehnolo\u0123ij\u0101m.<\/p>\n","protected":false},"excerpt":{"rendered":"<p>Marabu Decorlack ir \u016bdensiztur\u012bga, izteikti sp\u012bd\u012bga akrila laka uz \u016bdens b\u0101zes &#8211; laka un kr\u0101sa vien\u0101 produkt\u0101! Gan hobijam, gan ar\u012b amatniec\u012bbas darbiem &#8211; t\u0101 ir izcils un ar \u013coti augst\u0101m p\u0101rkl\u0101juma \u012bpa\u0161\u012bb\u0101m. Kr\u0101sa ir iztur\u012bga pret laika apst\u0101k\u013cu ietekmi un gaismas iedarb\u012bbu. Ide\u0101li piem\u0113rota br\u012bvroku glezniec\u012bbai, trafaretu veido\u0161anai un \u0161tanc\u0113\u0161anai, servietes tehnikai, k\u0101 ar\u012b praktiski vis\u0101m amatniec\u012bbas tehnolo\u0123ij\u0101m.<\/p>\n","protected":false},"featured_media":320194,"comment_status":"closed","ping_status":"closed","template":"","meta":{"_acf_changed":false,"ep_exclude_from_search":false},"product_cat":[18201,17954,17918],"product_tag":[],"class_list":{"0":"post-318472","1":"product","2":"type-product","3":"status-publish","4":"has-post-thumbnail","6":"product_cat-decor-krasas-2","7":"product_cat-decor-krasas","8":"product_cat-preces-hobijiem","10":"first","11":"instock","12":"taxable","13":"shipping-taxable","14":"purchasable","15":"product-type-variable"},"acf":[],"yoast_head":"<!-- This site is optimized with the Yoast SEO plugin v24.1 - https:\/\/yoast.com\/wordpress\/plugins\/seo\/ -->\n<title>Dekorkr\u0101sa Marabu Decorlack 50ml &#8211; Skizze<\/title>\n<meta name=\"robots\" content=\"noindex, follow, max-snippet:-1, max-image-preview:large, max-video-preview:-1\" \/>\n<meta property=\"og:locale\" content=\"lv_LV\" \/>\n<meta property=\"og:type\" content=\"article\" \/>\n<meta property=\"og:title\" content=\"Dekorkr\u0101sa Marabu Decorlack 50ml &#8211; Skizze\" \/>\n<meta property=\"og:description\" content=\"Marabu Decorlack ir \u016bdensiztur\u012bga, izteikti sp\u012bd\u012bga akrila laka uz \u016bdens b\u0101zes &#8211; laka un kr\u0101sa vien\u0101 produkt\u0101! Gan hobijam, gan ar\u012b amatniec\u012bbas darbiem &#8211; t\u0101 ir izcils un ar \u013coti augst\u0101m p\u0101rkl\u0101juma \u012bpa\u0161\u012bb\u0101m. Kr\u0101sa ir iztur\u012bga pret laika apst\u0101k\u013cu ietekmi un gaismas iedarb\u012bbu. Ide\u0101li piem\u0113rota br\u012bvroku glezniec\u012bbai, trafaretu veido\u0161anai un \u0161tanc\u0113\u0161anai, servietes tehnikai, k\u0101 ar\u012b praktiski vis\u0101m amatniec\u012bbas tehnolo\u0123ij\u0101m.\" \/>\n<meta property=\"og:url\" content=\"https:\/\/hobstop.ee\/lv\/produkts\/dekorkrasa-marabu-decorlack-50ml\/\" \/>\n<meta property=\"og:site_name\" content=\"Skizze\" \/>\n<meta property=\"article:publisher\" content=\"http:\/\/www.facebook.com\/VunderSkizze\" \/>\n<meta property=\"og:image\" content=\"https:\/\/hobstop.ee\/media\/4906.jpg\" \/>\n\t<meta property=\"og:image:width\" content=\"1024\" \/>\n\t<meta property=\"og:image:height\" content=\"768\" \/>\n\t<meta property=\"og:image:type\" content=\"image\/jpeg\" \/>\n<meta name=\"twitter:card\" content=\"summary_large_image\" \/>\n<script type=\"application\/ld+json\" class=\"yoast-schema-graph\">{\"@context\":\"https:\/\/schema.org\",\"@graph\":[{\"@type\":\"WebPage\",\"@id\":\"https:\/\/hobstop.ee\/lv\/produkts\/dekorkrasa-marabu-decorlack-50ml\/\",\"url\":\"https:\/\/hobstop.ee\/lv\/produkts\/dekorkrasa-marabu-decorlack-50ml\/\",\"name\":\"Dekorkr\u0101sa Marabu Decorlack 50ml &#8211; Skizze\",\"isPartOf\":{\"@id\":\"https:\/\/www.hobstop.ee\/lv\/#website\"},\"primaryImageOfPage\":{\"@id\":\"https:\/\/hobstop.ee\/lv\/produkts\/dekorkrasa-marabu-decorlack-50ml\/#primaryimage\"},\"image\":{\"@id\":\"https:\/\/hobstop.ee\/lv\/produkts\/dekorkrasa-marabu-decorlack-50ml\/#primaryimage\"},\"thumbnailUrl\":\"https:\/\/hobstop.ee\/media\/4906.jpg\",\"datePublished\":\"2018-10-01T07:39:15+00:00\",\"dateModified\":\"2018-10-01T07:39:15+00:00\",\"breadcrumb\":{\"@id\":\"https:\/\/hobstop.ee\/lv\/produkts\/dekorkrasa-marabu-decorlack-50ml\/#breadcrumb\"},\"inLanguage\":\"lv-LV\",\"potentialAction\":[{\"@type\":\"ReadAction\",\"target\":[\"https:\/\/hobstop.ee\/lv\/produkts\/dekorkrasa-marabu-decorlack-50ml\/\"]}]},{\"@type\":\"ImageObject\",\"inLanguage\":\"lv-LV\",\"@id\":\"https:\/\/hobstop.ee\/lv\/produkts\/dekorkrasa-marabu-decorlack-50ml\/#primaryimage\",\"url\":\"https:\/\/hobstop.ee\/media\/4906.jpg\",\"contentUrl\":\"https:\/\/hobstop.ee\/media\/4906.jpg\",\"width\":1024,\"height\":768},{\"@type\":\"BreadcrumbList\",\"@id\":\"https:\/\/hobstop.ee\/lv\/produkts\/dekorkrasa-marabu-decorlack-50ml\/#breadcrumb\",\"itemListElement\":[{\"@type\":\"ListItem\",\"position\":1,\"name\":\"Avaleht\",\"item\":\"https:\/\/www.hobstop.ee\/lv\/\"},{\"@type\":\"ListItem\",\"position\":2,\"name\":\"Veikals\",\"item\":\"https:\/\/www.hobstop.ee\/lv\/veikals\/\"},{\"@type\":\"ListItem\",\"position\":3,\"name\":\"Dekorkr\u0101sa Marabu Decorlack 50ml\"}]},{\"@type\":\"WebSite\",\"@id\":\"https:\/\/www.hobstop.ee\/lv\/#website\",\"url\":\"https:\/\/www.hobstop.ee\/lv\/\",\"name\":\"Skizze\",\"description\":\"M\u0101kslas, hobiju un skolas preces\",\"publisher\":{\"@id\":\"https:\/\/www.hobstop.ee\/lv\/#organization\"},\"potentialAction\":[{\"@type\":\"SearchAction\",\"target\":{\"@type\":\"EntryPoint\",\"urlTemplate\":\"https:\/\/www.hobstop.ee\/lv\/?s={search_term_string}\"},\"query-input\":{\"@type\":\"PropertyValueSpecification\",\"valueRequired\":true,\"valueName\":\"search_term_string\"}}],\"inLanguage\":\"lv-LV\"},{\"@type\":\"Organization\",\"@id\":\"https:\/\/www.hobstop.ee\/lv\/#organization\",\"name\":\"Vunder AS\",\"url\":\"https:\/\/www.hobstop.ee\/lv\/\",\"logo\":{\"@type\":\"ImageObject\",\"inLanguage\":\"lv-LV\",\"@id\":\"https:\/\/www.hobstop.ee\/lv\/#\/schema\/logo\/image\/\",\"url\":\"https:\/\/hobstop.ee\/media\/vunder-logo.png\",\"contentUrl\":\"https:\/\/hobstop.ee\/media\/vunder-logo.png\",\"width\":127,\"height\":55,\"caption\":\"Vunder AS\"},\"image\":{\"@id\":\"https:\/\/www.hobstop.ee\/lv\/#\/schema\/logo\/image\/\"},\"sameAs\":[\"http:\/\/www.facebook.com\/VunderSkizze\"]}]}<\/script>\n<!-- \/ Yoast SEO plugin. -->","yoast_head_json":{"title":"Dekorkr\u0101sa Marabu Decorlack 50ml &#8211; Skizze","robots":{"index":"noindex","follow":"follow","max-snippet":"max-snippet:-1","max-image-preview":"max-image-preview:large","max-video-preview":"max-video-preview:-1"},"og_locale":"lv_LV","og_type":"article","og_title":"Dekorkr\u0101sa Marabu Decorlack 50ml &#8211; Skizze","og_description":"Marabu Decorlack ir \u016bdensiztur\u012bga, izteikti sp\u012bd\u012bga akrila laka uz \u016bdens b\u0101zes &#8211; laka un kr\u0101sa vien\u0101 produkt\u0101! Gan hobijam, gan ar\u012b amatniec\u012bbas darbiem &#8211; t\u0101 ir izcils un ar \u013coti augst\u0101m p\u0101rkl\u0101juma \u012bpa\u0161\u012bb\u0101m. Kr\u0101sa ir iztur\u012bga pret laika apst\u0101k\u013cu ietekmi un gaismas iedarb\u012bbu. Ide\u0101li piem\u0113rota br\u012bvroku glezniec\u012bbai, trafaretu veido\u0161anai un \u0161tanc\u0113\u0161anai, servietes tehnikai, k\u0101 ar\u012b praktiski vis\u0101m amatniec\u012bbas tehnolo\u0123ij\u0101m.","og_url":"https:\/\/hobstop.ee\/lv\/produkts\/dekorkrasa-marabu-decorlack-50ml\/","og_site_name":"Skizze","article_publisher":"http:\/\/www.facebook.com\/VunderSkizze","og_image":[{"width":1024,"height":768,"url":"https:\/\/hobstop.ee\/media\/4906.jpg","type":"image\/jpeg"}],"twitter_card":"summary_large_image","schema":{"@context":"https:\/\/schema.org","@graph":[{"@type":"WebPage","@id":"https:\/\/hobstop.ee\/lv\/produkts\/dekorkrasa-marabu-decorlack-50ml\/","url":"https:\/\/hobstop.ee\/lv\/produkts\/dekorkrasa-marabu-decorlack-50ml\/","name":"Dekorkr\u0101sa Marabu Decorlack 50ml &#8211; Skizze","isPartOf":{"@id":"https:\/\/www.hobstop.ee\/lv\/#website"},"primaryImageOfPage":{"@id":"https:\/\/hobstop.ee\/lv\/produkts\/dekorkrasa-marabu-decorlack-50ml\/#primaryimage"},"image":{"@id":"https:\/\/hobstop.ee\/lv\/produkts\/dekorkrasa-marabu-decorlack-50ml\/#primaryimage"},"thumbnailUrl":"https:\/\/hobstop.ee\/media\/4906.jpg","datePublished":"2018-10-01T07:39:15+00:00","dateModified":"2018-10-01T07:39:15+00:00","breadcrumb":{"@id":"https:\/\/hobstop.ee\/lv\/produkts\/dekorkrasa-marabu-decorlack-50ml\/#breadcrumb"},"inLanguage":"lv-LV","potentialAction":[{"@type":"ReadAction","target":["https:\/\/hobstop.ee\/lv\/produkts\/dekorkrasa-marabu-decorlack-50ml\/"]}]},{"@type":"ImageObject","inLanguage":"lv-LV","@id":"https:\/\/hobstop.ee\/lv\/produkts\/dekorkrasa-marabu-decorlack-50ml\/#primaryimage","url":"https:\/\/hobstop.ee\/media\/4906.jpg","contentUrl":"https:\/\/hobstop.ee\/media\/4906.jpg","width":1024,"height":768},{"@type":"BreadcrumbList","@id":"https:\/\/hobstop.ee\/lv\/produkts\/dekorkrasa-marabu-decorlack-50ml\/#breadcrumb","itemListElement":[{"@type":"ListItem","position":1,"name":"Avaleht","item":"https:\/\/www.hobstop.ee\/lv\/"},{"@type":"ListItem","position":2,"name":"Veikals","item":"https:\/\/www.hobstop.ee\/lv\/veikals\/"},{"@type":"ListItem","position":3,"name":"Dekorkr\u0101sa Marabu Decorlack 50ml"}]},{"@type":"WebSite","@id":"https:\/\/www.hobstop.ee\/lv\/#website","url":"https:\/\/www.hobstop.ee\/lv\/","name":"Skizze","description":"M\u0101kslas, hobiju un skolas preces","publisher":{"@id":"https:\/\/www.hobstop.ee\/lv\/#organization"},"potentialAction":[{"@type":"SearchAction","target":{"@type":"EntryPoint","urlTemplate":"https:\/\/www.hobstop.ee\/lv\/?s={search_term_string}"},"query-input":{"@type":"PropertyValueSpecification","valueRequired":true,"valueName":"search_term_string"}}],"inLanguage":"lv-LV"},{"@type":"Organization","@id":"https:\/\/www.hobstop.ee\/lv\/#organization","name":"Vunder AS","url":"https:\/\/www.hobstop.ee\/lv\/","logo":{"@type":"ImageObject","inLanguage":"lv-LV","@id":"https:\/\/www.hobstop.ee\/lv\/#\/schema\/logo\/image\/","url":"https:\/\/hobstop.ee\/media\/vunder-logo.png","contentUrl":"https:\/\/hobstop.ee\/media\/vunder-logo.png","width":127,"height":55,"caption":"Vunder AS"},"image":{"@id":"https:\/\/www.hobstop.ee\/lv\/#\/schema\/logo\/image\/"},"sameAs":["http:\/\/www.facebook.com\/VunderSkizze"]}]}},"_links":{"self":[{"href":"https:\/\/hobstop.ee\/lv\/wp-json\/wp\/v2\/product\/318472","targetHints":{"allow":["GET"]}}],"collection":[{"href":"https:\/\/hobstop.ee\/lv\/wp-json\/wp\/v2\/product"}],"about":[{"href":"https:\/\/hobstop.ee\/lv\/wp-json\/wp\/v2\/types\/product"}],"replies":[{"embeddable":true,"href":"https:\/\/hobstop.ee\/lv\/wp-json\/wp\/v2\/comments?post=318472"}],"wp:featuredmedia":[{"embeddable":true,"href":"https:\/\/hobstop.ee\/lv\/wp-json\/wp\/v2\/media\/320194"}],"wp:attachment":[{"href":"https:\/\/hobstop.ee\/lv\/wp-json\/wp\/v2\/media?parent=318472"}],"wp:term":[{"taxonomy":"product_cat","embeddable":true,"href":"https:\/\/hobstop.ee\/lv\/wp-json\/wp\/v2\/product_cat?post=318472"},{"taxonomy":"product_tag","embeddable":true,"href":"https:\/\/hobstop.ee\/lv\/wp-json\/wp\/v2\/product_tag?post=318472"}],"curies":[{"name":"wp","href":"https:\/\/api.w.org\/{rel}","templated":true}]}}