{"id":318480,"date":"2018-10-01T10:39:17","date_gmt":"2018-10-01T07:39:17","guid":{"rendered":"https:\/\/sharks.ee\/vunder_2019\/lv\/product\/dekorkrasa-marabu-himalaya-stone-100ml\/"},"modified":"2018-10-01T10:39:17","modified_gmt":"2018-10-01T07:39:17","slug":"dekorkrasa-marabu-himalaya-stone-100ml","status":"publish","type":"product","link":"https:\/\/hobstop.ee\/lv\/produkts\/dekorkrasa-marabu-himalaya-stone-100ml\/","title":{"rendered":"Dekorkr\u0101sa Marabu Himalaya Stone 100ml"},"content":{"rendered":"<p>Marabu Himalaya Stone ir pasta ar akmens efektu, kurai piem\u012bt \u013coti labas kl\u0101\u0161an\u0101s \u012bpa\u0161\u012bbas. T\u0101 nepil, nav caursp\u012bd\u012bga un nen\u0101k nost, to var izmantot gan p\u0101rkl\u0101\u0161anai, gan sl\u012bp\u0113\u0161anai. Ide\u0101la izmanto\u0161anai uz koka, MDF, paper mach\u00e9, akmens, keramikas, m\u0101la un audekla. Uzkl\u0101t ar l\u0101psti\u0146u.<\/p>\n","protected":false},"excerpt":{"rendered":"<p>Marabu Himalaya Stone ir pasta ar akmens efektu, kurai piem\u012bt \u013coti labas kl\u0101\u0161an\u0101s \u012bpa\u0161\u012bbas. T\u0101 nepil, nav caursp\u012bd\u012bga un nen\u0101k nost, to var izmantot gan p\u0101rkl\u0101\u0161anai, gan sl\u012bp\u0113\u0161anai. Ide\u0101la izmanto\u0161anai uz koka, MDF, paper mach\u00e9, akmens, keramikas, m\u0101la un audekla. Uzkl\u0101t ar l\u0101psti\u0146u.<\/p>\n","protected":false},"featured_media":320202,"comment_status":"closed","ping_status":"closed","template":"","meta":{"_acf_changed":false,"ep_exclude_from_search":false},"product_cat":[18201,17954,17918],"product_tag":[],"class_list":{"0":"post-318480","1":"product","2":"type-product","3":"status-publish","4":"has-post-thumbnail","6":"product_cat-decor-krasas-2","7":"product_cat-decor-krasas-un-lakas","8":"product_cat-preces-hobijiem","10":"first","11":"instock","12":"taxable","13":"shipping-taxable","14":"purchasable","15":"product-type-simple"},"acf":[],"yoast_head":"<!-- This site is optimized with the Yoast SEO plugin v24.1 - https:\/\/yoast.com\/wordpress\/plugins\/seo\/ -->\n<title>Dekorkr\u0101sa Marabu Himalaya Stone 100ml &#8211; Skizze<\/title>\n<meta name=\"robots\" content=\"noindex, follow, max-snippet:-1, max-image-preview:large, max-video-preview:-1\" \/>\n<meta property=\"og:locale\" content=\"lv_LV\" \/>\n<meta property=\"og:type\" content=\"article\" \/>\n<meta property=\"og:title\" content=\"Dekorkr\u0101sa Marabu Himalaya Stone 100ml &#8211; Skizze\" \/>\n<meta property=\"og:description\" content=\"Marabu Himalaya Stone ir pasta ar akmens efektu, kurai piem\u012bt \u013coti labas kl\u0101\u0161an\u0101s \u012bpa\u0161\u012bbas. T\u0101 nepil, nav caursp\u012bd\u012bga un nen\u0101k nost, to var izmantot gan p\u0101rkl\u0101\u0161anai, gan sl\u012bp\u0113\u0161anai. Ide\u0101la izmanto\u0161anai uz koka, MDF, paper mach\u00e9, akmens, keramikas, m\u0101la un audekla. Uzkl\u0101t ar l\u0101psti\u0146u.\" \/>\n<meta property=\"og:url\" content=\"https:\/\/hobstop.ee\/lv\/produkts\/dekorkrasa-marabu-himalaya-stone-100ml\/\" \/>\n<meta property=\"og:site_name\" content=\"Skizze\" \/>\n<meta property=\"article:publisher\" content=\"http:\/\/www.facebook.com\/VunderSkizze\" \/>\n<meta property=\"og:image\" content=\"https:\/\/hobstop.ee\/media\/4908.jpg\" \/>\n\t<meta property=\"og:image:width\" content=\"1024\" \/>\n\t<meta property=\"og:image:height\" content=\"768\" \/>\n\t<meta property=\"og:image:type\" content=\"image\/jpeg\" \/>\n<meta name=\"twitter:card\" content=\"summary_large_image\" \/>\n<script type=\"application\/ld+json\" class=\"yoast-schema-graph\">{\"@context\":\"https:\/\/schema.org\",\"@graph\":[{\"@type\":\"WebPage\",\"@id\":\"https:\/\/hobstop.ee\/lv\/produkts\/dekorkrasa-marabu-himalaya-stone-100ml\/\",\"url\":\"https:\/\/hobstop.ee\/lv\/produkts\/dekorkrasa-marabu-himalaya-stone-100ml\/\",\"name\":\"Dekorkr\u0101sa Marabu Himalaya Stone 100ml &#8211; Skizze\",\"isPartOf\":{\"@id\":\"https:\/\/hobstop.ee\/lv\/#website\"},\"primaryImageOfPage\":{\"@id\":\"https:\/\/hobstop.ee\/lv\/produkts\/dekorkrasa-marabu-himalaya-stone-100ml\/#primaryimage\"},\"image\":{\"@id\":\"https:\/\/hobstop.ee\/lv\/produkts\/dekorkrasa-marabu-himalaya-stone-100ml\/#primaryimage\"},\"thumbnailUrl\":\"https:\/\/hobstop.ee\/media\/4908.jpg\",\"datePublished\":\"2018-10-01T07:39:17+00:00\",\"dateModified\":\"2018-10-01T07:39:17+00:00\",\"breadcrumb\":{\"@id\":\"https:\/\/hobstop.ee\/lv\/produkts\/dekorkrasa-marabu-himalaya-stone-100ml\/#breadcrumb\"},\"inLanguage\":\"lv-LV\",\"potentialAction\":[{\"@type\":\"ReadAction\",\"target\":[\"https:\/\/hobstop.ee\/lv\/produkts\/dekorkrasa-marabu-himalaya-stone-100ml\/\"]}]},{\"@type\":\"ImageObject\",\"inLanguage\":\"lv-LV\",\"@id\":\"https:\/\/hobstop.ee\/lv\/produkts\/dekorkrasa-marabu-himalaya-stone-100ml\/#primaryimage\",\"url\":\"https:\/\/hobstop.ee\/media\/4908.jpg\",\"contentUrl\":\"https:\/\/hobstop.ee\/media\/4908.jpg\",\"width\":1024,\"height\":768},{\"@type\":\"BreadcrumbList\",\"@id\":\"https:\/\/hobstop.ee\/lv\/produkts\/dekorkrasa-marabu-himalaya-stone-100ml\/#breadcrumb\",\"itemListElement\":[{\"@type\":\"ListItem\",\"position\":1,\"name\":\"Avaleht\",\"item\":\"https:\/\/www.hobstop.ee\/lv\/\"},{\"@type\":\"ListItem\",\"position\":2,\"name\":\"Veikals\",\"item\":\"https:\/\/www.hobstop.ee\/lv\/veikals\/\"},{\"@type\":\"ListItem\",\"position\":3,\"name\":\"Dekorkr\u0101sa Marabu Himalaya Stone 100ml\"}]},{\"@type\":\"WebSite\",\"@id\":\"https:\/\/hobstop.ee\/lv\/#website\",\"url\":\"https:\/\/hobstop.ee\/lv\/\",\"name\":\"Skizze\",\"description\":\"M\u0101kslas, hobiju un skolas preces\",\"publisher\":{\"@id\":\"https:\/\/hobstop.ee\/lv\/#organization\"},\"potentialAction\":[{\"@type\":\"SearchAction\",\"target\":{\"@type\":\"EntryPoint\",\"urlTemplate\":\"https:\/\/hobstop.ee\/lv\/?s={search_term_string}\"},\"query-input\":{\"@type\":\"PropertyValueSpecification\",\"valueRequired\":true,\"valueName\":\"search_term_string\"}}],\"inLanguage\":\"lv-LV\"},{\"@type\":\"Organization\",\"@id\":\"https:\/\/hobstop.ee\/lv\/#organization\",\"name\":\"Vunder AS\",\"url\":\"https:\/\/hobstop.ee\/lv\/\",\"logo\":{\"@type\":\"ImageObject\",\"inLanguage\":\"lv-LV\",\"@id\":\"https:\/\/hobstop.ee\/lv\/#\/schema\/logo\/image\/\",\"url\":\"https:\/\/hobstop.ee\/media\/vunder-logo.png\",\"contentUrl\":\"https:\/\/hobstop.ee\/media\/vunder-logo.png\",\"width\":127,\"height\":55,\"caption\":\"Vunder AS\"},\"image\":{\"@id\":\"https:\/\/hobstop.ee\/lv\/#\/schema\/logo\/image\/\"},\"sameAs\":[\"http:\/\/www.facebook.com\/VunderSkizze\"]}]}<\/script>\n<!-- \/ Yoast SEO plugin. -->","yoast_head_json":{"title":"Dekorkr\u0101sa Marabu Himalaya Stone 100ml &#8211; Skizze","robots":{"index":"noindex","follow":"follow","max-snippet":"max-snippet:-1","max-image-preview":"max-image-preview:large","max-video-preview":"max-video-preview:-1"},"og_locale":"lv_LV","og_type":"article","og_title":"Dekorkr\u0101sa Marabu Himalaya Stone 100ml &#8211; Skizze","og_description":"Marabu Himalaya Stone ir pasta ar akmens efektu, kurai piem\u012bt \u013coti labas kl\u0101\u0161an\u0101s \u012bpa\u0161\u012bbas. T\u0101 nepil, nav caursp\u012bd\u012bga un nen\u0101k nost, to var izmantot gan p\u0101rkl\u0101\u0161anai, gan sl\u012bp\u0113\u0161anai. Ide\u0101la izmanto\u0161anai uz koka, MDF, paper mach\u00e9, akmens, keramikas, m\u0101la un audekla. Uzkl\u0101t ar l\u0101psti\u0146u.","og_url":"https:\/\/hobstop.ee\/lv\/produkts\/dekorkrasa-marabu-himalaya-stone-100ml\/","og_site_name":"Skizze","article_publisher":"http:\/\/www.facebook.com\/VunderSkizze","og_image":[{"width":1024,"height":768,"url":"https:\/\/hobstop.ee\/media\/4908.jpg","type":"image\/jpeg"}],"twitter_card":"summary_large_image","schema":{"@context":"https:\/\/schema.org","@graph":[{"@type":"WebPage","@id":"https:\/\/hobstop.ee\/lv\/produkts\/dekorkrasa-marabu-himalaya-stone-100ml\/","url":"https:\/\/hobstop.ee\/lv\/produkts\/dekorkrasa-marabu-himalaya-stone-100ml\/","name":"Dekorkr\u0101sa Marabu Himalaya Stone 100ml &#8211; Skizze","isPartOf":{"@id":"https:\/\/hobstop.ee\/lv\/#website"},"primaryImageOfPage":{"@id":"https:\/\/hobstop.ee\/lv\/produkts\/dekorkrasa-marabu-himalaya-stone-100ml\/#primaryimage"},"image":{"@id":"https:\/\/hobstop.ee\/lv\/produkts\/dekorkrasa-marabu-himalaya-stone-100ml\/#primaryimage"},"thumbnailUrl":"https:\/\/hobstop.ee\/media\/4908.jpg","datePublished":"2018-10-01T07:39:17+00:00","dateModified":"2018-10-01T07:39:17+00:00","breadcrumb":{"@id":"https:\/\/hobstop.ee\/lv\/produkts\/dekorkrasa-marabu-himalaya-stone-100ml\/#breadcrumb"},"inLanguage":"lv-LV","potentialAction":[{"@type":"ReadAction","target":["https:\/\/hobstop.ee\/lv\/produkts\/dekorkrasa-marabu-himalaya-stone-100ml\/"]}]},{"@type":"ImageObject","inLanguage":"lv-LV","@id":"https:\/\/hobstop.ee\/lv\/produkts\/dekorkrasa-marabu-himalaya-stone-100ml\/#primaryimage","url":"https:\/\/hobstop.ee\/media\/4908.jpg","contentUrl":"https:\/\/hobstop.ee\/media\/4908.jpg","width":1024,"height":768},{"@type":"BreadcrumbList","@id":"https:\/\/hobstop.ee\/lv\/produkts\/dekorkrasa-marabu-himalaya-stone-100ml\/#breadcrumb","itemListElement":[{"@type":"ListItem","position":1,"name":"Avaleht","item":"https:\/\/www.hobstop.ee\/lv\/"},{"@type":"ListItem","position":2,"name":"Veikals","item":"https:\/\/www.hobstop.ee\/lv\/veikals\/"},{"@type":"ListItem","position":3,"name":"Dekorkr\u0101sa Marabu Himalaya Stone 100ml"}]},{"@type":"WebSite","@id":"https:\/\/hobstop.ee\/lv\/#website","url":"https:\/\/hobstop.ee\/lv\/","name":"Skizze","description":"M\u0101kslas, hobiju un skolas preces","publisher":{"@id":"https:\/\/hobstop.ee\/lv\/#organization"},"potentialAction":[{"@type":"SearchAction","target":{"@type":"EntryPoint","urlTemplate":"https:\/\/hobstop.ee\/lv\/?s={search_term_string}"},"query-input":{"@type":"PropertyValueSpecification","valueRequired":true,"valueName":"search_term_string"}}],"inLanguage":"lv-LV"},{"@type":"Organization","@id":"https:\/\/hobstop.ee\/lv\/#organization","name":"Vunder AS","url":"https:\/\/hobstop.ee\/lv\/","logo":{"@type":"ImageObject","inLanguage":"lv-LV","@id":"https:\/\/hobstop.ee\/lv\/#\/schema\/logo\/image\/","url":"https:\/\/hobstop.ee\/media\/vunder-logo.png","contentUrl":"https:\/\/hobstop.ee\/media\/vunder-logo.png","width":127,"height":55,"caption":"Vunder AS"},"image":{"@id":"https:\/\/hobstop.ee\/lv\/#\/schema\/logo\/image\/"},"sameAs":["http:\/\/www.facebook.com\/VunderSkizze"]}]}},"_links":{"self":[{"href":"https:\/\/hobstop.ee\/lv\/wp-json\/wp\/v2\/product\/318480","targetHints":{"allow":["GET"]}}],"collection":[{"href":"https:\/\/hobstop.ee\/lv\/wp-json\/wp\/v2\/product"}],"about":[{"href":"https:\/\/hobstop.ee\/lv\/wp-json\/wp\/v2\/types\/product"}],"replies":[{"embeddable":true,"href":"https:\/\/hobstop.ee\/lv\/wp-json\/wp\/v2\/comments?post=318480"}],"wp:featuredmedia":[{"embeddable":true,"href":"https:\/\/hobstop.ee\/lv\/wp-json\/wp\/v2\/media\/320202"}],"wp:attachment":[{"href":"https:\/\/hobstop.ee\/lv\/wp-json\/wp\/v2\/media?parent=318480"}],"wp:term":[{"taxonomy":"product_cat","embeddable":true,"href":"https:\/\/hobstop.ee\/lv\/wp-json\/wp\/v2\/product_cat?post=318480"},{"taxonomy":"product_tag","embeddable":true,"href":"https:\/\/hobstop.ee\/lv\/wp-json\/wp\/v2\/product_tag?post=318480"}],"curies":[{"name":"wp","href":"https:\/\/api.w.org\/{rel}","templated":true}]}}