{"id":318484,"date":"2018-10-01T10:39:18","date_gmt":"2018-10-01T07:39:18","guid":{"rendered":"https:\/\/sharks.ee\/vunder_2019\/lv\/product\/dekorkrasa-marabu-yukon-gold-cream-50ml\/"},"modified":"2018-10-01T10:39:18","modified_gmt":"2018-10-01T07:39:18","slug":"dekorkrasa-marabu-yukon-gold-cream-50ml","status":"publish","type":"product","link":"https:\/\/hobstop.ee\/lv\/produkts\/dekorkrasa-marabu-yukon-gold-cream-50ml\/","title":{"rendered":"Dekorkr\u0101sa Marabu Yukon Gold Cream 50ml"},"content":{"rendered":"<p>Marabu Yukon Gold ir kr\u0113ms ar met\u0101la efektu, kuram piem\u012bt \u013coti labas kl\u0101\u0161an\u0101s \u012bpa\u0161\u012bbas. Tas ir z\u012bdaini sp\u012bd\u012bgs, vaskveid\u012bgs, ar met\u0101lam rakstur\u012bgo sp\u012bdumu. Izmanto\u0161anai uz koka, MDF, akmens, keramikas un m\u0101la. Uzkl\u0101t ar dr\u0101ni\u0146u un nopul\u0113t.<\/p>\n","protected":false},"excerpt":{"rendered":"<p>Marabu Yukon Gold ir kr\u0113ms ar met\u0101la efektu, kuram piem\u012bt \u013coti labas kl\u0101\u0161an\u0101s \u012bpa\u0161\u012bbas. Tas ir z\u012bdaini sp\u012bd\u012bgs, vaskveid\u012bgs, ar met\u0101lam rakstur\u012bgo sp\u012bdumu. Izmanto\u0161anai uz koka, MDF, akmens, keramikas un m\u0101la. Uzkl\u0101t ar dr\u0101ni\u0146u un nopul\u0113t.<\/p>\n","protected":false},"featured_media":320206,"comment_status":"closed","ping_status":"closed","template":"","meta":{"_acf_changed":false,"ep_exclude_from_search":false},"product_cat":[18201,17954,17918],"product_tag":[],"class_list":{"0":"post-318484","1":"product","2":"type-product","3":"status-publish","4":"has-post-thumbnail","6":"product_cat-decor-krasas-2","7":"product_cat-decor-krasas-un-lakas","8":"product_cat-preces-hobijiem","10":"first","11":"instock","12":"taxable","13":"shipping-taxable","14":"purchasable","15":"product-type-simple"},"acf":[],"yoast_head":"<!-- This site is optimized with the Yoast SEO plugin v24.1 - https:\/\/yoast.com\/wordpress\/plugins\/seo\/ -->\n<title>Dekorkr\u0101sa Marabu Yukon Gold Cream 50ml &#8211; Skizze<\/title>\n<meta name=\"robots\" content=\"noindex, follow, max-snippet:-1, max-image-preview:large, max-video-preview:-1\" \/>\n<meta property=\"og:locale\" content=\"lv_LV\" \/>\n<meta property=\"og:type\" content=\"article\" \/>\n<meta property=\"og:title\" content=\"Dekorkr\u0101sa Marabu Yukon Gold Cream 50ml &#8211; Skizze\" \/>\n<meta property=\"og:description\" content=\"Marabu Yukon Gold ir kr\u0113ms ar met\u0101la efektu, kuram piem\u012bt \u013coti labas kl\u0101\u0161an\u0101s \u012bpa\u0161\u012bbas. Tas ir z\u012bdaini sp\u012bd\u012bgs, vaskveid\u012bgs, ar met\u0101lam rakstur\u012bgo sp\u012bdumu. Izmanto\u0161anai uz koka, MDF, akmens, keramikas un m\u0101la. Uzkl\u0101t ar dr\u0101ni\u0146u un nopul\u0113t.\" \/>\n<meta property=\"og:url\" content=\"https:\/\/hobstop.ee\/lv\/produkts\/dekorkrasa-marabu-yukon-gold-cream-50ml\/\" \/>\n<meta property=\"og:site_name\" content=\"Skizze\" \/>\n<meta property=\"article:publisher\" content=\"http:\/\/www.facebook.com\/VunderSkizze\" \/>\n<meta property=\"og:image\" content=\"https:\/\/www.hobstop.ee\/media\/4909.jpg\" \/>\n\t<meta property=\"og:image:width\" content=\"1024\" \/>\n\t<meta property=\"og:image:height\" content=\"768\" \/>\n\t<meta property=\"og:image:type\" content=\"image\/jpeg\" \/>\n<meta name=\"twitter:card\" content=\"summary_large_image\" \/>\n<script type=\"application\/ld+json\" class=\"yoast-schema-graph\">{\"@context\":\"https:\/\/schema.org\",\"@graph\":[{\"@type\":\"WebPage\",\"@id\":\"https:\/\/hobstop.ee\/lv\/produkts\/dekorkrasa-marabu-yukon-gold-cream-50ml\/\",\"url\":\"https:\/\/hobstop.ee\/lv\/produkts\/dekorkrasa-marabu-yukon-gold-cream-50ml\/\",\"name\":\"Dekorkr\u0101sa Marabu Yukon Gold Cream 50ml &#8211; Skizze\",\"isPartOf\":{\"@id\":\"https:\/\/hobstop.ee\/lv\/#website\"},\"primaryImageOfPage\":{\"@id\":\"https:\/\/hobstop.ee\/lv\/produkts\/dekorkrasa-marabu-yukon-gold-cream-50ml\/#primaryimage\"},\"image\":{\"@id\":\"https:\/\/hobstop.ee\/lv\/produkts\/dekorkrasa-marabu-yukon-gold-cream-50ml\/#primaryimage\"},\"thumbnailUrl\":\"https:\/\/hobstop.ee\/media\/4909.jpg\",\"datePublished\":\"2018-10-01T07:39:18+00:00\",\"dateModified\":\"2018-10-01T07:39:18+00:00\",\"breadcrumb\":{\"@id\":\"https:\/\/hobstop.ee\/lv\/produkts\/dekorkrasa-marabu-yukon-gold-cream-50ml\/#breadcrumb\"},\"inLanguage\":\"lv-LV\",\"potentialAction\":[{\"@type\":\"ReadAction\",\"target\":[\"https:\/\/hobstop.ee\/lv\/produkts\/dekorkrasa-marabu-yukon-gold-cream-50ml\/\"]}]},{\"@type\":\"ImageObject\",\"inLanguage\":\"lv-LV\",\"@id\":\"https:\/\/hobstop.ee\/lv\/produkts\/dekorkrasa-marabu-yukon-gold-cream-50ml\/#primaryimage\",\"url\":\"https:\/\/hobstop.ee\/media\/4909.jpg\",\"contentUrl\":\"https:\/\/hobstop.ee\/media\/4909.jpg\",\"width\":1024,\"height\":768},{\"@type\":\"BreadcrumbList\",\"@id\":\"https:\/\/hobstop.ee\/lv\/produkts\/dekorkrasa-marabu-yukon-gold-cream-50ml\/#breadcrumb\",\"itemListElement\":[{\"@type\":\"ListItem\",\"position\":1,\"name\":\"Avaleht\",\"item\":\"https:\/\/www.hobstop.ee\/lv\/\"},{\"@type\":\"ListItem\",\"position\":2,\"name\":\"Veikals\",\"item\":\"https:\/\/www.hobstop.ee\/lv\/veikals\/\"},{\"@type\":\"ListItem\",\"position\":3,\"name\":\"Dekorkr\u0101sa Marabu Yukon Gold Cream 50ml\"}]},{\"@type\":\"WebSite\",\"@id\":\"https:\/\/hobstop.ee\/lv\/#website\",\"url\":\"https:\/\/hobstop.ee\/lv\/\",\"name\":\"Skizze\",\"description\":\"M\u0101kslas, hobiju un skolas preces\",\"publisher\":{\"@id\":\"https:\/\/hobstop.ee\/lv\/#organization\"},\"potentialAction\":[{\"@type\":\"SearchAction\",\"target\":{\"@type\":\"EntryPoint\",\"urlTemplate\":\"https:\/\/hobstop.ee\/lv\/?s={search_term_string}\"},\"query-input\":{\"@type\":\"PropertyValueSpecification\",\"valueRequired\":true,\"valueName\":\"search_term_string\"}}],\"inLanguage\":\"lv-LV\"},{\"@type\":\"Organization\",\"@id\":\"https:\/\/hobstop.ee\/lv\/#organization\",\"name\":\"Vunder AS\",\"url\":\"https:\/\/hobstop.ee\/lv\/\",\"logo\":{\"@type\":\"ImageObject\",\"inLanguage\":\"lv-LV\",\"@id\":\"https:\/\/hobstop.ee\/lv\/#\/schema\/logo\/image\/\",\"url\":\"https:\/\/hobstop.ee\/media\/vunder-logo.png\",\"contentUrl\":\"https:\/\/hobstop.ee\/media\/vunder-logo.png\",\"width\":127,\"height\":55,\"caption\":\"Vunder AS\"},\"image\":{\"@id\":\"https:\/\/hobstop.ee\/lv\/#\/schema\/logo\/image\/\"},\"sameAs\":[\"http:\/\/www.facebook.com\/VunderSkizze\"]}]}<\/script>\n<!-- \/ Yoast SEO plugin. -->","yoast_head_json":{"title":"Dekorkr\u0101sa Marabu Yukon Gold Cream 50ml &#8211; Skizze","robots":{"index":"noindex","follow":"follow","max-snippet":"max-snippet:-1","max-image-preview":"max-image-preview:large","max-video-preview":"max-video-preview:-1"},"og_locale":"lv_LV","og_type":"article","og_title":"Dekorkr\u0101sa Marabu Yukon Gold Cream 50ml &#8211; Skizze","og_description":"Marabu Yukon Gold ir kr\u0113ms ar met\u0101la efektu, kuram piem\u012bt \u013coti labas kl\u0101\u0161an\u0101s \u012bpa\u0161\u012bbas. Tas ir z\u012bdaini sp\u012bd\u012bgs, vaskveid\u012bgs, ar met\u0101lam rakstur\u012bgo sp\u012bdumu. Izmanto\u0161anai uz koka, MDF, akmens, keramikas un m\u0101la. Uzkl\u0101t ar dr\u0101ni\u0146u un nopul\u0113t.","og_url":"https:\/\/hobstop.ee\/lv\/produkts\/dekorkrasa-marabu-yukon-gold-cream-50ml\/","og_site_name":"Skizze","article_publisher":"http:\/\/www.facebook.com\/VunderSkizze","og_image":[{"width":1024,"height":768,"url":"https:\/\/www.hobstop.ee\/media\/4909.jpg","type":"image\/jpeg"}],"twitter_card":"summary_large_image","schema":{"@context":"https:\/\/schema.org","@graph":[{"@type":"WebPage","@id":"https:\/\/hobstop.ee\/lv\/produkts\/dekorkrasa-marabu-yukon-gold-cream-50ml\/","url":"https:\/\/hobstop.ee\/lv\/produkts\/dekorkrasa-marabu-yukon-gold-cream-50ml\/","name":"Dekorkr\u0101sa Marabu Yukon Gold Cream 50ml &#8211; Skizze","isPartOf":{"@id":"https:\/\/hobstop.ee\/lv\/#website"},"primaryImageOfPage":{"@id":"https:\/\/hobstop.ee\/lv\/produkts\/dekorkrasa-marabu-yukon-gold-cream-50ml\/#primaryimage"},"image":{"@id":"https:\/\/hobstop.ee\/lv\/produkts\/dekorkrasa-marabu-yukon-gold-cream-50ml\/#primaryimage"},"thumbnailUrl":"https:\/\/hobstop.ee\/media\/4909.jpg","datePublished":"2018-10-01T07:39:18+00:00","dateModified":"2018-10-01T07:39:18+00:00","breadcrumb":{"@id":"https:\/\/hobstop.ee\/lv\/produkts\/dekorkrasa-marabu-yukon-gold-cream-50ml\/#breadcrumb"},"inLanguage":"lv-LV","potentialAction":[{"@type":"ReadAction","target":["https:\/\/hobstop.ee\/lv\/produkts\/dekorkrasa-marabu-yukon-gold-cream-50ml\/"]}]},{"@type":"ImageObject","inLanguage":"lv-LV","@id":"https:\/\/hobstop.ee\/lv\/produkts\/dekorkrasa-marabu-yukon-gold-cream-50ml\/#primaryimage","url":"https:\/\/hobstop.ee\/media\/4909.jpg","contentUrl":"https:\/\/hobstop.ee\/media\/4909.jpg","width":1024,"height":768},{"@type":"BreadcrumbList","@id":"https:\/\/hobstop.ee\/lv\/produkts\/dekorkrasa-marabu-yukon-gold-cream-50ml\/#breadcrumb","itemListElement":[{"@type":"ListItem","position":1,"name":"Avaleht","item":"https:\/\/www.hobstop.ee\/lv\/"},{"@type":"ListItem","position":2,"name":"Veikals","item":"https:\/\/www.hobstop.ee\/lv\/veikals\/"},{"@type":"ListItem","position":3,"name":"Dekorkr\u0101sa Marabu Yukon Gold Cream 50ml"}]},{"@type":"WebSite","@id":"https:\/\/hobstop.ee\/lv\/#website","url":"https:\/\/hobstop.ee\/lv\/","name":"Skizze","description":"M\u0101kslas, hobiju un skolas preces","publisher":{"@id":"https:\/\/hobstop.ee\/lv\/#organization"},"potentialAction":[{"@type":"SearchAction","target":{"@type":"EntryPoint","urlTemplate":"https:\/\/hobstop.ee\/lv\/?s={search_term_string}"},"query-input":{"@type":"PropertyValueSpecification","valueRequired":true,"valueName":"search_term_string"}}],"inLanguage":"lv-LV"},{"@type":"Organization","@id":"https:\/\/hobstop.ee\/lv\/#organization","name":"Vunder AS","url":"https:\/\/hobstop.ee\/lv\/","logo":{"@type":"ImageObject","inLanguage":"lv-LV","@id":"https:\/\/hobstop.ee\/lv\/#\/schema\/logo\/image\/","url":"https:\/\/hobstop.ee\/media\/vunder-logo.png","contentUrl":"https:\/\/hobstop.ee\/media\/vunder-logo.png","width":127,"height":55,"caption":"Vunder AS"},"image":{"@id":"https:\/\/hobstop.ee\/lv\/#\/schema\/logo\/image\/"},"sameAs":["http:\/\/www.facebook.com\/VunderSkizze"]}]}},"_links":{"self":[{"href":"https:\/\/hobstop.ee\/lv\/wp-json\/wp\/v2\/product\/318484","targetHints":{"allow":["GET"]}}],"collection":[{"href":"https:\/\/hobstop.ee\/lv\/wp-json\/wp\/v2\/product"}],"about":[{"href":"https:\/\/hobstop.ee\/lv\/wp-json\/wp\/v2\/types\/product"}],"replies":[{"embeddable":true,"href":"https:\/\/hobstop.ee\/lv\/wp-json\/wp\/v2\/comments?post=318484"}],"wp:featuredmedia":[{"embeddable":true,"href":"https:\/\/hobstop.ee\/lv\/wp-json\/wp\/v2\/media\/320206"}],"wp:attachment":[{"href":"https:\/\/hobstop.ee\/lv\/wp-json\/wp\/v2\/media?parent=318484"}],"wp:term":[{"taxonomy":"product_cat","embeddable":true,"href":"https:\/\/hobstop.ee\/lv\/wp-json\/wp\/v2\/product_cat?post=318484"},{"taxonomy":"product_tag","embeddable":true,"href":"https:\/\/hobstop.ee\/lv\/wp-json\/wp\/v2\/product_tag?post=318484"}],"curies":[{"name":"wp","href":"https:\/\/api.w.org\/{rel}","templated":true}]}}