{"id":318488,"date":"2018-10-01T10:39:19","date_gmt":"2018-10-01T07:39:19","guid":{"rendered":"https:\/\/sharks.ee\/vunder_2019\/lv\/product\/dekorkrasa-marabu-new-york-neon-100ml\/"},"modified":"2018-10-01T10:39:19","modified_gmt":"2018-10-01T07:39:19","slug":"dekorkrasa-marabu-new-york-neon-100ml","status":"publish","type":"product","link":"https:\/\/hobstop.ee\/lv\/produkts\/dekorkrasa-marabu-new-york-neon-100ml\/","title":{"rendered":"Dekorkr\u0101sa Marabu New York Neon 100ml"},"content":{"rendered":"<p>Marabu New York Neon ir da\u013c\u0113ji caursp\u012bd\u012bga dienasgaismu luminisc\u0113jo\u0161a kr\u0101sa uz \u016bdens b\u0101zes. T\u0101 ir \u016bdensiztur\u012bga, neizpl\u016bst, iztur\u012bga pret gaismas iedarb\u012bbu un \u0101tri \u017e\u016bsto\u0161a. Piem\u0113rota izmanto\u0161anai uz absorb\u0113jo\u0161\u0101m pamatn\u0113m, piem\u0113ram, koka, MDF, paper mach\u00e9, pap\u012bra, akmens, keramikas, m\u0101la, polistirola, audekla utt. Lab\u0101kam rezult\u0101tam, uzkl\u0101t uz viegla fona vai izmantot gruntskr\u0101su.<\/p>\n","protected":false},"excerpt":{"rendered":"<p>Marabu New York Neon ir da\u013c\u0113ji caursp\u012bd\u012bga dienasgaismu luminisc\u0113jo\u0161a kr\u0101sa uz \u016bdens b\u0101zes. T\u0101 ir \u016bdensiztur\u012bga, neizpl\u016bst, iztur\u012bga pret gaismas iedarb\u012bbu un \u0101tri \u017e\u016bsto\u0161a. Piem\u0113rota izmanto\u0161anai uz absorb\u0113jo\u0161\u0101m pamatn\u0113m, piem\u0113ram, koka, MDF, paper mach\u00e9, pap\u012bra, akmens, keramikas, m\u0101la, polistirola, audekla utt. Lab\u0101kam rezult\u0101tam, uzkl\u0101t uz viegla fona vai izmantot gruntskr\u0101su.<\/p>\n","protected":false},"featured_media":320210,"comment_status":"closed","ping_status":"closed","template":"","meta":{"_acf_changed":false,"ep_exclude_from_search":false},"product_cat":[17954,18201,17918],"product_tag":[],"class_list":{"0":"post-318488","1":"product","2":"type-product","3":"status-publish","4":"has-post-thumbnail","6":"product_cat-decor-krasas","7":"product_cat-decor-krasas-2","8":"product_cat-preces-hobijiem","10":"first","11":"instock","12":"taxable","13":"shipping-taxable","14":"purchasable","15":"product-type-simple"},"acf":[],"yoast_head":"<!-- This site is optimized with the Yoast SEO plugin v24.1 - https:\/\/yoast.com\/wordpress\/plugins\/seo\/ -->\n<title>Dekorkr\u0101sa Marabu New York Neon 100ml &#8211; Skizze<\/title>\n<meta name=\"robots\" content=\"noindex, follow, max-snippet:-1, max-image-preview:large, max-video-preview:-1\" \/>\n<meta property=\"og:locale\" content=\"lv_LV\" \/>\n<meta property=\"og:type\" content=\"article\" \/>\n<meta property=\"og:title\" content=\"Dekorkr\u0101sa Marabu New York Neon 100ml &#8211; Skizze\" \/>\n<meta property=\"og:description\" content=\"Marabu New York Neon ir da\u013c\u0113ji caursp\u012bd\u012bga dienasgaismu luminisc\u0113jo\u0161a kr\u0101sa uz \u016bdens b\u0101zes. T\u0101 ir \u016bdensiztur\u012bga, neizpl\u016bst, iztur\u012bga pret gaismas iedarb\u012bbu un \u0101tri \u017e\u016bsto\u0161a. Piem\u0113rota izmanto\u0161anai uz absorb\u0113jo\u0161\u0101m pamatn\u0113m, piem\u0113ram, koka, MDF, paper mach\u00e9, pap\u012bra, akmens, keramikas, m\u0101la, polistirola, audekla utt. Lab\u0101kam rezult\u0101tam, uzkl\u0101t uz viegla fona vai izmantot gruntskr\u0101su.\" \/>\n<meta property=\"og:url\" content=\"https:\/\/hobstop.ee\/lv\/produkts\/dekorkrasa-marabu-new-york-neon-100ml\/\" \/>\n<meta property=\"og:site_name\" content=\"Skizze\" \/>\n<meta property=\"article:publisher\" content=\"http:\/\/www.facebook.com\/VunderSkizze\" \/>\n<meta property=\"og:image\" content=\"https:\/\/hobstop.ee\/media\/4910.jpg\" \/>\n\t<meta property=\"og:image:width\" content=\"1024\" \/>\n\t<meta property=\"og:image:height\" content=\"768\" \/>\n\t<meta property=\"og:image:type\" content=\"image\/jpeg\" \/>\n<meta name=\"twitter:card\" content=\"summary_large_image\" \/>\n<script type=\"application\/ld+json\" class=\"yoast-schema-graph\">{\"@context\":\"https:\/\/schema.org\",\"@graph\":[{\"@type\":\"WebPage\",\"@id\":\"https:\/\/hobstop.ee\/lv\/produkts\/dekorkrasa-marabu-new-york-neon-100ml\/\",\"url\":\"https:\/\/hobstop.ee\/lv\/produkts\/dekorkrasa-marabu-new-york-neon-100ml\/\",\"name\":\"Dekorkr\u0101sa Marabu New York Neon 100ml &#8211; Skizze\",\"isPartOf\":{\"@id\":\"https:\/\/www.hobstop.ee\/lv\/#website\"},\"primaryImageOfPage\":{\"@id\":\"https:\/\/hobstop.ee\/lv\/produkts\/dekorkrasa-marabu-new-york-neon-100ml\/#primaryimage\"},\"image\":{\"@id\":\"https:\/\/hobstop.ee\/lv\/produkts\/dekorkrasa-marabu-new-york-neon-100ml\/#primaryimage\"},\"thumbnailUrl\":\"https:\/\/hobstop.ee\/media\/4910.jpg\",\"datePublished\":\"2018-10-01T07:39:19+00:00\",\"dateModified\":\"2018-10-01T07:39:19+00:00\",\"breadcrumb\":{\"@id\":\"https:\/\/hobstop.ee\/lv\/produkts\/dekorkrasa-marabu-new-york-neon-100ml\/#breadcrumb\"},\"inLanguage\":\"lv-LV\",\"potentialAction\":[{\"@type\":\"ReadAction\",\"target\":[\"https:\/\/hobstop.ee\/lv\/produkts\/dekorkrasa-marabu-new-york-neon-100ml\/\"]}]},{\"@type\":\"ImageObject\",\"inLanguage\":\"lv-LV\",\"@id\":\"https:\/\/hobstop.ee\/lv\/produkts\/dekorkrasa-marabu-new-york-neon-100ml\/#primaryimage\",\"url\":\"https:\/\/hobstop.ee\/media\/4910.jpg\",\"contentUrl\":\"https:\/\/hobstop.ee\/media\/4910.jpg\",\"width\":1024,\"height\":768},{\"@type\":\"BreadcrumbList\",\"@id\":\"https:\/\/hobstop.ee\/lv\/produkts\/dekorkrasa-marabu-new-york-neon-100ml\/#breadcrumb\",\"itemListElement\":[{\"@type\":\"ListItem\",\"position\":1,\"name\":\"Avaleht\",\"item\":\"https:\/\/www.hobstop.ee\/lv\/\"},{\"@type\":\"ListItem\",\"position\":2,\"name\":\"Veikals\",\"item\":\"https:\/\/www.hobstop.ee\/lv\/veikals\/\"},{\"@type\":\"ListItem\",\"position\":3,\"name\":\"Dekorkr\u0101sa Marabu New York Neon 100ml\"}]},{\"@type\":\"WebSite\",\"@id\":\"https:\/\/www.hobstop.ee\/lv\/#website\",\"url\":\"https:\/\/www.hobstop.ee\/lv\/\",\"name\":\"Skizze\",\"description\":\"M\u0101kslas, hobiju un skolas preces\",\"publisher\":{\"@id\":\"https:\/\/www.hobstop.ee\/lv\/#organization\"},\"potentialAction\":[{\"@type\":\"SearchAction\",\"target\":{\"@type\":\"EntryPoint\",\"urlTemplate\":\"https:\/\/www.hobstop.ee\/lv\/?s={search_term_string}\"},\"query-input\":{\"@type\":\"PropertyValueSpecification\",\"valueRequired\":true,\"valueName\":\"search_term_string\"}}],\"inLanguage\":\"lv-LV\"},{\"@type\":\"Organization\",\"@id\":\"https:\/\/www.hobstop.ee\/lv\/#organization\",\"name\":\"Vunder AS\",\"url\":\"https:\/\/www.hobstop.ee\/lv\/\",\"logo\":{\"@type\":\"ImageObject\",\"inLanguage\":\"lv-LV\",\"@id\":\"https:\/\/www.hobstop.ee\/lv\/#\/schema\/logo\/image\/\",\"url\":\"https:\/\/hobstop.ee\/media\/vunder-logo.png\",\"contentUrl\":\"https:\/\/hobstop.ee\/media\/vunder-logo.png\",\"width\":127,\"height\":55,\"caption\":\"Vunder AS\"},\"image\":{\"@id\":\"https:\/\/www.hobstop.ee\/lv\/#\/schema\/logo\/image\/\"},\"sameAs\":[\"http:\/\/www.facebook.com\/VunderSkizze\"]}]}<\/script>\n<!-- \/ Yoast SEO plugin. -->","yoast_head_json":{"title":"Dekorkr\u0101sa Marabu New York Neon 100ml &#8211; Skizze","robots":{"index":"noindex","follow":"follow","max-snippet":"max-snippet:-1","max-image-preview":"max-image-preview:large","max-video-preview":"max-video-preview:-1"},"og_locale":"lv_LV","og_type":"article","og_title":"Dekorkr\u0101sa Marabu New York Neon 100ml &#8211; Skizze","og_description":"Marabu New York Neon ir da\u013c\u0113ji caursp\u012bd\u012bga dienasgaismu luminisc\u0113jo\u0161a kr\u0101sa uz \u016bdens b\u0101zes. T\u0101 ir \u016bdensiztur\u012bga, neizpl\u016bst, iztur\u012bga pret gaismas iedarb\u012bbu un \u0101tri \u017e\u016bsto\u0161a. Piem\u0113rota izmanto\u0161anai uz absorb\u0113jo\u0161\u0101m pamatn\u0113m, piem\u0113ram, koka, MDF, paper mach\u00e9, pap\u012bra, akmens, keramikas, m\u0101la, polistirola, audekla utt. Lab\u0101kam rezult\u0101tam, uzkl\u0101t uz viegla fona vai izmantot gruntskr\u0101su.","og_url":"https:\/\/hobstop.ee\/lv\/produkts\/dekorkrasa-marabu-new-york-neon-100ml\/","og_site_name":"Skizze","article_publisher":"http:\/\/www.facebook.com\/VunderSkizze","og_image":[{"width":1024,"height":768,"url":"https:\/\/hobstop.ee\/media\/4910.jpg","type":"image\/jpeg"}],"twitter_card":"summary_large_image","schema":{"@context":"https:\/\/schema.org","@graph":[{"@type":"WebPage","@id":"https:\/\/hobstop.ee\/lv\/produkts\/dekorkrasa-marabu-new-york-neon-100ml\/","url":"https:\/\/hobstop.ee\/lv\/produkts\/dekorkrasa-marabu-new-york-neon-100ml\/","name":"Dekorkr\u0101sa Marabu New York Neon 100ml &#8211; Skizze","isPartOf":{"@id":"https:\/\/www.hobstop.ee\/lv\/#website"},"primaryImageOfPage":{"@id":"https:\/\/hobstop.ee\/lv\/produkts\/dekorkrasa-marabu-new-york-neon-100ml\/#primaryimage"},"image":{"@id":"https:\/\/hobstop.ee\/lv\/produkts\/dekorkrasa-marabu-new-york-neon-100ml\/#primaryimage"},"thumbnailUrl":"https:\/\/hobstop.ee\/media\/4910.jpg","datePublished":"2018-10-01T07:39:19+00:00","dateModified":"2018-10-01T07:39:19+00:00","breadcrumb":{"@id":"https:\/\/hobstop.ee\/lv\/produkts\/dekorkrasa-marabu-new-york-neon-100ml\/#breadcrumb"},"inLanguage":"lv-LV","potentialAction":[{"@type":"ReadAction","target":["https:\/\/hobstop.ee\/lv\/produkts\/dekorkrasa-marabu-new-york-neon-100ml\/"]}]},{"@type":"ImageObject","inLanguage":"lv-LV","@id":"https:\/\/hobstop.ee\/lv\/produkts\/dekorkrasa-marabu-new-york-neon-100ml\/#primaryimage","url":"https:\/\/hobstop.ee\/media\/4910.jpg","contentUrl":"https:\/\/hobstop.ee\/media\/4910.jpg","width":1024,"height":768},{"@type":"BreadcrumbList","@id":"https:\/\/hobstop.ee\/lv\/produkts\/dekorkrasa-marabu-new-york-neon-100ml\/#breadcrumb","itemListElement":[{"@type":"ListItem","position":1,"name":"Avaleht","item":"https:\/\/www.hobstop.ee\/lv\/"},{"@type":"ListItem","position":2,"name":"Veikals","item":"https:\/\/www.hobstop.ee\/lv\/veikals\/"},{"@type":"ListItem","position":3,"name":"Dekorkr\u0101sa Marabu New York Neon 100ml"}]},{"@type":"WebSite","@id":"https:\/\/www.hobstop.ee\/lv\/#website","url":"https:\/\/www.hobstop.ee\/lv\/","name":"Skizze","description":"M\u0101kslas, hobiju un skolas preces","publisher":{"@id":"https:\/\/www.hobstop.ee\/lv\/#organization"},"potentialAction":[{"@type":"SearchAction","target":{"@type":"EntryPoint","urlTemplate":"https:\/\/www.hobstop.ee\/lv\/?s={search_term_string}"},"query-input":{"@type":"PropertyValueSpecification","valueRequired":true,"valueName":"search_term_string"}}],"inLanguage":"lv-LV"},{"@type":"Organization","@id":"https:\/\/www.hobstop.ee\/lv\/#organization","name":"Vunder AS","url":"https:\/\/www.hobstop.ee\/lv\/","logo":{"@type":"ImageObject","inLanguage":"lv-LV","@id":"https:\/\/www.hobstop.ee\/lv\/#\/schema\/logo\/image\/","url":"https:\/\/hobstop.ee\/media\/vunder-logo.png","contentUrl":"https:\/\/hobstop.ee\/media\/vunder-logo.png","width":127,"height":55,"caption":"Vunder AS"},"image":{"@id":"https:\/\/www.hobstop.ee\/lv\/#\/schema\/logo\/image\/"},"sameAs":["http:\/\/www.facebook.com\/VunderSkizze"]}]}},"_links":{"self":[{"href":"https:\/\/hobstop.ee\/lv\/wp-json\/wp\/v2\/product\/318488","targetHints":{"allow":["GET"]}}],"collection":[{"href":"https:\/\/hobstop.ee\/lv\/wp-json\/wp\/v2\/product"}],"about":[{"href":"https:\/\/hobstop.ee\/lv\/wp-json\/wp\/v2\/types\/product"}],"replies":[{"embeddable":true,"href":"https:\/\/hobstop.ee\/lv\/wp-json\/wp\/v2\/comments?post=318488"}],"wp:featuredmedia":[{"embeddable":true,"href":"https:\/\/hobstop.ee\/lv\/wp-json\/wp\/v2\/media\/320210"}],"wp:attachment":[{"href":"https:\/\/hobstop.ee\/lv\/wp-json\/wp\/v2\/media?parent=318488"}],"wp:term":[{"taxonomy":"product_cat","embeddable":true,"href":"https:\/\/hobstop.ee\/lv\/wp-json\/wp\/v2\/product_cat?post=318488"},{"taxonomy":"product_tag","embeddable":true,"href":"https:\/\/hobstop.ee\/lv\/wp-json\/wp\/v2\/product_tag?post=318488"}],"curies":[{"name":"wp","href":"https:\/\/api.w.org\/{rel}","templated":true}]}}