{"id":318500,"date":"2018-10-01T10:39:22","date_gmt":"2018-10-01T07:39:22","guid":{"rendered":"https:\/\/sharks.ee\/vunder_2019\/lv\/product\/akvarelu-tinte-marabu-graphix-6x15ml\/"},"modified":"2018-10-01T10:39:22","modified_gmt":"2018-10-01T07:39:22","slug":"akvarelu-tinte-marabu-graphix-6x15ml","status":"publish","type":"product","link":"https:\/\/hobstop.ee\/lv\/produkts\/akvarelu-tinte-marabu-graphix-6x15ml\/","title":{"rendered":"Akvare\u013cu tinte Marabu Graphix 6x15ml"},"content":{"rendered":"<p>Vandens pagrindu pagamintas auk\u0161tos kokyb\u0117s akvarelinis tu\u0161as su pigmentais \u201eMarabu Graphix\u201c. Nat\u016braliai permatomas ir itin atsparus \u0161viesos poveikiui. I\u0161bandykite savo m\u0117gstamas akvarel\u0117s technikas su teptuku arba ry\u0161kesnes linijas su dr\u0117kinamu flomasteriu. Net ir visi\u0161kai i\u0161d\u017ei\u016bvus\u012f tu\u0161\u0105 galima praskiesti vandeniu, tod\u0117l k\u016brybin\u0117s galimyb\u0117s yra neribotos. Ry\u0161kias spalvas galima tarpusavyje mai\u0161yti, taigi, b\u016bkite pasiruo\u0161\u0119 eksperimentuoti. Prie\u0161 naudojim\u0105 gerai sukratyti.<\/p>\n","protected":false},"excerpt":{"rendered":"<p>Vandens pagrindu pagamintas auk\u0161tos kokyb\u0117s akvarelinis tu\u0161as su pigmentais \u201eMarabu Graphix\u201c. Nat\u016braliai permatomas ir itin atsparus \u0161viesos poveikiui. I\u0161bandykite savo m\u0117gstamas akvarel\u0117s technikas su teptuku arba ry\u0161kesnes linijas su dr\u0117kinamu flomasteriu. Net ir visi\u0161kai i\u0161d\u017ei\u016bvus\u012f tu\u0161\u0105 galima praskiesti vandeniu, tod\u0117l k\u016brybin\u0117s galimyb\u0117s yra neribotos. Ry\u0161kias spalvas galima tarpusavyje mai\u0161yti, taigi, b\u016bkite pasiruo\u0161\u0119 eksperimentuoti. Prie\u0161 naudojim\u0105 gerai sukratyti.<\/p>\n","protected":false},"featured_media":328407,"comment_status":"closed","ping_status":"closed","template":"","meta":{"_acf_changed":false,"ep_exclude_from_search":false},"product_cat":[19000,17980,16123],"product_tag":[],"class_list":{"0":"post-318500","1":"product","2":"type-product","3":"status-publish","4":"has-post-thumbnail","6":"product_cat-akvarelkrasas-2","7":"product_cat-krasas-un-gleznosanas-paligmateriali","8":"product_cat-makslas-piederumi-2","10":"first","11":"instock","12":"taxable","13":"shipping-taxable","14":"purchasable","15":"product-type-simple"},"acf":[],"yoast_head":"<!-- This site is optimized with the Yoast SEO plugin v24.1 - https:\/\/yoast.com\/wordpress\/plugins\/seo\/ -->\n<title>Akvare\u013cu tinte Marabu Graphix 6x15ml &#8211; Skizze<\/title>\n<meta name=\"robots\" content=\"noindex, follow, max-snippet:-1, max-image-preview:large, max-video-preview:-1\" \/>\n<meta property=\"og:locale\" content=\"lv_LV\" \/>\n<meta property=\"og:type\" content=\"article\" \/>\n<meta property=\"og:title\" content=\"Akvare\u013cu tinte Marabu Graphix 6x15ml &#8211; Skizze\" \/>\n<meta property=\"og:description\" content=\"Vandens pagrindu pagamintas auk\u0161tos kokyb\u0117s akvarelinis tu\u0161as su pigmentais \u201eMarabu Graphix\u201c. Nat\u016braliai permatomas ir itin atsparus \u0161viesos poveikiui. I\u0161bandykite savo m\u0117gstamas akvarel\u0117s technikas su teptuku arba ry\u0161kesnes linijas su dr\u0117kinamu flomasteriu. Net ir visi\u0161kai i\u0161d\u017ei\u016bvus\u012f tu\u0161\u0105 galima praskiesti vandeniu, tod\u0117l k\u016brybin\u0117s galimyb\u0117s yra neribotos. Ry\u0161kias spalvas galima tarpusavyje mai\u0161yti, taigi, b\u016bkite pasiruo\u0161\u0119 eksperimentuoti. Prie\u0161 naudojim\u0105 gerai sukratyti.\" \/>\n<meta property=\"og:url\" content=\"https:\/\/hobstop.ee\/lv\/produkts\/akvarelu-tinte-marabu-graphix-6x15ml\/\" \/>\n<meta property=\"og:site_name\" content=\"Skizze\" \/>\n<meta property=\"article:publisher\" content=\"http:\/\/www.facebook.com\/VunderSkizze\" \/>\n<meta property=\"og:image\" content=\"https:\/\/hobstop.ee\/media\/4914.jpg\" \/>\n\t<meta property=\"og:image:width\" content=\"1024\" \/>\n\t<meta property=\"og:image:height\" content=\"768\" \/>\n\t<meta property=\"og:image:type\" content=\"image\/jpeg\" \/>\n<meta name=\"twitter:card\" content=\"summary_large_image\" \/>\n<script type=\"application\/ld+json\" class=\"yoast-schema-graph\">{\"@context\":\"https:\/\/schema.org\",\"@graph\":[{\"@type\":\"WebPage\",\"@id\":\"https:\/\/hobstop.ee\/lv\/produkts\/akvarelu-tinte-marabu-graphix-6x15ml\/\",\"url\":\"https:\/\/hobstop.ee\/lv\/produkts\/akvarelu-tinte-marabu-graphix-6x15ml\/\",\"name\":\"Akvare\u013cu tinte Marabu Graphix 6x15ml &#8211; Skizze\",\"isPartOf\":{\"@id\":\"https:\/\/hobstop.ee\/lv\/#website\"},\"primaryImageOfPage\":{\"@id\":\"https:\/\/hobstop.ee\/lv\/produkts\/akvarelu-tinte-marabu-graphix-6x15ml\/#primaryimage\"},\"image\":{\"@id\":\"https:\/\/hobstop.ee\/lv\/produkts\/akvarelu-tinte-marabu-graphix-6x15ml\/#primaryimage\"},\"thumbnailUrl\":\"https:\/\/hobstop.ee\/media\/4914.jpg\",\"datePublished\":\"2018-10-01T07:39:22+00:00\",\"dateModified\":\"2018-10-01T07:39:22+00:00\",\"breadcrumb\":{\"@id\":\"https:\/\/hobstop.ee\/lv\/produkts\/akvarelu-tinte-marabu-graphix-6x15ml\/#breadcrumb\"},\"inLanguage\":\"lv-LV\",\"potentialAction\":[{\"@type\":\"ReadAction\",\"target\":[\"https:\/\/hobstop.ee\/lv\/produkts\/akvarelu-tinte-marabu-graphix-6x15ml\/\"]}]},{\"@type\":\"ImageObject\",\"inLanguage\":\"lv-LV\",\"@id\":\"https:\/\/hobstop.ee\/lv\/produkts\/akvarelu-tinte-marabu-graphix-6x15ml\/#primaryimage\",\"url\":\"https:\/\/hobstop.ee\/media\/4914.jpg\",\"contentUrl\":\"https:\/\/hobstop.ee\/media\/4914.jpg\",\"width\":1024,\"height\":768},{\"@type\":\"BreadcrumbList\",\"@id\":\"https:\/\/hobstop.ee\/lv\/produkts\/akvarelu-tinte-marabu-graphix-6x15ml\/#breadcrumb\",\"itemListElement\":[{\"@type\":\"ListItem\",\"position\":1,\"name\":\"Avaleht\",\"item\":\"https:\/\/hobstop.ee\/lv\/\"},{\"@type\":\"ListItem\",\"position\":2,\"name\":\"Veikals\",\"item\":\"https:\/\/hobstop.ee\/lv\/veikals\/\"},{\"@type\":\"ListItem\",\"position\":3,\"name\":\"Akvare\u013cu tinte Marabu Graphix 6x15ml\"}]},{\"@type\":\"WebSite\",\"@id\":\"https:\/\/hobstop.ee\/lv\/#website\",\"url\":\"https:\/\/hobstop.ee\/lv\/\",\"name\":\"Skizze\",\"description\":\"M\u0101kslas, hobiju un skolas preces\",\"publisher\":{\"@id\":\"https:\/\/hobstop.ee\/lv\/#organization\"},\"potentialAction\":[{\"@type\":\"SearchAction\",\"target\":{\"@type\":\"EntryPoint\",\"urlTemplate\":\"https:\/\/hobstop.ee\/lv\/?s={search_term_string}\"},\"query-input\":{\"@type\":\"PropertyValueSpecification\",\"valueRequired\":true,\"valueName\":\"search_term_string\"}}],\"inLanguage\":\"lv-LV\"},{\"@type\":\"Organization\",\"@id\":\"https:\/\/hobstop.ee\/lv\/#organization\",\"name\":\"Vunder AS\",\"url\":\"https:\/\/hobstop.ee\/lv\/\",\"logo\":{\"@type\":\"ImageObject\",\"inLanguage\":\"lv-LV\",\"@id\":\"https:\/\/hobstop.ee\/lv\/#\/schema\/logo\/image\/\",\"url\":\"https:\/\/hobstop.ee\/media\/vunder-logo.png\",\"contentUrl\":\"https:\/\/hobstop.ee\/media\/vunder-logo.png\",\"width\":127,\"height\":55,\"caption\":\"Vunder AS\"},\"image\":{\"@id\":\"https:\/\/hobstop.ee\/lv\/#\/schema\/logo\/image\/\"},\"sameAs\":[\"http:\/\/www.facebook.com\/VunderSkizze\"]}]}<\/script>\n<!-- \/ Yoast SEO plugin. -->","yoast_head_json":{"title":"Akvare\u013cu tinte Marabu Graphix 6x15ml &#8211; Skizze","robots":{"index":"noindex","follow":"follow","max-snippet":"max-snippet:-1","max-image-preview":"max-image-preview:large","max-video-preview":"max-video-preview:-1"},"og_locale":"lv_LV","og_type":"article","og_title":"Akvare\u013cu tinte Marabu Graphix 6x15ml &#8211; Skizze","og_description":"Vandens pagrindu pagamintas auk\u0161tos kokyb\u0117s akvarelinis tu\u0161as su pigmentais \u201eMarabu Graphix\u201c. Nat\u016braliai permatomas ir itin atsparus \u0161viesos poveikiui. I\u0161bandykite savo m\u0117gstamas akvarel\u0117s technikas su teptuku arba ry\u0161kesnes linijas su dr\u0117kinamu flomasteriu. Net ir visi\u0161kai i\u0161d\u017ei\u016bvus\u012f tu\u0161\u0105 galima praskiesti vandeniu, tod\u0117l k\u016brybin\u0117s galimyb\u0117s yra neribotos. Ry\u0161kias spalvas galima tarpusavyje mai\u0161yti, taigi, b\u016bkite pasiruo\u0161\u0119 eksperimentuoti. Prie\u0161 naudojim\u0105 gerai sukratyti.","og_url":"https:\/\/hobstop.ee\/lv\/produkts\/akvarelu-tinte-marabu-graphix-6x15ml\/","og_site_name":"Skizze","article_publisher":"http:\/\/www.facebook.com\/VunderSkizze","og_image":[{"width":1024,"height":768,"url":"https:\/\/hobstop.ee\/media\/4914.jpg","type":"image\/jpeg"}],"twitter_card":"summary_large_image","schema":{"@context":"https:\/\/schema.org","@graph":[{"@type":"WebPage","@id":"https:\/\/hobstop.ee\/lv\/produkts\/akvarelu-tinte-marabu-graphix-6x15ml\/","url":"https:\/\/hobstop.ee\/lv\/produkts\/akvarelu-tinte-marabu-graphix-6x15ml\/","name":"Akvare\u013cu tinte Marabu Graphix 6x15ml &#8211; Skizze","isPartOf":{"@id":"https:\/\/hobstop.ee\/lv\/#website"},"primaryImageOfPage":{"@id":"https:\/\/hobstop.ee\/lv\/produkts\/akvarelu-tinte-marabu-graphix-6x15ml\/#primaryimage"},"image":{"@id":"https:\/\/hobstop.ee\/lv\/produkts\/akvarelu-tinte-marabu-graphix-6x15ml\/#primaryimage"},"thumbnailUrl":"https:\/\/hobstop.ee\/media\/4914.jpg","datePublished":"2018-10-01T07:39:22+00:00","dateModified":"2018-10-01T07:39:22+00:00","breadcrumb":{"@id":"https:\/\/hobstop.ee\/lv\/produkts\/akvarelu-tinte-marabu-graphix-6x15ml\/#breadcrumb"},"inLanguage":"lv-LV","potentialAction":[{"@type":"ReadAction","target":["https:\/\/hobstop.ee\/lv\/produkts\/akvarelu-tinte-marabu-graphix-6x15ml\/"]}]},{"@type":"ImageObject","inLanguage":"lv-LV","@id":"https:\/\/hobstop.ee\/lv\/produkts\/akvarelu-tinte-marabu-graphix-6x15ml\/#primaryimage","url":"https:\/\/hobstop.ee\/media\/4914.jpg","contentUrl":"https:\/\/hobstop.ee\/media\/4914.jpg","width":1024,"height":768},{"@type":"BreadcrumbList","@id":"https:\/\/hobstop.ee\/lv\/produkts\/akvarelu-tinte-marabu-graphix-6x15ml\/#breadcrumb","itemListElement":[{"@type":"ListItem","position":1,"name":"Avaleht","item":"https:\/\/hobstop.ee\/lv\/"},{"@type":"ListItem","position":2,"name":"Veikals","item":"https:\/\/hobstop.ee\/lv\/veikals\/"},{"@type":"ListItem","position":3,"name":"Akvare\u013cu tinte Marabu Graphix 6x15ml"}]},{"@type":"WebSite","@id":"https:\/\/hobstop.ee\/lv\/#website","url":"https:\/\/hobstop.ee\/lv\/","name":"Skizze","description":"M\u0101kslas, hobiju un skolas preces","publisher":{"@id":"https:\/\/hobstop.ee\/lv\/#organization"},"potentialAction":[{"@type":"SearchAction","target":{"@type":"EntryPoint","urlTemplate":"https:\/\/hobstop.ee\/lv\/?s={search_term_string}"},"query-input":{"@type":"PropertyValueSpecification","valueRequired":true,"valueName":"search_term_string"}}],"inLanguage":"lv-LV"},{"@type":"Organization","@id":"https:\/\/hobstop.ee\/lv\/#organization","name":"Vunder AS","url":"https:\/\/hobstop.ee\/lv\/","logo":{"@type":"ImageObject","inLanguage":"lv-LV","@id":"https:\/\/hobstop.ee\/lv\/#\/schema\/logo\/image\/","url":"https:\/\/hobstop.ee\/media\/vunder-logo.png","contentUrl":"https:\/\/hobstop.ee\/media\/vunder-logo.png","width":127,"height":55,"caption":"Vunder AS"},"image":{"@id":"https:\/\/hobstop.ee\/lv\/#\/schema\/logo\/image\/"},"sameAs":["http:\/\/www.facebook.com\/VunderSkizze"]}]}},"_links":{"self":[{"href":"https:\/\/hobstop.ee\/lv\/wp-json\/wp\/v2\/product\/318500","targetHints":{"allow":["GET"]}}],"collection":[{"href":"https:\/\/hobstop.ee\/lv\/wp-json\/wp\/v2\/product"}],"about":[{"href":"https:\/\/hobstop.ee\/lv\/wp-json\/wp\/v2\/types\/product"}],"replies":[{"embeddable":true,"href":"https:\/\/hobstop.ee\/lv\/wp-json\/wp\/v2\/comments?post=318500"}],"wp:featuredmedia":[{"embeddable":true,"href":"https:\/\/hobstop.ee\/lv\/wp-json\/wp\/v2\/media\/328407"}],"wp:attachment":[{"href":"https:\/\/hobstop.ee\/lv\/wp-json\/wp\/v2\/media?parent=318500"}],"wp:term":[{"taxonomy":"product_cat","embeddable":true,"href":"https:\/\/hobstop.ee\/lv\/wp-json\/wp\/v2\/product_cat?post=318500"},{"taxonomy":"product_tag","embeddable":true,"href":"https:\/\/hobstop.ee\/lv\/wp-json\/wp\/v2\/product_tag?post=318500"}],"curies":[{"name":"wp","href":"https:\/\/api.w.org\/{rel}","templated":true}]}}