{"id":318504,"date":"2018-10-01T10:39:23","date_gmt":"2018-10-01T07:39:23","guid":{"rendered":"https:\/\/sharks.ee\/vunder_2019\/lv\/product\/akrila-krasa-lb-fine-80ml\/"},"modified":"2018-10-01T10:39:23","modified_gmt":"2018-10-01T07:39:23","slug":"akrila-krasa-lb-fine-80ml","status":"publish","type":"product","link":"https:\/\/hobstop.ee\/lv\/produkts\/akrila-krasa-lb-fine-80ml\/","title":{"rendered":"Akrila kr\u0101sa LB Fine 80ml"},"content":{"rendered":"<p>Lefranc Bourgeois Fine akrila kr\u0101sa ar ide\u0101lu tekst\u016bru iepriecin\u0101s ne tikai ies\u0101c\u0113jus un studentus, bet no nov\u0113rt\u0113s ar\u012b profesion\u0101\u013ciem. Tai ir lieliska izteiksme un kvalit\u0101te \u2013 iespaid\u012bga un par pie\u0146emamu cenu! LB Fine ir augsts pigmenta l\u012bmenis, lielisks kr\u0101su dzi\u013cums un sat\u012bna apdare. Tekst\u016bra ir pietiekami kr\u0113m\u012bga, lai to var\u0113tu \u0101tri un viegli uzkl\u0101t, tai pa\u0161a laika t\u0101 ar\u012b pietiekami bieza, lai saglab\u0101tu otas atst\u0101t\u0101s p\u0113das. Pla\u0161ais kr\u0101su diapazons pied\u0101v\u0101 sabalans\u0113tu, 50 kr\u0101su paleti, kuras sast\u0101v\u0101 ir visvair\u0101k p\u0101rdot\u0101k\u0101s kr\u0101sas, padarot komplektu kompaktu un konkur\u0113tsp\u0113j\u012bgu.<\/p>\n","protected":false},"excerpt":{"rendered":"<p>Lefranc Bourgeois Fine akrila kr\u0101sa ar ide\u0101lu tekst\u016bru iepriecin\u0101s ne tikai ies\u0101c\u0113jus un studentus, bet no nov\u0113rt\u0113s ar\u012b profesion\u0101\u013ciem. Tai ir lieliska izteiksme un kvalit\u0101te \u2013 iespaid\u012bga un par pie\u0146emamu cenu! LB Fine ir augsts pigmenta l\u012bmenis, lielisks kr\u0101su dzi\u013cums un sat\u012bna apdare. Tekst\u016bra ir pietiekami kr\u0113m\u012bga, lai to var\u0113tu \u0101tri un viegli uzkl\u0101t, tai pa\u0161a laika t\u0101 ar\u012b pietiekami bieza, lai saglab\u0101tu otas atst\u0101t\u0101s p\u0113das. Pla\u0161ais kr\u0101su diapazons pied\u0101v\u0101 sabalans\u0113tu, 50 kr\u0101su paleti, kuras sast\u0101v\u0101 ir visvair\u0101k p\u0101rdot\u0101k\u0101s kr\u0101sas, padarot komplektu kompaktu un konkur\u0113tsp\u0113j\u012bgu.<\/p>\n","protected":false},"featured_media":328387,"comment_status":"closed","ping_status":"closed","template":"","meta":{"_acf_changed":false,"ep_exclude_from_search":false},"product_cat":[18994,17980,16123],"product_tag":[],"class_list":{"0":"post-318504","1":"product","2":"type-product","3":"status-publish","4":"has-post-thumbnail","6":"product_cat-akrila-krasas","7":"product_cat-krasas-un-gleznosanas-paligmateriali","8":"product_cat-makslas-piederumi-2","10":"first","11":"instock","12":"taxable","13":"shipping-taxable","14":"purchasable","15":"product-type-simple"},"acf":[],"yoast_head":"<!-- This site is optimized with the Yoast SEO plugin v24.1 - https:\/\/yoast.com\/wordpress\/plugins\/seo\/ -->\n<title>Akrila kr\u0101sa LB Fine 80ml &#8211; Skizze<\/title>\n<meta name=\"robots\" content=\"noindex, follow, max-snippet:-1, max-image-preview:large, max-video-preview:-1\" \/>\n<meta property=\"og:locale\" content=\"lv_LV\" \/>\n<meta property=\"og:type\" content=\"article\" \/>\n<meta property=\"og:title\" content=\"Akrila kr\u0101sa LB Fine 80ml &#8211; Skizze\" \/>\n<meta property=\"og:description\" content=\"Lefranc Bourgeois Fine akrila kr\u0101sa ar ide\u0101lu tekst\u016bru iepriecin\u0101s ne tikai ies\u0101c\u0113jus un studentus, bet no nov\u0113rt\u0113s ar\u012b profesion\u0101\u013ciem. Tai ir lieliska izteiksme un kvalit\u0101te \u2013 iespaid\u012bga un par pie\u0146emamu cenu! LB Fine ir augsts pigmenta l\u012bmenis, lielisks kr\u0101su dzi\u013cums un sat\u012bna apdare. Tekst\u016bra ir pietiekami kr\u0113m\u012bga, lai to var\u0113tu \u0101tri un viegli uzkl\u0101t, tai pa\u0161a laika t\u0101 ar\u012b pietiekami bieza, lai saglab\u0101tu otas atst\u0101t\u0101s p\u0113das. Pla\u0161ais kr\u0101su diapazons pied\u0101v\u0101 sabalans\u0113tu, 50 kr\u0101su paleti, kuras sast\u0101v\u0101 ir visvair\u0101k p\u0101rdot\u0101k\u0101s kr\u0101sas, padarot komplektu kompaktu un konkur\u0113tsp\u0113j\u012bgu.\" \/>\n<meta property=\"og:url\" content=\"https:\/\/hobstop.ee\/lv\/produkts\/akrila-krasa-lb-fine-80ml\/\" \/>\n<meta property=\"og:site_name\" content=\"Skizze\" \/>\n<meta property=\"article:publisher\" content=\"http:\/\/www.facebook.com\/VunderSkizze\" \/>\n<meta property=\"og:image\" content=\"https:\/\/hobstop.ee\/media\/4928.jpg\" \/>\n\t<meta property=\"og:image:width\" content=\"1024\" \/>\n\t<meta property=\"og:image:height\" content=\"768\" \/>\n\t<meta property=\"og:image:type\" content=\"image\/jpeg\" \/>\n<meta name=\"twitter:card\" content=\"summary_large_image\" \/>\n<meta name=\"twitter:label1\" content=\"Est. reading time\" \/>\n\t<meta name=\"twitter:data1\" content=\"1 min\u016b\u0161u\" \/>\n<script type=\"application\/ld+json\" class=\"yoast-schema-graph\">{\"@context\":\"https:\/\/schema.org\",\"@graph\":[{\"@type\":\"WebPage\",\"@id\":\"https:\/\/hobstop.ee\/lv\/produkts\/akrila-krasa-lb-fine-80ml\/\",\"url\":\"https:\/\/hobstop.ee\/lv\/produkts\/akrila-krasa-lb-fine-80ml\/\",\"name\":\"Akrila kr\u0101sa LB Fine 80ml &#8211; Skizze\",\"isPartOf\":{\"@id\":\"https:\/\/hobstop.ee\/lv\/#website\"},\"primaryImageOfPage\":{\"@id\":\"https:\/\/hobstop.ee\/lv\/produkts\/akrila-krasa-lb-fine-80ml\/#primaryimage\"},\"image\":{\"@id\":\"https:\/\/hobstop.ee\/lv\/produkts\/akrila-krasa-lb-fine-80ml\/#primaryimage\"},\"thumbnailUrl\":\"https:\/\/hobstop.ee\/media\/4928.jpg\",\"datePublished\":\"2018-10-01T07:39:23+00:00\",\"dateModified\":\"2018-10-01T07:39:23+00:00\",\"breadcrumb\":{\"@id\":\"https:\/\/hobstop.ee\/lv\/produkts\/akrila-krasa-lb-fine-80ml\/#breadcrumb\"},\"inLanguage\":\"lv-LV\",\"potentialAction\":[{\"@type\":\"ReadAction\",\"target\":[\"https:\/\/hobstop.ee\/lv\/produkts\/akrila-krasa-lb-fine-80ml\/\"]}]},{\"@type\":\"ImageObject\",\"inLanguage\":\"lv-LV\",\"@id\":\"https:\/\/hobstop.ee\/lv\/produkts\/akrila-krasa-lb-fine-80ml\/#primaryimage\",\"url\":\"https:\/\/hobstop.ee\/media\/4928.jpg\",\"contentUrl\":\"https:\/\/hobstop.ee\/media\/4928.jpg\",\"width\":1024,\"height\":768},{\"@type\":\"BreadcrumbList\",\"@id\":\"https:\/\/hobstop.ee\/lv\/produkts\/akrila-krasa-lb-fine-80ml\/#breadcrumb\",\"itemListElement\":[{\"@type\":\"ListItem\",\"position\":1,\"name\":\"Avaleht\",\"item\":\"https:\/\/www.hobstop.ee\/lv\/\"},{\"@type\":\"ListItem\",\"position\":2,\"name\":\"Veikals\",\"item\":\"https:\/\/www.hobstop.ee\/lv\/veikals\/\"},{\"@type\":\"ListItem\",\"position\":3,\"name\":\"Akrila kr\u0101sa LB Fine 80ml\"}]},{\"@type\":\"WebSite\",\"@id\":\"https:\/\/hobstop.ee\/lv\/#website\",\"url\":\"https:\/\/hobstop.ee\/lv\/\",\"name\":\"Skizze\",\"description\":\"M\u0101kslas, hobiju un skolas preces\",\"publisher\":{\"@id\":\"https:\/\/hobstop.ee\/lv\/#organization\"},\"potentialAction\":[{\"@type\":\"SearchAction\",\"target\":{\"@type\":\"EntryPoint\",\"urlTemplate\":\"https:\/\/hobstop.ee\/lv\/?s={search_term_string}\"},\"query-input\":{\"@type\":\"PropertyValueSpecification\",\"valueRequired\":true,\"valueName\":\"search_term_string\"}}],\"inLanguage\":\"lv-LV\"},{\"@type\":\"Organization\",\"@id\":\"https:\/\/hobstop.ee\/lv\/#organization\",\"name\":\"Vunder AS\",\"url\":\"https:\/\/hobstop.ee\/lv\/\",\"logo\":{\"@type\":\"ImageObject\",\"inLanguage\":\"lv-LV\",\"@id\":\"https:\/\/hobstop.ee\/lv\/#\/schema\/logo\/image\/\",\"url\":\"https:\/\/hobstop.ee\/media\/vunder-logo.png\",\"contentUrl\":\"https:\/\/hobstop.ee\/media\/vunder-logo.png\",\"width\":127,\"height\":55,\"caption\":\"Vunder AS\"},\"image\":{\"@id\":\"https:\/\/hobstop.ee\/lv\/#\/schema\/logo\/image\/\"},\"sameAs\":[\"http:\/\/www.facebook.com\/VunderSkizze\"]}]}<\/script>\n<!-- \/ Yoast SEO plugin. -->","yoast_head_json":{"title":"Akrila kr\u0101sa LB Fine 80ml &#8211; Skizze","robots":{"index":"noindex","follow":"follow","max-snippet":"max-snippet:-1","max-image-preview":"max-image-preview:large","max-video-preview":"max-video-preview:-1"},"og_locale":"lv_LV","og_type":"article","og_title":"Akrila kr\u0101sa LB Fine 80ml &#8211; Skizze","og_description":"Lefranc Bourgeois Fine akrila kr\u0101sa ar ide\u0101lu tekst\u016bru iepriecin\u0101s ne tikai ies\u0101c\u0113jus un studentus, bet no nov\u0113rt\u0113s ar\u012b profesion\u0101\u013ciem. Tai ir lieliska izteiksme un kvalit\u0101te \u2013 iespaid\u012bga un par pie\u0146emamu cenu! LB Fine ir augsts pigmenta l\u012bmenis, lielisks kr\u0101su dzi\u013cums un sat\u012bna apdare. Tekst\u016bra ir pietiekami kr\u0113m\u012bga, lai to var\u0113tu \u0101tri un viegli uzkl\u0101t, tai pa\u0161a laika t\u0101 ar\u012b pietiekami bieza, lai saglab\u0101tu otas atst\u0101t\u0101s p\u0113das. Pla\u0161ais kr\u0101su diapazons pied\u0101v\u0101 sabalans\u0113tu, 50 kr\u0101su paleti, kuras sast\u0101v\u0101 ir visvair\u0101k p\u0101rdot\u0101k\u0101s kr\u0101sas, padarot komplektu kompaktu un konkur\u0113tsp\u0113j\u012bgu.","og_url":"https:\/\/hobstop.ee\/lv\/produkts\/akrila-krasa-lb-fine-80ml\/","og_site_name":"Skizze","article_publisher":"http:\/\/www.facebook.com\/VunderSkizze","og_image":[{"width":1024,"height":768,"url":"https:\/\/hobstop.ee\/media\/4928.jpg","type":"image\/jpeg"}],"twitter_card":"summary_large_image","twitter_misc":{"Est. reading time":"1 min\u016b\u0161u"},"schema":{"@context":"https:\/\/schema.org","@graph":[{"@type":"WebPage","@id":"https:\/\/hobstop.ee\/lv\/produkts\/akrila-krasa-lb-fine-80ml\/","url":"https:\/\/hobstop.ee\/lv\/produkts\/akrila-krasa-lb-fine-80ml\/","name":"Akrila kr\u0101sa LB Fine 80ml &#8211; Skizze","isPartOf":{"@id":"https:\/\/hobstop.ee\/lv\/#website"},"primaryImageOfPage":{"@id":"https:\/\/hobstop.ee\/lv\/produkts\/akrila-krasa-lb-fine-80ml\/#primaryimage"},"image":{"@id":"https:\/\/hobstop.ee\/lv\/produkts\/akrila-krasa-lb-fine-80ml\/#primaryimage"},"thumbnailUrl":"https:\/\/hobstop.ee\/media\/4928.jpg","datePublished":"2018-10-01T07:39:23+00:00","dateModified":"2018-10-01T07:39:23+00:00","breadcrumb":{"@id":"https:\/\/hobstop.ee\/lv\/produkts\/akrila-krasa-lb-fine-80ml\/#breadcrumb"},"inLanguage":"lv-LV","potentialAction":[{"@type":"ReadAction","target":["https:\/\/hobstop.ee\/lv\/produkts\/akrila-krasa-lb-fine-80ml\/"]}]},{"@type":"ImageObject","inLanguage":"lv-LV","@id":"https:\/\/hobstop.ee\/lv\/produkts\/akrila-krasa-lb-fine-80ml\/#primaryimage","url":"https:\/\/hobstop.ee\/media\/4928.jpg","contentUrl":"https:\/\/hobstop.ee\/media\/4928.jpg","width":1024,"height":768},{"@type":"BreadcrumbList","@id":"https:\/\/hobstop.ee\/lv\/produkts\/akrila-krasa-lb-fine-80ml\/#breadcrumb","itemListElement":[{"@type":"ListItem","position":1,"name":"Avaleht","item":"https:\/\/www.hobstop.ee\/lv\/"},{"@type":"ListItem","position":2,"name":"Veikals","item":"https:\/\/www.hobstop.ee\/lv\/veikals\/"},{"@type":"ListItem","position":3,"name":"Akrila kr\u0101sa LB Fine 80ml"}]},{"@type":"WebSite","@id":"https:\/\/hobstop.ee\/lv\/#website","url":"https:\/\/hobstop.ee\/lv\/","name":"Skizze","description":"M\u0101kslas, hobiju un skolas preces","publisher":{"@id":"https:\/\/hobstop.ee\/lv\/#organization"},"potentialAction":[{"@type":"SearchAction","target":{"@type":"EntryPoint","urlTemplate":"https:\/\/hobstop.ee\/lv\/?s={search_term_string}"},"query-input":{"@type":"PropertyValueSpecification","valueRequired":true,"valueName":"search_term_string"}}],"inLanguage":"lv-LV"},{"@type":"Organization","@id":"https:\/\/hobstop.ee\/lv\/#organization","name":"Vunder AS","url":"https:\/\/hobstop.ee\/lv\/","logo":{"@type":"ImageObject","inLanguage":"lv-LV","@id":"https:\/\/hobstop.ee\/lv\/#\/schema\/logo\/image\/","url":"https:\/\/hobstop.ee\/media\/vunder-logo.png","contentUrl":"https:\/\/hobstop.ee\/media\/vunder-logo.png","width":127,"height":55,"caption":"Vunder AS"},"image":{"@id":"https:\/\/hobstop.ee\/lv\/#\/schema\/logo\/image\/"},"sameAs":["http:\/\/www.facebook.com\/VunderSkizze"]}]}},"_links":{"self":[{"href":"https:\/\/hobstop.ee\/lv\/wp-json\/wp\/v2\/product\/318504","targetHints":{"allow":["GET"]}}],"collection":[{"href":"https:\/\/hobstop.ee\/lv\/wp-json\/wp\/v2\/product"}],"about":[{"href":"https:\/\/hobstop.ee\/lv\/wp-json\/wp\/v2\/types\/product"}],"replies":[{"embeddable":true,"href":"https:\/\/hobstop.ee\/lv\/wp-json\/wp\/v2\/comments?post=318504"}],"wp:featuredmedia":[{"embeddable":true,"href":"https:\/\/hobstop.ee\/lv\/wp-json\/wp\/v2\/media\/328387"}],"wp:attachment":[{"href":"https:\/\/hobstop.ee\/lv\/wp-json\/wp\/v2\/media?parent=318504"}],"wp:term":[{"taxonomy":"product_cat","embeddable":true,"href":"https:\/\/hobstop.ee\/lv\/wp-json\/wp\/v2\/product_cat?post=318504"},{"taxonomy":"product_tag","embeddable":true,"href":"https:\/\/hobstop.ee\/lv\/wp-json\/wp\/v2\/product_tag?post=318504"}],"curies":[{"name":"wp","href":"https:\/\/api.w.org\/{rel}","templated":true}]}}