{"id":318520,"date":"2018-10-01T10:39:28","date_gmt":"2018-10-01T07:39:28","guid":{"rendered":"https:\/\/sharks.ee\/vunder_2019\/lv\/product\/tinte-wn-14ml\/"},"modified":"2018-10-01T10:39:28","modified_gmt":"2018-10-01T07:39:28","slug":"tinte-wn-14ml","status":"publish","type":"product","link":"https:\/\/hobstop.ee\/lv\/produkts\/tinte-wn-14ml\/","title":{"rendered":"Tinte W&#038;N 14ml"},"content":{"rendered":"<p>Laba, vecmod\u012bga ikonu tinte maz\u0101s pudel\u012bt\u0113s, ko ilustratori izmanto kop\u0161 to ievie\u0161anas 19.gadsimta asto\u0146desmitajos gados! Winsor &#038; Newton slaven\u0101 z\u012bm\u0113\u0161anas tinte tiek veidota, da\u017e\u0101das \u0161\u0137\u012bsto\u0161\u0101s kr\u0101s\u0101s iz\u0161\u0137\u012bdinot augst\u0101k\u0101s kvalit\u0101tes \u0161ellaka \u0161\u0137\u012bdum\u0101. \u0100tri \u017e\u016bsto\u0161a, \u016bdens iztur\u012bga (iz\u0146emot \u0161\u0137idrumu Liquid Indian, Gold un Silver) un caursp\u012bd\u012bga &#8211; t\u0101s var lietot ar otu, spalvask\u0101tu, izsmidzin\u0101t\u0101ju. Winsor &#038; Newton ir rad\u012bjis 26 kr\u0101sas, tai skait\u0101 Liquid Indian Ink &#8211; tradicion\u0101l\u0101 \u0137\u012bnie\u0161u tinte uz \u016bdens b\u0101zes. Visas kr\u0101sas var sav\u0101 starp\u0101 jaukt *, j\u016bs varat p\u0101rkl\u0101t da\u017e\u0101das kr\u0101sas, lai rad\u012btu jaunus efektus un to\u0146us, un t\u0101s var viegli at\u0161\u0137aid\u012bt (ar destil\u0113tu \u016bdeni). Tintei ir lieliska sa\u0137ere ar liel\u0101ko da\u013cu virsmu. Stikla pudel\u0113m ir liela virsma, t\u0101d\u0113\u013c nerodas probl\u0113mas ar pil\u0113\u0161anu, k\u0101 ar\u012b t\u0101s nav tik viegli apg\u0101zt. Pude\u013cu eti\u0137etes un pat kastes, kur\u0101s pudeles ievietotas \u2013 tie pa\u0161i par sevi jau ir m\u0101kslas darbi. Katra eti\u0137ete ir individu\u0101li izstr\u0101d\u0101ta, un taj\u0101 ir unik\u0101ls un popul\u0101ras ilustr\u0101cijas, kas izce\u013c ar\u012b pa\u0161u kr\u0101su. Kr\u0101su izstr\u0101d\u0113 ir piedal\u012bju\u0161ies daudzi no Lielbrit\u0101nijas izcil\u0101kajiem ilustratoriem. W &#038; N z\u012bm\u0113\u0161anas tintes pla\u0161i izmanto ilustratori, dizaineri, kaligr\u0101fi un m\u0101kslinieki.<br \/>\n*Lai izvair\u012btos no sabiez\u0113\u0161anas, cit\u0101s kr\u0101s\u0101s j\u0101pievieno neliels daudzums Gold un Silver kr\u0101sas. Nelielas \u0137\u012bmisk\u0101s reakcijas d\u0113\u013c zelta un sudraba mais\u012bjumus kop\u0101 uzglab\u0101t nedr\u012bkst.<\/p>\n","protected":false},"excerpt":{"rendered":"<p>Laba, vecmod\u012bga ikonu tinte maz\u0101s pudel\u012bt\u0113s, ko ilustratori izmanto kop\u0161 to ievie\u0161anas 19.gadsimta asto\u0146desmitajos gados! Winsor &#038; Newton slaven\u0101 z\u012bm\u0113\u0161anas tinte tiek veidota, da\u017e\u0101das \u0161\u0137\u012bsto\u0161\u0101s kr\u0101s\u0101s iz\u0161\u0137\u012bdinot augst\u0101k\u0101s kvalit\u0101tes \u0161ellaka \u0161\u0137\u012bdum\u0101. \u0100tri \u017e\u016bsto\u0161a, \u016bdens iztur\u012bga (iz\u0146emot \u0161\u0137idrumu Liquid Indian, Gold un Silver) un caursp\u012bd\u012bga &#8211; t\u0101s var lietot ar otu, spalvask\u0101tu, izsmidzin\u0101t\u0101ju. Winsor &#038; Newton ir rad\u012bjis 26 kr\u0101sas, tai skait\u0101 Liquid Indian Ink &#8211; tradicion\u0101l\u0101 \u0137\u012bnie\u0161u tinte uz \u016bdens b\u0101zes. Visas kr\u0101sas var sav\u0101 starp\u0101 jaukt *, j\u016bs varat p\u0101rkl\u0101t da\u017e\u0101das kr\u0101sas, lai rad\u012btu jaunus efektus un to\u0146us, un t\u0101s var viegli at\u0161\u0137aid\u012bt (ar destil\u0113tu \u016bdeni). Tintei ir lieliska sa\u0137ere ar liel\u0101ko da\u013cu virsmu. Stikla pudel\u0113m ir liela virsma, t\u0101d\u0113\u013c nerodas probl\u0113mas ar pil\u0113\u0161anu, k\u0101 ar\u012b t\u0101s nav tik viegli apg\u0101zt. Pude\u013cu eti\u0137etes un pat kastes, kur\u0101s pudeles ievietotas \u2013 tie pa\u0161i par sevi jau ir m\u0101kslas darbi. Katra eti\u0137ete ir individu\u0101li izstr\u0101d\u0101ta, un taj\u0101 ir unik\u0101ls un popul\u0101ras ilustr\u0101cijas, kas izce\u013c ar\u012b pa\u0161u kr\u0101su. Kr\u0101su izstr\u0101d\u0113 ir piedal\u012bju\u0161ies daudzi no Lielbrit\u0101nijas izcil\u0101kajiem ilustratoriem. W &#038; N z\u012bm\u0113\u0161anas tintes pla\u0161i izmanto ilustratori, dizaineri, kaligr\u0101fi un m\u0101kslinieki. *Lai izvair\u012btos no sabiez\u0113\u0161anas, cit\u0101s kr\u0101s\u0101s j\u0101pievieno neliels daudzums Gold un Silver kr\u0101sas. Nelielas \u0137\u012bmisk\u0101s reakcijas d\u0113\u013c zelta un sudraba mais\u012bjumus kop\u0101 uzglab\u0101t &hellip; <a href=\"https:\/\/hobstop.ee\/lv\/produkts\/tinte-wn-14ml\/\">Turpin\u0101jums<\/a><\/p>\n","protected":false},"featured_media":328375,"comment_status":"closed","ping_status":"closed","template":"","meta":{"_acf_changed":false,"ep_exclude_from_search":false},"product_cat":[17975,16123,18341],"product_tag":[],"class_list":{"0":"post-318520","1":"product","2":"type-product","3":"status-publish","4":"has-post-thumbnail","6":"product_cat-kaligrafijas-piederumi","7":"product_cat-makslas-piederumi-2","8":"product_cat-tusas-un-tintes","10":"first","11":"instock","12":"taxable","13":"shipping-taxable","14":"purchasable","15":"product-type-simple"},"acf":[],"yoast_head":"<!-- This site is optimized with the Yoast SEO plugin v24.1 - https:\/\/yoast.com\/wordpress\/plugins\/seo\/ -->\n<title>Tinte W&amp;N 14ml &#8211; Skizze<\/title>\n<meta name=\"robots\" content=\"noindex, follow, max-snippet:-1, max-image-preview:large, max-video-preview:-1\" \/>\n<meta property=\"og:locale\" content=\"lv_LV\" \/>\n<meta property=\"og:type\" content=\"article\" \/>\n<meta property=\"og:title\" content=\"Tinte W&amp;N 14ml &#8211; Skizze\" \/>\n<meta property=\"og:description\" content=\"Laba, vecmod\u012bga ikonu tinte maz\u0101s pudel\u012bt\u0113s, ko ilustratori izmanto kop\u0161 to ievie\u0161anas 19.gadsimta asto\u0146desmitajos gados! Winsor &#038; Newton slaven\u0101 z\u012bm\u0113\u0161anas tinte tiek veidota, da\u017e\u0101das \u0161\u0137\u012bsto\u0161\u0101s kr\u0101s\u0101s iz\u0161\u0137\u012bdinot augst\u0101k\u0101s kvalit\u0101tes \u0161ellaka \u0161\u0137\u012bdum\u0101. \u0100tri \u017e\u016bsto\u0161a, \u016bdens iztur\u012bga (iz\u0146emot \u0161\u0137idrumu Liquid Indian, Gold un Silver) un caursp\u012bd\u012bga &#8211; t\u0101s var lietot ar otu, spalvask\u0101tu, izsmidzin\u0101t\u0101ju. Winsor &#038; Newton ir rad\u012bjis 26 kr\u0101sas, tai skait\u0101 Liquid Indian Ink &#8211; tradicion\u0101l\u0101 \u0137\u012bnie\u0161u tinte uz \u016bdens b\u0101zes. Visas kr\u0101sas var sav\u0101 starp\u0101 jaukt *, j\u016bs varat p\u0101rkl\u0101t da\u017e\u0101das kr\u0101sas, lai rad\u012btu jaunus efektus un to\u0146us, un t\u0101s var viegli at\u0161\u0137aid\u012bt (ar destil\u0113tu \u016bdeni). Tintei ir lieliska sa\u0137ere ar liel\u0101ko da\u013cu virsmu. Stikla pudel\u0113m ir liela virsma, t\u0101d\u0113\u013c nerodas probl\u0113mas ar pil\u0113\u0161anu, k\u0101 ar\u012b t\u0101s nav tik viegli apg\u0101zt. Pude\u013cu eti\u0137etes un pat kastes, kur\u0101s pudeles ievietotas \u2013 tie pa\u0161i par sevi jau ir m\u0101kslas darbi. Katra eti\u0137ete ir individu\u0101li izstr\u0101d\u0101ta, un taj\u0101 ir unik\u0101ls un popul\u0101ras ilustr\u0101cijas, kas izce\u013c ar\u012b pa\u0161u kr\u0101su. Kr\u0101su izstr\u0101d\u0113 ir piedal\u012bju\u0161ies daudzi no Lielbrit\u0101nijas izcil\u0101kajiem ilustratoriem. W &#038; N z\u012bm\u0113\u0161anas tintes pla\u0161i izmanto ilustratori, dizaineri, kaligr\u0101fi un m\u0101kslinieki. *Lai izvair\u012btos no sabiez\u0113\u0161anas, cit\u0101s kr\u0101s\u0101s j\u0101pievieno neliels daudzums Gold un Silver kr\u0101sas. Nelielas \u0137\u012bmisk\u0101s reakcijas d\u0113\u013c zelta un sudraba mais\u012bjumus kop\u0101 uzglab\u0101t &hellip; Turpin\u0101jums\" \/>\n<meta property=\"og:url\" content=\"https:\/\/hobstop.ee\/lv\/produkts\/tinte-wn-14ml\/\" \/>\n<meta property=\"og:site_name\" content=\"Skizze\" \/>\n<meta property=\"article:publisher\" content=\"http:\/\/www.facebook.com\/VunderSkizze\" \/>\n<meta property=\"og:image\" content=\"https:\/\/hobstop.ee\/media\/4952.jpg\" \/>\n\t<meta property=\"og:image:width\" content=\"1024\" \/>\n\t<meta property=\"og:image:height\" content=\"768\" \/>\n\t<meta property=\"og:image:type\" content=\"image\/jpeg\" \/>\n<meta name=\"twitter:card\" content=\"summary_large_image\" \/>\n<meta name=\"twitter:label1\" content=\"Est. reading time\" \/>\n\t<meta name=\"twitter:data1\" content=\"1 min\u016b\u0161u\" \/>\n<script type=\"application\/ld+json\" class=\"yoast-schema-graph\">{\"@context\":\"https:\/\/schema.org\",\"@graph\":[{\"@type\":\"WebPage\",\"@id\":\"https:\/\/hobstop.ee\/lv\/produkts\/tinte-wn-14ml\/\",\"url\":\"https:\/\/hobstop.ee\/lv\/produkts\/tinte-wn-14ml\/\",\"name\":\"Tinte W&N 14ml &#8211; Skizze\",\"isPartOf\":{\"@id\":\"https:\/\/hobstop.ee\/lv\/#website\"},\"primaryImageOfPage\":{\"@id\":\"https:\/\/hobstop.ee\/lv\/produkts\/tinte-wn-14ml\/#primaryimage\"},\"image\":{\"@id\":\"https:\/\/hobstop.ee\/lv\/produkts\/tinte-wn-14ml\/#primaryimage\"},\"thumbnailUrl\":\"https:\/\/hobstop.ee\/media\/4952.jpg\",\"datePublished\":\"2018-10-01T07:39:28+00:00\",\"dateModified\":\"2018-10-01T07:39:28+00:00\",\"breadcrumb\":{\"@id\":\"https:\/\/hobstop.ee\/lv\/produkts\/tinte-wn-14ml\/#breadcrumb\"},\"inLanguage\":\"lv-LV\",\"potentialAction\":[{\"@type\":\"ReadAction\",\"target\":[\"https:\/\/hobstop.ee\/lv\/produkts\/tinte-wn-14ml\/\"]}]},{\"@type\":\"ImageObject\",\"inLanguage\":\"lv-LV\",\"@id\":\"https:\/\/hobstop.ee\/lv\/produkts\/tinte-wn-14ml\/#primaryimage\",\"url\":\"https:\/\/hobstop.ee\/media\/4952.jpg\",\"contentUrl\":\"https:\/\/hobstop.ee\/media\/4952.jpg\",\"width\":1024,\"height\":768},{\"@type\":\"BreadcrumbList\",\"@id\":\"https:\/\/hobstop.ee\/lv\/produkts\/tinte-wn-14ml\/#breadcrumb\",\"itemListElement\":[{\"@type\":\"ListItem\",\"position\":1,\"name\":\"Avaleht\",\"item\":\"https:\/\/www.hobstop.ee\/lv\/\"},{\"@type\":\"ListItem\",\"position\":2,\"name\":\"Veikals\",\"item\":\"https:\/\/www.hobstop.ee\/lv\/veikals\/\"},{\"@type\":\"ListItem\",\"position\":3,\"name\":\"Tinte W&#038;N 14ml\"}]},{\"@type\":\"WebSite\",\"@id\":\"https:\/\/hobstop.ee\/lv\/#website\",\"url\":\"https:\/\/hobstop.ee\/lv\/\",\"name\":\"Skizze\",\"description\":\"M\u0101kslas, hobiju un skolas preces\",\"publisher\":{\"@id\":\"https:\/\/hobstop.ee\/lv\/#organization\"},\"potentialAction\":[{\"@type\":\"SearchAction\",\"target\":{\"@type\":\"EntryPoint\",\"urlTemplate\":\"https:\/\/hobstop.ee\/lv\/?s={search_term_string}\"},\"query-input\":{\"@type\":\"PropertyValueSpecification\",\"valueRequired\":true,\"valueName\":\"search_term_string\"}}],\"inLanguage\":\"lv-LV\"},{\"@type\":\"Organization\",\"@id\":\"https:\/\/hobstop.ee\/lv\/#organization\",\"name\":\"Vunder AS\",\"url\":\"https:\/\/hobstop.ee\/lv\/\",\"logo\":{\"@type\":\"ImageObject\",\"inLanguage\":\"lv-LV\",\"@id\":\"https:\/\/hobstop.ee\/lv\/#\/schema\/logo\/image\/\",\"url\":\"https:\/\/hobstop.ee\/media\/vunder-logo.png\",\"contentUrl\":\"https:\/\/hobstop.ee\/media\/vunder-logo.png\",\"width\":127,\"height\":55,\"caption\":\"Vunder AS\"},\"image\":{\"@id\":\"https:\/\/hobstop.ee\/lv\/#\/schema\/logo\/image\/\"},\"sameAs\":[\"http:\/\/www.facebook.com\/VunderSkizze\"]}]}<\/script>\n<!-- \/ Yoast SEO plugin. -->","yoast_head_json":{"title":"Tinte W&N 14ml &#8211; Skizze","robots":{"index":"noindex","follow":"follow","max-snippet":"max-snippet:-1","max-image-preview":"max-image-preview:large","max-video-preview":"max-video-preview:-1"},"og_locale":"lv_LV","og_type":"article","og_title":"Tinte W&N 14ml &#8211; Skizze","og_description":"Laba, vecmod\u012bga ikonu tinte maz\u0101s pudel\u012bt\u0113s, ko ilustratori izmanto kop\u0161 to ievie\u0161anas 19.gadsimta asto\u0146desmitajos gados! Winsor &#038; Newton slaven\u0101 z\u012bm\u0113\u0161anas tinte tiek veidota, da\u017e\u0101das \u0161\u0137\u012bsto\u0161\u0101s kr\u0101s\u0101s iz\u0161\u0137\u012bdinot augst\u0101k\u0101s kvalit\u0101tes \u0161ellaka \u0161\u0137\u012bdum\u0101. \u0100tri \u017e\u016bsto\u0161a, \u016bdens iztur\u012bga (iz\u0146emot \u0161\u0137idrumu Liquid Indian, Gold un Silver) un caursp\u012bd\u012bga &#8211; t\u0101s var lietot ar otu, spalvask\u0101tu, izsmidzin\u0101t\u0101ju. Winsor &#038; Newton ir rad\u012bjis 26 kr\u0101sas, tai skait\u0101 Liquid Indian Ink &#8211; tradicion\u0101l\u0101 \u0137\u012bnie\u0161u tinte uz \u016bdens b\u0101zes. Visas kr\u0101sas var sav\u0101 starp\u0101 jaukt *, j\u016bs varat p\u0101rkl\u0101t da\u017e\u0101das kr\u0101sas, lai rad\u012btu jaunus efektus un to\u0146us, un t\u0101s var viegli at\u0161\u0137aid\u012bt (ar destil\u0113tu \u016bdeni). Tintei ir lieliska sa\u0137ere ar liel\u0101ko da\u013cu virsmu. Stikla pudel\u0113m ir liela virsma, t\u0101d\u0113\u013c nerodas probl\u0113mas ar pil\u0113\u0161anu, k\u0101 ar\u012b t\u0101s nav tik viegli apg\u0101zt. Pude\u013cu eti\u0137etes un pat kastes, kur\u0101s pudeles ievietotas \u2013 tie pa\u0161i par sevi jau ir m\u0101kslas darbi. Katra eti\u0137ete ir individu\u0101li izstr\u0101d\u0101ta, un taj\u0101 ir unik\u0101ls un popul\u0101ras ilustr\u0101cijas, kas izce\u013c ar\u012b pa\u0161u kr\u0101su. Kr\u0101su izstr\u0101d\u0113 ir piedal\u012bju\u0161ies daudzi no Lielbrit\u0101nijas izcil\u0101kajiem ilustratoriem. W &#038; N z\u012bm\u0113\u0161anas tintes pla\u0161i izmanto ilustratori, dizaineri, kaligr\u0101fi un m\u0101kslinieki. *Lai izvair\u012btos no sabiez\u0113\u0161anas, cit\u0101s kr\u0101s\u0101s j\u0101pievieno neliels daudzums Gold un Silver kr\u0101sas. Nelielas \u0137\u012bmisk\u0101s reakcijas d\u0113\u013c zelta un sudraba mais\u012bjumus kop\u0101 uzglab\u0101t &hellip; Turpin\u0101jums","og_url":"https:\/\/hobstop.ee\/lv\/produkts\/tinte-wn-14ml\/","og_site_name":"Skizze","article_publisher":"http:\/\/www.facebook.com\/VunderSkizze","og_image":[{"width":1024,"height":768,"url":"https:\/\/hobstop.ee\/media\/4952.jpg","type":"image\/jpeg"}],"twitter_card":"summary_large_image","twitter_misc":{"Est. reading time":"1 min\u016b\u0161u"},"schema":{"@context":"https:\/\/schema.org","@graph":[{"@type":"WebPage","@id":"https:\/\/hobstop.ee\/lv\/produkts\/tinte-wn-14ml\/","url":"https:\/\/hobstop.ee\/lv\/produkts\/tinte-wn-14ml\/","name":"Tinte W&N 14ml &#8211; Skizze","isPartOf":{"@id":"https:\/\/hobstop.ee\/lv\/#website"},"primaryImageOfPage":{"@id":"https:\/\/hobstop.ee\/lv\/produkts\/tinte-wn-14ml\/#primaryimage"},"image":{"@id":"https:\/\/hobstop.ee\/lv\/produkts\/tinte-wn-14ml\/#primaryimage"},"thumbnailUrl":"https:\/\/hobstop.ee\/media\/4952.jpg","datePublished":"2018-10-01T07:39:28+00:00","dateModified":"2018-10-01T07:39:28+00:00","breadcrumb":{"@id":"https:\/\/hobstop.ee\/lv\/produkts\/tinte-wn-14ml\/#breadcrumb"},"inLanguage":"lv-LV","potentialAction":[{"@type":"ReadAction","target":["https:\/\/hobstop.ee\/lv\/produkts\/tinte-wn-14ml\/"]}]},{"@type":"ImageObject","inLanguage":"lv-LV","@id":"https:\/\/hobstop.ee\/lv\/produkts\/tinte-wn-14ml\/#primaryimage","url":"https:\/\/hobstop.ee\/media\/4952.jpg","contentUrl":"https:\/\/hobstop.ee\/media\/4952.jpg","width":1024,"height":768},{"@type":"BreadcrumbList","@id":"https:\/\/hobstop.ee\/lv\/produkts\/tinte-wn-14ml\/#breadcrumb","itemListElement":[{"@type":"ListItem","position":1,"name":"Avaleht","item":"https:\/\/www.hobstop.ee\/lv\/"},{"@type":"ListItem","position":2,"name":"Veikals","item":"https:\/\/www.hobstop.ee\/lv\/veikals\/"},{"@type":"ListItem","position":3,"name":"Tinte W&#038;N 14ml"}]},{"@type":"WebSite","@id":"https:\/\/hobstop.ee\/lv\/#website","url":"https:\/\/hobstop.ee\/lv\/","name":"Skizze","description":"M\u0101kslas, hobiju un skolas preces","publisher":{"@id":"https:\/\/hobstop.ee\/lv\/#organization"},"potentialAction":[{"@type":"SearchAction","target":{"@type":"EntryPoint","urlTemplate":"https:\/\/hobstop.ee\/lv\/?s={search_term_string}"},"query-input":{"@type":"PropertyValueSpecification","valueRequired":true,"valueName":"search_term_string"}}],"inLanguage":"lv-LV"},{"@type":"Organization","@id":"https:\/\/hobstop.ee\/lv\/#organization","name":"Vunder AS","url":"https:\/\/hobstop.ee\/lv\/","logo":{"@type":"ImageObject","inLanguage":"lv-LV","@id":"https:\/\/hobstop.ee\/lv\/#\/schema\/logo\/image\/","url":"https:\/\/hobstop.ee\/media\/vunder-logo.png","contentUrl":"https:\/\/hobstop.ee\/media\/vunder-logo.png","width":127,"height":55,"caption":"Vunder AS"},"image":{"@id":"https:\/\/hobstop.ee\/lv\/#\/schema\/logo\/image\/"},"sameAs":["http:\/\/www.facebook.com\/VunderSkizze"]}]}},"_links":{"self":[{"href":"https:\/\/hobstop.ee\/lv\/wp-json\/wp\/v2\/product\/318520","targetHints":{"allow":["GET"]}}],"collection":[{"href":"https:\/\/hobstop.ee\/lv\/wp-json\/wp\/v2\/product"}],"about":[{"href":"https:\/\/hobstop.ee\/lv\/wp-json\/wp\/v2\/types\/product"}],"replies":[{"embeddable":true,"href":"https:\/\/hobstop.ee\/lv\/wp-json\/wp\/v2\/comments?post=318520"}],"wp:featuredmedia":[{"embeddable":true,"href":"https:\/\/hobstop.ee\/lv\/wp-json\/wp\/v2\/media\/328375"}],"wp:attachment":[{"href":"https:\/\/hobstop.ee\/lv\/wp-json\/wp\/v2\/media?parent=318520"}],"wp:term":[{"taxonomy":"product_cat","embeddable":true,"href":"https:\/\/hobstop.ee\/lv\/wp-json\/wp\/v2\/product_cat?post=318520"},{"taxonomy":"product_tag","embeddable":true,"href":"https:\/\/hobstop.ee\/lv\/wp-json\/wp\/v2\/product_tag?post=318520"}],"curies":[{"name":"wp","href":"https:\/\/api.w.org\/{rel}","templated":true}]}}