{"id":335179,"date":"2019-05-23T16:11:45","date_gmt":"2019-05-23T13:11:47","guid":{"rendered":"https:\/\/sharks.ee\/vunder_2019\/product\/markieris-monami-wet-surface-570\/"},"modified":"2019-05-23T16:11:47","modified_gmt":"2019-05-23T13:11:47","slug":"markieris-monami-wet-surface-570","status":"publish","type":"product","link":"https:\/\/hobstop.ee\/lv\/produkts\/markieris-monami-wet-surface-570\/","title":{"rendered":"Mar\u0137ieris Monami Wet Surface 570"},"content":{"rendered":"<p>Monami Wet Surface Marker ir ide\u0101ls permanentais mar\u0137ieris izmanto\u0161anai uz mitr\u0101m vai e\u013c\u013cain\u0101m virsm\u0101m Tas \u0101tri \u017e\u016bst un neizsm\u0113r\u0113jas. Ide\u0101li piem\u0113rots uz raupj\u0101m virsm\u0101m. T\u0101 gals ir iztur\u012bgs un stingrs l\u012bdz pat p\u0113d\u0113jam tintes pilienam.<\/p>\n","protected":false},"excerpt":{"rendered":"<p>Monami Wet Surface Marker ir ide\u0101ls permanentais mar\u0137ieris izmanto\u0161anai uz mitr\u0101m vai e\u013c\u013cain\u0101m virsm\u0101m Tas \u0101tri \u017e\u016bst un neizsm\u0113r\u0113jas. Ide\u0101li piem\u0113rots uz raupj\u0101m virsm\u0101m. T\u0101 gals ir iztur\u012bgs un stingrs l\u012bdz pat p\u0113d\u0113jam tintes pilienam.<\/p>\n","protected":false},"featured_media":352931,"comment_status":"closed","ping_status":"closed","template":"","meta":{"_acf_changed":false,"ep_exclude_from_search":false},"product_cat":[19673,18519],"product_tag":[],"class_list":{"0":"post-335179","1":"product","2":"type-product","3":"status-publish","4":"has-post-thumbnail","6":"product_cat-markeri","7":"product_cat-rakstampiederumi-2","9":"first","10":"instock","11":"taxable","12":"shipping-taxable","13":"product-type-simple"},"acf":[],"yoast_head":"<!-- This site is optimized with the Yoast SEO plugin v24.1 - https:\/\/yoast.com\/wordpress\/plugins\/seo\/ -->\n<title>Mar\u0137ieris Monami Wet Surface 570 &#8211; Skizze<\/title>\n<meta name=\"robots\" content=\"noindex, follow, max-snippet:-1, max-image-preview:large, max-video-preview:-1\" \/>\n<meta property=\"og:locale\" content=\"lv_LV\" \/>\n<meta property=\"og:type\" content=\"article\" \/>\n<meta property=\"og:title\" content=\"Mar\u0137ieris Monami Wet Surface 570 &#8211; Skizze\" \/>\n<meta property=\"og:description\" content=\"Monami Wet Surface Marker ir ide\u0101ls permanentais mar\u0137ieris izmanto\u0161anai uz mitr\u0101m vai e\u013c\u013cain\u0101m virsm\u0101m Tas \u0101tri \u017e\u016bst un neizsm\u0113r\u0113jas. Ide\u0101li piem\u0113rots uz raupj\u0101m virsm\u0101m. T\u0101 gals ir iztur\u012bgs un stingrs l\u012bdz pat p\u0113d\u0113jam tintes pilienam.\" \/>\n<meta property=\"og:url\" content=\"https:\/\/hobstop.ee\/lv\/produkts\/markieris-monami-wet-surface-570\/\" \/>\n<meta property=\"og:site_name\" content=\"Skizze\" \/>\n<meta property=\"article:publisher\" content=\"http:\/\/www.facebook.com\/VunderSkizze\" \/>\n<meta property=\"og:image\" content=\"https:\/\/hobstop.ee\/media\/4766.jpg\" \/>\n\t<meta property=\"og:image:width\" content=\"1024\" \/>\n\t<meta property=\"og:image:height\" content=\"768\" \/>\n\t<meta property=\"og:image:type\" content=\"image\/jpeg\" \/>\n<meta name=\"twitter:card\" content=\"summary_large_image\" \/>\n<script type=\"application\/ld+json\" class=\"yoast-schema-graph\">{\"@context\":\"https:\/\/schema.org\",\"@graph\":[{\"@type\":\"WebPage\",\"@id\":\"https:\/\/hobstop.ee\/lv\/produkts\/markieris-monami-wet-surface-570\/\",\"url\":\"https:\/\/hobstop.ee\/lv\/produkts\/markieris-monami-wet-surface-570\/\",\"name\":\"Mar\u0137ieris Monami Wet Surface 570 &#8211; Skizze\",\"isPartOf\":{\"@id\":\"https:\/\/hobstop.ee\/lv\/#website\"},\"primaryImageOfPage\":{\"@id\":\"https:\/\/hobstop.ee\/lv\/produkts\/markieris-monami-wet-surface-570\/#primaryimage\"},\"image\":{\"@id\":\"https:\/\/hobstop.ee\/lv\/produkts\/markieris-monami-wet-surface-570\/#primaryimage\"},\"thumbnailUrl\":\"https:\/\/hobstop.ee\/media\/4766.jpg\",\"datePublished\":\"2019-05-23T13:11:47+00:00\",\"dateModified\":\"2019-05-23T13:11:47+00:00\",\"breadcrumb\":{\"@id\":\"https:\/\/hobstop.ee\/lv\/produkts\/markieris-monami-wet-surface-570\/#breadcrumb\"},\"inLanguage\":\"lv-LV\",\"potentialAction\":[{\"@type\":\"ReadAction\",\"target\":[\"https:\/\/hobstop.ee\/lv\/produkts\/markieris-monami-wet-surface-570\/\"]}]},{\"@type\":\"ImageObject\",\"inLanguage\":\"lv-LV\",\"@id\":\"https:\/\/hobstop.ee\/lv\/produkts\/markieris-monami-wet-surface-570\/#primaryimage\",\"url\":\"https:\/\/hobstop.ee\/media\/4766.jpg\",\"contentUrl\":\"https:\/\/hobstop.ee\/media\/4766.jpg\",\"width\":1024,\"height\":768},{\"@type\":\"BreadcrumbList\",\"@id\":\"https:\/\/hobstop.ee\/lv\/produkts\/markieris-monami-wet-surface-570\/#breadcrumb\",\"itemListElement\":[{\"@type\":\"ListItem\",\"position\":1,\"name\":\"Avaleht\",\"item\":\"https:\/\/www.hobstop.ee\/lv\/\"},{\"@type\":\"ListItem\",\"position\":2,\"name\":\"Veikals\",\"item\":\"https:\/\/www.hobstop.ee\/lv\/veikals\/\"},{\"@type\":\"ListItem\",\"position\":3,\"name\":\"Mar\u0137ieris Monami Wet Surface 570\"}]},{\"@type\":\"WebSite\",\"@id\":\"https:\/\/hobstop.ee\/lv\/#website\",\"url\":\"https:\/\/hobstop.ee\/lv\/\",\"name\":\"Skizze\",\"description\":\"M\u0101kslas, hobiju un skolas preces\",\"publisher\":{\"@id\":\"https:\/\/hobstop.ee\/lv\/#organization\"},\"potentialAction\":[{\"@type\":\"SearchAction\",\"target\":{\"@type\":\"EntryPoint\",\"urlTemplate\":\"https:\/\/hobstop.ee\/lv\/?s={search_term_string}\"},\"query-input\":{\"@type\":\"PropertyValueSpecification\",\"valueRequired\":true,\"valueName\":\"search_term_string\"}}],\"inLanguage\":\"lv-LV\"},{\"@type\":\"Organization\",\"@id\":\"https:\/\/hobstop.ee\/lv\/#organization\",\"name\":\"Vunder AS\",\"url\":\"https:\/\/hobstop.ee\/lv\/\",\"logo\":{\"@type\":\"ImageObject\",\"inLanguage\":\"lv-LV\",\"@id\":\"https:\/\/hobstop.ee\/lv\/#\/schema\/logo\/image\/\",\"url\":\"https:\/\/hobstop.ee\/media\/vunder-logo.png\",\"contentUrl\":\"https:\/\/hobstop.ee\/media\/vunder-logo.png\",\"width\":127,\"height\":55,\"caption\":\"Vunder AS\"},\"image\":{\"@id\":\"https:\/\/hobstop.ee\/lv\/#\/schema\/logo\/image\/\"},\"sameAs\":[\"http:\/\/www.facebook.com\/VunderSkizze\"]}]}<\/script>\n<!-- \/ Yoast SEO plugin. -->","yoast_head_json":{"title":"Mar\u0137ieris Monami Wet Surface 570 &#8211; Skizze","robots":{"index":"noindex","follow":"follow","max-snippet":"max-snippet:-1","max-image-preview":"max-image-preview:large","max-video-preview":"max-video-preview:-1"},"og_locale":"lv_LV","og_type":"article","og_title":"Mar\u0137ieris Monami Wet Surface 570 &#8211; Skizze","og_description":"Monami Wet Surface Marker ir ide\u0101ls permanentais mar\u0137ieris izmanto\u0161anai uz mitr\u0101m vai e\u013c\u013cain\u0101m virsm\u0101m Tas \u0101tri \u017e\u016bst un neizsm\u0113r\u0113jas. Ide\u0101li piem\u0113rots uz raupj\u0101m virsm\u0101m. T\u0101 gals ir iztur\u012bgs un stingrs l\u012bdz pat p\u0113d\u0113jam tintes pilienam.","og_url":"https:\/\/hobstop.ee\/lv\/produkts\/markieris-monami-wet-surface-570\/","og_site_name":"Skizze","article_publisher":"http:\/\/www.facebook.com\/VunderSkizze","og_image":[{"width":1024,"height":768,"url":"https:\/\/hobstop.ee\/media\/4766.jpg","type":"image\/jpeg"}],"twitter_card":"summary_large_image","schema":{"@context":"https:\/\/schema.org","@graph":[{"@type":"WebPage","@id":"https:\/\/hobstop.ee\/lv\/produkts\/markieris-monami-wet-surface-570\/","url":"https:\/\/hobstop.ee\/lv\/produkts\/markieris-monami-wet-surface-570\/","name":"Mar\u0137ieris Monami Wet Surface 570 &#8211; Skizze","isPartOf":{"@id":"https:\/\/hobstop.ee\/lv\/#website"},"primaryImageOfPage":{"@id":"https:\/\/hobstop.ee\/lv\/produkts\/markieris-monami-wet-surface-570\/#primaryimage"},"image":{"@id":"https:\/\/hobstop.ee\/lv\/produkts\/markieris-monami-wet-surface-570\/#primaryimage"},"thumbnailUrl":"https:\/\/hobstop.ee\/media\/4766.jpg","datePublished":"2019-05-23T13:11:47+00:00","dateModified":"2019-05-23T13:11:47+00:00","breadcrumb":{"@id":"https:\/\/hobstop.ee\/lv\/produkts\/markieris-monami-wet-surface-570\/#breadcrumb"},"inLanguage":"lv-LV","potentialAction":[{"@type":"ReadAction","target":["https:\/\/hobstop.ee\/lv\/produkts\/markieris-monami-wet-surface-570\/"]}]},{"@type":"ImageObject","inLanguage":"lv-LV","@id":"https:\/\/hobstop.ee\/lv\/produkts\/markieris-monami-wet-surface-570\/#primaryimage","url":"https:\/\/hobstop.ee\/media\/4766.jpg","contentUrl":"https:\/\/hobstop.ee\/media\/4766.jpg","width":1024,"height":768},{"@type":"BreadcrumbList","@id":"https:\/\/hobstop.ee\/lv\/produkts\/markieris-monami-wet-surface-570\/#breadcrumb","itemListElement":[{"@type":"ListItem","position":1,"name":"Avaleht","item":"https:\/\/www.hobstop.ee\/lv\/"},{"@type":"ListItem","position":2,"name":"Veikals","item":"https:\/\/www.hobstop.ee\/lv\/veikals\/"},{"@type":"ListItem","position":3,"name":"Mar\u0137ieris Monami Wet Surface 570"}]},{"@type":"WebSite","@id":"https:\/\/hobstop.ee\/lv\/#website","url":"https:\/\/hobstop.ee\/lv\/","name":"Skizze","description":"M\u0101kslas, hobiju un skolas preces","publisher":{"@id":"https:\/\/hobstop.ee\/lv\/#organization"},"potentialAction":[{"@type":"SearchAction","target":{"@type":"EntryPoint","urlTemplate":"https:\/\/hobstop.ee\/lv\/?s={search_term_string}"},"query-input":{"@type":"PropertyValueSpecification","valueRequired":true,"valueName":"search_term_string"}}],"inLanguage":"lv-LV"},{"@type":"Organization","@id":"https:\/\/hobstop.ee\/lv\/#organization","name":"Vunder AS","url":"https:\/\/hobstop.ee\/lv\/","logo":{"@type":"ImageObject","inLanguage":"lv-LV","@id":"https:\/\/hobstop.ee\/lv\/#\/schema\/logo\/image\/","url":"https:\/\/hobstop.ee\/media\/vunder-logo.png","contentUrl":"https:\/\/hobstop.ee\/media\/vunder-logo.png","width":127,"height":55,"caption":"Vunder AS"},"image":{"@id":"https:\/\/hobstop.ee\/lv\/#\/schema\/logo\/image\/"},"sameAs":["http:\/\/www.facebook.com\/VunderSkizze"]}]}},"_links":{"self":[{"href":"https:\/\/hobstop.ee\/lv\/wp-json\/wp\/v2\/product\/335179","targetHints":{"allow":["GET"]}}],"collection":[{"href":"https:\/\/hobstop.ee\/lv\/wp-json\/wp\/v2\/product"}],"about":[{"href":"https:\/\/hobstop.ee\/lv\/wp-json\/wp\/v2\/types\/product"}],"replies":[{"embeddable":true,"href":"https:\/\/hobstop.ee\/lv\/wp-json\/wp\/v2\/comments?post=335179"}],"wp:featuredmedia":[{"embeddable":true,"href":"https:\/\/hobstop.ee\/lv\/wp-json\/wp\/v2\/media\/352931"}],"wp:attachment":[{"href":"https:\/\/hobstop.ee\/lv\/wp-json\/wp\/v2\/media?parent=335179"}],"wp:term":[{"taxonomy":"product_cat","embeddable":true,"href":"https:\/\/hobstop.ee\/lv\/wp-json\/wp\/v2\/product_cat?post=335179"},{"taxonomy":"product_tag","embeddable":true,"href":"https:\/\/hobstop.ee\/lv\/wp-json\/wp\/v2\/product_tag?post=335179"}],"curies":[{"name":"wp","href":"https:\/\/api.w.org\/{rel}","templated":true}]}}