{"id":335187,"date":"2019-05-23T16:11:55","date_gmt":"2019-05-23T13:11:57","guid":{"rendered":"https:\/\/sharks.ee\/vunder_2019\/product\/otu-komplekts-lb-fine-sintetiska\/"},"modified":"2019-05-23T16:11:57","modified_gmt":"2019-05-23T13:11:57","slug":"otu-komplekts-lb-fine-sintetiska","status":"publish","type":"product","link":"https:\/\/hobstop.ee\/lv\/produkts\/otu-komplekts-lb-fine-sintetiska\/","title":{"rendered":"Otu komplekts LB Fine sint\u0113tisk\u0101"},"content":{"rendered":"<p>Daudzpus\u012bgas LB smalk\u0101s sint\u0113tisk\u0101s \u0161\u0137iedras otas par pie\u0146emamu cenu ar stingriem sariem ir ide\u0101li piem\u0113rotas izmanto\u0161anai da\u017e\u0101d\u0101s tehnik\u0101s. Speci\u0101li izstr\u0101d\u0101tas lieto\u0161anai ar akrila kr\u0101s\u0101m, nodro\u0161ina prec\u012bzus triepienus gan uzkl\u0101jot, gan ar\u012b jaucot.<\/p>\n","protected":false},"excerpt":{"rendered":"<p>Daudzpus\u012bgas LB smalk\u0101s sint\u0113tisk\u0101s \u0161\u0137iedras otas par pie\u0146emamu cenu ar stingriem sariem ir ide\u0101li piem\u0113rotas izmanto\u0161anai da\u017e\u0101d\u0101s tehnik\u0101s. Speci\u0101li izstr\u0101d\u0101tas lieto\u0161anai ar akrila kr\u0101s\u0101m, nodro\u0161ina prec\u012bzus triepienus gan uzkl\u0101jot, gan ar\u012b jaucot.<\/p>\n","protected":false},"featured_media":335712,"comment_status":"closed","ping_status":"closed","template":"","meta":{"_acf_changed":false,"ep_exclude_from_search":false},"product_cat":[16123,18650,18608],"product_tag":[],"class_list":{"0":"post-335187","1":"product","2":"type-product","3":"status-publish","4":"has-post-thumbnail","6":"product_cat-makslas-piederumi-2","7":"product_cat-otas-un-piederumi","8":"product_cat-sintetiskas-otas-2","10":"first","11":"instock","12":"taxable","13":"shipping-taxable","14":"product-type-simple"},"acf":[],"yoast_head":"<!-- This site is optimized with the Yoast SEO plugin v24.1 - https:\/\/yoast.com\/wordpress\/plugins\/seo\/ -->\n<title>Otu komplekts LB Fine sint\u0113tisk\u0101 &#8211; Skizze<\/title>\n<meta name=\"robots\" content=\"noindex, follow, max-snippet:-1, max-image-preview:large, max-video-preview:-1\" \/>\n<meta property=\"og:locale\" content=\"lv_LV\" \/>\n<meta property=\"og:type\" content=\"article\" \/>\n<meta property=\"og:title\" content=\"Otu komplekts LB Fine sint\u0113tisk\u0101 &#8211; Skizze\" \/>\n<meta property=\"og:description\" content=\"Daudzpus\u012bgas LB smalk\u0101s sint\u0113tisk\u0101s \u0161\u0137iedras otas par pie\u0146emamu cenu ar stingriem sariem ir ide\u0101li piem\u0113rotas izmanto\u0161anai da\u017e\u0101d\u0101s tehnik\u0101s. Speci\u0101li izstr\u0101d\u0101tas lieto\u0161anai ar akrila kr\u0101s\u0101m, nodro\u0161ina prec\u012bzus triepienus gan uzkl\u0101jot, gan ar\u012b jaucot.\" \/>\n<meta property=\"og:url\" content=\"https:\/\/hobstop.ee\/lv\/produkts\/otu-komplekts-lb-fine-sintetiska\/\" \/>\n<meta property=\"og:site_name\" content=\"Skizze\" \/>\n<meta property=\"article:publisher\" content=\"http:\/\/www.facebook.com\/VunderSkizze\" \/>\n<meta property=\"og:image\" content=\"https:\/\/www.hobstop.ee\/media\/4856.jpg\" \/>\n\t<meta property=\"og:image:width\" content=\"1024\" \/>\n\t<meta property=\"og:image:height\" content=\"768\" \/>\n\t<meta property=\"og:image:type\" content=\"image\/jpeg\" \/>\n<meta name=\"twitter:card\" content=\"summary_large_image\" \/>\n<script type=\"application\/ld+json\" class=\"yoast-schema-graph\">{\"@context\":\"https:\/\/schema.org\",\"@graph\":[{\"@type\":\"WebPage\",\"@id\":\"https:\/\/hobstop.ee\/lv\/produkts\/otu-komplekts-lb-fine-sintetiska\/\",\"url\":\"https:\/\/hobstop.ee\/lv\/produkts\/otu-komplekts-lb-fine-sintetiska\/\",\"name\":\"Otu komplekts LB Fine sint\u0113tisk\u0101 &#8211; Skizze\",\"isPartOf\":{\"@id\":\"https:\/\/hobstop.ee\/lv\/#website\"},\"primaryImageOfPage\":{\"@id\":\"https:\/\/hobstop.ee\/lv\/produkts\/otu-komplekts-lb-fine-sintetiska\/#primaryimage\"},\"image\":{\"@id\":\"https:\/\/hobstop.ee\/lv\/produkts\/otu-komplekts-lb-fine-sintetiska\/#primaryimage\"},\"thumbnailUrl\":\"https:\/\/hobstop.ee\/media\/4856.jpg\",\"datePublished\":\"2019-05-23T13:11:57+00:00\",\"dateModified\":\"2019-05-23T13:11:57+00:00\",\"breadcrumb\":{\"@id\":\"https:\/\/hobstop.ee\/lv\/produkts\/otu-komplekts-lb-fine-sintetiska\/#breadcrumb\"},\"inLanguage\":\"lv-LV\",\"potentialAction\":[{\"@type\":\"ReadAction\",\"target\":[\"https:\/\/hobstop.ee\/lv\/produkts\/otu-komplekts-lb-fine-sintetiska\/\"]}]},{\"@type\":\"ImageObject\",\"inLanguage\":\"lv-LV\",\"@id\":\"https:\/\/hobstop.ee\/lv\/produkts\/otu-komplekts-lb-fine-sintetiska\/#primaryimage\",\"url\":\"https:\/\/hobstop.ee\/media\/4856.jpg\",\"contentUrl\":\"https:\/\/hobstop.ee\/media\/4856.jpg\",\"width\":1024,\"height\":768},{\"@type\":\"BreadcrumbList\",\"@id\":\"https:\/\/hobstop.ee\/lv\/produkts\/otu-komplekts-lb-fine-sintetiska\/#breadcrumb\",\"itemListElement\":[{\"@type\":\"ListItem\",\"position\":1,\"name\":\"Avaleht\",\"item\":\"https:\/\/www.hobstop.ee\/lv\/\"},{\"@type\":\"ListItem\",\"position\":2,\"name\":\"Veikals\",\"item\":\"https:\/\/www.hobstop.ee\/lv\/veikals\/\"},{\"@type\":\"ListItem\",\"position\":3,\"name\":\"Otu komplekts LB Fine sint\u0113tisk\u0101\"}]},{\"@type\":\"WebSite\",\"@id\":\"https:\/\/hobstop.ee\/lv\/#website\",\"url\":\"https:\/\/hobstop.ee\/lv\/\",\"name\":\"Skizze\",\"description\":\"M\u0101kslas, hobiju un skolas preces\",\"publisher\":{\"@id\":\"https:\/\/hobstop.ee\/lv\/#organization\"},\"potentialAction\":[{\"@type\":\"SearchAction\",\"target\":{\"@type\":\"EntryPoint\",\"urlTemplate\":\"https:\/\/hobstop.ee\/lv\/?s={search_term_string}\"},\"query-input\":{\"@type\":\"PropertyValueSpecification\",\"valueRequired\":true,\"valueName\":\"search_term_string\"}}],\"inLanguage\":\"lv-LV\"},{\"@type\":\"Organization\",\"@id\":\"https:\/\/hobstop.ee\/lv\/#organization\",\"name\":\"Vunder AS\",\"url\":\"https:\/\/hobstop.ee\/lv\/\",\"logo\":{\"@type\":\"ImageObject\",\"inLanguage\":\"lv-LV\",\"@id\":\"https:\/\/hobstop.ee\/lv\/#\/schema\/logo\/image\/\",\"url\":\"https:\/\/hobstop.ee\/media\/vunder-logo.png\",\"contentUrl\":\"https:\/\/hobstop.ee\/media\/vunder-logo.png\",\"width\":127,\"height\":55,\"caption\":\"Vunder AS\"},\"image\":{\"@id\":\"https:\/\/hobstop.ee\/lv\/#\/schema\/logo\/image\/\"},\"sameAs\":[\"http:\/\/www.facebook.com\/VunderSkizze\"]}]}<\/script>\n<!-- \/ Yoast SEO plugin. -->","yoast_head_json":{"title":"Otu komplekts LB Fine sint\u0113tisk\u0101 &#8211; Skizze","robots":{"index":"noindex","follow":"follow","max-snippet":"max-snippet:-1","max-image-preview":"max-image-preview:large","max-video-preview":"max-video-preview:-1"},"og_locale":"lv_LV","og_type":"article","og_title":"Otu komplekts LB Fine sint\u0113tisk\u0101 &#8211; Skizze","og_description":"Daudzpus\u012bgas LB smalk\u0101s sint\u0113tisk\u0101s \u0161\u0137iedras otas par pie\u0146emamu cenu ar stingriem sariem ir ide\u0101li piem\u0113rotas izmanto\u0161anai da\u017e\u0101d\u0101s tehnik\u0101s. Speci\u0101li izstr\u0101d\u0101tas lieto\u0161anai ar akrila kr\u0101s\u0101m, nodro\u0161ina prec\u012bzus triepienus gan uzkl\u0101jot, gan ar\u012b jaucot.","og_url":"https:\/\/hobstop.ee\/lv\/produkts\/otu-komplekts-lb-fine-sintetiska\/","og_site_name":"Skizze","article_publisher":"http:\/\/www.facebook.com\/VunderSkizze","og_image":[{"width":1024,"height":768,"url":"https:\/\/www.hobstop.ee\/media\/4856.jpg","type":"image\/jpeg"}],"twitter_card":"summary_large_image","schema":{"@context":"https:\/\/schema.org","@graph":[{"@type":"WebPage","@id":"https:\/\/hobstop.ee\/lv\/produkts\/otu-komplekts-lb-fine-sintetiska\/","url":"https:\/\/hobstop.ee\/lv\/produkts\/otu-komplekts-lb-fine-sintetiska\/","name":"Otu komplekts LB Fine sint\u0113tisk\u0101 &#8211; Skizze","isPartOf":{"@id":"https:\/\/hobstop.ee\/lv\/#website"},"primaryImageOfPage":{"@id":"https:\/\/hobstop.ee\/lv\/produkts\/otu-komplekts-lb-fine-sintetiska\/#primaryimage"},"image":{"@id":"https:\/\/hobstop.ee\/lv\/produkts\/otu-komplekts-lb-fine-sintetiska\/#primaryimage"},"thumbnailUrl":"https:\/\/hobstop.ee\/media\/4856.jpg","datePublished":"2019-05-23T13:11:57+00:00","dateModified":"2019-05-23T13:11:57+00:00","breadcrumb":{"@id":"https:\/\/hobstop.ee\/lv\/produkts\/otu-komplekts-lb-fine-sintetiska\/#breadcrumb"},"inLanguage":"lv-LV","potentialAction":[{"@type":"ReadAction","target":["https:\/\/hobstop.ee\/lv\/produkts\/otu-komplekts-lb-fine-sintetiska\/"]}]},{"@type":"ImageObject","inLanguage":"lv-LV","@id":"https:\/\/hobstop.ee\/lv\/produkts\/otu-komplekts-lb-fine-sintetiska\/#primaryimage","url":"https:\/\/hobstop.ee\/media\/4856.jpg","contentUrl":"https:\/\/hobstop.ee\/media\/4856.jpg","width":1024,"height":768},{"@type":"BreadcrumbList","@id":"https:\/\/hobstop.ee\/lv\/produkts\/otu-komplekts-lb-fine-sintetiska\/#breadcrumb","itemListElement":[{"@type":"ListItem","position":1,"name":"Avaleht","item":"https:\/\/www.hobstop.ee\/lv\/"},{"@type":"ListItem","position":2,"name":"Veikals","item":"https:\/\/www.hobstop.ee\/lv\/veikals\/"},{"@type":"ListItem","position":3,"name":"Otu komplekts LB Fine sint\u0113tisk\u0101"}]},{"@type":"WebSite","@id":"https:\/\/hobstop.ee\/lv\/#website","url":"https:\/\/hobstop.ee\/lv\/","name":"Skizze","description":"M\u0101kslas, hobiju un skolas preces","publisher":{"@id":"https:\/\/hobstop.ee\/lv\/#organization"},"potentialAction":[{"@type":"SearchAction","target":{"@type":"EntryPoint","urlTemplate":"https:\/\/hobstop.ee\/lv\/?s={search_term_string}"},"query-input":{"@type":"PropertyValueSpecification","valueRequired":true,"valueName":"search_term_string"}}],"inLanguage":"lv-LV"},{"@type":"Organization","@id":"https:\/\/hobstop.ee\/lv\/#organization","name":"Vunder AS","url":"https:\/\/hobstop.ee\/lv\/","logo":{"@type":"ImageObject","inLanguage":"lv-LV","@id":"https:\/\/hobstop.ee\/lv\/#\/schema\/logo\/image\/","url":"https:\/\/hobstop.ee\/media\/vunder-logo.png","contentUrl":"https:\/\/hobstop.ee\/media\/vunder-logo.png","width":127,"height":55,"caption":"Vunder AS"},"image":{"@id":"https:\/\/hobstop.ee\/lv\/#\/schema\/logo\/image\/"},"sameAs":["http:\/\/www.facebook.com\/VunderSkizze"]}]}},"_links":{"self":[{"href":"https:\/\/hobstop.ee\/lv\/wp-json\/wp\/v2\/product\/335187","targetHints":{"allow":["GET"]}}],"collection":[{"href":"https:\/\/hobstop.ee\/lv\/wp-json\/wp\/v2\/product"}],"about":[{"href":"https:\/\/hobstop.ee\/lv\/wp-json\/wp\/v2\/types\/product"}],"replies":[{"embeddable":true,"href":"https:\/\/hobstop.ee\/lv\/wp-json\/wp\/v2\/comments?post=335187"}],"wp:featuredmedia":[{"embeddable":true,"href":"https:\/\/hobstop.ee\/lv\/wp-json\/wp\/v2\/media\/335712"}],"wp:attachment":[{"href":"https:\/\/hobstop.ee\/lv\/wp-json\/wp\/v2\/media?parent=335187"}],"wp:term":[{"taxonomy":"product_cat","embeddable":true,"href":"https:\/\/hobstop.ee\/lv\/wp-json\/wp\/v2\/product_cat?post=335187"},{"taxonomy":"product_tag","embeddable":true,"href":"https:\/\/hobstop.ee\/lv\/wp-json\/wp\/v2\/product_tag?post=335187"}],"curies":[{"name":"wp","href":"https:\/\/api.w.org\/{rel}","templated":true}]}}