{"id":335191,"date":"2019-05-23T16:11:59","date_gmt":"2019-05-23T13:12:02","guid":{"rendered":"https:\/\/sharks.ee\/vunder_2019\/product\/dekorkrasu-komplekts-marabu-berlin-flip-flop\/"},"modified":"2019-05-23T16:12:02","modified_gmt":"2019-05-23T13:12:02","slug":"dekorkrasu-komplekts-marabu-berlin-flip-flop","status":"publish","type":"product","link":"https:\/\/hobstop.ee\/lv\/produkts\/dekorkrasu-komplekts-marabu-berlin-flip-flop\/","title":{"rendered":"Dekorkr\u0101su komplekts Marabu Berlin Flip Flop"},"content":{"rendered":"<p>\u0160odien, r\u012bt &#8211; Berl\u012bne ir viena no \u017eilbino\u0161\u0101kaj\u0101m pils\u0113t\u0101m pasaul\u0113. Reiz\u0113m pils\u0113ta ir jaunekl\u012bga un ska\u013ca, reiz\u0113m sena un v\u0113sturiska. Marabu Berlin Flip Flop da\u017e\u0101die to\u0146i main\u0101s atkar\u012bb\u0101 no skatu le\u0146\u0137a un gaismas intensit\u0101tes \u2013 priek\u0161meti, kas ne vienm\u0113r izskat\u0101s vien\u0101di! Berlin Flip Flop sp\u012bdums un mirdzo\u0161ais efekts vislab\u0101k izce\u013cas uz tum\u0161a fona.<\/p>\n","protected":false},"excerpt":{"rendered":"<p>\u0160odien, r\u012bt &#8211; Berl\u012bne ir viena no \u017eilbino\u0161\u0101kaj\u0101m pils\u0113t\u0101m pasaul\u0113. Reiz\u0113m pils\u0113ta ir jaunekl\u012bga un ska\u013ca, reiz\u0113m sena un v\u0113sturiska. Marabu Berlin Flip Flop da\u017e\u0101die to\u0146i main\u0101s atkar\u012bb\u0101 no skatu le\u0146\u0137a un gaismas intensit\u0101tes \u2013 priek\u0161meti, kas ne vienm\u0113r izskat\u0101s vien\u0101di! Berlin Flip Flop sp\u012bdums un mirdzo\u0161ais efekts vislab\u0101k izce\u013cas uz tum\u0161a fona.<\/p>\n","protected":false},"featured_media":352879,"comment_status":"closed","ping_status":"closed","template":"","meta":{"_acf_changed":false,"ep_exclude_from_search":false},"product_cat":[18201,17954,17918],"product_tag":[],"class_list":{"0":"post-335191","1":"product","2":"type-product","3":"status-publish","4":"has-post-thumbnail","6":"product_cat-decor-krasas-2","7":"product_cat-decor-krasas-un-lakas","8":"product_cat-preces-hobijiem","10":"first","11":"instock","12":"taxable","13":"shipping-taxable","14":"product-type-simple"},"acf":[],"yoast_head":"<!-- This site is optimized with the Yoast SEO plugin v24.1 - https:\/\/yoast.com\/wordpress\/plugins\/seo\/ -->\n<title>Dekorkr\u0101su komplekts Marabu Berlin Flip Flop &#8211; Skizze<\/title>\n<meta name=\"robots\" content=\"noindex, follow, max-snippet:-1, max-image-preview:large, max-video-preview:-1\" \/>\n<meta property=\"og:locale\" content=\"lv_LV\" \/>\n<meta property=\"og:type\" content=\"article\" \/>\n<meta property=\"og:title\" content=\"Dekorkr\u0101su komplekts Marabu Berlin Flip Flop &#8211; Skizze\" \/>\n<meta property=\"og:description\" content=\"\u0160odien, r\u012bt &#8211; Berl\u012bne ir viena no \u017eilbino\u0161\u0101kaj\u0101m pils\u0113t\u0101m pasaul\u0113. Reiz\u0113m pils\u0113ta ir jaunekl\u012bga un ska\u013ca, reiz\u0113m sena un v\u0113sturiska. Marabu Berlin Flip Flop da\u017e\u0101die to\u0146i main\u0101s atkar\u012bb\u0101 no skatu le\u0146\u0137a un gaismas intensit\u0101tes \u2013 priek\u0161meti, kas ne vienm\u0113r izskat\u0101s vien\u0101di! Berlin Flip Flop sp\u012bdums un mirdzo\u0161ais efekts vislab\u0101k izce\u013cas uz tum\u0161a fona.\" \/>\n<meta property=\"og:url\" content=\"https:\/\/hobstop.ee\/lv\/produkts\/dekorkrasu-komplekts-marabu-berlin-flip-flop\/\" \/>\n<meta property=\"og:site_name\" content=\"Skizze\" \/>\n<meta property=\"article:publisher\" content=\"http:\/\/www.facebook.com\/VunderSkizze\" \/>\n<meta property=\"og:image\" content=\"https:\/\/www.hobstop.ee\/media\/4915.jpg\" \/>\n\t<meta property=\"og:image:width\" content=\"1024\" \/>\n\t<meta property=\"og:image:height\" content=\"768\" \/>\n\t<meta property=\"og:image:type\" content=\"image\/jpeg\" \/>\n<meta name=\"twitter:card\" content=\"summary_large_image\" \/>\n<script type=\"application\/ld+json\" class=\"yoast-schema-graph\">{\"@context\":\"https:\/\/schema.org\",\"@graph\":[{\"@type\":\"WebPage\",\"@id\":\"https:\/\/hobstop.ee\/lv\/produkts\/dekorkrasu-komplekts-marabu-berlin-flip-flop\/\",\"url\":\"https:\/\/hobstop.ee\/lv\/produkts\/dekorkrasu-komplekts-marabu-berlin-flip-flop\/\",\"name\":\"Dekorkr\u0101su komplekts Marabu Berlin Flip Flop &#8211; Skizze\",\"isPartOf\":{\"@id\":\"https:\/\/hobstop.ee\/lv\/#website\"},\"primaryImageOfPage\":{\"@id\":\"https:\/\/hobstop.ee\/lv\/produkts\/dekorkrasu-komplekts-marabu-berlin-flip-flop\/#primaryimage\"},\"image\":{\"@id\":\"https:\/\/hobstop.ee\/lv\/produkts\/dekorkrasu-komplekts-marabu-berlin-flip-flop\/#primaryimage\"},\"thumbnailUrl\":\"https:\/\/hobstop.ee\/media\/4915.jpg\",\"datePublished\":\"2019-05-23T13:12:02+00:00\",\"dateModified\":\"2019-05-23T13:12:02+00:00\",\"breadcrumb\":{\"@id\":\"https:\/\/hobstop.ee\/lv\/produkts\/dekorkrasu-komplekts-marabu-berlin-flip-flop\/#breadcrumb\"},\"inLanguage\":\"lv-LV\",\"potentialAction\":[{\"@type\":\"ReadAction\",\"target\":[\"https:\/\/hobstop.ee\/lv\/produkts\/dekorkrasu-komplekts-marabu-berlin-flip-flop\/\"]}]},{\"@type\":\"ImageObject\",\"inLanguage\":\"lv-LV\",\"@id\":\"https:\/\/hobstop.ee\/lv\/produkts\/dekorkrasu-komplekts-marabu-berlin-flip-flop\/#primaryimage\",\"url\":\"https:\/\/hobstop.ee\/media\/4915.jpg\",\"contentUrl\":\"https:\/\/hobstop.ee\/media\/4915.jpg\",\"width\":1024,\"height\":768},{\"@type\":\"BreadcrumbList\",\"@id\":\"https:\/\/hobstop.ee\/lv\/produkts\/dekorkrasu-komplekts-marabu-berlin-flip-flop\/#breadcrumb\",\"itemListElement\":[{\"@type\":\"ListItem\",\"position\":1,\"name\":\"Avaleht\",\"item\":\"https:\/\/www.hobstop.ee\/lv\/\"},{\"@type\":\"ListItem\",\"position\":2,\"name\":\"Veikals\",\"item\":\"https:\/\/www.hobstop.ee\/lv\/veikals\/\"},{\"@type\":\"ListItem\",\"position\":3,\"name\":\"Dekorkr\u0101su komplekts Marabu Berlin Flip Flop\"}]},{\"@type\":\"WebSite\",\"@id\":\"https:\/\/hobstop.ee\/lv\/#website\",\"url\":\"https:\/\/hobstop.ee\/lv\/\",\"name\":\"Skizze\",\"description\":\"M\u0101kslas, hobiju un skolas preces\",\"publisher\":{\"@id\":\"https:\/\/hobstop.ee\/lv\/#organization\"},\"potentialAction\":[{\"@type\":\"SearchAction\",\"target\":{\"@type\":\"EntryPoint\",\"urlTemplate\":\"https:\/\/hobstop.ee\/lv\/?s={search_term_string}\"},\"query-input\":{\"@type\":\"PropertyValueSpecification\",\"valueRequired\":true,\"valueName\":\"search_term_string\"}}],\"inLanguage\":\"lv-LV\"},{\"@type\":\"Organization\",\"@id\":\"https:\/\/hobstop.ee\/lv\/#organization\",\"name\":\"Vunder AS\",\"url\":\"https:\/\/hobstop.ee\/lv\/\",\"logo\":{\"@type\":\"ImageObject\",\"inLanguage\":\"lv-LV\",\"@id\":\"https:\/\/hobstop.ee\/lv\/#\/schema\/logo\/image\/\",\"url\":\"https:\/\/hobstop.ee\/media\/vunder-logo.png\",\"contentUrl\":\"https:\/\/hobstop.ee\/media\/vunder-logo.png\",\"width\":127,\"height\":55,\"caption\":\"Vunder AS\"},\"image\":{\"@id\":\"https:\/\/hobstop.ee\/lv\/#\/schema\/logo\/image\/\"},\"sameAs\":[\"http:\/\/www.facebook.com\/VunderSkizze\"]}]}<\/script>\n<!-- \/ Yoast SEO plugin. -->","yoast_head_json":{"title":"Dekorkr\u0101su komplekts Marabu Berlin Flip Flop &#8211; Skizze","robots":{"index":"noindex","follow":"follow","max-snippet":"max-snippet:-1","max-image-preview":"max-image-preview:large","max-video-preview":"max-video-preview:-1"},"og_locale":"lv_LV","og_type":"article","og_title":"Dekorkr\u0101su komplekts Marabu Berlin Flip Flop &#8211; Skizze","og_description":"\u0160odien, r\u012bt &#8211; Berl\u012bne ir viena no \u017eilbino\u0161\u0101kaj\u0101m pils\u0113t\u0101m pasaul\u0113. Reiz\u0113m pils\u0113ta ir jaunekl\u012bga un ska\u013ca, reiz\u0113m sena un v\u0113sturiska. Marabu Berlin Flip Flop da\u017e\u0101die to\u0146i main\u0101s atkar\u012bb\u0101 no skatu le\u0146\u0137a un gaismas intensit\u0101tes \u2013 priek\u0161meti, kas ne vienm\u0113r izskat\u0101s vien\u0101di! Berlin Flip Flop sp\u012bdums un mirdzo\u0161ais efekts vislab\u0101k izce\u013cas uz tum\u0161a fona.","og_url":"https:\/\/hobstop.ee\/lv\/produkts\/dekorkrasu-komplekts-marabu-berlin-flip-flop\/","og_site_name":"Skizze","article_publisher":"http:\/\/www.facebook.com\/VunderSkizze","og_image":[{"width":1024,"height":768,"url":"https:\/\/www.hobstop.ee\/media\/4915.jpg","type":"image\/jpeg"}],"twitter_card":"summary_large_image","schema":{"@context":"https:\/\/schema.org","@graph":[{"@type":"WebPage","@id":"https:\/\/hobstop.ee\/lv\/produkts\/dekorkrasu-komplekts-marabu-berlin-flip-flop\/","url":"https:\/\/hobstop.ee\/lv\/produkts\/dekorkrasu-komplekts-marabu-berlin-flip-flop\/","name":"Dekorkr\u0101su komplekts Marabu Berlin Flip Flop &#8211; Skizze","isPartOf":{"@id":"https:\/\/hobstop.ee\/lv\/#website"},"primaryImageOfPage":{"@id":"https:\/\/hobstop.ee\/lv\/produkts\/dekorkrasu-komplekts-marabu-berlin-flip-flop\/#primaryimage"},"image":{"@id":"https:\/\/hobstop.ee\/lv\/produkts\/dekorkrasu-komplekts-marabu-berlin-flip-flop\/#primaryimage"},"thumbnailUrl":"https:\/\/hobstop.ee\/media\/4915.jpg","datePublished":"2019-05-23T13:12:02+00:00","dateModified":"2019-05-23T13:12:02+00:00","breadcrumb":{"@id":"https:\/\/hobstop.ee\/lv\/produkts\/dekorkrasu-komplekts-marabu-berlin-flip-flop\/#breadcrumb"},"inLanguage":"lv-LV","potentialAction":[{"@type":"ReadAction","target":["https:\/\/hobstop.ee\/lv\/produkts\/dekorkrasu-komplekts-marabu-berlin-flip-flop\/"]}]},{"@type":"ImageObject","inLanguage":"lv-LV","@id":"https:\/\/hobstop.ee\/lv\/produkts\/dekorkrasu-komplekts-marabu-berlin-flip-flop\/#primaryimage","url":"https:\/\/hobstop.ee\/media\/4915.jpg","contentUrl":"https:\/\/hobstop.ee\/media\/4915.jpg","width":1024,"height":768},{"@type":"BreadcrumbList","@id":"https:\/\/hobstop.ee\/lv\/produkts\/dekorkrasu-komplekts-marabu-berlin-flip-flop\/#breadcrumb","itemListElement":[{"@type":"ListItem","position":1,"name":"Avaleht","item":"https:\/\/www.hobstop.ee\/lv\/"},{"@type":"ListItem","position":2,"name":"Veikals","item":"https:\/\/www.hobstop.ee\/lv\/veikals\/"},{"@type":"ListItem","position":3,"name":"Dekorkr\u0101su komplekts Marabu Berlin Flip Flop"}]},{"@type":"WebSite","@id":"https:\/\/hobstop.ee\/lv\/#website","url":"https:\/\/hobstop.ee\/lv\/","name":"Skizze","description":"M\u0101kslas, hobiju un skolas preces","publisher":{"@id":"https:\/\/hobstop.ee\/lv\/#organization"},"potentialAction":[{"@type":"SearchAction","target":{"@type":"EntryPoint","urlTemplate":"https:\/\/hobstop.ee\/lv\/?s={search_term_string}"},"query-input":{"@type":"PropertyValueSpecification","valueRequired":true,"valueName":"search_term_string"}}],"inLanguage":"lv-LV"},{"@type":"Organization","@id":"https:\/\/hobstop.ee\/lv\/#organization","name":"Vunder AS","url":"https:\/\/hobstop.ee\/lv\/","logo":{"@type":"ImageObject","inLanguage":"lv-LV","@id":"https:\/\/hobstop.ee\/lv\/#\/schema\/logo\/image\/","url":"https:\/\/hobstop.ee\/media\/vunder-logo.png","contentUrl":"https:\/\/hobstop.ee\/media\/vunder-logo.png","width":127,"height":55,"caption":"Vunder AS"},"image":{"@id":"https:\/\/hobstop.ee\/lv\/#\/schema\/logo\/image\/"},"sameAs":["http:\/\/www.facebook.com\/VunderSkizze"]}]}},"_links":{"self":[{"href":"https:\/\/hobstop.ee\/lv\/wp-json\/wp\/v2\/product\/335191","targetHints":{"allow":["GET"]}}],"collection":[{"href":"https:\/\/hobstop.ee\/lv\/wp-json\/wp\/v2\/product"}],"about":[{"href":"https:\/\/hobstop.ee\/lv\/wp-json\/wp\/v2\/types\/product"}],"replies":[{"embeddable":true,"href":"https:\/\/hobstop.ee\/lv\/wp-json\/wp\/v2\/comments?post=335191"}],"wp:featuredmedia":[{"embeddable":true,"href":"https:\/\/hobstop.ee\/lv\/wp-json\/wp\/v2\/media\/352879"}],"wp:attachment":[{"href":"https:\/\/hobstop.ee\/lv\/wp-json\/wp\/v2\/media?parent=335191"}],"wp:term":[{"taxonomy":"product_cat","embeddable":true,"href":"https:\/\/hobstop.ee\/lv\/wp-json\/wp\/v2\/product_cat?post=335191"},{"taxonomy":"product_tag","embeddable":true,"href":"https:\/\/hobstop.ee\/lv\/wp-json\/wp\/v2\/product_tag?post=335191"}],"curies":[{"name":"wp","href":"https:\/\/api.w.org\/{rel}","templated":true}]}}