{"id":335195,"date":"2019-05-23T16:12:04","date_gmt":"2019-05-23T13:12:06","guid":{"rendered":"https:\/\/sharks.ee\/vunder_2019\/product\/dekorkrasu-komplekts-marabu-nevada-rust\/"},"modified":"2019-05-23T16:12:06","modified_gmt":"2019-05-23T13:12:06","slug":"dekorkrasu-komplekts-marabu-nevada-rust","status":"publish","type":"product","link":"https:\/\/hobstop.ee\/lv\/produkts\/dekorkrasu-komplekts-marabu-nevada-rust\/","title":{"rendered":"Dekorkr\u0101su komplekts Marabu Nevada Rust"},"content":{"rendered":"<p>R\u016bsas par\u0101d\u012b\u0161an\u0101s uz izplat\u012b\u0161an\u0101s uz priek\u0161metiem aiz\u0146em laiku. Kad met\u0101ls atgrie\u017eas s\u0101kotn\u0113j\u0101 st\u0101vokl\u012b, tas rada gaismas sp\u0113li glu\u017ei k\u0101 tas nov\u0113rojams Sierra Nevada kalnu gr\u0113d\u0101s. Marabu Nevada Rust r\u016bsas efekts \u013cauj r\u016bsai uzplaukt uz da\u017e\u0101diem materi\u0101liem. Uzkl\u0101jot ar otu vai s\u016bkli, r\u016bsas efektu rad\u012bs da\u017e\u0101di to\u0146i. Tas ne tikai rada silto r\u00fcsas to\u0146u sp\u0113li, bet ar\u012b dab\u012bgu saj\u016btu!<\/p>\n","protected":false},"excerpt":{"rendered":"<p>R\u016bsas par\u0101d\u012b\u0161an\u0101s uz izplat\u012b\u0161an\u0101s uz priek\u0161metiem aiz\u0146em laiku. Kad met\u0101ls atgrie\u017eas s\u0101kotn\u0113j\u0101 st\u0101vokl\u012b, tas rada gaismas sp\u0113li glu\u017ei k\u0101 tas nov\u0113rojams Sierra Nevada kalnu gr\u0113d\u0101s. Marabu Nevada Rust r\u016bsas efekts \u013cauj r\u016bsai uzplaukt uz da\u017e\u0101diem materi\u0101liem. Uzkl\u0101jot ar otu vai s\u016bkli, r\u016bsas efektu rad\u012bs da\u017e\u0101di to\u0146i. Tas ne tikai rada silto r\u00fcsas to\u0146u sp\u0113li, bet ar\u012b dab\u012bgu saj\u016btu!<\/p>\n","protected":false},"featured_media":352883,"comment_status":"closed","ping_status":"closed","template":"","meta":{"_acf_changed":false,"ep_exclude_from_search":false},"product_cat":[18201,17954,17918],"product_tag":[],"class_list":{"0":"post-335195","1":"product","2":"type-product","3":"status-publish","4":"has-post-thumbnail","6":"product_cat-decor-krasas-2","7":"product_cat-decor-krasas-un-lakas","8":"product_cat-preces-hobijiem","10":"first","11":"instock","12":"taxable","13":"shipping-taxable","14":"product-type-simple"},"acf":[],"yoast_head":"<!-- This site is optimized with the Yoast SEO plugin v24.1 - https:\/\/yoast.com\/wordpress\/plugins\/seo\/ -->\n<title>Dekorkr\u0101su komplekts Marabu Nevada Rust &#8211; Skizze<\/title>\n<meta name=\"robots\" content=\"noindex, follow, max-snippet:-1, max-image-preview:large, max-video-preview:-1\" \/>\n<meta property=\"og:locale\" content=\"lv_LV\" \/>\n<meta property=\"og:type\" content=\"article\" \/>\n<meta property=\"og:title\" content=\"Dekorkr\u0101su komplekts Marabu Nevada Rust &#8211; Skizze\" \/>\n<meta property=\"og:description\" content=\"R\u016bsas par\u0101d\u012b\u0161an\u0101s uz izplat\u012b\u0161an\u0101s uz priek\u0161metiem aiz\u0146em laiku. Kad met\u0101ls atgrie\u017eas s\u0101kotn\u0113j\u0101 st\u0101vokl\u012b, tas rada gaismas sp\u0113li glu\u017ei k\u0101 tas nov\u0113rojams Sierra Nevada kalnu gr\u0113d\u0101s. Marabu Nevada Rust r\u016bsas efekts \u013cauj r\u016bsai uzplaukt uz da\u017e\u0101diem materi\u0101liem. Uzkl\u0101jot ar otu vai s\u016bkli, r\u016bsas efektu rad\u012bs da\u017e\u0101di to\u0146i. Tas ne tikai rada silto r\u00fcsas to\u0146u sp\u0113li, bet ar\u012b dab\u012bgu saj\u016btu!\" \/>\n<meta property=\"og:url\" content=\"https:\/\/hobstop.ee\/lv\/produkts\/dekorkrasu-komplekts-marabu-nevada-rust\/\" \/>\n<meta property=\"og:site_name\" content=\"Skizze\" \/>\n<meta property=\"article:publisher\" content=\"http:\/\/www.facebook.com\/VunderSkizze\" \/>\n<meta property=\"og:image\" content=\"https:\/\/hobstop.ee\/media\/4916.jpg\" \/>\n\t<meta property=\"og:image:width\" content=\"1024\" \/>\n\t<meta property=\"og:image:height\" content=\"768\" \/>\n\t<meta property=\"og:image:type\" content=\"image\/jpeg\" \/>\n<meta name=\"twitter:card\" content=\"summary_large_image\" \/>\n<script type=\"application\/ld+json\" class=\"yoast-schema-graph\">{\"@context\":\"https:\/\/schema.org\",\"@graph\":[{\"@type\":\"WebPage\",\"@id\":\"https:\/\/hobstop.ee\/lv\/produkts\/dekorkrasu-komplekts-marabu-nevada-rust\/\",\"url\":\"https:\/\/hobstop.ee\/lv\/produkts\/dekorkrasu-komplekts-marabu-nevada-rust\/\",\"name\":\"Dekorkr\u0101su komplekts Marabu Nevada Rust &#8211; Skizze\",\"isPartOf\":{\"@id\":\"https:\/\/hobstop.ee\/lv\/#website\"},\"primaryImageOfPage\":{\"@id\":\"https:\/\/hobstop.ee\/lv\/produkts\/dekorkrasu-komplekts-marabu-nevada-rust\/#primaryimage\"},\"image\":{\"@id\":\"https:\/\/hobstop.ee\/lv\/produkts\/dekorkrasu-komplekts-marabu-nevada-rust\/#primaryimage\"},\"thumbnailUrl\":\"https:\/\/hobstop.ee\/media\/4916.jpg\",\"datePublished\":\"2019-05-23T13:12:06+00:00\",\"dateModified\":\"2019-05-23T13:12:06+00:00\",\"breadcrumb\":{\"@id\":\"https:\/\/hobstop.ee\/lv\/produkts\/dekorkrasu-komplekts-marabu-nevada-rust\/#breadcrumb\"},\"inLanguage\":\"lv-LV\",\"potentialAction\":[{\"@type\":\"ReadAction\",\"target\":[\"https:\/\/hobstop.ee\/lv\/produkts\/dekorkrasu-komplekts-marabu-nevada-rust\/\"]}]},{\"@type\":\"ImageObject\",\"inLanguage\":\"lv-LV\",\"@id\":\"https:\/\/hobstop.ee\/lv\/produkts\/dekorkrasu-komplekts-marabu-nevada-rust\/#primaryimage\",\"url\":\"https:\/\/hobstop.ee\/media\/4916.jpg\",\"contentUrl\":\"https:\/\/hobstop.ee\/media\/4916.jpg\",\"width\":1024,\"height\":768},{\"@type\":\"BreadcrumbList\",\"@id\":\"https:\/\/hobstop.ee\/lv\/produkts\/dekorkrasu-komplekts-marabu-nevada-rust\/#breadcrumb\",\"itemListElement\":[{\"@type\":\"ListItem\",\"position\":1,\"name\":\"Avaleht\",\"item\":\"https:\/\/www.hobstop.ee\/lv\/\"},{\"@type\":\"ListItem\",\"position\":2,\"name\":\"Veikals\",\"item\":\"https:\/\/www.hobstop.ee\/lv\/veikals\/\"},{\"@type\":\"ListItem\",\"position\":3,\"name\":\"Dekorkr\u0101su komplekts Marabu Nevada Rust\"}]},{\"@type\":\"WebSite\",\"@id\":\"https:\/\/hobstop.ee\/lv\/#website\",\"url\":\"https:\/\/hobstop.ee\/lv\/\",\"name\":\"Skizze\",\"description\":\"M\u0101kslas, hobiju un skolas preces\",\"publisher\":{\"@id\":\"https:\/\/hobstop.ee\/lv\/#organization\"},\"potentialAction\":[{\"@type\":\"SearchAction\",\"target\":{\"@type\":\"EntryPoint\",\"urlTemplate\":\"https:\/\/hobstop.ee\/lv\/?s={search_term_string}\"},\"query-input\":{\"@type\":\"PropertyValueSpecification\",\"valueRequired\":true,\"valueName\":\"search_term_string\"}}],\"inLanguage\":\"lv-LV\"},{\"@type\":\"Organization\",\"@id\":\"https:\/\/hobstop.ee\/lv\/#organization\",\"name\":\"Vunder AS\",\"url\":\"https:\/\/hobstop.ee\/lv\/\",\"logo\":{\"@type\":\"ImageObject\",\"inLanguage\":\"lv-LV\",\"@id\":\"https:\/\/hobstop.ee\/lv\/#\/schema\/logo\/image\/\",\"url\":\"https:\/\/hobstop.ee\/media\/vunder-logo.png\",\"contentUrl\":\"https:\/\/hobstop.ee\/media\/vunder-logo.png\",\"width\":127,\"height\":55,\"caption\":\"Vunder AS\"},\"image\":{\"@id\":\"https:\/\/hobstop.ee\/lv\/#\/schema\/logo\/image\/\"},\"sameAs\":[\"http:\/\/www.facebook.com\/VunderSkizze\"]}]}<\/script>\n<!-- \/ Yoast SEO plugin. -->","yoast_head_json":{"title":"Dekorkr\u0101su komplekts Marabu Nevada Rust &#8211; Skizze","robots":{"index":"noindex","follow":"follow","max-snippet":"max-snippet:-1","max-image-preview":"max-image-preview:large","max-video-preview":"max-video-preview:-1"},"og_locale":"lv_LV","og_type":"article","og_title":"Dekorkr\u0101su komplekts Marabu Nevada Rust &#8211; Skizze","og_description":"R\u016bsas par\u0101d\u012b\u0161an\u0101s uz izplat\u012b\u0161an\u0101s uz priek\u0161metiem aiz\u0146em laiku. Kad met\u0101ls atgrie\u017eas s\u0101kotn\u0113j\u0101 st\u0101vokl\u012b, tas rada gaismas sp\u0113li glu\u017ei k\u0101 tas nov\u0113rojams Sierra Nevada kalnu gr\u0113d\u0101s. Marabu Nevada Rust r\u016bsas efekts \u013cauj r\u016bsai uzplaukt uz da\u017e\u0101diem materi\u0101liem. Uzkl\u0101jot ar otu vai s\u016bkli, r\u016bsas efektu rad\u012bs da\u017e\u0101di to\u0146i. Tas ne tikai rada silto r\u00fcsas to\u0146u sp\u0113li, bet ar\u012b dab\u012bgu saj\u016btu!","og_url":"https:\/\/hobstop.ee\/lv\/produkts\/dekorkrasu-komplekts-marabu-nevada-rust\/","og_site_name":"Skizze","article_publisher":"http:\/\/www.facebook.com\/VunderSkizze","og_image":[{"width":1024,"height":768,"url":"https:\/\/hobstop.ee\/media\/4916.jpg","type":"image\/jpeg"}],"twitter_card":"summary_large_image","schema":{"@context":"https:\/\/schema.org","@graph":[{"@type":"WebPage","@id":"https:\/\/hobstop.ee\/lv\/produkts\/dekorkrasu-komplekts-marabu-nevada-rust\/","url":"https:\/\/hobstop.ee\/lv\/produkts\/dekorkrasu-komplekts-marabu-nevada-rust\/","name":"Dekorkr\u0101su komplekts Marabu Nevada Rust &#8211; Skizze","isPartOf":{"@id":"https:\/\/hobstop.ee\/lv\/#website"},"primaryImageOfPage":{"@id":"https:\/\/hobstop.ee\/lv\/produkts\/dekorkrasu-komplekts-marabu-nevada-rust\/#primaryimage"},"image":{"@id":"https:\/\/hobstop.ee\/lv\/produkts\/dekorkrasu-komplekts-marabu-nevada-rust\/#primaryimage"},"thumbnailUrl":"https:\/\/hobstop.ee\/media\/4916.jpg","datePublished":"2019-05-23T13:12:06+00:00","dateModified":"2019-05-23T13:12:06+00:00","breadcrumb":{"@id":"https:\/\/hobstop.ee\/lv\/produkts\/dekorkrasu-komplekts-marabu-nevada-rust\/#breadcrumb"},"inLanguage":"lv-LV","potentialAction":[{"@type":"ReadAction","target":["https:\/\/hobstop.ee\/lv\/produkts\/dekorkrasu-komplekts-marabu-nevada-rust\/"]}]},{"@type":"ImageObject","inLanguage":"lv-LV","@id":"https:\/\/hobstop.ee\/lv\/produkts\/dekorkrasu-komplekts-marabu-nevada-rust\/#primaryimage","url":"https:\/\/hobstop.ee\/media\/4916.jpg","contentUrl":"https:\/\/hobstop.ee\/media\/4916.jpg","width":1024,"height":768},{"@type":"BreadcrumbList","@id":"https:\/\/hobstop.ee\/lv\/produkts\/dekorkrasu-komplekts-marabu-nevada-rust\/#breadcrumb","itemListElement":[{"@type":"ListItem","position":1,"name":"Avaleht","item":"https:\/\/www.hobstop.ee\/lv\/"},{"@type":"ListItem","position":2,"name":"Veikals","item":"https:\/\/www.hobstop.ee\/lv\/veikals\/"},{"@type":"ListItem","position":3,"name":"Dekorkr\u0101su komplekts Marabu Nevada Rust"}]},{"@type":"WebSite","@id":"https:\/\/hobstop.ee\/lv\/#website","url":"https:\/\/hobstop.ee\/lv\/","name":"Skizze","description":"M\u0101kslas, hobiju un skolas preces","publisher":{"@id":"https:\/\/hobstop.ee\/lv\/#organization"},"potentialAction":[{"@type":"SearchAction","target":{"@type":"EntryPoint","urlTemplate":"https:\/\/hobstop.ee\/lv\/?s={search_term_string}"},"query-input":{"@type":"PropertyValueSpecification","valueRequired":true,"valueName":"search_term_string"}}],"inLanguage":"lv-LV"},{"@type":"Organization","@id":"https:\/\/hobstop.ee\/lv\/#organization","name":"Vunder AS","url":"https:\/\/hobstop.ee\/lv\/","logo":{"@type":"ImageObject","inLanguage":"lv-LV","@id":"https:\/\/hobstop.ee\/lv\/#\/schema\/logo\/image\/","url":"https:\/\/hobstop.ee\/media\/vunder-logo.png","contentUrl":"https:\/\/hobstop.ee\/media\/vunder-logo.png","width":127,"height":55,"caption":"Vunder AS"},"image":{"@id":"https:\/\/hobstop.ee\/lv\/#\/schema\/logo\/image\/"},"sameAs":["http:\/\/www.facebook.com\/VunderSkizze"]}]}},"_links":{"self":[{"href":"https:\/\/hobstop.ee\/lv\/wp-json\/wp\/v2\/product\/335195","targetHints":{"allow":["GET"]}}],"collection":[{"href":"https:\/\/hobstop.ee\/lv\/wp-json\/wp\/v2\/product"}],"about":[{"href":"https:\/\/hobstop.ee\/lv\/wp-json\/wp\/v2\/types\/product"}],"replies":[{"embeddable":true,"href":"https:\/\/hobstop.ee\/lv\/wp-json\/wp\/v2\/comments?post=335195"}],"wp:featuredmedia":[{"embeddable":true,"href":"https:\/\/hobstop.ee\/lv\/wp-json\/wp\/v2\/media\/352883"}],"wp:attachment":[{"href":"https:\/\/hobstop.ee\/lv\/wp-json\/wp\/v2\/media?parent=335195"}],"wp:term":[{"taxonomy":"product_cat","embeddable":true,"href":"https:\/\/hobstop.ee\/lv\/wp-json\/wp\/v2\/product_cat?post=335195"},{"taxonomy":"product_tag","embeddable":true,"href":"https:\/\/hobstop.ee\/lv\/wp-json\/wp\/v2\/product_tag?post=335195"}],"curies":[{"name":"wp","href":"https:\/\/api.w.org\/{rel}","templated":true}]}}