{"id":335199,"date":"2019-05-23T16:12:09","date_gmt":"2019-05-23T13:12:11","guid":{"rendered":"https:\/\/sharks.ee\/vunder_2019\/product\/laka-marabu-chalky-chic-matt-aerosols\/"},"modified":"2019-05-23T16:12:11","modified_gmt":"2019-05-23T13:12:11","slug":"laka-marabu-chalky-chic-matt-aerosols","status":"publish","type":"product","link":"https:\/\/hobstop.ee\/lv\/produkts\/laka-marabu-chalky-chic-matt-aerosols\/","title":{"rendered":"Laka Marabu Chalky-Chic Matt aerosols"},"content":{"rendered":"<p>Marabu Chalky-Chic ir necaursp\u012bd\u012bga, uz \u016bdens b\u0101zes mat\u0113ta kr\u012bta laka ar izsmidzin\u0101t\u0101ju, t\u0101 nodro\u0161ina samtainu, gludu virsmu. Iztur\u012bga pret laika apst\u0101k\u013cu un gaismas ietekmi, piem\u0113rota izmanto\u0161anai uz da\u017e\u0101d\u0101m virsm\u0101m, piem., koka, MDF, stikla, met\u0101la, papier m\u00e2ch\u00e9, kartona, keramikas, audekla, plastmasas, rafijas, utt. \u017d\u016b\u0161anas laiks 10 min\u016btes.<\/p>\n","protected":false},"excerpt":{"rendered":"<p>Marabu Chalky-Chic ir necaursp\u012bd\u012bga, uz \u016bdens b\u0101zes mat\u0113ta kr\u012bta laka ar izsmidzin\u0101t\u0101ju, t\u0101 nodro\u0161ina samtainu, gludu virsmu. Iztur\u012bga pret laika apst\u0101k\u013cu un gaismas ietekmi, piem\u0113rota izmanto\u0161anai uz da\u017e\u0101d\u0101m virsm\u0101m, piem., koka, MDF, stikla, met\u0101la, papier m\u00e2ch\u00e9, kartona, keramikas, audekla, plastmasas, rafijas, utt. \u017d\u016b\u0161anas laiks 10 min\u016btes.<\/p>\n","protected":false},"featured_media":352875,"comment_status":"closed","ping_status":"closed","template":"","meta":{"_acf_changed":false,"ep_exclude_from_search":false},"product_cat":[17954,19693,17918],"product_tag":[],"class_list":{"0":"post-335199","1":"product","2":"type-product","3":"status-publish","4":"has-post-thumbnail","6":"product_cat-decor-krasas-un-lakas","7":"product_cat-lakas","8":"product_cat-preces-hobijiem","10":"first","11":"instock","12":"taxable","13":"shipping-taxable","14":"product-type-simple"},"acf":[],"yoast_head":"<!-- This site is optimized with the Yoast SEO plugin v24.1 - https:\/\/yoast.com\/wordpress\/plugins\/seo\/ -->\n<title>Laka Marabu Chalky-Chic Matt aerosols &#8211; Skizze<\/title>\n<meta name=\"robots\" content=\"noindex, follow, max-snippet:-1, max-image-preview:large, max-video-preview:-1\" \/>\n<meta property=\"og:locale\" content=\"lv_LV\" \/>\n<meta property=\"og:type\" content=\"article\" \/>\n<meta property=\"og:title\" content=\"Laka Marabu Chalky-Chic Matt aerosols &#8211; Skizze\" \/>\n<meta property=\"og:description\" content=\"Marabu Chalky-Chic ir necaursp\u012bd\u012bga, uz \u016bdens b\u0101zes mat\u0113ta kr\u012bta laka ar izsmidzin\u0101t\u0101ju, t\u0101 nodro\u0161ina samtainu, gludu virsmu. Iztur\u012bga pret laika apst\u0101k\u013cu un gaismas ietekmi, piem\u0113rota izmanto\u0161anai uz da\u017e\u0101d\u0101m virsm\u0101m, piem., koka, MDF, stikla, met\u0101la, papier m\u00e2ch\u00e9, kartona, keramikas, audekla, plastmasas, rafijas, utt. \u017d\u016b\u0161anas laiks 10 min\u016btes.\" \/>\n<meta property=\"og:url\" content=\"https:\/\/hobstop.ee\/lv\/produkts\/laka-marabu-chalky-chic-matt-aerosols\/\" \/>\n<meta property=\"og:site_name\" content=\"Skizze\" \/>\n<meta property=\"article:publisher\" content=\"http:\/\/www.facebook.com\/VunderSkizze\" \/>\n<meta property=\"og:image\" content=\"https:\/\/hobstop.ee\/media\/4917.jpg\" \/>\n\t<meta property=\"og:image:width\" content=\"1024\" \/>\n\t<meta property=\"og:image:height\" content=\"768\" \/>\n\t<meta property=\"og:image:type\" content=\"image\/jpeg\" \/>\n<meta name=\"twitter:card\" content=\"summary_large_image\" \/>\n<script type=\"application\/ld+json\" class=\"yoast-schema-graph\">{\"@context\":\"https:\/\/schema.org\",\"@graph\":[{\"@type\":\"WebPage\",\"@id\":\"https:\/\/hobstop.ee\/lv\/produkts\/laka-marabu-chalky-chic-matt-aerosols\/\",\"url\":\"https:\/\/hobstop.ee\/lv\/produkts\/laka-marabu-chalky-chic-matt-aerosols\/\",\"name\":\"Laka Marabu Chalky-Chic Matt aerosols &#8211; Skizze\",\"isPartOf\":{\"@id\":\"https:\/\/hobstop.ee\/lv\/#website\"},\"primaryImageOfPage\":{\"@id\":\"https:\/\/hobstop.ee\/lv\/produkts\/laka-marabu-chalky-chic-matt-aerosols\/#primaryimage\"},\"image\":{\"@id\":\"https:\/\/hobstop.ee\/lv\/produkts\/laka-marabu-chalky-chic-matt-aerosols\/#primaryimage\"},\"thumbnailUrl\":\"https:\/\/hobstop.ee\/media\/4917.jpg\",\"datePublished\":\"2019-05-23T13:12:11+00:00\",\"dateModified\":\"2019-05-23T13:12:11+00:00\",\"breadcrumb\":{\"@id\":\"https:\/\/hobstop.ee\/lv\/produkts\/laka-marabu-chalky-chic-matt-aerosols\/#breadcrumb\"},\"inLanguage\":\"lv-LV\",\"potentialAction\":[{\"@type\":\"ReadAction\",\"target\":[\"https:\/\/hobstop.ee\/lv\/produkts\/laka-marabu-chalky-chic-matt-aerosols\/\"]}]},{\"@type\":\"ImageObject\",\"inLanguage\":\"lv-LV\",\"@id\":\"https:\/\/hobstop.ee\/lv\/produkts\/laka-marabu-chalky-chic-matt-aerosols\/#primaryimage\",\"url\":\"https:\/\/hobstop.ee\/media\/4917.jpg\",\"contentUrl\":\"https:\/\/hobstop.ee\/media\/4917.jpg\",\"width\":1024,\"height\":768},{\"@type\":\"BreadcrumbList\",\"@id\":\"https:\/\/hobstop.ee\/lv\/produkts\/laka-marabu-chalky-chic-matt-aerosols\/#breadcrumb\",\"itemListElement\":[{\"@type\":\"ListItem\",\"position\":1,\"name\":\"Avaleht\",\"item\":\"https:\/\/www.hobstop.ee\/lv\/\"},{\"@type\":\"ListItem\",\"position\":2,\"name\":\"Veikals\",\"item\":\"https:\/\/www.hobstop.ee\/lv\/veikals\/\"},{\"@type\":\"ListItem\",\"position\":3,\"name\":\"Laka Marabu Chalky-Chic Matt aerosols\"}]},{\"@type\":\"WebSite\",\"@id\":\"https:\/\/hobstop.ee\/lv\/#website\",\"url\":\"https:\/\/hobstop.ee\/lv\/\",\"name\":\"Skizze\",\"description\":\"M\u0101kslas, hobiju un skolas preces\",\"publisher\":{\"@id\":\"https:\/\/hobstop.ee\/lv\/#organization\"},\"potentialAction\":[{\"@type\":\"SearchAction\",\"target\":{\"@type\":\"EntryPoint\",\"urlTemplate\":\"https:\/\/hobstop.ee\/lv\/?s={search_term_string}\"},\"query-input\":{\"@type\":\"PropertyValueSpecification\",\"valueRequired\":true,\"valueName\":\"search_term_string\"}}],\"inLanguage\":\"lv-LV\"},{\"@type\":\"Organization\",\"@id\":\"https:\/\/hobstop.ee\/lv\/#organization\",\"name\":\"Vunder AS\",\"url\":\"https:\/\/hobstop.ee\/lv\/\",\"logo\":{\"@type\":\"ImageObject\",\"inLanguage\":\"lv-LV\",\"@id\":\"https:\/\/hobstop.ee\/lv\/#\/schema\/logo\/image\/\",\"url\":\"https:\/\/hobstop.ee\/media\/vunder-logo.png\",\"contentUrl\":\"https:\/\/hobstop.ee\/media\/vunder-logo.png\",\"width\":127,\"height\":55,\"caption\":\"Vunder AS\"},\"image\":{\"@id\":\"https:\/\/hobstop.ee\/lv\/#\/schema\/logo\/image\/\"},\"sameAs\":[\"http:\/\/www.facebook.com\/VunderSkizze\"]}]}<\/script>\n<!-- \/ Yoast SEO plugin. -->","yoast_head_json":{"title":"Laka Marabu Chalky-Chic Matt aerosols &#8211; Skizze","robots":{"index":"noindex","follow":"follow","max-snippet":"max-snippet:-1","max-image-preview":"max-image-preview:large","max-video-preview":"max-video-preview:-1"},"og_locale":"lv_LV","og_type":"article","og_title":"Laka Marabu Chalky-Chic Matt aerosols &#8211; Skizze","og_description":"Marabu Chalky-Chic ir necaursp\u012bd\u012bga, uz \u016bdens b\u0101zes mat\u0113ta kr\u012bta laka ar izsmidzin\u0101t\u0101ju, t\u0101 nodro\u0161ina samtainu, gludu virsmu. Iztur\u012bga pret laika apst\u0101k\u013cu un gaismas ietekmi, piem\u0113rota izmanto\u0161anai uz da\u017e\u0101d\u0101m virsm\u0101m, piem., koka, MDF, stikla, met\u0101la, papier m\u00e2ch\u00e9, kartona, keramikas, audekla, plastmasas, rafijas, utt. \u017d\u016b\u0161anas laiks 10 min\u016btes.","og_url":"https:\/\/hobstop.ee\/lv\/produkts\/laka-marabu-chalky-chic-matt-aerosols\/","og_site_name":"Skizze","article_publisher":"http:\/\/www.facebook.com\/VunderSkizze","og_image":[{"width":1024,"height":768,"url":"https:\/\/hobstop.ee\/media\/4917.jpg","type":"image\/jpeg"}],"twitter_card":"summary_large_image","schema":{"@context":"https:\/\/schema.org","@graph":[{"@type":"WebPage","@id":"https:\/\/hobstop.ee\/lv\/produkts\/laka-marabu-chalky-chic-matt-aerosols\/","url":"https:\/\/hobstop.ee\/lv\/produkts\/laka-marabu-chalky-chic-matt-aerosols\/","name":"Laka Marabu Chalky-Chic Matt aerosols &#8211; Skizze","isPartOf":{"@id":"https:\/\/hobstop.ee\/lv\/#website"},"primaryImageOfPage":{"@id":"https:\/\/hobstop.ee\/lv\/produkts\/laka-marabu-chalky-chic-matt-aerosols\/#primaryimage"},"image":{"@id":"https:\/\/hobstop.ee\/lv\/produkts\/laka-marabu-chalky-chic-matt-aerosols\/#primaryimage"},"thumbnailUrl":"https:\/\/hobstop.ee\/media\/4917.jpg","datePublished":"2019-05-23T13:12:11+00:00","dateModified":"2019-05-23T13:12:11+00:00","breadcrumb":{"@id":"https:\/\/hobstop.ee\/lv\/produkts\/laka-marabu-chalky-chic-matt-aerosols\/#breadcrumb"},"inLanguage":"lv-LV","potentialAction":[{"@type":"ReadAction","target":["https:\/\/hobstop.ee\/lv\/produkts\/laka-marabu-chalky-chic-matt-aerosols\/"]}]},{"@type":"ImageObject","inLanguage":"lv-LV","@id":"https:\/\/hobstop.ee\/lv\/produkts\/laka-marabu-chalky-chic-matt-aerosols\/#primaryimage","url":"https:\/\/hobstop.ee\/media\/4917.jpg","contentUrl":"https:\/\/hobstop.ee\/media\/4917.jpg","width":1024,"height":768},{"@type":"BreadcrumbList","@id":"https:\/\/hobstop.ee\/lv\/produkts\/laka-marabu-chalky-chic-matt-aerosols\/#breadcrumb","itemListElement":[{"@type":"ListItem","position":1,"name":"Avaleht","item":"https:\/\/www.hobstop.ee\/lv\/"},{"@type":"ListItem","position":2,"name":"Veikals","item":"https:\/\/www.hobstop.ee\/lv\/veikals\/"},{"@type":"ListItem","position":3,"name":"Laka Marabu Chalky-Chic Matt aerosols"}]},{"@type":"WebSite","@id":"https:\/\/hobstop.ee\/lv\/#website","url":"https:\/\/hobstop.ee\/lv\/","name":"Skizze","description":"M\u0101kslas, hobiju un skolas preces","publisher":{"@id":"https:\/\/hobstop.ee\/lv\/#organization"},"potentialAction":[{"@type":"SearchAction","target":{"@type":"EntryPoint","urlTemplate":"https:\/\/hobstop.ee\/lv\/?s={search_term_string}"},"query-input":{"@type":"PropertyValueSpecification","valueRequired":true,"valueName":"search_term_string"}}],"inLanguage":"lv-LV"},{"@type":"Organization","@id":"https:\/\/hobstop.ee\/lv\/#organization","name":"Vunder AS","url":"https:\/\/hobstop.ee\/lv\/","logo":{"@type":"ImageObject","inLanguage":"lv-LV","@id":"https:\/\/hobstop.ee\/lv\/#\/schema\/logo\/image\/","url":"https:\/\/hobstop.ee\/media\/vunder-logo.png","contentUrl":"https:\/\/hobstop.ee\/media\/vunder-logo.png","width":127,"height":55,"caption":"Vunder AS"},"image":{"@id":"https:\/\/hobstop.ee\/lv\/#\/schema\/logo\/image\/"},"sameAs":["http:\/\/www.facebook.com\/VunderSkizze"]}]}},"_links":{"self":[{"href":"https:\/\/hobstop.ee\/lv\/wp-json\/wp\/v2\/product\/335199","targetHints":{"allow":["GET"]}}],"collection":[{"href":"https:\/\/hobstop.ee\/lv\/wp-json\/wp\/v2\/product"}],"about":[{"href":"https:\/\/hobstop.ee\/lv\/wp-json\/wp\/v2\/types\/product"}],"replies":[{"embeddable":true,"href":"https:\/\/hobstop.ee\/lv\/wp-json\/wp\/v2\/comments?post=335199"}],"wp:featuredmedia":[{"embeddable":true,"href":"https:\/\/hobstop.ee\/lv\/wp-json\/wp\/v2\/media\/352875"}],"wp:attachment":[{"href":"https:\/\/hobstop.ee\/lv\/wp-json\/wp\/v2\/media?parent=335199"}],"wp:term":[{"taxonomy":"product_cat","embeddable":true,"href":"https:\/\/hobstop.ee\/lv\/wp-json\/wp\/v2\/product_cat?post=335199"},{"taxonomy":"product_tag","embeddable":true,"href":"https:\/\/hobstop.ee\/lv\/wp-json\/wp\/v2\/product_tag?post=335199"}],"curies":[{"name":"wp","href":"https:\/\/api.w.org\/{rel}","templated":true}]}}