{"id":335227,"date":"2019-05-23T16:12:44","date_gmt":"2019-05-23T13:12:46","guid":{"rendered":"https:\/\/sharks.ee\/vunder_2019\/product\/polimermals-cernit-opaline-500g\/"},"modified":"2019-05-23T16:12:46","modified_gmt":"2019-05-23T13:12:46","slug":"polimermals-cernit-opaline-500g","status":"publish","type":"product","link":"https:\/\/hobstop.ee\/lv\/produkts\/polimermals-cernit-opaline-500g\/","title":{"rendered":"Polim\u0113rm\u0101ls Cernit Opaline 500g"},"content":{"rendered":"<p>Pateicoties Cernit Opaline vieglajai caursp\u012bd\u012bbai, j\u016bsu darbiem tiek pie\u0161\u0137irta keramikai l\u012bdz\u012bga apdare, da\u013c\u0113ji caursp\u012bd\u012bga! Nedaudz caursp\u012bd\u012bg\u0101 Cernit Opaline apdare padara to par ide\u0101lu piem\u0113rotu d\u0101rgakme\u0146iem, fig\u016bri\u0146\u0101m un dekorat\u012bviem priek\u0161metiem. Cernit polim\u0113ra m\u0101ls ir model\u0113\u0161anas m\u0101ls, kas saciet\u0113 uzkars\u0113t\u0101 sadz\u012bves cepe\u0161kr\u0101sn\u012b 110-130\u00b0C temperat\u016br\u0101 15-30 min\u016b\u0161u laik\u0101. Rull\u0113jot un m\u012bcot, materi\u0101ls k\u013c\u016bst \u012bpa\u0161i plastisks un visos virzienos viegli veidojams. To var stiept k\u0101 m\u012bklu un loc\u012bt k\u0101 audumu. Visas kr\u0101sas ir sav\u0101 starp\u0101 jaucamas, ton\u0113jamas, marmor\u0113jamas vai ar baltas, necaursp\u012bd\u012bgas kr\u0101sas piejaukumu padar\u0101mas gai\u0161\u0101kas. P\u0113c apdedzin\u0101\u0161anas materi\u0101la virsma k\u013c\u016bst l\u012bdz\u012bga porcel\u0101nam un ir pietiekami stipra, lai to urbtu, v\u012bl\u0113tu vai sl\u012bp\u0113tu. Kr\u0101so\u0161anai var izmantot akrila kr\u0101sas, dekorat\u012bvo pulveri vai laku. Ide\u0101ls dekorat\u012bvu priek\u0161metu izgatavo\u0161anai, piem\u0113ram, rotaslietu (auskaru, rokasspr\u0101d\u017eu, kulonu), fig\u016bri\u0146u, da\u017e\u0101du piederumu, miniat\u016bras p\u0101rtikas produktu vai pat m\u0113be\u013cu labo\u0161anai un restaur\u0101cijai.<\/p>\n","protected":false},"excerpt":{"rendered":"<p>Pateicoties Cernit Opaline vieglajai caursp\u012bd\u012bbai, j\u016bsu darbiem tiek pie\u0161\u0137irta keramikai l\u012bdz\u012bga apdare, da\u013c\u0113ji caursp\u012bd\u012bga! Nedaudz caursp\u012bd\u012bg\u0101 Cernit Opaline apdare padara to par ide\u0101lu piem\u0113rotu d\u0101rgakme\u0146iem, fig\u016bri\u0146\u0101m un dekorat\u012bviem priek\u0161metiem. Cernit polim\u0113ra m\u0101ls ir model\u0113\u0161anas m\u0101ls, kas saciet\u0113 uzkars\u0113t\u0101 sadz\u012bves cepe\u0161kr\u0101sn\u012b 110-130\u00b0C temperat\u016br\u0101 15-30 min\u016b\u0161u laik\u0101. Rull\u0113jot un m\u012bcot, materi\u0101ls k\u013c\u016bst \u012bpa\u0161i plastisks un visos virzienos viegli veidojams. To var stiept k\u0101 m\u012bklu un loc\u012bt k\u0101 audumu. Visas kr\u0101sas ir sav\u0101 starp\u0101 jaucamas, ton\u0113jamas, marmor\u0113jamas vai ar baltas, necaursp\u012bd\u012bgas kr\u0101sas piejaukumu padar\u0101mas gai\u0161\u0101kas. P\u0113c apdedzin\u0101\u0161anas materi\u0101la virsma k\u013c\u016bst l\u012bdz\u012bga porcel\u0101nam un ir pietiekami stipra, lai to urbtu, v\u012bl\u0113tu vai sl\u012bp\u0113tu. Kr\u0101so\u0161anai var izmantot akrila kr\u0101sas, dekorat\u012bvo pulveri vai laku. Ide\u0101ls dekorat\u012bvu priek\u0161metu izgatavo\u0161anai, piem\u0113ram, rotaslietu (auskaru, rokasspr\u0101d\u017eu, kulonu), fig\u016bri\u0146u, da\u017e\u0101du piederumu, miniat\u016bras p\u0101rtikas produktu vai pat m\u0113be\u013cu labo\u0161anai un restaur\u0101cijai.<\/p>\n","protected":false},"featured_media":352831,"comment_status":"closed","ping_status":"closed","template":"","meta":{"_acf_changed":false,"ep_exclude_from_search":false},"product_cat":[18184,17918,20086],"product_tag":[],"class_list":{"0":"post-335227","1":"product","2":"type-product","3":"status-publish","4":"has-post-thumbnail","6":"product_cat-polimermals","7":"product_cat-preces-hobijiem","8":"product_cat-veidosanas-masas-un-piederumi-2","10":"first","11":"instock","12":"taxable","13":"shipping-taxable","14":"product-type-simple"},"acf":[],"yoast_head":"<!-- This site is optimized with the Yoast SEO plugin v24.1 - https:\/\/yoast.com\/wordpress\/plugins\/seo\/ -->\n<title>Polim\u0113rm\u0101ls Cernit Opaline 500g &#8211; Skizze<\/title>\n<meta name=\"robots\" content=\"noindex, follow, max-snippet:-1, max-image-preview:large, max-video-preview:-1\" \/>\n<meta property=\"og:locale\" content=\"lv_LV\" \/>\n<meta property=\"og:type\" content=\"article\" \/>\n<meta property=\"og:title\" content=\"Polim\u0113rm\u0101ls Cernit Opaline 500g &#8211; Skizze\" \/>\n<meta property=\"og:description\" content=\"Pateicoties Cernit Opaline vieglajai caursp\u012bd\u012bbai, j\u016bsu darbiem tiek pie\u0161\u0137irta keramikai l\u012bdz\u012bga apdare, da\u013c\u0113ji caursp\u012bd\u012bga! Nedaudz caursp\u012bd\u012bg\u0101 Cernit Opaline apdare padara to par ide\u0101lu piem\u0113rotu d\u0101rgakme\u0146iem, fig\u016bri\u0146\u0101m un dekorat\u012bviem priek\u0161metiem. Cernit polim\u0113ra m\u0101ls ir model\u0113\u0161anas m\u0101ls, kas saciet\u0113 uzkars\u0113t\u0101 sadz\u012bves cepe\u0161kr\u0101sn\u012b 110-130\u00b0C temperat\u016br\u0101 15-30 min\u016b\u0161u laik\u0101. Rull\u0113jot un m\u012bcot, materi\u0101ls k\u013c\u016bst \u012bpa\u0161i plastisks un visos virzienos viegli veidojams. To var stiept k\u0101 m\u012bklu un loc\u012bt k\u0101 audumu. Visas kr\u0101sas ir sav\u0101 starp\u0101 jaucamas, ton\u0113jamas, marmor\u0113jamas vai ar baltas, necaursp\u012bd\u012bgas kr\u0101sas piejaukumu padar\u0101mas gai\u0161\u0101kas. P\u0113c apdedzin\u0101\u0161anas materi\u0101la virsma k\u013c\u016bst l\u012bdz\u012bga porcel\u0101nam un ir pietiekami stipra, lai to urbtu, v\u012bl\u0113tu vai sl\u012bp\u0113tu. Kr\u0101so\u0161anai var izmantot akrila kr\u0101sas, dekorat\u012bvo pulveri vai laku. Ide\u0101ls dekorat\u012bvu priek\u0161metu izgatavo\u0161anai, piem\u0113ram, rotaslietu (auskaru, rokasspr\u0101d\u017eu, kulonu), fig\u016bri\u0146u, da\u017e\u0101du piederumu, miniat\u016bras p\u0101rtikas produktu vai pat m\u0113be\u013cu labo\u0161anai un restaur\u0101cijai.\" \/>\n<meta property=\"og:url\" content=\"https:\/\/hobstop.ee\/lv\/produkts\/polimermals-cernit-opaline-500g\/\" \/>\n<meta property=\"og:site_name\" content=\"Skizze\" \/>\n<meta property=\"article:publisher\" content=\"http:\/\/www.facebook.com\/VunderSkizze\" \/>\n<meta property=\"og:image\" content=\"https:\/\/hobstop.ee\/media\/4960.jpg\" \/>\n\t<meta property=\"og:image:width\" content=\"1024\" \/>\n\t<meta property=\"og:image:height\" content=\"768\" \/>\n\t<meta property=\"og:image:type\" content=\"image\/jpeg\" \/>\n<meta name=\"twitter:card\" content=\"summary_large_image\" \/>\n<meta name=\"twitter:label1\" content=\"Est. reading time\" \/>\n\t<meta name=\"twitter:data1\" content=\"1 min\u016b\u0161u\" \/>\n<script type=\"application\/ld+json\" class=\"yoast-schema-graph\">{\"@context\":\"https:\/\/schema.org\",\"@graph\":[{\"@type\":\"WebPage\",\"@id\":\"https:\/\/hobstop.ee\/lv\/produkts\/polimermals-cernit-opaline-500g\/\",\"url\":\"https:\/\/hobstop.ee\/lv\/produkts\/polimermals-cernit-opaline-500g\/\",\"name\":\"Polim\u0113rm\u0101ls Cernit Opaline 500g &#8211; Skizze\",\"isPartOf\":{\"@id\":\"https:\/\/hobstop.ee\/lv\/#website\"},\"primaryImageOfPage\":{\"@id\":\"https:\/\/hobstop.ee\/lv\/produkts\/polimermals-cernit-opaline-500g\/#primaryimage\"},\"image\":{\"@id\":\"https:\/\/hobstop.ee\/lv\/produkts\/polimermals-cernit-opaline-500g\/#primaryimage\"},\"thumbnailUrl\":\"https:\/\/hobstop.ee\/media\/4960.jpg\",\"datePublished\":\"2019-05-23T13:12:46+00:00\",\"dateModified\":\"2019-05-23T13:12:46+00:00\",\"breadcrumb\":{\"@id\":\"https:\/\/hobstop.ee\/lv\/produkts\/polimermals-cernit-opaline-500g\/#breadcrumb\"},\"inLanguage\":\"lv-LV\",\"potentialAction\":[{\"@type\":\"ReadAction\",\"target\":[\"https:\/\/hobstop.ee\/lv\/produkts\/polimermals-cernit-opaline-500g\/\"]}]},{\"@type\":\"ImageObject\",\"inLanguage\":\"lv-LV\",\"@id\":\"https:\/\/hobstop.ee\/lv\/produkts\/polimermals-cernit-opaline-500g\/#primaryimage\",\"url\":\"https:\/\/hobstop.ee\/media\/4960.jpg\",\"contentUrl\":\"https:\/\/hobstop.ee\/media\/4960.jpg\",\"width\":1024,\"height\":768},{\"@type\":\"BreadcrumbList\",\"@id\":\"https:\/\/hobstop.ee\/lv\/produkts\/polimermals-cernit-opaline-500g\/#breadcrumb\",\"itemListElement\":[{\"@type\":\"ListItem\",\"position\":1,\"name\":\"Avaleht\",\"item\":\"https:\/\/www.hobstop.ee\/lv\/\"},{\"@type\":\"ListItem\",\"position\":2,\"name\":\"Veikals\",\"item\":\"https:\/\/www.hobstop.ee\/lv\/veikals\/\"},{\"@type\":\"ListItem\",\"position\":3,\"name\":\"Polim\u0113rm\u0101ls Cernit Opaline 500g\"}]},{\"@type\":\"WebSite\",\"@id\":\"https:\/\/hobstop.ee\/lv\/#website\",\"url\":\"https:\/\/hobstop.ee\/lv\/\",\"name\":\"Skizze\",\"description\":\"M\u0101kslas, hobiju un skolas preces\",\"publisher\":{\"@id\":\"https:\/\/hobstop.ee\/lv\/#organization\"},\"potentialAction\":[{\"@type\":\"SearchAction\",\"target\":{\"@type\":\"EntryPoint\",\"urlTemplate\":\"https:\/\/hobstop.ee\/lv\/?s={search_term_string}\"},\"query-input\":{\"@type\":\"PropertyValueSpecification\",\"valueRequired\":true,\"valueName\":\"search_term_string\"}}],\"inLanguage\":\"lv-LV\"},{\"@type\":\"Organization\",\"@id\":\"https:\/\/hobstop.ee\/lv\/#organization\",\"name\":\"Vunder AS\",\"url\":\"https:\/\/hobstop.ee\/lv\/\",\"logo\":{\"@type\":\"ImageObject\",\"inLanguage\":\"lv-LV\",\"@id\":\"https:\/\/hobstop.ee\/lv\/#\/schema\/logo\/image\/\",\"url\":\"https:\/\/hobstop.ee\/media\/vunder-logo.png\",\"contentUrl\":\"https:\/\/hobstop.ee\/media\/vunder-logo.png\",\"width\":127,\"height\":55,\"caption\":\"Vunder AS\"},\"image\":{\"@id\":\"https:\/\/hobstop.ee\/lv\/#\/schema\/logo\/image\/\"},\"sameAs\":[\"http:\/\/www.facebook.com\/VunderSkizze\"]}]}<\/script>\n<!-- \/ Yoast SEO plugin. -->","yoast_head_json":{"title":"Polim\u0113rm\u0101ls Cernit Opaline 500g &#8211; Skizze","robots":{"index":"noindex","follow":"follow","max-snippet":"max-snippet:-1","max-image-preview":"max-image-preview:large","max-video-preview":"max-video-preview:-1"},"og_locale":"lv_LV","og_type":"article","og_title":"Polim\u0113rm\u0101ls Cernit Opaline 500g &#8211; Skizze","og_description":"Pateicoties Cernit Opaline vieglajai caursp\u012bd\u012bbai, j\u016bsu darbiem tiek pie\u0161\u0137irta keramikai l\u012bdz\u012bga apdare, da\u013c\u0113ji caursp\u012bd\u012bga! Nedaudz caursp\u012bd\u012bg\u0101 Cernit Opaline apdare padara to par ide\u0101lu piem\u0113rotu d\u0101rgakme\u0146iem, fig\u016bri\u0146\u0101m un dekorat\u012bviem priek\u0161metiem. Cernit polim\u0113ra m\u0101ls ir model\u0113\u0161anas m\u0101ls, kas saciet\u0113 uzkars\u0113t\u0101 sadz\u012bves cepe\u0161kr\u0101sn\u012b 110-130\u00b0C temperat\u016br\u0101 15-30 min\u016b\u0161u laik\u0101. Rull\u0113jot un m\u012bcot, materi\u0101ls k\u013c\u016bst \u012bpa\u0161i plastisks un visos virzienos viegli veidojams. To var stiept k\u0101 m\u012bklu un loc\u012bt k\u0101 audumu. Visas kr\u0101sas ir sav\u0101 starp\u0101 jaucamas, ton\u0113jamas, marmor\u0113jamas vai ar baltas, necaursp\u012bd\u012bgas kr\u0101sas piejaukumu padar\u0101mas gai\u0161\u0101kas. P\u0113c apdedzin\u0101\u0161anas materi\u0101la virsma k\u013c\u016bst l\u012bdz\u012bga porcel\u0101nam un ir pietiekami stipra, lai to urbtu, v\u012bl\u0113tu vai sl\u012bp\u0113tu. Kr\u0101so\u0161anai var izmantot akrila kr\u0101sas, dekorat\u012bvo pulveri vai laku. Ide\u0101ls dekorat\u012bvu priek\u0161metu izgatavo\u0161anai, piem\u0113ram, rotaslietu (auskaru, rokasspr\u0101d\u017eu, kulonu), fig\u016bri\u0146u, da\u017e\u0101du piederumu, miniat\u016bras p\u0101rtikas produktu vai pat m\u0113be\u013cu labo\u0161anai un restaur\u0101cijai.","og_url":"https:\/\/hobstop.ee\/lv\/produkts\/polimermals-cernit-opaline-500g\/","og_site_name":"Skizze","article_publisher":"http:\/\/www.facebook.com\/VunderSkizze","og_image":[{"width":1024,"height":768,"url":"https:\/\/hobstop.ee\/media\/4960.jpg","type":"image\/jpeg"}],"twitter_card":"summary_large_image","twitter_misc":{"Est. reading time":"1 min\u016b\u0161u"},"schema":{"@context":"https:\/\/schema.org","@graph":[{"@type":"WebPage","@id":"https:\/\/hobstop.ee\/lv\/produkts\/polimermals-cernit-opaline-500g\/","url":"https:\/\/hobstop.ee\/lv\/produkts\/polimermals-cernit-opaline-500g\/","name":"Polim\u0113rm\u0101ls Cernit Opaline 500g &#8211; Skizze","isPartOf":{"@id":"https:\/\/hobstop.ee\/lv\/#website"},"primaryImageOfPage":{"@id":"https:\/\/hobstop.ee\/lv\/produkts\/polimermals-cernit-opaline-500g\/#primaryimage"},"image":{"@id":"https:\/\/hobstop.ee\/lv\/produkts\/polimermals-cernit-opaline-500g\/#primaryimage"},"thumbnailUrl":"https:\/\/hobstop.ee\/media\/4960.jpg","datePublished":"2019-05-23T13:12:46+00:00","dateModified":"2019-05-23T13:12:46+00:00","breadcrumb":{"@id":"https:\/\/hobstop.ee\/lv\/produkts\/polimermals-cernit-opaline-500g\/#breadcrumb"},"inLanguage":"lv-LV","potentialAction":[{"@type":"ReadAction","target":["https:\/\/hobstop.ee\/lv\/produkts\/polimermals-cernit-opaline-500g\/"]}]},{"@type":"ImageObject","inLanguage":"lv-LV","@id":"https:\/\/hobstop.ee\/lv\/produkts\/polimermals-cernit-opaline-500g\/#primaryimage","url":"https:\/\/hobstop.ee\/media\/4960.jpg","contentUrl":"https:\/\/hobstop.ee\/media\/4960.jpg","width":1024,"height":768},{"@type":"BreadcrumbList","@id":"https:\/\/hobstop.ee\/lv\/produkts\/polimermals-cernit-opaline-500g\/#breadcrumb","itemListElement":[{"@type":"ListItem","position":1,"name":"Avaleht","item":"https:\/\/www.hobstop.ee\/lv\/"},{"@type":"ListItem","position":2,"name":"Veikals","item":"https:\/\/www.hobstop.ee\/lv\/veikals\/"},{"@type":"ListItem","position":3,"name":"Polim\u0113rm\u0101ls Cernit Opaline 500g"}]},{"@type":"WebSite","@id":"https:\/\/hobstop.ee\/lv\/#website","url":"https:\/\/hobstop.ee\/lv\/","name":"Skizze","description":"M\u0101kslas, hobiju un skolas preces","publisher":{"@id":"https:\/\/hobstop.ee\/lv\/#organization"},"potentialAction":[{"@type":"SearchAction","target":{"@type":"EntryPoint","urlTemplate":"https:\/\/hobstop.ee\/lv\/?s={search_term_string}"},"query-input":{"@type":"PropertyValueSpecification","valueRequired":true,"valueName":"search_term_string"}}],"inLanguage":"lv-LV"},{"@type":"Organization","@id":"https:\/\/hobstop.ee\/lv\/#organization","name":"Vunder AS","url":"https:\/\/hobstop.ee\/lv\/","logo":{"@type":"ImageObject","inLanguage":"lv-LV","@id":"https:\/\/hobstop.ee\/lv\/#\/schema\/logo\/image\/","url":"https:\/\/hobstop.ee\/media\/vunder-logo.png","contentUrl":"https:\/\/hobstop.ee\/media\/vunder-logo.png","width":127,"height":55,"caption":"Vunder AS"},"image":{"@id":"https:\/\/hobstop.ee\/lv\/#\/schema\/logo\/image\/"},"sameAs":["http:\/\/www.facebook.com\/VunderSkizze"]}]}},"_links":{"self":[{"href":"https:\/\/hobstop.ee\/lv\/wp-json\/wp\/v2\/product\/335227","targetHints":{"allow":["GET"]}}],"collection":[{"href":"https:\/\/hobstop.ee\/lv\/wp-json\/wp\/v2\/product"}],"about":[{"href":"https:\/\/hobstop.ee\/lv\/wp-json\/wp\/v2\/types\/product"}],"replies":[{"embeddable":true,"href":"https:\/\/hobstop.ee\/lv\/wp-json\/wp\/v2\/comments?post=335227"}],"wp:featuredmedia":[{"embeddable":true,"href":"https:\/\/hobstop.ee\/lv\/wp-json\/wp\/v2\/media\/352831"}],"wp:attachment":[{"href":"https:\/\/hobstop.ee\/lv\/wp-json\/wp\/v2\/media?parent=335227"}],"wp:term":[{"taxonomy":"product_cat","embeddable":true,"href":"https:\/\/hobstop.ee\/lv\/wp-json\/wp\/v2\/product_cat?post=335227"},{"taxonomy":"product_tag","embeddable":true,"href":"https:\/\/hobstop.ee\/lv\/wp-json\/wp\/v2\/product_tag?post=335227"}],"curies":[{"name":"wp","href":"https:\/\/api.w.org\/{rel}","templated":true}]}}