{"id":335235,"date":"2019-05-23T16:12:54","date_gmt":"2019-05-23T13:12:56","guid":{"rendered":"https:\/\/sharks.ee\/vunder_2019\/product\/polimermals-mikstinatajs-cernit-magic-mix\/"},"modified":"2019-05-23T16:12:56","modified_gmt":"2019-05-23T13:12:56","slug":"polimermals-mikstinatajs-cernit-magic-mix","status":"publish","type":"product","link":"https:\/\/hobstop.ee\/lv\/produkts\/polimermals-mikstinatajs-cernit-magic-mix\/","title":{"rendered":"Polim\u0113rm\u0101ls m\u012bkstin\u0101t\u0101js Cernit Magic Mix"},"content":{"rendered":"<p>Cernit Magic Mix \u2013 tas ir b\u016btisks priek\u0161noteikums visiem j\u016bsu darbiem ar Cerenit! Izmantojiet to, lai m\u012bkstin\u0101tu m\u0101lu, kas ir nedaudz ciets. Ja esat aizmirsis savu m\u0101lu skap\u012b, neatkar\u012bgi no t\u0101, tas ir sasmalcin\u0101ts vai ciets, j\u016bs variet tos viegli atg\u016bt. Magic Mix r\u016bp\u0113jas par visu \u2013 jums vair\u0101k nav j\u0101met m\u0101ls \u0101r\u0101! Cernit Magic Mix ir plastifikators, kas tiek izmantotas kopa ar polim\u0113ra m\u0101liem. Pievienojiet to pamaz\u0101m m\u0101lam, l\u012bdz ieg\u016bsiet v\u0113lamo konsistenci. Izmantojiet to ar pastu, lai atjaunotu vai vienk\u0101r\u0161i pie\u0161\u0137irtu m\u0101lam elast\u012bgumu. T\u0101d\u0113j\u0101di tas b\u016bs v\u0113l elast\u012bg\u0101ks! P\u0113c iz\u0146em\u0161anas no kr\u0101sns m\u0101ls b\u016bs ciets un nesalau\u017eams. Lai rad\u012btu &#8220;ko\u0161\u013c\u0101jam\u0101s gumijas&#8221; efektu, pievienojiet vair\u0101k Magic Mix izv\u0113l\u0113tajam Cernit polim\u0113ra m\u0101lam \u2013 turpiniet pievienot \u0161o br\u012bnumaino produktu, lai ieg\u016btu \u0161\u0137idru polim\u0113ru m\u0101lu. J\u016bs varat ieg\u016bt v\u0113l vair\u0101k iesp\u0113ju! Varat to izmantot, lai no\u0146emtu pirkstu nospiedumus no virsmas \u2013 viegli uzkl\u0101jiet to uz virsmas un nogludiniet.<\/p>\n","protected":false},"excerpt":{"rendered":"<p>Cernit Magic Mix \u2013 tas ir b\u016btisks priek\u0161noteikums visiem j\u016bsu darbiem ar Cerenit! Izmantojiet to, lai m\u012bkstin\u0101tu m\u0101lu, kas ir nedaudz ciets. Ja esat aizmirsis savu m\u0101lu skap\u012b, neatkar\u012bgi no t\u0101, tas ir sasmalcin\u0101ts vai ciets, j\u016bs variet tos viegli atg\u016bt. Magic Mix r\u016bp\u0113jas par visu \u2013 jums vair\u0101k nav j\u0101met m\u0101ls \u0101r\u0101! Cernit Magic Mix ir plastifikators, kas tiek izmantotas kopa ar polim\u0113ra m\u0101liem. Pievienojiet to pamaz\u0101m m\u0101lam, l\u012bdz ieg\u016bsiet v\u0113lamo konsistenci. Izmantojiet to ar pastu, lai atjaunotu vai vienk\u0101r\u0161i pie\u0161\u0137irtu m\u0101lam elast\u012bgumu. T\u0101d\u0113j\u0101di tas b\u016bs v\u0113l elast\u012bg\u0101ks! P\u0113c iz\u0146em\u0161anas no kr\u0101sns m\u0101ls b\u016bs ciets un nesalau\u017eams. Lai rad\u012btu &#8220;ko\u0161\u013c\u0101jam\u0101s gumijas&#8221; efektu, pievienojiet vair\u0101k Magic Mix izv\u0113l\u0113tajam Cernit polim\u0113ra m\u0101lam \u2013 turpiniet pievienot \u0161o br\u012bnumaino produktu, lai ieg\u016btu \u0161\u0137idru polim\u0113ru m\u0101lu. J\u016bs varat ieg\u016bt v\u0113l vair\u0101k iesp\u0113ju! Varat to izmantot, lai no\u0146emtu pirkstu nospiedumus no virsmas \u2013 viegli uzkl\u0101jiet to uz virsmas un nogludiniet.<\/p>\n","protected":false},"featured_media":352843,"comment_status":"closed","ping_status":"closed","template":"","meta":{"_acf_changed":false,"ep_exclude_from_search":false},"product_cat":[18184,17918,20086],"product_tag":[],"class_list":{"0":"post-335235","1":"product","2":"type-product","3":"status-publish","4":"has-post-thumbnail","6":"product_cat-polimermals","7":"product_cat-preces-hobijiem","8":"product_cat-veidosanas-masas-un-piederumi-2","10":"first","11":"instock","12":"taxable","13":"shipping-taxable","14":"product-type-simple"},"acf":[],"yoast_head":"<!-- This site is optimized with the Yoast SEO plugin v24.1 - https:\/\/yoast.com\/wordpress\/plugins\/seo\/ -->\n<title>Polim\u0113rm\u0101ls m\u012bkstin\u0101t\u0101js Cernit Magic Mix &#8211; Skizze<\/title>\n<meta name=\"robots\" content=\"noindex, follow, max-snippet:-1, max-image-preview:large, max-video-preview:-1\" \/>\n<meta property=\"og:locale\" content=\"lv_LV\" \/>\n<meta property=\"og:type\" content=\"article\" \/>\n<meta property=\"og:title\" content=\"Polim\u0113rm\u0101ls m\u012bkstin\u0101t\u0101js Cernit Magic Mix &#8211; Skizze\" \/>\n<meta property=\"og:description\" content=\"Cernit Magic Mix \u2013 tas ir b\u016btisks priek\u0161noteikums visiem j\u016bsu darbiem ar Cerenit! Izmantojiet to, lai m\u012bkstin\u0101tu m\u0101lu, kas ir nedaudz ciets. Ja esat aizmirsis savu m\u0101lu skap\u012b, neatkar\u012bgi no t\u0101, tas ir sasmalcin\u0101ts vai ciets, j\u016bs variet tos viegli atg\u016bt. Magic Mix r\u016bp\u0113jas par visu \u2013 jums vair\u0101k nav j\u0101met m\u0101ls \u0101r\u0101! Cernit Magic Mix ir plastifikators, kas tiek izmantotas kopa ar polim\u0113ra m\u0101liem. Pievienojiet to pamaz\u0101m m\u0101lam, l\u012bdz ieg\u016bsiet v\u0113lamo konsistenci. Izmantojiet to ar pastu, lai atjaunotu vai vienk\u0101r\u0161i pie\u0161\u0137irtu m\u0101lam elast\u012bgumu. T\u0101d\u0113j\u0101di tas b\u016bs v\u0113l elast\u012bg\u0101ks! P\u0113c iz\u0146em\u0161anas no kr\u0101sns m\u0101ls b\u016bs ciets un nesalau\u017eams. Lai rad\u012btu &#8220;ko\u0161\u013c\u0101jam\u0101s gumijas&#8221; efektu, pievienojiet vair\u0101k Magic Mix izv\u0113l\u0113tajam Cernit polim\u0113ra m\u0101lam \u2013 turpiniet pievienot \u0161o br\u012bnumaino produktu, lai ieg\u016btu \u0161\u0137idru polim\u0113ru m\u0101lu. J\u016bs varat ieg\u016bt v\u0113l vair\u0101k iesp\u0113ju! Varat to izmantot, lai no\u0146emtu pirkstu nospiedumus no virsmas \u2013 viegli uzkl\u0101jiet to uz virsmas un nogludiniet.\" \/>\n<meta property=\"og:url\" content=\"https:\/\/hobstop.ee\/lv\/produkts\/polimermals-mikstinatajs-cernit-magic-mix\/\" \/>\n<meta property=\"og:site_name\" content=\"Skizze\" \/>\n<meta property=\"article:publisher\" content=\"http:\/\/www.facebook.com\/VunderSkizze\" \/>\n<meta property=\"og:image\" content=\"https:\/\/hobstop.ee\/media\/4963.jpg\" \/>\n\t<meta property=\"og:image:width\" content=\"1024\" \/>\n\t<meta property=\"og:image:height\" content=\"768\" \/>\n\t<meta property=\"og:image:type\" content=\"image\/jpeg\" \/>\n<meta name=\"twitter:card\" content=\"summary_large_image\" \/>\n<meta name=\"twitter:label1\" content=\"Est. reading time\" \/>\n\t<meta name=\"twitter:data1\" content=\"1 min\u016b\u0161u\" \/>\n<script type=\"application\/ld+json\" class=\"yoast-schema-graph\">{\"@context\":\"https:\/\/schema.org\",\"@graph\":[{\"@type\":\"WebPage\",\"@id\":\"https:\/\/hobstop.ee\/lv\/produkts\/polimermals-mikstinatajs-cernit-magic-mix\/\",\"url\":\"https:\/\/hobstop.ee\/lv\/produkts\/polimermals-mikstinatajs-cernit-magic-mix\/\",\"name\":\"Polim\u0113rm\u0101ls m\u012bkstin\u0101t\u0101js Cernit Magic Mix &#8211; Skizze\",\"isPartOf\":{\"@id\":\"https:\/\/hobstop.ee\/lv\/#website\"},\"primaryImageOfPage\":{\"@id\":\"https:\/\/hobstop.ee\/lv\/produkts\/polimermals-mikstinatajs-cernit-magic-mix\/#primaryimage\"},\"image\":{\"@id\":\"https:\/\/hobstop.ee\/lv\/produkts\/polimermals-mikstinatajs-cernit-magic-mix\/#primaryimage\"},\"thumbnailUrl\":\"https:\/\/hobstop.ee\/media\/4963.jpg\",\"datePublished\":\"2019-05-23T13:12:56+00:00\",\"dateModified\":\"2019-05-23T13:12:56+00:00\",\"breadcrumb\":{\"@id\":\"https:\/\/hobstop.ee\/lv\/produkts\/polimermals-mikstinatajs-cernit-magic-mix\/#breadcrumb\"},\"inLanguage\":\"lv-LV\",\"potentialAction\":[{\"@type\":\"ReadAction\",\"target\":[\"https:\/\/hobstop.ee\/lv\/produkts\/polimermals-mikstinatajs-cernit-magic-mix\/\"]}]},{\"@type\":\"ImageObject\",\"inLanguage\":\"lv-LV\",\"@id\":\"https:\/\/hobstop.ee\/lv\/produkts\/polimermals-mikstinatajs-cernit-magic-mix\/#primaryimage\",\"url\":\"https:\/\/hobstop.ee\/media\/4963.jpg\",\"contentUrl\":\"https:\/\/hobstop.ee\/media\/4963.jpg\",\"width\":1024,\"height\":768},{\"@type\":\"BreadcrumbList\",\"@id\":\"https:\/\/hobstop.ee\/lv\/produkts\/polimermals-mikstinatajs-cernit-magic-mix\/#breadcrumb\",\"itemListElement\":[{\"@type\":\"ListItem\",\"position\":1,\"name\":\"Avaleht\",\"item\":\"https:\/\/www.hobstop.ee\/lv\/\"},{\"@type\":\"ListItem\",\"position\":2,\"name\":\"Veikals\",\"item\":\"https:\/\/www.hobstop.ee\/lv\/veikals\/\"},{\"@type\":\"ListItem\",\"position\":3,\"name\":\"Polim\u0113rm\u0101ls m\u012bkstin\u0101t\u0101js Cernit Magic Mix\"}]},{\"@type\":\"WebSite\",\"@id\":\"https:\/\/hobstop.ee\/lv\/#website\",\"url\":\"https:\/\/hobstop.ee\/lv\/\",\"name\":\"Skizze\",\"description\":\"M\u0101kslas, hobiju un skolas preces\",\"publisher\":{\"@id\":\"https:\/\/hobstop.ee\/lv\/#organization\"},\"potentialAction\":[{\"@type\":\"SearchAction\",\"target\":{\"@type\":\"EntryPoint\",\"urlTemplate\":\"https:\/\/hobstop.ee\/lv\/?s={search_term_string}\"},\"query-input\":{\"@type\":\"PropertyValueSpecification\",\"valueRequired\":true,\"valueName\":\"search_term_string\"}}],\"inLanguage\":\"lv-LV\"},{\"@type\":\"Organization\",\"@id\":\"https:\/\/hobstop.ee\/lv\/#organization\",\"name\":\"Vunder AS\",\"url\":\"https:\/\/hobstop.ee\/lv\/\",\"logo\":{\"@type\":\"ImageObject\",\"inLanguage\":\"lv-LV\",\"@id\":\"https:\/\/hobstop.ee\/lv\/#\/schema\/logo\/image\/\",\"url\":\"https:\/\/hobstop.ee\/media\/vunder-logo.png\",\"contentUrl\":\"https:\/\/hobstop.ee\/media\/vunder-logo.png\",\"width\":127,\"height\":55,\"caption\":\"Vunder AS\"},\"image\":{\"@id\":\"https:\/\/hobstop.ee\/lv\/#\/schema\/logo\/image\/\"},\"sameAs\":[\"http:\/\/www.facebook.com\/VunderSkizze\"]}]}<\/script>\n<!-- \/ Yoast SEO plugin. -->","yoast_head_json":{"title":"Polim\u0113rm\u0101ls m\u012bkstin\u0101t\u0101js Cernit Magic Mix &#8211; Skizze","robots":{"index":"noindex","follow":"follow","max-snippet":"max-snippet:-1","max-image-preview":"max-image-preview:large","max-video-preview":"max-video-preview:-1"},"og_locale":"lv_LV","og_type":"article","og_title":"Polim\u0113rm\u0101ls m\u012bkstin\u0101t\u0101js Cernit Magic Mix &#8211; Skizze","og_description":"Cernit Magic Mix \u2013 tas ir b\u016btisks priek\u0161noteikums visiem j\u016bsu darbiem ar Cerenit! Izmantojiet to, lai m\u012bkstin\u0101tu m\u0101lu, kas ir nedaudz ciets. Ja esat aizmirsis savu m\u0101lu skap\u012b, neatkar\u012bgi no t\u0101, tas ir sasmalcin\u0101ts vai ciets, j\u016bs variet tos viegli atg\u016bt. Magic Mix r\u016bp\u0113jas par visu \u2013 jums vair\u0101k nav j\u0101met m\u0101ls \u0101r\u0101! Cernit Magic Mix ir plastifikators, kas tiek izmantotas kopa ar polim\u0113ra m\u0101liem. Pievienojiet to pamaz\u0101m m\u0101lam, l\u012bdz ieg\u016bsiet v\u0113lamo konsistenci. Izmantojiet to ar pastu, lai atjaunotu vai vienk\u0101r\u0161i pie\u0161\u0137irtu m\u0101lam elast\u012bgumu. T\u0101d\u0113j\u0101di tas b\u016bs v\u0113l elast\u012bg\u0101ks! P\u0113c iz\u0146em\u0161anas no kr\u0101sns m\u0101ls b\u016bs ciets un nesalau\u017eams. Lai rad\u012btu &#8220;ko\u0161\u013c\u0101jam\u0101s gumijas&#8221; efektu, pievienojiet vair\u0101k Magic Mix izv\u0113l\u0113tajam Cernit polim\u0113ra m\u0101lam \u2013 turpiniet pievienot \u0161o br\u012bnumaino produktu, lai ieg\u016btu \u0161\u0137idru polim\u0113ru m\u0101lu. J\u016bs varat ieg\u016bt v\u0113l vair\u0101k iesp\u0113ju! Varat to izmantot, lai no\u0146emtu pirkstu nospiedumus no virsmas \u2013 viegli uzkl\u0101jiet to uz virsmas un nogludiniet.","og_url":"https:\/\/hobstop.ee\/lv\/produkts\/polimermals-mikstinatajs-cernit-magic-mix\/","og_site_name":"Skizze","article_publisher":"http:\/\/www.facebook.com\/VunderSkizze","og_image":[{"width":1024,"height":768,"url":"https:\/\/hobstop.ee\/media\/4963.jpg","type":"image\/jpeg"}],"twitter_card":"summary_large_image","twitter_misc":{"Est. reading time":"1 min\u016b\u0161u"},"schema":{"@context":"https:\/\/schema.org","@graph":[{"@type":"WebPage","@id":"https:\/\/hobstop.ee\/lv\/produkts\/polimermals-mikstinatajs-cernit-magic-mix\/","url":"https:\/\/hobstop.ee\/lv\/produkts\/polimermals-mikstinatajs-cernit-magic-mix\/","name":"Polim\u0113rm\u0101ls m\u012bkstin\u0101t\u0101js Cernit Magic Mix &#8211; Skizze","isPartOf":{"@id":"https:\/\/hobstop.ee\/lv\/#website"},"primaryImageOfPage":{"@id":"https:\/\/hobstop.ee\/lv\/produkts\/polimermals-mikstinatajs-cernit-magic-mix\/#primaryimage"},"image":{"@id":"https:\/\/hobstop.ee\/lv\/produkts\/polimermals-mikstinatajs-cernit-magic-mix\/#primaryimage"},"thumbnailUrl":"https:\/\/hobstop.ee\/media\/4963.jpg","datePublished":"2019-05-23T13:12:56+00:00","dateModified":"2019-05-23T13:12:56+00:00","breadcrumb":{"@id":"https:\/\/hobstop.ee\/lv\/produkts\/polimermals-mikstinatajs-cernit-magic-mix\/#breadcrumb"},"inLanguage":"lv-LV","potentialAction":[{"@type":"ReadAction","target":["https:\/\/hobstop.ee\/lv\/produkts\/polimermals-mikstinatajs-cernit-magic-mix\/"]}]},{"@type":"ImageObject","inLanguage":"lv-LV","@id":"https:\/\/hobstop.ee\/lv\/produkts\/polimermals-mikstinatajs-cernit-magic-mix\/#primaryimage","url":"https:\/\/hobstop.ee\/media\/4963.jpg","contentUrl":"https:\/\/hobstop.ee\/media\/4963.jpg","width":1024,"height":768},{"@type":"BreadcrumbList","@id":"https:\/\/hobstop.ee\/lv\/produkts\/polimermals-mikstinatajs-cernit-magic-mix\/#breadcrumb","itemListElement":[{"@type":"ListItem","position":1,"name":"Avaleht","item":"https:\/\/www.hobstop.ee\/lv\/"},{"@type":"ListItem","position":2,"name":"Veikals","item":"https:\/\/www.hobstop.ee\/lv\/veikals\/"},{"@type":"ListItem","position":3,"name":"Polim\u0113rm\u0101ls m\u012bkstin\u0101t\u0101js Cernit Magic Mix"}]},{"@type":"WebSite","@id":"https:\/\/hobstop.ee\/lv\/#website","url":"https:\/\/hobstop.ee\/lv\/","name":"Skizze","description":"M\u0101kslas, hobiju un skolas preces","publisher":{"@id":"https:\/\/hobstop.ee\/lv\/#organization"},"potentialAction":[{"@type":"SearchAction","target":{"@type":"EntryPoint","urlTemplate":"https:\/\/hobstop.ee\/lv\/?s={search_term_string}"},"query-input":{"@type":"PropertyValueSpecification","valueRequired":true,"valueName":"search_term_string"}}],"inLanguage":"lv-LV"},{"@type":"Organization","@id":"https:\/\/hobstop.ee\/lv\/#organization","name":"Vunder AS","url":"https:\/\/hobstop.ee\/lv\/","logo":{"@type":"ImageObject","inLanguage":"lv-LV","@id":"https:\/\/hobstop.ee\/lv\/#\/schema\/logo\/image\/","url":"https:\/\/hobstop.ee\/media\/vunder-logo.png","contentUrl":"https:\/\/hobstop.ee\/media\/vunder-logo.png","width":127,"height":55,"caption":"Vunder AS"},"image":{"@id":"https:\/\/hobstop.ee\/lv\/#\/schema\/logo\/image\/"},"sameAs":["http:\/\/www.facebook.com\/VunderSkizze"]}]}},"_links":{"self":[{"href":"https:\/\/hobstop.ee\/lv\/wp-json\/wp\/v2\/product\/335235","targetHints":{"allow":["GET"]}}],"collection":[{"href":"https:\/\/hobstop.ee\/lv\/wp-json\/wp\/v2\/product"}],"about":[{"href":"https:\/\/hobstop.ee\/lv\/wp-json\/wp\/v2\/types\/product"}],"replies":[{"embeddable":true,"href":"https:\/\/hobstop.ee\/lv\/wp-json\/wp\/v2\/comments?post=335235"}],"wp:featuredmedia":[{"embeddable":true,"href":"https:\/\/hobstop.ee\/lv\/wp-json\/wp\/v2\/media\/352843"}],"wp:attachment":[{"href":"https:\/\/hobstop.ee\/lv\/wp-json\/wp\/v2\/media?parent=335235"}],"wp:term":[{"taxonomy":"product_cat","embeddable":true,"href":"https:\/\/hobstop.ee\/lv\/wp-json\/wp\/v2\/product_cat?post=335235"},{"taxonomy":"product_tag","embeddable":true,"href":"https:\/\/hobstop.ee\/lv\/wp-json\/wp\/v2\/product_tag?post=335235"}],"curies":[{"name":"wp","href":"https:\/\/api.w.org\/{rel}","templated":true}]}}