{"id":335239,"date":"2019-05-23T16:12:59","date_gmt":"2019-05-23T13:13:01","guid":{"rendered":"https:\/\/sharks.ee\/vunder_2019\/product\/gridas-lampa-daylight-duolamp-led\/"},"modified":"2019-05-23T16:13:01","modified_gmt":"2019-05-23T13:13:01","slug":"gridas-lampa-daylight-duolamp-led","status":"publish","type":"product","link":"https:\/\/hobstop.ee\/lv\/produkts\/gridas-lampa-daylight-duolamp-led\/","title":{"rendered":"Gr\u012bdas lampa Daylight DuoLamp LED"},"content":{"rendered":"<p>Smalka, elast\u012bga gr\u012bdas lampa \u2013 moderna dizains un gluda apdare. Tai ir divi neatkar\u012bgi regul\u0113jami gaismas to\u0146i, kas nodro\u0161ina augstu gaismas diapazonu p\u0101r pla\u0161\u0101m zon\u0101m vai intens\u012bvu gaismu neliel\u0101 zon\u0101. Elast\u012bg\u0101 svira virza gaismu nepiecie\u0161amaj\u0101 virzien\u0101, bet 56 augstas kvalit\u0101tes LED diodes nodro\u0161ina prec\u012bzu kr\u0101su saska\u0146u. Tai ir piesk\u0101riena p\u0101rsl\u0113dz\u0113js ar 4 spilgtuma l\u012bme\u0146iem. Ide\u0101li piem\u0113rots m\u0101kslai, amatniec\u012bbai, k\u0101 ar\u012b las\u012b\u0161anai vai izmanto\u0161anai skaistumkop\u0161anas salon\u0101.<\/p>\n<p>Gaismas avots: LED<br \/>\nSpilgtums: 30cm\/ 2090 Lux<br \/>\nGaismas kr\u0101sas temperat\u016bra: 6000\u00b0K<br \/>\nEner\u0123ijas pat\u0113ri\u0146\u0161: 10W<\/p>\n","protected":false},"excerpt":{"rendered":"<p>Smalka, elast\u012bga gr\u012bdas lampa \u2013 moderna dizains un gluda apdare. Tai ir divi neatkar\u012bgi regul\u0113jami gaismas to\u0146i, kas nodro\u0161ina augstu gaismas diapazonu p\u0101r pla\u0161\u0101m zon\u0101m vai intens\u012bvu gaismu neliel\u0101 zon\u0101. Elast\u012bg\u0101 svira virza gaismu nepiecie\u0161amaj\u0101 virzien\u0101, bet 56 augstas kvalit\u0101tes LED diodes nodro\u0161ina prec\u012bzu kr\u0101su saska\u0146u. Tai ir piesk\u0101riena p\u0101rsl\u0113dz\u0113js ar 4 spilgtuma l\u012bme\u0146iem. Ide\u0101li piem\u0113rots m\u0101kslai, amatniec\u012bbai, k\u0101 ar\u012b las\u012b\u0161anai vai izmanto\u0161anai skaistumkop\u0161anas salon\u0101. Gaismas avots: LED Spilgtums: 30cm\/ 2090 Lux Gaismas kr\u0101sas temperat\u016bra: 6000\u00b0K Ener\u0123ijas pat\u0113ri\u0146\u0161: 10W<\/p>\n","protected":false},"featured_media":352707,"comment_status":"closed","ping_status":"closed","template":"","meta":{"_acf_changed":false,"ep_exclude_from_search":false},"product_cat":[18798,19051],"product_tag":[],"class_list":{"0":"post-335239","1":"product","2":"type-product","3":"status-publish","4":"has-post-thumbnail","6":"product_cat-lampas-3","7":"product_cat-stavlampas-2","9":"first","10":"instock","11":"taxable","12":"shipping-taxable","13":"product-type-simple"},"acf":[],"yoast_head":"<!-- This site is optimized with the Yoast SEO plugin v24.1 - https:\/\/yoast.com\/wordpress\/plugins\/seo\/ -->\n<title>Gr\u012bdas lampa Daylight DuoLamp LED &#8211; Skizze<\/title>\n<meta name=\"robots\" content=\"noindex, follow, max-snippet:-1, max-image-preview:large, max-video-preview:-1\" \/>\n<meta property=\"og:locale\" content=\"lv_LV\" \/>\n<meta property=\"og:type\" content=\"article\" \/>\n<meta property=\"og:title\" content=\"Gr\u012bdas lampa Daylight DuoLamp LED &#8211; Skizze\" \/>\n<meta property=\"og:description\" content=\"Smalka, elast\u012bga gr\u012bdas lampa \u2013 moderna dizains un gluda apdare. Tai ir divi neatkar\u012bgi regul\u0113jami gaismas to\u0146i, kas nodro\u0161ina augstu gaismas diapazonu p\u0101r pla\u0161\u0101m zon\u0101m vai intens\u012bvu gaismu neliel\u0101 zon\u0101. Elast\u012bg\u0101 svira virza gaismu nepiecie\u0161amaj\u0101 virzien\u0101, bet 56 augstas kvalit\u0101tes LED diodes nodro\u0161ina prec\u012bzu kr\u0101su saska\u0146u. Tai ir piesk\u0101riena p\u0101rsl\u0113dz\u0113js ar 4 spilgtuma l\u012bme\u0146iem. Ide\u0101li piem\u0113rots m\u0101kslai, amatniec\u012bbai, k\u0101 ar\u012b las\u012b\u0161anai vai izmanto\u0161anai skaistumkop\u0161anas salon\u0101. Gaismas avots: LED Spilgtums: 30cm\/ 2090 Lux Gaismas kr\u0101sas temperat\u016bra: 6000\u00b0K Ener\u0123ijas pat\u0113ri\u0146\u0161: 10W\" \/>\n<meta property=\"og:url\" content=\"https:\/\/hobstop.ee\/lv\/produkts\/gridas-lampa-daylight-duolamp-led\/\" \/>\n<meta property=\"og:site_name\" content=\"Skizze\" \/>\n<meta property=\"article:publisher\" content=\"http:\/\/www.facebook.com\/VunderSkizze\" \/>\n<meta property=\"og:image\" content=\"https:\/\/www.hobstop.ee\/media\/4964.jpg\" \/>\n\t<meta property=\"og:image:width\" content=\"1024\" \/>\n\t<meta property=\"og:image:height\" content=\"768\" \/>\n\t<meta property=\"og:image:type\" content=\"image\/jpeg\" \/>\n<meta name=\"twitter:card\" content=\"summary_large_image\" \/>\n<meta name=\"twitter:label1\" content=\"Est. reading time\" \/>\n\t<meta name=\"twitter:data1\" content=\"1 min\u016b\u0161u\" \/>\n<script type=\"application\/ld+json\" class=\"yoast-schema-graph\">{\"@context\":\"https:\/\/schema.org\",\"@graph\":[{\"@type\":\"WebPage\",\"@id\":\"https:\/\/hobstop.ee\/lv\/produkts\/gridas-lampa-daylight-duolamp-led\/\",\"url\":\"https:\/\/hobstop.ee\/lv\/produkts\/gridas-lampa-daylight-duolamp-led\/\",\"name\":\"Gr\u012bdas lampa Daylight DuoLamp LED &#8211; Skizze\",\"isPartOf\":{\"@id\":\"https:\/\/hobstop.ee\/lv\/#website\"},\"primaryImageOfPage\":{\"@id\":\"https:\/\/hobstop.ee\/lv\/produkts\/gridas-lampa-daylight-duolamp-led\/#primaryimage\"},\"image\":{\"@id\":\"https:\/\/hobstop.ee\/lv\/produkts\/gridas-lampa-daylight-duolamp-led\/#primaryimage\"},\"thumbnailUrl\":\"https:\/\/hobstop.ee\/media\/4964.jpg\",\"datePublished\":\"2019-05-23T13:13:01+00:00\",\"dateModified\":\"2019-05-23T13:13:01+00:00\",\"breadcrumb\":{\"@id\":\"https:\/\/hobstop.ee\/lv\/produkts\/gridas-lampa-daylight-duolamp-led\/#breadcrumb\"},\"inLanguage\":\"lv-LV\",\"potentialAction\":[{\"@type\":\"ReadAction\",\"target\":[\"https:\/\/hobstop.ee\/lv\/produkts\/gridas-lampa-daylight-duolamp-led\/\"]}]},{\"@type\":\"ImageObject\",\"inLanguage\":\"lv-LV\",\"@id\":\"https:\/\/hobstop.ee\/lv\/produkts\/gridas-lampa-daylight-duolamp-led\/#primaryimage\",\"url\":\"https:\/\/hobstop.ee\/media\/4964.jpg\",\"contentUrl\":\"https:\/\/hobstop.ee\/media\/4964.jpg\",\"width\":1024,\"height\":768},{\"@type\":\"BreadcrumbList\",\"@id\":\"https:\/\/hobstop.ee\/lv\/produkts\/gridas-lampa-daylight-duolamp-led\/#breadcrumb\",\"itemListElement\":[{\"@type\":\"ListItem\",\"position\":1,\"name\":\"Avaleht\",\"item\":\"https:\/\/www.hobstop.ee\/lv\/\"},{\"@type\":\"ListItem\",\"position\":2,\"name\":\"Veikals\",\"item\":\"https:\/\/www.hobstop.ee\/lv\/veikals\/\"},{\"@type\":\"ListItem\",\"position\":3,\"name\":\"Gr\u012bdas lampa Daylight DuoLamp LED\"}]},{\"@type\":\"WebSite\",\"@id\":\"https:\/\/hobstop.ee\/lv\/#website\",\"url\":\"https:\/\/hobstop.ee\/lv\/\",\"name\":\"Skizze\",\"description\":\"M\u0101kslas, hobiju un skolas preces\",\"publisher\":{\"@id\":\"https:\/\/hobstop.ee\/lv\/#organization\"},\"potentialAction\":[{\"@type\":\"SearchAction\",\"target\":{\"@type\":\"EntryPoint\",\"urlTemplate\":\"https:\/\/hobstop.ee\/lv\/?s={search_term_string}\"},\"query-input\":{\"@type\":\"PropertyValueSpecification\",\"valueRequired\":true,\"valueName\":\"search_term_string\"}}],\"inLanguage\":\"lv-LV\"},{\"@type\":\"Organization\",\"@id\":\"https:\/\/hobstop.ee\/lv\/#organization\",\"name\":\"Vunder AS\",\"url\":\"https:\/\/hobstop.ee\/lv\/\",\"logo\":{\"@type\":\"ImageObject\",\"inLanguage\":\"lv-LV\",\"@id\":\"https:\/\/hobstop.ee\/lv\/#\/schema\/logo\/image\/\",\"url\":\"https:\/\/hobstop.ee\/media\/vunder-logo.png\",\"contentUrl\":\"https:\/\/hobstop.ee\/media\/vunder-logo.png\",\"width\":127,\"height\":55,\"caption\":\"Vunder AS\"},\"image\":{\"@id\":\"https:\/\/hobstop.ee\/lv\/#\/schema\/logo\/image\/\"},\"sameAs\":[\"http:\/\/www.facebook.com\/VunderSkizze\"]}]}<\/script>\n<!-- \/ Yoast SEO plugin. -->","yoast_head_json":{"title":"Gr\u012bdas lampa Daylight DuoLamp LED &#8211; Skizze","robots":{"index":"noindex","follow":"follow","max-snippet":"max-snippet:-1","max-image-preview":"max-image-preview:large","max-video-preview":"max-video-preview:-1"},"og_locale":"lv_LV","og_type":"article","og_title":"Gr\u012bdas lampa Daylight DuoLamp LED &#8211; Skizze","og_description":"Smalka, elast\u012bga gr\u012bdas lampa \u2013 moderna dizains un gluda apdare. Tai ir divi neatkar\u012bgi regul\u0113jami gaismas to\u0146i, kas nodro\u0161ina augstu gaismas diapazonu p\u0101r pla\u0161\u0101m zon\u0101m vai intens\u012bvu gaismu neliel\u0101 zon\u0101. Elast\u012bg\u0101 svira virza gaismu nepiecie\u0161amaj\u0101 virzien\u0101, bet 56 augstas kvalit\u0101tes LED diodes nodro\u0161ina prec\u012bzu kr\u0101su saska\u0146u. Tai ir piesk\u0101riena p\u0101rsl\u0113dz\u0113js ar 4 spilgtuma l\u012bme\u0146iem. Ide\u0101li piem\u0113rots m\u0101kslai, amatniec\u012bbai, k\u0101 ar\u012b las\u012b\u0161anai vai izmanto\u0161anai skaistumkop\u0161anas salon\u0101. Gaismas avots: LED Spilgtums: 30cm\/ 2090 Lux Gaismas kr\u0101sas temperat\u016bra: 6000\u00b0K Ener\u0123ijas pat\u0113ri\u0146\u0161: 10W","og_url":"https:\/\/hobstop.ee\/lv\/produkts\/gridas-lampa-daylight-duolamp-led\/","og_site_name":"Skizze","article_publisher":"http:\/\/www.facebook.com\/VunderSkizze","og_image":[{"width":1024,"height":768,"url":"https:\/\/www.hobstop.ee\/media\/4964.jpg","type":"image\/jpeg"}],"twitter_card":"summary_large_image","twitter_misc":{"Est. reading time":"1 min\u016b\u0161u"},"schema":{"@context":"https:\/\/schema.org","@graph":[{"@type":"WebPage","@id":"https:\/\/hobstop.ee\/lv\/produkts\/gridas-lampa-daylight-duolamp-led\/","url":"https:\/\/hobstop.ee\/lv\/produkts\/gridas-lampa-daylight-duolamp-led\/","name":"Gr\u012bdas lampa Daylight DuoLamp LED &#8211; Skizze","isPartOf":{"@id":"https:\/\/hobstop.ee\/lv\/#website"},"primaryImageOfPage":{"@id":"https:\/\/hobstop.ee\/lv\/produkts\/gridas-lampa-daylight-duolamp-led\/#primaryimage"},"image":{"@id":"https:\/\/hobstop.ee\/lv\/produkts\/gridas-lampa-daylight-duolamp-led\/#primaryimage"},"thumbnailUrl":"https:\/\/hobstop.ee\/media\/4964.jpg","datePublished":"2019-05-23T13:13:01+00:00","dateModified":"2019-05-23T13:13:01+00:00","breadcrumb":{"@id":"https:\/\/hobstop.ee\/lv\/produkts\/gridas-lampa-daylight-duolamp-led\/#breadcrumb"},"inLanguage":"lv-LV","potentialAction":[{"@type":"ReadAction","target":["https:\/\/hobstop.ee\/lv\/produkts\/gridas-lampa-daylight-duolamp-led\/"]}]},{"@type":"ImageObject","inLanguage":"lv-LV","@id":"https:\/\/hobstop.ee\/lv\/produkts\/gridas-lampa-daylight-duolamp-led\/#primaryimage","url":"https:\/\/hobstop.ee\/media\/4964.jpg","contentUrl":"https:\/\/hobstop.ee\/media\/4964.jpg","width":1024,"height":768},{"@type":"BreadcrumbList","@id":"https:\/\/hobstop.ee\/lv\/produkts\/gridas-lampa-daylight-duolamp-led\/#breadcrumb","itemListElement":[{"@type":"ListItem","position":1,"name":"Avaleht","item":"https:\/\/www.hobstop.ee\/lv\/"},{"@type":"ListItem","position":2,"name":"Veikals","item":"https:\/\/www.hobstop.ee\/lv\/veikals\/"},{"@type":"ListItem","position":3,"name":"Gr\u012bdas lampa Daylight DuoLamp LED"}]},{"@type":"WebSite","@id":"https:\/\/hobstop.ee\/lv\/#website","url":"https:\/\/hobstop.ee\/lv\/","name":"Skizze","description":"M\u0101kslas, hobiju un skolas preces","publisher":{"@id":"https:\/\/hobstop.ee\/lv\/#organization"},"potentialAction":[{"@type":"SearchAction","target":{"@type":"EntryPoint","urlTemplate":"https:\/\/hobstop.ee\/lv\/?s={search_term_string}"},"query-input":{"@type":"PropertyValueSpecification","valueRequired":true,"valueName":"search_term_string"}}],"inLanguage":"lv-LV"},{"@type":"Organization","@id":"https:\/\/hobstop.ee\/lv\/#organization","name":"Vunder AS","url":"https:\/\/hobstop.ee\/lv\/","logo":{"@type":"ImageObject","inLanguage":"lv-LV","@id":"https:\/\/hobstop.ee\/lv\/#\/schema\/logo\/image\/","url":"https:\/\/hobstop.ee\/media\/vunder-logo.png","contentUrl":"https:\/\/hobstop.ee\/media\/vunder-logo.png","width":127,"height":55,"caption":"Vunder AS"},"image":{"@id":"https:\/\/hobstop.ee\/lv\/#\/schema\/logo\/image\/"},"sameAs":["http:\/\/www.facebook.com\/VunderSkizze"]}]}},"_links":{"self":[{"href":"https:\/\/hobstop.ee\/lv\/wp-json\/wp\/v2\/product\/335239","targetHints":{"allow":["GET"]}}],"collection":[{"href":"https:\/\/hobstop.ee\/lv\/wp-json\/wp\/v2\/product"}],"about":[{"href":"https:\/\/hobstop.ee\/lv\/wp-json\/wp\/v2\/types\/product"}],"replies":[{"embeddable":true,"href":"https:\/\/hobstop.ee\/lv\/wp-json\/wp\/v2\/comments?post=335239"}],"wp:featuredmedia":[{"embeddable":true,"href":"https:\/\/hobstop.ee\/lv\/wp-json\/wp\/v2\/media\/352707"}],"wp:attachment":[{"href":"https:\/\/hobstop.ee\/lv\/wp-json\/wp\/v2\/media?parent=335239"}],"wp:term":[{"taxonomy":"product_cat","embeddable":true,"href":"https:\/\/hobstop.ee\/lv\/wp-json\/wp\/v2\/product_cat?post=335239"},{"taxonomy":"product_tag","embeddable":true,"href":"https:\/\/hobstop.ee\/lv\/wp-json\/wp\/v2\/product_tag?post=335239"}],"curies":[{"name":"wp","href":"https:\/\/api.w.org\/{rel}","templated":true}]}}