{"id":335243,"date":"2019-05-23T16:13:04","date_gmt":"2019-05-23T13:13:06","guid":{"rendered":"https:\/\/sharks.ee\/vunder_2019\/product\/skidra-lime-apli\/"},"modified":"2019-05-23T16:13:06","modified_gmt":"2019-05-23T13:13:06","slug":"skidra-lime-apli","status":"publish","type":"product","link":"https:\/\/hobstop.ee\/lv\/produkts\/skidra-lime-apli\/","title":{"rendered":"\u0160\u0137idr\u0101 l\u012bme Apli"},"content":{"rendered":"<p>Apli \u0161\u0137idr\u0101 l\u012bme ir uz \u016bdens b\u0101zes rad\u012bta, \u012bpa\u0161i iztur\u012bga silikona l\u012bme. T\u0101s praktiskais form\u0101ts padara to \u013coti viegli lietojamu un uzglab\u0101jamu. Speci\u0101li izstr\u0101d\u0101ta pap\u012bra un kartona l\u012bm\u0113\u0161anai. Ide\u0101li piem\u0113rots izmanto\u0161anai skol\u0101 vai biroj\u0101.<\/p>\n","protected":false},"excerpt":{"rendered":"<p>Apli \u0161\u0137idr\u0101 l\u012bme ir uz \u016bdens b\u0101zes rad\u012bta, \u012bpa\u0161i iztur\u012bga silikona l\u012bme. T\u0101s praktiskais form\u0101ts padara to \u013coti viegli lietojamu un uzglab\u0101jamu. Speci\u0101li izstr\u0101d\u0101ta pap\u012bra un kartona l\u012bm\u0113\u0161anai. Ide\u0101li piem\u0113rots izmanto\u0161anai skol\u0101 vai biroj\u0101.<\/p>\n","protected":false},"featured_media":352847,"comment_status":"closed","ping_status":"closed","template":"","meta":{"_acf_changed":false,"ep_exclude_from_search":false},"product_cat":[18641,18061,17916],"product_tag":[],"class_list":{"0":"post-335243","1":"product","2":"type-product","3":"status-publish","4":"has-post-thumbnail","6":"product_cat-dazadi-3","7":"product_cat-limes","8":"product_cat-preces-skolai","10":"first","11":"instock","12":"taxable","13":"shipping-taxable","14":"product-type-simple"},"acf":[],"yoast_head":"<!-- This site is optimized with the Yoast SEO plugin v24.1 - https:\/\/yoast.com\/wordpress\/plugins\/seo\/ -->\n<title>\u0160\u0137idr\u0101 l\u012bme Apli &#8211; Skizze<\/title>\n<meta name=\"robots\" content=\"noindex, follow, max-snippet:-1, max-image-preview:large, max-video-preview:-1\" \/>\n<meta property=\"og:locale\" content=\"lv_LV\" \/>\n<meta property=\"og:type\" content=\"article\" \/>\n<meta property=\"og:title\" content=\"\u0160\u0137idr\u0101 l\u012bme Apli &#8211; Skizze\" \/>\n<meta property=\"og:description\" content=\"Apli \u0161\u0137idr\u0101 l\u012bme ir uz \u016bdens b\u0101zes rad\u012bta, \u012bpa\u0161i iztur\u012bga silikona l\u012bme. T\u0101s praktiskais form\u0101ts padara to \u013coti viegli lietojamu un uzglab\u0101jamu. Speci\u0101li izstr\u0101d\u0101ta pap\u012bra un kartona l\u012bm\u0113\u0161anai. Ide\u0101li piem\u0113rots izmanto\u0161anai skol\u0101 vai biroj\u0101.\" \/>\n<meta property=\"og:url\" content=\"https:\/\/hobstop.ee\/lv\/produkts\/skidra-lime-apli\/\" \/>\n<meta property=\"og:site_name\" content=\"Skizze\" \/>\n<meta property=\"article:publisher\" content=\"http:\/\/www.facebook.com\/VunderSkizze\" \/>\n<meta property=\"og:image\" content=\"https:\/\/hobstop.ee\/media\/4965.jpg\" \/>\n\t<meta property=\"og:image:width\" content=\"1024\" \/>\n\t<meta property=\"og:image:height\" content=\"768\" \/>\n\t<meta property=\"og:image:type\" content=\"image\/jpeg\" \/>\n<meta name=\"twitter:card\" content=\"summary_large_image\" \/>\n<script type=\"application\/ld+json\" class=\"yoast-schema-graph\">{\"@context\":\"https:\/\/schema.org\",\"@graph\":[{\"@type\":\"WebPage\",\"@id\":\"https:\/\/hobstop.ee\/lv\/produkts\/skidra-lime-apli\/\",\"url\":\"https:\/\/hobstop.ee\/lv\/produkts\/skidra-lime-apli\/\",\"name\":\"\u0160\u0137idr\u0101 l\u012bme Apli &#8211; Skizze\",\"isPartOf\":{\"@id\":\"https:\/\/hobstop.ee\/lv\/#website\"},\"primaryImageOfPage\":{\"@id\":\"https:\/\/hobstop.ee\/lv\/produkts\/skidra-lime-apli\/#primaryimage\"},\"image\":{\"@id\":\"https:\/\/hobstop.ee\/lv\/produkts\/skidra-lime-apli\/#primaryimage\"},\"thumbnailUrl\":\"https:\/\/hobstop.ee\/media\/4965.jpg\",\"datePublished\":\"2019-05-23T13:13:06+00:00\",\"dateModified\":\"2019-05-23T13:13:06+00:00\",\"breadcrumb\":{\"@id\":\"https:\/\/hobstop.ee\/lv\/produkts\/skidra-lime-apli\/#breadcrumb\"},\"inLanguage\":\"lv-LV\",\"potentialAction\":[{\"@type\":\"ReadAction\",\"target\":[\"https:\/\/hobstop.ee\/lv\/produkts\/skidra-lime-apli\/\"]}]},{\"@type\":\"ImageObject\",\"inLanguage\":\"lv-LV\",\"@id\":\"https:\/\/hobstop.ee\/lv\/produkts\/skidra-lime-apli\/#primaryimage\",\"url\":\"https:\/\/hobstop.ee\/media\/4965.jpg\",\"contentUrl\":\"https:\/\/hobstop.ee\/media\/4965.jpg\",\"width\":1024,\"height\":768},{\"@type\":\"BreadcrumbList\",\"@id\":\"https:\/\/hobstop.ee\/lv\/produkts\/skidra-lime-apli\/#breadcrumb\",\"itemListElement\":[{\"@type\":\"ListItem\",\"position\":1,\"name\":\"Avaleht\",\"item\":\"https:\/\/www.hobstop.ee\/lv\/\"},{\"@type\":\"ListItem\",\"position\":2,\"name\":\"Veikals\",\"item\":\"https:\/\/www.hobstop.ee\/lv\/veikals\/\"},{\"@type\":\"ListItem\",\"position\":3,\"name\":\"\u0160\u0137idr\u0101 l\u012bme Apli\"}]},{\"@type\":\"WebSite\",\"@id\":\"https:\/\/hobstop.ee\/lv\/#website\",\"url\":\"https:\/\/hobstop.ee\/lv\/\",\"name\":\"Skizze\",\"description\":\"M\u0101kslas, hobiju un skolas preces\",\"publisher\":{\"@id\":\"https:\/\/hobstop.ee\/lv\/#organization\"},\"potentialAction\":[{\"@type\":\"SearchAction\",\"target\":{\"@type\":\"EntryPoint\",\"urlTemplate\":\"https:\/\/hobstop.ee\/lv\/?s={search_term_string}\"},\"query-input\":{\"@type\":\"PropertyValueSpecification\",\"valueRequired\":true,\"valueName\":\"search_term_string\"}}],\"inLanguage\":\"lv-LV\"},{\"@type\":\"Organization\",\"@id\":\"https:\/\/hobstop.ee\/lv\/#organization\",\"name\":\"Vunder AS\",\"url\":\"https:\/\/hobstop.ee\/lv\/\",\"logo\":{\"@type\":\"ImageObject\",\"inLanguage\":\"lv-LV\",\"@id\":\"https:\/\/hobstop.ee\/lv\/#\/schema\/logo\/image\/\",\"url\":\"https:\/\/hobstop.ee\/media\/vunder-logo.png\",\"contentUrl\":\"https:\/\/hobstop.ee\/media\/vunder-logo.png\",\"width\":127,\"height\":55,\"caption\":\"Vunder AS\"},\"image\":{\"@id\":\"https:\/\/hobstop.ee\/lv\/#\/schema\/logo\/image\/\"},\"sameAs\":[\"http:\/\/www.facebook.com\/VunderSkizze\"]}]}<\/script>\n<!-- \/ Yoast SEO plugin. -->","yoast_head_json":{"title":"\u0160\u0137idr\u0101 l\u012bme Apli &#8211; Skizze","robots":{"index":"noindex","follow":"follow","max-snippet":"max-snippet:-1","max-image-preview":"max-image-preview:large","max-video-preview":"max-video-preview:-1"},"og_locale":"lv_LV","og_type":"article","og_title":"\u0160\u0137idr\u0101 l\u012bme Apli &#8211; Skizze","og_description":"Apli \u0161\u0137idr\u0101 l\u012bme ir uz \u016bdens b\u0101zes rad\u012bta, \u012bpa\u0161i iztur\u012bga silikona l\u012bme. T\u0101s praktiskais form\u0101ts padara to \u013coti viegli lietojamu un uzglab\u0101jamu. Speci\u0101li izstr\u0101d\u0101ta pap\u012bra un kartona l\u012bm\u0113\u0161anai. Ide\u0101li piem\u0113rots izmanto\u0161anai skol\u0101 vai biroj\u0101.","og_url":"https:\/\/hobstop.ee\/lv\/produkts\/skidra-lime-apli\/","og_site_name":"Skizze","article_publisher":"http:\/\/www.facebook.com\/VunderSkizze","og_image":[{"width":1024,"height":768,"url":"https:\/\/hobstop.ee\/media\/4965.jpg","type":"image\/jpeg"}],"twitter_card":"summary_large_image","schema":{"@context":"https:\/\/schema.org","@graph":[{"@type":"WebPage","@id":"https:\/\/hobstop.ee\/lv\/produkts\/skidra-lime-apli\/","url":"https:\/\/hobstop.ee\/lv\/produkts\/skidra-lime-apli\/","name":"\u0160\u0137idr\u0101 l\u012bme Apli &#8211; Skizze","isPartOf":{"@id":"https:\/\/hobstop.ee\/lv\/#website"},"primaryImageOfPage":{"@id":"https:\/\/hobstop.ee\/lv\/produkts\/skidra-lime-apli\/#primaryimage"},"image":{"@id":"https:\/\/hobstop.ee\/lv\/produkts\/skidra-lime-apli\/#primaryimage"},"thumbnailUrl":"https:\/\/hobstop.ee\/media\/4965.jpg","datePublished":"2019-05-23T13:13:06+00:00","dateModified":"2019-05-23T13:13:06+00:00","breadcrumb":{"@id":"https:\/\/hobstop.ee\/lv\/produkts\/skidra-lime-apli\/#breadcrumb"},"inLanguage":"lv-LV","potentialAction":[{"@type":"ReadAction","target":["https:\/\/hobstop.ee\/lv\/produkts\/skidra-lime-apli\/"]}]},{"@type":"ImageObject","inLanguage":"lv-LV","@id":"https:\/\/hobstop.ee\/lv\/produkts\/skidra-lime-apli\/#primaryimage","url":"https:\/\/hobstop.ee\/media\/4965.jpg","contentUrl":"https:\/\/hobstop.ee\/media\/4965.jpg","width":1024,"height":768},{"@type":"BreadcrumbList","@id":"https:\/\/hobstop.ee\/lv\/produkts\/skidra-lime-apli\/#breadcrumb","itemListElement":[{"@type":"ListItem","position":1,"name":"Avaleht","item":"https:\/\/www.hobstop.ee\/lv\/"},{"@type":"ListItem","position":2,"name":"Veikals","item":"https:\/\/www.hobstop.ee\/lv\/veikals\/"},{"@type":"ListItem","position":3,"name":"\u0160\u0137idr\u0101 l\u012bme Apli"}]},{"@type":"WebSite","@id":"https:\/\/hobstop.ee\/lv\/#website","url":"https:\/\/hobstop.ee\/lv\/","name":"Skizze","description":"M\u0101kslas, hobiju un skolas preces","publisher":{"@id":"https:\/\/hobstop.ee\/lv\/#organization"},"potentialAction":[{"@type":"SearchAction","target":{"@type":"EntryPoint","urlTemplate":"https:\/\/hobstop.ee\/lv\/?s={search_term_string}"},"query-input":{"@type":"PropertyValueSpecification","valueRequired":true,"valueName":"search_term_string"}}],"inLanguage":"lv-LV"},{"@type":"Organization","@id":"https:\/\/hobstop.ee\/lv\/#organization","name":"Vunder AS","url":"https:\/\/hobstop.ee\/lv\/","logo":{"@type":"ImageObject","inLanguage":"lv-LV","@id":"https:\/\/hobstop.ee\/lv\/#\/schema\/logo\/image\/","url":"https:\/\/hobstop.ee\/media\/vunder-logo.png","contentUrl":"https:\/\/hobstop.ee\/media\/vunder-logo.png","width":127,"height":55,"caption":"Vunder AS"},"image":{"@id":"https:\/\/hobstop.ee\/lv\/#\/schema\/logo\/image\/"},"sameAs":["http:\/\/www.facebook.com\/VunderSkizze"]}]}},"_links":{"self":[{"href":"https:\/\/hobstop.ee\/lv\/wp-json\/wp\/v2\/product\/335243","targetHints":{"allow":["GET"]}}],"collection":[{"href":"https:\/\/hobstop.ee\/lv\/wp-json\/wp\/v2\/product"}],"about":[{"href":"https:\/\/hobstop.ee\/lv\/wp-json\/wp\/v2\/types\/product"}],"replies":[{"embeddable":true,"href":"https:\/\/hobstop.ee\/lv\/wp-json\/wp\/v2\/comments?post=335243"}],"wp:featuredmedia":[{"embeddable":true,"href":"https:\/\/hobstop.ee\/lv\/wp-json\/wp\/v2\/media\/352847"}],"wp:attachment":[{"href":"https:\/\/hobstop.ee\/lv\/wp-json\/wp\/v2\/media?parent=335243"}],"wp:term":[{"taxonomy":"product_cat","embeddable":true,"href":"https:\/\/hobstop.ee\/lv\/wp-json\/wp\/v2\/product_cat?post=335243"},{"taxonomy":"product_tag","embeddable":true,"href":"https:\/\/hobstop.ee\/lv\/wp-json\/wp\/v2\/product_tag?post=335243"}],"curies":[{"name":"wp","href":"https:\/\/api.w.org\/{rel}","templated":true}]}}