{"id":335255,"date":"2019-05-23T16:13:19","date_gmt":"2019-05-23T13:13:22","guid":{"rendered":"https:\/\/sharks.ee\/vunder_2019\/product\/ielas-kriti-maped-colorpeps\/"},"modified":"2019-05-23T16:13:22","modified_gmt":"2019-05-23T13:13:22","slug":"ielas-kriti-maped-colorpeps","status":"publish","type":"product","link":"https:\/\/hobstop.ee\/lv\/produkts\/ielas-kriti-maped-colorpeps\/","title":{"rendered":"Ielas kr\u012bti Maped Color&#8217;Peps"},"content":{"rendered":"<p>Maped Color&#8217;Peps trotu\u0101ra kr\u012bti\u0146i ir ide\u0101li piem\u0113roti, lai \u013cautu va\u013cu b\u0113rnu rado\u0161aj\u0101m iecer\u0113m un rad\u012btu lielus z\u012bm\u0113jumus un sp\u0113les! Lielais diametrs un kvadr\u0101tveida forma nodro\u0161ina lab\u0101ku sa\u0137eri. Ide\u0101li piem\u0113roti izmanto\u0161anai uz asfalta un viegli t\u012br\u0101mi, jo darbu piln\u012bb\u0101 var nomazg\u0101ti ar \u016bdeni.<\/p>\n","protected":false},"excerpt":{"rendered":"<p>Maped Color&#8217;Peps trotu\u0101ra kr\u012bti\u0146i ir ide\u0101li piem\u0113roti, lai \u013cautu va\u013cu b\u0113rnu rado\u0161aj\u0101m iecer\u0113m un rad\u012btu lielus z\u012bm\u0113jumus un sp\u0113les! Lielais diametrs un kvadr\u0101tveida forma nodro\u0161ina lab\u0101ku sa\u0137eri. Ide\u0101li piem\u0113roti izmanto\u0161anai uz asfalta un viegli t\u012br\u0101mi, jo darbu piln\u012bb\u0101 var nomazg\u0101ti ar \u016bdeni.<\/p>\n","protected":false},"featured_media":353063,"comment_status":"closed","ping_status":"closed","template":"","meta":{"_acf_changed":false,"ep_exclude_from_search":false},"product_cat":[19835,20389,20395],"product_tag":[],"class_list":{"0":"post-335255","1":"product","2":"type-product","3":"status-publish","4":"has-post-thumbnail","6":"product_cat-bernu-brivais-laiks","7":"product_cat-makslas-piederumi-3","8":"product_cat-zimesana","10":"first","11":"instock","12":"taxable","13":"shipping-taxable","14":"product-type-simple"},"acf":[],"yoast_head":"<!-- This site is optimized with the Yoast SEO plugin v24.1 - https:\/\/yoast.com\/wordpress\/plugins\/seo\/ -->\n<title>Ielas kr\u012bti Maped Color&#039;Peps &#8211; Skizze<\/title>\n<meta name=\"robots\" content=\"noindex, follow, max-snippet:-1, max-image-preview:large, max-video-preview:-1\" \/>\n<meta property=\"og:locale\" content=\"lv_LV\" \/>\n<meta property=\"og:type\" content=\"article\" \/>\n<meta property=\"og:title\" content=\"Ielas kr\u012bti Maped Color&#039;Peps &#8211; Skizze\" \/>\n<meta property=\"og:description\" content=\"Maped Color&#8217;Peps trotu\u0101ra kr\u012bti\u0146i ir ide\u0101li piem\u0113roti, lai \u013cautu va\u013cu b\u0113rnu rado\u0161aj\u0101m iecer\u0113m un rad\u012btu lielus z\u012bm\u0113jumus un sp\u0113les! Lielais diametrs un kvadr\u0101tveida forma nodro\u0161ina lab\u0101ku sa\u0137eri. Ide\u0101li piem\u0113roti izmanto\u0161anai uz asfalta un viegli t\u012br\u0101mi, jo darbu piln\u012bb\u0101 var nomazg\u0101ti ar \u016bdeni.\" \/>\n<meta property=\"og:url\" content=\"https:\/\/hobstop.ee\/lv\/produkts\/ielas-kriti-maped-colorpeps\/\" \/>\n<meta property=\"og:site_name\" content=\"Skizze\" \/>\n<meta property=\"article:publisher\" content=\"http:\/\/www.facebook.com\/VunderSkizze\" \/>\n<meta property=\"og:image\" content=\"https:\/\/hobstop.ee\/media\/4969.jpg\" \/>\n\t<meta property=\"og:image:width\" content=\"1024\" \/>\n\t<meta property=\"og:image:height\" content=\"768\" \/>\n\t<meta property=\"og:image:type\" content=\"image\/jpeg\" \/>\n<meta name=\"twitter:card\" content=\"summary_large_image\" \/>\n<script type=\"application\/ld+json\" class=\"yoast-schema-graph\">{\"@context\":\"https:\/\/schema.org\",\"@graph\":[{\"@type\":\"WebPage\",\"@id\":\"https:\/\/hobstop.ee\/lv\/produkts\/ielas-kriti-maped-colorpeps\/\",\"url\":\"https:\/\/hobstop.ee\/lv\/produkts\/ielas-kriti-maped-colorpeps\/\",\"name\":\"Ielas kr\u012bti Maped Color'Peps &#8211; Skizze\",\"isPartOf\":{\"@id\":\"https:\/\/hobstop.ee\/lv\/#website\"},\"primaryImageOfPage\":{\"@id\":\"https:\/\/hobstop.ee\/lv\/produkts\/ielas-kriti-maped-colorpeps\/#primaryimage\"},\"image\":{\"@id\":\"https:\/\/hobstop.ee\/lv\/produkts\/ielas-kriti-maped-colorpeps\/#primaryimage\"},\"thumbnailUrl\":\"https:\/\/hobstop.ee\/media\/4969.jpg\",\"datePublished\":\"2019-05-23T13:13:22+00:00\",\"dateModified\":\"2019-05-23T13:13:22+00:00\",\"breadcrumb\":{\"@id\":\"https:\/\/hobstop.ee\/lv\/produkts\/ielas-kriti-maped-colorpeps\/#breadcrumb\"},\"inLanguage\":\"lv-LV\",\"potentialAction\":[{\"@type\":\"ReadAction\",\"target\":[\"https:\/\/hobstop.ee\/lv\/produkts\/ielas-kriti-maped-colorpeps\/\"]}]},{\"@type\":\"ImageObject\",\"inLanguage\":\"lv-LV\",\"@id\":\"https:\/\/hobstop.ee\/lv\/produkts\/ielas-kriti-maped-colorpeps\/#primaryimage\",\"url\":\"https:\/\/hobstop.ee\/media\/4969.jpg\",\"contentUrl\":\"https:\/\/hobstop.ee\/media\/4969.jpg\",\"width\":1024,\"height\":768},{\"@type\":\"BreadcrumbList\",\"@id\":\"https:\/\/hobstop.ee\/lv\/produkts\/ielas-kriti-maped-colorpeps\/#breadcrumb\",\"itemListElement\":[{\"@type\":\"ListItem\",\"position\":1,\"name\":\"Avaleht\",\"item\":\"https:\/\/hobstop.ee\/lv\/\"},{\"@type\":\"ListItem\",\"position\":2,\"name\":\"Veikals\",\"item\":\"https:\/\/hobstop.ee\/lv\/veikals\/\"},{\"@type\":\"ListItem\",\"position\":3,\"name\":\"Ielas kr\u012bti Maped Color&#8217;Peps\"}]},{\"@type\":\"WebSite\",\"@id\":\"https:\/\/hobstop.ee\/lv\/#website\",\"url\":\"https:\/\/hobstop.ee\/lv\/\",\"name\":\"Skizze\",\"description\":\"M\u0101kslas, hobiju un skolas preces\",\"publisher\":{\"@id\":\"https:\/\/hobstop.ee\/lv\/#organization\"},\"potentialAction\":[{\"@type\":\"SearchAction\",\"target\":{\"@type\":\"EntryPoint\",\"urlTemplate\":\"https:\/\/hobstop.ee\/lv\/?s={search_term_string}\"},\"query-input\":{\"@type\":\"PropertyValueSpecification\",\"valueRequired\":true,\"valueName\":\"search_term_string\"}}],\"inLanguage\":\"lv-LV\"},{\"@type\":\"Organization\",\"@id\":\"https:\/\/hobstop.ee\/lv\/#organization\",\"name\":\"Vunder AS\",\"url\":\"https:\/\/hobstop.ee\/lv\/\",\"logo\":{\"@type\":\"ImageObject\",\"inLanguage\":\"lv-LV\",\"@id\":\"https:\/\/hobstop.ee\/lv\/#\/schema\/logo\/image\/\",\"url\":\"https:\/\/hobstop.ee\/media\/vunder-logo.png\",\"contentUrl\":\"https:\/\/hobstop.ee\/media\/vunder-logo.png\",\"width\":127,\"height\":55,\"caption\":\"Vunder AS\"},\"image\":{\"@id\":\"https:\/\/hobstop.ee\/lv\/#\/schema\/logo\/image\/\"},\"sameAs\":[\"http:\/\/www.facebook.com\/VunderSkizze\"]}]}<\/script>\n<!-- \/ Yoast SEO plugin. -->","yoast_head_json":{"title":"Ielas kr\u012bti Maped Color'Peps &#8211; Skizze","robots":{"index":"noindex","follow":"follow","max-snippet":"max-snippet:-1","max-image-preview":"max-image-preview:large","max-video-preview":"max-video-preview:-1"},"og_locale":"lv_LV","og_type":"article","og_title":"Ielas kr\u012bti Maped Color'Peps &#8211; Skizze","og_description":"Maped Color&#8217;Peps trotu\u0101ra kr\u012bti\u0146i ir ide\u0101li piem\u0113roti, lai \u013cautu va\u013cu b\u0113rnu rado\u0161aj\u0101m iecer\u0113m un rad\u012btu lielus z\u012bm\u0113jumus un sp\u0113les! Lielais diametrs un kvadr\u0101tveida forma nodro\u0161ina lab\u0101ku sa\u0137eri. Ide\u0101li piem\u0113roti izmanto\u0161anai uz asfalta un viegli t\u012br\u0101mi, jo darbu piln\u012bb\u0101 var nomazg\u0101ti ar \u016bdeni.","og_url":"https:\/\/hobstop.ee\/lv\/produkts\/ielas-kriti-maped-colorpeps\/","og_site_name":"Skizze","article_publisher":"http:\/\/www.facebook.com\/VunderSkizze","og_image":[{"width":1024,"height":768,"url":"https:\/\/hobstop.ee\/media\/4969.jpg","type":"image\/jpeg"}],"twitter_card":"summary_large_image","schema":{"@context":"https:\/\/schema.org","@graph":[{"@type":"WebPage","@id":"https:\/\/hobstop.ee\/lv\/produkts\/ielas-kriti-maped-colorpeps\/","url":"https:\/\/hobstop.ee\/lv\/produkts\/ielas-kriti-maped-colorpeps\/","name":"Ielas kr\u012bti Maped Color'Peps &#8211; Skizze","isPartOf":{"@id":"https:\/\/hobstop.ee\/lv\/#website"},"primaryImageOfPage":{"@id":"https:\/\/hobstop.ee\/lv\/produkts\/ielas-kriti-maped-colorpeps\/#primaryimage"},"image":{"@id":"https:\/\/hobstop.ee\/lv\/produkts\/ielas-kriti-maped-colorpeps\/#primaryimage"},"thumbnailUrl":"https:\/\/hobstop.ee\/media\/4969.jpg","datePublished":"2019-05-23T13:13:22+00:00","dateModified":"2019-05-23T13:13:22+00:00","breadcrumb":{"@id":"https:\/\/hobstop.ee\/lv\/produkts\/ielas-kriti-maped-colorpeps\/#breadcrumb"},"inLanguage":"lv-LV","potentialAction":[{"@type":"ReadAction","target":["https:\/\/hobstop.ee\/lv\/produkts\/ielas-kriti-maped-colorpeps\/"]}]},{"@type":"ImageObject","inLanguage":"lv-LV","@id":"https:\/\/hobstop.ee\/lv\/produkts\/ielas-kriti-maped-colorpeps\/#primaryimage","url":"https:\/\/hobstop.ee\/media\/4969.jpg","contentUrl":"https:\/\/hobstop.ee\/media\/4969.jpg","width":1024,"height":768},{"@type":"BreadcrumbList","@id":"https:\/\/hobstop.ee\/lv\/produkts\/ielas-kriti-maped-colorpeps\/#breadcrumb","itemListElement":[{"@type":"ListItem","position":1,"name":"Avaleht","item":"https:\/\/hobstop.ee\/lv\/"},{"@type":"ListItem","position":2,"name":"Veikals","item":"https:\/\/hobstop.ee\/lv\/veikals\/"},{"@type":"ListItem","position":3,"name":"Ielas kr\u012bti Maped Color&#8217;Peps"}]},{"@type":"WebSite","@id":"https:\/\/hobstop.ee\/lv\/#website","url":"https:\/\/hobstop.ee\/lv\/","name":"Skizze","description":"M\u0101kslas, hobiju un skolas preces","publisher":{"@id":"https:\/\/hobstop.ee\/lv\/#organization"},"potentialAction":[{"@type":"SearchAction","target":{"@type":"EntryPoint","urlTemplate":"https:\/\/hobstop.ee\/lv\/?s={search_term_string}"},"query-input":{"@type":"PropertyValueSpecification","valueRequired":true,"valueName":"search_term_string"}}],"inLanguage":"lv-LV"},{"@type":"Organization","@id":"https:\/\/hobstop.ee\/lv\/#organization","name":"Vunder AS","url":"https:\/\/hobstop.ee\/lv\/","logo":{"@type":"ImageObject","inLanguage":"lv-LV","@id":"https:\/\/hobstop.ee\/lv\/#\/schema\/logo\/image\/","url":"https:\/\/hobstop.ee\/media\/vunder-logo.png","contentUrl":"https:\/\/hobstop.ee\/media\/vunder-logo.png","width":127,"height":55,"caption":"Vunder AS"},"image":{"@id":"https:\/\/hobstop.ee\/lv\/#\/schema\/logo\/image\/"},"sameAs":["http:\/\/www.facebook.com\/VunderSkizze"]}]}},"_links":{"self":[{"href":"https:\/\/hobstop.ee\/lv\/wp-json\/wp\/v2\/product\/335255","targetHints":{"allow":["GET"]}}],"collection":[{"href":"https:\/\/hobstop.ee\/lv\/wp-json\/wp\/v2\/product"}],"about":[{"href":"https:\/\/hobstop.ee\/lv\/wp-json\/wp\/v2\/types\/product"}],"replies":[{"embeddable":true,"href":"https:\/\/hobstop.ee\/lv\/wp-json\/wp\/v2\/comments?post=335255"}],"wp:featuredmedia":[{"embeddable":true,"href":"https:\/\/hobstop.ee\/lv\/wp-json\/wp\/v2\/media\/353063"}],"wp:attachment":[{"href":"https:\/\/hobstop.ee\/lv\/wp-json\/wp\/v2\/media?parent=335255"}],"wp:term":[{"taxonomy":"product_cat","embeddable":true,"href":"https:\/\/hobstop.ee\/lv\/wp-json\/wp\/v2\/product_cat?post=335255"},{"taxonomy":"product_tag","embeddable":true,"href":"https:\/\/hobstop.ee\/lv\/wp-json\/wp\/v2\/product_tag?post=335255"}],"curies":[{"name":"wp","href":"https:\/\/api.w.org\/{rel}","templated":true}]}}