{"id":335259,"date":"2019-05-23T16:13:25","date_gmt":"2019-05-23T13:13:27","guid":{"rendered":"https:\/\/sharks.ee\/vunder_2019\/product\/prieksauts-maped-colorpeps-early-age\/"},"modified":"2019-05-23T16:13:27","modified_gmt":"2019-05-23T13:13:27","slug":"prieksauts-maped-colorpeps-early-age","status":"publish","type":"product","link":"https:\/\/hobstop.ee\/lv\/produkts\/prieksauts-maped-colorpeps-early-age\/","title":{"rendered":"Priek\u0161auts Maped Color&#8217;Peps Early Age"},"content":{"rendered":"<p>Maped Color\u2019Peps Early Age priek\u0161auts ir neaizst\u0101jams b\u0113rnu pirmaj\u0101s rado\u0161aj\u0101s aktivit\u0101t\u0113s! To var viegli uzlikt un aiztais\u012bt ar \u0101\u0137i un cilpas stiprin\u0101jumu aizmugur\u0113. Maped Color\u2019Peps Early Age priek\u0161autam ir garas, elast\u012bgas piedurknes un tas ir izgatavots no m\u012bksta, viegli mazg\u0101jama un \u016bdensiztur\u012bga materi\u0101la. Piem\u0113rots b\u0113rniem no 18 m\u0113ne\u0161u l\u012bdz 5 gadu vecumam (no 82 l\u012bdz 110 cm).<\/p>\n","protected":false},"excerpt":{"rendered":"<p>Maped Color\u2019Peps Early Age priek\u0161auts ir neaizst\u0101jams b\u0113rnu pirmaj\u0101s rado\u0161aj\u0101s aktivit\u0101t\u0113s! To var viegli uzlikt un aiztais\u012bt ar \u0101\u0137i un cilpas stiprin\u0101jumu aizmugur\u0113. Maped Color\u2019Peps Early Age priek\u0161autam ir garas, elast\u012bgas piedurknes un tas ir izgatavots no m\u012bksta, viegli mazg\u0101jama un \u016bdensiztur\u012bga materi\u0101la. Piem\u0113rots b\u0113rniem no 18 m\u0113ne\u0161u l\u012bdz 5 gadu vecumam (no 82 l\u012bdz 110 cm).<\/p>\n","protected":false},"featured_media":353023,"comment_status":"closed","ping_status":"closed","template":"","meta":{"_acf_changed":false,"ep_exclude_from_search":false},"product_cat":[18707,18925,17916],"product_tag":[],"class_list":{"0":"post-335259","1":"product","2":"type-product","3":"status-publish","4":"has-post-thumbnail","6":"product_cat-dazadi-11","7":"product_cat-gleznosanas-piederumi","8":"product_cat-preces-skolai","10":"first","11":"instock","12":"taxable","13":"shipping-taxable","14":"product-type-simple"},"acf":[],"yoast_head":"<!-- This site is optimized with the Yoast SEO plugin v24.1 - https:\/\/yoast.com\/wordpress\/plugins\/seo\/ -->\n<title>Priek\u0161auts Maped Color&#039;Peps Early Age &#8211; Skizze<\/title>\n<meta name=\"robots\" content=\"noindex, follow, max-snippet:-1, max-image-preview:large, max-video-preview:-1\" \/>\n<meta property=\"og:locale\" content=\"lv_LV\" \/>\n<meta property=\"og:type\" content=\"article\" \/>\n<meta property=\"og:title\" content=\"Priek\u0161auts Maped Color&#039;Peps Early Age &#8211; Skizze\" \/>\n<meta property=\"og:description\" content=\"Maped Color\u2019Peps Early Age priek\u0161auts ir neaizst\u0101jams b\u0113rnu pirmaj\u0101s rado\u0161aj\u0101s aktivit\u0101t\u0113s! To var viegli uzlikt un aiztais\u012bt ar \u0101\u0137i un cilpas stiprin\u0101jumu aizmugur\u0113. Maped Color\u2019Peps Early Age priek\u0161autam ir garas, elast\u012bgas piedurknes un tas ir izgatavots no m\u012bksta, viegli mazg\u0101jama un \u016bdensiztur\u012bga materi\u0101la. Piem\u0113rots b\u0113rniem no 18 m\u0113ne\u0161u l\u012bdz 5 gadu vecumam (no 82 l\u012bdz 110 cm).\" \/>\n<meta property=\"og:url\" content=\"https:\/\/hobstop.ee\/lv\/produkts\/prieksauts-maped-colorpeps-early-age\/\" \/>\n<meta property=\"og:site_name\" content=\"Skizze\" \/>\n<meta property=\"article:publisher\" content=\"http:\/\/www.facebook.com\/VunderSkizze\" \/>\n<meta property=\"og:image\" content=\"https:\/\/hobstop.ee\/media\/4970.jpg\" \/>\n\t<meta property=\"og:image:width\" content=\"1024\" \/>\n\t<meta property=\"og:image:height\" content=\"768\" \/>\n\t<meta property=\"og:image:type\" content=\"image\/jpeg\" \/>\n<meta name=\"twitter:card\" content=\"summary_large_image\" \/>\n<script type=\"application\/ld+json\" class=\"yoast-schema-graph\">{\"@context\":\"https:\/\/schema.org\",\"@graph\":[{\"@type\":\"WebPage\",\"@id\":\"https:\/\/hobstop.ee\/lv\/produkts\/prieksauts-maped-colorpeps-early-age\/\",\"url\":\"https:\/\/hobstop.ee\/lv\/produkts\/prieksauts-maped-colorpeps-early-age\/\",\"name\":\"Priek\u0161auts Maped Color'Peps Early Age &#8211; Skizze\",\"isPartOf\":{\"@id\":\"https:\/\/hobstop.ee\/lv\/#website\"},\"primaryImageOfPage\":{\"@id\":\"https:\/\/hobstop.ee\/lv\/produkts\/prieksauts-maped-colorpeps-early-age\/#primaryimage\"},\"image\":{\"@id\":\"https:\/\/hobstop.ee\/lv\/produkts\/prieksauts-maped-colorpeps-early-age\/#primaryimage\"},\"thumbnailUrl\":\"https:\/\/hobstop.ee\/media\/4970.jpg\",\"datePublished\":\"2019-05-23T13:13:27+00:00\",\"dateModified\":\"2019-05-23T13:13:27+00:00\",\"breadcrumb\":{\"@id\":\"https:\/\/hobstop.ee\/lv\/produkts\/prieksauts-maped-colorpeps-early-age\/#breadcrumb\"},\"inLanguage\":\"lv-LV\",\"potentialAction\":[{\"@type\":\"ReadAction\",\"target\":[\"https:\/\/hobstop.ee\/lv\/produkts\/prieksauts-maped-colorpeps-early-age\/\"]}]},{\"@type\":\"ImageObject\",\"inLanguage\":\"lv-LV\",\"@id\":\"https:\/\/hobstop.ee\/lv\/produkts\/prieksauts-maped-colorpeps-early-age\/#primaryimage\",\"url\":\"https:\/\/hobstop.ee\/media\/4970.jpg\",\"contentUrl\":\"https:\/\/hobstop.ee\/media\/4970.jpg\",\"width\":1024,\"height\":768},{\"@type\":\"BreadcrumbList\",\"@id\":\"https:\/\/hobstop.ee\/lv\/produkts\/prieksauts-maped-colorpeps-early-age\/#breadcrumb\",\"itemListElement\":[{\"@type\":\"ListItem\",\"position\":1,\"name\":\"Avaleht\",\"item\":\"https:\/\/hobstop.ee\/lv\/\"},{\"@type\":\"ListItem\",\"position\":2,\"name\":\"Veikals\",\"item\":\"https:\/\/hobstop.ee\/lv\/veikals\/\"},{\"@type\":\"ListItem\",\"position\":3,\"name\":\"Priek\u0161auts Maped Color&#8217;Peps Early Age\"}]},{\"@type\":\"WebSite\",\"@id\":\"https:\/\/hobstop.ee\/lv\/#website\",\"url\":\"https:\/\/hobstop.ee\/lv\/\",\"name\":\"Skizze\",\"description\":\"M\u0101kslas, hobiju un skolas preces\",\"publisher\":{\"@id\":\"https:\/\/hobstop.ee\/lv\/#organization\"},\"potentialAction\":[{\"@type\":\"SearchAction\",\"target\":{\"@type\":\"EntryPoint\",\"urlTemplate\":\"https:\/\/hobstop.ee\/lv\/?s={search_term_string}\"},\"query-input\":{\"@type\":\"PropertyValueSpecification\",\"valueRequired\":true,\"valueName\":\"search_term_string\"}}],\"inLanguage\":\"lv-LV\"},{\"@type\":\"Organization\",\"@id\":\"https:\/\/hobstop.ee\/lv\/#organization\",\"name\":\"Vunder AS\",\"url\":\"https:\/\/hobstop.ee\/lv\/\",\"logo\":{\"@type\":\"ImageObject\",\"inLanguage\":\"lv-LV\",\"@id\":\"https:\/\/hobstop.ee\/lv\/#\/schema\/logo\/image\/\",\"url\":\"https:\/\/hobstop.ee\/media\/vunder-logo.png\",\"contentUrl\":\"https:\/\/hobstop.ee\/media\/vunder-logo.png\",\"width\":127,\"height\":55,\"caption\":\"Vunder AS\"},\"image\":{\"@id\":\"https:\/\/hobstop.ee\/lv\/#\/schema\/logo\/image\/\"},\"sameAs\":[\"http:\/\/www.facebook.com\/VunderSkizze\"]}]}<\/script>\n<!-- \/ Yoast SEO plugin. -->","yoast_head_json":{"title":"Priek\u0161auts Maped Color'Peps Early Age &#8211; Skizze","robots":{"index":"noindex","follow":"follow","max-snippet":"max-snippet:-1","max-image-preview":"max-image-preview:large","max-video-preview":"max-video-preview:-1"},"og_locale":"lv_LV","og_type":"article","og_title":"Priek\u0161auts Maped Color'Peps Early Age &#8211; Skizze","og_description":"Maped Color\u2019Peps Early Age priek\u0161auts ir neaizst\u0101jams b\u0113rnu pirmaj\u0101s rado\u0161aj\u0101s aktivit\u0101t\u0113s! To var viegli uzlikt un aiztais\u012bt ar \u0101\u0137i un cilpas stiprin\u0101jumu aizmugur\u0113. Maped Color\u2019Peps Early Age priek\u0161autam ir garas, elast\u012bgas piedurknes un tas ir izgatavots no m\u012bksta, viegli mazg\u0101jama un \u016bdensiztur\u012bga materi\u0101la. Piem\u0113rots b\u0113rniem no 18 m\u0113ne\u0161u l\u012bdz 5 gadu vecumam (no 82 l\u012bdz 110 cm).","og_url":"https:\/\/hobstop.ee\/lv\/produkts\/prieksauts-maped-colorpeps-early-age\/","og_site_name":"Skizze","article_publisher":"http:\/\/www.facebook.com\/VunderSkizze","og_image":[{"width":1024,"height":768,"url":"https:\/\/hobstop.ee\/media\/4970.jpg","type":"image\/jpeg"}],"twitter_card":"summary_large_image","schema":{"@context":"https:\/\/schema.org","@graph":[{"@type":"WebPage","@id":"https:\/\/hobstop.ee\/lv\/produkts\/prieksauts-maped-colorpeps-early-age\/","url":"https:\/\/hobstop.ee\/lv\/produkts\/prieksauts-maped-colorpeps-early-age\/","name":"Priek\u0161auts Maped Color'Peps Early Age &#8211; Skizze","isPartOf":{"@id":"https:\/\/hobstop.ee\/lv\/#website"},"primaryImageOfPage":{"@id":"https:\/\/hobstop.ee\/lv\/produkts\/prieksauts-maped-colorpeps-early-age\/#primaryimage"},"image":{"@id":"https:\/\/hobstop.ee\/lv\/produkts\/prieksauts-maped-colorpeps-early-age\/#primaryimage"},"thumbnailUrl":"https:\/\/hobstop.ee\/media\/4970.jpg","datePublished":"2019-05-23T13:13:27+00:00","dateModified":"2019-05-23T13:13:27+00:00","breadcrumb":{"@id":"https:\/\/hobstop.ee\/lv\/produkts\/prieksauts-maped-colorpeps-early-age\/#breadcrumb"},"inLanguage":"lv-LV","potentialAction":[{"@type":"ReadAction","target":["https:\/\/hobstop.ee\/lv\/produkts\/prieksauts-maped-colorpeps-early-age\/"]}]},{"@type":"ImageObject","inLanguage":"lv-LV","@id":"https:\/\/hobstop.ee\/lv\/produkts\/prieksauts-maped-colorpeps-early-age\/#primaryimage","url":"https:\/\/hobstop.ee\/media\/4970.jpg","contentUrl":"https:\/\/hobstop.ee\/media\/4970.jpg","width":1024,"height":768},{"@type":"BreadcrumbList","@id":"https:\/\/hobstop.ee\/lv\/produkts\/prieksauts-maped-colorpeps-early-age\/#breadcrumb","itemListElement":[{"@type":"ListItem","position":1,"name":"Avaleht","item":"https:\/\/hobstop.ee\/lv\/"},{"@type":"ListItem","position":2,"name":"Veikals","item":"https:\/\/hobstop.ee\/lv\/veikals\/"},{"@type":"ListItem","position":3,"name":"Priek\u0161auts Maped Color&#8217;Peps Early Age"}]},{"@type":"WebSite","@id":"https:\/\/hobstop.ee\/lv\/#website","url":"https:\/\/hobstop.ee\/lv\/","name":"Skizze","description":"M\u0101kslas, hobiju un skolas preces","publisher":{"@id":"https:\/\/hobstop.ee\/lv\/#organization"},"potentialAction":[{"@type":"SearchAction","target":{"@type":"EntryPoint","urlTemplate":"https:\/\/hobstop.ee\/lv\/?s={search_term_string}"},"query-input":{"@type":"PropertyValueSpecification","valueRequired":true,"valueName":"search_term_string"}}],"inLanguage":"lv-LV"},{"@type":"Organization","@id":"https:\/\/hobstop.ee\/lv\/#organization","name":"Vunder AS","url":"https:\/\/hobstop.ee\/lv\/","logo":{"@type":"ImageObject","inLanguage":"lv-LV","@id":"https:\/\/hobstop.ee\/lv\/#\/schema\/logo\/image\/","url":"https:\/\/hobstop.ee\/media\/vunder-logo.png","contentUrl":"https:\/\/hobstop.ee\/media\/vunder-logo.png","width":127,"height":55,"caption":"Vunder AS"},"image":{"@id":"https:\/\/hobstop.ee\/lv\/#\/schema\/logo\/image\/"},"sameAs":["http:\/\/www.facebook.com\/VunderSkizze"]}]}},"_links":{"self":[{"href":"https:\/\/hobstop.ee\/lv\/wp-json\/wp\/v2\/product\/335259","targetHints":{"allow":["GET"]}}],"collection":[{"href":"https:\/\/hobstop.ee\/lv\/wp-json\/wp\/v2\/product"}],"about":[{"href":"https:\/\/hobstop.ee\/lv\/wp-json\/wp\/v2\/types\/product"}],"replies":[{"embeddable":true,"href":"https:\/\/hobstop.ee\/lv\/wp-json\/wp\/v2\/comments?post=335259"}],"wp:featuredmedia":[{"embeddable":true,"href":"https:\/\/hobstop.ee\/lv\/wp-json\/wp\/v2\/media\/353023"}],"wp:attachment":[{"href":"https:\/\/hobstop.ee\/lv\/wp-json\/wp\/v2\/media?parent=335259"}],"wp:term":[{"taxonomy":"product_cat","embeddable":true,"href":"https:\/\/hobstop.ee\/lv\/wp-json\/wp\/v2\/product_cat?post=335259"},{"taxonomy":"product_tag","embeddable":true,"href":"https:\/\/hobstop.ee\/lv\/wp-json\/wp\/v2\/product_tag?post=335259"}],"curies":[{"name":"wp","href":"https:\/\/api.w.org\/{rel}","templated":true}]}}