{"id":335271,"date":"2019-05-23T16:13:40","date_gmt":"2019-05-23T13:13:43","guid":{"rendered":"https:\/\/sharks.ee\/vunder_2019\/product\/tintes-pildspalva-izdzesams-fineliner-pilot-frixion\/"},"modified":"2019-05-23T16:13:43","modified_gmt":"2019-05-23T13:13:43","slug":"tintes-pildspalva-izdzesams-fineliner-pilot-frixion","status":"publish","type":"product","link":"https:\/\/hobstop.ee\/lv\/produkts\/tintes-pildspalva-izdzesams-fineliner-pilot-frixion\/","title":{"rendered":"Tintes pildspalva izdz\u0113\u0161ams fineliner Pilot Frixion"},"content":{"rendered":"<p>Saglab\u0101jiet lab\u0101ko, izdz\u0113siet nevajadz\u012bgo! Rakstiet, dz\u0113siet, atk\u0101rtojiet! Ar FriXion Fineliner dz\u0113\u0161amo tintes pildspalvu nevar\u0113siet k\u013c\u016bd\u012bties. Pateicoties vienm\u0113r\u012bgajai un dz\u0113\u0161amajai tintei, jauno Pilot FriXion Fineliner tintes pildspalvu var izmantot gan v\u0101rdu iem\u016b\u017ein\u0101\u0161anai uz pap\u012bra, gan ar\u012b z\u012bm\u0113jumu un uzmetumu rad\u012b\u0161anai. Projekta domu un ideju att\u0113lo\u0161ana, sak\u0101rto\u0161ana un formul\u0113\u0161ana, lai pie\u0161\u0137irtu projektam liel\u0101ku sp\u0113ku? Vai vienk\u0101r\u0161i izmantot ikdienas dz\u012bves svar\u012bg\u0101ko vai maz\u0101k svar\u012bgu notikumos iem\u016b\u017ein\u0101\u0161anai piez\u012bm\u0113s. Pilot FriXion Fineliner bag\u0101tina un izce\u013c j\u016bsu veiktos pierakstus. Kad doma k\u013c\u016bst nekontrol\u0113jama, pildspalva pal\u012bdz\u0113s dz\u0113st visu lieko, lai iem\u016b\u017ein\u0101ts tiktu tikai pats lab\u0101kais. T\u0101 k\u0101 tinti var izdz\u0113st, \u0161o pildspalvu nevajadz\u0113tu izmantot, parakstot dokumentus, eksamin\u0101cija spap\u012brus vai citus dokumentus, kuros ir svar\u012bga parakstu saglab\u0101\u0161ana.<\/p>\n","protected":false},"excerpt":{"rendered":"<p>Saglab\u0101jiet lab\u0101ko, izdz\u0113siet nevajadz\u012bgo! Rakstiet, dz\u0113siet, atk\u0101rtojiet! Ar FriXion Fineliner dz\u0113\u0161amo tintes pildspalvu nevar\u0113siet k\u013c\u016bd\u012bties. Pateicoties vienm\u0113r\u012bgajai un dz\u0113\u0161amajai tintei, jauno Pilot FriXion Fineliner tintes pildspalvu var izmantot gan v\u0101rdu iem\u016b\u017ein\u0101\u0161anai uz pap\u012bra, gan ar\u012b z\u012bm\u0113jumu un uzmetumu rad\u012b\u0161anai. Projekta domu un ideju att\u0113lo\u0161ana, sak\u0101rto\u0161ana un formul\u0113\u0161ana, lai pie\u0161\u0137irtu projektam liel\u0101ku sp\u0113ku? Vai vienk\u0101r\u0161i izmantot ikdienas dz\u012bves svar\u012bg\u0101ko vai maz\u0101k svar\u012bgu notikumos iem\u016b\u017ein\u0101\u0161anai piez\u012bm\u0113s. Pilot FriXion Fineliner bag\u0101tina un izce\u013c j\u016bsu veiktos pierakstus. Kad doma k\u013c\u016bst nekontrol\u0113jama, pildspalva pal\u012bdz\u0113s dz\u0113st visu lieko, lai iem\u016b\u017ein\u0101ts tiktu tikai pats lab\u0101kais. T\u0101 k\u0101 tinti var izdz\u0113st, \u0161o pildspalvu nevajadz\u0113tu izmantot, parakstot dokumentus, eksamin\u0101cija spap\u012brus vai citus dokumentus, kuros ir svar\u012bga parakstu saglab\u0101\u0161ana.<\/p>\n","protected":false},"featured_media":352871,"comment_status":"closed","ping_status":"closed","template":"","meta":{"_acf_changed":false,"ep_exclude_from_search":false},"product_cat":[18519,19671],"product_tag":[],"class_list":{"0":"post-335271","1":"product","2":"type-product","3":"status-publish","4":"has-post-thumbnail","6":"product_cat-rakstampiederumi-2","7":"product_cat-tintes-pildspalvas","9":"first","10":"instock","11":"taxable","12":"shipping-taxable","13":"product-type-simple"},"acf":[],"yoast_head":"<!-- This site is optimized with the Yoast SEO plugin v24.1 - https:\/\/yoast.com\/wordpress\/plugins\/seo\/ -->\n<title>Tintes pildspalva izdz\u0113\u0161ams fineliner Pilot Frixion &#8211; Skizze<\/title>\n<meta name=\"robots\" content=\"noindex, follow, max-snippet:-1, max-image-preview:large, max-video-preview:-1\" \/>\n<meta property=\"og:locale\" content=\"lv_LV\" \/>\n<meta property=\"og:type\" content=\"article\" \/>\n<meta property=\"og:title\" content=\"Tintes pildspalva izdz\u0113\u0161ams fineliner Pilot Frixion &#8211; Skizze\" \/>\n<meta property=\"og:description\" content=\"Saglab\u0101jiet lab\u0101ko, izdz\u0113siet nevajadz\u012bgo! Rakstiet, dz\u0113siet, atk\u0101rtojiet! Ar FriXion Fineliner dz\u0113\u0161amo tintes pildspalvu nevar\u0113siet k\u013c\u016bd\u012bties. Pateicoties vienm\u0113r\u012bgajai un dz\u0113\u0161amajai tintei, jauno Pilot FriXion Fineliner tintes pildspalvu var izmantot gan v\u0101rdu iem\u016b\u017ein\u0101\u0161anai uz pap\u012bra, gan ar\u012b z\u012bm\u0113jumu un uzmetumu rad\u012b\u0161anai. Projekta domu un ideju att\u0113lo\u0161ana, sak\u0101rto\u0161ana un formul\u0113\u0161ana, lai pie\u0161\u0137irtu projektam liel\u0101ku sp\u0113ku? Vai vienk\u0101r\u0161i izmantot ikdienas dz\u012bves svar\u012bg\u0101ko vai maz\u0101k svar\u012bgu notikumos iem\u016b\u017ein\u0101\u0161anai piez\u012bm\u0113s. Pilot FriXion Fineliner bag\u0101tina un izce\u013c j\u016bsu veiktos pierakstus. Kad doma k\u013c\u016bst nekontrol\u0113jama, pildspalva pal\u012bdz\u0113s dz\u0113st visu lieko, lai iem\u016b\u017ein\u0101ts tiktu tikai pats lab\u0101kais. T\u0101 k\u0101 tinti var izdz\u0113st, \u0161o pildspalvu nevajadz\u0113tu izmantot, parakstot dokumentus, eksamin\u0101cija spap\u012brus vai citus dokumentus, kuros ir svar\u012bga parakstu saglab\u0101\u0161ana.\" \/>\n<meta property=\"og:url\" content=\"https:\/\/hobstop.ee\/lv\/produkts\/tintes-pildspalva-izdzesams-fineliner-pilot-frixion\/\" \/>\n<meta property=\"og:site_name\" content=\"Skizze\" \/>\n<meta property=\"article:publisher\" content=\"http:\/\/www.facebook.com\/VunderSkizze\" \/>\n<meta property=\"og:image\" content=\"https:\/\/hobstop.ee\/media\/4977.jpg\" \/>\n\t<meta property=\"og:image:width\" content=\"1024\" \/>\n\t<meta property=\"og:image:height\" content=\"768\" \/>\n\t<meta property=\"og:image:type\" content=\"image\/jpeg\" \/>\n<meta name=\"twitter:card\" content=\"summary_large_image\" \/>\n<meta name=\"twitter:label1\" content=\"Est. reading time\" \/>\n\t<meta name=\"twitter:data1\" content=\"1 min\u016b\u0161u\" \/>\n<script type=\"application\/ld+json\" class=\"yoast-schema-graph\">{\"@context\":\"https:\/\/schema.org\",\"@graph\":[{\"@type\":\"WebPage\",\"@id\":\"https:\/\/hobstop.ee\/lv\/produkts\/tintes-pildspalva-izdzesams-fineliner-pilot-frixion\/\",\"url\":\"https:\/\/hobstop.ee\/lv\/produkts\/tintes-pildspalva-izdzesams-fineliner-pilot-frixion\/\",\"name\":\"Tintes pildspalva izdz\u0113\u0161ams fineliner Pilot Frixion &#8211; Skizze\",\"isPartOf\":{\"@id\":\"https:\/\/hobstop.ee\/lv\/#website\"},\"primaryImageOfPage\":{\"@id\":\"https:\/\/hobstop.ee\/lv\/produkts\/tintes-pildspalva-izdzesams-fineliner-pilot-frixion\/#primaryimage\"},\"image\":{\"@id\":\"https:\/\/hobstop.ee\/lv\/produkts\/tintes-pildspalva-izdzesams-fineliner-pilot-frixion\/#primaryimage\"},\"thumbnailUrl\":\"https:\/\/hobstop.ee\/media\/4977.jpg\",\"datePublished\":\"2019-05-23T13:13:43+00:00\",\"dateModified\":\"2019-05-23T13:13:43+00:00\",\"breadcrumb\":{\"@id\":\"https:\/\/hobstop.ee\/lv\/produkts\/tintes-pildspalva-izdzesams-fineliner-pilot-frixion\/#breadcrumb\"},\"inLanguage\":\"lv-LV\",\"potentialAction\":[{\"@type\":\"ReadAction\",\"target\":[\"https:\/\/hobstop.ee\/lv\/produkts\/tintes-pildspalva-izdzesams-fineliner-pilot-frixion\/\"]}]},{\"@type\":\"ImageObject\",\"inLanguage\":\"lv-LV\",\"@id\":\"https:\/\/hobstop.ee\/lv\/produkts\/tintes-pildspalva-izdzesams-fineliner-pilot-frixion\/#primaryimage\",\"url\":\"https:\/\/hobstop.ee\/media\/4977.jpg\",\"contentUrl\":\"https:\/\/hobstop.ee\/media\/4977.jpg\",\"width\":1024,\"height\":768},{\"@type\":\"BreadcrumbList\",\"@id\":\"https:\/\/hobstop.ee\/lv\/produkts\/tintes-pildspalva-izdzesams-fineliner-pilot-frixion\/#breadcrumb\",\"itemListElement\":[{\"@type\":\"ListItem\",\"position\":1,\"name\":\"Avaleht\",\"item\":\"https:\/\/www.hobstop.ee\/lv\/\"},{\"@type\":\"ListItem\",\"position\":2,\"name\":\"Veikals\",\"item\":\"https:\/\/www.hobstop.ee\/lv\/veikals\/\"},{\"@type\":\"ListItem\",\"position\":3,\"name\":\"Tintes pildspalva izdz\u0113\u0161ams fineliner Pilot Frixion\"}]},{\"@type\":\"WebSite\",\"@id\":\"https:\/\/hobstop.ee\/lv\/#website\",\"url\":\"https:\/\/hobstop.ee\/lv\/\",\"name\":\"Skizze\",\"description\":\"M\u0101kslas, hobiju un skolas preces\",\"publisher\":{\"@id\":\"https:\/\/hobstop.ee\/lv\/#organization\"},\"potentialAction\":[{\"@type\":\"SearchAction\",\"target\":{\"@type\":\"EntryPoint\",\"urlTemplate\":\"https:\/\/hobstop.ee\/lv\/?s={search_term_string}\"},\"query-input\":{\"@type\":\"PropertyValueSpecification\",\"valueRequired\":true,\"valueName\":\"search_term_string\"}}],\"inLanguage\":\"lv-LV\"},{\"@type\":\"Organization\",\"@id\":\"https:\/\/hobstop.ee\/lv\/#organization\",\"name\":\"Vunder AS\",\"url\":\"https:\/\/hobstop.ee\/lv\/\",\"logo\":{\"@type\":\"ImageObject\",\"inLanguage\":\"lv-LV\",\"@id\":\"https:\/\/hobstop.ee\/lv\/#\/schema\/logo\/image\/\",\"url\":\"https:\/\/hobstop.ee\/media\/vunder-logo.png\",\"contentUrl\":\"https:\/\/hobstop.ee\/media\/vunder-logo.png\",\"width\":127,\"height\":55,\"caption\":\"Vunder AS\"},\"image\":{\"@id\":\"https:\/\/hobstop.ee\/lv\/#\/schema\/logo\/image\/\"},\"sameAs\":[\"http:\/\/www.facebook.com\/VunderSkizze\"]}]}<\/script>\n<!-- \/ Yoast SEO plugin. -->","yoast_head_json":{"title":"Tintes pildspalva izdz\u0113\u0161ams fineliner Pilot Frixion &#8211; Skizze","robots":{"index":"noindex","follow":"follow","max-snippet":"max-snippet:-1","max-image-preview":"max-image-preview:large","max-video-preview":"max-video-preview:-1"},"og_locale":"lv_LV","og_type":"article","og_title":"Tintes pildspalva izdz\u0113\u0161ams fineliner Pilot Frixion &#8211; Skizze","og_description":"Saglab\u0101jiet lab\u0101ko, izdz\u0113siet nevajadz\u012bgo! Rakstiet, dz\u0113siet, atk\u0101rtojiet! Ar FriXion Fineliner dz\u0113\u0161amo tintes pildspalvu nevar\u0113siet k\u013c\u016bd\u012bties. Pateicoties vienm\u0113r\u012bgajai un dz\u0113\u0161amajai tintei, jauno Pilot FriXion Fineliner tintes pildspalvu var izmantot gan v\u0101rdu iem\u016b\u017ein\u0101\u0161anai uz pap\u012bra, gan ar\u012b z\u012bm\u0113jumu un uzmetumu rad\u012b\u0161anai. Projekta domu un ideju att\u0113lo\u0161ana, sak\u0101rto\u0161ana un formul\u0113\u0161ana, lai pie\u0161\u0137irtu projektam liel\u0101ku sp\u0113ku? Vai vienk\u0101r\u0161i izmantot ikdienas dz\u012bves svar\u012bg\u0101ko vai maz\u0101k svar\u012bgu notikumos iem\u016b\u017ein\u0101\u0161anai piez\u012bm\u0113s. Pilot FriXion Fineliner bag\u0101tina un izce\u013c j\u016bsu veiktos pierakstus. Kad doma k\u013c\u016bst nekontrol\u0113jama, pildspalva pal\u012bdz\u0113s dz\u0113st visu lieko, lai iem\u016b\u017ein\u0101ts tiktu tikai pats lab\u0101kais. T\u0101 k\u0101 tinti var izdz\u0113st, \u0161o pildspalvu nevajadz\u0113tu izmantot, parakstot dokumentus, eksamin\u0101cija spap\u012brus vai citus dokumentus, kuros ir svar\u012bga parakstu saglab\u0101\u0161ana.","og_url":"https:\/\/hobstop.ee\/lv\/produkts\/tintes-pildspalva-izdzesams-fineliner-pilot-frixion\/","og_site_name":"Skizze","article_publisher":"http:\/\/www.facebook.com\/VunderSkizze","og_image":[{"width":1024,"height":768,"url":"https:\/\/hobstop.ee\/media\/4977.jpg","type":"image\/jpeg"}],"twitter_card":"summary_large_image","twitter_misc":{"Est. reading time":"1 min\u016b\u0161u"},"schema":{"@context":"https:\/\/schema.org","@graph":[{"@type":"WebPage","@id":"https:\/\/hobstop.ee\/lv\/produkts\/tintes-pildspalva-izdzesams-fineliner-pilot-frixion\/","url":"https:\/\/hobstop.ee\/lv\/produkts\/tintes-pildspalva-izdzesams-fineliner-pilot-frixion\/","name":"Tintes pildspalva izdz\u0113\u0161ams fineliner Pilot Frixion &#8211; Skizze","isPartOf":{"@id":"https:\/\/hobstop.ee\/lv\/#website"},"primaryImageOfPage":{"@id":"https:\/\/hobstop.ee\/lv\/produkts\/tintes-pildspalva-izdzesams-fineliner-pilot-frixion\/#primaryimage"},"image":{"@id":"https:\/\/hobstop.ee\/lv\/produkts\/tintes-pildspalva-izdzesams-fineliner-pilot-frixion\/#primaryimage"},"thumbnailUrl":"https:\/\/hobstop.ee\/media\/4977.jpg","datePublished":"2019-05-23T13:13:43+00:00","dateModified":"2019-05-23T13:13:43+00:00","breadcrumb":{"@id":"https:\/\/hobstop.ee\/lv\/produkts\/tintes-pildspalva-izdzesams-fineliner-pilot-frixion\/#breadcrumb"},"inLanguage":"lv-LV","potentialAction":[{"@type":"ReadAction","target":["https:\/\/hobstop.ee\/lv\/produkts\/tintes-pildspalva-izdzesams-fineliner-pilot-frixion\/"]}]},{"@type":"ImageObject","inLanguage":"lv-LV","@id":"https:\/\/hobstop.ee\/lv\/produkts\/tintes-pildspalva-izdzesams-fineliner-pilot-frixion\/#primaryimage","url":"https:\/\/hobstop.ee\/media\/4977.jpg","contentUrl":"https:\/\/hobstop.ee\/media\/4977.jpg","width":1024,"height":768},{"@type":"BreadcrumbList","@id":"https:\/\/hobstop.ee\/lv\/produkts\/tintes-pildspalva-izdzesams-fineliner-pilot-frixion\/#breadcrumb","itemListElement":[{"@type":"ListItem","position":1,"name":"Avaleht","item":"https:\/\/www.hobstop.ee\/lv\/"},{"@type":"ListItem","position":2,"name":"Veikals","item":"https:\/\/www.hobstop.ee\/lv\/veikals\/"},{"@type":"ListItem","position":3,"name":"Tintes pildspalva izdz\u0113\u0161ams fineliner Pilot Frixion"}]},{"@type":"WebSite","@id":"https:\/\/hobstop.ee\/lv\/#website","url":"https:\/\/hobstop.ee\/lv\/","name":"Skizze","description":"M\u0101kslas, hobiju un skolas preces","publisher":{"@id":"https:\/\/hobstop.ee\/lv\/#organization"},"potentialAction":[{"@type":"SearchAction","target":{"@type":"EntryPoint","urlTemplate":"https:\/\/hobstop.ee\/lv\/?s={search_term_string}"},"query-input":{"@type":"PropertyValueSpecification","valueRequired":true,"valueName":"search_term_string"}}],"inLanguage":"lv-LV"},{"@type":"Organization","@id":"https:\/\/hobstop.ee\/lv\/#organization","name":"Vunder AS","url":"https:\/\/hobstop.ee\/lv\/","logo":{"@type":"ImageObject","inLanguage":"lv-LV","@id":"https:\/\/hobstop.ee\/lv\/#\/schema\/logo\/image\/","url":"https:\/\/hobstop.ee\/media\/vunder-logo.png","contentUrl":"https:\/\/hobstop.ee\/media\/vunder-logo.png","width":127,"height":55,"caption":"Vunder AS"},"image":{"@id":"https:\/\/hobstop.ee\/lv\/#\/schema\/logo\/image\/"},"sameAs":["http:\/\/www.facebook.com\/VunderSkizze"]}]}},"_links":{"self":[{"href":"https:\/\/hobstop.ee\/lv\/wp-json\/wp\/v2\/product\/335271","targetHints":{"allow":["GET"]}}],"collection":[{"href":"https:\/\/hobstop.ee\/lv\/wp-json\/wp\/v2\/product"}],"about":[{"href":"https:\/\/hobstop.ee\/lv\/wp-json\/wp\/v2\/types\/product"}],"replies":[{"embeddable":true,"href":"https:\/\/hobstop.ee\/lv\/wp-json\/wp\/v2\/comments?post=335271"}],"wp:featuredmedia":[{"embeddable":true,"href":"https:\/\/hobstop.ee\/lv\/wp-json\/wp\/v2\/media\/352871"}],"wp:attachment":[{"href":"https:\/\/hobstop.ee\/lv\/wp-json\/wp\/v2\/media?parent=335271"}],"wp:term":[{"taxonomy":"product_cat","embeddable":true,"href":"https:\/\/hobstop.ee\/lv\/wp-json\/wp\/v2\/product_cat?post=335271"},{"taxonomy":"product_tag","embeddable":true,"href":"https:\/\/hobstop.ee\/lv\/wp-json\/wp\/v2\/product_tag?post=335271"}],"curies":[{"name":"wp","href":"https:\/\/api.w.org\/{rel}","templated":true}]}}