{"id":335275,"date":"2019-05-23T16:13:45","date_gmt":"2019-05-23T13:13:47","guid":{"rendered":"https:\/\/sharks.ee\/vunder_2019\/product\/parastais-zimulis-maped-blackpeps-deco-ar-dzesgumiju\/"},"modified":"2019-05-23T16:13:47","modified_gmt":"2019-05-23T13:13:47","slug":"parastais-zimulis-maped-blackpeps-deco-ar-dzesgumiju","status":"publish","type":"product","link":"https:\/\/hobstop.ee\/lv\/produkts\/parastais-zimulis-maped-blackpeps-deco-ar-dzesgumiju\/","title":{"rendered":"Parastais z\u012bmulis Maped Black&#8217;Peps Deco ar dz\u0113\u0161gumiju"},"content":{"rendered":"<p>Augstas kvalit\u0101tes graf\u012bta z\u012bmulis ikdienas lieto\u0161anai noder\u0113s ikvienam b\u0113rna vai pieaugu\u0161\u0101 uzdevumam. Trijst\u016bra forma nodro\u0161ina optim\u0101lu satv\u0113rienu.<\/p>\n","protected":false},"excerpt":{"rendered":"<p>Augstas kvalit\u0101tes graf\u012bta z\u012bmulis ikdienas lieto\u0161anai noder\u0113s ikvienam b\u0113rna vai pieaugu\u0161\u0101 uzdevumam. Trijst\u016bra forma nodro\u0161ina optim\u0101lu satv\u0113rienu.<\/p>\n","protected":false},"featured_media":354303,"comment_status":"closed","ping_status":"closed","template":"","meta":{"_acf_changed":false,"ep_exclude_from_search":false},"product_cat":[18684,17916,18633],"product_tag":[],"class_list":{"0":"post-335275","1":"product","2":"type-product","3":"status-publish","4":"has-post-thumbnail","6":"product_cat-parastie-zimuli","7":"product_cat-preces-skolai","8":"product_cat-zimesanas-piederumi-2","10":"first","11":"instock","12":"taxable","13":"shipping-taxable","14":"product-type-simple"},"acf":[],"yoast_head":"<!-- This site is optimized with the Yoast SEO plugin v24.1 - https:\/\/yoast.com\/wordpress\/plugins\/seo\/ -->\n<title>Parastais z\u012bmulis Maped Black&#039;Peps Deco ar dz\u0113\u0161gumiju &#8211; Skizze<\/title>\n<meta name=\"robots\" content=\"noindex, follow, max-snippet:-1, max-image-preview:large, max-video-preview:-1\" \/>\n<meta property=\"og:locale\" content=\"lv_LV\" \/>\n<meta property=\"og:type\" content=\"article\" \/>\n<meta property=\"og:title\" content=\"Parastais z\u012bmulis Maped Black&#039;Peps Deco ar dz\u0113\u0161gumiju &#8211; Skizze\" \/>\n<meta property=\"og:description\" content=\"Augstas kvalit\u0101tes graf\u012bta z\u012bmulis ikdienas lieto\u0161anai noder\u0113s ikvienam b\u0113rna vai pieaugu\u0161\u0101 uzdevumam. Trijst\u016bra forma nodro\u0161ina optim\u0101lu satv\u0113rienu.\" \/>\n<meta property=\"og:url\" content=\"https:\/\/hobstop.ee\/lv\/produkts\/parastais-zimulis-maped-blackpeps-deco-ar-dzesgumiju\/\" \/>\n<meta property=\"og:site_name\" content=\"Skizze\" \/>\n<meta property=\"article:publisher\" content=\"http:\/\/www.facebook.com\/VunderSkizze\" \/>\n<meta property=\"og:image\" content=\"https:\/\/hobstop.ee\/media\/4984.jpg\" \/>\n\t<meta property=\"og:image:width\" content=\"1024\" \/>\n\t<meta property=\"og:image:height\" content=\"768\" \/>\n\t<meta property=\"og:image:type\" content=\"image\/jpeg\" \/>\n<meta name=\"twitter:card\" content=\"summary_large_image\" \/>\n<script type=\"application\/ld+json\" class=\"yoast-schema-graph\">{\"@context\":\"https:\/\/schema.org\",\"@graph\":[{\"@type\":\"WebPage\",\"@id\":\"https:\/\/hobstop.ee\/lv\/produkts\/parastais-zimulis-maped-blackpeps-deco-ar-dzesgumiju\/\",\"url\":\"https:\/\/hobstop.ee\/lv\/produkts\/parastais-zimulis-maped-blackpeps-deco-ar-dzesgumiju\/\",\"name\":\"Parastais z\u012bmulis Maped Black'Peps Deco ar dz\u0113\u0161gumiju &#8211; Skizze\",\"isPartOf\":{\"@id\":\"https:\/\/www.hobstop.ee\/lv\/#website\"},\"primaryImageOfPage\":{\"@id\":\"https:\/\/hobstop.ee\/lv\/produkts\/parastais-zimulis-maped-blackpeps-deco-ar-dzesgumiju\/#primaryimage\"},\"image\":{\"@id\":\"https:\/\/hobstop.ee\/lv\/produkts\/parastais-zimulis-maped-blackpeps-deco-ar-dzesgumiju\/#primaryimage\"},\"thumbnailUrl\":\"https:\/\/hobstop.ee\/media\/4984.jpg\",\"datePublished\":\"2019-05-23T13:13:47+00:00\",\"dateModified\":\"2019-05-23T13:13:47+00:00\",\"breadcrumb\":{\"@id\":\"https:\/\/hobstop.ee\/lv\/produkts\/parastais-zimulis-maped-blackpeps-deco-ar-dzesgumiju\/#breadcrumb\"},\"inLanguage\":\"lv-LV\",\"potentialAction\":[{\"@type\":\"ReadAction\",\"target\":[\"https:\/\/hobstop.ee\/lv\/produkts\/parastais-zimulis-maped-blackpeps-deco-ar-dzesgumiju\/\"]}]},{\"@type\":\"ImageObject\",\"inLanguage\":\"lv-LV\",\"@id\":\"https:\/\/hobstop.ee\/lv\/produkts\/parastais-zimulis-maped-blackpeps-deco-ar-dzesgumiju\/#primaryimage\",\"url\":\"https:\/\/hobstop.ee\/media\/4984.jpg\",\"contentUrl\":\"https:\/\/hobstop.ee\/media\/4984.jpg\",\"width\":1024,\"height\":768},{\"@type\":\"BreadcrumbList\",\"@id\":\"https:\/\/hobstop.ee\/lv\/produkts\/parastais-zimulis-maped-blackpeps-deco-ar-dzesgumiju\/#breadcrumb\",\"itemListElement\":[{\"@type\":\"ListItem\",\"position\":1,\"name\":\"Avaleht\",\"item\":\"https:\/\/www.hobstop.ee\/lv\/\"},{\"@type\":\"ListItem\",\"position\":2,\"name\":\"Veikals\",\"item\":\"https:\/\/www.hobstop.ee\/lv\/veikals\/\"},{\"@type\":\"ListItem\",\"position\":3,\"name\":\"Parastais z\u012bmulis Maped Black&#8217;Peps Deco ar dz\u0113\u0161gumiju\"}]},{\"@type\":\"WebSite\",\"@id\":\"https:\/\/www.hobstop.ee\/lv\/#website\",\"url\":\"https:\/\/www.hobstop.ee\/lv\/\",\"name\":\"Skizze\",\"description\":\"M\u0101kslas, hobiju un skolas preces\",\"publisher\":{\"@id\":\"https:\/\/www.hobstop.ee\/lv\/#organization\"},\"potentialAction\":[{\"@type\":\"SearchAction\",\"target\":{\"@type\":\"EntryPoint\",\"urlTemplate\":\"https:\/\/www.hobstop.ee\/lv\/?s={search_term_string}\"},\"query-input\":{\"@type\":\"PropertyValueSpecification\",\"valueRequired\":true,\"valueName\":\"search_term_string\"}}],\"inLanguage\":\"lv-LV\"},{\"@type\":\"Organization\",\"@id\":\"https:\/\/www.hobstop.ee\/lv\/#organization\",\"name\":\"Vunder AS\",\"url\":\"https:\/\/www.hobstop.ee\/lv\/\",\"logo\":{\"@type\":\"ImageObject\",\"inLanguage\":\"lv-LV\",\"@id\":\"https:\/\/www.hobstop.ee\/lv\/#\/schema\/logo\/image\/\",\"url\":\"https:\/\/hobstop.ee\/media\/vunder-logo.png\",\"contentUrl\":\"https:\/\/hobstop.ee\/media\/vunder-logo.png\",\"width\":127,\"height\":55,\"caption\":\"Vunder AS\"},\"image\":{\"@id\":\"https:\/\/www.hobstop.ee\/lv\/#\/schema\/logo\/image\/\"},\"sameAs\":[\"http:\/\/www.facebook.com\/VunderSkizze\"]}]}<\/script>\n<!-- \/ Yoast SEO plugin. -->","yoast_head_json":{"title":"Parastais z\u012bmulis Maped Black'Peps Deco ar dz\u0113\u0161gumiju &#8211; Skizze","robots":{"index":"noindex","follow":"follow","max-snippet":"max-snippet:-1","max-image-preview":"max-image-preview:large","max-video-preview":"max-video-preview:-1"},"og_locale":"lv_LV","og_type":"article","og_title":"Parastais z\u012bmulis Maped Black'Peps Deco ar dz\u0113\u0161gumiju &#8211; Skizze","og_description":"Augstas kvalit\u0101tes graf\u012bta z\u012bmulis ikdienas lieto\u0161anai noder\u0113s ikvienam b\u0113rna vai pieaugu\u0161\u0101 uzdevumam. Trijst\u016bra forma nodro\u0161ina optim\u0101lu satv\u0113rienu.","og_url":"https:\/\/hobstop.ee\/lv\/produkts\/parastais-zimulis-maped-blackpeps-deco-ar-dzesgumiju\/","og_site_name":"Skizze","article_publisher":"http:\/\/www.facebook.com\/VunderSkizze","og_image":[{"width":1024,"height":768,"url":"https:\/\/hobstop.ee\/media\/4984.jpg","type":"image\/jpeg"}],"twitter_card":"summary_large_image","schema":{"@context":"https:\/\/schema.org","@graph":[{"@type":"WebPage","@id":"https:\/\/hobstop.ee\/lv\/produkts\/parastais-zimulis-maped-blackpeps-deco-ar-dzesgumiju\/","url":"https:\/\/hobstop.ee\/lv\/produkts\/parastais-zimulis-maped-blackpeps-deco-ar-dzesgumiju\/","name":"Parastais z\u012bmulis Maped Black'Peps Deco ar dz\u0113\u0161gumiju &#8211; Skizze","isPartOf":{"@id":"https:\/\/www.hobstop.ee\/lv\/#website"},"primaryImageOfPage":{"@id":"https:\/\/hobstop.ee\/lv\/produkts\/parastais-zimulis-maped-blackpeps-deco-ar-dzesgumiju\/#primaryimage"},"image":{"@id":"https:\/\/hobstop.ee\/lv\/produkts\/parastais-zimulis-maped-blackpeps-deco-ar-dzesgumiju\/#primaryimage"},"thumbnailUrl":"https:\/\/hobstop.ee\/media\/4984.jpg","datePublished":"2019-05-23T13:13:47+00:00","dateModified":"2019-05-23T13:13:47+00:00","breadcrumb":{"@id":"https:\/\/hobstop.ee\/lv\/produkts\/parastais-zimulis-maped-blackpeps-deco-ar-dzesgumiju\/#breadcrumb"},"inLanguage":"lv-LV","potentialAction":[{"@type":"ReadAction","target":["https:\/\/hobstop.ee\/lv\/produkts\/parastais-zimulis-maped-blackpeps-deco-ar-dzesgumiju\/"]}]},{"@type":"ImageObject","inLanguage":"lv-LV","@id":"https:\/\/hobstop.ee\/lv\/produkts\/parastais-zimulis-maped-blackpeps-deco-ar-dzesgumiju\/#primaryimage","url":"https:\/\/hobstop.ee\/media\/4984.jpg","contentUrl":"https:\/\/hobstop.ee\/media\/4984.jpg","width":1024,"height":768},{"@type":"BreadcrumbList","@id":"https:\/\/hobstop.ee\/lv\/produkts\/parastais-zimulis-maped-blackpeps-deco-ar-dzesgumiju\/#breadcrumb","itemListElement":[{"@type":"ListItem","position":1,"name":"Avaleht","item":"https:\/\/www.hobstop.ee\/lv\/"},{"@type":"ListItem","position":2,"name":"Veikals","item":"https:\/\/www.hobstop.ee\/lv\/veikals\/"},{"@type":"ListItem","position":3,"name":"Parastais z\u012bmulis Maped Black&#8217;Peps Deco ar dz\u0113\u0161gumiju"}]},{"@type":"WebSite","@id":"https:\/\/www.hobstop.ee\/lv\/#website","url":"https:\/\/www.hobstop.ee\/lv\/","name":"Skizze","description":"M\u0101kslas, hobiju un skolas preces","publisher":{"@id":"https:\/\/www.hobstop.ee\/lv\/#organization"},"potentialAction":[{"@type":"SearchAction","target":{"@type":"EntryPoint","urlTemplate":"https:\/\/www.hobstop.ee\/lv\/?s={search_term_string}"},"query-input":{"@type":"PropertyValueSpecification","valueRequired":true,"valueName":"search_term_string"}}],"inLanguage":"lv-LV"},{"@type":"Organization","@id":"https:\/\/www.hobstop.ee\/lv\/#organization","name":"Vunder AS","url":"https:\/\/www.hobstop.ee\/lv\/","logo":{"@type":"ImageObject","inLanguage":"lv-LV","@id":"https:\/\/www.hobstop.ee\/lv\/#\/schema\/logo\/image\/","url":"https:\/\/hobstop.ee\/media\/vunder-logo.png","contentUrl":"https:\/\/hobstop.ee\/media\/vunder-logo.png","width":127,"height":55,"caption":"Vunder AS"},"image":{"@id":"https:\/\/www.hobstop.ee\/lv\/#\/schema\/logo\/image\/"},"sameAs":["http:\/\/www.facebook.com\/VunderSkizze"]}]}},"_links":{"self":[{"href":"https:\/\/hobstop.ee\/lv\/wp-json\/wp\/v2\/product\/335275","targetHints":{"allow":["GET"]}}],"collection":[{"href":"https:\/\/hobstop.ee\/lv\/wp-json\/wp\/v2\/product"}],"about":[{"href":"https:\/\/hobstop.ee\/lv\/wp-json\/wp\/v2\/types\/product"}],"replies":[{"embeddable":true,"href":"https:\/\/hobstop.ee\/lv\/wp-json\/wp\/v2\/comments?post=335275"}],"wp:featuredmedia":[{"embeddable":true,"href":"https:\/\/hobstop.ee\/lv\/wp-json\/wp\/v2\/media\/354303"}],"wp:attachment":[{"href":"https:\/\/hobstop.ee\/lv\/wp-json\/wp\/v2\/media?parent=335275"}],"wp:term":[{"taxonomy":"product_cat","embeddable":true,"href":"https:\/\/hobstop.ee\/lv\/wp-json\/wp\/v2\/product_cat?post=335275"},{"taxonomy":"product_tag","embeddable":true,"href":"https:\/\/hobstop.ee\/lv\/wp-json\/wp\/v2\/product_tag?post=335275"}],"curies":[{"name":"wp","href":"https:\/\/api.w.org\/{rel}","templated":true}]}}