{"id":335279,"date":"2019-05-23T16:13:50","date_gmt":"2019-05-23T13:13:53","guid":{"rendered":"https:\/\/sharks.ee\/vunder_2019\/product\/pirkstu-krasu-komplekts-maped-creativ-early-age\/"},"modified":"2019-05-23T16:13:53","modified_gmt":"2019-05-23T13:13:53","slug":"pirkstu-krasu-komplekts-maped-creativ-early-age","status":"publish","type":"product","link":"https:\/\/hobstop.ee\/lv\/produkts\/pirkstu-krasu-komplekts-maped-creativ-early-age\/","title":{"rendered":"Pirkstu kr\u0101su komplekts Maped Creativ Early Age"},"content":{"rendered":"<p>Pirksti\u0146kr\u0101sas, kur\u0101s tiek izmanto trafaretu sist\u0113ma, lai atkl\u0101tu to nosl\u0113pumu! Vienk\u0101r\u0161a nodarbe, bet fantastisks rezult\u0101ts!<\/p>\n<p>Darb\u012bbas posmi:<br \/>\n1) Izkr\u0101sojiet trafareta karti ar rok\u0101m<br \/>\n2) Aizveriet karti ar uzl\u012bmi. Par\u0101d\u0101s z\u012bm\u0113jums!<br \/>\n3) Dekor\u0113jiet pirmo lapu ar savu uzl\u012bm\u0113m<\/p>\n<p>Komplekts ietver:<br \/>\n2 lapas ar dekorat\u012bvaj\u0101m uzl\u012bm\u0113m<br \/>\n4 trafaretu kartes.<br \/>\nGaldauts 42cm<br \/>\n3 p\u0101ri t\u016bbi\u0146 &#8211; 75ml katra<\/p>\n","protected":false},"excerpt":{"rendered":"<p>Pirksti\u0146kr\u0101sas, kur\u0101s tiek izmanto trafaretu sist\u0113ma, lai atkl\u0101tu to nosl\u0113pumu! Vienk\u0101r\u0161a nodarbe, bet fantastisks rezult\u0101ts! Darb\u012bbas posmi: 1) Izkr\u0101sojiet trafareta karti ar rok\u0101m 2) Aizveriet karti ar uzl\u012bmi. Par\u0101d\u0101s z\u012bm\u0113jums! 3) Dekor\u0113jiet pirmo lapu ar savu uzl\u012bm\u0113m Komplekts ietver: 2 lapas ar dekorat\u012bvaj\u0101m uzl\u012bm\u0113m 4 trafaretu kartes. Galdauts 42cm 3 p\u0101ri t\u016bbi\u0146 &#8211; 75ml katra<\/p>\n","protected":false},"featured_media":352991,"comment_status":"closed","ping_status":"closed","template":"","meta":{"_acf_changed":false,"ep_exclude_from_search":false},"product_cat":[19835,20398,20389],"product_tag":[],"class_list":{"0":"post-335279","1":"product","2":"type-product","3":"status-publish","4":"has-post-thumbnail","6":"product_cat-bernu-brivais-laiks","7":"product_cat-dazai","8":"product_cat-makslas-piederumi-3","10":"first","11":"instock","12":"taxable","13":"shipping-taxable","14":"product-type-simple"},"acf":[],"yoast_head":"<!-- This site is optimized with the Yoast SEO plugin v24.1 - https:\/\/yoast.com\/wordpress\/plugins\/seo\/ -->\n<title>Pirkstu kr\u0101su komplekts Maped Creativ Early Age &#8211; Skizze<\/title>\n<meta name=\"robots\" content=\"noindex, follow, max-snippet:-1, max-image-preview:large, max-video-preview:-1\" \/>\n<meta property=\"og:locale\" content=\"lv_LV\" \/>\n<meta property=\"og:type\" content=\"article\" \/>\n<meta property=\"og:title\" content=\"Pirkstu kr\u0101su komplekts Maped Creativ Early Age &#8211; Skizze\" \/>\n<meta property=\"og:description\" content=\"Pirksti\u0146kr\u0101sas, kur\u0101s tiek izmanto trafaretu sist\u0113ma, lai atkl\u0101tu to nosl\u0113pumu! Vienk\u0101r\u0161a nodarbe, bet fantastisks rezult\u0101ts! Darb\u012bbas posmi: 1) Izkr\u0101sojiet trafareta karti ar rok\u0101m 2) Aizveriet karti ar uzl\u012bmi. Par\u0101d\u0101s z\u012bm\u0113jums! 3) Dekor\u0113jiet pirmo lapu ar savu uzl\u012bm\u0113m Komplekts ietver: 2 lapas ar dekorat\u012bvaj\u0101m uzl\u012bm\u0113m 4 trafaretu kartes. Galdauts 42cm 3 p\u0101ri t\u016bbi\u0146 &#8211; 75ml katra\" \/>\n<meta property=\"og:url\" content=\"https:\/\/hobstop.ee\/lv\/produkts\/pirkstu-krasu-komplekts-maped-creativ-early-age\/\" \/>\n<meta property=\"og:site_name\" content=\"Skizze\" \/>\n<meta property=\"article:publisher\" content=\"http:\/\/www.facebook.com\/VunderSkizze\" \/>\n<meta property=\"og:image\" content=\"https:\/\/hobstop.ee\/media\/4985.jpg\" \/>\n\t<meta property=\"og:image:width\" content=\"1024\" \/>\n\t<meta property=\"og:image:height\" content=\"768\" \/>\n\t<meta property=\"og:image:type\" content=\"image\/jpeg\" \/>\n<meta name=\"twitter:card\" content=\"summary_large_image\" \/>\n<script type=\"application\/ld+json\" class=\"yoast-schema-graph\">{\"@context\":\"https:\/\/schema.org\",\"@graph\":[{\"@type\":\"WebPage\",\"@id\":\"https:\/\/hobstop.ee\/lv\/produkts\/pirkstu-krasu-komplekts-maped-creativ-early-age\/\",\"url\":\"https:\/\/hobstop.ee\/lv\/produkts\/pirkstu-krasu-komplekts-maped-creativ-early-age\/\",\"name\":\"Pirkstu kr\u0101su komplekts Maped Creativ Early Age &#8211; Skizze\",\"isPartOf\":{\"@id\":\"https:\/\/hobstop.ee\/lv\/#website\"},\"primaryImageOfPage\":{\"@id\":\"https:\/\/hobstop.ee\/lv\/produkts\/pirkstu-krasu-komplekts-maped-creativ-early-age\/#primaryimage\"},\"image\":{\"@id\":\"https:\/\/hobstop.ee\/lv\/produkts\/pirkstu-krasu-komplekts-maped-creativ-early-age\/#primaryimage\"},\"thumbnailUrl\":\"https:\/\/hobstop.ee\/media\/4985.jpg\",\"datePublished\":\"2019-05-23T13:13:53+00:00\",\"dateModified\":\"2019-05-23T13:13:53+00:00\",\"breadcrumb\":{\"@id\":\"https:\/\/hobstop.ee\/lv\/produkts\/pirkstu-krasu-komplekts-maped-creativ-early-age\/#breadcrumb\"},\"inLanguage\":\"lv-LV\",\"potentialAction\":[{\"@type\":\"ReadAction\",\"target\":[\"https:\/\/hobstop.ee\/lv\/produkts\/pirkstu-krasu-komplekts-maped-creativ-early-age\/\"]}]},{\"@type\":\"ImageObject\",\"inLanguage\":\"lv-LV\",\"@id\":\"https:\/\/hobstop.ee\/lv\/produkts\/pirkstu-krasu-komplekts-maped-creativ-early-age\/#primaryimage\",\"url\":\"https:\/\/hobstop.ee\/media\/4985.jpg\",\"contentUrl\":\"https:\/\/hobstop.ee\/media\/4985.jpg\",\"width\":1024,\"height\":768},{\"@type\":\"BreadcrumbList\",\"@id\":\"https:\/\/hobstop.ee\/lv\/produkts\/pirkstu-krasu-komplekts-maped-creativ-early-age\/#breadcrumb\",\"itemListElement\":[{\"@type\":\"ListItem\",\"position\":1,\"name\":\"Avaleht\",\"item\":\"https:\/\/www.hobstop.ee\/lv\/\"},{\"@type\":\"ListItem\",\"position\":2,\"name\":\"Veikals\",\"item\":\"https:\/\/www.hobstop.ee\/lv\/veikals\/\"},{\"@type\":\"ListItem\",\"position\":3,\"name\":\"Pirkstu kr\u0101su komplekts Maped Creativ Early Age\"}]},{\"@type\":\"WebSite\",\"@id\":\"https:\/\/hobstop.ee\/lv\/#website\",\"url\":\"https:\/\/hobstop.ee\/lv\/\",\"name\":\"Skizze\",\"description\":\"M\u0101kslas, hobiju un skolas preces\",\"publisher\":{\"@id\":\"https:\/\/hobstop.ee\/lv\/#organization\"},\"potentialAction\":[{\"@type\":\"SearchAction\",\"target\":{\"@type\":\"EntryPoint\",\"urlTemplate\":\"https:\/\/hobstop.ee\/lv\/?s={search_term_string}\"},\"query-input\":{\"@type\":\"PropertyValueSpecification\",\"valueRequired\":true,\"valueName\":\"search_term_string\"}}],\"inLanguage\":\"lv-LV\"},{\"@type\":\"Organization\",\"@id\":\"https:\/\/hobstop.ee\/lv\/#organization\",\"name\":\"Vunder AS\",\"url\":\"https:\/\/hobstop.ee\/lv\/\",\"logo\":{\"@type\":\"ImageObject\",\"inLanguage\":\"lv-LV\",\"@id\":\"https:\/\/hobstop.ee\/lv\/#\/schema\/logo\/image\/\",\"url\":\"https:\/\/hobstop.ee\/media\/vunder-logo.png\",\"contentUrl\":\"https:\/\/hobstop.ee\/media\/vunder-logo.png\",\"width\":127,\"height\":55,\"caption\":\"Vunder AS\"},\"image\":{\"@id\":\"https:\/\/hobstop.ee\/lv\/#\/schema\/logo\/image\/\"},\"sameAs\":[\"http:\/\/www.facebook.com\/VunderSkizze\"]}]}<\/script>\n<!-- \/ Yoast SEO plugin. -->","yoast_head_json":{"title":"Pirkstu kr\u0101su komplekts Maped Creativ Early Age &#8211; Skizze","robots":{"index":"noindex","follow":"follow","max-snippet":"max-snippet:-1","max-image-preview":"max-image-preview:large","max-video-preview":"max-video-preview:-1"},"og_locale":"lv_LV","og_type":"article","og_title":"Pirkstu kr\u0101su komplekts Maped Creativ Early Age &#8211; Skizze","og_description":"Pirksti\u0146kr\u0101sas, kur\u0101s tiek izmanto trafaretu sist\u0113ma, lai atkl\u0101tu to nosl\u0113pumu! Vienk\u0101r\u0161a nodarbe, bet fantastisks rezult\u0101ts! Darb\u012bbas posmi: 1) Izkr\u0101sojiet trafareta karti ar rok\u0101m 2) Aizveriet karti ar uzl\u012bmi. Par\u0101d\u0101s z\u012bm\u0113jums! 3) Dekor\u0113jiet pirmo lapu ar savu uzl\u012bm\u0113m Komplekts ietver: 2 lapas ar dekorat\u012bvaj\u0101m uzl\u012bm\u0113m 4 trafaretu kartes. Galdauts 42cm 3 p\u0101ri t\u016bbi\u0146 &#8211; 75ml katra","og_url":"https:\/\/hobstop.ee\/lv\/produkts\/pirkstu-krasu-komplekts-maped-creativ-early-age\/","og_site_name":"Skizze","article_publisher":"http:\/\/www.facebook.com\/VunderSkizze","og_image":[{"width":1024,"height":768,"url":"https:\/\/hobstop.ee\/media\/4985.jpg","type":"image\/jpeg"}],"twitter_card":"summary_large_image","schema":{"@context":"https:\/\/schema.org","@graph":[{"@type":"WebPage","@id":"https:\/\/hobstop.ee\/lv\/produkts\/pirkstu-krasu-komplekts-maped-creativ-early-age\/","url":"https:\/\/hobstop.ee\/lv\/produkts\/pirkstu-krasu-komplekts-maped-creativ-early-age\/","name":"Pirkstu kr\u0101su komplekts Maped Creativ Early Age &#8211; Skizze","isPartOf":{"@id":"https:\/\/hobstop.ee\/lv\/#website"},"primaryImageOfPage":{"@id":"https:\/\/hobstop.ee\/lv\/produkts\/pirkstu-krasu-komplekts-maped-creativ-early-age\/#primaryimage"},"image":{"@id":"https:\/\/hobstop.ee\/lv\/produkts\/pirkstu-krasu-komplekts-maped-creativ-early-age\/#primaryimage"},"thumbnailUrl":"https:\/\/hobstop.ee\/media\/4985.jpg","datePublished":"2019-05-23T13:13:53+00:00","dateModified":"2019-05-23T13:13:53+00:00","breadcrumb":{"@id":"https:\/\/hobstop.ee\/lv\/produkts\/pirkstu-krasu-komplekts-maped-creativ-early-age\/#breadcrumb"},"inLanguage":"lv-LV","potentialAction":[{"@type":"ReadAction","target":["https:\/\/hobstop.ee\/lv\/produkts\/pirkstu-krasu-komplekts-maped-creativ-early-age\/"]}]},{"@type":"ImageObject","inLanguage":"lv-LV","@id":"https:\/\/hobstop.ee\/lv\/produkts\/pirkstu-krasu-komplekts-maped-creativ-early-age\/#primaryimage","url":"https:\/\/hobstop.ee\/media\/4985.jpg","contentUrl":"https:\/\/hobstop.ee\/media\/4985.jpg","width":1024,"height":768},{"@type":"BreadcrumbList","@id":"https:\/\/hobstop.ee\/lv\/produkts\/pirkstu-krasu-komplekts-maped-creativ-early-age\/#breadcrumb","itemListElement":[{"@type":"ListItem","position":1,"name":"Avaleht","item":"https:\/\/www.hobstop.ee\/lv\/"},{"@type":"ListItem","position":2,"name":"Veikals","item":"https:\/\/www.hobstop.ee\/lv\/veikals\/"},{"@type":"ListItem","position":3,"name":"Pirkstu kr\u0101su komplekts Maped Creativ Early Age"}]},{"@type":"WebSite","@id":"https:\/\/hobstop.ee\/lv\/#website","url":"https:\/\/hobstop.ee\/lv\/","name":"Skizze","description":"M\u0101kslas, hobiju un skolas preces","publisher":{"@id":"https:\/\/hobstop.ee\/lv\/#organization"},"potentialAction":[{"@type":"SearchAction","target":{"@type":"EntryPoint","urlTemplate":"https:\/\/hobstop.ee\/lv\/?s={search_term_string}"},"query-input":{"@type":"PropertyValueSpecification","valueRequired":true,"valueName":"search_term_string"}}],"inLanguage":"lv-LV"},{"@type":"Organization","@id":"https:\/\/hobstop.ee\/lv\/#organization","name":"Vunder AS","url":"https:\/\/hobstop.ee\/lv\/","logo":{"@type":"ImageObject","inLanguage":"lv-LV","@id":"https:\/\/hobstop.ee\/lv\/#\/schema\/logo\/image\/","url":"https:\/\/hobstop.ee\/media\/vunder-logo.png","contentUrl":"https:\/\/hobstop.ee\/media\/vunder-logo.png","width":127,"height":55,"caption":"Vunder AS"},"image":{"@id":"https:\/\/hobstop.ee\/lv\/#\/schema\/logo\/image\/"},"sameAs":["http:\/\/www.facebook.com\/VunderSkizze"]}]}},"_links":{"self":[{"href":"https:\/\/hobstop.ee\/lv\/wp-json\/wp\/v2\/product\/335279","targetHints":{"allow":["GET"]}}],"collection":[{"href":"https:\/\/hobstop.ee\/lv\/wp-json\/wp\/v2\/product"}],"about":[{"href":"https:\/\/hobstop.ee\/lv\/wp-json\/wp\/v2\/types\/product"}],"replies":[{"embeddable":true,"href":"https:\/\/hobstop.ee\/lv\/wp-json\/wp\/v2\/comments?post=335279"}],"wp:featuredmedia":[{"embeddable":true,"href":"https:\/\/hobstop.ee\/lv\/wp-json\/wp\/v2\/media\/352991"}],"wp:attachment":[{"href":"https:\/\/hobstop.ee\/lv\/wp-json\/wp\/v2\/media?parent=335279"}],"wp:term":[{"taxonomy":"product_cat","embeddable":true,"href":"https:\/\/hobstop.ee\/lv\/wp-json\/wp\/v2\/product_cat?post=335279"},{"taxonomy":"product_tag","embeddable":true,"href":"https:\/\/hobstop.ee\/lv\/wp-json\/wp\/v2\/product_tag?post=335279"}],"curies":[{"name":"wp","href":"https:\/\/api.w.org\/{rel}","templated":true}]}}