{"id":335291,"date":"2019-05-23T16:14:06","date_gmt":"2019-05-23T13:14:08","guid":{"rendered":"https:\/\/sharks.ee\/vunder_2019\/product\/veidosanas-masas-kompekts-maped-creativ-early-age\/"},"modified":"2019-05-23T16:14:08","modified_gmt":"2019-05-23T13:14:08","slug":"veidosanas-masas-kompekts-maped-creativ-early-age","status":"publish","type":"product","link":"https:\/\/hobstop.ee\/lv\/produkts\/veidosanas-masas-kompekts-maped-creativ-early-age\/","title":{"rendered":"Veido\u0161anas masas kompekts Maped Creativ Early Age"},"content":{"rendered":"<p>Radiet vienk\u0101r\u0161as formas no veido\u0161anas masas un veidojiet smiekl\u012bgus varo\u0146us! Nodarbe \u012bpa\u0161i paredz\u0113ta maziem b\u0113rniem. Izbaudiet prieku, dekor\u0113jot peles un lauvas.<\/p>\n<p>Darb\u012bbas posmi:<br \/>\n1) Radiet t\u0113lus un aksesu\u0101rus.<br \/>\n2) Novietojiet tos uz pamatnes<br \/>\n3) Savienojiet galvu, \u0137ermeni un k\u0101jas &#8211; j\u016bsu t\u0113ls ir gatavs!<\/p>\n<p>Komplekts ietver:<br \/>\n3 m\u012bklas podi\u0146i (80g)<br \/>\n3 abpus\u0113jas darba lapas<br \/>\nPlastmasas nazis<br \/>\nPlastmasas rullis<br \/>\n\u0160\u0137\u0113res<br \/>\nAtk\u0101rtoti izmantojams plastmasas koferis<\/p>\n","protected":false},"excerpt":{"rendered":"<p>Radiet vienk\u0101r\u0161as formas no veido\u0161anas masas un veidojiet smiekl\u012bgus varo\u0146us! Nodarbe \u012bpa\u0161i paredz\u0113ta maziem b\u0113rniem. Izbaudiet prieku, dekor\u0113jot peles un lauvas. Darb\u012bbas posmi: 1) Radiet t\u0113lus un aksesu\u0101rus. 2) Novietojiet tos uz pamatnes 3) Savienojiet galvu, \u0137ermeni un k\u0101jas &#8211; j\u016bsu t\u0113ls ir gatavs! Komplekts ietver: 3 m\u012bklas podi\u0146i (80g) 3 abpus\u0113jas darba lapas Plastmasas nazis Plastmasas rullis \u0160\u0137\u0113res Atk\u0101rtoti izmantojams plastmasas koferis<\/p>\n","protected":false},"featured_media":352987,"comment_status":"closed","ping_status":"closed","template":"","meta":{"_acf_changed":false,"ep_exclude_from_search":false},"product_cat":[19835,20389,20267],"product_tag":[],"class_list":{"0":"post-335291","1":"product","2":"type-product","3":"status-publish","4":"has-post-thumbnail","6":"product_cat-bernu-brivais-laiks","7":"product_cat-makslas-piederumi-3","8":"product_cat-veidosanas-masas","10":"first","11":"instock","12":"taxable","13":"shipping-taxable","14":"product-type-simple"},"acf":[],"yoast_head":"<!-- This site is optimized with the Yoast SEO plugin v24.1 - https:\/\/yoast.com\/wordpress\/plugins\/seo\/ -->\n<title>Veido\u0161anas masas kompekts Maped Creativ Early Age &#8211; Skizze<\/title>\n<meta name=\"robots\" content=\"noindex, follow, max-snippet:-1, max-image-preview:large, max-video-preview:-1\" \/>\n<meta property=\"og:locale\" content=\"lv_LV\" \/>\n<meta property=\"og:type\" content=\"article\" \/>\n<meta property=\"og:title\" content=\"Veido\u0161anas masas kompekts Maped Creativ Early Age &#8211; Skizze\" \/>\n<meta property=\"og:description\" content=\"Radiet vienk\u0101r\u0161as formas no veido\u0161anas masas un veidojiet smiekl\u012bgus varo\u0146us! Nodarbe \u012bpa\u0161i paredz\u0113ta maziem b\u0113rniem. Izbaudiet prieku, dekor\u0113jot peles un lauvas. Darb\u012bbas posmi: 1) Radiet t\u0113lus un aksesu\u0101rus. 2) Novietojiet tos uz pamatnes 3) Savienojiet galvu, \u0137ermeni un k\u0101jas &#8211; j\u016bsu t\u0113ls ir gatavs! Komplekts ietver: 3 m\u012bklas podi\u0146i (80g) 3 abpus\u0113jas darba lapas Plastmasas nazis Plastmasas rullis \u0160\u0137\u0113res Atk\u0101rtoti izmantojams plastmasas koferis\" \/>\n<meta property=\"og:url\" content=\"https:\/\/hobstop.ee\/lv\/produkts\/veidosanas-masas-kompekts-maped-creativ-early-age\/\" \/>\n<meta property=\"og:site_name\" content=\"Skizze\" \/>\n<meta property=\"article:publisher\" content=\"http:\/\/www.facebook.com\/VunderSkizze\" \/>\n<meta property=\"og:image\" content=\"https:\/\/hobstop.ee\/media\/4988.jpg\" \/>\n\t<meta property=\"og:image:width\" content=\"1024\" \/>\n\t<meta property=\"og:image:height\" content=\"768\" \/>\n\t<meta property=\"og:image:type\" content=\"image\/jpeg\" \/>\n<meta name=\"twitter:card\" content=\"summary_large_image\" \/>\n<script type=\"application\/ld+json\" class=\"yoast-schema-graph\">{\"@context\":\"https:\/\/schema.org\",\"@graph\":[{\"@type\":\"WebPage\",\"@id\":\"https:\/\/hobstop.ee\/lv\/produkts\/veidosanas-masas-kompekts-maped-creativ-early-age\/\",\"url\":\"https:\/\/hobstop.ee\/lv\/produkts\/veidosanas-masas-kompekts-maped-creativ-early-age\/\",\"name\":\"Veido\u0161anas masas kompekts Maped Creativ Early Age &#8211; Skizze\",\"isPartOf\":{\"@id\":\"https:\/\/hobstop.ee\/lv\/#website\"},\"primaryImageOfPage\":{\"@id\":\"https:\/\/hobstop.ee\/lv\/produkts\/veidosanas-masas-kompekts-maped-creativ-early-age\/#primaryimage\"},\"image\":{\"@id\":\"https:\/\/hobstop.ee\/lv\/produkts\/veidosanas-masas-kompekts-maped-creativ-early-age\/#primaryimage\"},\"thumbnailUrl\":\"https:\/\/hobstop.ee\/media\/4988.jpg\",\"datePublished\":\"2019-05-23T13:14:08+00:00\",\"dateModified\":\"2019-05-23T13:14:08+00:00\",\"breadcrumb\":{\"@id\":\"https:\/\/hobstop.ee\/lv\/produkts\/veidosanas-masas-kompekts-maped-creativ-early-age\/#breadcrumb\"},\"inLanguage\":\"lv-LV\",\"potentialAction\":[{\"@type\":\"ReadAction\",\"target\":[\"https:\/\/hobstop.ee\/lv\/produkts\/veidosanas-masas-kompekts-maped-creativ-early-age\/\"]}]},{\"@type\":\"ImageObject\",\"inLanguage\":\"lv-LV\",\"@id\":\"https:\/\/hobstop.ee\/lv\/produkts\/veidosanas-masas-kompekts-maped-creativ-early-age\/#primaryimage\",\"url\":\"https:\/\/hobstop.ee\/media\/4988.jpg\",\"contentUrl\":\"https:\/\/hobstop.ee\/media\/4988.jpg\",\"width\":1024,\"height\":768},{\"@type\":\"BreadcrumbList\",\"@id\":\"https:\/\/hobstop.ee\/lv\/produkts\/veidosanas-masas-kompekts-maped-creativ-early-age\/#breadcrumb\",\"itemListElement\":[{\"@type\":\"ListItem\",\"position\":1,\"name\":\"Avaleht\",\"item\":\"https:\/\/hobstop.ee\/lv\/\"},{\"@type\":\"ListItem\",\"position\":2,\"name\":\"Veikals\",\"item\":\"https:\/\/hobstop.ee\/lv\/veikals\/\"},{\"@type\":\"ListItem\",\"position\":3,\"name\":\"Veido\u0161anas masas kompekts Maped Creativ Early Age\"}]},{\"@type\":\"WebSite\",\"@id\":\"https:\/\/hobstop.ee\/lv\/#website\",\"url\":\"https:\/\/hobstop.ee\/lv\/\",\"name\":\"Skizze\",\"description\":\"M\u0101kslas, hobiju un skolas preces\",\"publisher\":{\"@id\":\"https:\/\/hobstop.ee\/lv\/#organization\"},\"potentialAction\":[{\"@type\":\"SearchAction\",\"target\":{\"@type\":\"EntryPoint\",\"urlTemplate\":\"https:\/\/hobstop.ee\/lv\/?s={search_term_string}\"},\"query-input\":{\"@type\":\"PropertyValueSpecification\",\"valueRequired\":true,\"valueName\":\"search_term_string\"}}],\"inLanguage\":\"lv-LV\"},{\"@type\":\"Organization\",\"@id\":\"https:\/\/hobstop.ee\/lv\/#organization\",\"name\":\"Vunder AS\",\"url\":\"https:\/\/hobstop.ee\/lv\/\",\"logo\":{\"@type\":\"ImageObject\",\"inLanguage\":\"lv-LV\",\"@id\":\"https:\/\/hobstop.ee\/lv\/#\/schema\/logo\/image\/\",\"url\":\"https:\/\/hobstop.ee\/media\/vunder-logo.png\",\"contentUrl\":\"https:\/\/hobstop.ee\/media\/vunder-logo.png\",\"width\":127,\"height\":55,\"caption\":\"Vunder AS\"},\"image\":{\"@id\":\"https:\/\/hobstop.ee\/lv\/#\/schema\/logo\/image\/\"},\"sameAs\":[\"http:\/\/www.facebook.com\/VunderSkizze\"]}]}<\/script>\n<!-- \/ Yoast SEO plugin. -->","yoast_head_json":{"title":"Veido\u0161anas masas kompekts Maped Creativ Early Age &#8211; Skizze","robots":{"index":"noindex","follow":"follow","max-snippet":"max-snippet:-1","max-image-preview":"max-image-preview:large","max-video-preview":"max-video-preview:-1"},"og_locale":"lv_LV","og_type":"article","og_title":"Veido\u0161anas masas kompekts Maped Creativ Early Age &#8211; Skizze","og_description":"Radiet vienk\u0101r\u0161as formas no veido\u0161anas masas un veidojiet smiekl\u012bgus varo\u0146us! Nodarbe \u012bpa\u0161i paredz\u0113ta maziem b\u0113rniem. Izbaudiet prieku, dekor\u0113jot peles un lauvas. Darb\u012bbas posmi: 1) Radiet t\u0113lus un aksesu\u0101rus. 2) Novietojiet tos uz pamatnes 3) Savienojiet galvu, \u0137ermeni un k\u0101jas &#8211; j\u016bsu t\u0113ls ir gatavs! Komplekts ietver: 3 m\u012bklas podi\u0146i (80g) 3 abpus\u0113jas darba lapas Plastmasas nazis Plastmasas rullis \u0160\u0137\u0113res Atk\u0101rtoti izmantojams plastmasas koferis","og_url":"https:\/\/hobstop.ee\/lv\/produkts\/veidosanas-masas-kompekts-maped-creativ-early-age\/","og_site_name":"Skizze","article_publisher":"http:\/\/www.facebook.com\/VunderSkizze","og_image":[{"width":1024,"height":768,"url":"https:\/\/hobstop.ee\/media\/4988.jpg","type":"image\/jpeg"}],"twitter_card":"summary_large_image","schema":{"@context":"https:\/\/schema.org","@graph":[{"@type":"WebPage","@id":"https:\/\/hobstop.ee\/lv\/produkts\/veidosanas-masas-kompekts-maped-creativ-early-age\/","url":"https:\/\/hobstop.ee\/lv\/produkts\/veidosanas-masas-kompekts-maped-creativ-early-age\/","name":"Veido\u0161anas masas kompekts Maped Creativ Early Age &#8211; Skizze","isPartOf":{"@id":"https:\/\/hobstop.ee\/lv\/#website"},"primaryImageOfPage":{"@id":"https:\/\/hobstop.ee\/lv\/produkts\/veidosanas-masas-kompekts-maped-creativ-early-age\/#primaryimage"},"image":{"@id":"https:\/\/hobstop.ee\/lv\/produkts\/veidosanas-masas-kompekts-maped-creativ-early-age\/#primaryimage"},"thumbnailUrl":"https:\/\/hobstop.ee\/media\/4988.jpg","datePublished":"2019-05-23T13:14:08+00:00","dateModified":"2019-05-23T13:14:08+00:00","breadcrumb":{"@id":"https:\/\/hobstop.ee\/lv\/produkts\/veidosanas-masas-kompekts-maped-creativ-early-age\/#breadcrumb"},"inLanguage":"lv-LV","potentialAction":[{"@type":"ReadAction","target":["https:\/\/hobstop.ee\/lv\/produkts\/veidosanas-masas-kompekts-maped-creativ-early-age\/"]}]},{"@type":"ImageObject","inLanguage":"lv-LV","@id":"https:\/\/hobstop.ee\/lv\/produkts\/veidosanas-masas-kompekts-maped-creativ-early-age\/#primaryimage","url":"https:\/\/hobstop.ee\/media\/4988.jpg","contentUrl":"https:\/\/hobstop.ee\/media\/4988.jpg","width":1024,"height":768},{"@type":"BreadcrumbList","@id":"https:\/\/hobstop.ee\/lv\/produkts\/veidosanas-masas-kompekts-maped-creativ-early-age\/#breadcrumb","itemListElement":[{"@type":"ListItem","position":1,"name":"Avaleht","item":"https:\/\/hobstop.ee\/lv\/"},{"@type":"ListItem","position":2,"name":"Veikals","item":"https:\/\/hobstop.ee\/lv\/veikals\/"},{"@type":"ListItem","position":3,"name":"Veido\u0161anas masas kompekts Maped Creativ Early Age"}]},{"@type":"WebSite","@id":"https:\/\/hobstop.ee\/lv\/#website","url":"https:\/\/hobstop.ee\/lv\/","name":"Skizze","description":"M\u0101kslas, hobiju un skolas preces","publisher":{"@id":"https:\/\/hobstop.ee\/lv\/#organization"},"potentialAction":[{"@type":"SearchAction","target":{"@type":"EntryPoint","urlTemplate":"https:\/\/hobstop.ee\/lv\/?s={search_term_string}"},"query-input":{"@type":"PropertyValueSpecification","valueRequired":true,"valueName":"search_term_string"}}],"inLanguage":"lv-LV"},{"@type":"Organization","@id":"https:\/\/hobstop.ee\/lv\/#organization","name":"Vunder AS","url":"https:\/\/hobstop.ee\/lv\/","logo":{"@type":"ImageObject","inLanguage":"lv-LV","@id":"https:\/\/hobstop.ee\/lv\/#\/schema\/logo\/image\/","url":"https:\/\/hobstop.ee\/media\/vunder-logo.png","contentUrl":"https:\/\/hobstop.ee\/media\/vunder-logo.png","width":127,"height":55,"caption":"Vunder AS"},"image":{"@id":"https:\/\/hobstop.ee\/lv\/#\/schema\/logo\/image\/"},"sameAs":["http:\/\/www.facebook.com\/VunderSkizze"]}]}},"_links":{"self":[{"href":"https:\/\/hobstop.ee\/lv\/wp-json\/wp\/v2\/product\/335291","targetHints":{"allow":["GET"]}}],"collection":[{"href":"https:\/\/hobstop.ee\/lv\/wp-json\/wp\/v2\/product"}],"about":[{"href":"https:\/\/hobstop.ee\/lv\/wp-json\/wp\/v2\/types\/product"}],"replies":[{"embeddable":true,"href":"https:\/\/hobstop.ee\/lv\/wp-json\/wp\/v2\/comments?post=335291"}],"wp:featuredmedia":[{"embeddable":true,"href":"https:\/\/hobstop.ee\/lv\/wp-json\/wp\/v2\/media\/352987"}],"wp:attachment":[{"href":"https:\/\/hobstop.ee\/lv\/wp-json\/wp\/v2\/media?parent=335291"}],"wp:term":[{"taxonomy":"product_cat","embeddable":true,"href":"https:\/\/hobstop.ee\/lv\/wp-json\/wp\/v2\/product_cat?post=335291"},{"taxonomy":"product_tag","embeddable":true,"href":"https:\/\/hobstop.ee\/lv\/wp-json\/wp\/v2\/product_tag?post=335291"}],"curies":[{"name":"wp","href":"https:\/\/api.w.org\/{rel}","templated":true}]}}