{"id":335295,"date":"2019-05-23T16:18:28","date_gmt":"2019-05-23T13:18:31","guid":{"rendered":"https:\/\/sharks.ee\/vunder_2019\/product\/meistarosanas-komplekts-maped-creativ-colorplay-design-my-garden\/"},"modified":"2019-05-23T16:18:31","modified_gmt":"2019-05-23T13:18:31","slug":"meistarosanas-komplekts-maped-creativ-colorplay-design-my-garden","status":"publish","type":"product","link":"https:\/\/hobstop.ee\/lv\/produkts\/meistarosanas-komplekts-maped-creativ-colorplay-design-my-garden\/","title":{"rendered":"Meistaro\u0161anas komplekts Maped Creativ Color&#038;Play Design my Garden"},"content":{"rendered":"<p>Veidojiet, kr\u0101sojiet un radiet savu d\u0101rzu, kur\u0101 sp\u0113l\u0113ties!<\/p>\n<p>Darb\u012bbas posmi:<br \/>\n1) Salieciet kop\u0101 fonu.<br \/>\n2) Veidojiet savu d\u0101rzu ar z\u012bmogiem, apl\u012bm\u0113jiet ar uzl\u012bm\u0113m un izkr\u0101sojiet ar kr\u0101sainiem z\u012bmu\u013ciem.<br \/>\n3) Sp\u0113l\u0113jieties sav\u0101 d\u0101rz\u0101 ar piederumiem.<\/p>\n<p>Komplekts ietver:<br \/>\nDekoru<br \/>\nUzl\u012bmju lapas<br \/>\n12 kr\u0101sainos z\u012bmu\u013cus<br \/>\n6 spiedogus<br \/>\nTintes spilventi\u0146u<br \/>\n2 d\u0101rzi kr\u0101so\u0161anai<br \/>\nT\u0101fele ar no\u0146emamiem priek\u0161metiem kr\u0101so\u0161anai<\/p>\n","protected":false},"excerpt":{"rendered":"<p>Veidojiet, kr\u0101sojiet un radiet savu d\u0101rzu, kur\u0101 sp\u0113l\u0113ties! Darb\u012bbas posmi: 1) Salieciet kop\u0101 fonu. 2) Veidojiet savu d\u0101rzu ar z\u012bmogiem, apl\u012bm\u0113jiet ar uzl\u012bm\u0113m un izkr\u0101sojiet ar kr\u0101sainiem z\u012bmu\u013ciem. 3) Sp\u0113l\u0113jieties sav\u0101 d\u0101rz\u0101 ar piederumiem. Komplekts ietver: Dekoru Uzl\u012bmju lapas 12 kr\u0101sainos z\u012bmu\u013cus 6 spiedogus Tintes spilventi\u0146u 2 d\u0101rzi kr\u0101so\u0161anai T\u0101fele ar no\u0146emamiem priek\u0161metiem kr\u0101so\u0161anai<\/p>\n","protected":false},"featured_media":0,"comment_status":"closed","ping_status":"closed","template":"","meta":{"_acf_changed":false,"ep_exclude_from_search":false},"product_cat":[19835,20386,20392],"product_tag":[],"class_list":{"0":"post-335295","1":"product","2":"type-product","3":"status-publish","5":"product_cat-bernu-brivais-laiks","6":"product_cat-radosas-lietas","7":"product_cat-radosi-komplekti","9":"first","10":"instock","11":"taxable","12":"shipping-taxable","13":"product-type-simple"},"acf":[],"yoast_head":"<!-- This site is optimized with the Yoast SEO plugin v24.1 - https:\/\/yoast.com\/wordpress\/plugins\/seo\/ -->\n<title>Meistaro\u0161anas komplekts Maped Creativ Color&amp;Play Design my Garden &#8211; Skizze<\/title>\n<meta name=\"robots\" content=\"noindex, follow, max-snippet:-1, max-image-preview:large, max-video-preview:-1\" \/>\n<meta property=\"og:locale\" content=\"lv_LV\" \/>\n<meta property=\"og:type\" content=\"article\" \/>\n<meta property=\"og:title\" content=\"Meistaro\u0161anas komplekts Maped Creativ Color&amp;Play Design my Garden &#8211; Skizze\" \/>\n<meta property=\"og:description\" content=\"Veidojiet, kr\u0101sojiet un radiet savu d\u0101rzu, kur\u0101 sp\u0113l\u0113ties! Darb\u012bbas posmi: 1) Salieciet kop\u0101 fonu. 2) Veidojiet savu d\u0101rzu ar z\u012bmogiem, apl\u012bm\u0113jiet ar uzl\u012bm\u0113m un izkr\u0101sojiet ar kr\u0101sainiem z\u012bmu\u013ciem. 3) Sp\u0113l\u0113jieties sav\u0101 d\u0101rz\u0101 ar piederumiem. Komplekts ietver: Dekoru Uzl\u012bmju lapas 12 kr\u0101sainos z\u012bmu\u013cus 6 spiedogus Tintes spilventi\u0146u 2 d\u0101rzi kr\u0101so\u0161anai T\u0101fele ar no\u0146emamiem priek\u0161metiem kr\u0101so\u0161anai\" \/>\n<meta property=\"og:url\" content=\"https:\/\/hobstop.ee\/lv\/produkts\/meistarosanas-komplekts-maped-creativ-colorplay-design-my-garden\/\" \/>\n<meta property=\"og:site_name\" content=\"Skizze\" \/>\n<meta property=\"article:publisher\" content=\"http:\/\/www.facebook.com\/VunderSkizze\" \/>\n<meta name=\"twitter:card\" content=\"summary_large_image\" \/>\n<script type=\"application\/ld+json\" class=\"yoast-schema-graph\">{\"@context\":\"https:\/\/schema.org\",\"@graph\":[{\"@type\":\"WebPage\",\"@id\":\"https:\/\/hobstop.ee\/lv\/produkts\/meistarosanas-komplekts-maped-creativ-colorplay-design-my-garden\/\",\"url\":\"https:\/\/hobstop.ee\/lv\/produkts\/meistarosanas-komplekts-maped-creativ-colorplay-design-my-garden\/\",\"name\":\"Meistaro\u0161anas komplekts Maped Creativ Color&Play Design my Garden &#8211; Skizze\",\"isPartOf\":{\"@id\":\"https:\/\/hobstop.ee\/lv\/#website\"},\"datePublished\":\"2019-05-23T13:18:31+00:00\",\"dateModified\":\"2019-05-23T13:18:31+00:00\",\"breadcrumb\":{\"@id\":\"https:\/\/hobstop.ee\/lv\/produkts\/meistarosanas-komplekts-maped-creativ-colorplay-design-my-garden\/#breadcrumb\"},\"inLanguage\":\"lv-LV\",\"potentialAction\":[{\"@type\":\"ReadAction\",\"target\":[\"https:\/\/hobstop.ee\/lv\/produkts\/meistarosanas-komplekts-maped-creativ-colorplay-design-my-garden\/\"]}]},{\"@type\":\"BreadcrumbList\",\"@id\":\"https:\/\/hobstop.ee\/lv\/produkts\/meistarosanas-komplekts-maped-creativ-colorplay-design-my-garden\/#breadcrumb\",\"itemListElement\":[{\"@type\":\"ListItem\",\"position\":1,\"name\":\"Avaleht\",\"item\":\"https:\/\/www.hobstop.ee\/lv\/\"},{\"@type\":\"ListItem\",\"position\":2,\"name\":\"Veikals\",\"item\":\"https:\/\/www.hobstop.ee\/lv\/veikals\/\"},{\"@type\":\"ListItem\",\"position\":3,\"name\":\"Meistaro\u0161anas komplekts Maped Creativ Color&#038;Play Design my Garden\"}]},{\"@type\":\"WebSite\",\"@id\":\"https:\/\/hobstop.ee\/lv\/#website\",\"url\":\"https:\/\/hobstop.ee\/lv\/\",\"name\":\"Skizze\",\"description\":\"M\u0101kslas, hobiju un skolas preces\",\"publisher\":{\"@id\":\"https:\/\/hobstop.ee\/lv\/#organization\"},\"potentialAction\":[{\"@type\":\"SearchAction\",\"target\":{\"@type\":\"EntryPoint\",\"urlTemplate\":\"https:\/\/hobstop.ee\/lv\/?s={search_term_string}\"},\"query-input\":{\"@type\":\"PropertyValueSpecification\",\"valueRequired\":true,\"valueName\":\"search_term_string\"}}],\"inLanguage\":\"lv-LV\"},{\"@type\":\"Organization\",\"@id\":\"https:\/\/hobstop.ee\/lv\/#organization\",\"name\":\"Vunder AS\",\"url\":\"https:\/\/hobstop.ee\/lv\/\",\"logo\":{\"@type\":\"ImageObject\",\"inLanguage\":\"lv-LV\",\"@id\":\"https:\/\/hobstop.ee\/lv\/#\/schema\/logo\/image\/\",\"url\":\"https:\/\/hobstop.ee\/media\/vunder-logo.png\",\"contentUrl\":\"https:\/\/hobstop.ee\/media\/vunder-logo.png\",\"width\":127,\"height\":55,\"caption\":\"Vunder AS\"},\"image\":{\"@id\":\"https:\/\/hobstop.ee\/lv\/#\/schema\/logo\/image\/\"},\"sameAs\":[\"http:\/\/www.facebook.com\/VunderSkizze\"]}]}<\/script>\n<!-- \/ Yoast SEO plugin. -->","yoast_head_json":{"title":"Meistaro\u0161anas komplekts Maped Creativ Color&Play Design my Garden &#8211; Skizze","robots":{"index":"noindex","follow":"follow","max-snippet":"max-snippet:-1","max-image-preview":"max-image-preview:large","max-video-preview":"max-video-preview:-1"},"og_locale":"lv_LV","og_type":"article","og_title":"Meistaro\u0161anas komplekts Maped Creativ Color&Play Design my Garden &#8211; Skizze","og_description":"Veidojiet, kr\u0101sojiet un radiet savu d\u0101rzu, kur\u0101 sp\u0113l\u0113ties! Darb\u012bbas posmi: 1) Salieciet kop\u0101 fonu. 2) Veidojiet savu d\u0101rzu ar z\u012bmogiem, apl\u012bm\u0113jiet ar uzl\u012bm\u0113m un izkr\u0101sojiet ar kr\u0101sainiem z\u012bmu\u013ciem. 3) Sp\u0113l\u0113jieties sav\u0101 d\u0101rz\u0101 ar piederumiem. Komplekts ietver: Dekoru Uzl\u012bmju lapas 12 kr\u0101sainos z\u012bmu\u013cus 6 spiedogus Tintes spilventi\u0146u 2 d\u0101rzi kr\u0101so\u0161anai T\u0101fele ar no\u0146emamiem priek\u0161metiem kr\u0101so\u0161anai","og_url":"https:\/\/hobstop.ee\/lv\/produkts\/meistarosanas-komplekts-maped-creativ-colorplay-design-my-garden\/","og_site_name":"Skizze","article_publisher":"http:\/\/www.facebook.com\/VunderSkizze","twitter_card":"summary_large_image","schema":{"@context":"https:\/\/schema.org","@graph":[{"@type":"WebPage","@id":"https:\/\/hobstop.ee\/lv\/produkts\/meistarosanas-komplekts-maped-creativ-colorplay-design-my-garden\/","url":"https:\/\/hobstop.ee\/lv\/produkts\/meistarosanas-komplekts-maped-creativ-colorplay-design-my-garden\/","name":"Meistaro\u0161anas komplekts Maped Creativ Color&Play Design my Garden &#8211; Skizze","isPartOf":{"@id":"https:\/\/hobstop.ee\/lv\/#website"},"datePublished":"2019-05-23T13:18:31+00:00","dateModified":"2019-05-23T13:18:31+00:00","breadcrumb":{"@id":"https:\/\/hobstop.ee\/lv\/produkts\/meistarosanas-komplekts-maped-creativ-colorplay-design-my-garden\/#breadcrumb"},"inLanguage":"lv-LV","potentialAction":[{"@type":"ReadAction","target":["https:\/\/hobstop.ee\/lv\/produkts\/meistarosanas-komplekts-maped-creativ-colorplay-design-my-garden\/"]}]},{"@type":"BreadcrumbList","@id":"https:\/\/hobstop.ee\/lv\/produkts\/meistarosanas-komplekts-maped-creativ-colorplay-design-my-garden\/#breadcrumb","itemListElement":[{"@type":"ListItem","position":1,"name":"Avaleht","item":"https:\/\/www.hobstop.ee\/lv\/"},{"@type":"ListItem","position":2,"name":"Veikals","item":"https:\/\/www.hobstop.ee\/lv\/veikals\/"},{"@type":"ListItem","position":3,"name":"Meistaro\u0161anas komplekts Maped Creativ Color&#038;Play Design my Garden"}]},{"@type":"WebSite","@id":"https:\/\/hobstop.ee\/lv\/#website","url":"https:\/\/hobstop.ee\/lv\/","name":"Skizze","description":"M\u0101kslas, hobiju un skolas preces","publisher":{"@id":"https:\/\/hobstop.ee\/lv\/#organization"},"potentialAction":[{"@type":"SearchAction","target":{"@type":"EntryPoint","urlTemplate":"https:\/\/hobstop.ee\/lv\/?s={search_term_string}"},"query-input":{"@type":"PropertyValueSpecification","valueRequired":true,"valueName":"search_term_string"}}],"inLanguage":"lv-LV"},{"@type":"Organization","@id":"https:\/\/hobstop.ee\/lv\/#organization","name":"Vunder AS","url":"https:\/\/hobstop.ee\/lv\/","logo":{"@type":"ImageObject","inLanguage":"lv-LV","@id":"https:\/\/hobstop.ee\/lv\/#\/schema\/logo\/image\/","url":"https:\/\/hobstop.ee\/media\/vunder-logo.png","contentUrl":"https:\/\/hobstop.ee\/media\/vunder-logo.png","width":127,"height":55,"caption":"Vunder AS"},"image":{"@id":"https:\/\/hobstop.ee\/lv\/#\/schema\/logo\/image\/"},"sameAs":["http:\/\/www.facebook.com\/VunderSkizze"]}]}},"_links":{"self":[{"href":"https:\/\/hobstop.ee\/lv\/wp-json\/wp\/v2\/product\/335295","targetHints":{"allow":["GET"]}}],"collection":[{"href":"https:\/\/hobstop.ee\/lv\/wp-json\/wp\/v2\/product"}],"about":[{"href":"https:\/\/hobstop.ee\/lv\/wp-json\/wp\/v2\/types\/product"}],"replies":[{"embeddable":true,"href":"https:\/\/hobstop.ee\/lv\/wp-json\/wp\/v2\/comments?post=335295"}],"wp:attachment":[{"href":"https:\/\/hobstop.ee\/lv\/wp-json\/wp\/v2\/media?parent=335295"}],"wp:term":[{"taxonomy":"product_cat","embeddable":true,"href":"https:\/\/hobstop.ee\/lv\/wp-json\/wp\/v2\/product_cat?post=335295"},{"taxonomy":"product_tag","embeddable":true,"href":"https:\/\/hobstop.ee\/lv\/wp-json\/wp\/v2\/product_tag?post=335295"}],"curies":[{"name":"wp","href":"https:\/\/api.w.org\/{rel}","templated":true}]}}