{"id":335311,"date":"2019-05-23T16:18:50","date_gmt":"2019-05-23T13:18:54","guid":{"rendered":"https:\/\/sharks.ee\/vunder_2019\/product\/stikla-krasu-komplekts-maped-creativ-mini-box\/"},"modified":"2019-05-23T16:18:54","modified_gmt":"2019-05-23T13:18:54","slug":"stikla-krasu-komplekts-maped-creativ-mini-box","status":"publish","type":"product","link":"https:\/\/hobstop.ee\/lv\/produkts\/stikla-krasu-komplekts-maped-creativ-mini-box\/","title":{"rendered":"Stikla kr\u0101su komplekts Maped Creativ Mini Box"},"content":{"rendered":"<p>Radiet jautras un kr\u0101sainas g\u0113la uzl\u012bmes, ar kur\u0101m \u0113rti individualiz\u0113t logus un aksesu\u0101rus!<\/p>\n<p>Darb\u012bbas posmi:<br \/>\n1) Iekr\u0101sojiet \u0161ablona kont\u016bru meln\u0101 kr\u0101s\u0101, tad \u013caujiet tam no\u017e\u016bt<br \/>\n2) Izkr\u0101sojiet z\u012bm\u0113jumu, tad \u013caujiet tam nakts laik\u0101 no\u017e\u016bt<br \/>\n3) No\u0146emiet, viegli nolobot, savu m\u0101kslas darbu<br \/>\n4) Uzl\u012bm\u0113jiet to uz v\u0113lamajiem priek\u0161metiem!! Piem\u0113rots logiem, telefona v\u0101kiem&#8230;<\/p>\n<p>Komplekts ietver:<br \/>\n2 abpus\u0113jas darba lapas<br \/>\n6 10ml t\u016bbi\u0146as ar stikla kr\u0101su<\/p>\n","protected":false},"excerpt":{"rendered":"<p>Radiet jautras un kr\u0101sainas g\u0113la uzl\u012bmes, ar kur\u0101m \u0113rti individualiz\u0113t logus un aksesu\u0101rus! Darb\u012bbas posmi: 1) Iekr\u0101sojiet \u0161ablona kont\u016bru meln\u0101 kr\u0101s\u0101, tad \u013caujiet tam no\u017e\u016bt 2) Izkr\u0101sojiet z\u012bm\u0113jumu, tad \u013caujiet tam nakts laik\u0101 no\u017e\u016bt 3) No\u0146emiet, viegli nolobot, savu m\u0101kslas darbu 4) Uzl\u012bm\u0113jiet to uz v\u0113lamajiem priek\u0161metiem!! Piem\u0113rots logiem, telefona v\u0101kiem&#8230; Komplekts ietver: 2 abpus\u0113jas darba lapas 6 10ml t\u016bbi\u0146as ar stikla kr\u0101su<\/p>\n","protected":false},"featured_media":0,"comment_status":"closed","ping_status":"closed","template":"","meta":{"_acf_changed":false,"ep_exclude_from_search":false},"product_cat":[19835,20398,20389],"product_tag":[],"class_list":{"0":"post-335311","1":"product","2":"type-product","3":"status-publish","5":"product_cat-bernu-brivais-laiks","6":"product_cat-dazai","7":"product_cat-makslas-piederumi-3","9":"first","10":"instock","11":"taxable","12":"shipping-taxable","13":"product-type-simple"},"acf":[],"yoast_head":"<!-- This site is optimized with the Yoast SEO plugin v24.1 - https:\/\/yoast.com\/wordpress\/plugins\/seo\/ -->\n<title>Stikla kr\u0101su komplekts Maped Creativ Mini Box &#8211; Skizze<\/title>\n<meta name=\"robots\" content=\"noindex, follow, max-snippet:-1, max-image-preview:large, max-video-preview:-1\" \/>\n<meta property=\"og:locale\" content=\"lv_LV\" \/>\n<meta property=\"og:type\" content=\"article\" \/>\n<meta property=\"og:title\" content=\"Stikla kr\u0101su komplekts Maped Creativ Mini Box &#8211; Skizze\" \/>\n<meta property=\"og:description\" content=\"Radiet jautras un kr\u0101sainas g\u0113la uzl\u012bmes, ar kur\u0101m \u0113rti individualiz\u0113t logus un aksesu\u0101rus! Darb\u012bbas posmi: 1) Iekr\u0101sojiet \u0161ablona kont\u016bru meln\u0101 kr\u0101s\u0101, tad \u013caujiet tam no\u017e\u016bt 2) Izkr\u0101sojiet z\u012bm\u0113jumu, tad \u013caujiet tam nakts laik\u0101 no\u017e\u016bt 3) No\u0146emiet, viegli nolobot, savu m\u0101kslas darbu 4) Uzl\u012bm\u0113jiet to uz v\u0113lamajiem priek\u0161metiem!! Piem\u0113rots logiem, telefona v\u0101kiem&#8230; Komplekts ietver: 2 abpus\u0113jas darba lapas 6 10ml t\u016bbi\u0146as ar stikla kr\u0101su\" \/>\n<meta property=\"og:url\" content=\"https:\/\/hobstop.ee\/lv\/produkts\/stikla-krasu-komplekts-maped-creativ-mini-box\/\" \/>\n<meta property=\"og:site_name\" content=\"Skizze\" \/>\n<meta property=\"article:publisher\" content=\"http:\/\/www.facebook.com\/VunderSkizze\" \/>\n<meta name=\"twitter:card\" content=\"summary_large_image\" \/>\n<script type=\"application\/ld+json\" class=\"yoast-schema-graph\">{\"@context\":\"https:\/\/schema.org\",\"@graph\":[{\"@type\":\"WebPage\",\"@id\":\"https:\/\/hobstop.ee\/lv\/produkts\/stikla-krasu-komplekts-maped-creativ-mini-box\/\",\"url\":\"https:\/\/hobstop.ee\/lv\/produkts\/stikla-krasu-komplekts-maped-creativ-mini-box\/\",\"name\":\"Stikla kr\u0101su komplekts Maped Creativ Mini Box &#8211; Skizze\",\"isPartOf\":{\"@id\":\"https:\/\/hobstop.ee\/lv\/#website\"},\"datePublished\":\"2019-05-23T13:18:54+00:00\",\"dateModified\":\"2019-05-23T13:18:54+00:00\",\"breadcrumb\":{\"@id\":\"https:\/\/hobstop.ee\/lv\/produkts\/stikla-krasu-komplekts-maped-creativ-mini-box\/#breadcrumb\"},\"inLanguage\":\"lv-LV\",\"potentialAction\":[{\"@type\":\"ReadAction\",\"target\":[\"https:\/\/hobstop.ee\/lv\/produkts\/stikla-krasu-komplekts-maped-creativ-mini-box\/\"]}]},{\"@type\":\"BreadcrumbList\",\"@id\":\"https:\/\/hobstop.ee\/lv\/produkts\/stikla-krasu-komplekts-maped-creativ-mini-box\/#breadcrumb\",\"itemListElement\":[{\"@type\":\"ListItem\",\"position\":1,\"name\":\"Avaleht\",\"item\":\"https:\/\/www.hobstop.ee\/lv\/\"},{\"@type\":\"ListItem\",\"position\":2,\"name\":\"Veikals\",\"item\":\"https:\/\/www.hobstop.ee\/lv\/veikals\/\"},{\"@type\":\"ListItem\",\"position\":3,\"name\":\"Stikla kr\u0101su komplekts Maped Creativ Mini Box\"}]},{\"@type\":\"WebSite\",\"@id\":\"https:\/\/hobstop.ee\/lv\/#website\",\"url\":\"https:\/\/hobstop.ee\/lv\/\",\"name\":\"Skizze\",\"description\":\"M\u0101kslas, hobiju un skolas preces\",\"publisher\":{\"@id\":\"https:\/\/hobstop.ee\/lv\/#organization\"},\"potentialAction\":[{\"@type\":\"SearchAction\",\"target\":{\"@type\":\"EntryPoint\",\"urlTemplate\":\"https:\/\/hobstop.ee\/lv\/?s={search_term_string}\"},\"query-input\":{\"@type\":\"PropertyValueSpecification\",\"valueRequired\":true,\"valueName\":\"search_term_string\"}}],\"inLanguage\":\"lv-LV\"},{\"@type\":\"Organization\",\"@id\":\"https:\/\/hobstop.ee\/lv\/#organization\",\"name\":\"Vunder AS\",\"url\":\"https:\/\/hobstop.ee\/lv\/\",\"logo\":{\"@type\":\"ImageObject\",\"inLanguage\":\"lv-LV\",\"@id\":\"https:\/\/hobstop.ee\/lv\/#\/schema\/logo\/image\/\",\"url\":\"https:\/\/hobstop.ee\/media\/vunder-logo.png\",\"contentUrl\":\"https:\/\/hobstop.ee\/media\/vunder-logo.png\",\"width\":127,\"height\":55,\"caption\":\"Vunder AS\"},\"image\":{\"@id\":\"https:\/\/hobstop.ee\/lv\/#\/schema\/logo\/image\/\"},\"sameAs\":[\"http:\/\/www.facebook.com\/VunderSkizze\"]}]}<\/script>\n<!-- \/ Yoast SEO plugin. -->","yoast_head_json":{"title":"Stikla kr\u0101su komplekts Maped Creativ Mini Box &#8211; Skizze","robots":{"index":"noindex","follow":"follow","max-snippet":"max-snippet:-1","max-image-preview":"max-image-preview:large","max-video-preview":"max-video-preview:-1"},"og_locale":"lv_LV","og_type":"article","og_title":"Stikla kr\u0101su komplekts Maped Creativ Mini Box &#8211; Skizze","og_description":"Radiet jautras un kr\u0101sainas g\u0113la uzl\u012bmes, ar kur\u0101m \u0113rti individualiz\u0113t logus un aksesu\u0101rus! Darb\u012bbas posmi: 1) Iekr\u0101sojiet \u0161ablona kont\u016bru meln\u0101 kr\u0101s\u0101, tad \u013caujiet tam no\u017e\u016bt 2) Izkr\u0101sojiet z\u012bm\u0113jumu, tad \u013caujiet tam nakts laik\u0101 no\u017e\u016bt 3) No\u0146emiet, viegli nolobot, savu m\u0101kslas darbu 4) Uzl\u012bm\u0113jiet to uz v\u0113lamajiem priek\u0161metiem!! Piem\u0113rots logiem, telefona v\u0101kiem&#8230; Komplekts ietver: 2 abpus\u0113jas darba lapas 6 10ml t\u016bbi\u0146as ar stikla kr\u0101su","og_url":"https:\/\/hobstop.ee\/lv\/produkts\/stikla-krasu-komplekts-maped-creativ-mini-box\/","og_site_name":"Skizze","article_publisher":"http:\/\/www.facebook.com\/VunderSkizze","twitter_card":"summary_large_image","schema":{"@context":"https:\/\/schema.org","@graph":[{"@type":"WebPage","@id":"https:\/\/hobstop.ee\/lv\/produkts\/stikla-krasu-komplekts-maped-creativ-mini-box\/","url":"https:\/\/hobstop.ee\/lv\/produkts\/stikla-krasu-komplekts-maped-creativ-mini-box\/","name":"Stikla kr\u0101su komplekts Maped Creativ Mini Box &#8211; Skizze","isPartOf":{"@id":"https:\/\/hobstop.ee\/lv\/#website"},"datePublished":"2019-05-23T13:18:54+00:00","dateModified":"2019-05-23T13:18:54+00:00","breadcrumb":{"@id":"https:\/\/hobstop.ee\/lv\/produkts\/stikla-krasu-komplekts-maped-creativ-mini-box\/#breadcrumb"},"inLanguage":"lv-LV","potentialAction":[{"@type":"ReadAction","target":["https:\/\/hobstop.ee\/lv\/produkts\/stikla-krasu-komplekts-maped-creativ-mini-box\/"]}]},{"@type":"BreadcrumbList","@id":"https:\/\/hobstop.ee\/lv\/produkts\/stikla-krasu-komplekts-maped-creativ-mini-box\/#breadcrumb","itemListElement":[{"@type":"ListItem","position":1,"name":"Avaleht","item":"https:\/\/www.hobstop.ee\/lv\/"},{"@type":"ListItem","position":2,"name":"Veikals","item":"https:\/\/www.hobstop.ee\/lv\/veikals\/"},{"@type":"ListItem","position":3,"name":"Stikla kr\u0101su komplekts Maped Creativ Mini Box"}]},{"@type":"WebSite","@id":"https:\/\/hobstop.ee\/lv\/#website","url":"https:\/\/hobstop.ee\/lv\/","name":"Skizze","description":"M\u0101kslas, hobiju un skolas preces","publisher":{"@id":"https:\/\/hobstop.ee\/lv\/#organization"},"potentialAction":[{"@type":"SearchAction","target":{"@type":"EntryPoint","urlTemplate":"https:\/\/hobstop.ee\/lv\/?s={search_term_string}"},"query-input":{"@type":"PropertyValueSpecification","valueRequired":true,"valueName":"search_term_string"}}],"inLanguage":"lv-LV"},{"@type":"Organization","@id":"https:\/\/hobstop.ee\/lv\/#organization","name":"Vunder AS","url":"https:\/\/hobstop.ee\/lv\/","logo":{"@type":"ImageObject","inLanguage":"lv-LV","@id":"https:\/\/hobstop.ee\/lv\/#\/schema\/logo\/image\/","url":"https:\/\/hobstop.ee\/media\/vunder-logo.png","contentUrl":"https:\/\/hobstop.ee\/media\/vunder-logo.png","width":127,"height":55,"caption":"Vunder AS"},"image":{"@id":"https:\/\/hobstop.ee\/lv\/#\/schema\/logo\/image\/"},"sameAs":["http:\/\/www.facebook.com\/VunderSkizze"]}]}},"_links":{"self":[{"href":"https:\/\/hobstop.ee\/lv\/wp-json\/wp\/v2\/product\/335311","targetHints":{"allow":["GET"]}}],"collection":[{"href":"https:\/\/hobstop.ee\/lv\/wp-json\/wp\/v2\/product"}],"about":[{"href":"https:\/\/hobstop.ee\/lv\/wp-json\/wp\/v2\/types\/product"}],"replies":[{"embeddable":true,"href":"https:\/\/hobstop.ee\/lv\/wp-json\/wp\/v2\/comments?post=335311"}],"wp:attachment":[{"href":"https:\/\/hobstop.ee\/lv\/wp-json\/wp\/v2\/media?parent=335311"}],"wp:term":[{"taxonomy":"product_cat","embeddable":true,"href":"https:\/\/hobstop.ee\/lv\/wp-json\/wp\/v2\/product_cat?post=335311"},{"taxonomy":"product_tag","embeddable":true,"href":"https:\/\/hobstop.ee\/lv\/wp-json\/wp\/v2\/product_tag?post=335311"}],"curies":[{"name":"wp","href":"https:\/\/api.w.org\/{rel}","templated":true}]}}