{"id":335319,"date":"2019-05-23T16:19:06","date_gmt":"2019-05-23T13:19:10","guid":{"rendered":"https:\/\/sharks.ee\/vunder_2019\/product\/smilsu-gleznas-veidosanas-komplekts-maped-creativ-mini-box\/"},"modified":"2019-05-23T16:19:10","modified_gmt":"2019-05-23T13:19:10","slug":"smilsu-gleznas-veidosanas-komplekts-maped-creativ-mini-box","status":"publish","type":"product","link":"https:\/\/hobstop.ee\/lv\/produkts\/smilsu-gleznas-veidosanas-komplekts-maped-creativ-mini-box\/","title":{"rendered":"Smil\u0161u gleznas veido\u0161anas komplekts Maped Creativ Mini Box"},"content":{"rendered":"<p>Apstr\u0101d\u0101jiet 2 tot\u0113mus ar kr\u0101sain\u0101m smilt\u012bm un izbaudiet indi\u0101\u0146u piedz\u012bvojumus m\u0101j\u0101s!<\/p>\n<p>Darb\u012bbas posmi:<br \/>\n1) Vispirms salociet tot\u0113mu un p\u0113c tam atdaliet t\u0101s da\u013cas, kuras v\u0113laties kr\u0101sot.<br \/>\n2) Apkaisiet ar smilt\u012bm v\u0113lamaj\u0101 kr\u0101s\u0101<br \/>\n3) Savienojiet tot\u0113mu un radiet savus  dz\u012bves st\u0101stu!<\/p>\n<p>Komplekts ietver:<br \/>\n2 tot\u0113mi (h=17cm) &#8211; kop\u0101 salik\u0161anai un rot\u0101\u0161anai<br \/>\n6 smil\u0161u t\u016bbi\u0146as<br \/>\nStien\u012bti<\/p>\n","protected":false},"excerpt":{"rendered":"<p>Apstr\u0101d\u0101jiet 2 tot\u0113mus ar kr\u0101sain\u0101m smilt\u012bm un izbaudiet indi\u0101\u0146u piedz\u012bvojumus m\u0101j\u0101s! Darb\u012bbas posmi: 1) Vispirms salociet tot\u0113mu un p\u0113c tam atdaliet t\u0101s da\u013cas, kuras v\u0113laties kr\u0101sot. 2) Apkaisiet ar smilt\u012bm v\u0113lamaj\u0101 kr\u0101s\u0101 3) Savienojiet tot\u0113mu un radiet savus dz\u012bves st\u0101stu! Komplekts ietver: 2 tot\u0113mi (h=17cm) &#8211; kop\u0101 salik\u0161anai un rot\u0101\u0161anai 6 smil\u0161u t\u016bbi\u0146as Stien\u012bti<\/p>\n","protected":false},"featured_media":0,"comment_status":"closed","ping_status":"closed","template":"","meta":{"_acf_changed":false,"ep_exclude_from_search":false},"product_cat":[19835,20386,20392],"product_tag":[],"class_list":{"0":"post-335319","1":"product","2":"type-product","3":"status-publish","5":"product_cat-bernu-brivais-laiks","6":"product_cat-radosas-lietas","7":"product_cat-radosi-komplekti","9":"first","10":"instock","11":"taxable","12":"shipping-taxable","13":"product-type-simple"},"acf":[],"yoast_head":"<!-- This site is optimized with the Yoast SEO plugin v24.1 - https:\/\/yoast.com\/wordpress\/plugins\/seo\/ -->\n<title>Smil\u0161u gleznas veido\u0161anas komplekts Maped Creativ Mini Box &#8211; Skizze<\/title>\n<meta name=\"robots\" content=\"noindex, follow, max-snippet:-1, max-image-preview:large, max-video-preview:-1\" \/>\n<meta property=\"og:locale\" content=\"lv_LV\" \/>\n<meta property=\"og:type\" content=\"article\" \/>\n<meta property=\"og:title\" content=\"Smil\u0161u gleznas veido\u0161anas komplekts Maped Creativ Mini Box &#8211; Skizze\" \/>\n<meta property=\"og:description\" content=\"Apstr\u0101d\u0101jiet 2 tot\u0113mus ar kr\u0101sain\u0101m smilt\u012bm un izbaudiet indi\u0101\u0146u piedz\u012bvojumus m\u0101j\u0101s! Darb\u012bbas posmi: 1) Vispirms salociet tot\u0113mu un p\u0113c tam atdaliet t\u0101s da\u013cas, kuras v\u0113laties kr\u0101sot. 2) Apkaisiet ar smilt\u012bm v\u0113lamaj\u0101 kr\u0101s\u0101 3) Savienojiet tot\u0113mu un radiet savus dz\u012bves st\u0101stu! Komplekts ietver: 2 tot\u0113mi (h=17cm) &#8211; kop\u0101 salik\u0161anai un rot\u0101\u0161anai 6 smil\u0161u t\u016bbi\u0146as Stien\u012bti\" \/>\n<meta property=\"og:url\" content=\"https:\/\/hobstop.ee\/lv\/produkts\/smilsu-gleznas-veidosanas-komplekts-maped-creativ-mini-box\/\" \/>\n<meta property=\"og:site_name\" content=\"Skizze\" \/>\n<meta property=\"article:publisher\" content=\"http:\/\/www.facebook.com\/VunderSkizze\" \/>\n<meta name=\"twitter:card\" content=\"summary_large_image\" \/>\n<script type=\"application\/ld+json\" class=\"yoast-schema-graph\">{\"@context\":\"https:\/\/schema.org\",\"@graph\":[{\"@type\":\"WebPage\",\"@id\":\"https:\/\/hobstop.ee\/lv\/produkts\/smilsu-gleznas-veidosanas-komplekts-maped-creativ-mini-box\/\",\"url\":\"https:\/\/hobstop.ee\/lv\/produkts\/smilsu-gleznas-veidosanas-komplekts-maped-creativ-mini-box\/\",\"name\":\"Smil\u0161u gleznas veido\u0161anas komplekts Maped Creativ Mini Box &#8211; Skizze\",\"isPartOf\":{\"@id\":\"https:\/\/hobstop.ee\/lv\/#website\"},\"datePublished\":\"2019-05-23T13:19:10+00:00\",\"dateModified\":\"2019-05-23T13:19:10+00:00\",\"breadcrumb\":{\"@id\":\"https:\/\/hobstop.ee\/lv\/produkts\/smilsu-gleznas-veidosanas-komplekts-maped-creativ-mini-box\/#breadcrumb\"},\"inLanguage\":\"lv-LV\",\"potentialAction\":[{\"@type\":\"ReadAction\",\"target\":[\"https:\/\/hobstop.ee\/lv\/produkts\/smilsu-gleznas-veidosanas-komplekts-maped-creativ-mini-box\/\"]}]},{\"@type\":\"BreadcrumbList\",\"@id\":\"https:\/\/hobstop.ee\/lv\/produkts\/smilsu-gleznas-veidosanas-komplekts-maped-creativ-mini-box\/#breadcrumb\",\"itemListElement\":[{\"@type\":\"ListItem\",\"position\":1,\"name\":\"Avaleht\",\"item\":\"https:\/\/hobstop.ee\/lv\/\"},{\"@type\":\"ListItem\",\"position\":2,\"name\":\"Veikals\",\"item\":\"https:\/\/hobstop.ee\/lv\/veikals\/\"},{\"@type\":\"ListItem\",\"position\":3,\"name\":\"Smil\u0161u gleznas veido\u0161anas komplekts Maped Creativ Mini Box\"}]},{\"@type\":\"WebSite\",\"@id\":\"https:\/\/hobstop.ee\/lv\/#website\",\"url\":\"https:\/\/hobstop.ee\/lv\/\",\"name\":\"Skizze\",\"description\":\"M\u0101kslas, hobiju un skolas preces\",\"publisher\":{\"@id\":\"https:\/\/hobstop.ee\/lv\/#organization\"},\"potentialAction\":[{\"@type\":\"SearchAction\",\"target\":{\"@type\":\"EntryPoint\",\"urlTemplate\":\"https:\/\/hobstop.ee\/lv\/?s={search_term_string}\"},\"query-input\":{\"@type\":\"PropertyValueSpecification\",\"valueRequired\":true,\"valueName\":\"search_term_string\"}}],\"inLanguage\":\"lv-LV\"},{\"@type\":\"Organization\",\"@id\":\"https:\/\/hobstop.ee\/lv\/#organization\",\"name\":\"Vunder AS\",\"url\":\"https:\/\/hobstop.ee\/lv\/\",\"logo\":{\"@type\":\"ImageObject\",\"inLanguage\":\"lv-LV\",\"@id\":\"https:\/\/hobstop.ee\/lv\/#\/schema\/logo\/image\/\",\"url\":\"https:\/\/hobstop.ee\/media\/vunder-logo.png\",\"contentUrl\":\"https:\/\/hobstop.ee\/media\/vunder-logo.png\",\"width\":127,\"height\":55,\"caption\":\"Vunder AS\"},\"image\":{\"@id\":\"https:\/\/hobstop.ee\/lv\/#\/schema\/logo\/image\/\"},\"sameAs\":[\"http:\/\/www.facebook.com\/VunderSkizze\"]}]}<\/script>\n<!-- \/ Yoast SEO plugin. -->","yoast_head_json":{"title":"Smil\u0161u gleznas veido\u0161anas komplekts Maped Creativ Mini Box &#8211; Skizze","robots":{"index":"noindex","follow":"follow","max-snippet":"max-snippet:-1","max-image-preview":"max-image-preview:large","max-video-preview":"max-video-preview:-1"},"og_locale":"lv_LV","og_type":"article","og_title":"Smil\u0161u gleznas veido\u0161anas komplekts Maped Creativ Mini Box &#8211; Skizze","og_description":"Apstr\u0101d\u0101jiet 2 tot\u0113mus ar kr\u0101sain\u0101m smilt\u012bm un izbaudiet indi\u0101\u0146u piedz\u012bvojumus m\u0101j\u0101s! Darb\u012bbas posmi: 1) Vispirms salociet tot\u0113mu un p\u0113c tam atdaliet t\u0101s da\u013cas, kuras v\u0113laties kr\u0101sot. 2) Apkaisiet ar smilt\u012bm v\u0113lamaj\u0101 kr\u0101s\u0101 3) Savienojiet tot\u0113mu un radiet savus dz\u012bves st\u0101stu! Komplekts ietver: 2 tot\u0113mi (h=17cm) &#8211; kop\u0101 salik\u0161anai un rot\u0101\u0161anai 6 smil\u0161u t\u016bbi\u0146as Stien\u012bti","og_url":"https:\/\/hobstop.ee\/lv\/produkts\/smilsu-gleznas-veidosanas-komplekts-maped-creativ-mini-box\/","og_site_name":"Skizze","article_publisher":"http:\/\/www.facebook.com\/VunderSkizze","twitter_card":"summary_large_image","schema":{"@context":"https:\/\/schema.org","@graph":[{"@type":"WebPage","@id":"https:\/\/hobstop.ee\/lv\/produkts\/smilsu-gleznas-veidosanas-komplekts-maped-creativ-mini-box\/","url":"https:\/\/hobstop.ee\/lv\/produkts\/smilsu-gleznas-veidosanas-komplekts-maped-creativ-mini-box\/","name":"Smil\u0161u gleznas veido\u0161anas komplekts Maped Creativ Mini Box &#8211; Skizze","isPartOf":{"@id":"https:\/\/hobstop.ee\/lv\/#website"},"datePublished":"2019-05-23T13:19:10+00:00","dateModified":"2019-05-23T13:19:10+00:00","breadcrumb":{"@id":"https:\/\/hobstop.ee\/lv\/produkts\/smilsu-gleznas-veidosanas-komplekts-maped-creativ-mini-box\/#breadcrumb"},"inLanguage":"lv-LV","potentialAction":[{"@type":"ReadAction","target":["https:\/\/hobstop.ee\/lv\/produkts\/smilsu-gleznas-veidosanas-komplekts-maped-creativ-mini-box\/"]}]},{"@type":"BreadcrumbList","@id":"https:\/\/hobstop.ee\/lv\/produkts\/smilsu-gleznas-veidosanas-komplekts-maped-creativ-mini-box\/#breadcrumb","itemListElement":[{"@type":"ListItem","position":1,"name":"Avaleht","item":"https:\/\/hobstop.ee\/lv\/"},{"@type":"ListItem","position":2,"name":"Veikals","item":"https:\/\/hobstop.ee\/lv\/veikals\/"},{"@type":"ListItem","position":3,"name":"Smil\u0161u gleznas veido\u0161anas komplekts Maped Creativ Mini Box"}]},{"@type":"WebSite","@id":"https:\/\/hobstop.ee\/lv\/#website","url":"https:\/\/hobstop.ee\/lv\/","name":"Skizze","description":"M\u0101kslas, hobiju un skolas preces","publisher":{"@id":"https:\/\/hobstop.ee\/lv\/#organization"},"potentialAction":[{"@type":"SearchAction","target":{"@type":"EntryPoint","urlTemplate":"https:\/\/hobstop.ee\/lv\/?s={search_term_string}"},"query-input":{"@type":"PropertyValueSpecification","valueRequired":true,"valueName":"search_term_string"}}],"inLanguage":"lv-LV"},{"@type":"Organization","@id":"https:\/\/hobstop.ee\/lv\/#organization","name":"Vunder AS","url":"https:\/\/hobstop.ee\/lv\/","logo":{"@type":"ImageObject","inLanguage":"lv-LV","@id":"https:\/\/hobstop.ee\/lv\/#\/schema\/logo\/image\/","url":"https:\/\/hobstop.ee\/media\/vunder-logo.png","contentUrl":"https:\/\/hobstop.ee\/media\/vunder-logo.png","width":127,"height":55,"caption":"Vunder AS"},"image":{"@id":"https:\/\/hobstop.ee\/lv\/#\/schema\/logo\/image\/"},"sameAs":["http:\/\/www.facebook.com\/VunderSkizze"]}]}},"_links":{"self":[{"href":"https:\/\/hobstop.ee\/lv\/wp-json\/wp\/v2\/product\/335319","targetHints":{"allow":["GET"]}}],"collection":[{"href":"https:\/\/hobstop.ee\/lv\/wp-json\/wp\/v2\/product"}],"about":[{"href":"https:\/\/hobstop.ee\/lv\/wp-json\/wp\/v2\/types\/product"}],"replies":[{"embeddable":true,"href":"https:\/\/hobstop.ee\/lv\/wp-json\/wp\/v2\/comments?post=335319"}],"wp:attachment":[{"href":"https:\/\/hobstop.ee\/lv\/wp-json\/wp\/v2\/media?parent=335319"}],"wp:term":[{"taxonomy":"product_cat","embeddable":true,"href":"https:\/\/hobstop.ee\/lv\/wp-json\/wp\/v2\/product_cat?post=335319"},{"taxonomy":"product_tag","embeddable":true,"href":"https:\/\/hobstop.ee\/lv\/wp-json\/wp\/v2\/product_tag?post=335319"}],"curies":[{"name":"wp","href":"https:\/\/api.w.org\/{rel}","templated":true}]}}