{"id":335323,"date":"2019-05-23T16:19:12","date_gmt":"2019-05-23T13:19:15","guid":{"rendered":"https:\/\/sharks.ee\/vunder_2019\/product\/mozaikas-uzlimju-komplekts-komplekt-maped-creativ-mini-box\/"},"modified":"2019-05-23T16:19:15","modified_gmt":"2019-05-23T13:19:15","slug":"mozaikas-uzlimju-komplekts-komplekt-maped-creativ-mini-box","status":"publish","type":"product","link":"https:\/\/hobstop.ee\/lv\/produkts\/mozaikas-uzlimju-komplekts-komplekt-maped-creativ-mini-box\/","title":{"rendered":"Moza\u012bkas uzl\u012bmju komplekts komplekt Maped Creativ Mini Box"},"content":{"rendered":"<p>Radiet fotoapar\u0101ta piederumus ar kr\u0101sain\u0101m moza\u012bkas uzl\u012bm\u0113m!<\/p>\n<p>Darb\u012bbas posmi:<br \/>\n1) Piel\u012bm\u0113jiet moza\u012bkas uzl\u012bmes uz aksesu\u0101riem<br \/>\n2) Uzst\u0101diet aksesu\u0101rus uz koci\u0146iem ar kvadr\u0101tveida uzl\u012bm\u0113m<br \/>\n3) Priec\u0101jieties kop\u0101 ar draugiem<\/p>\n<p>Komplekts ietver:<br \/>\n3 darba lapas<br \/>\n7 moza\u012bkas lapas<br \/>\n4 koci\u0146i<br \/>\nAbpus\u0113jo uzl\u012bmju lapa<\/p>\n","protected":false},"excerpt":{"rendered":"<p>Radiet fotoapar\u0101ta piederumus ar kr\u0101sain\u0101m moza\u012bkas uzl\u012bm\u0113m! Darb\u012bbas posmi: 1) Piel\u012bm\u0113jiet moza\u012bkas uzl\u012bmes uz aksesu\u0101riem 2) Uzst\u0101diet aksesu\u0101rus uz koci\u0146iem ar kvadr\u0101tveida uzl\u012bm\u0113m 3) Priec\u0101jieties kop\u0101 ar draugiem Komplekts ietver: 3 darba lapas 7 moza\u012bkas lapas 4 koci\u0146i Abpus\u0113jo uzl\u012bmju lapa<\/p>\n","protected":false},"featured_media":352979,"comment_status":"closed","ping_status":"closed","template":"","meta":{"_acf_changed":false,"ep_exclude_from_search":false},"product_cat":[19835,20386,20392],"product_tag":[],"class_list":{"0":"post-335323","1":"product","2":"type-product","3":"status-publish","4":"has-post-thumbnail","6":"product_cat-bernu-brivais-laiks","7":"product_cat-radosas-lietas","8":"product_cat-radosi-komplekti","10":"first","11":"instock","12":"taxable","13":"shipping-taxable","14":"product-type-simple"},"acf":[],"yoast_head":"<!-- This site is optimized with the Yoast SEO plugin v24.1 - https:\/\/yoast.com\/wordpress\/plugins\/seo\/ -->\n<title>Moza\u012bkas uzl\u012bmju komplekts komplekt Maped Creativ Mini Box &#8211; Skizze<\/title>\n<meta name=\"robots\" content=\"noindex, follow, max-snippet:-1, max-image-preview:large, max-video-preview:-1\" \/>\n<meta property=\"og:locale\" content=\"lv_LV\" \/>\n<meta property=\"og:type\" content=\"article\" \/>\n<meta property=\"og:title\" content=\"Moza\u012bkas uzl\u012bmju komplekts komplekt Maped Creativ Mini Box &#8211; Skizze\" \/>\n<meta property=\"og:description\" content=\"Radiet fotoapar\u0101ta piederumus ar kr\u0101sain\u0101m moza\u012bkas uzl\u012bm\u0113m! Darb\u012bbas posmi: 1) Piel\u012bm\u0113jiet moza\u012bkas uzl\u012bmes uz aksesu\u0101riem 2) Uzst\u0101diet aksesu\u0101rus uz koci\u0146iem ar kvadr\u0101tveida uzl\u012bm\u0113m 3) Priec\u0101jieties kop\u0101 ar draugiem Komplekts ietver: 3 darba lapas 7 moza\u012bkas lapas 4 koci\u0146i Abpus\u0113jo uzl\u012bmju lapa\" \/>\n<meta property=\"og:url\" content=\"https:\/\/hobstop.ee\/lv\/produkts\/mozaikas-uzlimju-komplekts-komplekt-maped-creativ-mini-box\/\" \/>\n<meta property=\"og:site_name\" content=\"Skizze\" \/>\n<meta property=\"article:publisher\" content=\"http:\/\/www.facebook.com\/VunderSkizze\" \/>\n<meta property=\"og:image\" content=\"https:\/\/www.hobstop.ee\/media\/4996.jpg\" \/>\n\t<meta property=\"og:image:width\" content=\"1024\" \/>\n\t<meta property=\"og:image:height\" content=\"768\" \/>\n\t<meta property=\"og:image:type\" content=\"image\/jpeg\" \/>\n<meta name=\"twitter:card\" content=\"summary_large_image\" \/>\n<script type=\"application\/ld+json\" class=\"yoast-schema-graph\">{\"@context\":\"https:\/\/schema.org\",\"@graph\":[{\"@type\":\"WebPage\",\"@id\":\"https:\/\/hobstop.ee\/lv\/produkts\/mozaikas-uzlimju-komplekts-komplekt-maped-creativ-mini-box\/\",\"url\":\"https:\/\/hobstop.ee\/lv\/produkts\/mozaikas-uzlimju-komplekts-komplekt-maped-creativ-mini-box\/\",\"name\":\"Moza\u012bkas uzl\u012bmju komplekts komplekt Maped Creativ Mini Box &#8211; Skizze\",\"isPartOf\":{\"@id\":\"https:\/\/hobstop.ee\/lv\/#website\"},\"primaryImageOfPage\":{\"@id\":\"https:\/\/hobstop.ee\/lv\/produkts\/mozaikas-uzlimju-komplekts-komplekt-maped-creativ-mini-box\/#primaryimage\"},\"image\":{\"@id\":\"https:\/\/hobstop.ee\/lv\/produkts\/mozaikas-uzlimju-komplekts-komplekt-maped-creativ-mini-box\/#primaryimage\"},\"thumbnailUrl\":\"https:\/\/hobstop.ee\/media\/4996.jpg\",\"datePublished\":\"2019-05-23T13:19:15+00:00\",\"dateModified\":\"2019-05-23T13:19:15+00:00\",\"breadcrumb\":{\"@id\":\"https:\/\/hobstop.ee\/lv\/produkts\/mozaikas-uzlimju-komplekts-komplekt-maped-creativ-mini-box\/#breadcrumb\"},\"inLanguage\":\"lv-LV\",\"potentialAction\":[{\"@type\":\"ReadAction\",\"target\":[\"https:\/\/hobstop.ee\/lv\/produkts\/mozaikas-uzlimju-komplekts-komplekt-maped-creativ-mini-box\/\"]}]},{\"@type\":\"ImageObject\",\"inLanguage\":\"lv-LV\",\"@id\":\"https:\/\/hobstop.ee\/lv\/produkts\/mozaikas-uzlimju-komplekts-komplekt-maped-creativ-mini-box\/#primaryimage\",\"url\":\"https:\/\/hobstop.ee\/media\/4996.jpg\",\"contentUrl\":\"https:\/\/hobstop.ee\/media\/4996.jpg\",\"width\":1024,\"height\":768},{\"@type\":\"BreadcrumbList\",\"@id\":\"https:\/\/hobstop.ee\/lv\/produkts\/mozaikas-uzlimju-komplekts-komplekt-maped-creativ-mini-box\/#breadcrumb\",\"itemListElement\":[{\"@type\":\"ListItem\",\"position\":1,\"name\":\"Avaleht\",\"item\":\"https:\/\/www.hobstop.ee\/lv\/\"},{\"@type\":\"ListItem\",\"position\":2,\"name\":\"Veikals\",\"item\":\"https:\/\/www.hobstop.ee\/lv\/veikals\/\"},{\"@type\":\"ListItem\",\"position\":3,\"name\":\"Moza\u012bkas uzl\u012bmju komplekts komplekt Maped Creativ Mini Box\"}]},{\"@type\":\"WebSite\",\"@id\":\"https:\/\/hobstop.ee\/lv\/#website\",\"url\":\"https:\/\/hobstop.ee\/lv\/\",\"name\":\"Skizze\",\"description\":\"M\u0101kslas, hobiju un skolas preces\",\"publisher\":{\"@id\":\"https:\/\/hobstop.ee\/lv\/#organization\"},\"potentialAction\":[{\"@type\":\"SearchAction\",\"target\":{\"@type\":\"EntryPoint\",\"urlTemplate\":\"https:\/\/hobstop.ee\/lv\/?s={search_term_string}\"},\"query-input\":{\"@type\":\"PropertyValueSpecification\",\"valueRequired\":true,\"valueName\":\"search_term_string\"}}],\"inLanguage\":\"lv-LV\"},{\"@type\":\"Organization\",\"@id\":\"https:\/\/hobstop.ee\/lv\/#organization\",\"name\":\"Vunder AS\",\"url\":\"https:\/\/hobstop.ee\/lv\/\",\"logo\":{\"@type\":\"ImageObject\",\"inLanguage\":\"lv-LV\",\"@id\":\"https:\/\/hobstop.ee\/lv\/#\/schema\/logo\/image\/\",\"url\":\"https:\/\/hobstop.ee\/media\/vunder-logo.png\",\"contentUrl\":\"https:\/\/hobstop.ee\/media\/vunder-logo.png\",\"width\":127,\"height\":55,\"caption\":\"Vunder AS\"},\"image\":{\"@id\":\"https:\/\/hobstop.ee\/lv\/#\/schema\/logo\/image\/\"},\"sameAs\":[\"http:\/\/www.facebook.com\/VunderSkizze\"]}]}<\/script>\n<!-- \/ Yoast SEO plugin. -->","yoast_head_json":{"title":"Moza\u012bkas uzl\u012bmju komplekts komplekt Maped Creativ Mini Box &#8211; Skizze","robots":{"index":"noindex","follow":"follow","max-snippet":"max-snippet:-1","max-image-preview":"max-image-preview:large","max-video-preview":"max-video-preview:-1"},"og_locale":"lv_LV","og_type":"article","og_title":"Moza\u012bkas uzl\u012bmju komplekts komplekt Maped Creativ Mini Box &#8211; Skizze","og_description":"Radiet fotoapar\u0101ta piederumus ar kr\u0101sain\u0101m moza\u012bkas uzl\u012bm\u0113m! Darb\u012bbas posmi: 1) Piel\u012bm\u0113jiet moza\u012bkas uzl\u012bmes uz aksesu\u0101riem 2) Uzst\u0101diet aksesu\u0101rus uz koci\u0146iem ar kvadr\u0101tveida uzl\u012bm\u0113m 3) Priec\u0101jieties kop\u0101 ar draugiem Komplekts ietver: 3 darba lapas 7 moza\u012bkas lapas 4 koci\u0146i Abpus\u0113jo uzl\u012bmju lapa","og_url":"https:\/\/hobstop.ee\/lv\/produkts\/mozaikas-uzlimju-komplekts-komplekt-maped-creativ-mini-box\/","og_site_name":"Skizze","article_publisher":"http:\/\/www.facebook.com\/VunderSkizze","og_image":[{"width":1024,"height":768,"url":"https:\/\/www.hobstop.ee\/media\/4996.jpg","type":"image\/jpeg"}],"twitter_card":"summary_large_image","schema":{"@context":"https:\/\/schema.org","@graph":[{"@type":"WebPage","@id":"https:\/\/hobstop.ee\/lv\/produkts\/mozaikas-uzlimju-komplekts-komplekt-maped-creativ-mini-box\/","url":"https:\/\/hobstop.ee\/lv\/produkts\/mozaikas-uzlimju-komplekts-komplekt-maped-creativ-mini-box\/","name":"Moza\u012bkas uzl\u012bmju komplekts komplekt Maped Creativ Mini Box &#8211; Skizze","isPartOf":{"@id":"https:\/\/hobstop.ee\/lv\/#website"},"primaryImageOfPage":{"@id":"https:\/\/hobstop.ee\/lv\/produkts\/mozaikas-uzlimju-komplekts-komplekt-maped-creativ-mini-box\/#primaryimage"},"image":{"@id":"https:\/\/hobstop.ee\/lv\/produkts\/mozaikas-uzlimju-komplekts-komplekt-maped-creativ-mini-box\/#primaryimage"},"thumbnailUrl":"https:\/\/hobstop.ee\/media\/4996.jpg","datePublished":"2019-05-23T13:19:15+00:00","dateModified":"2019-05-23T13:19:15+00:00","breadcrumb":{"@id":"https:\/\/hobstop.ee\/lv\/produkts\/mozaikas-uzlimju-komplekts-komplekt-maped-creativ-mini-box\/#breadcrumb"},"inLanguage":"lv-LV","potentialAction":[{"@type":"ReadAction","target":["https:\/\/hobstop.ee\/lv\/produkts\/mozaikas-uzlimju-komplekts-komplekt-maped-creativ-mini-box\/"]}]},{"@type":"ImageObject","inLanguage":"lv-LV","@id":"https:\/\/hobstop.ee\/lv\/produkts\/mozaikas-uzlimju-komplekts-komplekt-maped-creativ-mini-box\/#primaryimage","url":"https:\/\/hobstop.ee\/media\/4996.jpg","contentUrl":"https:\/\/hobstop.ee\/media\/4996.jpg","width":1024,"height":768},{"@type":"BreadcrumbList","@id":"https:\/\/hobstop.ee\/lv\/produkts\/mozaikas-uzlimju-komplekts-komplekt-maped-creativ-mini-box\/#breadcrumb","itemListElement":[{"@type":"ListItem","position":1,"name":"Avaleht","item":"https:\/\/www.hobstop.ee\/lv\/"},{"@type":"ListItem","position":2,"name":"Veikals","item":"https:\/\/www.hobstop.ee\/lv\/veikals\/"},{"@type":"ListItem","position":3,"name":"Moza\u012bkas uzl\u012bmju komplekts komplekt Maped Creativ Mini Box"}]},{"@type":"WebSite","@id":"https:\/\/hobstop.ee\/lv\/#website","url":"https:\/\/hobstop.ee\/lv\/","name":"Skizze","description":"M\u0101kslas, hobiju un skolas preces","publisher":{"@id":"https:\/\/hobstop.ee\/lv\/#organization"},"potentialAction":[{"@type":"SearchAction","target":{"@type":"EntryPoint","urlTemplate":"https:\/\/hobstop.ee\/lv\/?s={search_term_string}"},"query-input":{"@type":"PropertyValueSpecification","valueRequired":true,"valueName":"search_term_string"}}],"inLanguage":"lv-LV"},{"@type":"Organization","@id":"https:\/\/hobstop.ee\/lv\/#organization","name":"Vunder AS","url":"https:\/\/hobstop.ee\/lv\/","logo":{"@type":"ImageObject","inLanguage":"lv-LV","@id":"https:\/\/hobstop.ee\/lv\/#\/schema\/logo\/image\/","url":"https:\/\/hobstop.ee\/media\/vunder-logo.png","contentUrl":"https:\/\/hobstop.ee\/media\/vunder-logo.png","width":127,"height":55,"caption":"Vunder AS"},"image":{"@id":"https:\/\/hobstop.ee\/lv\/#\/schema\/logo\/image\/"},"sameAs":["http:\/\/www.facebook.com\/VunderSkizze"]}]}},"_links":{"self":[{"href":"https:\/\/hobstop.ee\/lv\/wp-json\/wp\/v2\/product\/335323","targetHints":{"allow":["GET"]}}],"collection":[{"href":"https:\/\/hobstop.ee\/lv\/wp-json\/wp\/v2\/product"}],"about":[{"href":"https:\/\/hobstop.ee\/lv\/wp-json\/wp\/v2\/types\/product"}],"replies":[{"embeddable":true,"href":"https:\/\/hobstop.ee\/lv\/wp-json\/wp\/v2\/comments?post=335323"}],"wp:featuredmedia":[{"embeddable":true,"href":"https:\/\/hobstop.ee\/lv\/wp-json\/wp\/v2\/media\/352979"}],"wp:attachment":[{"href":"https:\/\/hobstop.ee\/lv\/wp-json\/wp\/v2\/media?parent=335323"}],"wp:term":[{"taxonomy":"product_cat","embeddable":true,"href":"https:\/\/hobstop.ee\/lv\/wp-json\/wp\/v2\/product_cat?post=335323"},{"taxonomy":"product_tag","embeddable":true,"href":"https:\/\/hobstop.ee\/lv\/wp-json\/wp\/v2\/product_tag?post=335323"}],"curies":[{"name":"wp","href":"https:\/\/api.w.org\/{rel}","templated":true}]}}