{"id":335351,"date":"2019-05-23T16:19:53","date_gmt":"2019-05-23T13:19:57","guid":{"rendered":"https:\/\/sharks.ee\/vunder_2019\/product\/zimesanas-komplekts-ar-tafeli-maped-creativ-travel-board-animals\/"},"modified":"2019-05-23T16:19:57","modified_gmt":"2019-05-23T13:19:57","slug":"zimesanas-komplekts-ar-tafeli-maped-creativ-travel-board-animals","status":"publish","type":"product","link":"https:\/\/hobstop.ee\/lv\/produkts\/zimesanas-komplekts-ar-tafeli-maped-creativ-travel-board-animals\/","title":{"rendered":"Z\u012bm\u0113\u0161anas komplekts ar t\u0101feli Maped Creativ Travel Board Animals"},"content":{"rendered":"<p>Tematiskais dz\u012bvnieku z\u012bm\u0113\u0161anas un sp\u0113\u013cu komplekts, kuru var jebkur \u0146emt l\u012bdzi!<\/p>\n<p>Darb\u012bbas posmi:<br \/>\n1) Kr\u0101sojiet, z\u012bm\u0113jiet un sp\u0113l\u0113jieties.<br \/>\n2) Izdz\u0113siet visu un s\u0101ciet no jauna.<br \/>\n3) Glab\u0101jiet kart\u012btes un \u0146emiet t\u0101s l\u012bdzi it visur!<\/p>\n<p>Komplekts ietver:<br \/>\nKompakta, viss-vien\u0101 audekla mape<br \/>\nT\u0101fele<br \/>\n4 sausos dz\u0113\u0161amos mar\u0137ierus<br \/>\n11 lapas da\u017e\u0101d\u0101m nodarb\u0113m (sudoku, dot-to-dot, z\u012bm\u0113jumi kr\u0101so\u0161anai utt.)<br \/>\nDr\u0101ni\u0146u<\/p>\n","protected":false},"excerpt":{"rendered":"<p>Tematiskais dz\u012bvnieku z\u012bm\u0113\u0161anas un sp\u0113\u013cu komplekts, kuru var jebkur \u0146emt l\u012bdzi! Darb\u012bbas posmi: 1) Kr\u0101sojiet, z\u012bm\u0113jiet un sp\u0113l\u0113jieties. 2) Izdz\u0113siet visu un s\u0101ciet no jauna. 3) Glab\u0101jiet kart\u012btes un \u0146emiet t\u0101s l\u012bdzi it visur! Komplekts ietver: Kompakta, viss-vien\u0101 audekla mape T\u0101fele 4 sausos dz\u0113\u0161amos mar\u0137ierus 11 lapas da\u017e\u0101d\u0101m nodarb\u0113m (sudoku, dot-to-dot, z\u012bm\u0113jumi kr\u0101so\u0161anai utt.) Dr\u0101ni\u0146u<\/p>\n","protected":false},"featured_media":352967,"comment_status":"closed","ping_status":"closed","template":"","meta":{"_acf_changed":false,"ep_exclude_from_search":false},"product_cat":[19835,20389,20395],"product_tag":[],"class_list":{"0":"post-335351","1":"product","2":"type-product","3":"status-publish","4":"has-post-thumbnail","6":"product_cat-bernu-brivais-laiks","7":"product_cat-makslas-piederumi-3","8":"product_cat-zimesana","10":"first","11":"instock","12":"taxable","13":"shipping-taxable","14":"product-type-simple"},"acf":[],"yoast_head":"<!-- This site is optimized with the Yoast SEO plugin v24.1 - https:\/\/yoast.com\/wordpress\/plugins\/seo\/ -->\n<title>Z\u012bm\u0113\u0161anas komplekts ar t\u0101feli Maped Creativ Travel Board Animals &#8211; Skizze<\/title>\n<meta name=\"robots\" content=\"noindex, follow, max-snippet:-1, max-image-preview:large, max-video-preview:-1\" \/>\n<meta property=\"og:locale\" content=\"lv_LV\" \/>\n<meta property=\"og:type\" content=\"article\" \/>\n<meta property=\"og:title\" content=\"Z\u012bm\u0113\u0161anas komplekts ar t\u0101feli Maped Creativ Travel Board Animals &#8211; Skizze\" \/>\n<meta property=\"og:description\" content=\"Tematiskais dz\u012bvnieku z\u012bm\u0113\u0161anas un sp\u0113\u013cu komplekts, kuru var jebkur \u0146emt l\u012bdzi! Darb\u012bbas posmi: 1) Kr\u0101sojiet, z\u012bm\u0113jiet un sp\u0113l\u0113jieties. 2) Izdz\u0113siet visu un s\u0101ciet no jauna. 3) Glab\u0101jiet kart\u012btes un \u0146emiet t\u0101s l\u012bdzi it visur! Komplekts ietver: Kompakta, viss-vien\u0101 audekla mape T\u0101fele 4 sausos dz\u0113\u0161amos mar\u0137ierus 11 lapas da\u017e\u0101d\u0101m nodarb\u0113m (sudoku, dot-to-dot, z\u012bm\u0113jumi kr\u0101so\u0161anai utt.) Dr\u0101ni\u0146u\" \/>\n<meta property=\"og:url\" content=\"https:\/\/hobstop.ee\/lv\/produkts\/zimesanas-komplekts-ar-tafeli-maped-creativ-travel-board-animals\/\" \/>\n<meta property=\"og:site_name\" content=\"Skizze\" \/>\n<meta property=\"article:publisher\" content=\"http:\/\/www.facebook.com\/VunderSkizze\" \/>\n<meta property=\"og:image\" content=\"https:\/\/hobstop.ee\/media\/5003.jpg\" \/>\n\t<meta property=\"og:image:width\" content=\"1024\" \/>\n\t<meta property=\"og:image:height\" content=\"768\" \/>\n\t<meta property=\"og:image:type\" content=\"image\/jpeg\" \/>\n<meta name=\"twitter:card\" content=\"summary_large_image\" \/>\n<script type=\"application\/ld+json\" class=\"yoast-schema-graph\">{\"@context\":\"https:\/\/schema.org\",\"@graph\":[{\"@type\":\"WebPage\",\"@id\":\"https:\/\/hobstop.ee\/lv\/produkts\/zimesanas-komplekts-ar-tafeli-maped-creativ-travel-board-animals\/\",\"url\":\"https:\/\/hobstop.ee\/lv\/produkts\/zimesanas-komplekts-ar-tafeli-maped-creativ-travel-board-animals\/\",\"name\":\"Z\u012bm\u0113\u0161anas komplekts ar t\u0101feli Maped Creativ Travel Board Animals &#8211; Skizze\",\"isPartOf\":{\"@id\":\"https:\/\/hobstop.ee\/lv\/#website\"},\"primaryImageOfPage\":{\"@id\":\"https:\/\/hobstop.ee\/lv\/produkts\/zimesanas-komplekts-ar-tafeli-maped-creativ-travel-board-animals\/#primaryimage\"},\"image\":{\"@id\":\"https:\/\/hobstop.ee\/lv\/produkts\/zimesanas-komplekts-ar-tafeli-maped-creativ-travel-board-animals\/#primaryimage\"},\"thumbnailUrl\":\"https:\/\/hobstop.ee\/media\/5003.jpg\",\"datePublished\":\"2019-05-23T13:19:57+00:00\",\"dateModified\":\"2019-05-23T13:19:57+00:00\",\"breadcrumb\":{\"@id\":\"https:\/\/hobstop.ee\/lv\/produkts\/zimesanas-komplekts-ar-tafeli-maped-creativ-travel-board-animals\/#breadcrumb\"},\"inLanguage\":\"lv-LV\",\"potentialAction\":[{\"@type\":\"ReadAction\",\"target\":[\"https:\/\/hobstop.ee\/lv\/produkts\/zimesanas-komplekts-ar-tafeli-maped-creativ-travel-board-animals\/\"]}]},{\"@type\":\"ImageObject\",\"inLanguage\":\"lv-LV\",\"@id\":\"https:\/\/hobstop.ee\/lv\/produkts\/zimesanas-komplekts-ar-tafeli-maped-creativ-travel-board-animals\/#primaryimage\",\"url\":\"https:\/\/hobstop.ee\/media\/5003.jpg\",\"contentUrl\":\"https:\/\/hobstop.ee\/media\/5003.jpg\",\"width\":1024,\"height\":768},{\"@type\":\"BreadcrumbList\",\"@id\":\"https:\/\/hobstop.ee\/lv\/produkts\/zimesanas-komplekts-ar-tafeli-maped-creativ-travel-board-animals\/#breadcrumb\",\"itemListElement\":[{\"@type\":\"ListItem\",\"position\":1,\"name\":\"Avaleht\",\"item\":\"https:\/\/www.hobstop.ee\/lv\/\"},{\"@type\":\"ListItem\",\"position\":2,\"name\":\"Veikals\",\"item\":\"https:\/\/www.hobstop.ee\/lv\/veikals\/\"},{\"@type\":\"ListItem\",\"position\":3,\"name\":\"Z\u012bm\u0113\u0161anas komplekts ar t\u0101feli Maped Creativ Travel Board Animals\"}]},{\"@type\":\"WebSite\",\"@id\":\"https:\/\/hobstop.ee\/lv\/#website\",\"url\":\"https:\/\/hobstop.ee\/lv\/\",\"name\":\"Skizze\",\"description\":\"M\u0101kslas, hobiju un skolas preces\",\"publisher\":{\"@id\":\"https:\/\/hobstop.ee\/lv\/#organization\"},\"potentialAction\":[{\"@type\":\"SearchAction\",\"target\":{\"@type\":\"EntryPoint\",\"urlTemplate\":\"https:\/\/hobstop.ee\/lv\/?s={search_term_string}\"},\"query-input\":{\"@type\":\"PropertyValueSpecification\",\"valueRequired\":true,\"valueName\":\"search_term_string\"}}],\"inLanguage\":\"lv-LV\"},{\"@type\":\"Organization\",\"@id\":\"https:\/\/hobstop.ee\/lv\/#organization\",\"name\":\"Vunder AS\",\"url\":\"https:\/\/hobstop.ee\/lv\/\",\"logo\":{\"@type\":\"ImageObject\",\"inLanguage\":\"lv-LV\",\"@id\":\"https:\/\/hobstop.ee\/lv\/#\/schema\/logo\/image\/\",\"url\":\"https:\/\/hobstop.ee\/media\/vunder-logo.png\",\"contentUrl\":\"https:\/\/hobstop.ee\/media\/vunder-logo.png\",\"width\":127,\"height\":55,\"caption\":\"Vunder AS\"},\"image\":{\"@id\":\"https:\/\/hobstop.ee\/lv\/#\/schema\/logo\/image\/\"},\"sameAs\":[\"http:\/\/www.facebook.com\/VunderSkizze\"]}]}<\/script>\n<!-- \/ Yoast SEO plugin. -->","yoast_head_json":{"title":"Z\u012bm\u0113\u0161anas komplekts ar t\u0101feli Maped Creativ Travel Board Animals &#8211; Skizze","robots":{"index":"noindex","follow":"follow","max-snippet":"max-snippet:-1","max-image-preview":"max-image-preview:large","max-video-preview":"max-video-preview:-1"},"og_locale":"lv_LV","og_type":"article","og_title":"Z\u012bm\u0113\u0161anas komplekts ar t\u0101feli Maped Creativ Travel Board Animals &#8211; Skizze","og_description":"Tematiskais dz\u012bvnieku z\u012bm\u0113\u0161anas un sp\u0113\u013cu komplekts, kuru var jebkur \u0146emt l\u012bdzi! Darb\u012bbas posmi: 1) Kr\u0101sojiet, z\u012bm\u0113jiet un sp\u0113l\u0113jieties. 2) Izdz\u0113siet visu un s\u0101ciet no jauna. 3) Glab\u0101jiet kart\u012btes un \u0146emiet t\u0101s l\u012bdzi it visur! Komplekts ietver: Kompakta, viss-vien\u0101 audekla mape T\u0101fele 4 sausos dz\u0113\u0161amos mar\u0137ierus 11 lapas da\u017e\u0101d\u0101m nodarb\u0113m (sudoku, dot-to-dot, z\u012bm\u0113jumi kr\u0101so\u0161anai utt.) Dr\u0101ni\u0146u","og_url":"https:\/\/hobstop.ee\/lv\/produkts\/zimesanas-komplekts-ar-tafeli-maped-creativ-travel-board-animals\/","og_site_name":"Skizze","article_publisher":"http:\/\/www.facebook.com\/VunderSkizze","og_image":[{"width":1024,"height":768,"url":"https:\/\/hobstop.ee\/media\/5003.jpg","type":"image\/jpeg"}],"twitter_card":"summary_large_image","schema":{"@context":"https:\/\/schema.org","@graph":[{"@type":"WebPage","@id":"https:\/\/hobstop.ee\/lv\/produkts\/zimesanas-komplekts-ar-tafeli-maped-creativ-travel-board-animals\/","url":"https:\/\/hobstop.ee\/lv\/produkts\/zimesanas-komplekts-ar-tafeli-maped-creativ-travel-board-animals\/","name":"Z\u012bm\u0113\u0161anas komplekts ar t\u0101feli Maped Creativ Travel Board Animals &#8211; Skizze","isPartOf":{"@id":"https:\/\/hobstop.ee\/lv\/#website"},"primaryImageOfPage":{"@id":"https:\/\/hobstop.ee\/lv\/produkts\/zimesanas-komplekts-ar-tafeli-maped-creativ-travel-board-animals\/#primaryimage"},"image":{"@id":"https:\/\/hobstop.ee\/lv\/produkts\/zimesanas-komplekts-ar-tafeli-maped-creativ-travel-board-animals\/#primaryimage"},"thumbnailUrl":"https:\/\/hobstop.ee\/media\/5003.jpg","datePublished":"2019-05-23T13:19:57+00:00","dateModified":"2019-05-23T13:19:57+00:00","breadcrumb":{"@id":"https:\/\/hobstop.ee\/lv\/produkts\/zimesanas-komplekts-ar-tafeli-maped-creativ-travel-board-animals\/#breadcrumb"},"inLanguage":"lv-LV","potentialAction":[{"@type":"ReadAction","target":["https:\/\/hobstop.ee\/lv\/produkts\/zimesanas-komplekts-ar-tafeli-maped-creativ-travel-board-animals\/"]}]},{"@type":"ImageObject","inLanguage":"lv-LV","@id":"https:\/\/hobstop.ee\/lv\/produkts\/zimesanas-komplekts-ar-tafeli-maped-creativ-travel-board-animals\/#primaryimage","url":"https:\/\/hobstop.ee\/media\/5003.jpg","contentUrl":"https:\/\/hobstop.ee\/media\/5003.jpg","width":1024,"height":768},{"@type":"BreadcrumbList","@id":"https:\/\/hobstop.ee\/lv\/produkts\/zimesanas-komplekts-ar-tafeli-maped-creativ-travel-board-animals\/#breadcrumb","itemListElement":[{"@type":"ListItem","position":1,"name":"Avaleht","item":"https:\/\/www.hobstop.ee\/lv\/"},{"@type":"ListItem","position":2,"name":"Veikals","item":"https:\/\/www.hobstop.ee\/lv\/veikals\/"},{"@type":"ListItem","position":3,"name":"Z\u012bm\u0113\u0161anas komplekts ar t\u0101feli Maped Creativ Travel Board Animals"}]},{"@type":"WebSite","@id":"https:\/\/hobstop.ee\/lv\/#website","url":"https:\/\/hobstop.ee\/lv\/","name":"Skizze","description":"M\u0101kslas, hobiju un skolas preces","publisher":{"@id":"https:\/\/hobstop.ee\/lv\/#organization"},"potentialAction":[{"@type":"SearchAction","target":{"@type":"EntryPoint","urlTemplate":"https:\/\/hobstop.ee\/lv\/?s={search_term_string}"},"query-input":{"@type":"PropertyValueSpecification","valueRequired":true,"valueName":"search_term_string"}}],"inLanguage":"lv-LV"},{"@type":"Organization","@id":"https:\/\/hobstop.ee\/lv\/#organization","name":"Vunder AS","url":"https:\/\/hobstop.ee\/lv\/","logo":{"@type":"ImageObject","inLanguage":"lv-LV","@id":"https:\/\/hobstop.ee\/lv\/#\/schema\/logo\/image\/","url":"https:\/\/hobstop.ee\/media\/vunder-logo.png","contentUrl":"https:\/\/hobstop.ee\/media\/vunder-logo.png","width":127,"height":55,"caption":"Vunder AS"},"image":{"@id":"https:\/\/hobstop.ee\/lv\/#\/schema\/logo\/image\/"},"sameAs":["http:\/\/www.facebook.com\/VunderSkizze"]}]}},"_links":{"self":[{"href":"https:\/\/hobstop.ee\/lv\/wp-json\/wp\/v2\/product\/335351","targetHints":{"allow":["GET"]}}],"collection":[{"href":"https:\/\/hobstop.ee\/lv\/wp-json\/wp\/v2\/product"}],"about":[{"href":"https:\/\/hobstop.ee\/lv\/wp-json\/wp\/v2\/types\/product"}],"replies":[{"embeddable":true,"href":"https:\/\/hobstop.ee\/lv\/wp-json\/wp\/v2\/comments?post=335351"}],"wp:featuredmedia":[{"embeddable":true,"href":"https:\/\/hobstop.ee\/lv\/wp-json\/wp\/v2\/media\/352967"}],"wp:attachment":[{"href":"https:\/\/hobstop.ee\/lv\/wp-json\/wp\/v2\/media?parent=335351"}],"wp:term":[{"taxonomy":"product_cat","embeddable":true,"href":"https:\/\/hobstop.ee\/lv\/wp-json\/wp\/v2\/product_cat?post=335351"},{"taxonomy":"product_tag","embeddable":true,"href":"https:\/\/hobstop.ee\/lv\/wp-json\/wp\/v2\/product_tag?post=335351"}],"curies":[{"name":"wp","href":"https:\/\/api.w.org\/{rel}","templated":true}]}}