{"id":335355,"date":"2019-05-23T16:20:00","date_gmt":"2019-05-23T13:20:03","guid":{"rendered":"https:\/\/sharks.ee\/vunder_2019\/product\/zimesanas-komplekts-ar-magnetisko-tafeli-maped-creativ-travel-board-knights-and-princesses\/"},"modified":"2019-05-23T16:20:03","modified_gmt":"2019-05-23T13:20:03","slug":"zimesanas-komplekts-ar-magnetisko-tafeli-maped-creativ-travel-board-knights-and-princesses","status":"publish","type":"product","link":"https:\/\/hobstop.ee\/lv\/produkts\/zimesanas-komplekts-ar-magnetisko-tafeli-maped-creativ-travel-board-knights-and-princesses\/","title":{"rendered":"Z\u012bm\u0113\u0161anas komplekts ar magn\u0113tisko t\u0101feli Maped Creativ Travel Board Knights and Princesses"},"content":{"rendered":"<p>Bru\u0146inieku un prince\u0161u z\u012bm\u0113\u0161anas un sp\u0113\u013cu komplekts, ko var visur \u0146emt l\u012bdzi!<\/p>\n<p>Darb\u012bbas posmi:<br \/>\n1) Izv\u0113lieties v\u0113lamo magn\u0113tu un piestipriniet to pie t\u0101feles<br \/>\n2) \u013baujiet izt\u0113lei iepl\u016bst j\u016bsu darb\u0101.<br \/>\n3) Nokasiet to nost un s\u0101ciet no jauna atkal un atkal!.<\/p>\n<p>Komplekts ietver:<br \/>\nKompakta, viss-vien\u0101 audekla mape<br \/>\nBaltu t\u0101feli<br \/>\n4 sausos dz\u0113\u0161amos mar\u0137ierus<br \/>\n14 magn\u0113tus<br \/>\nDr\u0101ni\u0146u<\/p>\n","protected":false},"excerpt":{"rendered":"<p>Bru\u0146inieku un prince\u0161u z\u012bm\u0113\u0161anas un sp\u0113\u013cu komplekts, ko var visur \u0146emt l\u012bdzi! Darb\u012bbas posmi: 1) Izv\u0113lieties v\u0113lamo magn\u0113tu un piestipriniet to pie t\u0101feles 2) \u013baujiet izt\u0113lei iepl\u016bst j\u016bsu darb\u0101. 3) Nokasiet to nost un s\u0101ciet no jauna atkal un atkal!. Komplekts ietver: Kompakta, viss-vien\u0101 audekla mape Baltu t\u0101feli 4 sausos dz\u0113\u0161amos mar\u0137ierus 14 magn\u0113tus Dr\u0101ni\u0146u<\/p>\n","protected":false},"featured_media":352963,"comment_status":"closed","ping_status":"closed","template":"","meta":{"_acf_changed":false,"ep_exclude_from_search":false},"product_cat":[19835,20389,20395],"product_tag":[],"class_list":{"0":"post-335355","1":"product","2":"type-product","3":"status-publish","4":"has-post-thumbnail","6":"product_cat-bernu-brivais-laiks","7":"product_cat-makslas-piederumi-3","8":"product_cat-zimesana","10":"first","11":"instock","12":"taxable","13":"shipping-taxable","14":"product-type-simple"},"acf":[],"yoast_head":"<!-- This site is optimized with the Yoast SEO plugin v24.1 - https:\/\/yoast.com\/wordpress\/plugins\/seo\/ -->\n<title>Z\u012bm\u0113\u0161anas komplekts ar magn\u0113tisko t\u0101feli Maped Creativ Travel Board Knights and Princesses &#8211; Skizze<\/title>\n<meta name=\"robots\" content=\"noindex, follow, max-snippet:-1, max-image-preview:large, max-video-preview:-1\" \/>\n<meta property=\"og:locale\" content=\"lv_LV\" \/>\n<meta property=\"og:type\" content=\"article\" \/>\n<meta property=\"og:title\" content=\"Z\u012bm\u0113\u0161anas komplekts ar magn\u0113tisko t\u0101feli Maped Creativ Travel Board Knights and Princesses &#8211; Skizze\" \/>\n<meta property=\"og:description\" content=\"Bru\u0146inieku un prince\u0161u z\u012bm\u0113\u0161anas un sp\u0113\u013cu komplekts, ko var visur \u0146emt l\u012bdzi! Darb\u012bbas posmi: 1) Izv\u0113lieties v\u0113lamo magn\u0113tu un piestipriniet to pie t\u0101feles 2) \u013baujiet izt\u0113lei iepl\u016bst j\u016bsu darb\u0101. 3) Nokasiet to nost un s\u0101ciet no jauna atkal un atkal!. Komplekts ietver: Kompakta, viss-vien\u0101 audekla mape Baltu t\u0101feli 4 sausos dz\u0113\u0161amos mar\u0137ierus 14 magn\u0113tus Dr\u0101ni\u0146u\" \/>\n<meta property=\"og:url\" content=\"https:\/\/hobstop.ee\/lv\/produkts\/zimesanas-komplekts-ar-magnetisko-tafeli-maped-creativ-travel-board-knights-and-princesses\/\" \/>\n<meta property=\"og:site_name\" content=\"Skizze\" \/>\n<meta property=\"article:publisher\" content=\"http:\/\/www.facebook.com\/VunderSkizze\" \/>\n<meta property=\"og:image\" content=\"https:\/\/hobstop.ee\/media\/5004.jpg\" \/>\n\t<meta property=\"og:image:width\" content=\"1024\" \/>\n\t<meta property=\"og:image:height\" content=\"768\" \/>\n\t<meta property=\"og:image:type\" content=\"image\/jpeg\" \/>\n<meta name=\"twitter:card\" content=\"summary_large_image\" \/>\n<script type=\"application\/ld+json\" class=\"yoast-schema-graph\">{\"@context\":\"https:\/\/schema.org\",\"@graph\":[{\"@type\":\"WebPage\",\"@id\":\"https:\/\/hobstop.ee\/lv\/produkts\/zimesanas-komplekts-ar-magnetisko-tafeli-maped-creativ-travel-board-knights-and-princesses\/\",\"url\":\"https:\/\/hobstop.ee\/lv\/produkts\/zimesanas-komplekts-ar-magnetisko-tafeli-maped-creativ-travel-board-knights-and-princesses\/\",\"name\":\"Z\u012bm\u0113\u0161anas komplekts ar magn\u0113tisko t\u0101feli Maped Creativ Travel Board Knights and Princesses &#8211; Skizze\",\"isPartOf\":{\"@id\":\"https:\/\/hobstop.ee\/lv\/#website\"},\"primaryImageOfPage\":{\"@id\":\"https:\/\/hobstop.ee\/lv\/produkts\/zimesanas-komplekts-ar-magnetisko-tafeli-maped-creativ-travel-board-knights-and-princesses\/#primaryimage\"},\"image\":{\"@id\":\"https:\/\/hobstop.ee\/lv\/produkts\/zimesanas-komplekts-ar-magnetisko-tafeli-maped-creativ-travel-board-knights-and-princesses\/#primaryimage\"},\"thumbnailUrl\":\"https:\/\/hobstop.ee\/media\/5004.jpg\",\"datePublished\":\"2019-05-23T13:20:03+00:00\",\"dateModified\":\"2019-05-23T13:20:03+00:00\",\"breadcrumb\":{\"@id\":\"https:\/\/hobstop.ee\/lv\/produkts\/zimesanas-komplekts-ar-magnetisko-tafeli-maped-creativ-travel-board-knights-and-princesses\/#breadcrumb\"},\"inLanguage\":\"lv-LV\",\"potentialAction\":[{\"@type\":\"ReadAction\",\"target\":[\"https:\/\/hobstop.ee\/lv\/produkts\/zimesanas-komplekts-ar-magnetisko-tafeli-maped-creativ-travel-board-knights-and-princesses\/\"]}]},{\"@type\":\"ImageObject\",\"inLanguage\":\"lv-LV\",\"@id\":\"https:\/\/hobstop.ee\/lv\/produkts\/zimesanas-komplekts-ar-magnetisko-tafeli-maped-creativ-travel-board-knights-and-princesses\/#primaryimage\",\"url\":\"https:\/\/hobstop.ee\/media\/5004.jpg\",\"contentUrl\":\"https:\/\/hobstop.ee\/media\/5004.jpg\",\"width\":1024,\"height\":768},{\"@type\":\"BreadcrumbList\",\"@id\":\"https:\/\/hobstop.ee\/lv\/produkts\/zimesanas-komplekts-ar-magnetisko-tafeli-maped-creativ-travel-board-knights-and-princesses\/#breadcrumb\",\"itemListElement\":[{\"@type\":\"ListItem\",\"position\":1,\"name\":\"Avaleht\",\"item\":\"https:\/\/www.hobstop.ee\/lv\/\"},{\"@type\":\"ListItem\",\"position\":2,\"name\":\"Veikals\",\"item\":\"https:\/\/www.hobstop.ee\/lv\/veikals\/\"},{\"@type\":\"ListItem\",\"position\":3,\"name\":\"Z\u012bm\u0113\u0161anas komplekts ar magn\u0113tisko t\u0101feli Maped Creativ Travel Board Knights and Princesses\"}]},{\"@type\":\"WebSite\",\"@id\":\"https:\/\/hobstop.ee\/lv\/#website\",\"url\":\"https:\/\/hobstop.ee\/lv\/\",\"name\":\"Skizze\",\"description\":\"M\u0101kslas, hobiju un skolas preces\",\"publisher\":{\"@id\":\"https:\/\/hobstop.ee\/lv\/#organization\"},\"potentialAction\":[{\"@type\":\"SearchAction\",\"target\":{\"@type\":\"EntryPoint\",\"urlTemplate\":\"https:\/\/hobstop.ee\/lv\/?s={search_term_string}\"},\"query-input\":{\"@type\":\"PropertyValueSpecification\",\"valueRequired\":true,\"valueName\":\"search_term_string\"}}],\"inLanguage\":\"lv-LV\"},{\"@type\":\"Organization\",\"@id\":\"https:\/\/hobstop.ee\/lv\/#organization\",\"name\":\"Vunder AS\",\"url\":\"https:\/\/hobstop.ee\/lv\/\",\"logo\":{\"@type\":\"ImageObject\",\"inLanguage\":\"lv-LV\",\"@id\":\"https:\/\/hobstop.ee\/lv\/#\/schema\/logo\/image\/\",\"url\":\"https:\/\/hobstop.ee\/media\/vunder-logo.png\",\"contentUrl\":\"https:\/\/hobstop.ee\/media\/vunder-logo.png\",\"width\":127,\"height\":55,\"caption\":\"Vunder AS\"},\"image\":{\"@id\":\"https:\/\/hobstop.ee\/lv\/#\/schema\/logo\/image\/\"},\"sameAs\":[\"http:\/\/www.facebook.com\/VunderSkizze\"]}]}<\/script>\n<!-- \/ Yoast SEO plugin. -->","yoast_head_json":{"title":"Z\u012bm\u0113\u0161anas komplekts ar magn\u0113tisko t\u0101feli Maped Creativ Travel Board Knights and Princesses &#8211; Skizze","robots":{"index":"noindex","follow":"follow","max-snippet":"max-snippet:-1","max-image-preview":"max-image-preview:large","max-video-preview":"max-video-preview:-1"},"og_locale":"lv_LV","og_type":"article","og_title":"Z\u012bm\u0113\u0161anas komplekts ar magn\u0113tisko t\u0101feli Maped Creativ Travel Board Knights and Princesses &#8211; Skizze","og_description":"Bru\u0146inieku un prince\u0161u z\u012bm\u0113\u0161anas un sp\u0113\u013cu komplekts, ko var visur \u0146emt l\u012bdzi! Darb\u012bbas posmi: 1) Izv\u0113lieties v\u0113lamo magn\u0113tu un piestipriniet to pie t\u0101feles 2) \u013baujiet izt\u0113lei iepl\u016bst j\u016bsu darb\u0101. 3) Nokasiet to nost un s\u0101ciet no jauna atkal un atkal!. Komplekts ietver: Kompakta, viss-vien\u0101 audekla mape Baltu t\u0101feli 4 sausos dz\u0113\u0161amos mar\u0137ierus 14 magn\u0113tus Dr\u0101ni\u0146u","og_url":"https:\/\/hobstop.ee\/lv\/produkts\/zimesanas-komplekts-ar-magnetisko-tafeli-maped-creativ-travel-board-knights-and-princesses\/","og_site_name":"Skizze","article_publisher":"http:\/\/www.facebook.com\/VunderSkizze","og_image":[{"width":1024,"height":768,"url":"https:\/\/hobstop.ee\/media\/5004.jpg","type":"image\/jpeg"}],"twitter_card":"summary_large_image","schema":{"@context":"https:\/\/schema.org","@graph":[{"@type":"WebPage","@id":"https:\/\/hobstop.ee\/lv\/produkts\/zimesanas-komplekts-ar-magnetisko-tafeli-maped-creativ-travel-board-knights-and-princesses\/","url":"https:\/\/hobstop.ee\/lv\/produkts\/zimesanas-komplekts-ar-magnetisko-tafeli-maped-creativ-travel-board-knights-and-princesses\/","name":"Z\u012bm\u0113\u0161anas komplekts ar magn\u0113tisko t\u0101feli Maped Creativ Travel Board Knights and Princesses &#8211; Skizze","isPartOf":{"@id":"https:\/\/hobstop.ee\/lv\/#website"},"primaryImageOfPage":{"@id":"https:\/\/hobstop.ee\/lv\/produkts\/zimesanas-komplekts-ar-magnetisko-tafeli-maped-creativ-travel-board-knights-and-princesses\/#primaryimage"},"image":{"@id":"https:\/\/hobstop.ee\/lv\/produkts\/zimesanas-komplekts-ar-magnetisko-tafeli-maped-creativ-travel-board-knights-and-princesses\/#primaryimage"},"thumbnailUrl":"https:\/\/hobstop.ee\/media\/5004.jpg","datePublished":"2019-05-23T13:20:03+00:00","dateModified":"2019-05-23T13:20:03+00:00","breadcrumb":{"@id":"https:\/\/hobstop.ee\/lv\/produkts\/zimesanas-komplekts-ar-magnetisko-tafeli-maped-creativ-travel-board-knights-and-princesses\/#breadcrumb"},"inLanguage":"lv-LV","potentialAction":[{"@type":"ReadAction","target":["https:\/\/hobstop.ee\/lv\/produkts\/zimesanas-komplekts-ar-magnetisko-tafeli-maped-creativ-travel-board-knights-and-princesses\/"]}]},{"@type":"ImageObject","inLanguage":"lv-LV","@id":"https:\/\/hobstop.ee\/lv\/produkts\/zimesanas-komplekts-ar-magnetisko-tafeli-maped-creativ-travel-board-knights-and-princesses\/#primaryimage","url":"https:\/\/hobstop.ee\/media\/5004.jpg","contentUrl":"https:\/\/hobstop.ee\/media\/5004.jpg","width":1024,"height":768},{"@type":"BreadcrumbList","@id":"https:\/\/hobstop.ee\/lv\/produkts\/zimesanas-komplekts-ar-magnetisko-tafeli-maped-creativ-travel-board-knights-and-princesses\/#breadcrumb","itemListElement":[{"@type":"ListItem","position":1,"name":"Avaleht","item":"https:\/\/www.hobstop.ee\/lv\/"},{"@type":"ListItem","position":2,"name":"Veikals","item":"https:\/\/www.hobstop.ee\/lv\/veikals\/"},{"@type":"ListItem","position":3,"name":"Z\u012bm\u0113\u0161anas komplekts ar magn\u0113tisko t\u0101feli Maped Creativ Travel Board Knights and Princesses"}]},{"@type":"WebSite","@id":"https:\/\/hobstop.ee\/lv\/#website","url":"https:\/\/hobstop.ee\/lv\/","name":"Skizze","description":"M\u0101kslas, hobiju un skolas preces","publisher":{"@id":"https:\/\/hobstop.ee\/lv\/#organization"},"potentialAction":[{"@type":"SearchAction","target":{"@type":"EntryPoint","urlTemplate":"https:\/\/hobstop.ee\/lv\/?s={search_term_string}"},"query-input":{"@type":"PropertyValueSpecification","valueRequired":true,"valueName":"search_term_string"}}],"inLanguage":"lv-LV"},{"@type":"Organization","@id":"https:\/\/hobstop.ee\/lv\/#organization","name":"Vunder AS","url":"https:\/\/hobstop.ee\/lv\/","logo":{"@type":"ImageObject","inLanguage":"lv-LV","@id":"https:\/\/hobstop.ee\/lv\/#\/schema\/logo\/image\/","url":"https:\/\/hobstop.ee\/media\/vunder-logo.png","contentUrl":"https:\/\/hobstop.ee\/media\/vunder-logo.png","width":127,"height":55,"caption":"Vunder AS"},"image":{"@id":"https:\/\/hobstop.ee\/lv\/#\/schema\/logo\/image\/"},"sameAs":["http:\/\/www.facebook.com\/VunderSkizze"]}]}},"_links":{"self":[{"href":"https:\/\/hobstop.ee\/lv\/wp-json\/wp\/v2\/product\/335355","targetHints":{"allow":["GET"]}}],"collection":[{"href":"https:\/\/hobstop.ee\/lv\/wp-json\/wp\/v2\/product"}],"about":[{"href":"https:\/\/hobstop.ee\/lv\/wp-json\/wp\/v2\/types\/product"}],"replies":[{"embeddable":true,"href":"https:\/\/hobstop.ee\/lv\/wp-json\/wp\/v2\/comments?post=335355"}],"wp:featuredmedia":[{"embeddable":true,"href":"https:\/\/hobstop.ee\/lv\/wp-json\/wp\/v2\/media\/352963"}],"wp:attachment":[{"href":"https:\/\/hobstop.ee\/lv\/wp-json\/wp\/v2\/media?parent=335355"}],"wp:term":[{"taxonomy":"product_cat","embeddable":true,"href":"https:\/\/hobstop.ee\/lv\/wp-json\/wp\/v2\/product_cat?post=335355"},{"taxonomy":"product_tag","embeddable":true,"href":"https:\/\/hobstop.ee\/lv\/wp-json\/wp\/v2\/product_tag?post=335355"}],"curies":[{"name":"wp","href":"https:\/\/api.w.org\/{rel}","templated":true}]}}