{"id":335359,"date":"2019-05-23T16:20:06","date_gmt":"2019-05-23T13:20:08","guid":{"rendered":"https:\/\/sharks.ee\/vunder_2019\/product\/ellas-krasu-komplekts-sennelier-rive-gauche\/"},"modified":"2019-05-23T16:20:08","modified_gmt":"2019-05-23T13:20:08","slug":"ellas-krasu-komplekts-sennelier-rive-gauche","status":"publish","type":"product","link":"https:\/\/hobstop.ee\/lv\/produkts\/ellas-krasu-komplekts-sennelier-rive-gauche\/","title":{"rendered":"E\u013c\u013cas kr\u0101su komplekts Sennelier Rive Gauche"},"content":{"rendered":"<p>S\u0101kot no pa\u0161iem aizs\u0101kumiem, Par\u012bze ir bijusi Sennelier iedvesmas avots, padarot to par izteiktu Par\u012bzes z\u012bmolu. Sennelier darb\u012bba s\u0101k\u0101s 1887.gad\u0101 Par\u012bz\u0113, iepretim Luvrai, tikai rokas stiepiena att\u0101lum\u0101 no  \u201c\u00c9cole des Beaux-Arts\u201d, kas ir pasaules m\u0101kslas epicentrs, un atrodas S\u0113nas kreisaj\u0101 krast\u0101 (\u201csur la Rive Gauche\u201d). \u0160is simboliskais upes krasts no Lat\u012b\u0146u kvart\u0101la l\u012bdz Montparnasai ir ie\u0146\u0113mis domin\u0113jo\u0161u lomu m\u0101kslinieku, intelektu\u0101\u013cu, m\u016bzi\u0137u, profesoru un studentu vid\u016b. Pateicoties lepnumam par savu izcelsmi, nosaukums \u201cRive Gauche\u201d bija dabiska Sennelier Fine Oils izv\u0113le.<br \/>\nSaglab\u0101jot e\u013c\u013cas glezniec\u012bbas galven\u0101s \u012bpa\u0161\u012bbas, Sennelier Rive Gauche smalk\u0101s e\u013c\u013cas \u017e\u016bst divas reizes \u0101tr\u0101k nek\u0101 klasisk\u0101s. T\u0101 rezult\u0101t\u0101 ir ieg\u016bts sa\u012bsin\u0101ts \u017e\u016b\u0161anas laiks, neierobe\u017eojot m\u0101kslinieku iesp\u0113jas str\u0101d\u0101t ar svaig\u0101m kr\u0101s\u0101m. Lai ra\u017eotu Rive Gauche, tiek izmantota saflora e\u013c\u013ca &#8211; to raksturo zema dzelt\u0113\u0161anas pak\u0101pe (50% maz\u0101k nek\u0101 lins\u0113klu e\u013c\u013ca) un tai ir lieliska sader\u012bba ar pigmentiem. Rive Gauche smalkaj\u0101s e\u013c\u013c\u0101s tiek izmantoti jauni pigmenti, augstas efektivit\u0101tes kadmija aizst\u0101j\u0113ji, kas rada d\u016bmakain\u012bbu un spilgtumu, kas ir gandr\u012bz l\u012bdzv\u0113rt\u012bgas \u012bst\u0101m, uz  kadmija e\u013c\u013cas b\u0101z\u0113t\u0101m kr\u0101s\u0101m. Ar Rive Gauche Sennelier iepaz\u012bstina ar Par\u012bzi kr\u0101sas t\u016bbi\u0146\u0101s, lai m\u0101kslinieki no visas pasaules var\u0113tu izbaud\u012bt to izmanto\u0161anas iesp\u0113jas!<\/p>\n","protected":false},"excerpt":{"rendered":"<p>S\u0101kot no pa\u0161iem aizs\u0101kumiem, Par\u012bze ir bijusi Sennelier iedvesmas avots, padarot to par izteiktu Par\u012bzes z\u012bmolu. Sennelier darb\u012bba s\u0101k\u0101s 1887.gad\u0101 Par\u012bz\u0113, iepretim Luvrai, tikai rokas stiepiena att\u0101lum\u0101 no \u201c\u00c9cole des Beaux-Arts\u201d, kas ir pasaules m\u0101kslas epicentrs, un atrodas S\u0113nas kreisaj\u0101 krast\u0101 (\u201csur la Rive Gauche\u201d). \u0160is simboliskais upes krasts no Lat\u012b\u0146u kvart\u0101la l\u012bdz Montparnasai ir ie\u0146\u0113mis domin\u0113jo\u0161u lomu m\u0101kslinieku, intelektu\u0101\u013cu, m\u016bzi\u0137u, profesoru un studentu vid\u016b. Pateicoties lepnumam par savu izcelsmi, nosaukums \u201cRive Gauche\u201d bija dabiska Sennelier Fine Oils izv\u0113le. Saglab\u0101jot e\u013c\u013cas glezniec\u012bbas galven\u0101s \u012bpa\u0161\u012bbas, Sennelier Rive Gauche smalk\u0101s e\u013c\u013cas \u017e\u016bst divas reizes \u0101tr\u0101k nek\u0101 klasisk\u0101s. T\u0101 rezult\u0101t\u0101 ir ieg\u016bts sa\u012bsin\u0101ts \u017e\u016b\u0161anas laiks, neierobe\u017eojot m\u0101kslinieku iesp\u0113jas str\u0101d\u0101t ar svaig\u0101m kr\u0101s\u0101m. Lai ra\u017eotu Rive Gauche, tiek izmantota saflora e\u013c\u013ca &#8211; to raksturo zema dzelt\u0113\u0161anas pak\u0101pe (50% maz\u0101k nek\u0101 lins\u0113klu e\u013c\u013ca) un tai ir lieliska sader\u012bba ar pigmentiem. Rive Gauche smalkaj\u0101s e\u013c\u013c\u0101s tiek izmantoti jauni pigmenti, augstas efektivit\u0101tes kadmija aizst\u0101j\u0113ji, kas rada d\u016bmakain\u012bbu un spilgtumu, kas ir gandr\u012bz l\u012bdzv\u0113rt\u012bgas \u012bst\u0101m, uz kadmija e\u013c\u013cas b\u0101z\u0113t\u0101m kr\u0101s\u0101m. Ar Rive Gauche Sennelier iepaz\u012bstina ar Par\u012bzi kr\u0101sas t\u016bbi\u0146\u0101s, lai m\u0101kslinieki no visas pasaules var\u0113tu izbaud\u012bt to izmanto\u0161anas iesp\u0113jas!<\/p>\n","protected":false},"featured_media":352999,"comment_status":"closed","ping_status":"closed","template":"","meta":{"_acf_changed":false,"ep_exclude_from_search":false},"product_cat":[18165,17980,16123],"product_tag":[],"class_list":{"0":"post-335359","1":"product","2":"type-product","3":"status-publish","4":"has-post-thumbnail","6":"product_cat-ellas-krasas-3","7":"product_cat-krasas-un-gleznosanas-paligmateriali","8":"product_cat-makslas-piederumi-2","10":"first","11":"instock","12":"taxable","13":"shipping-taxable","14":"product-type-simple"},"acf":[],"yoast_head":"<!-- This site is optimized with the Yoast SEO plugin v24.1 - https:\/\/yoast.com\/wordpress\/plugins\/seo\/ -->\n<title>E\u013c\u013cas kr\u0101su komplekts Sennelier Rive Gauche &#8211; Skizze<\/title>\n<meta name=\"robots\" content=\"noindex, follow, max-snippet:-1, max-image-preview:large, max-video-preview:-1\" \/>\n<meta property=\"og:locale\" content=\"lv_LV\" \/>\n<meta property=\"og:type\" content=\"article\" \/>\n<meta property=\"og:title\" content=\"E\u013c\u013cas kr\u0101su komplekts Sennelier Rive Gauche &#8211; Skizze\" \/>\n<meta property=\"og:description\" content=\"S\u0101kot no pa\u0161iem aizs\u0101kumiem, Par\u012bze ir bijusi Sennelier iedvesmas avots, padarot to par izteiktu Par\u012bzes z\u012bmolu. Sennelier darb\u012bba s\u0101k\u0101s 1887.gad\u0101 Par\u012bz\u0113, iepretim Luvrai, tikai rokas stiepiena att\u0101lum\u0101 no \u201c\u00c9cole des Beaux-Arts\u201d, kas ir pasaules m\u0101kslas epicentrs, un atrodas S\u0113nas kreisaj\u0101 krast\u0101 (\u201csur la Rive Gauche\u201d). \u0160is simboliskais upes krasts no Lat\u012b\u0146u kvart\u0101la l\u012bdz Montparnasai ir ie\u0146\u0113mis domin\u0113jo\u0161u lomu m\u0101kslinieku, intelektu\u0101\u013cu, m\u016bzi\u0137u, profesoru un studentu vid\u016b. Pateicoties lepnumam par savu izcelsmi, nosaukums \u201cRive Gauche\u201d bija dabiska Sennelier Fine Oils izv\u0113le. Saglab\u0101jot e\u013c\u013cas glezniec\u012bbas galven\u0101s \u012bpa\u0161\u012bbas, Sennelier Rive Gauche smalk\u0101s e\u013c\u013cas \u017e\u016bst divas reizes \u0101tr\u0101k nek\u0101 klasisk\u0101s. T\u0101 rezult\u0101t\u0101 ir ieg\u016bts sa\u012bsin\u0101ts \u017e\u016b\u0161anas laiks, neierobe\u017eojot m\u0101kslinieku iesp\u0113jas str\u0101d\u0101t ar svaig\u0101m kr\u0101s\u0101m. Lai ra\u017eotu Rive Gauche, tiek izmantota saflora e\u013c\u013ca &#8211; to raksturo zema dzelt\u0113\u0161anas pak\u0101pe (50% maz\u0101k nek\u0101 lins\u0113klu e\u013c\u013ca) un tai ir lieliska sader\u012bba ar pigmentiem. Rive Gauche smalkaj\u0101s e\u013c\u013c\u0101s tiek izmantoti jauni pigmenti, augstas efektivit\u0101tes kadmija aizst\u0101j\u0113ji, kas rada d\u016bmakain\u012bbu un spilgtumu, kas ir gandr\u012bz l\u012bdzv\u0113rt\u012bgas \u012bst\u0101m, uz kadmija e\u013c\u013cas b\u0101z\u0113t\u0101m kr\u0101s\u0101m. Ar Rive Gauche Sennelier iepaz\u012bstina ar Par\u012bzi kr\u0101sas t\u016bbi\u0146\u0101s, lai m\u0101kslinieki no visas pasaules var\u0113tu izbaud\u012bt to izmanto\u0161anas iesp\u0113jas!\" \/>\n<meta property=\"og:url\" content=\"https:\/\/hobstop.ee\/lv\/produkts\/ellas-krasu-komplekts-sennelier-rive-gauche\/\" \/>\n<meta property=\"og:site_name\" content=\"Skizze\" \/>\n<meta property=\"article:publisher\" content=\"http:\/\/www.facebook.com\/VunderSkizze\" \/>\n<meta property=\"og:image\" content=\"https:\/\/www.hobstop.ee\/media\/5005.JPG\" \/>\n\t<meta property=\"og:image:width\" content=\"1024\" \/>\n\t<meta property=\"og:image:height\" content=\"768\" \/>\n\t<meta property=\"og:image:type\" content=\"image\/jpeg\" \/>\n<meta name=\"twitter:card\" content=\"summary_large_image\" \/>\n<meta name=\"twitter:label1\" content=\"Est. reading time\" \/>\n\t<meta name=\"twitter:data1\" content=\"1 min\u016b\u0161u\" \/>\n<script type=\"application\/ld+json\" class=\"yoast-schema-graph\">{\"@context\":\"https:\/\/schema.org\",\"@graph\":[{\"@type\":\"WebPage\",\"@id\":\"https:\/\/hobstop.ee\/lv\/produkts\/ellas-krasu-komplekts-sennelier-rive-gauche\/\",\"url\":\"https:\/\/hobstop.ee\/lv\/produkts\/ellas-krasu-komplekts-sennelier-rive-gauche\/\",\"name\":\"E\u013c\u013cas kr\u0101su komplekts Sennelier Rive Gauche &#8211; Skizze\",\"isPartOf\":{\"@id\":\"https:\/\/hobstop.ee\/lv\/#website\"},\"primaryImageOfPage\":{\"@id\":\"https:\/\/hobstop.ee\/lv\/produkts\/ellas-krasu-komplekts-sennelier-rive-gauche\/#primaryimage\"},\"image\":{\"@id\":\"https:\/\/hobstop.ee\/lv\/produkts\/ellas-krasu-komplekts-sennelier-rive-gauche\/#primaryimage\"},\"thumbnailUrl\":\"https:\/\/hobstop.ee\/media\/5005.JPG\",\"datePublished\":\"2019-05-23T13:20:08+00:00\",\"dateModified\":\"2019-05-23T13:20:08+00:00\",\"breadcrumb\":{\"@id\":\"https:\/\/hobstop.ee\/lv\/produkts\/ellas-krasu-komplekts-sennelier-rive-gauche\/#breadcrumb\"},\"inLanguage\":\"lv-LV\",\"potentialAction\":[{\"@type\":\"ReadAction\",\"target\":[\"https:\/\/hobstop.ee\/lv\/produkts\/ellas-krasu-komplekts-sennelier-rive-gauche\/\"]}]},{\"@type\":\"ImageObject\",\"inLanguage\":\"lv-LV\",\"@id\":\"https:\/\/hobstop.ee\/lv\/produkts\/ellas-krasu-komplekts-sennelier-rive-gauche\/#primaryimage\",\"url\":\"https:\/\/hobstop.ee\/media\/5005.JPG\",\"contentUrl\":\"https:\/\/hobstop.ee\/media\/5005.JPG\",\"width\":1024,\"height\":768},{\"@type\":\"BreadcrumbList\",\"@id\":\"https:\/\/hobstop.ee\/lv\/produkts\/ellas-krasu-komplekts-sennelier-rive-gauche\/#breadcrumb\",\"itemListElement\":[{\"@type\":\"ListItem\",\"position\":1,\"name\":\"Avaleht\",\"item\":\"https:\/\/www.hobstop.ee\/lv\/\"},{\"@type\":\"ListItem\",\"position\":2,\"name\":\"Veikals\",\"item\":\"https:\/\/www.hobstop.ee\/lv\/veikals\/\"},{\"@type\":\"ListItem\",\"position\":3,\"name\":\"E\u013c\u013cas kr\u0101su komplekts Sennelier Rive Gauche\"}]},{\"@type\":\"WebSite\",\"@id\":\"https:\/\/hobstop.ee\/lv\/#website\",\"url\":\"https:\/\/hobstop.ee\/lv\/\",\"name\":\"Skizze\",\"description\":\"M\u0101kslas, hobiju un skolas preces\",\"publisher\":{\"@id\":\"https:\/\/hobstop.ee\/lv\/#organization\"},\"potentialAction\":[{\"@type\":\"SearchAction\",\"target\":{\"@type\":\"EntryPoint\",\"urlTemplate\":\"https:\/\/hobstop.ee\/lv\/?s={search_term_string}\"},\"query-input\":{\"@type\":\"PropertyValueSpecification\",\"valueRequired\":true,\"valueName\":\"search_term_string\"}}],\"inLanguage\":\"lv-LV\"},{\"@type\":\"Organization\",\"@id\":\"https:\/\/hobstop.ee\/lv\/#organization\",\"name\":\"Vunder AS\",\"url\":\"https:\/\/hobstop.ee\/lv\/\",\"logo\":{\"@type\":\"ImageObject\",\"inLanguage\":\"lv-LV\",\"@id\":\"https:\/\/hobstop.ee\/lv\/#\/schema\/logo\/image\/\",\"url\":\"https:\/\/hobstop.ee\/media\/vunder-logo.png\",\"contentUrl\":\"https:\/\/hobstop.ee\/media\/vunder-logo.png\",\"width\":127,\"height\":55,\"caption\":\"Vunder AS\"},\"image\":{\"@id\":\"https:\/\/hobstop.ee\/lv\/#\/schema\/logo\/image\/\"},\"sameAs\":[\"http:\/\/www.facebook.com\/VunderSkizze\"]}]}<\/script>\n<!-- \/ Yoast SEO plugin. -->","yoast_head_json":{"title":"E\u013c\u013cas kr\u0101su komplekts Sennelier Rive Gauche &#8211; Skizze","robots":{"index":"noindex","follow":"follow","max-snippet":"max-snippet:-1","max-image-preview":"max-image-preview:large","max-video-preview":"max-video-preview:-1"},"og_locale":"lv_LV","og_type":"article","og_title":"E\u013c\u013cas kr\u0101su komplekts Sennelier Rive Gauche &#8211; Skizze","og_description":"S\u0101kot no pa\u0161iem aizs\u0101kumiem, Par\u012bze ir bijusi Sennelier iedvesmas avots, padarot to par izteiktu Par\u012bzes z\u012bmolu. Sennelier darb\u012bba s\u0101k\u0101s 1887.gad\u0101 Par\u012bz\u0113, iepretim Luvrai, tikai rokas stiepiena att\u0101lum\u0101 no \u201c\u00c9cole des Beaux-Arts\u201d, kas ir pasaules m\u0101kslas epicentrs, un atrodas S\u0113nas kreisaj\u0101 krast\u0101 (\u201csur la Rive Gauche\u201d). \u0160is simboliskais upes krasts no Lat\u012b\u0146u kvart\u0101la l\u012bdz Montparnasai ir ie\u0146\u0113mis domin\u0113jo\u0161u lomu m\u0101kslinieku, intelektu\u0101\u013cu, m\u016bzi\u0137u, profesoru un studentu vid\u016b. Pateicoties lepnumam par savu izcelsmi, nosaukums \u201cRive Gauche\u201d bija dabiska Sennelier Fine Oils izv\u0113le. Saglab\u0101jot e\u013c\u013cas glezniec\u012bbas galven\u0101s \u012bpa\u0161\u012bbas, Sennelier Rive Gauche smalk\u0101s e\u013c\u013cas \u017e\u016bst divas reizes \u0101tr\u0101k nek\u0101 klasisk\u0101s. T\u0101 rezult\u0101t\u0101 ir ieg\u016bts sa\u012bsin\u0101ts \u017e\u016b\u0161anas laiks, neierobe\u017eojot m\u0101kslinieku iesp\u0113jas str\u0101d\u0101t ar svaig\u0101m kr\u0101s\u0101m. Lai ra\u017eotu Rive Gauche, tiek izmantota saflora e\u013c\u013ca &#8211; to raksturo zema dzelt\u0113\u0161anas pak\u0101pe (50% maz\u0101k nek\u0101 lins\u0113klu e\u013c\u013ca) un tai ir lieliska sader\u012bba ar pigmentiem. Rive Gauche smalkaj\u0101s e\u013c\u013c\u0101s tiek izmantoti jauni pigmenti, augstas efektivit\u0101tes kadmija aizst\u0101j\u0113ji, kas rada d\u016bmakain\u012bbu un spilgtumu, kas ir gandr\u012bz l\u012bdzv\u0113rt\u012bgas \u012bst\u0101m, uz kadmija e\u013c\u013cas b\u0101z\u0113t\u0101m kr\u0101s\u0101m. Ar Rive Gauche Sennelier iepaz\u012bstina ar Par\u012bzi kr\u0101sas t\u016bbi\u0146\u0101s, lai m\u0101kslinieki no visas pasaules var\u0113tu izbaud\u012bt to izmanto\u0161anas iesp\u0113jas!","og_url":"https:\/\/hobstop.ee\/lv\/produkts\/ellas-krasu-komplekts-sennelier-rive-gauche\/","og_site_name":"Skizze","article_publisher":"http:\/\/www.facebook.com\/VunderSkizze","og_image":[{"width":1024,"height":768,"url":"https:\/\/www.hobstop.ee\/media\/5005.JPG","type":"image\/jpeg"}],"twitter_card":"summary_large_image","twitter_misc":{"Est. reading time":"1 min\u016b\u0161u"},"schema":{"@context":"https:\/\/schema.org","@graph":[{"@type":"WebPage","@id":"https:\/\/hobstop.ee\/lv\/produkts\/ellas-krasu-komplekts-sennelier-rive-gauche\/","url":"https:\/\/hobstop.ee\/lv\/produkts\/ellas-krasu-komplekts-sennelier-rive-gauche\/","name":"E\u013c\u013cas kr\u0101su komplekts Sennelier Rive Gauche &#8211; Skizze","isPartOf":{"@id":"https:\/\/hobstop.ee\/lv\/#website"},"primaryImageOfPage":{"@id":"https:\/\/hobstop.ee\/lv\/produkts\/ellas-krasu-komplekts-sennelier-rive-gauche\/#primaryimage"},"image":{"@id":"https:\/\/hobstop.ee\/lv\/produkts\/ellas-krasu-komplekts-sennelier-rive-gauche\/#primaryimage"},"thumbnailUrl":"https:\/\/hobstop.ee\/media\/5005.JPG","datePublished":"2019-05-23T13:20:08+00:00","dateModified":"2019-05-23T13:20:08+00:00","breadcrumb":{"@id":"https:\/\/hobstop.ee\/lv\/produkts\/ellas-krasu-komplekts-sennelier-rive-gauche\/#breadcrumb"},"inLanguage":"lv-LV","potentialAction":[{"@type":"ReadAction","target":["https:\/\/hobstop.ee\/lv\/produkts\/ellas-krasu-komplekts-sennelier-rive-gauche\/"]}]},{"@type":"ImageObject","inLanguage":"lv-LV","@id":"https:\/\/hobstop.ee\/lv\/produkts\/ellas-krasu-komplekts-sennelier-rive-gauche\/#primaryimage","url":"https:\/\/hobstop.ee\/media\/5005.JPG","contentUrl":"https:\/\/hobstop.ee\/media\/5005.JPG","width":1024,"height":768},{"@type":"BreadcrumbList","@id":"https:\/\/hobstop.ee\/lv\/produkts\/ellas-krasu-komplekts-sennelier-rive-gauche\/#breadcrumb","itemListElement":[{"@type":"ListItem","position":1,"name":"Avaleht","item":"https:\/\/www.hobstop.ee\/lv\/"},{"@type":"ListItem","position":2,"name":"Veikals","item":"https:\/\/www.hobstop.ee\/lv\/veikals\/"},{"@type":"ListItem","position":3,"name":"E\u013c\u013cas kr\u0101su komplekts Sennelier Rive Gauche"}]},{"@type":"WebSite","@id":"https:\/\/hobstop.ee\/lv\/#website","url":"https:\/\/hobstop.ee\/lv\/","name":"Skizze","description":"M\u0101kslas, hobiju un skolas preces","publisher":{"@id":"https:\/\/hobstop.ee\/lv\/#organization"},"potentialAction":[{"@type":"SearchAction","target":{"@type":"EntryPoint","urlTemplate":"https:\/\/hobstop.ee\/lv\/?s={search_term_string}"},"query-input":{"@type":"PropertyValueSpecification","valueRequired":true,"valueName":"search_term_string"}}],"inLanguage":"lv-LV"},{"@type":"Organization","@id":"https:\/\/hobstop.ee\/lv\/#organization","name":"Vunder AS","url":"https:\/\/hobstop.ee\/lv\/","logo":{"@type":"ImageObject","inLanguage":"lv-LV","@id":"https:\/\/hobstop.ee\/lv\/#\/schema\/logo\/image\/","url":"https:\/\/hobstop.ee\/media\/vunder-logo.png","contentUrl":"https:\/\/hobstop.ee\/media\/vunder-logo.png","width":127,"height":55,"caption":"Vunder AS"},"image":{"@id":"https:\/\/hobstop.ee\/lv\/#\/schema\/logo\/image\/"},"sameAs":["http:\/\/www.facebook.com\/VunderSkizze"]}]}},"_links":{"self":[{"href":"https:\/\/hobstop.ee\/lv\/wp-json\/wp\/v2\/product\/335359","targetHints":{"allow":["GET"]}}],"collection":[{"href":"https:\/\/hobstop.ee\/lv\/wp-json\/wp\/v2\/product"}],"about":[{"href":"https:\/\/hobstop.ee\/lv\/wp-json\/wp\/v2\/types\/product"}],"replies":[{"embeddable":true,"href":"https:\/\/hobstop.ee\/lv\/wp-json\/wp\/v2\/comments?post=335359"}],"wp:featuredmedia":[{"embeddable":true,"href":"https:\/\/hobstop.ee\/lv\/wp-json\/wp\/v2\/media\/352999"}],"wp:attachment":[{"href":"https:\/\/hobstop.ee\/lv\/wp-json\/wp\/v2\/media?parent=335359"}],"wp:term":[{"taxonomy":"product_cat","embeddable":true,"href":"https:\/\/hobstop.ee\/lv\/wp-json\/wp\/v2\/product_cat?post=335359"},{"taxonomy":"product_tag","embeddable":true,"href":"https:\/\/hobstop.ee\/lv\/wp-json\/wp\/v2\/product_tag?post=335359"}],"curies":[{"name":"wp","href":"https:\/\/api.w.org\/{rel}","templated":true}]}}