{"id":335363,"date":"2019-05-23T16:20:11","date_gmt":"2019-05-23T13:20:14","guid":{"rendered":"https:\/\/sharks.ee\/vunder_2019\/product\/akrila-krasu-komplekts-sennelier-artist\/"},"modified":"2019-09-16T15:04:00","modified_gmt":"2019-09-16T12:04:00","slug":"akrila-krasu-komplekts-sennelier-artist","status":"publish","type":"product","link":"https:\/\/hobstop.ee\/lv\/produkts\/akrila-krasu-komplekts-sennelier-artist\/","title":{"rendered":"Akrila kr\u0101su komplekts Sennelier Artist"},"content":{"rendered":"<p>Sennelier m\u0101ksliniekiem paredz\u0113to akrila kr\u0101su l\u012bnijas kvalit\u0101tes m\u0113r\u0137is bija izveidot \u012bpa\u0161u kl\u0101stu, kuram sast\u0101vs un kl\u0101\u0161an\u0101s \u012bpa\u0161\u012bbas ir l\u012bdz\u012bgas smalkaj\u0101m e\u013c\u013cas kr\u0101s\u0101m. Bag\u0101t\u012bg\u0101 kr\u0113mveida tekst\u016bra izce\u013c v\u0113lamos otas triepienus vai na\u017ea p\u0113das. \u0160\u012bm kr\u0101s\u0101m ir augsts pigmenta saturs (galvenok\u0101rt viens pigments), kas izv\u0113l\u0113ts, lai nodro\u0161in\u0101tu optim\u0101lu stabilit\u0101ti laika gait\u0101. Sennelier saglab\u0101 amatniec\u012bbas trad\u012bcijas, iev\u0113rojot stingru un past\u0101v\u012bgu kvalit\u0101tes kontroli. Katrs ra\u017eo\u0161anas posms tiek r\u016bp\u012bgi p\u0101rbaud\u012bts laboratorij\u0101. Produkts par\u0101d\u0101s tirg\u016b tikai p\u0113c vair\u0101kiem testiem, kas apliecina, ka tas atbilst \u013coti specifisk\u0101m pras\u012bb\u0101m attiec\u012bb\u0101 uz kr\u0101su, gaismas notur\u012bbu, konsistenci, pies\u0101tin\u0101jumu, v\u0113rt\u012bbu, pH un \u017e\u016b\u0161anas laiku. Sennelier \u012bpa\u0161i smalkais akrils sniedz iesp\u0113ju veidot sl\u0101\u0146us vai izpl\u016bdu\u0161u kr\u0101su efektu kombin\u0101cij\u0101 ar cit\u0101m metod\u0113m, piem\u0113ram, paste\u013ciem, kokogl\u0113m vai tinti, veidojot p\u0101rkl\u0101jumus, kol\u0101\u017eas un da\u017e\u0101du materi\u0101lu inkrust\u0101cijas. T\u0101s var izmantot gan \u0101rpus telp\u0101m, gan ar\u012b studij\u0101. Kr\u0101sas nodro\u0161ina \u013coti labu sa\u0137eri ar daudz\u0101m nepies\u0101tin\u0101t\u0101m virsm\u0101m: pap\u012bru, audeklu, kartonu, koku, audumu, cementu, \u0123ipsi, da\u017eiem plastmasas veidiem un met\u0101lu. Ar to var darboties, izmantojot otu, glezno\u0161anas nazi, met\u0101la l\u0101psti\u0146u vai ar\u012b tie\u0161i no t\u016bbi\u0146as, lai ieg\u016btu biezas l\u012bnijas, vai pat izmantojot pirkstus. T\u0101s ir lieliski piem\u0113rotas p\u0101rkl\u0101jumu veido\u0161anai, un t\u0101s var jaukt ar piedev\u0101m, lai main\u012btu tekst\u016bru, viskozit\u0101ti, caursp\u012bd\u012bgumu vai gai\u0161umu p\u0113c v\u0113l\u0113\u0161an\u0101s. Sennelier \u012bpa\u0161i smalkaj\u0101m akrila kr\u0101s\u0101m nepiem\u012bt izteikta smar\u017ea, un t\u0101s \u0101tri \u017e\u016bst, veidojot past\u0101v\u012bgu, ne\u0161\u0137\u012bsto\u0161u, nel\u016bzto\u0161u, nedzelt\u0113jo\u0161u, \u016bdensiztur\u012bgu pl\u0113vi. At\u0161\u0137ir\u012bbas gal\u0113j\u0101  rezult\u0101t\u0101, kas rodas p\u0113c kr\u0101su no\u017e\u016b\u0161anas, ir pavisam minim\u0101las vai pat neeso\u0161as, un t\u0101s ir atkar\u012bgs no to\u0146a.<\/p>\n","protected":false},"excerpt":{"rendered":"<p>Sennelier m\u0101ksliniekiem paredz\u0113to akrila kr\u0101su l\u012bnijas kvalit\u0101tes m\u0113r\u0137is bija izveidot \u012bpa\u0161u kl\u0101stu, kuram sast\u0101vs un kl\u0101\u0161an\u0101s \u012bpa\u0161\u012bbas ir l\u012bdz\u012bgas smalkaj\u0101m e\u013c\u013cas kr\u0101s\u0101m. Bag\u0101t\u012bg\u0101 kr\u0113mveida tekst\u016bra izce\u013c v\u0113lamos otas triepienus vai na\u017ea p\u0113das. \u0160\u012bm kr\u0101s\u0101m ir augsts pigmenta saturs (galvenok\u0101rt viens pigments), kas izv\u0113l\u0113ts, lai nodro\u0161in\u0101tu optim\u0101lu stabilit\u0101ti laika gait\u0101. Sennelier saglab\u0101 amatniec\u012bbas trad\u012bcijas, iev\u0113rojot stingru un past\u0101v\u012bgu kvalit\u0101tes kontroli. Katrs ra\u017eo\u0161anas posms tiek r\u016bp\u012bgi p\u0101rbaud\u012bts laboratorij\u0101. Produkts par\u0101d\u0101s tirg\u016b tikai p\u0113c vair\u0101kiem testiem, kas apliecina, ka tas atbilst \u013coti specifisk\u0101m pras\u012bb\u0101m attiec\u012bb\u0101 uz kr\u0101su, gaismas notur\u012bbu, konsistenci, pies\u0101tin\u0101jumu, v\u0113rt\u012bbu, pH un \u017e\u016b\u0161anas laiku. Sennelier \u012bpa\u0161i smalkais akrils sniedz iesp\u0113ju veidot sl\u0101\u0146us vai izpl\u016bdu\u0161u kr\u0101su efektu kombin\u0101cij\u0101 ar cit\u0101m metod\u0113m, piem\u0113ram, paste\u013ciem, kokogl\u0113m vai tinti, veidojot p\u0101rkl\u0101jumus, kol\u0101\u017eas un da\u017e\u0101du materi\u0101lu inkrust\u0101cijas. T\u0101s var izmantot gan \u0101rpus telp\u0101m, gan ar\u012b studij\u0101. Kr\u0101sas nodro\u0161ina \u013coti labu sa\u0137eri ar daudz\u0101m nepies\u0101tin\u0101t\u0101m virsm\u0101m: pap\u012bru, audeklu, kartonu, koku, audumu, cementu, \u0123ipsi, da\u017eiem plastmasas veidiem un met\u0101lu. Ar to var darboties, izmantojot otu, glezno\u0161anas nazi, met\u0101la l\u0101psti\u0146u vai ar\u012b tie\u0161i no t\u016bbi\u0146as, lai ieg\u016btu biezas l\u012bnijas, vai pat izmantojot pirkstus. T\u0101s ir lieliski piem\u0113rotas p\u0101rkl\u0101jumu veido\u0161anai, un t\u0101s var jaukt ar piedev\u0101m, lai main\u012btu tekst\u016bru, viskozit\u0101ti, caursp\u012bd\u012bgumu vai gai\u0161umu p\u0113c v\u0113l\u0113\u0161an\u0101s. Sennelier \u012bpa\u0161i smalkaj\u0101m akrila kr\u0101s\u0101m &hellip; <a href=\"https:\/\/hobstop.ee\/lv\/produkts\/akrila-krasu-komplekts-sennelier-artist\/\">Turpin\u0101jums<\/a><\/p>\n","protected":false},"featured_media":352995,"comment_status":"closed","ping_status":"closed","template":"","meta":{"_acf_changed":false,"ep_exclude_from_search":false},"product_cat":[18994,17980,16123],"product_tag":[],"class_list":{"0":"post-335363","1":"product","2":"type-product","3":"status-publish","4":"has-post-thumbnail","6":"product_cat-akrila-krasas","7":"product_cat-krasas-un-gleznosanas-paligmateriali","8":"product_cat-makslas-piederumi-2","9":"pa_kma-20408","11":"first","12":"instock","13":"taxable","14":"shipping-taxable","15":"purchasable","16":"product-type-variable"},"acf":[],"yoast_head":"<!-- This site is optimized with the Yoast SEO plugin v24.1 - https:\/\/yoast.com\/wordpress\/plugins\/seo\/ -->\n<title>Akrila kr\u0101su komplekts Sennelier Artist &#8211; Skizze<\/title>\n<meta name=\"robots\" content=\"noindex, follow, max-snippet:-1, max-image-preview:large, max-video-preview:-1\" \/>\n<meta property=\"og:locale\" content=\"lv_LV\" \/>\n<meta property=\"og:type\" content=\"article\" \/>\n<meta property=\"og:title\" content=\"Akrila kr\u0101su komplekts Sennelier Artist &#8211; Skizze\" \/>\n<meta property=\"og:description\" content=\"Sennelier m\u0101ksliniekiem paredz\u0113to akrila kr\u0101su l\u012bnijas kvalit\u0101tes m\u0113r\u0137is bija izveidot \u012bpa\u0161u kl\u0101stu, kuram sast\u0101vs un kl\u0101\u0161an\u0101s \u012bpa\u0161\u012bbas ir l\u012bdz\u012bgas smalkaj\u0101m e\u013c\u013cas kr\u0101s\u0101m. Bag\u0101t\u012bg\u0101 kr\u0113mveida tekst\u016bra izce\u013c v\u0113lamos otas triepienus vai na\u017ea p\u0113das. \u0160\u012bm kr\u0101s\u0101m ir augsts pigmenta saturs (galvenok\u0101rt viens pigments), kas izv\u0113l\u0113ts, lai nodro\u0161in\u0101tu optim\u0101lu stabilit\u0101ti laika gait\u0101. Sennelier saglab\u0101 amatniec\u012bbas trad\u012bcijas, iev\u0113rojot stingru un past\u0101v\u012bgu kvalit\u0101tes kontroli. Katrs ra\u017eo\u0161anas posms tiek r\u016bp\u012bgi p\u0101rbaud\u012bts laboratorij\u0101. Produkts par\u0101d\u0101s tirg\u016b tikai p\u0113c vair\u0101kiem testiem, kas apliecina, ka tas atbilst \u013coti specifisk\u0101m pras\u012bb\u0101m attiec\u012bb\u0101 uz kr\u0101su, gaismas notur\u012bbu, konsistenci, pies\u0101tin\u0101jumu, v\u0113rt\u012bbu, pH un \u017e\u016b\u0161anas laiku. Sennelier \u012bpa\u0161i smalkais akrils sniedz iesp\u0113ju veidot sl\u0101\u0146us vai izpl\u016bdu\u0161u kr\u0101su efektu kombin\u0101cij\u0101 ar cit\u0101m metod\u0113m, piem\u0113ram, paste\u013ciem, kokogl\u0113m vai tinti, veidojot p\u0101rkl\u0101jumus, kol\u0101\u017eas un da\u017e\u0101du materi\u0101lu inkrust\u0101cijas. T\u0101s var izmantot gan \u0101rpus telp\u0101m, gan ar\u012b studij\u0101. Kr\u0101sas nodro\u0161ina \u013coti labu sa\u0137eri ar daudz\u0101m nepies\u0101tin\u0101t\u0101m virsm\u0101m: pap\u012bru, audeklu, kartonu, koku, audumu, cementu, \u0123ipsi, da\u017eiem plastmasas veidiem un met\u0101lu. Ar to var darboties, izmantojot otu, glezno\u0161anas nazi, met\u0101la l\u0101psti\u0146u vai ar\u012b tie\u0161i no t\u016bbi\u0146as, lai ieg\u016btu biezas l\u012bnijas, vai pat izmantojot pirkstus. T\u0101s ir lieliski piem\u0113rotas p\u0101rkl\u0101jumu veido\u0161anai, un t\u0101s var jaukt ar piedev\u0101m, lai main\u012btu tekst\u016bru, viskozit\u0101ti, caursp\u012bd\u012bgumu vai gai\u0161umu p\u0113c v\u0113l\u0113\u0161an\u0101s. Sennelier \u012bpa\u0161i smalkaj\u0101m akrila kr\u0101s\u0101m &hellip; Turpin\u0101jums\" \/>\n<meta property=\"og:url\" content=\"https:\/\/hobstop.ee\/lv\/produkts\/akrila-krasu-komplekts-sennelier-artist\/\" \/>\n<meta property=\"og:site_name\" content=\"Skizze\" \/>\n<meta property=\"article:publisher\" content=\"http:\/\/www.facebook.com\/VunderSkizze\" \/>\n<meta property=\"article:modified_time\" content=\"2019-09-16T12:04:00+00:00\" \/>\n<meta property=\"og:image\" content=\"https:\/\/hobstop.ee\/media\/5006.jpg\" \/>\n\t<meta property=\"og:image:width\" content=\"1024\" \/>\n\t<meta property=\"og:image:height\" content=\"768\" \/>\n\t<meta property=\"og:image:type\" content=\"image\/jpeg\" \/>\n<meta name=\"twitter:card\" content=\"summary_large_image\" \/>\n<meta name=\"twitter:label1\" content=\"Est. reading time\" \/>\n\t<meta name=\"twitter:data1\" content=\"2 min\u016btes\" \/>\n<script type=\"application\/ld+json\" class=\"yoast-schema-graph\">{\"@context\":\"https:\/\/schema.org\",\"@graph\":[{\"@type\":\"WebPage\",\"@id\":\"https:\/\/hobstop.ee\/lv\/produkts\/akrila-krasu-komplekts-sennelier-artist\/\",\"url\":\"https:\/\/hobstop.ee\/lv\/produkts\/akrila-krasu-komplekts-sennelier-artist\/\",\"name\":\"Akrila kr\u0101su komplekts Sennelier Artist &#8211; Skizze\",\"isPartOf\":{\"@id\":\"https:\/\/hobstop.ee\/lv\/#website\"},\"primaryImageOfPage\":{\"@id\":\"https:\/\/hobstop.ee\/lv\/produkts\/akrila-krasu-komplekts-sennelier-artist\/#primaryimage\"},\"image\":{\"@id\":\"https:\/\/hobstop.ee\/lv\/produkts\/akrila-krasu-komplekts-sennelier-artist\/#primaryimage\"},\"thumbnailUrl\":\"https:\/\/hobstop.ee\/media\/5006.jpg\",\"datePublished\":\"2019-05-23T13:20:14+00:00\",\"dateModified\":\"2019-09-16T12:04:00+00:00\",\"breadcrumb\":{\"@id\":\"https:\/\/hobstop.ee\/lv\/produkts\/akrila-krasu-komplekts-sennelier-artist\/#breadcrumb\"},\"inLanguage\":\"lv-LV\",\"potentialAction\":[{\"@type\":\"ReadAction\",\"target\":[\"https:\/\/hobstop.ee\/lv\/produkts\/akrila-krasu-komplekts-sennelier-artist\/\"]}]},{\"@type\":\"ImageObject\",\"inLanguage\":\"lv-LV\",\"@id\":\"https:\/\/hobstop.ee\/lv\/produkts\/akrila-krasu-komplekts-sennelier-artist\/#primaryimage\",\"url\":\"https:\/\/hobstop.ee\/media\/5006.jpg\",\"contentUrl\":\"https:\/\/hobstop.ee\/media\/5006.jpg\",\"width\":1024,\"height\":768},{\"@type\":\"BreadcrumbList\",\"@id\":\"https:\/\/hobstop.ee\/lv\/produkts\/akrila-krasu-komplekts-sennelier-artist\/#breadcrumb\",\"itemListElement\":[{\"@type\":\"ListItem\",\"position\":1,\"name\":\"Avaleht\",\"item\":\"https:\/\/www.hobstop.ee\/lv\/\"},{\"@type\":\"ListItem\",\"position\":2,\"name\":\"Veikals\",\"item\":\"https:\/\/www.hobstop.ee\/lv\/veikals\/\"},{\"@type\":\"ListItem\",\"position\":3,\"name\":\"Akrila kr\u0101su komplekts Sennelier Artist\"}]},{\"@type\":\"WebSite\",\"@id\":\"https:\/\/hobstop.ee\/lv\/#website\",\"url\":\"https:\/\/hobstop.ee\/lv\/\",\"name\":\"Skizze\",\"description\":\"M\u0101kslas, hobiju un skolas preces\",\"publisher\":{\"@id\":\"https:\/\/hobstop.ee\/lv\/#organization\"},\"potentialAction\":[{\"@type\":\"SearchAction\",\"target\":{\"@type\":\"EntryPoint\",\"urlTemplate\":\"https:\/\/hobstop.ee\/lv\/?s={search_term_string}\"},\"query-input\":{\"@type\":\"PropertyValueSpecification\",\"valueRequired\":true,\"valueName\":\"search_term_string\"}}],\"inLanguage\":\"lv-LV\"},{\"@type\":\"Organization\",\"@id\":\"https:\/\/hobstop.ee\/lv\/#organization\",\"name\":\"Vunder AS\",\"url\":\"https:\/\/hobstop.ee\/lv\/\",\"logo\":{\"@type\":\"ImageObject\",\"inLanguage\":\"lv-LV\",\"@id\":\"https:\/\/hobstop.ee\/lv\/#\/schema\/logo\/image\/\",\"url\":\"https:\/\/hobstop.ee\/media\/vunder-logo.png\",\"contentUrl\":\"https:\/\/hobstop.ee\/media\/vunder-logo.png\",\"width\":127,\"height\":55,\"caption\":\"Vunder AS\"},\"image\":{\"@id\":\"https:\/\/hobstop.ee\/lv\/#\/schema\/logo\/image\/\"},\"sameAs\":[\"http:\/\/www.facebook.com\/VunderSkizze\"]}]}<\/script>\n<!-- \/ Yoast SEO plugin. -->","yoast_head_json":{"title":"Akrila kr\u0101su komplekts Sennelier Artist &#8211; Skizze","robots":{"index":"noindex","follow":"follow","max-snippet":"max-snippet:-1","max-image-preview":"max-image-preview:large","max-video-preview":"max-video-preview:-1"},"og_locale":"lv_LV","og_type":"article","og_title":"Akrila kr\u0101su komplekts Sennelier Artist &#8211; Skizze","og_description":"Sennelier m\u0101ksliniekiem paredz\u0113to akrila kr\u0101su l\u012bnijas kvalit\u0101tes m\u0113r\u0137is bija izveidot \u012bpa\u0161u kl\u0101stu, kuram sast\u0101vs un kl\u0101\u0161an\u0101s \u012bpa\u0161\u012bbas ir l\u012bdz\u012bgas smalkaj\u0101m e\u013c\u013cas kr\u0101s\u0101m. Bag\u0101t\u012bg\u0101 kr\u0113mveida tekst\u016bra izce\u013c v\u0113lamos otas triepienus vai na\u017ea p\u0113das. \u0160\u012bm kr\u0101s\u0101m ir augsts pigmenta saturs (galvenok\u0101rt viens pigments), kas izv\u0113l\u0113ts, lai nodro\u0161in\u0101tu optim\u0101lu stabilit\u0101ti laika gait\u0101. Sennelier saglab\u0101 amatniec\u012bbas trad\u012bcijas, iev\u0113rojot stingru un past\u0101v\u012bgu kvalit\u0101tes kontroli. Katrs ra\u017eo\u0161anas posms tiek r\u016bp\u012bgi p\u0101rbaud\u012bts laboratorij\u0101. Produkts par\u0101d\u0101s tirg\u016b tikai p\u0113c vair\u0101kiem testiem, kas apliecina, ka tas atbilst \u013coti specifisk\u0101m pras\u012bb\u0101m attiec\u012bb\u0101 uz kr\u0101su, gaismas notur\u012bbu, konsistenci, pies\u0101tin\u0101jumu, v\u0113rt\u012bbu, pH un \u017e\u016b\u0161anas laiku. Sennelier \u012bpa\u0161i smalkais akrils sniedz iesp\u0113ju veidot sl\u0101\u0146us vai izpl\u016bdu\u0161u kr\u0101su efektu kombin\u0101cij\u0101 ar cit\u0101m metod\u0113m, piem\u0113ram, paste\u013ciem, kokogl\u0113m vai tinti, veidojot p\u0101rkl\u0101jumus, kol\u0101\u017eas un da\u017e\u0101du materi\u0101lu inkrust\u0101cijas. T\u0101s var izmantot gan \u0101rpus telp\u0101m, gan ar\u012b studij\u0101. Kr\u0101sas nodro\u0161ina \u013coti labu sa\u0137eri ar daudz\u0101m nepies\u0101tin\u0101t\u0101m virsm\u0101m: pap\u012bru, audeklu, kartonu, koku, audumu, cementu, \u0123ipsi, da\u017eiem plastmasas veidiem un met\u0101lu. Ar to var darboties, izmantojot otu, glezno\u0161anas nazi, met\u0101la l\u0101psti\u0146u vai ar\u012b tie\u0161i no t\u016bbi\u0146as, lai ieg\u016btu biezas l\u012bnijas, vai pat izmantojot pirkstus. T\u0101s ir lieliski piem\u0113rotas p\u0101rkl\u0101jumu veido\u0161anai, un t\u0101s var jaukt ar piedev\u0101m, lai main\u012btu tekst\u016bru, viskozit\u0101ti, caursp\u012bd\u012bgumu vai gai\u0161umu p\u0113c v\u0113l\u0113\u0161an\u0101s. Sennelier \u012bpa\u0161i smalkaj\u0101m akrila kr\u0101s\u0101m &hellip; Turpin\u0101jums","og_url":"https:\/\/hobstop.ee\/lv\/produkts\/akrila-krasu-komplekts-sennelier-artist\/","og_site_name":"Skizze","article_publisher":"http:\/\/www.facebook.com\/VunderSkizze","article_modified_time":"2019-09-16T12:04:00+00:00","og_image":[{"width":1024,"height":768,"url":"https:\/\/hobstop.ee\/media\/5006.jpg","type":"image\/jpeg"}],"twitter_card":"summary_large_image","twitter_misc":{"Est. reading time":"2 min\u016btes"},"schema":{"@context":"https:\/\/schema.org","@graph":[{"@type":"WebPage","@id":"https:\/\/hobstop.ee\/lv\/produkts\/akrila-krasu-komplekts-sennelier-artist\/","url":"https:\/\/hobstop.ee\/lv\/produkts\/akrila-krasu-komplekts-sennelier-artist\/","name":"Akrila kr\u0101su komplekts Sennelier Artist &#8211; Skizze","isPartOf":{"@id":"https:\/\/hobstop.ee\/lv\/#website"},"primaryImageOfPage":{"@id":"https:\/\/hobstop.ee\/lv\/produkts\/akrila-krasu-komplekts-sennelier-artist\/#primaryimage"},"image":{"@id":"https:\/\/hobstop.ee\/lv\/produkts\/akrila-krasu-komplekts-sennelier-artist\/#primaryimage"},"thumbnailUrl":"https:\/\/hobstop.ee\/media\/5006.jpg","datePublished":"2019-05-23T13:20:14+00:00","dateModified":"2019-09-16T12:04:00+00:00","breadcrumb":{"@id":"https:\/\/hobstop.ee\/lv\/produkts\/akrila-krasu-komplekts-sennelier-artist\/#breadcrumb"},"inLanguage":"lv-LV","potentialAction":[{"@type":"ReadAction","target":["https:\/\/hobstop.ee\/lv\/produkts\/akrila-krasu-komplekts-sennelier-artist\/"]}]},{"@type":"ImageObject","inLanguage":"lv-LV","@id":"https:\/\/hobstop.ee\/lv\/produkts\/akrila-krasu-komplekts-sennelier-artist\/#primaryimage","url":"https:\/\/hobstop.ee\/media\/5006.jpg","contentUrl":"https:\/\/hobstop.ee\/media\/5006.jpg","width":1024,"height":768},{"@type":"BreadcrumbList","@id":"https:\/\/hobstop.ee\/lv\/produkts\/akrila-krasu-komplekts-sennelier-artist\/#breadcrumb","itemListElement":[{"@type":"ListItem","position":1,"name":"Avaleht","item":"https:\/\/www.hobstop.ee\/lv\/"},{"@type":"ListItem","position":2,"name":"Veikals","item":"https:\/\/www.hobstop.ee\/lv\/veikals\/"},{"@type":"ListItem","position":3,"name":"Akrila kr\u0101su komplekts Sennelier Artist"}]},{"@type":"WebSite","@id":"https:\/\/hobstop.ee\/lv\/#website","url":"https:\/\/hobstop.ee\/lv\/","name":"Skizze","description":"M\u0101kslas, hobiju un skolas preces","publisher":{"@id":"https:\/\/hobstop.ee\/lv\/#organization"},"potentialAction":[{"@type":"SearchAction","target":{"@type":"EntryPoint","urlTemplate":"https:\/\/hobstop.ee\/lv\/?s={search_term_string}"},"query-input":{"@type":"PropertyValueSpecification","valueRequired":true,"valueName":"search_term_string"}}],"inLanguage":"lv-LV"},{"@type":"Organization","@id":"https:\/\/hobstop.ee\/lv\/#organization","name":"Vunder AS","url":"https:\/\/hobstop.ee\/lv\/","logo":{"@type":"ImageObject","inLanguage":"lv-LV","@id":"https:\/\/hobstop.ee\/lv\/#\/schema\/logo\/image\/","url":"https:\/\/hobstop.ee\/media\/vunder-logo.png","contentUrl":"https:\/\/hobstop.ee\/media\/vunder-logo.png","width":127,"height":55,"caption":"Vunder AS"},"image":{"@id":"https:\/\/hobstop.ee\/lv\/#\/schema\/logo\/image\/"},"sameAs":["http:\/\/www.facebook.com\/VunderSkizze"]}]}},"_links":{"self":[{"href":"https:\/\/hobstop.ee\/lv\/wp-json\/wp\/v2\/product\/335363","targetHints":{"allow":["GET"]}}],"collection":[{"href":"https:\/\/hobstop.ee\/lv\/wp-json\/wp\/v2\/product"}],"about":[{"href":"https:\/\/hobstop.ee\/lv\/wp-json\/wp\/v2\/types\/product"}],"replies":[{"embeddable":true,"href":"https:\/\/hobstop.ee\/lv\/wp-json\/wp\/v2\/comments?post=335363"}],"wp:featuredmedia":[{"embeddable":true,"href":"https:\/\/hobstop.ee\/lv\/wp-json\/wp\/v2\/media\/352995"}],"wp:attachment":[{"href":"https:\/\/hobstop.ee\/lv\/wp-json\/wp\/v2\/media?parent=335363"}],"wp:term":[{"taxonomy":"product_cat","embeddable":true,"href":"https:\/\/hobstop.ee\/lv\/wp-json\/wp\/v2\/product_cat?post=335363"},{"taxonomy":"product_tag","embeddable":true,"href":"https:\/\/hobstop.ee\/lv\/wp-json\/wp\/v2\/product_tag?post=335363"}],"curies":[{"name":"wp","href":"https:\/\/api.w.org\/{rel}","templated":true}]}}