{"id":335371,"date":"2019-05-23T16:20:22","date_gmt":"2019-05-23T13:20:24","guid":{"rendered":"https:\/\/sharks.ee\/vunder_2019\/product\/kartons-antalis-luxline\/"},"modified":"2019-05-23T16:20:24","modified_gmt":"2019-05-23T13:20:24","slug":"kartons-antalis-luxline","status":"publish","type":"product","link":"https:\/\/hobstop.ee\/lv\/produkts\/kartons-antalis-luxline\/","title":{"rendered":"Kartons Antalis Luxline"},"content":{"rendered":"<p>Luxline ir pel\u0113ki v\u0101ki no p\u0101rstr\u0101d\u0101tas \u0161\u0137iedras ar \u013coti gludu virsmu, kas paredz\u0113ti greznus iepakojumu apdrukai, ta\u010du ir ide\u0101li piem\u0113roti ar\u012b da\u017e\u0101diem rokdarbiem, piem\u0113ram, albumu v\u0101kiem, kast\u0113m, maketiem utt.<\/p>\n","protected":false},"excerpt":{"rendered":"<p>Luxline ir pel\u0113ki v\u0101ki no p\u0101rstr\u0101d\u0101tas \u0161\u0137iedras ar \u013coti gludu virsmu, kas paredz\u0113ti greznus iepakojumu apdrukai, ta\u010du ir ide\u0101li piem\u0113roti ar\u012b da\u017e\u0101diem rokdarbiem, piem\u0113ram, albumu v\u0101kiem, kast\u0113m, maketiem utt.<\/p>\n","protected":false},"featured_media":353067,"comment_status":"closed","ping_status":"closed","template":"","meta":{"_acf_changed":false,"ep_exclude_from_search":false},"product_cat":[18460,17921,17990],"product_tag":[],"class_list":{"0":"post-335371","1":"product","2":"type-product","3":"status-publish","4":"has-post-thumbnail","6":"product_cat-kartons","7":"product_cat-papira-izstradajumi","8":"product_cat-rokdarbu-papirs","10":"first","11":"instock","12":"taxable","13":"shipping-taxable","14":"product-type-simple"},"acf":[],"yoast_head":"<!-- This site is optimized with the Yoast SEO plugin v24.1 - https:\/\/yoast.com\/wordpress\/plugins\/seo\/ -->\n<title>Kartons Antalis Luxline &#8211; Skizze<\/title>\n<meta name=\"robots\" content=\"noindex, follow, max-snippet:-1, max-image-preview:large, max-video-preview:-1\" \/>\n<meta property=\"og:locale\" content=\"lv_LV\" \/>\n<meta property=\"og:type\" content=\"article\" \/>\n<meta property=\"og:title\" content=\"Kartons Antalis Luxline &#8211; Skizze\" \/>\n<meta property=\"og:description\" content=\"Luxline ir pel\u0113ki v\u0101ki no p\u0101rstr\u0101d\u0101tas \u0161\u0137iedras ar \u013coti gludu virsmu, kas paredz\u0113ti greznus iepakojumu apdrukai, ta\u010du ir ide\u0101li piem\u0113roti ar\u012b da\u017e\u0101diem rokdarbiem, piem\u0113ram, albumu v\u0101kiem, kast\u0113m, maketiem utt.\" \/>\n<meta property=\"og:url\" content=\"https:\/\/hobstop.ee\/lv\/produkts\/kartons-antalis-luxline\/\" \/>\n<meta property=\"og:site_name\" content=\"Skizze\" \/>\n<meta property=\"article:publisher\" content=\"http:\/\/www.facebook.com\/VunderSkizze\" \/>\n<meta property=\"og:image\" content=\"https:\/\/hobstop.ee\/media\/5009.jpg\" \/>\n\t<meta property=\"og:image:width\" content=\"1024\" \/>\n\t<meta property=\"og:image:height\" content=\"768\" \/>\n\t<meta property=\"og:image:type\" content=\"image\/jpeg\" \/>\n<meta name=\"twitter:card\" content=\"summary_large_image\" \/>\n<script type=\"application\/ld+json\" class=\"yoast-schema-graph\">{\"@context\":\"https:\/\/schema.org\",\"@graph\":[{\"@type\":\"WebPage\",\"@id\":\"https:\/\/hobstop.ee\/lv\/produkts\/kartons-antalis-luxline\/\",\"url\":\"https:\/\/hobstop.ee\/lv\/produkts\/kartons-antalis-luxline\/\",\"name\":\"Kartons Antalis Luxline &#8211; Skizze\",\"isPartOf\":{\"@id\":\"https:\/\/hobstop.ee\/lv\/#website\"},\"primaryImageOfPage\":{\"@id\":\"https:\/\/hobstop.ee\/lv\/produkts\/kartons-antalis-luxline\/#primaryimage\"},\"image\":{\"@id\":\"https:\/\/hobstop.ee\/lv\/produkts\/kartons-antalis-luxline\/#primaryimage\"},\"thumbnailUrl\":\"https:\/\/hobstop.ee\/media\/5009.jpg\",\"datePublished\":\"2019-05-23T13:20:24+00:00\",\"dateModified\":\"2019-05-23T13:20:24+00:00\",\"breadcrumb\":{\"@id\":\"https:\/\/hobstop.ee\/lv\/produkts\/kartons-antalis-luxline\/#breadcrumb\"},\"inLanguage\":\"lv-LV\",\"potentialAction\":[{\"@type\":\"ReadAction\",\"target\":[\"https:\/\/hobstop.ee\/lv\/produkts\/kartons-antalis-luxline\/\"]}]},{\"@type\":\"ImageObject\",\"inLanguage\":\"lv-LV\",\"@id\":\"https:\/\/hobstop.ee\/lv\/produkts\/kartons-antalis-luxline\/#primaryimage\",\"url\":\"https:\/\/hobstop.ee\/media\/5009.jpg\",\"contentUrl\":\"https:\/\/hobstop.ee\/media\/5009.jpg\",\"width\":1024,\"height\":768},{\"@type\":\"BreadcrumbList\",\"@id\":\"https:\/\/hobstop.ee\/lv\/produkts\/kartons-antalis-luxline\/#breadcrumb\",\"itemListElement\":[{\"@type\":\"ListItem\",\"position\":1,\"name\":\"Avaleht\",\"item\":\"https:\/\/www.hobstop.ee\/lv\/\"},{\"@type\":\"ListItem\",\"position\":2,\"name\":\"Veikals\",\"item\":\"https:\/\/www.hobstop.ee\/lv\/veikals\/\"},{\"@type\":\"ListItem\",\"position\":3,\"name\":\"Kartons Antalis Luxline\"}]},{\"@type\":\"WebSite\",\"@id\":\"https:\/\/hobstop.ee\/lv\/#website\",\"url\":\"https:\/\/hobstop.ee\/lv\/\",\"name\":\"Skizze\",\"description\":\"M\u0101kslas, hobiju un skolas preces\",\"publisher\":{\"@id\":\"https:\/\/hobstop.ee\/lv\/#organization\"},\"potentialAction\":[{\"@type\":\"SearchAction\",\"target\":{\"@type\":\"EntryPoint\",\"urlTemplate\":\"https:\/\/hobstop.ee\/lv\/?s={search_term_string}\"},\"query-input\":{\"@type\":\"PropertyValueSpecification\",\"valueRequired\":true,\"valueName\":\"search_term_string\"}}],\"inLanguage\":\"lv-LV\"},{\"@type\":\"Organization\",\"@id\":\"https:\/\/hobstop.ee\/lv\/#organization\",\"name\":\"Vunder AS\",\"url\":\"https:\/\/hobstop.ee\/lv\/\",\"logo\":{\"@type\":\"ImageObject\",\"inLanguage\":\"lv-LV\",\"@id\":\"https:\/\/hobstop.ee\/lv\/#\/schema\/logo\/image\/\",\"url\":\"https:\/\/hobstop.ee\/media\/vunder-logo.png\",\"contentUrl\":\"https:\/\/hobstop.ee\/media\/vunder-logo.png\",\"width\":127,\"height\":55,\"caption\":\"Vunder AS\"},\"image\":{\"@id\":\"https:\/\/hobstop.ee\/lv\/#\/schema\/logo\/image\/\"},\"sameAs\":[\"http:\/\/www.facebook.com\/VunderSkizze\"]}]}<\/script>\n<!-- \/ Yoast SEO plugin. -->","yoast_head_json":{"title":"Kartons Antalis Luxline &#8211; Skizze","robots":{"index":"noindex","follow":"follow","max-snippet":"max-snippet:-1","max-image-preview":"max-image-preview:large","max-video-preview":"max-video-preview:-1"},"og_locale":"lv_LV","og_type":"article","og_title":"Kartons Antalis Luxline &#8211; Skizze","og_description":"Luxline ir pel\u0113ki v\u0101ki no p\u0101rstr\u0101d\u0101tas \u0161\u0137iedras ar \u013coti gludu virsmu, kas paredz\u0113ti greznus iepakojumu apdrukai, ta\u010du ir ide\u0101li piem\u0113roti ar\u012b da\u017e\u0101diem rokdarbiem, piem\u0113ram, albumu v\u0101kiem, kast\u0113m, maketiem utt.","og_url":"https:\/\/hobstop.ee\/lv\/produkts\/kartons-antalis-luxline\/","og_site_name":"Skizze","article_publisher":"http:\/\/www.facebook.com\/VunderSkizze","og_image":[{"width":1024,"height":768,"url":"https:\/\/hobstop.ee\/media\/5009.jpg","type":"image\/jpeg"}],"twitter_card":"summary_large_image","schema":{"@context":"https:\/\/schema.org","@graph":[{"@type":"WebPage","@id":"https:\/\/hobstop.ee\/lv\/produkts\/kartons-antalis-luxline\/","url":"https:\/\/hobstop.ee\/lv\/produkts\/kartons-antalis-luxline\/","name":"Kartons Antalis Luxline &#8211; Skizze","isPartOf":{"@id":"https:\/\/hobstop.ee\/lv\/#website"},"primaryImageOfPage":{"@id":"https:\/\/hobstop.ee\/lv\/produkts\/kartons-antalis-luxline\/#primaryimage"},"image":{"@id":"https:\/\/hobstop.ee\/lv\/produkts\/kartons-antalis-luxline\/#primaryimage"},"thumbnailUrl":"https:\/\/hobstop.ee\/media\/5009.jpg","datePublished":"2019-05-23T13:20:24+00:00","dateModified":"2019-05-23T13:20:24+00:00","breadcrumb":{"@id":"https:\/\/hobstop.ee\/lv\/produkts\/kartons-antalis-luxline\/#breadcrumb"},"inLanguage":"lv-LV","potentialAction":[{"@type":"ReadAction","target":["https:\/\/hobstop.ee\/lv\/produkts\/kartons-antalis-luxline\/"]}]},{"@type":"ImageObject","inLanguage":"lv-LV","@id":"https:\/\/hobstop.ee\/lv\/produkts\/kartons-antalis-luxline\/#primaryimage","url":"https:\/\/hobstop.ee\/media\/5009.jpg","contentUrl":"https:\/\/hobstop.ee\/media\/5009.jpg","width":1024,"height":768},{"@type":"BreadcrumbList","@id":"https:\/\/hobstop.ee\/lv\/produkts\/kartons-antalis-luxline\/#breadcrumb","itemListElement":[{"@type":"ListItem","position":1,"name":"Avaleht","item":"https:\/\/www.hobstop.ee\/lv\/"},{"@type":"ListItem","position":2,"name":"Veikals","item":"https:\/\/www.hobstop.ee\/lv\/veikals\/"},{"@type":"ListItem","position":3,"name":"Kartons Antalis Luxline"}]},{"@type":"WebSite","@id":"https:\/\/hobstop.ee\/lv\/#website","url":"https:\/\/hobstop.ee\/lv\/","name":"Skizze","description":"M\u0101kslas, hobiju un skolas preces","publisher":{"@id":"https:\/\/hobstop.ee\/lv\/#organization"},"potentialAction":[{"@type":"SearchAction","target":{"@type":"EntryPoint","urlTemplate":"https:\/\/hobstop.ee\/lv\/?s={search_term_string}"},"query-input":{"@type":"PropertyValueSpecification","valueRequired":true,"valueName":"search_term_string"}}],"inLanguage":"lv-LV"},{"@type":"Organization","@id":"https:\/\/hobstop.ee\/lv\/#organization","name":"Vunder AS","url":"https:\/\/hobstop.ee\/lv\/","logo":{"@type":"ImageObject","inLanguage":"lv-LV","@id":"https:\/\/hobstop.ee\/lv\/#\/schema\/logo\/image\/","url":"https:\/\/hobstop.ee\/media\/vunder-logo.png","contentUrl":"https:\/\/hobstop.ee\/media\/vunder-logo.png","width":127,"height":55,"caption":"Vunder AS"},"image":{"@id":"https:\/\/hobstop.ee\/lv\/#\/schema\/logo\/image\/"},"sameAs":["http:\/\/www.facebook.com\/VunderSkizze"]}]}},"_links":{"self":[{"href":"https:\/\/hobstop.ee\/lv\/wp-json\/wp\/v2\/product\/335371","targetHints":{"allow":["GET"]}}],"collection":[{"href":"https:\/\/hobstop.ee\/lv\/wp-json\/wp\/v2\/product"}],"about":[{"href":"https:\/\/hobstop.ee\/lv\/wp-json\/wp\/v2\/types\/product"}],"replies":[{"embeddable":true,"href":"https:\/\/hobstop.ee\/lv\/wp-json\/wp\/v2\/comments?post=335371"}],"wp:featuredmedia":[{"embeddable":true,"href":"https:\/\/hobstop.ee\/lv\/wp-json\/wp\/v2\/media\/353067"}],"wp:attachment":[{"href":"https:\/\/hobstop.ee\/lv\/wp-json\/wp\/v2\/media?parent=335371"}],"wp:term":[{"taxonomy":"product_cat","embeddable":true,"href":"https:\/\/hobstop.ee\/lv\/wp-json\/wp\/v2\/product_cat?post=335371"},{"taxonomy":"product_tag","embeddable":true,"href":"https:\/\/hobstop.ee\/lv\/wp-json\/wp\/v2\/product_tag?post=335371"}],"curies":[{"name":"wp","href":"https:\/\/api.w.org\/{rel}","templated":true}]}}