{"id":335375,"date":"2019-05-23T16:20:28","date_gmt":"2019-05-23T13:20:32","guid":{"rendered":"https:\/\/sharks.ee\/vunder_2019\/product\/grunts-liquitex\/"},"modified":"2019-05-23T16:20:32","modified_gmt":"2019-05-23T13:20:32","slug":"grunts-liquitex","status":"publish","type":"product","link":"https:\/\/hobstop.ee\/lv\/produkts\/grunts-liquitex\/","title":{"rendered":"Grunts Liquitex"},"content":{"rendered":"<p>Klasiskais herm\u0113ti\u0137is un grunts absorb\u0113jo\u0161\u0101m virsm\u0101m, piem\u0113ram, audeklam, pap\u012bram vai kokam. Nodro\u0161ina piem\u0113rotu virsmas p\u0101rkl\u0101jumu, gludumu un uzs\u016bk\u0161anos akrila un e\u013c\u013cas kr\u0101s\u0101m. Parasti pietiek ar vienu k\u0101rtu. Tradicion\u0101lajam gesso ir j\u0101b\u016bt necaursp\u012bd\u012bg\u0101, tit\u0101na balt\u0101 kr\u0101s\u0101, lai nodro\u0161in\u0101tu labu p\u0101rkl\u0101jumu. Izmantojot zem e\u013c\u013cas kr\u0101s\u0101m, ieteicams uzkl\u0101t div\u0101s k\u0101rt\u0101s.<\/p>\n","protected":false},"excerpt":{"rendered":"<p>Klasiskais herm\u0113ti\u0137is un grunts absorb\u0113jo\u0161\u0101m virsm\u0101m, piem\u0113ram, audeklam, pap\u012bram vai kokam. Nodro\u0161ina piem\u0113rotu virsmas p\u0101rkl\u0101jumu, gludumu un uzs\u016bk\u0161anos akrila un e\u013c\u013cas kr\u0101s\u0101m. Parasti pietiek ar vienu k\u0101rtu. Tradicion\u0101lajam gesso ir j\u0101b\u016bt necaursp\u012bd\u012bg\u0101, tit\u0101na balt\u0101 kr\u0101s\u0101, lai nodro\u0161in\u0101tu labu p\u0101rkl\u0101jumu. Izmantojot zem e\u013c\u013cas kr\u0101s\u0101m, ieteicams uzkl\u0101t div\u0101s k\u0101rt\u0101s.<\/p>\n","protected":false},"featured_media":353847,"comment_status":"closed","ping_status":"closed","template":"","meta":{"_acf_changed":false,"ep_exclude_from_search":false},"product_cat":[18356,17980,16123],"product_tag":[],"class_list":{"0":"post-335375","1":"product","2":"type-product","3":"status-publish","4":"has-post-thumbnail","6":"product_cat-gruntis","7":"product_cat-krasas-un-gleznosanas-paligmateriali","8":"product_cat-makslas-piederumi-2","10":"first","11":"instock","12":"taxable","13":"shipping-taxable","14":"product-type-simple"},"acf":[],"yoast_head":"<!-- This site is optimized with the Yoast SEO plugin v24.1 - https:\/\/yoast.com\/wordpress\/plugins\/seo\/ -->\n<title>Grunts Liquitex &#8211; Skizze<\/title>\n<meta name=\"robots\" content=\"noindex, follow, max-snippet:-1, max-image-preview:large, max-video-preview:-1\" \/>\n<meta property=\"og:locale\" content=\"lv_LV\" \/>\n<meta property=\"og:type\" content=\"article\" \/>\n<meta property=\"og:title\" content=\"Grunts Liquitex &#8211; Skizze\" \/>\n<meta property=\"og:description\" content=\"Klasiskais herm\u0113ti\u0137is un grunts absorb\u0113jo\u0161\u0101m virsm\u0101m, piem\u0113ram, audeklam, pap\u012bram vai kokam. Nodro\u0161ina piem\u0113rotu virsmas p\u0101rkl\u0101jumu, gludumu un uzs\u016bk\u0161anos akrila un e\u013c\u013cas kr\u0101s\u0101m. Parasti pietiek ar vienu k\u0101rtu. Tradicion\u0101lajam gesso ir j\u0101b\u016bt necaursp\u012bd\u012bg\u0101, tit\u0101na balt\u0101 kr\u0101s\u0101, lai nodro\u0161in\u0101tu labu p\u0101rkl\u0101jumu. Izmantojot zem e\u013c\u013cas kr\u0101s\u0101m, ieteicams uzkl\u0101t div\u0101s k\u0101rt\u0101s.\" \/>\n<meta property=\"og:url\" content=\"https:\/\/hobstop.ee\/lv\/produkts\/grunts-liquitex\/\" \/>\n<meta property=\"og:site_name\" content=\"Skizze\" \/>\n<meta property=\"article:publisher\" content=\"http:\/\/www.facebook.com\/VunderSkizze\" \/>\n<meta property=\"og:image\" content=\"https:\/\/hobstop.ee\/media\/5011.jpg\" \/>\n\t<meta property=\"og:image:width\" content=\"1024\" \/>\n\t<meta property=\"og:image:height\" content=\"768\" \/>\n\t<meta property=\"og:image:type\" content=\"image\/jpeg\" \/>\n<meta name=\"twitter:card\" content=\"summary_large_image\" \/>\n<script type=\"application\/ld+json\" class=\"yoast-schema-graph\">{\"@context\":\"https:\/\/schema.org\",\"@graph\":[{\"@type\":\"WebPage\",\"@id\":\"https:\/\/hobstop.ee\/lv\/produkts\/grunts-liquitex\/\",\"url\":\"https:\/\/hobstop.ee\/lv\/produkts\/grunts-liquitex\/\",\"name\":\"Grunts Liquitex &#8211; Skizze\",\"isPartOf\":{\"@id\":\"https:\/\/hobstop.ee\/lv\/#website\"},\"primaryImageOfPage\":{\"@id\":\"https:\/\/hobstop.ee\/lv\/produkts\/grunts-liquitex\/#primaryimage\"},\"image\":{\"@id\":\"https:\/\/hobstop.ee\/lv\/produkts\/grunts-liquitex\/#primaryimage\"},\"thumbnailUrl\":\"https:\/\/hobstop.ee\/media\/5011.jpg\",\"datePublished\":\"2019-05-23T13:20:32+00:00\",\"dateModified\":\"2019-05-23T13:20:32+00:00\",\"breadcrumb\":{\"@id\":\"https:\/\/hobstop.ee\/lv\/produkts\/grunts-liquitex\/#breadcrumb\"},\"inLanguage\":\"lv-LV\",\"potentialAction\":[{\"@type\":\"ReadAction\",\"target\":[\"https:\/\/hobstop.ee\/lv\/produkts\/grunts-liquitex\/\"]}]},{\"@type\":\"ImageObject\",\"inLanguage\":\"lv-LV\",\"@id\":\"https:\/\/hobstop.ee\/lv\/produkts\/grunts-liquitex\/#primaryimage\",\"url\":\"https:\/\/hobstop.ee\/media\/5011.jpg\",\"contentUrl\":\"https:\/\/hobstop.ee\/media\/5011.jpg\",\"width\":1024,\"height\":768},{\"@type\":\"BreadcrumbList\",\"@id\":\"https:\/\/hobstop.ee\/lv\/produkts\/grunts-liquitex\/#breadcrumb\",\"itemListElement\":[{\"@type\":\"ListItem\",\"position\":1,\"name\":\"Avaleht\",\"item\":\"https:\/\/www.hobstop.ee\/lv\/\"},{\"@type\":\"ListItem\",\"position\":2,\"name\":\"Veikals\",\"item\":\"https:\/\/www.hobstop.ee\/lv\/veikals\/\"},{\"@type\":\"ListItem\",\"position\":3,\"name\":\"Grunts Liquitex\"}]},{\"@type\":\"WebSite\",\"@id\":\"https:\/\/hobstop.ee\/lv\/#website\",\"url\":\"https:\/\/hobstop.ee\/lv\/\",\"name\":\"Skizze\",\"description\":\"M\u0101kslas, hobiju un skolas preces\",\"publisher\":{\"@id\":\"https:\/\/hobstop.ee\/lv\/#organization\"},\"potentialAction\":[{\"@type\":\"SearchAction\",\"target\":{\"@type\":\"EntryPoint\",\"urlTemplate\":\"https:\/\/hobstop.ee\/lv\/?s={search_term_string}\"},\"query-input\":{\"@type\":\"PropertyValueSpecification\",\"valueRequired\":true,\"valueName\":\"search_term_string\"}}],\"inLanguage\":\"lv-LV\"},{\"@type\":\"Organization\",\"@id\":\"https:\/\/hobstop.ee\/lv\/#organization\",\"name\":\"Vunder AS\",\"url\":\"https:\/\/hobstop.ee\/lv\/\",\"logo\":{\"@type\":\"ImageObject\",\"inLanguage\":\"lv-LV\",\"@id\":\"https:\/\/hobstop.ee\/lv\/#\/schema\/logo\/image\/\",\"url\":\"https:\/\/hobstop.ee\/media\/vunder-logo.png\",\"contentUrl\":\"https:\/\/hobstop.ee\/media\/vunder-logo.png\",\"width\":127,\"height\":55,\"caption\":\"Vunder AS\"},\"image\":{\"@id\":\"https:\/\/hobstop.ee\/lv\/#\/schema\/logo\/image\/\"},\"sameAs\":[\"http:\/\/www.facebook.com\/VunderSkizze\"]}]}<\/script>\n<!-- \/ Yoast SEO plugin. -->","yoast_head_json":{"title":"Grunts Liquitex &#8211; Skizze","robots":{"index":"noindex","follow":"follow","max-snippet":"max-snippet:-1","max-image-preview":"max-image-preview:large","max-video-preview":"max-video-preview:-1"},"og_locale":"lv_LV","og_type":"article","og_title":"Grunts Liquitex &#8211; Skizze","og_description":"Klasiskais herm\u0113ti\u0137is un grunts absorb\u0113jo\u0161\u0101m virsm\u0101m, piem\u0113ram, audeklam, pap\u012bram vai kokam. Nodro\u0161ina piem\u0113rotu virsmas p\u0101rkl\u0101jumu, gludumu un uzs\u016bk\u0161anos akrila un e\u013c\u013cas kr\u0101s\u0101m. Parasti pietiek ar vienu k\u0101rtu. Tradicion\u0101lajam gesso ir j\u0101b\u016bt necaursp\u012bd\u012bg\u0101, tit\u0101na balt\u0101 kr\u0101s\u0101, lai nodro\u0161in\u0101tu labu p\u0101rkl\u0101jumu. Izmantojot zem e\u013c\u013cas kr\u0101s\u0101m, ieteicams uzkl\u0101t div\u0101s k\u0101rt\u0101s.","og_url":"https:\/\/hobstop.ee\/lv\/produkts\/grunts-liquitex\/","og_site_name":"Skizze","article_publisher":"http:\/\/www.facebook.com\/VunderSkizze","og_image":[{"width":1024,"height":768,"url":"https:\/\/hobstop.ee\/media\/5011.jpg","type":"image\/jpeg"}],"twitter_card":"summary_large_image","schema":{"@context":"https:\/\/schema.org","@graph":[{"@type":"WebPage","@id":"https:\/\/hobstop.ee\/lv\/produkts\/grunts-liquitex\/","url":"https:\/\/hobstop.ee\/lv\/produkts\/grunts-liquitex\/","name":"Grunts Liquitex &#8211; Skizze","isPartOf":{"@id":"https:\/\/hobstop.ee\/lv\/#website"},"primaryImageOfPage":{"@id":"https:\/\/hobstop.ee\/lv\/produkts\/grunts-liquitex\/#primaryimage"},"image":{"@id":"https:\/\/hobstop.ee\/lv\/produkts\/grunts-liquitex\/#primaryimage"},"thumbnailUrl":"https:\/\/hobstop.ee\/media\/5011.jpg","datePublished":"2019-05-23T13:20:32+00:00","dateModified":"2019-05-23T13:20:32+00:00","breadcrumb":{"@id":"https:\/\/hobstop.ee\/lv\/produkts\/grunts-liquitex\/#breadcrumb"},"inLanguage":"lv-LV","potentialAction":[{"@type":"ReadAction","target":["https:\/\/hobstop.ee\/lv\/produkts\/grunts-liquitex\/"]}]},{"@type":"ImageObject","inLanguage":"lv-LV","@id":"https:\/\/hobstop.ee\/lv\/produkts\/grunts-liquitex\/#primaryimage","url":"https:\/\/hobstop.ee\/media\/5011.jpg","contentUrl":"https:\/\/hobstop.ee\/media\/5011.jpg","width":1024,"height":768},{"@type":"BreadcrumbList","@id":"https:\/\/hobstop.ee\/lv\/produkts\/grunts-liquitex\/#breadcrumb","itemListElement":[{"@type":"ListItem","position":1,"name":"Avaleht","item":"https:\/\/www.hobstop.ee\/lv\/"},{"@type":"ListItem","position":2,"name":"Veikals","item":"https:\/\/www.hobstop.ee\/lv\/veikals\/"},{"@type":"ListItem","position":3,"name":"Grunts Liquitex"}]},{"@type":"WebSite","@id":"https:\/\/hobstop.ee\/lv\/#website","url":"https:\/\/hobstop.ee\/lv\/","name":"Skizze","description":"M\u0101kslas, hobiju un skolas preces","publisher":{"@id":"https:\/\/hobstop.ee\/lv\/#organization"},"potentialAction":[{"@type":"SearchAction","target":{"@type":"EntryPoint","urlTemplate":"https:\/\/hobstop.ee\/lv\/?s={search_term_string}"},"query-input":{"@type":"PropertyValueSpecification","valueRequired":true,"valueName":"search_term_string"}}],"inLanguage":"lv-LV"},{"@type":"Organization","@id":"https:\/\/hobstop.ee\/lv\/#organization","name":"Vunder AS","url":"https:\/\/hobstop.ee\/lv\/","logo":{"@type":"ImageObject","inLanguage":"lv-LV","@id":"https:\/\/hobstop.ee\/lv\/#\/schema\/logo\/image\/","url":"https:\/\/hobstop.ee\/media\/vunder-logo.png","contentUrl":"https:\/\/hobstop.ee\/media\/vunder-logo.png","width":127,"height":55,"caption":"Vunder AS"},"image":{"@id":"https:\/\/hobstop.ee\/lv\/#\/schema\/logo\/image\/"},"sameAs":["http:\/\/www.facebook.com\/VunderSkizze"]}]}},"_links":{"self":[{"href":"https:\/\/hobstop.ee\/lv\/wp-json\/wp\/v2\/product\/335375","targetHints":{"allow":["GET"]}}],"collection":[{"href":"https:\/\/hobstop.ee\/lv\/wp-json\/wp\/v2\/product"}],"about":[{"href":"https:\/\/hobstop.ee\/lv\/wp-json\/wp\/v2\/types\/product"}],"replies":[{"embeddable":true,"href":"https:\/\/hobstop.ee\/lv\/wp-json\/wp\/v2\/comments?post=335375"}],"wp:featuredmedia":[{"embeddable":true,"href":"https:\/\/hobstop.ee\/lv\/wp-json\/wp\/v2\/media\/353847"}],"wp:attachment":[{"href":"https:\/\/hobstop.ee\/lv\/wp-json\/wp\/v2\/media?parent=335375"}],"wp:term":[{"taxonomy":"product_cat","embeddable":true,"href":"https:\/\/hobstop.ee\/lv\/wp-json\/wp\/v2\/product_cat?post=335375"},{"taxonomy":"product_tag","embeddable":true,"href":"https:\/\/hobstop.ee\/lv\/wp-json\/wp\/v2\/product_tag?post=335375"}],"curies":[{"name":"wp","href":"https:\/\/api.w.org\/{rel}","templated":true}]}}