{"id":335379,"date":"2019-05-23T16:20:37","date_gmt":"2019-05-23T13:20:40","guid":{"rendered":"https:\/\/sharks.ee\/vunder_2019\/product\/akvarelkrasu-kubinu-1-2-komplekts-derwent-inktense\/"},"modified":"2019-05-23T16:20:40","modified_gmt":"2019-05-23T13:20:40","slug":"akvarelkrasu-kubinu-1-2-komplekts-derwent-inktense","status":"publish","type":"product","link":"https:\/\/hobstop.ee\/lv\/produkts\/akvarelkrasu-kubinu-1-2-komplekts-derwent-inktense\/","title":{"rendered":"Akvare\u013ckr\u0101su kubi\u0146u 1\/2 komplekts Derwent Inktense"},"content":{"rendered":"<p>Derwent Inktense Paint Pans satur unik\u0101lu Inktense formulu, kas atrodama Derwent Inktense z\u012bmu\u013cu un bloku kolekcij\u0101s. At\u0161\u0137ir\u012bb\u0101 no tradicion\u0101l\u0101s akvare\u013ca, pl\u016bsto\u0161\u0101s l\u012bnijas spilgt\u0101s kr\u0101s\u0101s var rad\u012bt, neiz\u0161\u0137\u012bdinot iepriek\u0161 no\u017euvu\u0161os kr\u0101sas sl\u0101\u0146us. Inktense rada dinamisku, intens\u012bvu, tintei l\u012bdz\u012bgu kr\u0101su, kas p\u0113c \u017e\u0101v\u0113\u0161anas paliek nemain\u012bga. Visas kr\u0101sas ir 100% iztur\u012bgas pret gaismas ietekmi un piem\u0113rotas izmanto\u0161anai uz pap\u012bra un auduma da\u017e\u0101dos m\u0101kslas un amatniec\u012bbas projektos. Inktense Travel Set ir ide\u0101li piem\u0113rots ce\u013co\u0161anai ar visu nepiecie\u0161amo, lai gleznotu ce\u013c\u0101.<\/p>\n","protected":false},"excerpt":{"rendered":"<p>Derwent Inktense Paint Pans satur unik\u0101lu Inktense formulu, kas atrodama Derwent Inktense z\u012bmu\u013cu un bloku kolekcij\u0101s. At\u0161\u0137ir\u012bb\u0101 no tradicion\u0101l\u0101s akvare\u013ca, pl\u016bsto\u0161\u0101s l\u012bnijas spilgt\u0101s kr\u0101s\u0101s var rad\u012bt, neiz\u0161\u0137\u012bdinot iepriek\u0161 no\u017euvu\u0161os kr\u0101sas sl\u0101\u0146us. Inktense rada dinamisku, intens\u012bvu, tintei l\u012bdz\u012bgu kr\u0101su, kas p\u0113c \u017e\u0101v\u0113\u0161anas paliek nemain\u012bga. Visas kr\u0101sas ir 100% iztur\u012bgas pret gaismas ietekmi un piem\u0113rotas izmanto\u0161anai uz pap\u012bra un auduma da\u017e\u0101dos m\u0101kslas un amatniec\u012bbas projektos. Inktense Travel Set ir ide\u0101li piem\u0113rots ce\u013co\u0161anai ar visu nepiecie\u0161amo, lai gleznotu ce\u013c\u0101.<\/p>\n","protected":false},"featured_media":353039,"comment_status":"closed","ping_status":"closed","template":"","meta":{"_acf_changed":false,"ep_exclude_from_search":false},"product_cat":[19000,17980,16123],"product_tag":[],"class_list":{"0":"post-335379","1":"product","2":"type-product","3":"status-publish","4":"has-post-thumbnail","6":"product_cat-akvarelkrasas-2","7":"product_cat-krasas-un-gleznosanas-paligmateriali","8":"product_cat-makslas-piederumi-2","10":"first","11":"instock","12":"taxable","13":"shipping-taxable","14":"product-type-simple"},"acf":[],"yoast_head":"<!-- This site is optimized with the Yoast SEO plugin v24.1 - https:\/\/yoast.com\/wordpress\/plugins\/seo\/ -->\n<title>Akvare\u013ckr\u0101su kubi\u0146u 1\/2 komplekts Derwent Inktense &#8211; Skizze<\/title>\n<meta name=\"robots\" content=\"noindex, follow, max-snippet:-1, max-image-preview:large, max-video-preview:-1\" \/>\n<meta property=\"og:locale\" content=\"lv_LV\" \/>\n<meta property=\"og:type\" content=\"article\" \/>\n<meta property=\"og:title\" content=\"Akvare\u013ckr\u0101su kubi\u0146u 1\/2 komplekts Derwent Inktense &#8211; Skizze\" \/>\n<meta property=\"og:description\" content=\"Derwent Inktense Paint Pans satur unik\u0101lu Inktense formulu, kas atrodama Derwent Inktense z\u012bmu\u013cu un bloku kolekcij\u0101s. At\u0161\u0137ir\u012bb\u0101 no tradicion\u0101l\u0101s akvare\u013ca, pl\u016bsto\u0161\u0101s l\u012bnijas spilgt\u0101s kr\u0101s\u0101s var rad\u012bt, neiz\u0161\u0137\u012bdinot iepriek\u0161 no\u017euvu\u0161os kr\u0101sas sl\u0101\u0146us. Inktense rada dinamisku, intens\u012bvu, tintei l\u012bdz\u012bgu kr\u0101su, kas p\u0113c \u017e\u0101v\u0113\u0161anas paliek nemain\u012bga. Visas kr\u0101sas ir 100% iztur\u012bgas pret gaismas ietekmi un piem\u0113rotas izmanto\u0161anai uz pap\u012bra un auduma da\u017e\u0101dos m\u0101kslas un amatniec\u012bbas projektos. Inktense Travel Set ir ide\u0101li piem\u0113rots ce\u013co\u0161anai ar visu nepiecie\u0161amo, lai gleznotu ce\u013c\u0101.\" \/>\n<meta property=\"og:url\" content=\"https:\/\/hobstop.ee\/lv\/produkts\/akvarelkrasu-kubinu-1-2-komplekts-derwent-inktense\/\" \/>\n<meta property=\"og:site_name\" content=\"Skizze\" \/>\n<meta property=\"article:publisher\" content=\"http:\/\/www.facebook.com\/VunderSkizze\" \/>\n<meta property=\"og:image\" content=\"https:\/\/hobstop.ee\/media\/5012.jpg\" \/>\n\t<meta property=\"og:image:width\" content=\"1024\" \/>\n\t<meta property=\"og:image:height\" content=\"768\" \/>\n\t<meta property=\"og:image:type\" content=\"image\/jpeg\" \/>\n<meta name=\"twitter:card\" content=\"summary_large_image\" \/>\n<meta name=\"twitter:label1\" content=\"Est. reading time\" \/>\n\t<meta name=\"twitter:data1\" content=\"1 min\u016b\u0161u\" \/>\n<script type=\"application\/ld+json\" class=\"yoast-schema-graph\">{\"@context\":\"https:\/\/schema.org\",\"@graph\":[{\"@type\":\"WebPage\",\"@id\":\"https:\/\/hobstop.ee\/lv\/produkts\/akvarelkrasu-kubinu-1-2-komplekts-derwent-inktense\/\",\"url\":\"https:\/\/hobstop.ee\/lv\/produkts\/akvarelkrasu-kubinu-1-2-komplekts-derwent-inktense\/\",\"name\":\"Akvare\u013ckr\u0101su kubi\u0146u 1\/2 komplekts Derwent Inktense &#8211; Skizze\",\"isPartOf\":{\"@id\":\"https:\/\/hobstop.ee\/lv\/#website\"},\"primaryImageOfPage\":{\"@id\":\"https:\/\/hobstop.ee\/lv\/produkts\/akvarelkrasu-kubinu-1-2-komplekts-derwent-inktense\/#primaryimage\"},\"image\":{\"@id\":\"https:\/\/hobstop.ee\/lv\/produkts\/akvarelkrasu-kubinu-1-2-komplekts-derwent-inktense\/#primaryimage\"},\"thumbnailUrl\":\"https:\/\/hobstop.ee\/media\/5012.jpg\",\"datePublished\":\"2019-05-23T13:20:40+00:00\",\"dateModified\":\"2019-05-23T13:20:40+00:00\",\"breadcrumb\":{\"@id\":\"https:\/\/hobstop.ee\/lv\/produkts\/akvarelkrasu-kubinu-1-2-komplekts-derwent-inktense\/#breadcrumb\"},\"inLanguage\":\"lv-LV\",\"potentialAction\":[{\"@type\":\"ReadAction\",\"target\":[\"https:\/\/hobstop.ee\/lv\/produkts\/akvarelkrasu-kubinu-1-2-komplekts-derwent-inktense\/\"]}]},{\"@type\":\"ImageObject\",\"inLanguage\":\"lv-LV\",\"@id\":\"https:\/\/hobstop.ee\/lv\/produkts\/akvarelkrasu-kubinu-1-2-komplekts-derwent-inktense\/#primaryimage\",\"url\":\"https:\/\/hobstop.ee\/media\/5012.jpg\",\"contentUrl\":\"https:\/\/hobstop.ee\/media\/5012.jpg\",\"width\":1024,\"height\":768},{\"@type\":\"BreadcrumbList\",\"@id\":\"https:\/\/hobstop.ee\/lv\/produkts\/akvarelkrasu-kubinu-1-2-komplekts-derwent-inktense\/#breadcrumb\",\"itemListElement\":[{\"@type\":\"ListItem\",\"position\":1,\"name\":\"Avaleht\",\"item\":\"https:\/\/hobstop.ee\/lv\/\"},{\"@type\":\"ListItem\",\"position\":2,\"name\":\"Veikals\",\"item\":\"https:\/\/hobstop.ee\/lv\/veikals\/\"},{\"@type\":\"ListItem\",\"position\":3,\"name\":\"Akvare\u013ckr\u0101su kubi\u0146u 1\/2 komplekts Derwent Inktense\"}]},{\"@type\":\"WebSite\",\"@id\":\"https:\/\/hobstop.ee\/lv\/#website\",\"url\":\"https:\/\/hobstop.ee\/lv\/\",\"name\":\"Skizze\",\"description\":\"M\u0101kslas, hobiju un skolas preces\",\"publisher\":{\"@id\":\"https:\/\/hobstop.ee\/lv\/#organization\"},\"potentialAction\":[{\"@type\":\"SearchAction\",\"target\":{\"@type\":\"EntryPoint\",\"urlTemplate\":\"https:\/\/hobstop.ee\/lv\/?s={search_term_string}\"},\"query-input\":{\"@type\":\"PropertyValueSpecification\",\"valueRequired\":true,\"valueName\":\"search_term_string\"}}],\"inLanguage\":\"lv-LV\"},{\"@type\":\"Organization\",\"@id\":\"https:\/\/hobstop.ee\/lv\/#organization\",\"name\":\"Vunder AS\",\"url\":\"https:\/\/hobstop.ee\/lv\/\",\"logo\":{\"@type\":\"ImageObject\",\"inLanguage\":\"lv-LV\",\"@id\":\"https:\/\/hobstop.ee\/lv\/#\/schema\/logo\/image\/\",\"url\":\"https:\/\/hobstop.ee\/media\/vunder-logo.png\",\"contentUrl\":\"https:\/\/hobstop.ee\/media\/vunder-logo.png\",\"width\":127,\"height\":55,\"caption\":\"Vunder AS\"},\"image\":{\"@id\":\"https:\/\/hobstop.ee\/lv\/#\/schema\/logo\/image\/\"},\"sameAs\":[\"http:\/\/www.facebook.com\/VunderSkizze\"]}]}<\/script>\n<!-- \/ Yoast SEO plugin. -->","yoast_head_json":{"title":"Akvare\u013ckr\u0101su kubi\u0146u 1\/2 komplekts Derwent Inktense &#8211; Skizze","robots":{"index":"noindex","follow":"follow","max-snippet":"max-snippet:-1","max-image-preview":"max-image-preview:large","max-video-preview":"max-video-preview:-1"},"og_locale":"lv_LV","og_type":"article","og_title":"Akvare\u013ckr\u0101su kubi\u0146u 1\/2 komplekts Derwent Inktense &#8211; Skizze","og_description":"Derwent Inktense Paint Pans satur unik\u0101lu Inktense formulu, kas atrodama Derwent Inktense z\u012bmu\u013cu un bloku kolekcij\u0101s. At\u0161\u0137ir\u012bb\u0101 no tradicion\u0101l\u0101s akvare\u013ca, pl\u016bsto\u0161\u0101s l\u012bnijas spilgt\u0101s kr\u0101s\u0101s var rad\u012bt, neiz\u0161\u0137\u012bdinot iepriek\u0161 no\u017euvu\u0161os kr\u0101sas sl\u0101\u0146us. Inktense rada dinamisku, intens\u012bvu, tintei l\u012bdz\u012bgu kr\u0101su, kas p\u0113c \u017e\u0101v\u0113\u0161anas paliek nemain\u012bga. Visas kr\u0101sas ir 100% iztur\u012bgas pret gaismas ietekmi un piem\u0113rotas izmanto\u0161anai uz pap\u012bra un auduma da\u017e\u0101dos m\u0101kslas un amatniec\u012bbas projektos. Inktense Travel Set ir ide\u0101li piem\u0113rots ce\u013co\u0161anai ar visu nepiecie\u0161amo, lai gleznotu ce\u013c\u0101.","og_url":"https:\/\/hobstop.ee\/lv\/produkts\/akvarelkrasu-kubinu-1-2-komplekts-derwent-inktense\/","og_site_name":"Skizze","article_publisher":"http:\/\/www.facebook.com\/VunderSkizze","og_image":[{"width":1024,"height":768,"url":"https:\/\/hobstop.ee\/media\/5012.jpg","type":"image\/jpeg"}],"twitter_card":"summary_large_image","twitter_misc":{"Est. reading time":"1 min\u016b\u0161u"},"schema":{"@context":"https:\/\/schema.org","@graph":[{"@type":"WebPage","@id":"https:\/\/hobstop.ee\/lv\/produkts\/akvarelkrasu-kubinu-1-2-komplekts-derwent-inktense\/","url":"https:\/\/hobstop.ee\/lv\/produkts\/akvarelkrasu-kubinu-1-2-komplekts-derwent-inktense\/","name":"Akvare\u013ckr\u0101su kubi\u0146u 1\/2 komplekts Derwent Inktense &#8211; Skizze","isPartOf":{"@id":"https:\/\/hobstop.ee\/lv\/#website"},"primaryImageOfPage":{"@id":"https:\/\/hobstop.ee\/lv\/produkts\/akvarelkrasu-kubinu-1-2-komplekts-derwent-inktense\/#primaryimage"},"image":{"@id":"https:\/\/hobstop.ee\/lv\/produkts\/akvarelkrasu-kubinu-1-2-komplekts-derwent-inktense\/#primaryimage"},"thumbnailUrl":"https:\/\/hobstop.ee\/media\/5012.jpg","datePublished":"2019-05-23T13:20:40+00:00","dateModified":"2019-05-23T13:20:40+00:00","breadcrumb":{"@id":"https:\/\/hobstop.ee\/lv\/produkts\/akvarelkrasu-kubinu-1-2-komplekts-derwent-inktense\/#breadcrumb"},"inLanguage":"lv-LV","potentialAction":[{"@type":"ReadAction","target":["https:\/\/hobstop.ee\/lv\/produkts\/akvarelkrasu-kubinu-1-2-komplekts-derwent-inktense\/"]}]},{"@type":"ImageObject","inLanguage":"lv-LV","@id":"https:\/\/hobstop.ee\/lv\/produkts\/akvarelkrasu-kubinu-1-2-komplekts-derwent-inktense\/#primaryimage","url":"https:\/\/hobstop.ee\/media\/5012.jpg","contentUrl":"https:\/\/hobstop.ee\/media\/5012.jpg","width":1024,"height":768},{"@type":"BreadcrumbList","@id":"https:\/\/hobstop.ee\/lv\/produkts\/akvarelkrasu-kubinu-1-2-komplekts-derwent-inktense\/#breadcrumb","itemListElement":[{"@type":"ListItem","position":1,"name":"Avaleht","item":"https:\/\/hobstop.ee\/lv\/"},{"@type":"ListItem","position":2,"name":"Veikals","item":"https:\/\/hobstop.ee\/lv\/veikals\/"},{"@type":"ListItem","position":3,"name":"Akvare\u013ckr\u0101su kubi\u0146u 1\/2 komplekts Derwent Inktense"}]},{"@type":"WebSite","@id":"https:\/\/hobstop.ee\/lv\/#website","url":"https:\/\/hobstop.ee\/lv\/","name":"Skizze","description":"M\u0101kslas, hobiju un skolas preces","publisher":{"@id":"https:\/\/hobstop.ee\/lv\/#organization"},"potentialAction":[{"@type":"SearchAction","target":{"@type":"EntryPoint","urlTemplate":"https:\/\/hobstop.ee\/lv\/?s={search_term_string}"},"query-input":{"@type":"PropertyValueSpecification","valueRequired":true,"valueName":"search_term_string"}}],"inLanguage":"lv-LV"},{"@type":"Organization","@id":"https:\/\/hobstop.ee\/lv\/#organization","name":"Vunder AS","url":"https:\/\/hobstop.ee\/lv\/","logo":{"@type":"ImageObject","inLanguage":"lv-LV","@id":"https:\/\/hobstop.ee\/lv\/#\/schema\/logo\/image\/","url":"https:\/\/hobstop.ee\/media\/vunder-logo.png","contentUrl":"https:\/\/hobstop.ee\/media\/vunder-logo.png","width":127,"height":55,"caption":"Vunder AS"},"image":{"@id":"https:\/\/hobstop.ee\/lv\/#\/schema\/logo\/image\/"},"sameAs":["http:\/\/www.facebook.com\/VunderSkizze"]}]}},"_links":{"self":[{"href":"https:\/\/hobstop.ee\/lv\/wp-json\/wp\/v2\/product\/335379","targetHints":{"allow":["GET"]}}],"collection":[{"href":"https:\/\/hobstop.ee\/lv\/wp-json\/wp\/v2\/product"}],"about":[{"href":"https:\/\/hobstop.ee\/lv\/wp-json\/wp\/v2\/types\/product"}],"replies":[{"embeddable":true,"href":"https:\/\/hobstop.ee\/lv\/wp-json\/wp\/v2\/comments?post=335379"}],"wp:featuredmedia":[{"embeddable":true,"href":"https:\/\/hobstop.ee\/lv\/wp-json\/wp\/v2\/media\/353039"}],"wp:attachment":[{"href":"https:\/\/hobstop.ee\/lv\/wp-json\/wp\/v2\/media?parent=335379"}],"wp:term":[{"taxonomy":"product_cat","embeddable":true,"href":"https:\/\/hobstop.ee\/lv\/wp-json\/wp\/v2\/product_cat?post=335379"},{"taxonomy":"product_tag","embeddable":true,"href":"https:\/\/hobstop.ee\/lv\/wp-json\/wp\/v2\/product_tag?post=335379"}],"curies":[{"name":"wp","href":"https:\/\/api.w.org\/{rel}","templated":true}]}}