{"id":335383,"date":"2019-05-23T16:20:45","date_gmt":"2019-05-23T13:20:48","guid":{"rendered":"https:\/\/sharks.ee\/vunder_2019\/product\/akrila-krasu-komplekts-marabu-artist\/"},"modified":"2019-05-23T16:20:48","modified_gmt":"2019-05-23T13:20:48","slug":"akrila-krasu-komplekts-marabu-artist","status":"publish","type":"product","link":"https:\/\/hobstop.ee\/lv\/produkts\/akrila-krasu-komplekts-marabu-artist\/","title":{"rendered":"Akrila kr\u0101su komplekts Marabu Artist"},"content":{"rendered":"<p>Smalkas, augstas kvalit\u0101tes akrila kr\u0101sas uz \u016bdens b\u0101zes m\u0101ksliniekiem. Ide\u0101li piem\u0113rots visiem akrila kr\u0101so\u0161anas pa\u0146\u0113mieniem uz audekla, kartona, pap\u012bra, koka un daudziem citiem materi\u0101liem Spilgtas kr\u0101sas var sajaukt kop\u0101 un p\u0113c no\u017e\u016b\u0161anas k\u013c\u016bst \u016bdensnecaurlaid\u012bgas un iztur\u012bgas pret gaismas iedarb\u012bbu. Pastas konsistence rada elast\u012bgu kr\u0101su sl\u0101ni \u2013 tas nodro\u0161ina kr\u0101su daudzveid\u012bgo pielietojumu. Augstais pigment\u0101cijas l\u012bmenis nodro\u0161ina optim\u0101lu kr\u0101su kvalit\u0101ti un intensit\u0101ti \u2013 t\u0101s ir skaidras un spo\u017eas. Marabu Artist akrila kr\u0101sas ir ide\u0101ls s\u0101kums ien\u0101k\u0161anai m\u0101kslinieku akrila pasaul\u0113.<\/p>\n","protected":false},"excerpt":{"rendered":"<p>Smalkas, augstas kvalit\u0101tes akrila kr\u0101sas uz \u016bdens b\u0101zes m\u0101ksliniekiem. Ide\u0101li piem\u0113rots visiem akrila kr\u0101so\u0161anas pa\u0146\u0113mieniem uz audekla, kartona, pap\u012bra, koka un daudziem citiem materi\u0101liem Spilgtas kr\u0101sas var sajaukt kop\u0101 un p\u0113c no\u017e\u016b\u0161anas k\u013c\u016bst \u016bdensnecaurlaid\u012bgas un iztur\u012bgas pret gaismas iedarb\u012bbu. Pastas konsistence rada elast\u012bgu kr\u0101su sl\u0101ni \u2013 tas nodro\u0161ina kr\u0101su daudzveid\u012bgo pielietojumu. Augstais pigment\u0101cijas l\u012bmenis nodro\u0161ina optim\u0101lu kr\u0101su kvalit\u0101ti un intensit\u0101ti \u2013 t\u0101s ir skaidras un spo\u017eas. Marabu Artist akrila kr\u0101sas ir ide\u0101ls s\u0101kums ien\u0101k\u0161anai m\u0101kslinieku akrila pasaul\u0113.<\/p>\n","protected":false},"featured_media":353051,"comment_status":"closed","ping_status":"closed","template":"","meta":{"_acf_changed":false,"ep_exclude_from_search":false},"product_cat":[18994,17980,16123],"product_tag":[],"class_list":{"0":"post-335383","1":"product","2":"type-product","3":"status-publish","4":"has-post-thumbnail","6":"product_cat-akrila-krasas","7":"product_cat-krasas-un-gleznosanas-paligmateriali","8":"product_cat-makslas-piederumi-2","10":"first","11":"instock","12":"taxable","13":"shipping-taxable","14":"product-type-simple"},"acf":[],"yoast_head":"<!-- This site is optimized with the Yoast SEO plugin v24.1 - https:\/\/yoast.com\/wordpress\/plugins\/seo\/ -->\n<title>Akrila kr\u0101su komplekts Marabu Artist &#8211; Skizze<\/title>\n<meta name=\"robots\" content=\"noindex, follow, max-snippet:-1, max-image-preview:large, max-video-preview:-1\" \/>\n<meta property=\"og:locale\" content=\"lv_LV\" \/>\n<meta property=\"og:type\" content=\"article\" \/>\n<meta property=\"og:title\" content=\"Akrila kr\u0101su komplekts Marabu Artist &#8211; Skizze\" \/>\n<meta property=\"og:description\" content=\"Smalkas, augstas kvalit\u0101tes akrila kr\u0101sas uz \u016bdens b\u0101zes m\u0101ksliniekiem. Ide\u0101li piem\u0113rots visiem akrila kr\u0101so\u0161anas pa\u0146\u0113mieniem uz audekla, kartona, pap\u012bra, koka un daudziem citiem materi\u0101liem Spilgtas kr\u0101sas var sajaukt kop\u0101 un p\u0113c no\u017e\u016b\u0161anas k\u013c\u016bst \u016bdensnecaurlaid\u012bgas un iztur\u012bgas pret gaismas iedarb\u012bbu. Pastas konsistence rada elast\u012bgu kr\u0101su sl\u0101ni \u2013 tas nodro\u0161ina kr\u0101su daudzveid\u012bgo pielietojumu. Augstais pigment\u0101cijas l\u012bmenis nodro\u0161ina optim\u0101lu kr\u0101su kvalit\u0101ti un intensit\u0101ti \u2013 t\u0101s ir skaidras un spo\u017eas. Marabu Artist akrila kr\u0101sas ir ide\u0101ls s\u0101kums ien\u0101k\u0161anai m\u0101kslinieku akrila pasaul\u0113.\" \/>\n<meta property=\"og:url\" content=\"https:\/\/hobstop.ee\/lv\/produkts\/akrila-krasu-komplekts-marabu-artist\/\" \/>\n<meta property=\"og:site_name\" content=\"Skizze\" \/>\n<meta property=\"article:publisher\" content=\"http:\/\/www.facebook.com\/VunderSkizze\" \/>\n<meta property=\"og:image\" content=\"https:\/\/hobstop.ee\/media\/5013.jpg\" \/>\n\t<meta property=\"og:image:width\" content=\"1024\" \/>\n\t<meta property=\"og:image:height\" content=\"768\" \/>\n\t<meta property=\"og:image:type\" content=\"image\/jpeg\" \/>\n<meta name=\"twitter:card\" content=\"summary_large_image\" \/>\n<meta name=\"twitter:label1\" content=\"Est. reading time\" \/>\n\t<meta name=\"twitter:data1\" content=\"1 min\u016b\u0161u\" \/>\n<script type=\"application\/ld+json\" class=\"yoast-schema-graph\">{\"@context\":\"https:\/\/schema.org\",\"@graph\":[{\"@type\":\"WebPage\",\"@id\":\"https:\/\/hobstop.ee\/lv\/produkts\/akrila-krasu-komplekts-marabu-artist\/\",\"url\":\"https:\/\/hobstop.ee\/lv\/produkts\/akrila-krasu-komplekts-marabu-artist\/\",\"name\":\"Akrila kr\u0101su komplekts Marabu Artist &#8211; Skizze\",\"isPartOf\":{\"@id\":\"https:\/\/hobstop.ee\/lv\/#website\"},\"primaryImageOfPage\":{\"@id\":\"https:\/\/hobstop.ee\/lv\/produkts\/akrila-krasu-komplekts-marabu-artist\/#primaryimage\"},\"image\":{\"@id\":\"https:\/\/hobstop.ee\/lv\/produkts\/akrila-krasu-komplekts-marabu-artist\/#primaryimage\"},\"thumbnailUrl\":\"https:\/\/hobstop.ee\/media\/5013.jpg\",\"datePublished\":\"2019-05-23T13:20:48+00:00\",\"dateModified\":\"2019-05-23T13:20:48+00:00\",\"breadcrumb\":{\"@id\":\"https:\/\/hobstop.ee\/lv\/produkts\/akrila-krasu-komplekts-marabu-artist\/#breadcrumb\"},\"inLanguage\":\"lv-LV\",\"potentialAction\":[{\"@type\":\"ReadAction\",\"target\":[\"https:\/\/hobstop.ee\/lv\/produkts\/akrila-krasu-komplekts-marabu-artist\/\"]}]},{\"@type\":\"ImageObject\",\"inLanguage\":\"lv-LV\",\"@id\":\"https:\/\/hobstop.ee\/lv\/produkts\/akrila-krasu-komplekts-marabu-artist\/#primaryimage\",\"url\":\"https:\/\/hobstop.ee\/media\/5013.jpg\",\"contentUrl\":\"https:\/\/hobstop.ee\/media\/5013.jpg\",\"width\":1024,\"height\":768},{\"@type\":\"BreadcrumbList\",\"@id\":\"https:\/\/hobstop.ee\/lv\/produkts\/akrila-krasu-komplekts-marabu-artist\/#breadcrumb\",\"itemListElement\":[{\"@type\":\"ListItem\",\"position\":1,\"name\":\"Avaleht\",\"item\":\"https:\/\/hobstop.ee\/lv\/\"},{\"@type\":\"ListItem\",\"position\":2,\"name\":\"Veikals\",\"item\":\"https:\/\/hobstop.ee\/lv\/veikals\/\"},{\"@type\":\"ListItem\",\"position\":3,\"name\":\"Akrila kr\u0101su komplekts Marabu Artist\"}]},{\"@type\":\"WebSite\",\"@id\":\"https:\/\/hobstop.ee\/lv\/#website\",\"url\":\"https:\/\/hobstop.ee\/lv\/\",\"name\":\"Skizze\",\"description\":\"M\u0101kslas, hobiju un skolas preces\",\"publisher\":{\"@id\":\"https:\/\/hobstop.ee\/lv\/#organization\"},\"potentialAction\":[{\"@type\":\"SearchAction\",\"target\":{\"@type\":\"EntryPoint\",\"urlTemplate\":\"https:\/\/hobstop.ee\/lv\/?s={search_term_string}\"},\"query-input\":{\"@type\":\"PropertyValueSpecification\",\"valueRequired\":true,\"valueName\":\"search_term_string\"}}],\"inLanguage\":\"lv-LV\"},{\"@type\":\"Organization\",\"@id\":\"https:\/\/hobstop.ee\/lv\/#organization\",\"name\":\"Vunder AS\",\"url\":\"https:\/\/hobstop.ee\/lv\/\",\"logo\":{\"@type\":\"ImageObject\",\"inLanguage\":\"lv-LV\",\"@id\":\"https:\/\/hobstop.ee\/lv\/#\/schema\/logo\/image\/\",\"url\":\"https:\/\/hobstop.ee\/media\/vunder-logo.png\",\"contentUrl\":\"https:\/\/hobstop.ee\/media\/vunder-logo.png\",\"width\":127,\"height\":55,\"caption\":\"Vunder AS\"},\"image\":{\"@id\":\"https:\/\/hobstop.ee\/lv\/#\/schema\/logo\/image\/\"},\"sameAs\":[\"http:\/\/www.facebook.com\/VunderSkizze\"]}]}<\/script>\n<!-- \/ Yoast SEO plugin. -->","yoast_head_json":{"title":"Akrila kr\u0101su komplekts Marabu Artist &#8211; Skizze","robots":{"index":"noindex","follow":"follow","max-snippet":"max-snippet:-1","max-image-preview":"max-image-preview:large","max-video-preview":"max-video-preview:-1"},"og_locale":"lv_LV","og_type":"article","og_title":"Akrila kr\u0101su komplekts Marabu Artist &#8211; Skizze","og_description":"Smalkas, augstas kvalit\u0101tes akrila kr\u0101sas uz \u016bdens b\u0101zes m\u0101ksliniekiem. Ide\u0101li piem\u0113rots visiem akrila kr\u0101so\u0161anas pa\u0146\u0113mieniem uz audekla, kartona, pap\u012bra, koka un daudziem citiem materi\u0101liem Spilgtas kr\u0101sas var sajaukt kop\u0101 un p\u0113c no\u017e\u016b\u0161anas k\u013c\u016bst \u016bdensnecaurlaid\u012bgas un iztur\u012bgas pret gaismas iedarb\u012bbu. Pastas konsistence rada elast\u012bgu kr\u0101su sl\u0101ni \u2013 tas nodro\u0161ina kr\u0101su daudzveid\u012bgo pielietojumu. Augstais pigment\u0101cijas l\u012bmenis nodro\u0161ina optim\u0101lu kr\u0101su kvalit\u0101ti un intensit\u0101ti \u2013 t\u0101s ir skaidras un spo\u017eas. Marabu Artist akrila kr\u0101sas ir ide\u0101ls s\u0101kums ien\u0101k\u0161anai m\u0101kslinieku akrila pasaul\u0113.","og_url":"https:\/\/hobstop.ee\/lv\/produkts\/akrila-krasu-komplekts-marabu-artist\/","og_site_name":"Skizze","article_publisher":"http:\/\/www.facebook.com\/VunderSkizze","og_image":[{"width":1024,"height":768,"url":"https:\/\/hobstop.ee\/media\/5013.jpg","type":"image\/jpeg"}],"twitter_card":"summary_large_image","twitter_misc":{"Est. reading time":"1 min\u016b\u0161u"},"schema":{"@context":"https:\/\/schema.org","@graph":[{"@type":"WebPage","@id":"https:\/\/hobstop.ee\/lv\/produkts\/akrila-krasu-komplekts-marabu-artist\/","url":"https:\/\/hobstop.ee\/lv\/produkts\/akrila-krasu-komplekts-marabu-artist\/","name":"Akrila kr\u0101su komplekts Marabu Artist &#8211; Skizze","isPartOf":{"@id":"https:\/\/hobstop.ee\/lv\/#website"},"primaryImageOfPage":{"@id":"https:\/\/hobstop.ee\/lv\/produkts\/akrila-krasu-komplekts-marabu-artist\/#primaryimage"},"image":{"@id":"https:\/\/hobstop.ee\/lv\/produkts\/akrila-krasu-komplekts-marabu-artist\/#primaryimage"},"thumbnailUrl":"https:\/\/hobstop.ee\/media\/5013.jpg","datePublished":"2019-05-23T13:20:48+00:00","dateModified":"2019-05-23T13:20:48+00:00","breadcrumb":{"@id":"https:\/\/hobstop.ee\/lv\/produkts\/akrila-krasu-komplekts-marabu-artist\/#breadcrumb"},"inLanguage":"lv-LV","potentialAction":[{"@type":"ReadAction","target":["https:\/\/hobstop.ee\/lv\/produkts\/akrila-krasu-komplekts-marabu-artist\/"]}]},{"@type":"ImageObject","inLanguage":"lv-LV","@id":"https:\/\/hobstop.ee\/lv\/produkts\/akrila-krasu-komplekts-marabu-artist\/#primaryimage","url":"https:\/\/hobstop.ee\/media\/5013.jpg","contentUrl":"https:\/\/hobstop.ee\/media\/5013.jpg","width":1024,"height":768},{"@type":"BreadcrumbList","@id":"https:\/\/hobstop.ee\/lv\/produkts\/akrila-krasu-komplekts-marabu-artist\/#breadcrumb","itemListElement":[{"@type":"ListItem","position":1,"name":"Avaleht","item":"https:\/\/hobstop.ee\/lv\/"},{"@type":"ListItem","position":2,"name":"Veikals","item":"https:\/\/hobstop.ee\/lv\/veikals\/"},{"@type":"ListItem","position":3,"name":"Akrila kr\u0101su komplekts Marabu Artist"}]},{"@type":"WebSite","@id":"https:\/\/hobstop.ee\/lv\/#website","url":"https:\/\/hobstop.ee\/lv\/","name":"Skizze","description":"M\u0101kslas, hobiju un skolas preces","publisher":{"@id":"https:\/\/hobstop.ee\/lv\/#organization"},"potentialAction":[{"@type":"SearchAction","target":{"@type":"EntryPoint","urlTemplate":"https:\/\/hobstop.ee\/lv\/?s={search_term_string}"},"query-input":{"@type":"PropertyValueSpecification","valueRequired":true,"valueName":"search_term_string"}}],"inLanguage":"lv-LV"},{"@type":"Organization","@id":"https:\/\/hobstop.ee\/lv\/#organization","name":"Vunder AS","url":"https:\/\/hobstop.ee\/lv\/","logo":{"@type":"ImageObject","inLanguage":"lv-LV","@id":"https:\/\/hobstop.ee\/lv\/#\/schema\/logo\/image\/","url":"https:\/\/hobstop.ee\/media\/vunder-logo.png","contentUrl":"https:\/\/hobstop.ee\/media\/vunder-logo.png","width":127,"height":55,"caption":"Vunder AS"},"image":{"@id":"https:\/\/hobstop.ee\/lv\/#\/schema\/logo\/image\/"},"sameAs":["http:\/\/www.facebook.com\/VunderSkizze"]}]}},"_links":{"self":[{"href":"https:\/\/hobstop.ee\/lv\/wp-json\/wp\/v2\/product\/335383","targetHints":{"allow":["GET"]}}],"collection":[{"href":"https:\/\/hobstop.ee\/lv\/wp-json\/wp\/v2\/product"}],"about":[{"href":"https:\/\/hobstop.ee\/lv\/wp-json\/wp\/v2\/types\/product"}],"replies":[{"embeddable":true,"href":"https:\/\/hobstop.ee\/lv\/wp-json\/wp\/v2\/comments?post=335383"}],"wp:featuredmedia":[{"embeddable":true,"href":"https:\/\/hobstop.ee\/lv\/wp-json\/wp\/v2\/media\/353051"}],"wp:attachment":[{"href":"https:\/\/hobstop.ee\/lv\/wp-json\/wp\/v2\/media?parent=335383"}],"wp:term":[{"taxonomy":"product_cat","embeddable":true,"href":"https:\/\/hobstop.ee\/lv\/wp-json\/wp\/v2\/product_cat?post=335383"},{"taxonomy":"product_tag","embeddable":true,"href":"https:\/\/hobstop.ee\/lv\/wp-json\/wp\/v2\/product_tag?post=335383"}],"curies":[{"name":"wp","href":"https:\/\/api.w.org\/{rel}","templated":true}]}}