{"id":339446,"date":"2019-11-20T12:30:53","date_gmt":"2019-11-20T10:31:00","guid":{"rendered":"https:\/\/sharks.ee\/vunder_2019\/product\/abpuseja-limlente-rayher-caurspidigs\/"},"modified":"2019-11-20T12:31:00","modified_gmt":"2019-11-20T10:31:00","slug":"abpuseja-limlente-rayher-caurspidigs","status":"publish","type":"product","link":"https:\/\/hobstop.ee\/lv\/produkts\/abpuseja-limlente-rayher-caurspidigs\/","title":{"rendered":"Abpus\u0113j\u0101 l\u012bmlente Rayher caursp\u012bd\u012bgs"},"content":{"rendered":"<p>Vai j\u016bsu pras\u012bbas, run\u0101jot par l\u012bmes izmanto\u0161ana, ir augstas? Rayher divpus\u0113j\u0101 l\u012bmlente ir ide\u0101li piem\u0113rota izmanto\u0161anai piez\u012bmju gr\u0101mat\u0101, m\u0101kslas darbos un citur, kur vien nepiecie\u0161ams izmantot l\u012bdzekli, kur\u0161 neatst\u0101j p\u0113das! \u0160\u012b abpus\u0113j\u0101 l\u012bmlente ir piln\u012bgi caursp\u012bd\u012bga. J\u016bs varat to gan nogriezt, gan ar\u012b viegli nopl\u0113st, t\u0101d\u0113j\u0101di nav nepiecie\u0161ami l\u012bmes koci\u0146i vai \u0161\u0137\u0113res. T\u0101 k\u0101 t\u0101 ir \u013coti caursp\u012bd\u012bga, l\u012bmlente ir \u012bpa\u0161i piem\u0113rota \u013coti pl\u0101niem pap\u012briem, piem\u0113ram, caursp\u012bd\u012bgu pap\u012bru l\u012bm\u0113\u0161anai uz stikla. Ar \u0161o l\u012bmlenti var profesion\u0101li piel\u012bm\u0113t ar\u012b caursp\u012bd\u012bg\u0101s kartes pa\u0161darin\u0101tiem iel\u016bgumiem. L\u012bmlente nesatur sk\u0101bes, t\u0101d\u0113j\u0101di piel\u012bm\u0113t\u0101s fotogr\u0101fijas neg\u016bs dzeltenu nokr\u0101su!<\/p>\n","protected":false},"excerpt":{"rendered":"<p>Vai j\u016bsu pras\u012bbas, run\u0101jot par l\u012bmes izmanto\u0161ana, ir augstas? Rayher divpus\u0113j\u0101 l\u012bmlente ir ide\u0101li piem\u0113rota izmanto\u0161anai piez\u012bmju gr\u0101mat\u0101, m\u0101kslas darbos un citur, kur vien nepiecie\u0161ams izmantot l\u012bdzekli, kur\u0161 neatst\u0101j p\u0113das! \u0160\u012b abpus\u0113j\u0101 l\u012bmlente ir piln\u012bgi caursp\u012bd\u012bga. J\u016bs varat to gan nogriezt, gan ar\u012b viegli nopl\u0113st, t\u0101d\u0113j\u0101di nav nepiecie\u0161ami l\u012bmes koci\u0146i vai \u0161\u0137\u0113res. T\u0101 k\u0101 t\u0101 ir \u013coti caursp\u012bd\u012bga, l\u012bmlente ir \u012bpa\u0161i piem\u0113rota \u013coti pl\u0101niem pap\u012briem, piem\u0113ram, caursp\u012bd\u012bgu pap\u012bru l\u012bm\u0113\u0161anai uz stikla. Ar \u0161o l\u012bmlenti var profesion\u0101li piel\u012bm\u0113t ar\u012b caursp\u012bd\u012bg\u0101s kartes pa\u0161darin\u0101tiem iel\u016bgumiem. L\u012bmlente nesatur sk\u0101bes, t\u0101d\u0113j\u0101di piel\u012bm\u0113t\u0101s fotogr\u0101fijas neg\u016bs dzeltenu nokr\u0101su!<\/p>\n","protected":false},"featured_media":353147,"comment_status":"closed","ping_status":"closed","template":"","meta":{"_acf_changed":false,"ep_exclude_from_search":false},"product_cat":[20361],"product_tag":[],"class_list":{"0":"post-339446","1":"product","2":"type-product","3":"status-publish","4":"has-post-thumbnail","6":"product_cat-maaramata","8":"first","9":"instock","10":"taxable","11":"shipping-taxable","12":"product-type-simple"},"acf":[],"yoast_head":"<!-- This site is optimized with the Yoast SEO plugin v24.1 - https:\/\/yoast.com\/wordpress\/plugins\/seo\/ -->\n<title>Abpus\u0113j\u0101 l\u012bmlente Rayher caursp\u012bd\u012bgs &#8211; Skizze<\/title>\n<meta name=\"robots\" content=\"noindex, follow, max-snippet:-1, max-image-preview:large, max-video-preview:-1\" \/>\n<meta property=\"og:locale\" content=\"lv_LV\" \/>\n<meta property=\"og:type\" content=\"article\" \/>\n<meta property=\"og:title\" content=\"Abpus\u0113j\u0101 l\u012bmlente Rayher caursp\u012bd\u012bgs &#8211; Skizze\" \/>\n<meta property=\"og:description\" content=\"Vai j\u016bsu pras\u012bbas, run\u0101jot par l\u012bmes izmanto\u0161ana, ir augstas? Rayher divpus\u0113j\u0101 l\u012bmlente ir ide\u0101li piem\u0113rota izmanto\u0161anai piez\u012bmju gr\u0101mat\u0101, m\u0101kslas darbos un citur, kur vien nepiecie\u0161ams izmantot l\u012bdzekli, kur\u0161 neatst\u0101j p\u0113das! \u0160\u012b abpus\u0113j\u0101 l\u012bmlente ir piln\u012bgi caursp\u012bd\u012bga. J\u016bs varat to gan nogriezt, gan ar\u012b viegli nopl\u0113st, t\u0101d\u0113j\u0101di nav nepiecie\u0161ami l\u012bmes koci\u0146i vai \u0161\u0137\u0113res. T\u0101 k\u0101 t\u0101 ir \u013coti caursp\u012bd\u012bga, l\u012bmlente ir \u012bpa\u0161i piem\u0113rota \u013coti pl\u0101niem pap\u012briem, piem\u0113ram, caursp\u012bd\u012bgu pap\u012bru l\u012bm\u0113\u0161anai uz stikla. Ar \u0161o l\u012bmlenti var profesion\u0101li piel\u012bm\u0113t ar\u012b caursp\u012bd\u012bg\u0101s kartes pa\u0161darin\u0101tiem iel\u016bgumiem. L\u012bmlente nesatur sk\u0101bes, t\u0101d\u0113j\u0101di piel\u012bm\u0113t\u0101s fotogr\u0101fijas neg\u016bs dzeltenu nokr\u0101su!\" \/>\n<meta property=\"og:url\" content=\"https:\/\/hobstop.ee\/lv\/produkts\/abpuseja-limlente-rayher-caurspidigs\/\" \/>\n<meta property=\"og:site_name\" content=\"Skizze\" \/>\n<meta property=\"article:publisher\" content=\"http:\/\/www.facebook.com\/VunderSkizze\" \/>\n<meta property=\"og:image\" content=\"https:\/\/hobstop.ee\/media\/4873.jpg\" \/>\n\t<meta property=\"og:image:width\" content=\"1024\" \/>\n\t<meta property=\"og:image:height\" content=\"768\" \/>\n\t<meta property=\"og:image:type\" content=\"image\/jpeg\" \/>\n<meta name=\"twitter:card\" content=\"summary_large_image\" \/>\n<meta name=\"twitter:label1\" content=\"Est. reading time\" \/>\n\t<meta name=\"twitter:data1\" content=\"1 min\u016b\u0161u\" \/>\n<script type=\"application\/ld+json\" class=\"yoast-schema-graph\">{\"@context\":\"https:\/\/schema.org\",\"@graph\":[{\"@type\":\"WebPage\",\"@id\":\"https:\/\/hobstop.ee\/lv\/produkts\/abpuseja-limlente-rayher-caurspidigs\/\",\"url\":\"https:\/\/hobstop.ee\/lv\/produkts\/abpuseja-limlente-rayher-caurspidigs\/\",\"name\":\"Abpus\u0113j\u0101 l\u012bmlente Rayher caursp\u012bd\u012bgs &#8211; Skizze\",\"isPartOf\":{\"@id\":\"https:\/\/hobstop.ee\/lv\/#website\"},\"primaryImageOfPage\":{\"@id\":\"https:\/\/hobstop.ee\/lv\/produkts\/abpuseja-limlente-rayher-caurspidigs\/#primaryimage\"},\"image\":{\"@id\":\"https:\/\/hobstop.ee\/lv\/produkts\/abpuseja-limlente-rayher-caurspidigs\/#primaryimage\"},\"thumbnailUrl\":\"https:\/\/hobstop.ee\/media\/4873.jpg\",\"datePublished\":\"2019-11-20T10:31:00+00:00\",\"dateModified\":\"2019-11-20T10:31:00+00:00\",\"breadcrumb\":{\"@id\":\"https:\/\/hobstop.ee\/lv\/produkts\/abpuseja-limlente-rayher-caurspidigs\/#breadcrumb\"},\"inLanguage\":\"lv-LV\",\"potentialAction\":[{\"@type\":\"ReadAction\",\"target\":[\"https:\/\/hobstop.ee\/lv\/produkts\/abpuseja-limlente-rayher-caurspidigs\/\"]}]},{\"@type\":\"ImageObject\",\"inLanguage\":\"lv-LV\",\"@id\":\"https:\/\/hobstop.ee\/lv\/produkts\/abpuseja-limlente-rayher-caurspidigs\/#primaryimage\",\"url\":\"https:\/\/hobstop.ee\/media\/4873.jpg\",\"contentUrl\":\"https:\/\/hobstop.ee\/media\/4873.jpg\",\"width\":1024,\"height\":768},{\"@type\":\"BreadcrumbList\",\"@id\":\"https:\/\/hobstop.ee\/lv\/produkts\/abpuseja-limlente-rayher-caurspidigs\/#breadcrumb\",\"itemListElement\":[{\"@type\":\"ListItem\",\"position\":1,\"name\":\"Avaleht\",\"item\":\"https:\/\/hobstop.ee\/lv\/\"},{\"@type\":\"ListItem\",\"position\":2,\"name\":\"Veikals\",\"item\":\"https:\/\/hobstop.ee\/lv\/veikals\/\"},{\"@type\":\"ListItem\",\"position\":3,\"name\":\"Abpus\u0113j\u0101 l\u012bmlente Rayher caursp\u012bd\u012bgs\"}]},{\"@type\":\"WebSite\",\"@id\":\"https:\/\/hobstop.ee\/lv\/#website\",\"url\":\"https:\/\/hobstop.ee\/lv\/\",\"name\":\"Skizze\",\"description\":\"M\u0101kslas, hobiju un skolas preces\",\"publisher\":{\"@id\":\"https:\/\/hobstop.ee\/lv\/#organization\"},\"potentialAction\":[{\"@type\":\"SearchAction\",\"target\":{\"@type\":\"EntryPoint\",\"urlTemplate\":\"https:\/\/hobstop.ee\/lv\/?s={search_term_string}\"},\"query-input\":{\"@type\":\"PropertyValueSpecification\",\"valueRequired\":true,\"valueName\":\"search_term_string\"}}],\"inLanguage\":\"lv-LV\"},{\"@type\":\"Organization\",\"@id\":\"https:\/\/hobstop.ee\/lv\/#organization\",\"name\":\"Vunder AS\",\"url\":\"https:\/\/hobstop.ee\/lv\/\",\"logo\":{\"@type\":\"ImageObject\",\"inLanguage\":\"lv-LV\",\"@id\":\"https:\/\/hobstop.ee\/lv\/#\/schema\/logo\/image\/\",\"url\":\"https:\/\/hobstop.ee\/media\/vunder-logo.png\",\"contentUrl\":\"https:\/\/hobstop.ee\/media\/vunder-logo.png\",\"width\":127,\"height\":55,\"caption\":\"Vunder AS\"},\"image\":{\"@id\":\"https:\/\/hobstop.ee\/lv\/#\/schema\/logo\/image\/\"},\"sameAs\":[\"http:\/\/www.facebook.com\/VunderSkizze\"]}]}<\/script>\n<!-- \/ Yoast SEO plugin. -->","yoast_head_json":{"title":"Abpus\u0113j\u0101 l\u012bmlente Rayher caursp\u012bd\u012bgs &#8211; Skizze","robots":{"index":"noindex","follow":"follow","max-snippet":"max-snippet:-1","max-image-preview":"max-image-preview:large","max-video-preview":"max-video-preview:-1"},"og_locale":"lv_LV","og_type":"article","og_title":"Abpus\u0113j\u0101 l\u012bmlente Rayher caursp\u012bd\u012bgs &#8211; Skizze","og_description":"Vai j\u016bsu pras\u012bbas, run\u0101jot par l\u012bmes izmanto\u0161ana, ir augstas? Rayher divpus\u0113j\u0101 l\u012bmlente ir ide\u0101li piem\u0113rota izmanto\u0161anai piez\u012bmju gr\u0101mat\u0101, m\u0101kslas darbos un citur, kur vien nepiecie\u0161ams izmantot l\u012bdzekli, kur\u0161 neatst\u0101j p\u0113das! \u0160\u012b abpus\u0113j\u0101 l\u012bmlente ir piln\u012bgi caursp\u012bd\u012bga. J\u016bs varat to gan nogriezt, gan ar\u012b viegli nopl\u0113st, t\u0101d\u0113j\u0101di nav nepiecie\u0161ami l\u012bmes koci\u0146i vai \u0161\u0137\u0113res. T\u0101 k\u0101 t\u0101 ir \u013coti caursp\u012bd\u012bga, l\u012bmlente ir \u012bpa\u0161i piem\u0113rota \u013coti pl\u0101niem pap\u012briem, piem\u0113ram, caursp\u012bd\u012bgu pap\u012bru l\u012bm\u0113\u0161anai uz stikla. Ar \u0161o l\u012bmlenti var profesion\u0101li piel\u012bm\u0113t ar\u012b caursp\u012bd\u012bg\u0101s kartes pa\u0161darin\u0101tiem iel\u016bgumiem. L\u012bmlente nesatur sk\u0101bes, t\u0101d\u0113j\u0101di piel\u012bm\u0113t\u0101s fotogr\u0101fijas neg\u016bs dzeltenu nokr\u0101su!","og_url":"https:\/\/hobstop.ee\/lv\/produkts\/abpuseja-limlente-rayher-caurspidigs\/","og_site_name":"Skizze","article_publisher":"http:\/\/www.facebook.com\/VunderSkizze","og_image":[{"width":1024,"height":768,"url":"https:\/\/hobstop.ee\/media\/4873.jpg","type":"image\/jpeg"}],"twitter_card":"summary_large_image","twitter_misc":{"Est. reading time":"1 min\u016b\u0161u"},"schema":{"@context":"https:\/\/schema.org","@graph":[{"@type":"WebPage","@id":"https:\/\/hobstop.ee\/lv\/produkts\/abpuseja-limlente-rayher-caurspidigs\/","url":"https:\/\/hobstop.ee\/lv\/produkts\/abpuseja-limlente-rayher-caurspidigs\/","name":"Abpus\u0113j\u0101 l\u012bmlente Rayher caursp\u012bd\u012bgs &#8211; Skizze","isPartOf":{"@id":"https:\/\/hobstop.ee\/lv\/#website"},"primaryImageOfPage":{"@id":"https:\/\/hobstop.ee\/lv\/produkts\/abpuseja-limlente-rayher-caurspidigs\/#primaryimage"},"image":{"@id":"https:\/\/hobstop.ee\/lv\/produkts\/abpuseja-limlente-rayher-caurspidigs\/#primaryimage"},"thumbnailUrl":"https:\/\/hobstop.ee\/media\/4873.jpg","datePublished":"2019-11-20T10:31:00+00:00","dateModified":"2019-11-20T10:31:00+00:00","breadcrumb":{"@id":"https:\/\/hobstop.ee\/lv\/produkts\/abpuseja-limlente-rayher-caurspidigs\/#breadcrumb"},"inLanguage":"lv-LV","potentialAction":[{"@type":"ReadAction","target":["https:\/\/hobstop.ee\/lv\/produkts\/abpuseja-limlente-rayher-caurspidigs\/"]}]},{"@type":"ImageObject","inLanguage":"lv-LV","@id":"https:\/\/hobstop.ee\/lv\/produkts\/abpuseja-limlente-rayher-caurspidigs\/#primaryimage","url":"https:\/\/hobstop.ee\/media\/4873.jpg","contentUrl":"https:\/\/hobstop.ee\/media\/4873.jpg","width":1024,"height":768},{"@type":"BreadcrumbList","@id":"https:\/\/hobstop.ee\/lv\/produkts\/abpuseja-limlente-rayher-caurspidigs\/#breadcrumb","itemListElement":[{"@type":"ListItem","position":1,"name":"Avaleht","item":"https:\/\/hobstop.ee\/lv\/"},{"@type":"ListItem","position":2,"name":"Veikals","item":"https:\/\/hobstop.ee\/lv\/veikals\/"},{"@type":"ListItem","position":3,"name":"Abpus\u0113j\u0101 l\u012bmlente Rayher caursp\u012bd\u012bgs"}]},{"@type":"WebSite","@id":"https:\/\/hobstop.ee\/lv\/#website","url":"https:\/\/hobstop.ee\/lv\/","name":"Skizze","description":"M\u0101kslas, hobiju un skolas preces","publisher":{"@id":"https:\/\/hobstop.ee\/lv\/#organization"},"potentialAction":[{"@type":"SearchAction","target":{"@type":"EntryPoint","urlTemplate":"https:\/\/hobstop.ee\/lv\/?s={search_term_string}"},"query-input":{"@type":"PropertyValueSpecification","valueRequired":true,"valueName":"search_term_string"}}],"inLanguage":"lv-LV"},{"@type":"Organization","@id":"https:\/\/hobstop.ee\/lv\/#organization","name":"Vunder AS","url":"https:\/\/hobstop.ee\/lv\/","logo":{"@type":"ImageObject","inLanguage":"lv-LV","@id":"https:\/\/hobstop.ee\/lv\/#\/schema\/logo\/image\/","url":"https:\/\/hobstop.ee\/media\/vunder-logo.png","contentUrl":"https:\/\/hobstop.ee\/media\/vunder-logo.png","width":127,"height":55,"caption":"Vunder AS"},"image":{"@id":"https:\/\/hobstop.ee\/lv\/#\/schema\/logo\/image\/"},"sameAs":["http:\/\/www.facebook.com\/VunderSkizze"]}]}},"_links":{"self":[{"href":"https:\/\/hobstop.ee\/lv\/wp-json\/wp\/v2\/product\/339446","targetHints":{"allow":["GET"]}}],"collection":[{"href":"https:\/\/hobstop.ee\/lv\/wp-json\/wp\/v2\/product"}],"about":[{"href":"https:\/\/hobstop.ee\/lv\/wp-json\/wp\/v2\/types\/product"}],"replies":[{"embeddable":true,"href":"https:\/\/hobstop.ee\/lv\/wp-json\/wp\/v2\/comments?post=339446"}],"wp:featuredmedia":[{"embeddable":true,"href":"https:\/\/hobstop.ee\/lv\/wp-json\/wp\/v2\/media\/353147"}],"wp:attachment":[{"href":"https:\/\/hobstop.ee\/lv\/wp-json\/wp\/v2\/media?parent=339446"}],"wp:term":[{"taxonomy":"product_cat","embeddable":true,"href":"https:\/\/hobstop.ee\/lv\/wp-json\/wp\/v2\/product_cat?post=339446"},{"taxonomy":"product_tag","embeddable":true,"href":"https:\/\/hobstop.ee\/lv\/wp-json\/wp\/v2\/product_tag?post=339446"}],"curies":[{"name":"wp","href":"https:\/\/api.w.org\/{rel}","templated":true}]}}