{"id":339450,"date":"2019-11-20T12:31:04","date_gmt":"2019-11-20T10:31:09","guid":{"rendered":"https:\/\/sharks.ee\/vunder_2019\/product\/abpuseja-limlente-rayher-extra-strong-caurspidigs\/"},"modified":"2019-11-20T12:31:09","modified_gmt":"2019-11-20T10:31:09","slug":"abpuseja-limlente-rayher-extra-strong-caurspidigs","status":"publish","type":"product","link":"https:\/\/hobstop.ee\/lv\/produkts\/abpuseja-limlente-rayher-extra-strong-caurspidigs\/","title":{"rendered":"Abpus\u0113j\u0101 l\u012bmlente Rayher Extra-Strong caursp\u012bd\u012bgs"},"content":{"rendered":"<p>Vai v\u0113laties piel\u012bm\u0113t ne tikai pap\u012bru, bet ar\u012b sp\u012bdumus, p\u0113rl\u012btes, p\u0101rsli\u0146as, mini piekari\u0146us&#8230; ? Izmantojiet \u0161o Rayher \u012bpa\u0161i sp\u0113c\u012bgo, caursp\u012bd\u012bgo, karstumiztur\u012bgo abpus\u0113jo l\u012bmlenti. Rot\u0101jiet Ziemassv\u0113tku bumbi\u0146as ar sp\u012bdumiem, veidojiet gl\u012btu t\u0113jas sveces tur\u0113t\u0101ju no stikla ar dzirksto\u0161ajiem moza\u012bkas akmenti\u0146iem vai piestipriniet dekorat\u012bvos elementus no met\u0101la ar \u012bpa\u0161i sp\u0113c\u012bgu abpus\u0113jo l\u012bmlenti. T\u0101 piel\u012bp liel\u0101kajai da\u013cai virsmu, ieskaitot stiklu, paper-m\u00e2ch\u00e9, koku, met\u0101lu un pap\u012bru. L\u012bmlente nesatur sk\u0101bes, t\u0101d\u0113j\u0101di piel\u012bm\u0113t\u0101s fotogr\u0101fijas neg\u016bs dzeltenu nokr\u0101su!<\/p>\n","protected":false},"excerpt":{"rendered":"<p>Vai v\u0113laties piel\u012bm\u0113t ne tikai pap\u012bru, bet ar\u012b sp\u012bdumus, p\u0113rl\u012btes, p\u0101rsli\u0146as, mini piekari\u0146us&#8230; ? Izmantojiet \u0161o Rayher \u012bpa\u0161i sp\u0113c\u012bgo, caursp\u012bd\u012bgo, karstumiztur\u012bgo abpus\u0113jo l\u012bmlenti. Rot\u0101jiet Ziemassv\u0113tku bumbi\u0146as ar sp\u012bdumiem, veidojiet gl\u012btu t\u0113jas sveces tur\u0113t\u0101ju no stikla ar dzirksto\u0161ajiem moza\u012bkas akmenti\u0146iem vai piestipriniet dekorat\u012bvos elementus no met\u0101la ar \u012bpa\u0161i sp\u0113c\u012bgu abpus\u0113jo l\u012bmlenti. T\u0101 piel\u012bp liel\u0101kajai da\u013cai virsmu, ieskaitot stiklu, paper-m\u00e2ch\u00e9, koku, met\u0101lu un pap\u012bru. L\u012bmlente nesatur sk\u0101bes, t\u0101d\u0113j\u0101di piel\u012bm\u0113t\u0101s fotogr\u0101fijas neg\u016bs dzeltenu nokr\u0101su!<\/p>\n","protected":false},"featured_media":353143,"comment_status":"closed","ping_status":"closed","template":"","meta":{"_acf_changed":false,"ep_exclude_from_search":false},"product_cat":[20361],"product_tag":[],"class_list":{"0":"post-339450","1":"product","2":"type-product","3":"status-publish","4":"has-post-thumbnail","6":"product_cat-maaramata","8":"first","9":"instock","10":"taxable","11":"shipping-taxable","12":"product-type-simple"},"acf":[],"yoast_head":"<!-- This site is optimized with the Yoast SEO plugin v24.1 - https:\/\/yoast.com\/wordpress\/plugins\/seo\/ -->\n<title>Abpus\u0113j\u0101 l\u012bmlente Rayher Extra-Strong caursp\u012bd\u012bgs &#8211; Skizze<\/title>\n<meta name=\"robots\" content=\"noindex, follow, max-snippet:-1, max-image-preview:large, max-video-preview:-1\" \/>\n<meta property=\"og:locale\" content=\"lv_LV\" \/>\n<meta property=\"og:type\" content=\"article\" \/>\n<meta property=\"og:title\" content=\"Abpus\u0113j\u0101 l\u012bmlente Rayher Extra-Strong caursp\u012bd\u012bgs &#8211; Skizze\" \/>\n<meta property=\"og:description\" content=\"Vai v\u0113laties piel\u012bm\u0113t ne tikai pap\u012bru, bet ar\u012b sp\u012bdumus, p\u0113rl\u012btes, p\u0101rsli\u0146as, mini piekari\u0146us&#8230; ? Izmantojiet \u0161o Rayher \u012bpa\u0161i sp\u0113c\u012bgo, caursp\u012bd\u012bgo, karstumiztur\u012bgo abpus\u0113jo l\u012bmlenti. Rot\u0101jiet Ziemassv\u0113tku bumbi\u0146as ar sp\u012bdumiem, veidojiet gl\u012btu t\u0113jas sveces tur\u0113t\u0101ju no stikla ar dzirksto\u0161ajiem moza\u012bkas akmenti\u0146iem vai piestipriniet dekorat\u012bvos elementus no met\u0101la ar \u012bpa\u0161i sp\u0113c\u012bgu abpus\u0113jo l\u012bmlenti. T\u0101 piel\u012bp liel\u0101kajai da\u013cai virsmu, ieskaitot stiklu, paper-m\u00e2ch\u00e9, koku, met\u0101lu un pap\u012bru. L\u012bmlente nesatur sk\u0101bes, t\u0101d\u0113j\u0101di piel\u012bm\u0113t\u0101s fotogr\u0101fijas neg\u016bs dzeltenu nokr\u0101su!\" \/>\n<meta property=\"og:url\" content=\"https:\/\/hobstop.ee\/lv\/produkts\/abpuseja-limlente-rayher-extra-strong-caurspidigs\/\" \/>\n<meta property=\"og:site_name\" content=\"Skizze\" \/>\n<meta property=\"article:publisher\" content=\"http:\/\/www.facebook.com\/VunderSkizze\" \/>\n<meta property=\"og:image\" content=\"https:\/\/hobstop.ee\/media\/4874.jpg\" \/>\n\t<meta property=\"og:image:width\" content=\"1024\" \/>\n\t<meta property=\"og:image:height\" content=\"768\" \/>\n\t<meta property=\"og:image:type\" content=\"image\/jpeg\" \/>\n<meta name=\"twitter:card\" content=\"summary_large_image\" \/>\n<meta name=\"twitter:label1\" content=\"Est. reading time\" \/>\n\t<meta name=\"twitter:data1\" content=\"1 min\u016b\u0161u\" \/>\n<script type=\"application\/ld+json\" class=\"yoast-schema-graph\">{\"@context\":\"https:\/\/schema.org\",\"@graph\":[{\"@type\":\"WebPage\",\"@id\":\"https:\/\/hobstop.ee\/lv\/produkts\/abpuseja-limlente-rayher-extra-strong-caurspidigs\/\",\"url\":\"https:\/\/hobstop.ee\/lv\/produkts\/abpuseja-limlente-rayher-extra-strong-caurspidigs\/\",\"name\":\"Abpus\u0113j\u0101 l\u012bmlente Rayher Extra-Strong caursp\u012bd\u012bgs &#8211; Skizze\",\"isPartOf\":{\"@id\":\"https:\/\/hobstop.ee\/lv\/#website\"},\"primaryImageOfPage\":{\"@id\":\"https:\/\/hobstop.ee\/lv\/produkts\/abpuseja-limlente-rayher-extra-strong-caurspidigs\/#primaryimage\"},\"image\":{\"@id\":\"https:\/\/hobstop.ee\/lv\/produkts\/abpuseja-limlente-rayher-extra-strong-caurspidigs\/#primaryimage\"},\"thumbnailUrl\":\"https:\/\/hobstop.ee\/media\/4874.jpg\",\"datePublished\":\"2019-11-20T10:31:09+00:00\",\"dateModified\":\"2019-11-20T10:31:09+00:00\",\"breadcrumb\":{\"@id\":\"https:\/\/hobstop.ee\/lv\/produkts\/abpuseja-limlente-rayher-extra-strong-caurspidigs\/#breadcrumb\"},\"inLanguage\":\"lv-LV\",\"potentialAction\":[{\"@type\":\"ReadAction\",\"target\":[\"https:\/\/hobstop.ee\/lv\/produkts\/abpuseja-limlente-rayher-extra-strong-caurspidigs\/\"]}]},{\"@type\":\"ImageObject\",\"inLanguage\":\"lv-LV\",\"@id\":\"https:\/\/hobstop.ee\/lv\/produkts\/abpuseja-limlente-rayher-extra-strong-caurspidigs\/#primaryimage\",\"url\":\"https:\/\/hobstop.ee\/media\/4874.jpg\",\"contentUrl\":\"https:\/\/hobstop.ee\/media\/4874.jpg\",\"width\":1024,\"height\":768},{\"@type\":\"BreadcrumbList\",\"@id\":\"https:\/\/hobstop.ee\/lv\/produkts\/abpuseja-limlente-rayher-extra-strong-caurspidigs\/#breadcrumb\",\"itemListElement\":[{\"@type\":\"ListItem\",\"position\":1,\"name\":\"Avaleht\",\"item\":\"https:\/\/hobstop.ee\/lv\/\"},{\"@type\":\"ListItem\",\"position\":2,\"name\":\"Veikals\",\"item\":\"https:\/\/hobstop.ee\/lv\/veikals\/\"},{\"@type\":\"ListItem\",\"position\":3,\"name\":\"Abpus\u0113j\u0101 l\u012bmlente Rayher Extra-Strong caursp\u012bd\u012bgs\"}]},{\"@type\":\"WebSite\",\"@id\":\"https:\/\/hobstop.ee\/lv\/#website\",\"url\":\"https:\/\/hobstop.ee\/lv\/\",\"name\":\"Skizze\",\"description\":\"M\u0101kslas, hobiju un skolas preces\",\"publisher\":{\"@id\":\"https:\/\/hobstop.ee\/lv\/#organization\"},\"potentialAction\":[{\"@type\":\"SearchAction\",\"target\":{\"@type\":\"EntryPoint\",\"urlTemplate\":\"https:\/\/hobstop.ee\/lv\/?s={search_term_string}\"},\"query-input\":{\"@type\":\"PropertyValueSpecification\",\"valueRequired\":true,\"valueName\":\"search_term_string\"}}],\"inLanguage\":\"lv-LV\"},{\"@type\":\"Organization\",\"@id\":\"https:\/\/hobstop.ee\/lv\/#organization\",\"name\":\"Vunder AS\",\"url\":\"https:\/\/hobstop.ee\/lv\/\",\"logo\":{\"@type\":\"ImageObject\",\"inLanguage\":\"lv-LV\",\"@id\":\"https:\/\/hobstop.ee\/lv\/#\/schema\/logo\/image\/\",\"url\":\"https:\/\/hobstop.ee\/media\/vunder-logo.png\",\"contentUrl\":\"https:\/\/hobstop.ee\/media\/vunder-logo.png\",\"width\":127,\"height\":55,\"caption\":\"Vunder AS\"},\"image\":{\"@id\":\"https:\/\/hobstop.ee\/lv\/#\/schema\/logo\/image\/\"},\"sameAs\":[\"http:\/\/www.facebook.com\/VunderSkizze\"]}]}<\/script>\n<!-- \/ Yoast SEO plugin. -->","yoast_head_json":{"title":"Abpus\u0113j\u0101 l\u012bmlente Rayher Extra-Strong caursp\u012bd\u012bgs &#8211; Skizze","robots":{"index":"noindex","follow":"follow","max-snippet":"max-snippet:-1","max-image-preview":"max-image-preview:large","max-video-preview":"max-video-preview:-1"},"og_locale":"lv_LV","og_type":"article","og_title":"Abpus\u0113j\u0101 l\u012bmlente Rayher Extra-Strong caursp\u012bd\u012bgs &#8211; Skizze","og_description":"Vai v\u0113laties piel\u012bm\u0113t ne tikai pap\u012bru, bet ar\u012b sp\u012bdumus, p\u0113rl\u012btes, p\u0101rsli\u0146as, mini piekari\u0146us&#8230; ? Izmantojiet \u0161o Rayher \u012bpa\u0161i sp\u0113c\u012bgo, caursp\u012bd\u012bgo, karstumiztur\u012bgo abpus\u0113jo l\u012bmlenti. Rot\u0101jiet Ziemassv\u0113tku bumbi\u0146as ar sp\u012bdumiem, veidojiet gl\u012btu t\u0113jas sveces tur\u0113t\u0101ju no stikla ar dzirksto\u0161ajiem moza\u012bkas akmenti\u0146iem vai piestipriniet dekorat\u012bvos elementus no met\u0101la ar \u012bpa\u0161i sp\u0113c\u012bgu abpus\u0113jo l\u012bmlenti. T\u0101 piel\u012bp liel\u0101kajai da\u013cai virsmu, ieskaitot stiklu, paper-m\u00e2ch\u00e9, koku, met\u0101lu un pap\u012bru. L\u012bmlente nesatur sk\u0101bes, t\u0101d\u0113j\u0101di piel\u012bm\u0113t\u0101s fotogr\u0101fijas neg\u016bs dzeltenu nokr\u0101su!","og_url":"https:\/\/hobstop.ee\/lv\/produkts\/abpuseja-limlente-rayher-extra-strong-caurspidigs\/","og_site_name":"Skizze","article_publisher":"http:\/\/www.facebook.com\/VunderSkizze","og_image":[{"width":1024,"height":768,"url":"https:\/\/hobstop.ee\/media\/4874.jpg","type":"image\/jpeg"}],"twitter_card":"summary_large_image","twitter_misc":{"Est. reading time":"1 min\u016b\u0161u"},"schema":{"@context":"https:\/\/schema.org","@graph":[{"@type":"WebPage","@id":"https:\/\/hobstop.ee\/lv\/produkts\/abpuseja-limlente-rayher-extra-strong-caurspidigs\/","url":"https:\/\/hobstop.ee\/lv\/produkts\/abpuseja-limlente-rayher-extra-strong-caurspidigs\/","name":"Abpus\u0113j\u0101 l\u012bmlente Rayher Extra-Strong caursp\u012bd\u012bgs &#8211; Skizze","isPartOf":{"@id":"https:\/\/hobstop.ee\/lv\/#website"},"primaryImageOfPage":{"@id":"https:\/\/hobstop.ee\/lv\/produkts\/abpuseja-limlente-rayher-extra-strong-caurspidigs\/#primaryimage"},"image":{"@id":"https:\/\/hobstop.ee\/lv\/produkts\/abpuseja-limlente-rayher-extra-strong-caurspidigs\/#primaryimage"},"thumbnailUrl":"https:\/\/hobstop.ee\/media\/4874.jpg","datePublished":"2019-11-20T10:31:09+00:00","dateModified":"2019-11-20T10:31:09+00:00","breadcrumb":{"@id":"https:\/\/hobstop.ee\/lv\/produkts\/abpuseja-limlente-rayher-extra-strong-caurspidigs\/#breadcrumb"},"inLanguage":"lv-LV","potentialAction":[{"@type":"ReadAction","target":["https:\/\/hobstop.ee\/lv\/produkts\/abpuseja-limlente-rayher-extra-strong-caurspidigs\/"]}]},{"@type":"ImageObject","inLanguage":"lv-LV","@id":"https:\/\/hobstop.ee\/lv\/produkts\/abpuseja-limlente-rayher-extra-strong-caurspidigs\/#primaryimage","url":"https:\/\/hobstop.ee\/media\/4874.jpg","contentUrl":"https:\/\/hobstop.ee\/media\/4874.jpg","width":1024,"height":768},{"@type":"BreadcrumbList","@id":"https:\/\/hobstop.ee\/lv\/produkts\/abpuseja-limlente-rayher-extra-strong-caurspidigs\/#breadcrumb","itemListElement":[{"@type":"ListItem","position":1,"name":"Avaleht","item":"https:\/\/hobstop.ee\/lv\/"},{"@type":"ListItem","position":2,"name":"Veikals","item":"https:\/\/hobstop.ee\/lv\/veikals\/"},{"@type":"ListItem","position":3,"name":"Abpus\u0113j\u0101 l\u012bmlente Rayher Extra-Strong caursp\u012bd\u012bgs"}]},{"@type":"WebSite","@id":"https:\/\/hobstop.ee\/lv\/#website","url":"https:\/\/hobstop.ee\/lv\/","name":"Skizze","description":"M\u0101kslas, hobiju un skolas preces","publisher":{"@id":"https:\/\/hobstop.ee\/lv\/#organization"},"potentialAction":[{"@type":"SearchAction","target":{"@type":"EntryPoint","urlTemplate":"https:\/\/hobstop.ee\/lv\/?s={search_term_string}"},"query-input":{"@type":"PropertyValueSpecification","valueRequired":true,"valueName":"search_term_string"}}],"inLanguage":"lv-LV"},{"@type":"Organization","@id":"https:\/\/hobstop.ee\/lv\/#organization","name":"Vunder AS","url":"https:\/\/hobstop.ee\/lv\/","logo":{"@type":"ImageObject","inLanguage":"lv-LV","@id":"https:\/\/hobstop.ee\/lv\/#\/schema\/logo\/image\/","url":"https:\/\/hobstop.ee\/media\/vunder-logo.png","contentUrl":"https:\/\/hobstop.ee\/media\/vunder-logo.png","width":127,"height":55,"caption":"Vunder AS"},"image":{"@id":"https:\/\/hobstop.ee\/lv\/#\/schema\/logo\/image\/"},"sameAs":["http:\/\/www.facebook.com\/VunderSkizze"]}]}},"_links":{"self":[{"href":"https:\/\/hobstop.ee\/lv\/wp-json\/wp\/v2\/product\/339450","targetHints":{"allow":["GET"]}}],"collection":[{"href":"https:\/\/hobstop.ee\/lv\/wp-json\/wp\/v2\/product"}],"about":[{"href":"https:\/\/hobstop.ee\/lv\/wp-json\/wp\/v2\/types\/product"}],"replies":[{"embeddable":true,"href":"https:\/\/hobstop.ee\/lv\/wp-json\/wp\/v2\/comments?post=339450"}],"wp:featuredmedia":[{"embeddable":true,"href":"https:\/\/hobstop.ee\/lv\/wp-json\/wp\/v2\/media\/353143"}],"wp:attachment":[{"href":"https:\/\/hobstop.ee\/lv\/wp-json\/wp\/v2\/media?parent=339450"}],"wp:term":[{"taxonomy":"product_cat","embeddable":true,"href":"https:\/\/hobstop.ee\/lv\/wp-json\/wp\/v2\/product_cat?post=339450"},{"taxonomy":"product_tag","embeddable":true,"href":"https:\/\/hobstop.ee\/lv\/wp-json\/wp\/v2\/product_tag?post=339450"}],"curies":[{"name":"wp","href":"https:\/\/api.w.org\/{rel}","templated":true}]}}