{"id":339470,"date":"2019-11-20T12:32:04","date_gmt":"2019-11-20T10:32:11","guid":{"rendered":"https:\/\/sharks.ee\/vunder_2019\/product\/udens-pudele-maped-picnik-adult-concept-500ml\/"},"modified":"2019-11-20T12:32:11","modified_gmt":"2019-11-20T10:32:11","slug":"udens-pudele-maped-picnik-adult-concept-500ml","status":"publish","type":"product","link":"https:\/\/hobstop.ee\/lv\/produkts\/udens-pudele-maped-picnik-adult-concept-500ml\/","title":{"rendered":"\u016adens pudele Maped Picnik Adult Concept 500ml"},"content":{"rendered":"<p>Maped ir izmantojis savas zin\u0101\u0161anas, izstr\u0101d\u0101jot un ra\u017eojot kvalitat\u012bvas skolas preces, lai rad\u012btu Maped Picnik &#8211; inovat\u012bvu b\u0113rnu dz\u0113rienu un \u0113dienu trauku kolekciju. Maped Picnik Adult pied\u0101v\u0101 pavad\u012bt p\u0101rtraukumu lieliski &#8211; iedvesmojies no galda m\u0101kslas.<br \/>\nMaped Picnik Adult \u016bdens pude\u013cu kl\u0101st\u0101 ir unik\u0101la, 100% necaurlaid\u012bga padeves sist\u0113ma, kas p\u0113c lieto\u0161anas autom\u0101tiski nosl\u0113dzas. Izgatavota no tritan plastmasas: \u013coti iztur\u012bga un dzidra k\u0101 stikls. V\u0101ci\u0146u, kur\u0161 pasarg\u0101 pudeles kaklu, var izmantot k\u0101 kr\u016bz\u012bti. Maped Picnik Adult \u016bdens pudele ir \u013coti viegli t\u012br\u0101ma: to dr\u012bkst mazg\u0101t trauku mazg\u0101jam\u0101 ma\u0161\u012bna, tai ir liela atvere, bet uzgali var piln\u012bb\u0101 no\u0146emt, lai nodro\u0161in\u0101tu maksim\u0101lu mazg\u0101\u0161anas t\u012br\u012bbu. Maped Picnik Adult \u016bdens pudeles nesatur BPA un t\u0101s var mazg\u0101t trauku mazg\u0101jam\u0101 ma\u0161\u012bn\u0101.<br \/>\n&#8211; 100% iztur\u012bba pret nopl\u016bdi un izl\u012b\u0161anu.<br \/>\n&#8211; Pateicoties lielajai atverei, \u0113rti t\u012br\u0101ma Uzgali dzer\u0161anai var no\u0146emt, lai piln\u012bb\u0101 izmazg\u0101tu.<\/p>\n","protected":false},"excerpt":{"rendered":"<p>Maped ir izmantojis savas zin\u0101\u0161anas, izstr\u0101d\u0101jot un ra\u017eojot kvalitat\u012bvas skolas preces, lai rad\u012btu Maped Picnik &#8211; inovat\u012bvu b\u0113rnu dz\u0113rienu un \u0113dienu trauku kolekciju. Maped Picnik Adult pied\u0101v\u0101 pavad\u012bt p\u0101rtraukumu lieliski &#8211; iedvesmojies no galda m\u0101kslas. Maped Picnik Adult \u016bdens pude\u013cu kl\u0101st\u0101 ir unik\u0101la, 100% necaurlaid\u012bga padeves sist\u0113ma, kas p\u0113c lieto\u0161anas autom\u0101tiski nosl\u0113dzas. Izgatavota no tritan plastmasas: \u013coti iztur\u012bga un dzidra k\u0101 stikls. V\u0101ci\u0146u, kur\u0161 pasarg\u0101 pudeles kaklu, var izmantot k\u0101 kr\u016bz\u012bti. Maped Picnik Adult \u016bdens pudele ir \u013coti viegli t\u012br\u0101ma: to dr\u012bkst mazg\u0101t trauku mazg\u0101jam\u0101 ma\u0161\u012bna, tai ir liela atvere, bet uzgali var piln\u012bb\u0101 no\u0146emt, lai nodro\u0161in\u0101tu maksim\u0101lu mazg\u0101\u0161anas t\u012br\u012bbu. Maped Picnik Adult \u016bdens pudeles nesatur BPA un t\u0101s var mazg\u0101t trauku mazg\u0101jam\u0101 ma\u0161\u012bn\u0101. &#8211; 100% iztur\u012bba pret nopl\u016bdi un izl\u012b\u0161anu. &#8211; Pateicoties lielajai atverei, \u0113rti t\u012br\u0101ma Uzgali dzer\u0161anai var no\u0146emt, lai piln\u012bb\u0101 izmazg\u0101tu.<\/p>\n","protected":false},"featured_media":352943,"comment_status":"closed","ping_status":"closed","template":"","meta":{"_acf_changed":false,"ep_exclude_from_search":false},"product_cat":[20361],"product_tag":[],"class_list":{"0":"post-339470","1":"product","2":"type-product","3":"status-publish","4":"has-post-thumbnail","6":"product_cat-maaramata","8":"first","9":"instock","10":"taxable","11":"shipping-taxable","12":"product-type-simple"},"acf":[],"yoast_head":"<!-- This site is optimized with the Yoast SEO plugin v24.1 - https:\/\/yoast.com\/wordpress\/plugins\/seo\/ -->\n<title>\u016adens pudele Maped Picnik Adult Concept 500ml &#8211; Skizze<\/title>\n<meta name=\"robots\" content=\"noindex, follow, max-snippet:-1, max-image-preview:large, max-video-preview:-1\" \/>\n<meta property=\"og:locale\" content=\"lv_LV\" \/>\n<meta property=\"og:type\" content=\"article\" \/>\n<meta property=\"og:title\" content=\"\u016adens pudele Maped Picnik Adult Concept 500ml &#8211; Skizze\" \/>\n<meta property=\"og:description\" content=\"Maped ir izmantojis savas zin\u0101\u0161anas, izstr\u0101d\u0101jot un ra\u017eojot kvalitat\u012bvas skolas preces, lai rad\u012btu Maped Picnik &#8211; inovat\u012bvu b\u0113rnu dz\u0113rienu un \u0113dienu trauku kolekciju. Maped Picnik Adult pied\u0101v\u0101 pavad\u012bt p\u0101rtraukumu lieliski &#8211; iedvesmojies no galda m\u0101kslas. Maped Picnik Adult \u016bdens pude\u013cu kl\u0101st\u0101 ir unik\u0101la, 100% necaurlaid\u012bga padeves sist\u0113ma, kas p\u0113c lieto\u0161anas autom\u0101tiski nosl\u0113dzas. Izgatavota no tritan plastmasas: \u013coti iztur\u012bga un dzidra k\u0101 stikls. V\u0101ci\u0146u, kur\u0161 pasarg\u0101 pudeles kaklu, var izmantot k\u0101 kr\u016bz\u012bti. Maped Picnik Adult \u016bdens pudele ir \u013coti viegli t\u012br\u0101ma: to dr\u012bkst mazg\u0101t trauku mazg\u0101jam\u0101 ma\u0161\u012bna, tai ir liela atvere, bet uzgali var piln\u012bb\u0101 no\u0146emt, lai nodro\u0161in\u0101tu maksim\u0101lu mazg\u0101\u0161anas t\u012br\u012bbu. Maped Picnik Adult \u016bdens pudeles nesatur BPA un t\u0101s var mazg\u0101t trauku mazg\u0101jam\u0101 ma\u0161\u012bn\u0101. &#8211; 100% iztur\u012bba pret nopl\u016bdi un izl\u012b\u0161anu. &#8211; Pateicoties lielajai atverei, \u0113rti t\u012br\u0101ma Uzgali dzer\u0161anai var no\u0146emt, lai piln\u012bb\u0101 izmazg\u0101tu.\" \/>\n<meta property=\"og:url\" content=\"https:\/\/hobstop.ee\/lv\/produkts\/udens-pudele-maped-picnik-adult-concept-500ml\/\" \/>\n<meta property=\"og:site_name\" content=\"Skizze\" \/>\n<meta property=\"article:publisher\" content=\"http:\/\/www.facebook.com\/VunderSkizze\" \/>\n<meta property=\"og:image\" content=\"https:\/\/hobstop.ee\/media\/4979.jpg\" \/>\n\t<meta property=\"og:image:width\" content=\"1024\" \/>\n\t<meta property=\"og:image:height\" content=\"768\" \/>\n\t<meta property=\"og:image:type\" content=\"image\/jpeg\" \/>\n<meta name=\"twitter:card\" content=\"summary_large_image\" \/>\n<meta name=\"twitter:label1\" content=\"Est. reading time\" \/>\n\t<meta name=\"twitter:data1\" content=\"1 min\u016b\u0161u\" \/>\n<script type=\"application\/ld+json\" class=\"yoast-schema-graph\">{\"@context\":\"https:\/\/schema.org\",\"@graph\":[{\"@type\":\"WebPage\",\"@id\":\"https:\/\/hobstop.ee\/lv\/produkts\/udens-pudele-maped-picnik-adult-concept-500ml\/\",\"url\":\"https:\/\/hobstop.ee\/lv\/produkts\/udens-pudele-maped-picnik-adult-concept-500ml\/\",\"name\":\"\u016adens pudele Maped Picnik Adult Concept 500ml &#8211; Skizze\",\"isPartOf\":{\"@id\":\"https:\/\/hobstop.ee\/lv\/#website\"},\"primaryImageOfPage\":{\"@id\":\"https:\/\/hobstop.ee\/lv\/produkts\/udens-pudele-maped-picnik-adult-concept-500ml\/#primaryimage\"},\"image\":{\"@id\":\"https:\/\/hobstop.ee\/lv\/produkts\/udens-pudele-maped-picnik-adult-concept-500ml\/#primaryimage\"},\"thumbnailUrl\":\"https:\/\/hobstop.ee\/media\/4979.jpg\",\"datePublished\":\"2019-11-20T10:32:11+00:00\",\"dateModified\":\"2019-11-20T10:32:11+00:00\",\"breadcrumb\":{\"@id\":\"https:\/\/hobstop.ee\/lv\/produkts\/udens-pudele-maped-picnik-adult-concept-500ml\/#breadcrumb\"},\"inLanguage\":\"lv-LV\",\"potentialAction\":[{\"@type\":\"ReadAction\",\"target\":[\"https:\/\/hobstop.ee\/lv\/produkts\/udens-pudele-maped-picnik-adult-concept-500ml\/\"]}]},{\"@type\":\"ImageObject\",\"inLanguage\":\"lv-LV\",\"@id\":\"https:\/\/hobstop.ee\/lv\/produkts\/udens-pudele-maped-picnik-adult-concept-500ml\/#primaryimage\",\"url\":\"https:\/\/hobstop.ee\/media\/4979.jpg\",\"contentUrl\":\"https:\/\/hobstop.ee\/media\/4979.jpg\",\"width\":1024,\"height\":768},{\"@type\":\"BreadcrumbList\",\"@id\":\"https:\/\/hobstop.ee\/lv\/produkts\/udens-pudele-maped-picnik-adult-concept-500ml\/#breadcrumb\",\"itemListElement\":[{\"@type\":\"ListItem\",\"position\":1,\"name\":\"Avaleht\",\"item\":\"https:\/\/hobstop.ee\/lv\/\"},{\"@type\":\"ListItem\",\"position\":2,\"name\":\"Veikals\",\"item\":\"https:\/\/hobstop.ee\/lv\/veikals\/\"},{\"@type\":\"ListItem\",\"position\":3,\"name\":\"\u016adens pudele Maped Picnik Adult Concept 500ml\"}]},{\"@type\":\"WebSite\",\"@id\":\"https:\/\/hobstop.ee\/lv\/#website\",\"url\":\"https:\/\/hobstop.ee\/lv\/\",\"name\":\"Skizze\",\"description\":\"M\u0101kslas, hobiju un skolas preces\",\"publisher\":{\"@id\":\"https:\/\/hobstop.ee\/lv\/#organization\"},\"potentialAction\":[{\"@type\":\"SearchAction\",\"target\":{\"@type\":\"EntryPoint\",\"urlTemplate\":\"https:\/\/hobstop.ee\/lv\/?s={search_term_string}\"},\"query-input\":{\"@type\":\"PropertyValueSpecification\",\"valueRequired\":true,\"valueName\":\"search_term_string\"}}],\"inLanguage\":\"lv-LV\"},{\"@type\":\"Organization\",\"@id\":\"https:\/\/hobstop.ee\/lv\/#organization\",\"name\":\"Vunder AS\",\"url\":\"https:\/\/hobstop.ee\/lv\/\",\"logo\":{\"@type\":\"ImageObject\",\"inLanguage\":\"lv-LV\",\"@id\":\"https:\/\/hobstop.ee\/lv\/#\/schema\/logo\/image\/\",\"url\":\"https:\/\/hobstop.ee\/media\/vunder-logo.png\",\"contentUrl\":\"https:\/\/hobstop.ee\/media\/vunder-logo.png\",\"width\":127,\"height\":55,\"caption\":\"Vunder AS\"},\"image\":{\"@id\":\"https:\/\/hobstop.ee\/lv\/#\/schema\/logo\/image\/\"},\"sameAs\":[\"http:\/\/www.facebook.com\/VunderSkizze\"]}]}<\/script>\n<!-- \/ Yoast SEO plugin. -->","yoast_head_json":{"title":"\u016adens pudele Maped Picnik Adult Concept 500ml &#8211; Skizze","robots":{"index":"noindex","follow":"follow","max-snippet":"max-snippet:-1","max-image-preview":"max-image-preview:large","max-video-preview":"max-video-preview:-1"},"og_locale":"lv_LV","og_type":"article","og_title":"\u016adens pudele Maped Picnik Adult Concept 500ml &#8211; Skizze","og_description":"Maped ir izmantojis savas zin\u0101\u0161anas, izstr\u0101d\u0101jot un ra\u017eojot kvalitat\u012bvas skolas preces, lai rad\u012btu Maped Picnik &#8211; inovat\u012bvu b\u0113rnu dz\u0113rienu un \u0113dienu trauku kolekciju. Maped Picnik Adult pied\u0101v\u0101 pavad\u012bt p\u0101rtraukumu lieliski &#8211; iedvesmojies no galda m\u0101kslas. Maped Picnik Adult \u016bdens pude\u013cu kl\u0101st\u0101 ir unik\u0101la, 100% necaurlaid\u012bga padeves sist\u0113ma, kas p\u0113c lieto\u0161anas autom\u0101tiski nosl\u0113dzas. Izgatavota no tritan plastmasas: \u013coti iztur\u012bga un dzidra k\u0101 stikls. V\u0101ci\u0146u, kur\u0161 pasarg\u0101 pudeles kaklu, var izmantot k\u0101 kr\u016bz\u012bti. Maped Picnik Adult \u016bdens pudele ir \u013coti viegli t\u012br\u0101ma: to dr\u012bkst mazg\u0101t trauku mazg\u0101jam\u0101 ma\u0161\u012bna, tai ir liela atvere, bet uzgali var piln\u012bb\u0101 no\u0146emt, lai nodro\u0161in\u0101tu maksim\u0101lu mazg\u0101\u0161anas t\u012br\u012bbu. Maped Picnik Adult \u016bdens pudeles nesatur BPA un t\u0101s var mazg\u0101t trauku mazg\u0101jam\u0101 ma\u0161\u012bn\u0101. &#8211; 100% iztur\u012bba pret nopl\u016bdi un izl\u012b\u0161anu. &#8211; Pateicoties lielajai atverei, \u0113rti t\u012br\u0101ma Uzgali dzer\u0161anai var no\u0146emt, lai piln\u012bb\u0101 izmazg\u0101tu.","og_url":"https:\/\/hobstop.ee\/lv\/produkts\/udens-pudele-maped-picnik-adult-concept-500ml\/","og_site_name":"Skizze","article_publisher":"http:\/\/www.facebook.com\/VunderSkizze","og_image":[{"width":1024,"height":768,"url":"https:\/\/hobstop.ee\/media\/4979.jpg","type":"image\/jpeg"}],"twitter_card":"summary_large_image","twitter_misc":{"Est. reading time":"1 min\u016b\u0161u"},"schema":{"@context":"https:\/\/schema.org","@graph":[{"@type":"WebPage","@id":"https:\/\/hobstop.ee\/lv\/produkts\/udens-pudele-maped-picnik-adult-concept-500ml\/","url":"https:\/\/hobstop.ee\/lv\/produkts\/udens-pudele-maped-picnik-adult-concept-500ml\/","name":"\u016adens pudele Maped Picnik Adult Concept 500ml &#8211; Skizze","isPartOf":{"@id":"https:\/\/hobstop.ee\/lv\/#website"},"primaryImageOfPage":{"@id":"https:\/\/hobstop.ee\/lv\/produkts\/udens-pudele-maped-picnik-adult-concept-500ml\/#primaryimage"},"image":{"@id":"https:\/\/hobstop.ee\/lv\/produkts\/udens-pudele-maped-picnik-adult-concept-500ml\/#primaryimage"},"thumbnailUrl":"https:\/\/hobstop.ee\/media\/4979.jpg","datePublished":"2019-11-20T10:32:11+00:00","dateModified":"2019-11-20T10:32:11+00:00","breadcrumb":{"@id":"https:\/\/hobstop.ee\/lv\/produkts\/udens-pudele-maped-picnik-adult-concept-500ml\/#breadcrumb"},"inLanguage":"lv-LV","potentialAction":[{"@type":"ReadAction","target":["https:\/\/hobstop.ee\/lv\/produkts\/udens-pudele-maped-picnik-adult-concept-500ml\/"]}]},{"@type":"ImageObject","inLanguage":"lv-LV","@id":"https:\/\/hobstop.ee\/lv\/produkts\/udens-pudele-maped-picnik-adult-concept-500ml\/#primaryimage","url":"https:\/\/hobstop.ee\/media\/4979.jpg","contentUrl":"https:\/\/hobstop.ee\/media\/4979.jpg","width":1024,"height":768},{"@type":"BreadcrumbList","@id":"https:\/\/hobstop.ee\/lv\/produkts\/udens-pudele-maped-picnik-adult-concept-500ml\/#breadcrumb","itemListElement":[{"@type":"ListItem","position":1,"name":"Avaleht","item":"https:\/\/hobstop.ee\/lv\/"},{"@type":"ListItem","position":2,"name":"Veikals","item":"https:\/\/hobstop.ee\/lv\/veikals\/"},{"@type":"ListItem","position":3,"name":"\u016adens pudele Maped Picnik Adult Concept 500ml"}]},{"@type":"WebSite","@id":"https:\/\/hobstop.ee\/lv\/#website","url":"https:\/\/hobstop.ee\/lv\/","name":"Skizze","description":"M\u0101kslas, hobiju un skolas preces","publisher":{"@id":"https:\/\/hobstop.ee\/lv\/#organization"},"potentialAction":[{"@type":"SearchAction","target":{"@type":"EntryPoint","urlTemplate":"https:\/\/hobstop.ee\/lv\/?s={search_term_string}"},"query-input":{"@type":"PropertyValueSpecification","valueRequired":true,"valueName":"search_term_string"}}],"inLanguage":"lv-LV"},{"@type":"Organization","@id":"https:\/\/hobstop.ee\/lv\/#organization","name":"Vunder AS","url":"https:\/\/hobstop.ee\/lv\/","logo":{"@type":"ImageObject","inLanguage":"lv-LV","@id":"https:\/\/hobstop.ee\/lv\/#\/schema\/logo\/image\/","url":"https:\/\/hobstop.ee\/media\/vunder-logo.png","contentUrl":"https:\/\/hobstop.ee\/media\/vunder-logo.png","width":127,"height":55,"caption":"Vunder AS"},"image":{"@id":"https:\/\/hobstop.ee\/lv\/#\/schema\/logo\/image\/"},"sameAs":["http:\/\/www.facebook.com\/VunderSkizze"]}]}},"_links":{"self":[{"href":"https:\/\/hobstop.ee\/lv\/wp-json\/wp\/v2\/product\/339470","targetHints":{"allow":["GET"]}}],"collection":[{"href":"https:\/\/hobstop.ee\/lv\/wp-json\/wp\/v2\/product"}],"about":[{"href":"https:\/\/hobstop.ee\/lv\/wp-json\/wp\/v2\/types\/product"}],"replies":[{"embeddable":true,"href":"https:\/\/hobstop.ee\/lv\/wp-json\/wp\/v2\/comments?post=339470"}],"wp:featuredmedia":[{"embeddable":true,"href":"https:\/\/hobstop.ee\/lv\/wp-json\/wp\/v2\/media\/352943"}],"wp:attachment":[{"href":"https:\/\/hobstop.ee\/lv\/wp-json\/wp\/v2\/media?parent=339470"}],"wp:term":[{"taxonomy":"product_cat","embeddable":true,"href":"https:\/\/hobstop.ee\/lv\/wp-json\/wp\/v2\/product_cat?post=339470"},{"taxonomy":"product_tag","embeddable":true,"href":"https:\/\/hobstop.ee\/lv\/wp-json\/wp\/v2\/product_tag?post=339470"}],"curies":[{"name":"wp","href":"https:\/\/api.w.org\/{rel}","templated":true}]}}