{"id":339482,"date":"2019-11-20T12:32:44","date_gmt":"2019-11-20T10:32:49","guid":{"rendered":"https:\/\/sharks.ee\/vunder_2019\/product\/pusdienu-soma-maped-picnik-adult-concept\/"},"modified":"2019-11-20T12:32:49","modified_gmt":"2019-11-20T10:32:49","slug":"pusdienu-soma-maped-picnik-adult-concept","status":"publish","type":"product","link":"https:\/\/hobstop.ee\/lv\/produkts\/pusdienu-soma-maped-picnik-adult-concept\/","title":{"rendered":"Pusdienu soma Maped Picnik Adult Concept"},"content":{"rendered":"<p>Maped ir izmantojis savas zin\u0101\u0161anas, izstr\u0101d\u0101jot un ra\u017eojot kvalitat\u012bvas skolas preces, lai rad\u012btu Maped Picnik &#8211; inovat\u012bvu b\u0113rnu dz\u0113rienu un \u0113dienu trauku kolekciju. Maped Picnik Adult pied\u0101v\u0101 pavad\u012bt p\u0101rtraukumu lieliski &#8211; iedvesmojies no galda m\u0101kslas.<br \/>\nMaped Picnik Adult pusdienu k\u0101rba ir piln\u012bb\u0101 izol\u0113ta, lai uztur\u0113tu p\u0101rtiku svaigu un \u013cautu p\u0101rn\u0113s\u0101t horizont\u0101l\u0101 st\u0101vokl\u012b. Pietiekami daudz vietas iek\u0161pus\u0113, lai ievietotu \u016bdens pudeli un pusdienu k\u0101rbu. Viegli t\u012br\u012bt, t\u0101 k\u0101 to var piln\u012bb\u0101 atv\u0113rt un izslauc\u012bt. Komplekt\u0101 galda paliktnis &#8211; malt\u012btes baud\u012b\u0161anai pie galda. Ar no\u0146emamu siksni\u0146u un rokturi.<br \/>\n&#8211; Piln\u012bgi nosl\u0113dzama, lai saglab\u0101tu \u0113dienu svaigu.<br \/>\n&#8211; Piln\u012bb\u0101 atverama &#8211; viegli t\u012br\u012bt, noslaukot pamatni un iek\u0161pusi.<br \/>\n&#8211; Ar siksni\u0146u un rokturi.<br \/>\n&#8211; Komplekt\u0101 galda paliktnis &#8211; malt\u012btes baud\u012b\u0161anai pie galda.<br \/>\n&#8211; Pietiekami daudz vietas iek\u0161pus\u0113, lai ievietotu \u016bdens pudeli un pusdienu k\u0101rbu.<\/p>\n","protected":false},"excerpt":{"rendered":"<p>Maped ir izmantojis savas zin\u0101\u0161anas, izstr\u0101d\u0101jot un ra\u017eojot kvalitat\u012bvas skolas preces, lai rad\u012btu Maped Picnik &#8211; inovat\u012bvu b\u0113rnu dz\u0113rienu un \u0113dienu trauku kolekciju. Maped Picnik Adult pied\u0101v\u0101 pavad\u012bt p\u0101rtraukumu lieliski &#8211; iedvesmojies no galda m\u0101kslas. Maped Picnik Adult pusdienu k\u0101rba ir piln\u012bb\u0101 izol\u0113ta, lai uztur\u0113tu p\u0101rtiku svaigu un \u013cautu p\u0101rn\u0113s\u0101t horizont\u0101l\u0101 st\u0101vokl\u012b. Pietiekami daudz vietas iek\u0161pus\u0113, lai ievietotu \u016bdens pudeli un pusdienu k\u0101rbu. Viegli t\u012br\u012bt, t\u0101 k\u0101 to var piln\u012bb\u0101 atv\u0113rt un izslauc\u012bt. Komplekt\u0101 galda paliktnis &#8211; malt\u012btes baud\u012b\u0161anai pie galda. Ar no\u0146emamu siksni\u0146u un rokturi. &#8211; Piln\u012bgi nosl\u0113dzama, lai saglab\u0101tu \u0113dienu svaigu. &#8211; Piln\u012bb\u0101 atverama &#8211; viegli t\u012br\u012bt, noslaukot pamatni un iek\u0161pusi. &#8211; Ar siksni\u0146u un rokturi. &#8211; Komplekt\u0101 galda paliktnis &#8211; malt\u012btes baud\u012b\u0161anai pie galda. &#8211; Pietiekami daudz vietas iek\u0161pus\u0113, lai ievietotu \u016bdens pudeli un pusdienu k\u0101rbu.<\/p>\n","protected":false},"featured_media":352947,"comment_status":"closed","ping_status":"closed","template":"","meta":{"_acf_changed":false,"ep_exclude_from_search":false},"product_cat":[20361],"product_tag":[],"class_list":{"0":"post-339482","1":"product","2":"type-product","3":"status-publish","4":"has-post-thumbnail","6":"product_cat-maaramata","8":"first","9":"instock","10":"taxable","11":"shipping-taxable","12":"product-type-simple"},"acf":[],"yoast_head":"<!-- This site is optimized with the Yoast SEO plugin v24.1 - https:\/\/yoast.com\/wordpress\/plugins\/seo\/ -->\n<title>Pusdienu soma Maped Picnik Adult Concept &#8211; Skizze<\/title>\n<meta name=\"robots\" content=\"noindex, follow, max-snippet:-1, max-image-preview:large, max-video-preview:-1\" \/>\n<meta property=\"og:locale\" content=\"lv_LV\" \/>\n<meta property=\"og:type\" content=\"article\" \/>\n<meta property=\"og:title\" content=\"Pusdienu soma Maped Picnik Adult Concept &#8211; Skizze\" \/>\n<meta property=\"og:description\" content=\"Maped ir izmantojis savas zin\u0101\u0161anas, izstr\u0101d\u0101jot un ra\u017eojot kvalitat\u012bvas skolas preces, lai rad\u012btu Maped Picnik &#8211; inovat\u012bvu b\u0113rnu dz\u0113rienu un \u0113dienu trauku kolekciju. Maped Picnik Adult pied\u0101v\u0101 pavad\u012bt p\u0101rtraukumu lieliski &#8211; iedvesmojies no galda m\u0101kslas. Maped Picnik Adult pusdienu k\u0101rba ir piln\u012bb\u0101 izol\u0113ta, lai uztur\u0113tu p\u0101rtiku svaigu un \u013cautu p\u0101rn\u0113s\u0101t horizont\u0101l\u0101 st\u0101vokl\u012b. Pietiekami daudz vietas iek\u0161pus\u0113, lai ievietotu \u016bdens pudeli un pusdienu k\u0101rbu. Viegli t\u012br\u012bt, t\u0101 k\u0101 to var piln\u012bb\u0101 atv\u0113rt un izslauc\u012bt. Komplekt\u0101 galda paliktnis &#8211; malt\u012btes baud\u012b\u0161anai pie galda. Ar no\u0146emamu siksni\u0146u un rokturi. &#8211; Piln\u012bgi nosl\u0113dzama, lai saglab\u0101tu \u0113dienu svaigu. &#8211; Piln\u012bb\u0101 atverama &#8211; viegli t\u012br\u012bt, noslaukot pamatni un iek\u0161pusi. &#8211; Ar siksni\u0146u un rokturi. &#8211; Komplekt\u0101 galda paliktnis &#8211; malt\u012btes baud\u012b\u0161anai pie galda. &#8211; Pietiekami daudz vietas iek\u0161pus\u0113, lai ievietotu \u016bdens pudeli un pusdienu k\u0101rbu.\" \/>\n<meta property=\"og:url\" content=\"https:\/\/hobstop.ee\/lv\/produkts\/pusdienu-soma-maped-picnik-adult-concept\/\" \/>\n<meta property=\"og:site_name\" content=\"Skizze\" \/>\n<meta property=\"article:publisher\" content=\"http:\/\/www.facebook.com\/VunderSkizze\" \/>\n<meta property=\"og:image\" content=\"https:\/\/hobstop.ee\/media\/4982.jpg\" \/>\n\t<meta property=\"og:image:width\" content=\"1024\" \/>\n\t<meta property=\"og:image:height\" content=\"768\" \/>\n\t<meta property=\"og:image:type\" content=\"image\/jpeg\" \/>\n<meta name=\"twitter:card\" content=\"summary_large_image\" \/>\n<meta name=\"twitter:label1\" content=\"Est. reading time\" \/>\n\t<meta name=\"twitter:data1\" content=\"1 min\u016b\u0161u\" \/>\n<script type=\"application\/ld+json\" class=\"yoast-schema-graph\">{\"@context\":\"https:\/\/schema.org\",\"@graph\":[{\"@type\":\"WebPage\",\"@id\":\"https:\/\/hobstop.ee\/lv\/produkts\/pusdienu-soma-maped-picnik-adult-concept\/\",\"url\":\"https:\/\/hobstop.ee\/lv\/produkts\/pusdienu-soma-maped-picnik-adult-concept\/\",\"name\":\"Pusdienu soma Maped Picnik Adult Concept &#8211; Skizze\",\"isPartOf\":{\"@id\":\"https:\/\/www.hobstop.ee\/lv\/#website\"},\"primaryImageOfPage\":{\"@id\":\"https:\/\/hobstop.ee\/lv\/produkts\/pusdienu-soma-maped-picnik-adult-concept\/#primaryimage\"},\"image\":{\"@id\":\"https:\/\/hobstop.ee\/lv\/produkts\/pusdienu-soma-maped-picnik-adult-concept\/#primaryimage\"},\"thumbnailUrl\":\"https:\/\/hobstop.ee\/media\/4982.jpg\",\"datePublished\":\"2019-11-20T10:32:49+00:00\",\"dateModified\":\"2019-11-20T10:32:49+00:00\",\"breadcrumb\":{\"@id\":\"https:\/\/hobstop.ee\/lv\/produkts\/pusdienu-soma-maped-picnik-adult-concept\/#breadcrumb\"},\"inLanguage\":\"lv-LV\",\"potentialAction\":[{\"@type\":\"ReadAction\",\"target\":[\"https:\/\/hobstop.ee\/lv\/produkts\/pusdienu-soma-maped-picnik-adult-concept\/\"]}]},{\"@type\":\"ImageObject\",\"inLanguage\":\"lv-LV\",\"@id\":\"https:\/\/hobstop.ee\/lv\/produkts\/pusdienu-soma-maped-picnik-adult-concept\/#primaryimage\",\"url\":\"https:\/\/hobstop.ee\/media\/4982.jpg\",\"contentUrl\":\"https:\/\/hobstop.ee\/media\/4982.jpg\",\"width\":1024,\"height\":768},{\"@type\":\"BreadcrumbList\",\"@id\":\"https:\/\/hobstop.ee\/lv\/produkts\/pusdienu-soma-maped-picnik-adult-concept\/#breadcrumb\",\"itemListElement\":[{\"@type\":\"ListItem\",\"position\":1,\"name\":\"Avaleht\",\"item\":\"https:\/\/www.hobstop.ee\/lv\/\"},{\"@type\":\"ListItem\",\"position\":2,\"name\":\"Veikals\",\"item\":\"https:\/\/www.hobstop.ee\/lv\/veikals\/\"},{\"@type\":\"ListItem\",\"position\":3,\"name\":\"Pusdienu soma Maped Picnik Adult Concept\"}]},{\"@type\":\"WebSite\",\"@id\":\"https:\/\/www.hobstop.ee\/lv\/#website\",\"url\":\"https:\/\/www.hobstop.ee\/lv\/\",\"name\":\"Skizze\",\"description\":\"M\u0101kslas, hobiju un skolas preces\",\"publisher\":{\"@id\":\"https:\/\/www.hobstop.ee\/lv\/#organization\"},\"potentialAction\":[{\"@type\":\"SearchAction\",\"target\":{\"@type\":\"EntryPoint\",\"urlTemplate\":\"https:\/\/www.hobstop.ee\/lv\/?s={search_term_string}\"},\"query-input\":{\"@type\":\"PropertyValueSpecification\",\"valueRequired\":true,\"valueName\":\"search_term_string\"}}],\"inLanguage\":\"lv-LV\"},{\"@type\":\"Organization\",\"@id\":\"https:\/\/www.hobstop.ee\/lv\/#organization\",\"name\":\"Vunder AS\",\"url\":\"https:\/\/www.hobstop.ee\/lv\/\",\"logo\":{\"@type\":\"ImageObject\",\"inLanguage\":\"lv-LV\",\"@id\":\"https:\/\/www.hobstop.ee\/lv\/#\/schema\/logo\/image\/\",\"url\":\"https:\/\/hobstop.ee\/media\/vunder-logo.png\",\"contentUrl\":\"https:\/\/hobstop.ee\/media\/vunder-logo.png\",\"width\":127,\"height\":55,\"caption\":\"Vunder AS\"},\"image\":{\"@id\":\"https:\/\/www.hobstop.ee\/lv\/#\/schema\/logo\/image\/\"},\"sameAs\":[\"http:\/\/www.facebook.com\/VunderSkizze\"]}]}<\/script>\n<!-- \/ Yoast SEO plugin. -->","yoast_head_json":{"title":"Pusdienu soma Maped Picnik Adult Concept &#8211; Skizze","robots":{"index":"noindex","follow":"follow","max-snippet":"max-snippet:-1","max-image-preview":"max-image-preview:large","max-video-preview":"max-video-preview:-1"},"og_locale":"lv_LV","og_type":"article","og_title":"Pusdienu soma Maped Picnik Adult Concept &#8211; Skizze","og_description":"Maped ir izmantojis savas zin\u0101\u0161anas, izstr\u0101d\u0101jot un ra\u017eojot kvalitat\u012bvas skolas preces, lai rad\u012btu Maped Picnik &#8211; inovat\u012bvu b\u0113rnu dz\u0113rienu un \u0113dienu trauku kolekciju. Maped Picnik Adult pied\u0101v\u0101 pavad\u012bt p\u0101rtraukumu lieliski &#8211; iedvesmojies no galda m\u0101kslas. Maped Picnik Adult pusdienu k\u0101rba ir piln\u012bb\u0101 izol\u0113ta, lai uztur\u0113tu p\u0101rtiku svaigu un \u013cautu p\u0101rn\u0113s\u0101t horizont\u0101l\u0101 st\u0101vokl\u012b. Pietiekami daudz vietas iek\u0161pus\u0113, lai ievietotu \u016bdens pudeli un pusdienu k\u0101rbu. Viegli t\u012br\u012bt, t\u0101 k\u0101 to var piln\u012bb\u0101 atv\u0113rt un izslauc\u012bt. Komplekt\u0101 galda paliktnis &#8211; malt\u012btes baud\u012b\u0161anai pie galda. Ar no\u0146emamu siksni\u0146u un rokturi. &#8211; Piln\u012bgi nosl\u0113dzama, lai saglab\u0101tu \u0113dienu svaigu. &#8211; Piln\u012bb\u0101 atverama &#8211; viegli t\u012br\u012bt, noslaukot pamatni un iek\u0161pusi. &#8211; Ar siksni\u0146u un rokturi. &#8211; Komplekt\u0101 galda paliktnis &#8211; malt\u012btes baud\u012b\u0161anai pie galda. &#8211; Pietiekami daudz vietas iek\u0161pus\u0113, lai ievietotu \u016bdens pudeli un pusdienu k\u0101rbu.","og_url":"https:\/\/hobstop.ee\/lv\/produkts\/pusdienu-soma-maped-picnik-adult-concept\/","og_site_name":"Skizze","article_publisher":"http:\/\/www.facebook.com\/VunderSkizze","og_image":[{"width":1024,"height":768,"url":"https:\/\/hobstop.ee\/media\/4982.jpg","type":"image\/jpeg"}],"twitter_card":"summary_large_image","twitter_misc":{"Est. reading time":"1 min\u016b\u0161u"},"schema":{"@context":"https:\/\/schema.org","@graph":[{"@type":"WebPage","@id":"https:\/\/hobstop.ee\/lv\/produkts\/pusdienu-soma-maped-picnik-adult-concept\/","url":"https:\/\/hobstop.ee\/lv\/produkts\/pusdienu-soma-maped-picnik-adult-concept\/","name":"Pusdienu soma Maped Picnik Adult Concept &#8211; Skizze","isPartOf":{"@id":"https:\/\/www.hobstop.ee\/lv\/#website"},"primaryImageOfPage":{"@id":"https:\/\/hobstop.ee\/lv\/produkts\/pusdienu-soma-maped-picnik-adult-concept\/#primaryimage"},"image":{"@id":"https:\/\/hobstop.ee\/lv\/produkts\/pusdienu-soma-maped-picnik-adult-concept\/#primaryimage"},"thumbnailUrl":"https:\/\/hobstop.ee\/media\/4982.jpg","datePublished":"2019-11-20T10:32:49+00:00","dateModified":"2019-11-20T10:32:49+00:00","breadcrumb":{"@id":"https:\/\/hobstop.ee\/lv\/produkts\/pusdienu-soma-maped-picnik-adult-concept\/#breadcrumb"},"inLanguage":"lv-LV","potentialAction":[{"@type":"ReadAction","target":["https:\/\/hobstop.ee\/lv\/produkts\/pusdienu-soma-maped-picnik-adult-concept\/"]}]},{"@type":"ImageObject","inLanguage":"lv-LV","@id":"https:\/\/hobstop.ee\/lv\/produkts\/pusdienu-soma-maped-picnik-adult-concept\/#primaryimage","url":"https:\/\/hobstop.ee\/media\/4982.jpg","contentUrl":"https:\/\/hobstop.ee\/media\/4982.jpg","width":1024,"height":768},{"@type":"BreadcrumbList","@id":"https:\/\/hobstop.ee\/lv\/produkts\/pusdienu-soma-maped-picnik-adult-concept\/#breadcrumb","itemListElement":[{"@type":"ListItem","position":1,"name":"Avaleht","item":"https:\/\/www.hobstop.ee\/lv\/"},{"@type":"ListItem","position":2,"name":"Veikals","item":"https:\/\/www.hobstop.ee\/lv\/veikals\/"},{"@type":"ListItem","position":3,"name":"Pusdienu soma Maped Picnik Adult Concept"}]},{"@type":"WebSite","@id":"https:\/\/www.hobstop.ee\/lv\/#website","url":"https:\/\/www.hobstop.ee\/lv\/","name":"Skizze","description":"M\u0101kslas, hobiju un skolas preces","publisher":{"@id":"https:\/\/www.hobstop.ee\/lv\/#organization"},"potentialAction":[{"@type":"SearchAction","target":{"@type":"EntryPoint","urlTemplate":"https:\/\/www.hobstop.ee\/lv\/?s={search_term_string}"},"query-input":{"@type":"PropertyValueSpecification","valueRequired":true,"valueName":"search_term_string"}}],"inLanguage":"lv-LV"},{"@type":"Organization","@id":"https:\/\/www.hobstop.ee\/lv\/#organization","name":"Vunder AS","url":"https:\/\/www.hobstop.ee\/lv\/","logo":{"@type":"ImageObject","inLanguage":"lv-LV","@id":"https:\/\/www.hobstop.ee\/lv\/#\/schema\/logo\/image\/","url":"https:\/\/hobstop.ee\/media\/vunder-logo.png","contentUrl":"https:\/\/hobstop.ee\/media\/vunder-logo.png","width":127,"height":55,"caption":"Vunder AS"},"image":{"@id":"https:\/\/www.hobstop.ee\/lv\/#\/schema\/logo\/image\/"},"sameAs":["http:\/\/www.facebook.com\/VunderSkizze"]}]}},"_links":{"self":[{"href":"https:\/\/hobstop.ee\/lv\/wp-json\/wp\/v2\/product\/339482","targetHints":{"allow":["GET"]}}],"collection":[{"href":"https:\/\/hobstop.ee\/lv\/wp-json\/wp\/v2\/product"}],"about":[{"href":"https:\/\/hobstop.ee\/lv\/wp-json\/wp\/v2\/types\/product"}],"replies":[{"embeddable":true,"href":"https:\/\/hobstop.ee\/lv\/wp-json\/wp\/v2\/comments?post=339482"}],"wp:featuredmedia":[{"embeddable":true,"href":"https:\/\/hobstop.ee\/lv\/wp-json\/wp\/v2\/media\/352947"}],"wp:attachment":[{"href":"https:\/\/hobstop.ee\/lv\/wp-json\/wp\/v2\/media?parent=339482"}],"wp:term":[{"taxonomy":"product_cat","embeddable":true,"href":"https:\/\/hobstop.ee\/lv\/wp-json\/wp\/v2\/product_cat?post=339482"},{"taxonomy":"product_tag","embeddable":true,"href":"https:\/\/hobstop.ee\/lv\/wp-json\/wp\/v2\/product_tag?post=339482"}],"curies":[{"name":"wp","href":"https:\/\/api.w.org\/{rel}","templated":true}]}}