{"id":339490,"date":"2019-11-20T12:33:10","date_gmt":"2019-11-20T10:33:16","guid":{"rendered":"https:\/\/sharks.ee\/vunder_2019\/product\/putuplasts-kapa-line\/"},"modified":"2019-11-20T12:33:16","modified_gmt":"2019-11-20T10:33:16","slug":"putuplasts-kapa-line","status":"publish","type":"product","link":"https:\/\/hobstop.ee\/lv\/produkts\/putuplasts-kapa-line\/","title":{"rendered":"Putuplasts Kapa Line"},"content":{"rendered":"<p>Kapa Line ir putuplasta kompoz\u012btplate ar gludu, mat\u0113tu, baltu virsmu. No ab\u0101m pus\u0113m p\u0101rkl\u0101ts ar kartonu, kas padara to stingr\u0101ku un stabil\u0101ku. Tas ir viegls, ar labu ciet\u012bbas pak\u0101pi un to ir viegli apstr\u0101d\u0101t. Piem\u0113rots sietspiedei, \u0161tanc\u0113\u0161anai, noform\u0113\u0161anai, model\u0113\u0161anai utt.<\/p>\n","protected":false},"excerpt":{"rendered":"<p>Kapa Line ir putuplasta kompoz\u012btplate ar gludu, mat\u0113tu, baltu virsmu. No ab\u0101m pus\u0113m p\u0101rkl\u0101ts ar kartonu, kas padara to stingr\u0101ku un stabil\u0101ku. Tas ir viegls, ar labu ciet\u012bbas pak\u0101pi un to ir viegli apstr\u0101d\u0101t. Piem\u0113rots sietspiedei, \u0161tanc\u0113\u0161anai, noform\u0113\u0161anai, model\u0113\u0161anai utt.<\/p>\n","protected":false},"featured_media":353251,"comment_status":"closed","ping_status":"closed","template":"","meta":{"_acf_changed":false,"ep_exclude_from_search":false},"product_cat":[20361],"product_tag":[],"class_list":{"0":"post-339490","1":"product","2":"type-product","3":"status-publish","4":"has-post-thumbnail","6":"product_cat-maaramata","8":"first","9":"instock","10":"taxable","11":"shipping-taxable","12":"product-type-simple"},"acf":[],"yoast_head":"<!-- This site is optimized with the Yoast SEO plugin v24.1 - https:\/\/yoast.com\/wordpress\/plugins\/seo\/ -->\n<title>Putuplasts Kapa Line &#8211; Skizze<\/title>\n<meta name=\"robots\" content=\"noindex, follow, max-snippet:-1, max-image-preview:large, max-video-preview:-1\" \/>\n<meta property=\"og:locale\" content=\"lv_LV\" \/>\n<meta property=\"og:type\" content=\"article\" \/>\n<meta property=\"og:title\" content=\"Putuplasts Kapa Line &#8211; Skizze\" \/>\n<meta property=\"og:description\" content=\"Kapa Line ir putuplasta kompoz\u012btplate ar gludu, mat\u0113tu, baltu virsmu. No ab\u0101m pus\u0113m p\u0101rkl\u0101ts ar kartonu, kas padara to stingr\u0101ku un stabil\u0101ku. Tas ir viegls, ar labu ciet\u012bbas pak\u0101pi un to ir viegli apstr\u0101d\u0101t. Piem\u0113rots sietspiedei, \u0161tanc\u0113\u0161anai, noform\u0113\u0161anai, model\u0113\u0161anai utt.\" \/>\n<meta property=\"og:url\" content=\"https:\/\/hobstop.ee\/lv\/produkts\/putuplasts-kapa-line\/\" \/>\n<meta property=\"og:site_name\" content=\"Skizze\" \/>\n<meta property=\"article:publisher\" content=\"http:\/\/www.facebook.com\/VunderSkizze\" \/>\n<meta property=\"og:image\" content=\"https:\/\/hobstop.ee\/media\/5015.jpg\" \/>\n\t<meta property=\"og:image:width\" content=\"1024\" \/>\n\t<meta property=\"og:image:height\" content=\"768\" \/>\n\t<meta property=\"og:image:type\" content=\"image\/jpeg\" \/>\n<meta name=\"twitter:card\" content=\"summary_large_image\" \/>\n<script type=\"application\/ld+json\" class=\"yoast-schema-graph\">{\"@context\":\"https:\/\/schema.org\",\"@graph\":[{\"@type\":\"WebPage\",\"@id\":\"https:\/\/hobstop.ee\/lv\/produkts\/putuplasts-kapa-line\/\",\"url\":\"https:\/\/hobstop.ee\/lv\/produkts\/putuplasts-kapa-line\/\",\"name\":\"Putuplasts Kapa Line &#8211; Skizze\",\"isPartOf\":{\"@id\":\"https:\/\/hobstop.ee\/lv\/#website\"},\"primaryImageOfPage\":{\"@id\":\"https:\/\/hobstop.ee\/lv\/produkts\/putuplasts-kapa-line\/#primaryimage\"},\"image\":{\"@id\":\"https:\/\/hobstop.ee\/lv\/produkts\/putuplasts-kapa-line\/#primaryimage\"},\"thumbnailUrl\":\"https:\/\/hobstop.ee\/media\/5015.jpg\",\"datePublished\":\"2019-11-20T10:33:16+00:00\",\"dateModified\":\"2019-11-20T10:33:16+00:00\",\"breadcrumb\":{\"@id\":\"https:\/\/hobstop.ee\/lv\/produkts\/putuplasts-kapa-line\/#breadcrumb\"},\"inLanguage\":\"lv-LV\",\"potentialAction\":[{\"@type\":\"ReadAction\",\"target\":[\"https:\/\/hobstop.ee\/lv\/produkts\/putuplasts-kapa-line\/\"]}]},{\"@type\":\"ImageObject\",\"inLanguage\":\"lv-LV\",\"@id\":\"https:\/\/hobstop.ee\/lv\/produkts\/putuplasts-kapa-line\/#primaryimage\",\"url\":\"https:\/\/hobstop.ee\/media\/5015.jpg\",\"contentUrl\":\"https:\/\/hobstop.ee\/media\/5015.jpg\",\"width\":1024,\"height\":768},{\"@type\":\"BreadcrumbList\",\"@id\":\"https:\/\/hobstop.ee\/lv\/produkts\/putuplasts-kapa-line\/#breadcrumb\",\"itemListElement\":[{\"@type\":\"ListItem\",\"position\":1,\"name\":\"Avaleht\",\"item\":\"https:\/\/www.hobstop.ee\/lv\/\"},{\"@type\":\"ListItem\",\"position\":2,\"name\":\"Veikals\",\"item\":\"https:\/\/www.hobstop.ee\/lv\/veikals\/\"},{\"@type\":\"ListItem\",\"position\":3,\"name\":\"Putuplasts Kapa Line\"}]},{\"@type\":\"WebSite\",\"@id\":\"https:\/\/hobstop.ee\/lv\/#website\",\"url\":\"https:\/\/hobstop.ee\/lv\/\",\"name\":\"Skizze\",\"description\":\"M\u0101kslas, hobiju un skolas preces\",\"publisher\":{\"@id\":\"https:\/\/hobstop.ee\/lv\/#organization\"},\"potentialAction\":[{\"@type\":\"SearchAction\",\"target\":{\"@type\":\"EntryPoint\",\"urlTemplate\":\"https:\/\/hobstop.ee\/lv\/?s={search_term_string}\"},\"query-input\":{\"@type\":\"PropertyValueSpecification\",\"valueRequired\":true,\"valueName\":\"search_term_string\"}}],\"inLanguage\":\"lv-LV\"},{\"@type\":\"Organization\",\"@id\":\"https:\/\/hobstop.ee\/lv\/#organization\",\"name\":\"Vunder AS\",\"url\":\"https:\/\/hobstop.ee\/lv\/\",\"logo\":{\"@type\":\"ImageObject\",\"inLanguage\":\"lv-LV\",\"@id\":\"https:\/\/hobstop.ee\/lv\/#\/schema\/logo\/image\/\",\"url\":\"https:\/\/hobstop.ee\/media\/vunder-logo.png\",\"contentUrl\":\"https:\/\/hobstop.ee\/media\/vunder-logo.png\",\"width\":127,\"height\":55,\"caption\":\"Vunder AS\"},\"image\":{\"@id\":\"https:\/\/hobstop.ee\/lv\/#\/schema\/logo\/image\/\"},\"sameAs\":[\"http:\/\/www.facebook.com\/VunderSkizze\"]}]}<\/script>\n<!-- \/ Yoast SEO plugin. -->","yoast_head_json":{"title":"Putuplasts Kapa Line &#8211; Skizze","robots":{"index":"noindex","follow":"follow","max-snippet":"max-snippet:-1","max-image-preview":"max-image-preview:large","max-video-preview":"max-video-preview:-1"},"og_locale":"lv_LV","og_type":"article","og_title":"Putuplasts Kapa Line &#8211; Skizze","og_description":"Kapa Line ir putuplasta kompoz\u012btplate ar gludu, mat\u0113tu, baltu virsmu. No ab\u0101m pus\u0113m p\u0101rkl\u0101ts ar kartonu, kas padara to stingr\u0101ku un stabil\u0101ku. Tas ir viegls, ar labu ciet\u012bbas pak\u0101pi un to ir viegli apstr\u0101d\u0101t. Piem\u0113rots sietspiedei, \u0161tanc\u0113\u0161anai, noform\u0113\u0161anai, model\u0113\u0161anai utt.","og_url":"https:\/\/hobstop.ee\/lv\/produkts\/putuplasts-kapa-line\/","og_site_name":"Skizze","article_publisher":"http:\/\/www.facebook.com\/VunderSkizze","og_image":[{"width":1024,"height":768,"url":"https:\/\/hobstop.ee\/media\/5015.jpg","type":"image\/jpeg"}],"twitter_card":"summary_large_image","schema":{"@context":"https:\/\/schema.org","@graph":[{"@type":"WebPage","@id":"https:\/\/hobstop.ee\/lv\/produkts\/putuplasts-kapa-line\/","url":"https:\/\/hobstop.ee\/lv\/produkts\/putuplasts-kapa-line\/","name":"Putuplasts Kapa Line &#8211; Skizze","isPartOf":{"@id":"https:\/\/hobstop.ee\/lv\/#website"},"primaryImageOfPage":{"@id":"https:\/\/hobstop.ee\/lv\/produkts\/putuplasts-kapa-line\/#primaryimage"},"image":{"@id":"https:\/\/hobstop.ee\/lv\/produkts\/putuplasts-kapa-line\/#primaryimage"},"thumbnailUrl":"https:\/\/hobstop.ee\/media\/5015.jpg","datePublished":"2019-11-20T10:33:16+00:00","dateModified":"2019-11-20T10:33:16+00:00","breadcrumb":{"@id":"https:\/\/hobstop.ee\/lv\/produkts\/putuplasts-kapa-line\/#breadcrumb"},"inLanguage":"lv-LV","potentialAction":[{"@type":"ReadAction","target":["https:\/\/hobstop.ee\/lv\/produkts\/putuplasts-kapa-line\/"]}]},{"@type":"ImageObject","inLanguage":"lv-LV","@id":"https:\/\/hobstop.ee\/lv\/produkts\/putuplasts-kapa-line\/#primaryimage","url":"https:\/\/hobstop.ee\/media\/5015.jpg","contentUrl":"https:\/\/hobstop.ee\/media\/5015.jpg","width":1024,"height":768},{"@type":"BreadcrumbList","@id":"https:\/\/hobstop.ee\/lv\/produkts\/putuplasts-kapa-line\/#breadcrumb","itemListElement":[{"@type":"ListItem","position":1,"name":"Avaleht","item":"https:\/\/www.hobstop.ee\/lv\/"},{"@type":"ListItem","position":2,"name":"Veikals","item":"https:\/\/www.hobstop.ee\/lv\/veikals\/"},{"@type":"ListItem","position":3,"name":"Putuplasts Kapa Line"}]},{"@type":"WebSite","@id":"https:\/\/hobstop.ee\/lv\/#website","url":"https:\/\/hobstop.ee\/lv\/","name":"Skizze","description":"M\u0101kslas, hobiju un skolas preces","publisher":{"@id":"https:\/\/hobstop.ee\/lv\/#organization"},"potentialAction":[{"@type":"SearchAction","target":{"@type":"EntryPoint","urlTemplate":"https:\/\/hobstop.ee\/lv\/?s={search_term_string}"},"query-input":{"@type":"PropertyValueSpecification","valueRequired":true,"valueName":"search_term_string"}}],"inLanguage":"lv-LV"},{"@type":"Organization","@id":"https:\/\/hobstop.ee\/lv\/#organization","name":"Vunder AS","url":"https:\/\/hobstop.ee\/lv\/","logo":{"@type":"ImageObject","inLanguage":"lv-LV","@id":"https:\/\/hobstop.ee\/lv\/#\/schema\/logo\/image\/","url":"https:\/\/hobstop.ee\/media\/vunder-logo.png","contentUrl":"https:\/\/hobstop.ee\/media\/vunder-logo.png","width":127,"height":55,"caption":"Vunder AS"},"image":{"@id":"https:\/\/hobstop.ee\/lv\/#\/schema\/logo\/image\/"},"sameAs":["http:\/\/www.facebook.com\/VunderSkizze"]}]}},"_links":{"self":[{"href":"https:\/\/hobstop.ee\/lv\/wp-json\/wp\/v2\/product\/339490","targetHints":{"allow":["GET"]}}],"collection":[{"href":"https:\/\/hobstop.ee\/lv\/wp-json\/wp\/v2\/product"}],"about":[{"href":"https:\/\/hobstop.ee\/lv\/wp-json\/wp\/v2\/types\/product"}],"replies":[{"embeddable":true,"href":"https:\/\/hobstop.ee\/lv\/wp-json\/wp\/v2\/comments?post=339490"}],"wp:featuredmedia":[{"embeddable":true,"href":"https:\/\/hobstop.ee\/lv\/wp-json\/wp\/v2\/media\/353251"}],"wp:attachment":[{"href":"https:\/\/hobstop.ee\/lv\/wp-json\/wp\/v2\/media?parent=339490"}],"wp:term":[{"taxonomy":"product_cat","embeddable":true,"href":"https:\/\/hobstop.ee\/lv\/wp-json\/wp\/v2\/product_cat?post=339490"},{"taxonomy":"product_tag","embeddable":true,"href":"https:\/\/hobstop.ee\/lv\/wp-json\/wp\/v2\/product_tag?post=339490"}],"curies":[{"name":"wp","href":"https:\/\/api.w.org\/{rel}","templated":true}]}}